{"id":1089790,"date":"2024-03-28T19:47:55","date_gmt":"2024-03-28T18:47:55","guid":{"rendered":"https:\/\/positiveprints.com\/?post_type=product&#038;p=1089790"},"modified":"2026-04-28T13:53:45","modified_gmt":"2026-04-28T12:53:45","slug":"mama-bizuteria-line-art","status":"publish","type":"product","link":"https:\/\/positiveprints.com\/pl\/produkt\/mama-bizuteria-line-art\/","title":{"rendered":"Mama Bi\u017cuteria Line Art"},"content":{"rendered":"<p>Uczcij mi\u0142o\u015b\u0107 i po\u015bwi\u0119cenie swojej Mamy dzi\u0119ki naszym produktom Mama Bi\u017cuteria Line Art. Przekszta\u0142\u0107 cenne wspomnienie w ponadczasowe personalizowane dzie\u0142o sztuki, honoruj\u0105c si\u0142\u0119 i opieku\u0144czego ducha swojej Mamy. Nasi wykwalifikowani arty\u015bci delikatnie r\u0119cznie rysuj\u0105 ka\u017cdy szczeg\u00f3\u0142, tworz\u0105c unikaln\u0105 reprezentacj\u0119, kt\u00f3ra odzwierciedla mi\u0142o\u015b\u0107 i trosk\u0119, jak\u0105 ona zapewnia.<\/p>\n\n\n\n<h2>Prosty trzyetapowy proces:<\/h2>\n\n\n\n<p>Nasz intuicyjny kreator pozwala spersonalizowa\u0107 produkt Mama Bi\u017cuteria Line Art w trzech prostych krokach. Wy\u015bwietl podgl\u0105d projektu na ka\u017cdym etapie, aby upewni\u0107 si\u0119, \u017ce doskonale oddaje esencj\u0119 Twojej mi\u0142o\u015bci i wdzi\u0119czno\u015bci. Wybierz dat\u0119, miejsce i personalizuj, aby stworzy\u0107 cenn\u0105 pami\u0105tk\u0119.<\/p>\n\n\n\n<ol>\n\n<li>Wybierz styl i kolory: <\/li>\n\n<p>Wybierz styl i kolory, kt\u00f3re odzwierciedlaj\u0105 mi\u0142o\u015b\u0107 i opieku\u0144czego ducha Twojej ukochanej Mamy.<\/p>\n\n\n\n<li>Prze\u015blij wyj\u0105tkowe zdj\u0119cie swojej Mamy: <\/li>\n\n<p>Udost\u0119pnij zdj\u0119cie, kt\u00f3re oddaje si\u0142\u0119 i mi\u0142o\u015b\u0107, jak\u0105 uosabia Twoja Mama. Nasi arty\u015bci skrupulatnie r\u0119cznie narysuj\u0105 grafik\u0119, zapewniaj\u0105c, \u017ce uchwyci ona jej wyj\u0105tkow\u0105 osobowo\u015b\u0107.<\/p>\n\n\n\n<li>Dodaj personalizowan\u0105 wiadomo\u015b\u0107 i sfinalizuj: <\/li>\n\n<p>Wzboga\u0107 sw\u00f3j projekt Mama Bi\u017cuteria Line Art o wzruszaj\u0105c\u0105 wiadomo\u015b\u0107. Nasz zesp\u00f3\u0142 obs\u0142ugi klienta potwierdzi Twoje zam\u00f3wienie, a po jego zako\u0144czeniu otrzymasz cyfrowy podgl\u0105d do przejrzenia. Twoja satysfakcja ma znaczenie, wi\u0119c mo\u017cesz poprosi\u0107 o dwie poprawki. Po zatwierdzeniu, Twoje personalizowane arcydzie\u0142o zostanie wykonane i dostarczone, honoruj\u0105c szczeg\u00f3ln\u0105 wi\u0119\u017a mi\u0119dzy Tob\u0105 a Twoj\u0105 Mam\u0105.<\/p>\n\n<\/ol>\n\n\n\n<h2>Uczcij wyj\u0105tkow\u0105 wi\u0119\u017a produktem Mama Bi\u017cuteria Line Art<\/h2>\n\n\n\n<p>Uczcij mi\u0142o\u015b\u0107, po\u015bwi\u0119cenie i trwa\u0142\u0105 wi\u0119\u017a produktem Mama Bi\u017cuteria Line Art &#8211; idealnym prezentem, aby wyrazi\u0107 wdzi\u0119czno\u015b\u0107 i stworzy\u0107 trwa\u0142e wspomnienia. Zam\u00f3w teraz i uczcij swoj\u0105 Mam\u0119 personalizowanym arcydzie\u0142em, kt\u00f3re oddaje istot\u0119 jej niezachwianej mi\u0142o\u015bci.<\/p>\n\n\n\n<p>Personalizowana bi\u017cuteria jest dostarczana w eleganckim pude\u0142ku, wraz z instrukcjami piel\u0119gnacji i specjaln\u0105 \u015bciereczk\u0105 do czyszczenia, uosabiaj\u0105c nasze zaanga\u017cowanie w dostarczanie nie tylko bi\u017cuterii, ale tak\u017ce cennego do\u015bwiadczenia. Prze\u015blij zdj\u0119cie swojej Mamy, aby stworzy\u0107 unikaln\u0105 grafik\u0119 z przodu wisiorka &#8211; pi\u0119kn\u0105 pami\u0105tk\u0119 wyj\u0105tkowej chwili. Z ty\u0142u mo\u017cna wygrawerowa\u0107 wzruszaj\u0105c\u0105 wiadomo\u015b\u0107, nadaj\u0105c\u0105 g\u0142\u0119bszego znaczenia.<\/p>","protected":false},"excerpt":{"rendered":"<ul class=\"check-list\">\n<li>Niech zdj\u0119cie Twojej Mamy stanie si\u0119 inspiracj\u0105 do graweru, kt\u00f3ry ozdobi wyj\u0105tkow\u0105 bi\u017cuteri\u0119<\/li>\n<li>Nasza bi\u017cuteria jest grawerowana laserowo i polerowana r\u0119cznie. Grawer wykonujemy na najwy\u017cszej jako\u015bci srebrze<\/li>\n<li>Dodaj dedykacj\u0119 prosto z serca<\/li>\n<li>Zaprojektuj w 2 minuty<\/li>\n<li>Podgl\u0105d projektu na ka\u017cdym etapie pozwoli Ci dopracowa\u0107 ka\u017cdy detal<\/li>\n<\/ul>\n","protected":false},"featured_media":1534661,"template":"","meta":[],"product_brand":[],"product_cat":[9255,99,7328,5271,11414,7706],"product_tag":[9316,13392,12618,13393,12619,9331,8407,13394,13395,15561,9339,12621,15543,11819,9356],"class_list":{"0":"post-1089790","1":"product","2":"type-product","3":"status-publish","4":"has-post-thumbnail","6":"product_cat-jewelry-pl","7":"product_cat-wszystkie-produkty","8":"product_cat-prezenty-na-dzien-matki","9":"product_cat-prezent-na-boze-narodzenie","10":"product_cat-prezenty-pod-choinke-dla-mamy","11":"product_cat-prezent-dla-mamy","12":"product_tag-lancuszek","13":"product_tag-mam-pl","14":"product_tag-mama-pl","15":"product_tag-mammy-pl","16":"product_tag-mamusia","17":"product_tag-medalion","18":"product_tag-mother-pl","19":"product_tag-mum-pl","20":"product_tag-mummy-pl","21":"product_tag-najlepsza-mama","22":"product_tag-naszyjnik","23":"product_tag-prezent-dla-mamy","24":"product_tag-prezent-dla-mamy-pl","25":"product_tag-prezenty-pod-choinke-dla-mamy","26":"product_tag-wisiorek","28":"first","29":"instock","30":"sale","31":"taxable","32":"shipping-taxable","33":"purchasable","34":"product-type-variable"},"yoast_head":"<!-- This site is optimized with the Yoast SEO Premium plugin v27.2 (Yoast SEO v27.2) - https:\/\/yoast.com\/product\/yoast-seo-premium-wordpress\/ -->\n<title>Mama Bi\u017cuteria Line Art - Positive Prints<\/title>\n<meta name=\"description\" content=\"Spersonalizowany naszyjnik stworzony z my\u015bl\u0105 o mamie \u2013 symbol mi\u0142o\u015bci, wdzi\u0119czno\u015bci i si\u0142y, kt\u00f3ry zostanie z ni\u0105 na zawsze.\" \/>\n<meta name=\"robots\" content=\"index, follow, max-snippet:-1, max-image-preview:large, max-video-preview:-1\" \/>\n<link rel=\"canonical\" href=\"https:\/\/positiveprints.com\/pl\/produkt\/mama-bizuteria-line-art\/\" \/>\n<meta property=\"og:locale\" content=\"pl_PL\" \/>\n<meta property=\"og:type\" content=\"article\" \/>\n<meta property=\"og:title\" content=\"Mama Bi\u017cuteria Line Art\" \/>\n<meta property=\"og:description\" content=\"Niech zdj\u0119cie Twojej Mamy stanie si\u0119 inspiracj\u0105 do graweru, kt\u00f3ry ozdobi wyj\u0105tkow\u0105 bi\u017cuteri\u0119 Nasza bi\u017cuteria jest grawerowana laserowo i polerowana r\u0119cznie. Grawer wykonujemy na najwy\u017cszej jako\u015bci srebrze Dodaj dedykacj\u0119 prosto z serca Zaprojektuj w 2 minuty Podgl\u0105d projektu na ka\u017cdym etapie pozwoli Ci dopracowa\u0107 ka\u017cdy detal\" \/>\n<meta property=\"og:url\" content=\"https:\/\/positiveprints.com\/pl\/produkt\/mama-bizuteria-line-art\/\" \/>\n<meta property=\"og:site_name\" content=\"Positive Prints\" \/>\n<meta property=\"article:publisher\" content=\"https:\/\/www.facebook.com\/positiveprintscom\" \/>\n<meta property=\"article:modified_time\" content=\"2026-04-28T12:53:45+00:00\" \/>\n<meta property=\"og:image\" content=\"https:\/\/positiveprints.com\/wp-content\/uploads\/2025\/10\/MAIN_PL_Mama-Biz\u0307uteria-Line-Art.webp\" \/>\n\t<meta property=\"og:image:width\" content=\"2500\" \/>\n\t<meta property=\"og:image:height\" content=\"2500\" \/>\n\t<meta property=\"og:image:type\" content=\"image\/webp\" \/>\n<meta name=\"twitter:card\" content=\"summary_large_image\" \/>\n<!-- \/ Yoast SEO Premium plugin. -->","yoast_head_json":{"title":"Mama Bi\u017cuteria Line Art - Positive Prints","description":"Spersonalizowany naszyjnik stworzony z my\u015bl\u0105 o mamie \u2013 symbol mi\u0142o\u015bci, wdzi\u0119czno\u015bci i si\u0142y, kt\u00f3ry zostanie z ni\u0105 na zawsze.","robots":{"index":"index","follow":"follow","max-snippet":"max-snippet:-1","max-image-preview":"max-image-preview:large","max-video-preview":"max-video-preview:-1"},"canonical":"https:\/\/positiveprints.com\/pl\/produkt\/mama-bizuteria-line-art\/","og_locale":"pl_PL","og_type":"article","og_title":"Mama Bi\u017cuteria Line Art","og_description":"Niech zdj\u0119cie Twojej Mamy stanie si\u0119 inspiracj\u0105 do graweru, kt\u00f3ry ozdobi wyj\u0105tkow\u0105 bi\u017cuteri\u0119 Nasza bi\u017cuteria jest grawerowana laserowo i polerowana r\u0119cznie. Grawer wykonujemy na najwy\u017cszej jako\u015bci srebrze Dodaj dedykacj\u0119 prosto z serca Zaprojektuj w 2 minuty Podgl\u0105d projektu na ka\u017cdym etapie pozwoli Ci dopracowa\u0107 ka\u017cdy detal","og_url":"https:\/\/positiveprints.com\/pl\/produkt\/mama-bizuteria-line-art\/","og_site_name":"Positive Prints","article_publisher":"https:\/\/www.facebook.com\/positiveprintscom","article_modified_time":"2026-04-28T12:53:45+00:00","og_image":[{"width":2500,"height":2500,"url":"https:\/\/positiveprints.com\/wp-content\/uploads\/2025\/10\/MAIN_PL_Mama-Biz\u0307uteria-Line-Art.webp","type":"image\/webp"}],"twitter_card":"summary_large_image","schema":{"@context":"https:\/\/schema.org","@graph":[{"@type":["WebPage","ItemPage"],"@id":"https:\/\/positiveprints.com\/pl\/produkt\/mama-bizuteria-line-art\/","url":"https:\/\/positiveprints.com\/pl\/produkt\/mama-bizuteria-line-art\/","name":"Mama Bi\u017cuteria Line Art - Positive Prints","isPartOf":{"@id":"https:\/\/positiveprints.com\/pl\/#website"},"primaryImageOfPage":{"@id":"https:\/\/positiveprints.com\/pl\/produkt\/mama-bizuteria-line-art\/#primaryimage"},"image":{"@id":"https:\/\/positiveprints.com\/pl\/produkt\/mama-bizuteria-line-art\/#primaryimage"},"thumbnailUrl":"https:\/\/positiveprints.com\/wp-content\/uploads\/2025\/10\/MAIN_PL_Mama-Biz\u0307uteria-Line-Art.webp","datePublished":"2024-03-28T18:47:55+00:00","dateModified":"2026-04-28T12:53:45+00:00","description":"Spersonalizowany naszyjnik stworzony z my\u015bl\u0105 o mamie \u2013 symbol mi\u0142o\u015bci, wdzi\u0119czno\u015bci i si\u0142y, kt\u00f3ry zostanie z ni\u0105 na zawsze.","breadcrumb":{"@id":"https:\/\/positiveprints.com\/pl\/produkt\/mama-bizuteria-line-art\/#breadcrumb"},"inLanguage":"pl-PL","potentialAction":[{"@type":"ReadAction","target":["https:\/\/positiveprints.com\/pl\/produkt\/mama-bizuteria-line-art\/"]}]},{"@type":"ImageObject","inLanguage":"pl-PL","@id":"https:\/\/positiveprints.com\/pl\/produkt\/mama-bizuteria-line-art\/#primaryimage","url":"https:\/\/positiveprints.com\/wp-content\/uploads\/2025\/10\/MAIN_PL_Mama-Biz\u0307uteria-Line-Art.webp","contentUrl":"https:\/\/positiveprints.com\/wp-content\/uploads\/2025\/10\/MAIN_PL_Mama-Biz\u0307uteria-Line-Art.webp","width":2500,"height":2500},{"@type":"BreadcrumbList","@id":"https:\/\/positiveprints.com\/pl\/produkt\/mama-bizuteria-line-art\/#breadcrumb","itemListElement":[{"@type":"ListItem","position":1,"name":"Home","item":"https:\/\/positiveprints.com\/pl\/"},{"@type":"ListItem","position":2,"name":"Produkty","item":"https:\/\/positiveprints.com\/pl\/shop\/"},{"@type":"ListItem","position":3,"name":"Mama Bi\u017cuteria Line Art"}]},{"@type":"WebSite","@id":"https:\/\/positiveprints.com\/pl\/#website","url":"https:\/\/positiveprints.com\/pl\/","name":"Positive Prints","description":"Amazing Custom Personalized Gifts","publisher":{"@id":"https:\/\/positiveprints.com\/pl\/#organization"},"potentialAction":[{"@type":"SearchAction","target":{"@type":"EntryPoint","urlTemplate":"https:\/\/positiveprints.com\/pl\/?s={search_term_string}"},"query-input":{"@type":"PropertyValueSpecification","valueRequired":true,"valueName":"search_term_string"}}],"inLanguage":"pl-PL"},{"@type":"Organization","@id":"https:\/\/positiveprints.com\/pl\/#organization","name":"Positive Prints","alternateName":"Positive Prints","url":"https:\/\/positiveprints.com\/pl\/","logo":{"@type":"ImageObject","inLanguage":"pl-PL","@id":"https:\/\/positiveprints.com\/pl\/#\/schema\/logo\/image\/","url":"https:\/\/positiveprints.com\/wp-content\/uploads\/2026\/03\/245815646_1337939713319158_5671353136411139666_n.png","contentUrl":"https:\/\/positiveprints.com\/wp-content\/uploads\/2026\/03\/245815646_1337939713319158_5671353136411139666_n.png","width":800,"height":800,"caption":"Positive Prints"},"image":{"@id":"https:\/\/positiveprints.com\/pl\/#\/schema\/logo\/image\/"},"sameAs":["https:\/\/www.facebook.com\/positiveprintscom","https:\/\/www.instagram.com\/positiveprintscom\/","https:\/\/www.tiktok.com\/@positiveprintscom","https:\/\/www.pinterest.com\/positiveprintscom\/"]}]}},"jetpack_sharing_enabled":true,"_links":{"self":[{"href":"https:\/\/positiveprints.com\/pl\/wp-json\/wp\/v2\/product\/1089790","targetHints":{"allow":["GET"]}}],"collection":[{"href":"https:\/\/positiveprints.com\/pl\/wp-json\/wp\/v2\/product"}],"about":[{"href":"https:\/\/positiveprints.com\/pl\/wp-json\/wp\/v2\/types\/product"}],"wp:featuredmedia":[{"embeddable":true,"href":"https:\/\/positiveprints.com\/pl\/wp-json\/wp\/v2\/media\/1534661"}],"wp:attachment":[{"href":"https:\/\/positiveprints.com\/pl\/wp-json\/wp\/v2\/media?parent=1089790"}],"wp:term":[{"taxonomy":"product_brand","embeddable":true,"href":"https:\/\/positiveprints.com\/pl\/wp-json\/wp\/v2\/product_brand?post=1089790"},{"taxonomy":"product_cat","embeddable":true,"href":"https:\/\/positiveprints.com\/pl\/wp-json\/wp\/v2\/product_cat?post=1089790"},{"taxonomy":"product_tag","embeddable":true,"href":"https:\/\/positiveprints.com\/pl\/wp-json\/wp\/v2\/product_tag?post=1089790"}],"curies":[{"name":"wp","href":"https:\/\/api.w.org\/{rel}","templated":true}]}}