{"id":1089377,"date":"2024-03-28T11:39:12","date_gmt":"2024-03-28T10:39:12","guid":{"rendered":"https:\/\/positiveprints.com\/?post_type=product&#038;p=1089377"},"modified":"2026-04-28T13:54:35","modified_gmt":"2026-04-28T12:54:35","slug":"ukonczenie-szkoly-plakat-z-definicja","status":"publish","type":"product","link":"https:\/\/positiveprints.com\/pl\/produkt\/ukonczenie-szkoly-plakat-z-definicja\/","title":{"rendered":"Uko\u0144czenie Szko\u0142y Plakat z Definicj\u0105"},"content":{"rendered":"<p>Szukasz niezapomnianego sposobu na upami\u0119tnienie uko\u0144czenia szko\u0142y? Nasz &#8220;Uko\u0144czenie Szko\u0142y Plakat z Definicj\u0105&#8221; to idealny wyb\u00f3r! Ta personalizowana grafika \u015bcienna pozwala stworzy\u0107 wyj\u0105tkowy ho\u0142d dla absolwenta, celebruj\u0105c jego ci\u0119\u017ck\u0105 prac\u0119, osi\u0105gni\u0119cia i przysz\u0142e aspiracje.<\/p>\r\n\r\n<h2>Stw\u00f3rz sw\u00f3j w\u0142asny projekt Uko\u0144czenie Szko\u0142y Plakat z Definicj\u0105<\/h2>\r\n\r\n<p>Dzi\u0119ki naszemu przyjaznemu dla u\u017cytkownika kreatorowi online zaprojektowanie plakatu &#8220;Uko\u0144czenie Szko\u0142y Plakat z Definicj\u0105&#8221; jest dziecinnie proste. Wykonaj trzy proste kroki, aby stworzy\u0107 w\u0142asne arcydzie\u0142o. Zacznij od wybrania uk\u0142adu, kt\u00f3ry odzwierciedla styl i osobowo\u015b\u0107 absolwenta, a nast\u0119pnie dodaj sw\u00f3j osobisty akcent, przesy\u0142aj\u0105c zdj\u0119cie i wpisuj\u0105c wybrane s\u0142owo wraz z definicj\u0105.<\/p>\r\n\r\n<p>Mo\u017cesz wybra\u0107 jedn\u0105 z naszych inspiruj\u0105cych definicji lub stworzy\u0107 w\u0142asn\u0105, wzruszaj\u0105c\u0105 wiadomo\u015b\u0107, kt\u00f3ra zainspiruje absolwenta do rozpocz\u0119cia kolejnego rozdzia\u0142u. Niezale\u017cnie od tego, czy jest to szko\u0142a \u015brednia, studia, czy jakiekolwiek inne osi\u0105gni\u0119cie akademickie, nasz plakat jest idealnym prezentem upami\u0119tniaj\u0105cym ich osi\u0105gni\u0119cia.<\/p>\r\n\r\n<h2>Idealny prezent dla ka\u017cdego absolwenta<\/h2>\r\n\r\n<p>Po dopracowaniu projektu wybierz jedn\u0105 z wielu opcji, w tym plakaty w ramie, wydruki na p\u0142\u00f3tnie lub pliki cyfrowe do natychmiastowego pobrania. Jest to znacz\u0105cy spos\u00f3b na upami\u0119tnienie ich osi\u0105gni\u0119\u0107 i okazanie im wsparcia podczas przechodzenia do kolejnego etapu ich \u017cyciowej podr\u00f3\u017cy.<\/p>\r\n\r\n<p>Podaruj absolwentowi prezent, kt\u00f3ry b\u0119dzie ceni\u0142 na zawsze, dzi\u0119ki naszemu personalizowanemu plakatowi &#8220;Uko\u0144czenie Szko\u0142y Plakat z Definicj\u0105&#8221;. Zam\u00f3w ju\u017c dzi\u015b i \u015bwi\u0119tuj ich sukces w wielkim stylu!<\/p>","protected":false},"excerpt":{"rendered":"<ul class=\"check-list\">\n<li>Stw\u00f3rz swoj\u0105 w\u0142asn\u0105 definicj\u0119 lub wybierz jedn\u0105 z gotowych<\/li>\n<li>Dodaj swoje zdj\u0119cie<\/li>\n<li>Spersonalizuj w 3 prostych krokach<\/li>\n<li>Interaktywny podgl\u0105d pozwoli dopracowa\u0107 ka\u017cdy szczeg\u00f3\u0142<\/li>\n<\/ul>\n","protected":false},"featured_media":1090768,"template":"","meta":[],"product_brand":[],"product_cat":[9729,9765,7915,99],"product_tag":[15255,8495],"class_list":{"0":"post-1089377","1":"product","2":"type-product","3":"status-publish","4":"has-post-thumbnail","6":"product_cat-definicja","7":"product_cat-trending-label-pl","8":"product_cat-prezent-na-zakonczenie-studiow","9":"product_cat-wszystkie-produkty","10":"product_tag-graduation-en-gb-pl","11":"product_tag-graduation-pl","13":"first","14":"instock","15":"sale","16":"taxable","17":"shipping-taxable","18":"purchasable","19":"product-type-variable"},"yoast_head":"<!-- This site is optimized with the Yoast SEO Premium plugin v27.2 (Yoast SEO v27.2) - https:\/\/yoast.com\/product\/yoast-seo-premium-wordpress\/ -->\n<title>Uko\u0144czenie Szko\u0142y Plakat z Definicj\u0105 - Positive Prints<\/title>\n<meta name=\"description\" content=\"Upami\u0119tnij kamie\u0144 milowy, jakim jest uko\u0144czenie szko\u0142y dzi\u0119ki naszemu plakatowi Uko\u0144czenie Szko\u0142y Plakat z Definicj\u0105. Wybierz ich ulubione s\u0142owo i projekt. Idealny do \u015bwi\u0119towania osi\u0105gni\u0119\u0107!\" \/>\n<meta name=\"robots\" content=\"index, follow, max-snippet:-1, max-image-preview:large, max-video-preview:-1\" \/>\n<link rel=\"canonical\" href=\"https:\/\/positiveprints.com\/pl\/produkt\/ukonczenie-szkoly-plakat-z-definicja\/\" \/>\n<meta property=\"og:locale\" content=\"pl_PL\" \/>\n<meta property=\"og:type\" content=\"article\" \/>\n<meta property=\"og:title\" content=\"Uko\u0144czenie Szko\u0142y Plakat z Definicj\u0105\" \/>\n<meta property=\"og:description\" content=\"Stw\u00f3rz swoj\u0105 w\u0142asn\u0105 definicj\u0119 lub wybierz jedn\u0105 z gotowych  Dodaj swoje zdj\u0119cie  Spersonalizuj w 3 prostych krokach  Interaktywny podgl\u0105d pozwoli dopracowa\u0107 ka\u017cdy szczeg\u00f3\u0142\" \/>\n<meta property=\"og:url\" content=\"https:\/\/positiveprints.com\/pl\/produkt\/ukonczenie-szkoly-plakat-z-definicja\/\" \/>\n<meta property=\"og:site_name\" content=\"Positive Prints\" \/>\n<meta property=\"article:publisher\" content=\"https:\/\/www.facebook.com\/positiveprintscom\" \/>\n<meta property=\"article:modified_time\" content=\"2026-04-28T12:54:35+00:00\" \/>\n<meta property=\"og:image\" content=\"https:\/\/positiveprints.com\/wp-content\/uploads\/2024\/03\/Ukonczenie-Szkoly-Plakat-z-Definicja.jpg\" \/>\n\t<meta property=\"og:image:width\" content=\"1080\" \/>\n\t<meta property=\"og:image:height\" content=\"1080\" \/>\n\t<meta property=\"og:image:type\" content=\"image\/jpeg\" \/>\n<meta name=\"twitter:card\" content=\"summary_large_image\" \/>\n<!-- \/ Yoast SEO Premium plugin. -->","yoast_head_json":{"title":"Uko\u0144czenie Szko\u0142y Plakat z Definicj\u0105 - Positive Prints","description":"Upami\u0119tnij kamie\u0144 milowy, jakim jest uko\u0144czenie szko\u0142y dzi\u0119ki naszemu plakatowi Uko\u0144czenie Szko\u0142y Plakat z Definicj\u0105. Wybierz ich ulubione s\u0142owo i projekt. Idealny do \u015bwi\u0119towania osi\u0105gni\u0119\u0107!","robots":{"index":"index","follow":"follow","max-snippet":"max-snippet:-1","max-image-preview":"max-image-preview:large","max-video-preview":"max-video-preview:-1"},"canonical":"https:\/\/positiveprints.com\/pl\/produkt\/ukonczenie-szkoly-plakat-z-definicja\/","og_locale":"pl_PL","og_type":"article","og_title":"Uko\u0144czenie Szko\u0142y Plakat z Definicj\u0105","og_description":"Stw\u00f3rz swoj\u0105 w\u0142asn\u0105 definicj\u0119 lub wybierz jedn\u0105 z gotowych  Dodaj swoje zdj\u0119cie  Spersonalizuj w 3 prostych krokach  Interaktywny podgl\u0105d pozwoli dopracowa\u0107 ka\u017cdy szczeg\u00f3\u0142","og_url":"https:\/\/positiveprints.com\/pl\/produkt\/ukonczenie-szkoly-plakat-z-definicja\/","og_site_name":"Positive Prints","article_publisher":"https:\/\/www.facebook.com\/positiveprintscom","article_modified_time":"2026-04-28T12:54:35+00:00","og_image":[{"width":1080,"height":1080,"url":"https:\/\/positiveprints.com\/wp-content\/uploads\/2024\/03\/Ukonczenie-Szkoly-Plakat-z-Definicja.jpg","type":"image\/jpeg"}],"twitter_card":"summary_large_image","schema":{"@context":"https:\/\/schema.org","@graph":[{"@type":["WebPage","ItemPage"],"@id":"https:\/\/positiveprints.com\/pl\/produkt\/ukonczenie-szkoly-plakat-z-definicja\/","url":"https:\/\/positiveprints.com\/pl\/produkt\/ukonczenie-szkoly-plakat-z-definicja\/","name":"Uko\u0144czenie Szko\u0142y Plakat z Definicj\u0105 - Positive Prints","isPartOf":{"@id":"https:\/\/positiveprints.com\/pl\/#website"},"primaryImageOfPage":{"@id":"https:\/\/positiveprints.com\/pl\/produkt\/ukonczenie-szkoly-plakat-z-definicja\/#primaryimage"},"image":{"@id":"https:\/\/positiveprints.com\/pl\/produkt\/ukonczenie-szkoly-plakat-z-definicja\/#primaryimage"},"thumbnailUrl":"https:\/\/positiveprints.com\/wp-content\/uploads\/2024\/03\/Ukonczenie-Szkoly-Plakat-z-Definicja.jpg","datePublished":"2024-03-28T10:39:12+00:00","dateModified":"2026-04-28T12:54:35+00:00","description":"Upami\u0119tnij kamie\u0144 milowy, jakim jest uko\u0144czenie szko\u0142y dzi\u0119ki naszemu plakatowi Uko\u0144czenie Szko\u0142y Plakat z Definicj\u0105. Wybierz ich ulubione s\u0142owo i projekt. Idealny do \u015bwi\u0119towania osi\u0105gni\u0119\u0107!","breadcrumb":{"@id":"https:\/\/positiveprints.com\/pl\/produkt\/ukonczenie-szkoly-plakat-z-definicja\/#breadcrumb"},"inLanguage":"pl-PL","potentialAction":[{"@type":"ReadAction","target":["https:\/\/positiveprints.com\/pl\/produkt\/ukonczenie-szkoly-plakat-z-definicja\/"]}]},{"@type":"ImageObject","inLanguage":"pl-PL","@id":"https:\/\/positiveprints.com\/pl\/produkt\/ukonczenie-szkoly-plakat-z-definicja\/#primaryimage","url":"https:\/\/positiveprints.com\/wp-content\/uploads\/2024\/03\/Ukonczenie-Szkoly-Plakat-z-Definicja.jpg","contentUrl":"https:\/\/positiveprints.com\/wp-content\/uploads\/2024\/03\/Ukonczenie-Szkoly-Plakat-z-Definicja.jpg","width":1080,"height":1080,"caption":"Uko\u0144czenie Szko\u0142y Plakat z Definicj\u0105"},{"@type":"BreadcrumbList","@id":"https:\/\/positiveprints.com\/pl\/produkt\/ukonczenie-szkoly-plakat-z-definicja\/#breadcrumb","itemListElement":[{"@type":"ListItem","position":1,"name":"Home","item":"https:\/\/positiveprints.com\/pl\/"},{"@type":"ListItem","position":2,"name":"Produkty","item":"https:\/\/positiveprints.com\/pl\/shop\/"},{"@type":"ListItem","position":3,"name":"Uko\u0144czenie Szko\u0142y Plakat z Definicj\u0105"}]},{"@type":"WebSite","@id":"https:\/\/positiveprints.com\/pl\/#website","url":"https:\/\/positiveprints.com\/pl\/","name":"Positive Prints","description":"Amazing Custom Personalized Gifts","publisher":{"@id":"https:\/\/positiveprints.com\/pl\/#organization"},"potentialAction":[{"@type":"SearchAction","target":{"@type":"EntryPoint","urlTemplate":"https:\/\/positiveprints.com\/pl\/?s={search_term_string}"},"query-input":{"@type":"PropertyValueSpecification","valueRequired":true,"valueName":"search_term_string"}}],"inLanguage":"pl-PL"},{"@type":"Organization","@id":"https:\/\/positiveprints.com\/pl\/#organization","name":"Positive Prints","alternateName":"Positive Prints","url":"https:\/\/positiveprints.com\/pl\/","logo":{"@type":"ImageObject","inLanguage":"pl-PL","@id":"https:\/\/positiveprints.com\/pl\/#\/schema\/logo\/image\/","url":"https:\/\/positiveprints.com\/wp-content\/uploads\/2026\/03\/245815646_1337939713319158_5671353136411139666_n.png","contentUrl":"https:\/\/positiveprints.com\/wp-content\/uploads\/2026\/03\/245815646_1337939713319158_5671353136411139666_n.png","width":800,"height":800,"caption":"Positive Prints"},"image":{"@id":"https:\/\/positiveprints.com\/pl\/#\/schema\/logo\/image\/"},"sameAs":["https:\/\/www.facebook.com\/positiveprintscom","https:\/\/www.instagram.com\/positiveprintscom\/","https:\/\/www.tiktok.com\/@positiveprintscom","https:\/\/www.pinterest.com\/positiveprintscom\/"]}]}},"jetpack_sharing_enabled":true,"_links":{"self":[{"href":"https:\/\/positiveprints.com\/pl\/wp-json\/wp\/v2\/product\/1089377","targetHints":{"allow":["GET"]}}],"collection":[{"href":"https:\/\/positiveprints.com\/pl\/wp-json\/wp\/v2\/product"}],"about":[{"href":"https:\/\/positiveprints.com\/pl\/wp-json\/wp\/v2\/types\/product"}],"wp:featuredmedia":[{"embeddable":true,"href":"https:\/\/positiveprints.com\/pl\/wp-json\/wp\/v2\/media\/1090768"}],"wp:attachment":[{"href":"https:\/\/positiveprints.com\/pl\/wp-json\/wp\/v2\/media?parent=1089377"}],"wp:term":[{"taxonomy":"product_brand","embeddable":true,"href":"https:\/\/positiveprints.com\/pl\/wp-json\/wp\/v2\/product_brand?post=1089377"},{"taxonomy":"product_cat","embeddable":true,"href":"https:\/\/positiveprints.com\/pl\/wp-json\/wp\/v2\/product_cat?post=1089377"},{"taxonomy":"product_tag","embeddable":true,"href":"https:\/\/positiveprints.com\/pl\/wp-json\/wp\/v2\/product_tag?post=1089377"}],"curies":[{"name":"wp","href":"https:\/\/api.w.org\/{rel}","templated":true}]}}