{"id":1089278,"date":"2024-03-28T11:04:32","date_gmt":"2024-03-28T10:04:32","guid":{"rendered":"https:\/\/positiveprints.com\/?post_type=product&#038;p=1089278"},"modified":"2026-04-03T02:56:13","modified_gmt":"2026-04-03T01:56:13","slug":"tata-plakat-z-definicja","status":"publish","type":"product","link":"https:\/\/positiveprints.com\/pl\/produkt\/tata-plakat-z-definicja\/","title":{"rendered":"Tata Plakat z Definicj\u0105"},"content":{"rendered":"<p>Szukasz idealnego sposobu na uhonorowanie Taty w swoim \u017cyciu? Nasz \u201eTata Plakat z Definicj\u0105\u201d jest w\u0142a\u015bnie tym! Ta personalizowana grafika \u015bcienna pozwala stworzy\u0107 wyj\u0105tkowy ho\u0142d dla Taty, celebruj\u0105c wszystkie cechy, kt\u00f3re czyni\u0105 go wyj\u0105tkowym. Wybierz jego ulubione s\u0142owo \u2013 czy to \u201eTata\u201d, \u201eTatu\u015b\u201d, \u201eOjciec\u201d, czy te\u017c bliski mu pseudonim \u2013 i stw\u00f3rz jedyny w swoim rodzaju element dekoracyjny, kt\u00f3ry b\u0119dzie mu towarzyszy\u0142 przez d\u0142ugie lata.<\/p>\r\n\r\n<h2>Personalizowany prezent Tata Plakat z Definicj\u0105<\/h2>\r\n\r\n<p>Dzi\u0119ki naszemu \u0142atwemu w obs\u0142udze kreatorowi online zaprojektowanie \u201eTata Plakat z Definicj\u0105\u201d jest dziecinnie proste. Wystarczy wykona\u0107 trzy proste kroki, aby stworzy\u0107 w\u0142asne arcydzie\u0142o. Zacznij od wybrania uk\u0142adu, kt\u00f3ry pasuje do stylu Taty, a nast\u0119pnie dodaj sw\u00f3j osobisty akcent, przesy\u0142aj\u0105c zdj\u0119cie i wpisuj\u0105c wybrane s\u0142owo wraz z definicj\u0105. Mo\u017cesz wybra\u0107 jedn\u0105 z naszych zabawnych definicji lub wymy\u015bli\u0107 w\u0142asn\u0105, wzruszaj\u0105c\u0105 wiadomo\u015b\u0107.<\/p>\r\n\r\n<p>Gdy ju\u017c udoskonalisz sw\u00f3j projekt, wybierz jedn\u0105 z wielu opcji, w tym plakaty w ramie, wydruki na p\u0142\u00f3tnie lub cyfrowe pliki do natychmiastowego pobrania. Niezale\u017cnie od tego, czy \u015bwi\u0119tujesz Dzie\u0144 Ojca, jego urodziny, czy po prostu chcesz pokaza\u0107 mu, ile dla Ciebie znaczy, \u201eTata Plakat z Definicj\u0105\u201d to idealny prezent. To przemy\u015blany i wyj\u0105tkowy spos\u00f3b wyra\u017cenia swojej mi\u0142o\u015bci i uznania dla Taty w swoim \u017cyciu.<\/p>\r\n\r\n<h2>Idealny prezent na ka\u017cd\u0105 okazj\u0119<\/h2>\r\n\r\n<p>Podaruj Tacie prezent, kt\u00f3ry b\u0119dzie ceni\u0142 na zawsze, dzi\u0119ki naszemu personalizowanemu wydrukowi \u201eTata Plakat z Definicj\u0105\u201d. To wyj\u0105tkowe dzie\u0142o sztuki to co\u015b wi\u0119cej ni\u017c tylko dekoracja \u2014 to szczery wyraz Twojej mi\u0142o\u015bci i uznania dla m\u0119\u017cczyzny, kt\u00f3ry by\u0142 zawsze przy Tobie. Niezale\u017cnie od tego, czy \u015bwi\u0119tujesz Dzie\u0144 Ojca, jego urodziny, czy po prostu chcesz, aby zwyk\u0142y dzie\u0144 by\u0142 niezwyk\u0142y, nasz plakat jest idealnym wyborem. Dzi\u0119ki mo\u017cliwo\u015bci personalizacji i przemy\u015blanemu projektowi jest to wyj\u0105tkowy spos\u00f3b na uhonorowanie postaci Ojca w swoim \u017cyciu i przypomnienie mu o wp\u0142ywie, jaki na Ciebie wywar\u0142. Zam\u00f3w ju\u017c dzi\u015b i spraw, aby jego dzie\u0144 by\u0142 wyj\u0105tkowy!<\/p>","protected":false},"excerpt":{"rendered":"<ul class=\"check-list\">\n<li>Dodaj swoje zdj\u0119cie<\/li>\n<li>Spersonalizuj w 3 prostych krokach<\/li>\n<li>U\u017cyj jednego z naszych szablon\u00f3w lub daj popis swojej wyobra\u017ani<\/li>\n<li>Interaktywny podgl\u0105d pozwoli dopracowa\u0107 ka\u017cdy szczeg\u00f3\u0142<\/li>\n<\/ul>\n","protected":false},"featured_media":1090332,"template":"","meta":[],"product_brand":[],"product_cat":[7961,9729,7818,7978,11406,7339,5271,9765,99],"product_tag":[8556,11763],"class_list":{"0":"post-1089278","1":"product","2":"type-product","3":"status-publish","4":"has-post-thumbnail","6":"product_cat-prezenty-na-baby-shower","7":"product_cat-definicja","8":"product_cat-prezent-dla-mlodych-rodzicow","9":"product_cat-prezent-dla-taty","10":"product_cat-prezenty-pod-choinke-dla-taty","11":"product_cat-prezenty-na-dzien-ojca","12":"product_cat-prezent-na-boze-narodzenie","13":"product_cat-trending-label-pl","14":"product_cat-wszystkie-produkty","15":"product_tag-father-pl","16":"product_tag-prezenty-pod-choinke-dla-taty","18":"first","19":"instock","20":"sale","21":"taxable","22":"shipping-taxable","23":"purchasable","24":"product-type-variable"},"yoast_head":"<!-- This site is optimized with the Yoast SEO Premium plugin v27.2 (Yoast SEO v27.2) - https:\/\/yoast.com\/product\/yoast-seo-premium-wordpress\/ -->\n<title>Tata Plakat z Definicj\u0105 - Positive Prints<\/title>\n<meta name=\"description\" content=\"Stw\u00f3rz personalizowany ho\u0142d dla taty za pomoc\u0105 naszego wydruku \u201eTata Plakat z Definicj\u0105\u201d. Wybierz jego ulubione s\u0142owo i styl. Idealne na Dzie\u0144 Ojca, urodziny lub inn\u0105 okazj\u0119!\" \/>\n<meta name=\"robots\" content=\"index, follow, max-snippet:-1, max-image-preview:large, max-video-preview:-1\" \/>\n<link rel=\"canonical\" href=\"https:\/\/positiveprints.com\/pl\/produkt\/tata-plakat-z-definicja\/\" \/>\n<meta property=\"og:locale\" content=\"pl_PL\" \/>\n<meta property=\"og:type\" content=\"article\" \/>\n<meta property=\"og:title\" content=\"Tata Plakat z Definicj\u0105\" \/>\n<meta property=\"og:description\" content=\"Dodaj swoje zdj\u0119cie  Spersonalizuj w 3 prostych krokach  U\u017cyj jednego z naszych szablon\u00f3w lub daj popis swojej wyobra\u017ani  Interaktywny podgl\u0105d pozwoli dopracowa\u0107 ka\u017cdy szczeg\u00f3\u0142\" \/>\n<meta property=\"og:url\" content=\"https:\/\/positiveprints.com\/pl\/produkt\/tata-plakat-z-definicja\/\" \/>\n<meta property=\"og:site_name\" content=\"Positive Prints\" \/>\n<meta property=\"article:publisher\" content=\"https:\/\/www.facebook.com\/positiveprintscom\" \/>\n<meta property=\"article:modified_time\" content=\"2026-04-03T01:56:13+00:00\" \/>\n<meta property=\"og:image\" content=\"https:\/\/positiveprints.com\/wp-content\/uploads\/2024\/03\/Tata-Plakat-z-Definicja.jpg\" \/>\n\t<meta property=\"og:image:width\" content=\"1080\" \/>\n\t<meta property=\"og:image:height\" content=\"1080\" \/>\n\t<meta property=\"og:image:type\" content=\"image\/jpeg\" \/>\n<meta name=\"twitter:card\" content=\"summary_large_image\" \/>\n<meta name=\"twitter:label1\" content=\"Szacowany czas czytania\" \/>\n\t<meta name=\"twitter:data1\" content=\"2 minuty\" \/>\n<!-- \/ Yoast SEO Premium plugin. -->","yoast_head_json":{"title":"Tata Plakat z Definicj\u0105 - Positive Prints","description":"Stw\u00f3rz personalizowany ho\u0142d dla taty za pomoc\u0105 naszego wydruku \u201eTata Plakat z Definicj\u0105\u201d. Wybierz jego ulubione s\u0142owo i styl. Idealne na Dzie\u0144 Ojca, urodziny lub inn\u0105 okazj\u0119!","robots":{"index":"index","follow":"follow","max-snippet":"max-snippet:-1","max-image-preview":"max-image-preview:large","max-video-preview":"max-video-preview:-1"},"canonical":"https:\/\/positiveprints.com\/pl\/produkt\/tata-plakat-z-definicja\/","og_locale":"pl_PL","og_type":"article","og_title":"Tata Plakat z Definicj\u0105","og_description":"Dodaj swoje zdj\u0119cie  Spersonalizuj w 3 prostych krokach  U\u017cyj jednego z naszych szablon\u00f3w lub daj popis swojej wyobra\u017ani  Interaktywny podgl\u0105d pozwoli dopracowa\u0107 ka\u017cdy szczeg\u00f3\u0142","og_url":"https:\/\/positiveprints.com\/pl\/produkt\/tata-plakat-z-definicja\/","og_site_name":"Positive Prints","article_publisher":"https:\/\/www.facebook.com\/positiveprintscom","article_modified_time":"2026-04-03T01:56:13+00:00","og_image":[{"width":1080,"height":1080,"url":"https:\/\/positiveprints.com\/wp-content\/uploads\/2024\/03\/Tata-Plakat-z-Definicja.jpg","type":"image\/jpeg"}],"twitter_card":"summary_large_image","twitter_misc":{"Szacowany czas czytania":"2 minuty"},"schema":{"@context":"https:\/\/schema.org","@graph":[{"@type":["WebPage","ItemPage"],"@id":"https:\/\/positiveprints.com\/pl\/produkt\/tata-plakat-z-definicja\/","url":"https:\/\/positiveprints.com\/pl\/produkt\/tata-plakat-z-definicja\/","name":"Tata Plakat z Definicj\u0105 - Positive Prints","isPartOf":{"@id":"https:\/\/positiveprints.com\/pl\/#website"},"primaryImageOfPage":{"@id":"https:\/\/positiveprints.com\/pl\/produkt\/tata-plakat-z-definicja\/#primaryimage"},"image":{"@id":"https:\/\/positiveprints.com\/pl\/produkt\/tata-plakat-z-definicja\/#primaryimage"},"thumbnailUrl":"https:\/\/positiveprints.com\/wp-content\/uploads\/2024\/03\/Tata-Plakat-z-Definicja.jpg","datePublished":"2024-03-28T10:04:32+00:00","dateModified":"2026-04-03T01:56:13+00:00","description":"Stw\u00f3rz personalizowany ho\u0142d dla taty za pomoc\u0105 naszego wydruku \u201eTata Plakat z Definicj\u0105\u201d. Wybierz jego ulubione s\u0142owo i styl. Idealne na Dzie\u0144 Ojca, urodziny lub inn\u0105 okazj\u0119!","breadcrumb":{"@id":"https:\/\/positiveprints.com\/pl\/produkt\/tata-plakat-z-definicja\/#breadcrumb"},"inLanguage":"pl-PL","potentialAction":[{"@type":"ReadAction","target":["https:\/\/positiveprints.com\/pl\/produkt\/tata-plakat-z-definicja\/"]}]},{"@type":"ImageObject","inLanguage":"pl-PL","@id":"https:\/\/positiveprints.com\/pl\/produkt\/tata-plakat-z-definicja\/#primaryimage","url":"https:\/\/positiveprints.com\/wp-content\/uploads\/2024\/03\/Tata-Plakat-z-Definicja.jpg","contentUrl":"https:\/\/positiveprints.com\/wp-content\/uploads\/2024\/03\/Tata-Plakat-z-Definicja.jpg","width":1080,"height":1080,"caption":"Tata Plakat z Definicj\u0105"},{"@type":"BreadcrumbList","@id":"https:\/\/positiveprints.com\/pl\/produkt\/tata-plakat-z-definicja\/#breadcrumb","itemListElement":[{"@type":"ListItem","position":1,"name":"Home","item":"https:\/\/positiveprints.com\/pl\/"},{"@type":"ListItem","position":2,"name":"Produkty","item":"https:\/\/positiveprints.com\/pl\/shop\/"},{"@type":"ListItem","position":3,"name":"Tata Plakat z Definicj\u0105"}]},{"@type":"WebSite","@id":"https:\/\/positiveprints.com\/pl\/#website","url":"https:\/\/positiveprints.com\/pl\/","name":"Positive Prints","description":"Amazing Custom Personalized Gifts","publisher":{"@id":"https:\/\/positiveprints.com\/pl\/#organization"},"potentialAction":[{"@type":"SearchAction","target":{"@type":"EntryPoint","urlTemplate":"https:\/\/positiveprints.com\/pl\/?s={search_term_string}"},"query-input":{"@type":"PropertyValueSpecification","valueRequired":true,"valueName":"search_term_string"}}],"inLanguage":"pl-PL"},{"@type":"Organization","@id":"https:\/\/positiveprints.com\/pl\/#organization","name":"Positive Prints","alternateName":"Positive Prints","url":"https:\/\/positiveprints.com\/pl\/","logo":{"@type":"ImageObject","inLanguage":"pl-PL","@id":"https:\/\/positiveprints.com\/pl\/#\/schema\/logo\/image\/","url":"https:\/\/positiveprints.com\/wp-content\/uploads\/2026\/03\/245815646_1337939713319158_5671353136411139666_n.png","contentUrl":"https:\/\/positiveprints.com\/wp-content\/uploads\/2026\/03\/245815646_1337939713319158_5671353136411139666_n.png","width":800,"height":800,"caption":"Positive Prints"},"image":{"@id":"https:\/\/positiveprints.com\/pl\/#\/schema\/logo\/image\/"},"sameAs":["https:\/\/www.facebook.com\/positiveprintscom","https:\/\/www.instagram.com\/positiveprintscom\/","https:\/\/www.tiktok.com\/@positiveprintscom","https:\/\/www.pinterest.com\/positiveprintscom\/"]}]}},"jetpack_sharing_enabled":true,"_links":{"self":[{"href":"https:\/\/positiveprints.com\/pl\/wp-json\/wp\/v2\/product\/1089278","targetHints":{"allow":["GET"]}}],"collection":[{"href":"https:\/\/positiveprints.com\/pl\/wp-json\/wp\/v2\/product"}],"about":[{"href":"https:\/\/positiveprints.com\/pl\/wp-json\/wp\/v2\/types\/product"}],"wp:featuredmedia":[{"embeddable":true,"href":"https:\/\/positiveprints.com\/pl\/wp-json\/wp\/v2\/media\/1090332"}],"wp:attachment":[{"href":"https:\/\/positiveprints.com\/pl\/wp-json\/wp\/v2\/media?parent=1089278"}],"wp:term":[{"taxonomy":"product_brand","embeddable":true,"href":"https:\/\/positiveprints.com\/pl\/wp-json\/wp\/v2\/product_brand?post=1089278"},{"taxonomy":"product_cat","embeddable":true,"href":"https:\/\/positiveprints.com\/pl\/wp-json\/wp\/v2\/product_cat?post=1089278"},{"taxonomy":"product_tag","embeddable":true,"href":"https:\/\/positiveprints.com\/pl\/wp-json\/wp\/v2\/product_tag?post=1089278"}],"curies":[{"name":"wp","href":"https:\/\/api.w.org\/{rel}","templated":true}]}}