{"id":1089188,"date":"2024-03-28T10:09:38","date_gmt":"2024-03-28T09:09:38","guid":{"rendered":"https:\/\/positiveprints.com\/?post_type=product&#038;p=1089188"},"modified":"2026-04-03T02:56:27","modified_gmt":"2026-04-03T01:56:27","slug":"mama-plakat-z-definicja","status":"publish","type":"product","link":"https:\/\/positiveprints.com\/pl\/produkt\/mama-plakat-z-definicja\/","title":{"rendered":"Mama Plakat z Definicj\u0105"},"content":{"rendered":"<p>Szukasz wyj\u0105tkowego sposobu na uczczenie niesamowitych Mam w swoim \u017cyciu? Nie szukaj dalej ni\u017c nasz produkt \u201eMama Plakat z Definicj\u0105\u201d! Dzi\u0119ki nieograniczonym mo\u017cliwo\u015bciom mo\u017cesz stworzy\u0107 wyj\u0105tkow\u0105 grafik\u0119 \u015bcienn\u0105, kt\u00f3ra odzwierciedla Twoj\u0105 osobist\u0105 definicj\u0119 Mamy.<\/p>\r\n\r\n<h2>Personalizuj sw\u00f3j idealny prezent Mama Plakat z Definicj\u0105<\/h2>\r\n\r\n<p>Spraw, aby Twoja Mama poczu\u0142a si\u0119 wyj\u0105tkowo dzi\u0119ki \u201eMama Plakat z Definicj\u0105\u201d, kt\u00f3ry jest dostosowany specjalnie dla niej. Wybierz jej ulubione s\u0142owo \u2013 niezale\u017cnie od tego, czy jest to \u201eMama\u201d, \u201eMamusia\u201d, \u201eMatka\u201d czy specjalny pseudonim, kt\u00f3ry jest jej bliski. Nast\u0119pnie przejrzyj nasz\u0105 kolekcj\u0119 projekt\u00f3w i znajd\u017a taki, kt\u00f3ry idealnie pasuje do jej stylu.<\/p>\r\n\r\n\r\n<p>Stworzenie tego wzruszaj\u0105cego prezentu mo\u017ce by\u0107 jeszcze \u0142atwiejsze dzi\u0119ki naszemu prostemu kreatorowi online. Najpierw wybierzesz styl, kt\u00f3ry przyci\u0105gnie Twoj\u0105 uwag\u0119. Nast\u0119pnie dodaj sw\u00f3j osobisty akcent, przesy\u0142aj\u0105c zdj\u0119cie i wpisuj\u0105c wybrane s\u0142owo wraz z definicj\u0105. Mo\u017cesz wykaza\u0107 si\u0119 kreatywno\u015bci\u0105 i wymy\u015bli\u0107 w\u0142asn\u0105 definicj\u0119, kt\u00f3ra odzwierciedla wyj\u0105tkow\u0105 osobowo\u015b\u0107 Twojej Mamy. Na koniec wybierz jedn\u0105 z naszych opcji, plakaty w ramie, drukowane plakaty, wydruki na p\u0142\u00f3tnie lub cyfrowe pliki do natychmiastowego pobrania.<\/p>\r\n\r\n<h2>Idealny prezent na ka\u017cd\u0105 okazj\u0119<\/h2>\r\n\r\n<p>Bez wzgl\u0119du na okazj\u0119 \u2013 czy to Dzie\u0144 Matki, jej urodziny, Bo\u017ce Narodzenie, czy po prostu zwyk\u0142y dzie\u0144, w kt\u00f3rym chcesz pokaza\u0107, jak bardzo Ci na niej zale\u017cy \u2013 \u201eMama Plakat z Definicj\u0105\u201d z pewno\u015bci\u0105 wywo\u0142a u\u015bmiech na jej twarzy. To przemy\u015blany i wzruszaj\u0105cy prezent, kt\u00f3ry mo\u017ce by\u0107 zabawny, sentymentalny lub czym\u015b pomi\u0119dzy, w zale\u017cno\u015bci od wybranej definicji. Spraw, by Twoja Mama poczu\u0142a si\u0119 kochana i doceniona dzi\u0119ki personalizowanemu prezentowi, kt\u00f3ry b\u0119dzie ceni\u0107 przez d\u0142ugie lata!<\/p>","protected":false},"excerpt":{"rendered":"<ul class=\"check-list\">\n<li>Stw\u00f3rz w\u0142asn\u0105 definicj\u0119 Mamy<\/li>\n<li>Dodaj swoje zdj\u0119cie<\/li>\n<li>Spersonalizuj w 3 prostych krokach<\/li>\n<li>U\u017cyj jednego z naszych szablon\u00f3w lub daj popis swojej wyobra\u017ani<\/li>\n<li>Interaktywny podgl\u0105d pozwoli dopracowa\u0107 ka\u017cdy szczeg\u00f3\u0142<\/li>\n<\/ul>\n","protected":false},"featured_media":1089866,"template":"","meta":[],"product_brand":[],"product_cat":[7961,9729,7706,11414,7818,7328,5271,9765,99],"product_tag":[13392,12618,13393,12619,8407,13394,13395,11819],"class_list":{"0":"post-1089188","1":"product","2":"type-product","3":"status-publish","4":"has-post-thumbnail","6":"product_cat-prezenty-na-baby-shower","7":"product_cat-definicja","8":"product_cat-prezent-dla-mamy","9":"product_cat-prezenty-pod-choinke-dla-mamy","10":"product_cat-prezent-dla-mlodych-rodzicow","11":"product_cat-prezenty-na-dzien-matki","12":"product_cat-prezent-na-boze-narodzenie","13":"product_cat-trending-label-pl","14":"product_cat-wszystkie-produkty","15":"product_tag-mam-pl","16":"product_tag-mama-pl","17":"product_tag-mammy-pl","18":"product_tag-mamusia","19":"product_tag-mother-pl","20":"product_tag-mum-pl","21":"product_tag-mummy-pl","22":"product_tag-prezenty-pod-choinke-dla-mamy","24":"first","25":"instock","26":"sale","27":"taxable","28":"shipping-taxable","29":"purchasable","30":"product-type-variable"},"yoast_head":"<!-- This site is optimized with the Yoast SEO Premium plugin v27.2 (Yoast SEO v27.2) - https:\/\/yoast.com\/product\/yoast-seo-premium-wordpress\/ -->\n<title>Mama Plakat z Definicj\u0105 - Positive Prints<\/title>\n<meta name=\"description\" content=\"Stw\u00f3rz wzruszaj\u0105cy ho\u0142d dla Mamy dzi\u0119ki naszemu personalizowanemu prezentowi \u201eMama Plakat z Definicj\u0105\u201d. Wybierz jej ulubione s\u0142owo i styl.\" \/>\n<meta name=\"robots\" content=\"index, follow, max-snippet:-1, max-image-preview:large, max-video-preview:-1\" \/>\n<link rel=\"canonical\" href=\"https:\/\/positiveprints.com\/pl\/produkt\/mama-plakat-z-definicja\/\" \/>\n<meta property=\"og:locale\" content=\"pl_PL\" \/>\n<meta property=\"og:type\" content=\"article\" \/>\n<meta property=\"og:title\" content=\"Mama Plakat z Definicj\u0105\" \/>\n<meta property=\"og:description\" content=\"Stw\u00f3rz w\u0142asn\u0105 definicj\u0119 Mamy Dodaj swoje zdj\u0119cie Spersonalizuj w 3 prostych krokach U\u017cyj jednego z naszych szablon\u00f3w lub daj popis swojej wyobra\u017ani Interaktywny podgl\u0105d pozwoli dopracowa\u0107 ka\u017cdy szczeg\u00f3\u0142\" \/>\n<meta property=\"og:url\" content=\"https:\/\/positiveprints.com\/pl\/produkt\/mama-plakat-z-definicja\/\" \/>\n<meta property=\"og:site_name\" content=\"Positive Prints\" \/>\n<meta property=\"article:publisher\" content=\"https:\/\/www.facebook.com\/positiveprintscom\" \/>\n<meta property=\"article:modified_time\" content=\"2026-04-03T01:56:27+00:00\" \/>\n<meta property=\"og:image\" content=\"https:\/\/positiveprints.com\/wp-content\/uploads\/2024\/03\/Mama-Plakat-z-Definicja.jpg\" \/>\n\t<meta property=\"og:image:width\" content=\"1080\" \/>\n\t<meta property=\"og:image:height\" content=\"1080\" \/>\n\t<meta property=\"og:image:type\" content=\"image\/jpeg\" \/>\n<meta name=\"twitter:card\" content=\"summary_large_image\" \/>\n<meta name=\"twitter:label1\" content=\"Szacowany czas czytania\" \/>\n\t<meta name=\"twitter:data1\" content=\"2 minuty\" \/>\n<!-- \/ Yoast SEO Premium plugin. -->","yoast_head_json":{"title":"Mama Plakat z Definicj\u0105 - Positive Prints","description":"Stw\u00f3rz wzruszaj\u0105cy ho\u0142d dla Mamy dzi\u0119ki naszemu personalizowanemu prezentowi \u201eMama Plakat z Definicj\u0105\u201d. Wybierz jej ulubione s\u0142owo i styl.","robots":{"index":"index","follow":"follow","max-snippet":"max-snippet:-1","max-image-preview":"max-image-preview:large","max-video-preview":"max-video-preview:-1"},"canonical":"https:\/\/positiveprints.com\/pl\/produkt\/mama-plakat-z-definicja\/","og_locale":"pl_PL","og_type":"article","og_title":"Mama Plakat z Definicj\u0105","og_description":"Stw\u00f3rz w\u0142asn\u0105 definicj\u0119 Mamy Dodaj swoje zdj\u0119cie Spersonalizuj w 3 prostych krokach U\u017cyj jednego z naszych szablon\u00f3w lub daj popis swojej wyobra\u017ani Interaktywny podgl\u0105d pozwoli dopracowa\u0107 ka\u017cdy szczeg\u00f3\u0142","og_url":"https:\/\/positiveprints.com\/pl\/produkt\/mama-plakat-z-definicja\/","og_site_name":"Positive Prints","article_publisher":"https:\/\/www.facebook.com\/positiveprintscom","article_modified_time":"2026-04-03T01:56:27+00:00","og_image":[{"width":1080,"height":1080,"url":"https:\/\/positiveprints.com\/wp-content\/uploads\/2024\/03\/Mama-Plakat-z-Definicja.jpg","type":"image\/jpeg"}],"twitter_card":"summary_large_image","twitter_misc":{"Szacowany czas czytania":"2 minuty"},"schema":{"@context":"https:\/\/schema.org","@graph":[{"@type":["WebPage","ItemPage"],"@id":"https:\/\/positiveprints.com\/pl\/produkt\/mama-plakat-z-definicja\/","url":"https:\/\/positiveprints.com\/pl\/produkt\/mama-plakat-z-definicja\/","name":"Mama Plakat z Definicj\u0105 - Positive Prints","isPartOf":{"@id":"https:\/\/positiveprints.com\/pl\/#website"},"primaryImageOfPage":{"@id":"https:\/\/positiveprints.com\/pl\/produkt\/mama-plakat-z-definicja\/#primaryimage"},"image":{"@id":"https:\/\/positiveprints.com\/pl\/produkt\/mama-plakat-z-definicja\/#primaryimage"},"thumbnailUrl":"https:\/\/positiveprints.com\/wp-content\/uploads\/2024\/03\/Mama-Plakat-z-Definicja.jpg","datePublished":"2024-03-28T09:09:38+00:00","dateModified":"2026-04-03T01:56:27+00:00","description":"Stw\u00f3rz wzruszaj\u0105cy ho\u0142d dla Mamy dzi\u0119ki naszemu personalizowanemu prezentowi \u201eMama Plakat z Definicj\u0105\u201d. Wybierz jej ulubione s\u0142owo i styl.","breadcrumb":{"@id":"https:\/\/positiveprints.com\/pl\/produkt\/mama-plakat-z-definicja\/#breadcrumb"},"inLanguage":"pl-PL","potentialAction":[{"@type":"ReadAction","target":["https:\/\/positiveprints.com\/pl\/produkt\/mama-plakat-z-definicja\/"]}]},{"@type":"ImageObject","inLanguage":"pl-PL","@id":"https:\/\/positiveprints.com\/pl\/produkt\/mama-plakat-z-definicja\/#primaryimage","url":"https:\/\/positiveprints.com\/wp-content\/uploads\/2024\/03\/Mama-Plakat-z-Definicja.jpg","contentUrl":"https:\/\/positiveprints.com\/wp-content\/uploads\/2024\/03\/Mama-Plakat-z-Definicja.jpg","width":1080,"height":1080,"caption":"Mama Plakat z Definicj\u0105"},{"@type":"BreadcrumbList","@id":"https:\/\/positiveprints.com\/pl\/produkt\/mama-plakat-z-definicja\/#breadcrumb","itemListElement":[{"@type":"ListItem","position":1,"name":"Home","item":"https:\/\/positiveprints.com\/pl\/"},{"@type":"ListItem","position":2,"name":"Produkty","item":"https:\/\/positiveprints.com\/pl\/shop\/"},{"@type":"ListItem","position":3,"name":"Mama Plakat z Definicj\u0105"}]},{"@type":"WebSite","@id":"https:\/\/positiveprints.com\/pl\/#website","url":"https:\/\/positiveprints.com\/pl\/","name":"Positive Prints","description":"Amazing Custom Personalized Gifts","publisher":{"@id":"https:\/\/positiveprints.com\/pl\/#organization"},"potentialAction":[{"@type":"SearchAction","target":{"@type":"EntryPoint","urlTemplate":"https:\/\/positiveprints.com\/pl\/?s={search_term_string}"},"query-input":{"@type":"PropertyValueSpecification","valueRequired":true,"valueName":"search_term_string"}}],"inLanguage":"pl-PL"},{"@type":"Organization","@id":"https:\/\/positiveprints.com\/pl\/#organization","name":"Positive Prints","alternateName":"Positive Prints","url":"https:\/\/positiveprints.com\/pl\/","logo":{"@type":"ImageObject","inLanguage":"pl-PL","@id":"https:\/\/positiveprints.com\/pl\/#\/schema\/logo\/image\/","url":"https:\/\/positiveprints.com\/wp-content\/uploads\/2026\/03\/245815646_1337939713319158_5671353136411139666_n.png","contentUrl":"https:\/\/positiveprints.com\/wp-content\/uploads\/2026\/03\/245815646_1337939713319158_5671353136411139666_n.png","width":800,"height":800,"caption":"Positive Prints"},"image":{"@id":"https:\/\/positiveprints.com\/pl\/#\/schema\/logo\/image\/"},"sameAs":["https:\/\/www.facebook.com\/positiveprintscom","https:\/\/www.instagram.com\/positiveprintscom\/","https:\/\/www.tiktok.com\/@positiveprintscom","https:\/\/www.pinterest.com\/positiveprintscom\/"]}]}},"jetpack_sharing_enabled":true,"_links":{"self":[{"href":"https:\/\/positiveprints.com\/pl\/wp-json\/wp\/v2\/product\/1089188","targetHints":{"allow":["GET"]}}],"collection":[{"href":"https:\/\/positiveprints.com\/pl\/wp-json\/wp\/v2\/product"}],"about":[{"href":"https:\/\/positiveprints.com\/pl\/wp-json\/wp\/v2\/types\/product"}],"wp:featuredmedia":[{"embeddable":true,"href":"https:\/\/positiveprints.com\/pl\/wp-json\/wp\/v2\/media\/1089866"}],"wp:attachment":[{"href":"https:\/\/positiveprints.com\/pl\/wp-json\/wp\/v2\/media?parent=1089188"}],"wp:term":[{"taxonomy":"product_brand","embeddable":true,"href":"https:\/\/positiveprints.com\/pl\/wp-json\/wp\/v2\/product_brand?post=1089188"},{"taxonomy":"product_cat","embeddable":true,"href":"https:\/\/positiveprints.com\/pl\/wp-json\/wp\/v2\/product_cat?post=1089188"},{"taxonomy":"product_tag","embeddable":true,"href":"https:\/\/positiveprints.com\/pl\/wp-json\/wp\/v2\/product_tag?post=1089188"}],"curies":[{"name":"wp","href":"https:\/\/api.w.org\/{rel}","templated":true}]}}