{"id":1083210,"date":"2023-11-22T10:17:44","date_gmt":"2024-03-20T12:03:37","guid":{"rendered":"https:\/\/positiveprints.com\/?post_type=product&#038;p=1083210"},"modified":"2026-04-03T03:01:41","modified_gmt":"2026-04-03T02:01:41","slug":"plakat-line-art-na-rocznice","status":"publish","type":"product","link":"https:\/\/positiveprints.com\/pl\/produkt\/plakat-line-art-na-rocznice\/","title":{"rendered":"Plakat Line Art na Rocznic\u0119"},"content":{"rendered":"<p>\u015awi\u0119tuj mi\u0142o\u015b\u0107 i prze\u0142omowe momenty dzi\u0119ki naszym wyj\u0105tkowym Plakatom Line Art na Rocznic\u0119. Przekszta\u0142\u0107 cenne zdj\u0119cie w ponadczasow\u0105, personalizowan\u0105 grafik\u0119, kt\u00f3ra uchwyci istot\u0119 Waszej wsp\u00f3lnej podr\u00f3\u017cy. Niezale\u017cnie od tego, czy jest to pierwsza rocznica, czy z\u0142oty jubileusz, nasi wykwalifikowani arty\u015bci stworz\u0105 wyj\u0105tkow\u0105 grafik\u0119, kt\u00f3ra opowie histori\u0119 Waszej mi\u0142o\u015bci w ka\u017cdej linii. Wybierz preferowany styl i kolory, prze\u015blij swoje wyj\u0105tkowe zdj\u0119cie i dodaj osobist\u0105 wiadomo\u015b\u0107, aby stworzy\u0107 znacz\u0105cy i trwa\u0142y <a href=\"https:\/\/positiveprints.com\/pl\/prezenty-na-rocznice\/\">prezent na rocznic\u0119<\/a>.<\/p>\r\n\r\n    <h2>Prosty trzyetapowy proces:<\/h2>\r\n<ol>\r\n    <li><strong>Wybierz sw\u00f3j styl i kolory:<\/strong> <\/li>\r\n<p>Wybierz styl i kolory, kt\u00f3re oddaj\u0105 esencj\u0119 Twojej historii mi\u0142osnej.<\/p>\r\n\r\n    <li><strong>Prze\u015blij swoje wyj\u0105tkowe zdj\u0119cie:<\/strong><\/li>\r\n <p>Udost\u0119pnij zdj\u0119cie, kt\u00f3re oddaje magi\u0119 Waszego zwi\u0105zku. Nasi arty\u015bci skrupulatnie r\u0119cznie narysuj\u0105 grafik\u0119, upewniaj\u0105c si\u0119, \u017ce odzwierciedla ona romantyczny charakter Waszego wyj\u0105tkowego dnia.<\/p>\r\n\r\n    <li><strong>Dodaj personalizowan\u0105 wiadomo\u015b\u0107 i sfinalizuj projekt:<\/strong><\/li>\r\n <p>Wzboga\u0107 sw\u00f3j Plakat Line Art na Rocznic\u0119 o wzruszaj\u0105c\u0105 wiadomo\u015b\u0107. Po dokonaniu p\u0142atno\u015bci nasz zesp\u00f3\u0142 Positive Prints skontaktuje si\u0119 z Tob\u0105 w celu potwierdzenia zam\u00f3wienia. Gdy grafika b\u0119dzie gotowa, otrzymasz wiadomo\u015b\u0107 e-mail, aby przejrze\u0107 i zaakceptowa\u0107 ostateczny projekt. Twoja satysfakcja ma znaczenie, wi\u0119c mo\u017cesz poprosi\u0107 o poprawki dwa razy. Po ostatecznym zatwierdzeniu, grafika zostanie wys\u0142ana do druku i dostawy, tworz\u0105c trwa\u0142y ho\u0142d Waszej pi\u0119knej wsp\u00f3lnej podr\u00f3\u017cy.<\/p>\r\n<\/ol>\r\n\r\n    <h2>Wyra\u017a swoj\u0105 mi\u0142o\u015b\u0107 za pomoc\u0105 Plakatu Line Art na Rocznic\u0119<\/h2>\r\n\r\n    <p>Plakat Line Art na Rocznic\u0119 to symbol trwa\u0142ej mi\u0142o\u015bci. Niezale\u017cnie od tego, czy jest to pierwszy rok, czy ca\u0142e \u017cycie razem, to personalizowane arcydzie\u0142o m\u00f3wi wiele. To wyj\u0105tkowy spos\u00f3b na wyra\u017cenie swojej mi\u0142o\u015bci i stworzenie trwa\u0142ego wspomnienia. Zam\u00f3w Plakat Line Art na Rocznic\u0119 ju\u017c teraz i \u015bwi\u0119tuj kamienie milowe, kt\u00f3re sprawiaj\u0105, \u017ce Twoja podr\u00f3\u017c jest niezwyk\u0142a.<\/p>","protected":false},"excerpt":{"rendered":"<ul class=\"check-list\">\n<li>Pozw\u00f3l naszym artystom narysowa\u0107 unikalny Line Art ze zdj\u0119cia jako wieczny ho\u0142d dla Twojej mi\u0142o\u015bci<\/li>\n<li>Narysowany i wys\u0142any do Twojej akceptacji w ci\u0105gu 2-3 dni roboczych<\/li>\n<li>Personalizacja w 3 prostych krokach<\/li>\n<li>Dost\u0119pny w wielu wariantach kolorystycznych<\/li>\n<li>2 poprawki wliczone w cen\u0119<\/li>\n<\/ul>\n","protected":false},"featured_media":1318124,"template":"","meta":[],"product_brand":[],"product_cat":[9182,11185,11184,11186,5333,9765,99],"product_tag":[14975,8375],"class_list":{"0":"post-1083210","1":"product","2":"type-product","3":"status-publish","4":"has-post-thumbnail","6":"product_cat-line-art-pl","7":"product_cat-prezenty-na-rocznice-dla-niego","8":"product_cat-prezenty-na-rocznice-dla-niej","9":"product_cat-prezenty-na-rocznice-dla-pary","10":"product_cat-prezent-na-rocznice","11":"product_cat-trending-label-pl","12":"product_cat-wszystkie-produkty","13":"product_tag-anniversary-pl","14":"product_tag-rocznica","16":"first","17":"instock","18":"sale","19":"taxable","20":"shipping-taxable","21":"purchasable","22":"product-type-variable"},"yoast_head":"<!-- This site is optimized with the Yoast SEO Premium plugin v27.2 (Yoast SEO v27.2) - https:\/\/yoast.com\/product\/yoast-seo-premium-wordpress\/ -->\n<title>Plakat Line Art na Rocznic\u0119 - Positive Prints<\/title>\n<meta name=\"description\" content=\"Przekszta\u0142\u0107 cenne zdj\u0119cie w ponadczasowy, personalizowany Plakat Line Art na Rocznic\u0119, kt\u00f3ry uchwyci istot\u0119 Waszej wsp\u00f3lnej podr\u00f3\u017cy.\" \/>\n<meta name=\"robots\" content=\"index, follow, max-snippet:-1, max-image-preview:large, max-video-preview:-1\" \/>\n<link rel=\"canonical\" href=\"https:\/\/positiveprints.com\/pl\/produkt\/plakat-line-art-na-rocznice\/\" \/>\n<meta property=\"og:locale\" content=\"pl_PL\" \/>\n<meta property=\"og:type\" content=\"article\" \/>\n<meta property=\"og:title\" content=\"Plakat Line Art na Rocznic\u0119\" \/>\n<meta property=\"og:description\" content=\"Pozw\u00f3l naszym artystom narysowa\u0107 unikalny Line Art ze zdj\u0119cia jako wieczny ho\u0142d dla Twojej mi\u0142o\u015bci  Narysowany i wys\u0142any do Twojej akceptacji w ci\u0105gu 2-3 dni roboczych  Personalizacja w 3 prostych krokach  Dost\u0119pny w wielu wariantach kolorystycznych  2 poprawki wliczone w cen\u0119\" \/>\n<meta property=\"og:url\" content=\"https:\/\/positiveprints.com\/pl\/produkt\/plakat-line-art-na-rocznice\/\" \/>\n<meta property=\"og:site_name\" content=\"Positive Prints\" \/>\n<meta property=\"article:publisher\" content=\"https:\/\/www.facebook.com\/positiveprintscom\" \/>\n<meta property=\"article:modified_time\" content=\"2026-04-03T02:01:41+00:00\" \/>\n<meta property=\"og:image\" content=\"https:\/\/positiveprints.com\/wp-content\/uploads\/2025\/01\/Plakat-Line-Art-na-Rocznice\u0328-1.webp\" \/>\n\t<meta property=\"og:image:width\" content=\"1450\" \/>\n\t<meta property=\"og:image:height\" content=\"1450\" \/>\n\t<meta property=\"og:image:type\" content=\"image\/webp\" \/>\n<meta name=\"twitter:card\" content=\"summary_large_image\" \/>\n<meta name=\"twitter:label1\" content=\"Szacowany czas czytania\" \/>\n\t<meta name=\"twitter:data1\" content=\"2 minuty\" \/>\n<!-- \/ Yoast SEO Premium plugin. -->","yoast_head_json":{"title":"Plakat Line Art na Rocznic\u0119 - Positive Prints","description":"Przekszta\u0142\u0107 cenne zdj\u0119cie w ponadczasowy, personalizowany Plakat Line Art na Rocznic\u0119, kt\u00f3ry uchwyci istot\u0119 Waszej wsp\u00f3lnej podr\u00f3\u017cy.","robots":{"index":"index","follow":"follow","max-snippet":"max-snippet:-1","max-image-preview":"max-image-preview:large","max-video-preview":"max-video-preview:-1"},"canonical":"https:\/\/positiveprints.com\/pl\/produkt\/plakat-line-art-na-rocznice\/","og_locale":"pl_PL","og_type":"article","og_title":"Plakat Line Art na Rocznic\u0119","og_description":"Pozw\u00f3l naszym artystom narysowa\u0107 unikalny Line Art ze zdj\u0119cia jako wieczny ho\u0142d dla Twojej mi\u0142o\u015bci  Narysowany i wys\u0142any do Twojej akceptacji w ci\u0105gu 2-3 dni roboczych  Personalizacja w 3 prostych krokach  Dost\u0119pny w wielu wariantach kolorystycznych  2 poprawki wliczone w cen\u0119","og_url":"https:\/\/positiveprints.com\/pl\/produkt\/plakat-line-art-na-rocznice\/","og_site_name":"Positive Prints","article_publisher":"https:\/\/www.facebook.com\/positiveprintscom","article_modified_time":"2026-04-03T02:01:41+00:00","og_image":[{"width":1450,"height":1450,"url":"https:\/\/positiveprints.com\/wp-content\/uploads\/2025\/01\/Plakat-Line-Art-na-Rocznice\u0328-1.webp","type":"image\/webp"}],"twitter_card":"summary_large_image","twitter_misc":{"Szacowany czas czytania":"2 minuty"},"schema":{"@context":"https:\/\/schema.org","@graph":[{"@type":["WebPage","ItemPage"],"@id":"https:\/\/positiveprints.com\/pl\/produkt\/plakat-line-art-na-rocznice\/","url":"https:\/\/positiveprints.com\/pl\/produkt\/plakat-line-art-na-rocznice\/","name":"Plakat Line Art na Rocznic\u0119 - Positive Prints","isPartOf":{"@id":"https:\/\/positiveprints.com\/pl\/#website"},"primaryImageOfPage":{"@id":"https:\/\/positiveprints.com\/pl\/produkt\/plakat-line-art-na-rocznice\/#primaryimage"},"image":{"@id":"https:\/\/positiveprints.com\/pl\/produkt\/plakat-line-art-na-rocznice\/#primaryimage"},"thumbnailUrl":"https:\/\/positiveprints.com\/wp-content\/uploads\/2025\/01\/Plakat-Line-Art-na-Rocznice\u0328-1.webp","datePublished":"2024-03-20T12:03:37+00:00","dateModified":"2026-04-03T02:01:41+00:00","description":"Przekszta\u0142\u0107 cenne zdj\u0119cie w ponadczasowy, personalizowany Plakat Line Art na Rocznic\u0119, kt\u00f3ry uchwyci istot\u0119 Waszej wsp\u00f3lnej podr\u00f3\u017cy.","breadcrumb":{"@id":"https:\/\/positiveprints.com\/pl\/produkt\/plakat-line-art-na-rocznice\/#breadcrumb"},"inLanguage":"pl-PL","potentialAction":[{"@type":"ReadAction","target":["https:\/\/positiveprints.com\/pl\/produkt\/plakat-line-art-na-rocznice\/"]}]},{"@type":"ImageObject","inLanguage":"pl-PL","@id":"https:\/\/positiveprints.com\/pl\/produkt\/plakat-line-art-na-rocznice\/#primaryimage","url":"https:\/\/positiveprints.com\/wp-content\/uploads\/2025\/01\/Plakat-Line-Art-na-Rocznice\u0328-1.webp","contentUrl":"https:\/\/positiveprints.com\/wp-content\/uploads\/2025\/01\/Plakat-Line-Art-na-Rocznice\u0328-1.webp","width":1450,"height":1450},{"@type":"BreadcrumbList","@id":"https:\/\/positiveprints.com\/pl\/produkt\/plakat-line-art-na-rocznice\/#breadcrumb","itemListElement":[{"@type":"ListItem","position":1,"name":"Home","item":"https:\/\/positiveprints.com\/pl\/"},{"@type":"ListItem","position":2,"name":"Produkty","item":"https:\/\/positiveprints.com\/pl\/shop\/"},{"@type":"ListItem","position":3,"name":"Plakat Line Art na Rocznic\u0119"}]},{"@type":"WebSite","@id":"https:\/\/positiveprints.com\/pl\/#website","url":"https:\/\/positiveprints.com\/pl\/","name":"Positive Prints","description":"Amazing Custom Personalized Gifts","publisher":{"@id":"https:\/\/positiveprints.com\/pl\/#organization"},"potentialAction":[{"@type":"SearchAction","target":{"@type":"EntryPoint","urlTemplate":"https:\/\/positiveprints.com\/pl\/?s={search_term_string}"},"query-input":{"@type":"PropertyValueSpecification","valueRequired":true,"valueName":"search_term_string"}}],"inLanguage":"pl-PL"},{"@type":"Organization","@id":"https:\/\/positiveprints.com\/pl\/#organization","name":"Positive Prints","alternateName":"Positive Prints","url":"https:\/\/positiveprints.com\/pl\/","logo":{"@type":"ImageObject","inLanguage":"pl-PL","@id":"https:\/\/positiveprints.com\/pl\/#\/schema\/logo\/image\/","url":"https:\/\/positiveprints.com\/wp-content\/uploads\/2026\/03\/245815646_1337939713319158_5671353136411139666_n.png","contentUrl":"https:\/\/positiveprints.com\/wp-content\/uploads\/2026\/03\/245815646_1337939713319158_5671353136411139666_n.png","width":800,"height":800,"caption":"Positive Prints"},"image":{"@id":"https:\/\/positiveprints.com\/pl\/#\/schema\/logo\/image\/"},"sameAs":["https:\/\/www.facebook.com\/positiveprintscom","https:\/\/www.instagram.com\/positiveprintscom\/","https:\/\/www.tiktok.com\/@positiveprintscom","https:\/\/www.pinterest.com\/positiveprintscom\/"]}]}},"jetpack_sharing_enabled":true,"_links":{"self":[{"href":"https:\/\/positiveprints.com\/pl\/wp-json\/wp\/v2\/product\/1083210","targetHints":{"allow":["GET"]}}],"collection":[{"href":"https:\/\/positiveprints.com\/pl\/wp-json\/wp\/v2\/product"}],"about":[{"href":"https:\/\/positiveprints.com\/pl\/wp-json\/wp\/v2\/types\/product"}],"wp:featuredmedia":[{"embeddable":true,"href":"https:\/\/positiveprints.com\/pl\/wp-json\/wp\/v2\/media\/1318124"}],"wp:attachment":[{"href":"https:\/\/positiveprints.com\/pl\/wp-json\/wp\/v2\/media?parent=1083210"}],"wp:term":[{"taxonomy":"product_brand","embeddable":true,"href":"https:\/\/positiveprints.com\/pl\/wp-json\/wp\/v2\/product_brand?post=1083210"},{"taxonomy":"product_cat","embeddable":true,"href":"https:\/\/positiveprints.com\/pl\/wp-json\/wp\/v2\/product_cat?post=1083210"},{"taxonomy":"product_tag","embeddable":true,"href":"https:\/\/positiveprints.com\/pl\/wp-json\/wp\/v2\/product_tag?post=1083210"}],"curies":[{"name":"wp","href":"https:\/\/api.w.org\/{rel}","templated":true}]}}