{"id":1083201,"date":"2023-11-22T11:51:21","date_gmt":"2023-11-22T10:51:21","guid":{"rendered":"https:\/\/positiveprints.com\/?post_type=product&#038;p=1083201"},"modified":"2026-04-07T14:05:16","modified_gmt":"2026-04-07T13:05:16","slug":"para-plakat-line-art","status":"publish","type":"product","link":"https:\/\/positiveprints.com\/pl\/produkt\/para-plakat-line-art\/","title":{"rendered":"Ty i Ja &#8211; Plakat Line Art dla pary"},"content":{"rendered":"<p>Uczcij wyj\u0105tkow\u0105 wi\u0119\u017a mi\u0119dzy Tob\u0105 a Twoim partnerem dzi\u0119ki naszym czaruj\u0105cym obrazom Para Plakat Line Art. Zamie\u0144 cenne zdj\u0119cie w ponadczasow\u0105, personalizowan\u0105 grafik\u0119, kt\u00f3ra uchwyci esencj\u0119 Waszej historii mi\u0142o\u015bci. Nasi wykwalifikowani arty\u015bci delikatnie r\u0119cznie narysuj\u0105 ka\u017cdy szczeg\u00f3\u0142, tworz\u0105c unikaln\u0105 reprezentacj\u0119, kt\u00f3ra odzwierciedla romans i wi\u0119\u017a mi\u0119dzy Wami. Wybierz preferowany styl i kolory, prze\u015blij Wasze wyj\u0105tkowe zdj\u0119cie i dodaj osobisty akcent w postaci wzruszaj\u0105cej wiadomo\u015bci. Stw\u00f3rz znacz\u0105c\u0105 pami\u0105tk\u0119, kt\u00f3ra symbolizuje mi\u0142o\u015b\u0107 i wi\u0119\u017a, kt\u00f3r\u0105 dzielicie.<\/p>\r\n\r\n<h2>Prosty trzyetapowy proces:<\/h2>\r\n\r\n<ol>\r\n<li><strong>Wybierz sw\u00f3j styl i kolory:<\/strong>\r\n<p>Wybierz styl i kolory, kt\u00f3re oddaj\u0105 esencj\u0119 Twojej wyj\u0105tkowej historii mi\u0142o\u015bci.<\/p><\/li>\r\n\r\n<li><strong>Prze\u015blij Wasze wyj\u0105tkowe zdj\u0119cie:<\/strong>\r\n<p>Udost\u0119pnij zdj\u0119cie, kt\u00f3re oddaje magi\u0119 Waszego zwi\u0105zku. Nasi arty\u015bci skrupulatnie r\u0119cznie narysuj\u0105 grafik\u0119, upewniaj\u0105c si\u0119, \u017ce odzwierciedla ona romans i wi\u0119\u017a mi\u0119dzy Tob\u0105 a Twoim partnerem.<\/p><\/li>\r\n\r\n<li><strong>Dodaj personalizowan\u0105 wiadomo\u015b\u0107 i sfinalizuj projekt:<\/strong>\r\n<p>Wzboga\u0107 swoj\u0105 grafik\u0119 Para Plakat Line Art o wzruszaj\u0105c\u0105 wiadomo\u015b\u0107. Po dokonaniu p\u0142atno\u015bci nasz zesp\u00f3\u0142 Positive Prints skontaktuje si\u0119 z Tob\u0105 w celu potwierdzenia zam\u00f3wienia. Gdy grafika b\u0119dzie gotowa, otrzymasz wiadomo\u015b\u0107 e-mail, aby przejrze\u0107 i zaakceptowa\u0107 ostateczny projekt. Twoja satysfakcja ma znaczenie, wi\u0119c mo\u017cesz poprosi\u0107 o poprawki dwa razy. Po ostatecznym zatwierdzeniu, grafika zostanie wys\u0142ana do druku i dostawy, tworz\u0105c trwa\u0142y ho\u0142d dla Waszej wyj\u0105tkowej historii mi\u0142o\u015bci.<\/p><\/li>\r\n\r\n<\/ol>\r\n\r\n<h2>Para Plakat Line Art: Idealny prezent, kt\u00f3ry budzi emocje<\/h2>\r\n\r\n<p>Para Plakat Line Art to nie tylko prezent; to celebracja mi\u0142o\u015bci i partnerstwa. To wyj\u0105tkowy spos\u00f3b na wyra\u017cenie wi\u0119zi i stworzenie trwa\u0142ego wspomnienia. Zam\u00f3w <a href=\"https:\/\/positiveprints.com\/pl\/produkt\/plakat-line-art\/\">Plakat Line Art<\/a> ju\u017c teraz i upami\u0119tnij wyj\u0105tkow\u0105 wi\u0119\u017a, kt\u00f3r\u0105 dzielisz, personalizowanym arcydzie\u0142em, kt\u00f3re oddaje esencj\u0119 Twojego zwi\u0105zku. <\/p>","protected":false},"excerpt":{"rendered":"<ul class=\"check-list\">\n<li>Pozw\u00f3l naszym artystom narysowa\u0107 unikalny Line Art z Twojego zdj\u0119cia, aby\u015b m\u00f3g\u0142 podzieli\u0107 si\u0119 nim ze swoj\u0105 ulubion\u0105 osob\u0105 na \u015bwiecie<\/li>\n<li>Narysowany i wys\u0142any do Twojej akceptacji w ci\u0105gu 2-3 dni roboczych<\/li>\n<li>Personalizacja w 3 prostych krokach<\/li>\n<li>Dost\u0119pny w wielu wariantach kolorystycznych<\/li>\n<li>2 poprawki wliczone w cen\u0119<\/li>\n<\/ul>\n","protected":false},"featured_media":1326012,"template":"","meta":[],"product_brand":[],"product_cat":[9279,11403,7675,11407,7786,7690,7643,11412,8010,8206,11411,8190,11410,7802,11417,7753,9182,11240,11239,15849,5271,9765,3120,99],"product_tag":[14970,14973,14981,14959,14960,14957,14962,15510,9730,14980,17157,11756,11817,11816,11815,11813,14170,14977,14174,14979,14983,14968,14984,14972,14982,14964,14976],"class_list":{"0":"post-1083201","1":"product","2":"type-product","3":"status-publish","4":"has-post-thumbnail","6":"product_cat-bestsellers-label-pl","7":"product_cat-prezenty-pod-choinke-dla-chlopaka","8":"product_cat-prezent-dla-chlopaka","9":"product_cat-prezenty-pod-choinke-dla-dziewczyny","10":"product_cat-prezent-dla-dziewczyny","11":"product_cat-prezent-dla-kobiety","12":"product_cat-prezent-dla-meza","13":"product_cat-prezenty-pod-choinke-dla-meza","14":"product_cat-prezent-dla-mezczyzny","15":"product_cat-dla-niego","16":"product_cat-prezenty-pod-choinke-dla-niego","17":"product_cat-dla-niej","18":"product_cat-prezenty-pod-choinke-dla-niej","19":"product_cat-prezent-dla-pary","20":"product_cat-prezenty-pod-choinke-dla-zony","21":"product_cat-prezent-dla-zony","22":"product_cat-line-art-pl","23":"product_cat-prezenty-na-walentynki-dla-niego","24":"product_cat-prezenty-na-walentynki-dla-niej","25":"product_cat-shop-bestsellers-pl","26":"product_cat-prezent-na-boze-narodzenie","27":"product_cat-trending-label-pl","28":"product_cat-prezent-na-walentynki","29":"product_cat-wszystkie-produkty","30":"product_tag-anniversary-gift-pl","31":"product_tag-anniversary-gifts-pl","32":"product_tag-anniversary-present-pl","33":"product_tag-couple-gift-pl","34":"product_tag-gift-for-couple-pl","35":"product_tag-love-pl","36":"product_tag-love-gift-pl","37":"product_tag-one-line-pl","38":"product_tag-pary","39":"product_tag-personalized-gift-pl","40":"product_tag-prezenty-dla-dziewczyny","41":"product_tag-prezenty-pod-choinke-dla-chlopaka","42":"product_tag-prezenty-pod-choinke-dla-meza","43":"product_tag-prezenty-pod-choinke-dla-niego","44":"product_tag-prezenty-pod-choinke-dla-niej","45":"product_tag-prezenty-pod-choinke-dla-zony","46":"product_tag-rocznicowy-prezent-dla-pary","47":"product_tag-romantic-gifts-pl","48":"product_tag-romantyczny-prezent","49":"product_tag-sentimental-gift-pl","50":"product_tag-special-occasion-pl","51":"product_tag-thoughtful-gift-pl","52":"product_tag-unique-gift-pl","53":"product_tag-valentines-day-gifts-pl","54":"product_tag-valentines-day-pl","55":"product_tag-valentines-day-gift-pl","56":"product_tag-wedding-anniversary-pl","58":"first","59":"instock","60":"sale","61":"taxable","62":"shipping-taxable","63":"purchasable","64":"product-type-variable"},"yoast_head":"<!-- This site is optimized with the Yoast SEO Premium plugin v27.2 (Yoast SEO v27.2) - https:\/\/yoast.com\/product\/yoast-seo-premium-wordpress\/ -->\n<title>Ty i Ja - Plakat Line Art dla pary - Positive Prints<\/title>\n<meta name=\"description\" content=\"Zam\u00f3w Para Plakat Line Art ju\u017c teraz i upami\u0119tnij Wasz\u0105 wyj\u0105tkow\u0105 wi\u0119\u017a personalizowanym arcydzie\u0142em, kt\u00f3re uchwyci istot\u0119 Waszego zwi\u0105zku\" \/>\n<meta name=\"robots\" content=\"index, follow, max-snippet:-1, max-image-preview:large, max-video-preview:-1\" \/>\n<link rel=\"canonical\" href=\"https:\/\/positiveprints.com\/pl\/produkt\/para-plakat-line-art\/\" \/>\n<meta property=\"og:locale\" content=\"pl_PL\" \/>\n<meta property=\"og:type\" content=\"article\" \/>\n<meta property=\"og:title\" content=\"Ty i Ja - Plakat Line Art dla pary\" \/>\n<meta property=\"og:description\" content=\"Pozw\u00f3l naszym artystom narysowa\u0107 unikalny Line Art z Twojego zdj\u0119cia, aby\u015b m\u00f3g\u0142 podzieli\u0107 si\u0119 nim ze swoj\u0105 ulubion\u0105 osob\u0105 na \u015bwiecie  Narysowany i wys\u0142any do Twojej akceptacji w ci\u0105gu 2-3 dni roboczych  Personalizacja w 3 prostych krokach  Dost\u0119pny w wielu wariantach kolorystycznych  2 poprawki wliczone w cen\u0119\" \/>\n<meta property=\"og:url\" content=\"https:\/\/positiveprints.com\/pl\/produkt\/para-plakat-line-art\/\" \/>\n<meta property=\"og:site_name\" content=\"Positive Prints\" \/>\n<meta property=\"article:publisher\" content=\"https:\/\/www.facebook.com\/positiveprintscom\" \/>\n<meta property=\"article:modified_time\" content=\"2026-04-07T13:05:16+00:00\" \/>\n<meta property=\"og:image\" content=\"https:\/\/positiveprints.com\/wp-content\/uploads\/2025\/01\/Ty-i-Ja-Plakat-Line-Art-dla-pary-1.webp\" \/>\n\t<meta property=\"og:image:width\" content=\"1450\" \/>\n\t<meta property=\"og:image:height\" content=\"1450\" \/>\n\t<meta property=\"og:image:type\" content=\"image\/webp\" \/>\n<meta name=\"twitter:card\" content=\"summary_large_image\" \/>\n<meta name=\"twitter:label1\" content=\"Szacowany czas czytania\" \/>\n\t<meta name=\"twitter:data1\" content=\"2 minuty\" \/>\n<!-- \/ Yoast SEO Premium plugin. -->","yoast_head_json":{"title":"Ty i Ja - Plakat Line Art dla pary - Positive Prints","description":"Zam\u00f3w Para Plakat Line Art ju\u017c teraz i upami\u0119tnij Wasz\u0105 wyj\u0105tkow\u0105 wi\u0119\u017a personalizowanym arcydzie\u0142em, kt\u00f3re uchwyci istot\u0119 Waszego zwi\u0105zku","robots":{"index":"index","follow":"follow","max-snippet":"max-snippet:-1","max-image-preview":"max-image-preview:large","max-video-preview":"max-video-preview:-1"},"canonical":"https:\/\/positiveprints.com\/pl\/produkt\/para-plakat-line-art\/","og_locale":"pl_PL","og_type":"article","og_title":"Ty i Ja - Plakat Line Art dla pary","og_description":"Pozw\u00f3l naszym artystom narysowa\u0107 unikalny Line Art z Twojego zdj\u0119cia, aby\u015b m\u00f3g\u0142 podzieli\u0107 si\u0119 nim ze swoj\u0105 ulubion\u0105 osob\u0105 na \u015bwiecie  Narysowany i wys\u0142any do Twojej akceptacji w ci\u0105gu 2-3 dni roboczych  Personalizacja w 3 prostych krokach  Dost\u0119pny w wielu wariantach kolorystycznych  2 poprawki wliczone w cen\u0119","og_url":"https:\/\/positiveprints.com\/pl\/produkt\/para-plakat-line-art\/","og_site_name":"Positive Prints","article_publisher":"https:\/\/www.facebook.com\/positiveprintscom","article_modified_time":"2026-04-07T13:05:16+00:00","og_image":[{"width":1450,"height":1450,"url":"https:\/\/positiveprints.com\/wp-content\/uploads\/2025\/01\/Ty-i-Ja-Plakat-Line-Art-dla-pary-1.webp","type":"image\/webp"}],"twitter_card":"summary_large_image","twitter_misc":{"Szacowany czas czytania":"2 minuty"},"schema":{"@context":"https:\/\/schema.org","@graph":[{"@type":["WebPage","ItemPage"],"@id":"https:\/\/positiveprints.com\/pl\/produkt\/para-plakat-line-art\/","url":"https:\/\/positiveprints.com\/pl\/produkt\/para-plakat-line-art\/","name":"Ty i Ja - Plakat Line Art dla pary - Positive Prints","isPartOf":{"@id":"https:\/\/positiveprints.com\/pl\/#website"},"primaryImageOfPage":{"@id":"https:\/\/positiveprints.com\/pl\/produkt\/para-plakat-line-art\/#primaryimage"},"image":{"@id":"https:\/\/positiveprints.com\/pl\/produkt\/para-plakat-line-art\/#primaryimage"},"thumbnailUrl":"https:\/\/positiveprints.com\/wp-content\/uploads\/2025\/01\/Ty-i-Ja-Plakat-Line-Art-dla-pary-1.webp","datePublished":"2023-11-22T10:51:21+00:00","dateModified":"2026-04-07T13:05:16+00:00","description":"Zam\u00f3w Para Plakat Line Art ju\u017c teraz i upami\u0119tnij Wasz\u0105 wyj\u0105tkow\u0105 wi\u0119\u017a personalizowanym arcydzie\u0142em, kt\u00f3re uchwyci istot\u0119 Waszego zwi\u0105zku","breadcrumb":{"@id":"https:\/\/positiveprints.com\/pl\/produkt\/para-plakat-line-art\/#breadcrumb"},"inLanguage":"pl-PL","potentialAction":[{"@type":"ReadAction","target":["https:\/\/positiveprints.com\/pl\/produkt\/para-plakat-line-art\/"]}]},{"@type":"ImageObject","inLanguage":"pl-PL","@id":"https:\/\/positiveprints.com\/pl\/produkt\/para-plakat-line-art\/#primaryimage","url":"https:\/\/positiveprints.com\/wp-content\/uploads\/2025\/01\/Ty-i-Ja-Plakat-Line-Art-dla-pary-1.webp","contentUrl":"https:\/\/positiveprints.com\/wp-content\/uploads\/2025\/01\/Ty-i-Ja-Plakat-Line-Art-dla-pary-1.webp","width":1450,"height":1450},{"@type":"BreadcrumbList","@id":"https:\/\/positiveprints.com\/pl\/produkt\/para-plakat-line-art\/#breadcrumb","itemListElement":[{"@type":"ListItem","position":1,"name":"Home","item":"https:\/\/positiveprints.com\/pl\/"},{"@type":"ListItem","position":2,"name":"Produkty","item":"https:\/\/positiveprints.com\/pl\/shop\/"},{"@type":"ListItem","position":3,"name":"Ty i Ja &#8211; Plakat Line Art dla pary"}]},{"@type":"WebSite","@id":"https:\/\/positiveprints.com\/pl\/#website","url":"https:\/\/positiveprints.com\/pl\/","name":"Positive Prints","description":"Amazing Custom Personalized Gifts","publisher":{"@id":"https:\/\/positiveprints.com\/pl\/#organization"},"potentialAction":[{"@type":"SearchAction","target":{"@type":"EntryPoint","urlTemplate":"https:\/\/positiveprints.com\/pl\/?s={search_term_string}"},"query-input":{"@type":"PropertyValueSpecification","valueRequired":true,"valueName":"search_term_string"}}],"inLanguage":"pl-PL"},{"@type":"Organization","@id":"https:\/\/positiveprints.com\/pl\/#organization","name":"Positive Prints","alternateName":"Positive Prints","url":"https:\/\/positiveprints.com\/pl\/","logo":{"@type":"ImageObject","inLanguage":"pl-PL","@id":"https:\/\/positiveprints.com\/pl\/#\/schema\/logo\/image\/","url":"https:\/\/positiveprints.com\/wp-content\/uploads\/2026\/03\/245815646_1337939713319158_5671353136411139666_n.png","contentUrl":"https:\/\/positiveprints.com\/wp-content\/uploads\/2026\/03\/245815646_1337939713319158_5671353136411139666_n.png","width":800,"height":800,"caption":"Positive Prints"},"image":{"@id":"https:\/\/positiveprints.com\/pl\/#\/schema\/logo\/image\/"},"sameAs":["https:\/\/www.facebook.com\/positiveprintscom","https:\/\/www.instagram.com\/positiveprintscom\/","https:\/\/www.tiktok.com\/@positiveprintscom","https:\/\/www.pinterest.com\/positiveprintscom\/"]}]}},"jetpack_sharing_enabled":true,"_links":{"self":[{"href":"https:\/\/positiveprints.com\/pl\/wp-json\/wp\/v2\/product\/1083201","targetHints":{"allow":["GET"]}}],"collection":[{"href":"https:\/\/positiveprints.com\/pl\/wp-json\/wp\/v2\/product"}],"about":[{"href":"https:\/\/positiveprints.com\/pl\/wp-json\/wp\/v2\/types\/product"}],"wp:featuredmedia":[{"embeddable":true,"href":"https:\/\/positiveprints.com\/pl\/wp-json\/wp\/v2\/media\/1326012"}],"wp:attachment":[{"href":"https:\/\/positiveprints.com\/pl\/wp-json\/wp\/v2\/media?parent=1083201"}],"wp:term":[{"taxonomy":"product_brand","embeddable":true,"href":"https:\/\/positiveprints.com\/pl\/wp-json\/wp\/v2\/product_brand?post=1083201"},{"taxonomy":"product_cat","embeddable":true,"href":"https:\/\/positiveprints.com\/pl\/wp-json\/wp\/v2\/product_cat?post=1083201"},{"taxonomy":"product_tag","embeddable":true,"href":"https:\/\/positiveprints.com\/pl\/wp-json\/wp\/v2\/product_tag?post=1083201"}],"curies":[{"name":"wp","href":"https:\/\/api.w.org\/{rel}","templated":true}]}}