{"id":1083199,"date":"2023-11-23T08:49:28","date_gmt":"2023-11-23T07:49:28","guid":{"rendered":"https:\/\/positiveprints.com\/?post_type=product&#038;p=1083199"},"modified":"2026-04-12T21:25:48","modified_gmt":"2026-04-12T20:25:48","slug":"rodzina-plakat-line-art","status":"publish","type":"product","link":"https:\/\/positiveprints.com\/pl\/produkt\/rodzina-plakat-line-art\/","title":{"rendered":"Rodzina Plakat Line Art"},"content":{"rendered":"<p>Uczcij ciep\u0142o i jedno\u015b\u0107 swojej rodziny dzi\u0119ki naszym wzruszaj\u0105cym projektom Rodzina Plakat Line Art. Zamie\u0144 cenne rodzinne zdj\u0119cie w ponadczasowe personalizowane dzie\u0142o sztuki, kt\u00f3re uchwyci istot\u0119 wsp\u00f3lnoty. Nasi wykwalifikowani arty\u015bci delikatnie r\u0119cznie narysuj\u0105 ka\u017cdy szczeg\u00f3\u0142, tworz\u0105c unikaln\u0105 reprezentacj\u0119, kt\u00f3ra odzwierciedla mi\u0142o\u015b\u0107 i wi\u0119\u017a w Twojej rodzinie. Wybierz preferowany styl i kolory, prze\u015blij specjalne zdj\u0119cie rodzinne i dodaj osobisty akcent w postaci wzruszaj\u0105cej wiadomo\u015bci. Stw\u00f3rz znacz\u0105c\u0105 pami\u0105tk\u0119, kt\u00f3ra symbolizuje wi\u0119\u017a i wsp\u00f3lne chwile, kt\u00f3re sprawiaj\u0105, \u017ce Twoja rodzina jest wyj\u0105tkowa.<\/p>\r\n\r\n<h2>Prosty trzyetapowy proces:<\/h2>\r\n\r\n<ol>\r\n<li><strong>Wybierz sw\u00f3j styl i kolory:<\/strong>\r\n<p>Wybierz styl i kolory, kt\u00f3re odzwierciedlaj\u0105 ciep\u0142o i jedno\u015b\u0107 w Twojej rodzinie.<\/p><\/li>\r\n\r\n<li><strong>Prze\u015blij swoje wyj\u0105tkowe zdj\u0119cie rodzinne:<\/strong>\r\n<p>Podziel si\u0119 zdj\u0119ciem, kt\u00f3re oddaje magi\u0119 Waszej rodzinnej wi\u0119zi. Nasi arty\u015bci skrupulatnie r\u0119cznie narysuj\u0105 grafik\u0119, upewniaj\u0105c si\u0119, \u017ce odzwierciedla ona mi\u0142o\u015b\u0107 i wi\u0119\u017a w Twojej rodzinie.<\/p><\/li>\r\n\r\n<li><strong>Dodaj personalizowan\u0105 wiadomo\u015b\u0107 i sfinalizuj projekt:<\/strong>\r\n<p>Wzboga\u0107 sw\u00f3j projekt Rodzina Plakat Line Art o wzruszaj\u0105c\u0105 wiadomo\u015b\u0107. Po dokonaniu p\u0142atno\u015bci nasz zesp\u00f3\u0142 Positive Prints skontaktuje si\u0119 z Tob\u0105 w celu potwierdzenia zam\u00f3wienia. Gdy grafika b\u0119dzie gotowa, otrzymasz wiadomo\u015b\u0107 e-mail, aby przejrze\u0107 i zaakceptowa\u0107 ostateczny projekt. Twoja satysfakcja ma znaczenie, wi\u0119c mo\u017cesz poprosi\u0107 o poprawki dwa razy. Po ostatecznym zatwierdzeniu, grafika zostanie wys\u0142ana do druku i dostawy, tworz\u0105c trwa\u0142y ho\u0142d dla wyj\u0105tkowej wi\u0119zi rodzinnej.<\/p><\/li>\r\n\r\n<\/ol>\r\n\r\n<h2>Rodzina Plakat Line Art: Celebracja mi\u0142o\u015bci i jedno\u015bci<\/h2>\r\n\r\n<p>Rodzina Plakat Line Art to nie tylko zwyk\u0142y <a href=\"https:\/\/positiveprints.com\/pl\/prezent-dla-rodziny\/\">prezent dla rodziny<\/a>; to celebracja mi\u0142o\u015bci, jedno\u015bci i wsp\u00f3lnych chwil. To wyj\u0105tkowy spos\u00f3b na wyra\u017cenie wi\u0119zi rodzinnej i stworzenie trwa\u0142ego wspomnienia. Zam\u00f3w Rodzina Plakat Line Art ju\u017c teraz i upami\u0119tnij wyj\u0105tkow\u0105 wi\u0119\u017a, kt\u00f3r\u0105 dzielicie, dzi\u0119ki personalizowanemu arcydzie\u0142u, kt\u00f3re oddaje natur\u0119 Waszej rodziny.<\/p>","protected":false},"excerpt":{"rendered":"<ul class=\"check-list\">\n<li>Pozw\u00f3l naszym artystom przekszta\u0142ci\u0107 cenne rodzinne zdj\u0119cie w ponadczasowe personalizowane dzie\u0142o sztuki<\/li>\n<li>Narysowany i wys\u0142any do Twojej akceptacji w ci\u0105gu 2-3 dni roboczych<\/li>\n<li>Personalizacja w 3 prostych krokach<\/li>\n<li>Dost\u0119pny w wielu wariantach kolorystycznych<\/li>\n<li>2 poprawki wliczone w cen\u0119<\/li>\n<\/ul>\n","protected":false},"featured_media":1359686,"template":"","meta":[],"product_brand":[],"product_cat":[9279,9182,99,5253,3126,11209,11210,5271,15059,11416,11404,11415,11413,8010,7626,7658,7690,7770,7739,7850,7818],"product_tag":[8538,12776,13458,13468],"class_list":{"0":"post-1083199","1":"product","2":"type-product","3":"status-publish","4":"has-post-thumbnail","6":"product_cat-bestsellers-label-pl","7":"product_cat-line-art-pl","8":"product_cat-wszystkie-produkty","9":"product_cat-prezent-na-narodziny-dziecka","10":"product_cat-prezent-na-urodziny","11":"product_cat-prezenty-urodzinowe-dla-niej","12":"product_cat-prezenty-urodzinowe-dla-niego","13":"product_cat-prezent-na-boze-narodzenie","14":"product_cat-prezenty-pod-choinke-dla-rodziny","15":"product_cat-prezenty-pod-choinke-dla-siostry","16":"product_cat-prezenty-pod-choinke-dla-brata","17":"product_cat-prezenty-pod-choinke-dla-rodzicow","18":"product_cat-prezenty-pod-choinke-dla-dzieci","19":"product_cat-prezent-dla-mezczyzny","20":"product_cat-prezent-dla-brata","21":"product_cat-prezent-dla-syna","22":"product_cat-prezent-dla-kobiety","23":"product_cat-prezent-dla-corki","24":"product_cat-prezent-dla-siostry","25":"product_cat-prezent-dla-rodziny","26":"product_cat-prezent-dla-mlodych-rodzicow","27":"product_tag-family-pl","28":"product_tag-prezent-pod-choinke-dla-siostry","29":"product_tag-prezenty-swiateczne-dla-brata","30":"product_tag-prezenty-swiateczne-dla-rodziny","32":"first","33":"instock","34":"sale","35":"taxable","36":"shipping-taxable","37":"purchasable","38":"product-type-variable"},"yoast_head":"<!-- This site is optimized with the Yoast SEO Premium plugin v27.2 (Yoast SEO v27.2) - https:\/\/yoast.com\/product\/yoast-seo-premium-wordpress\/ -->\n<title>Rodzina Plakat Line Art - Positive Prints<\/title>\n<meta name=\"description\" content=\"Zam\u00f3w Rodzina Plakat Line Art ju\u017c teraz i upami\u0119tnij Wasz\u0105 wyj\u0105tkow\u0105 wi\u0119\u017a personalizowanym arcydzie\u0142em, kt\u00f3re uchwyci istot\u0119 Waszej rodziny.\" \/>\n<meta name=\"robots\" content=\"index, follow, max-snippet:-1, max-image-preview:large, max-video-preview:-1\" \/>\n<link rel=\"canonical\" href=\"https:\/\/positiveprints.com\/pl\/produkt\/rodzina-plakat-line-art\/\" \/>\n<meta property=\"og:locale\" content=\"pl_PL\" \/>\n<meta property=\"og:type\" content=\"article\" \/>\n<meta property=\"og:title\" content=\"Rodzina Plakat Line Art\" \/>\n<meta property=\"og:description\" content=\"Pozw\u00f3l naszym artystom przekszta\u0142ci\u0107 cenne rodzinne zdj\u0119cie w ponadczasowe personalizowane dzie\u0142o sztuki  Narysowany i wys\u0142any do Twojej akceptacji w ci\u0105gu 2-3 dni roboczych  Personalizacja w 3 prostych krokach  Dost\u0119pny w wielu wariantach kolorystycznych  2 poprawki wliczone w cen\u0119\" \/>\n<meta property=\"og:url\" content=\"https:\/\/positiveprints.com\/pl\/produkt\/rodzina-plakat-line-art\/\" \/>\n<meta property=\"og:site_name\" content=\"Positive Prints\" \/>\n<meta property=\"article:publisher\" content=\"https:\/\/www.facebook.com\/positiveprintscom\" \/>\n<meta property=\"article:modified_time\" content=\"2026-04-12T20:25:48+00:00\" \/>\n<meta property=\"og:image\" content=\"https:\/\/positiveprints.com\/wp-content\/uploads\/2025\/02\/Rodzina-Plakat-Line-Art-1.webp\" \/>\n\t<meta property=\"og:image:width\" content=\"1450\" \/>\n\t<meta property=\"og:image:height\" content=\"1450\" \/>\n\t<meta property=\"og:image:type\" content=\"image\/webp\" \/>\n<meta name=\"twitter:card\" content=\"summary_large_image\" \/>\n<meta name=\"twitter:label1\" content=\"Szacowany czas czytania\" \/>\n\t<meta name=\"twitter:data1\" content=\"2 minuty\" \/>\n<!-- \/ Yoast SEO Premium plugin. -->","yoast_head_json":{"title":"Rodzina Plakat Line Art - Positive Prints","description":"Zam\u00f3w Rodzina Plakat Line Art ju\u017c teraz i upami\u0119tnij Wasz\u0105 wyj\u0105tkow\u0105 wi\u0119\u017a personalizowanym arcydzie\u0142em, kt\u00f3re uchwyci istot\u0119 Waszej rodziny.","robots":{"index":"index","follow":"follow","max-snippet":"max-snippet:-1","max-image-preview":"max-image-preview:large","max-video-preview":"max-video-preview:-1"},"canonical":"https:\/\/positiveprints.com\/pl\/produkt\/rodzina-plakat-line-art\/","og_locale":"pl_PL","og_type":"article","og_title":"Rodzina Plakat Line Art","og_description":"Pozw\u00f3l naszym artystom przekszta\u0142ci\u0107 cenne rodzinne zdj\u0119cie w ponadczasowe personalizowane dzie\u0142o sztuki  Narysowany i wys\u0142any do Twojej akceptacji w ci\u0105gu 2-3 dni roboczych  Personalizacja w 3 prostych krokach  Dost\u0119pny w wielu wariantach kolorystycznych  2 poprawki wliczone w cen\u0119","og_url":"https:\/\/positiveprints.com\/pl\/produkt\/rodzina-plakat-line-art\/","og_site_name":"Positive Prints","article_publisher":"https:\/\/www.facebook.com\/positiveprintscom","article_modified_time":"2026-04-12T20:25:48+00:00","og_image":[{"width":1450,"height":1450,"url":"https:\/\/positiveprints.com\/wp-content\/uploads\/2025\/02\/Rodzina-Plakat-Line-Art-1.webp","type":"image\/webp"}],"twitter_card":"summary_large_image","twitter_misc":{"Szacowany czas czytania":"2 minuty"},"schema":{"@context":"https:\/\/schema.org","@graph":[{"@type":["WebPage","ItemPage"],"@id":"https:\/\/positiveprints.com\/pl\/produkt\/rodzina-plakat-line-art\/","url":"https:\/\/positiveprints.com\/pl\/produkt\/rodzina-plakat-line-art\/","name":"Rodzina Plakat Line Art - Positive Prints","isPartOf":{"@id":"https:\/\/positiveprints.com\/pl\/#website"},"primaryImageOfPage":{"@id":"https:\/\/positiveprints.com\/pl\/produkt\/rodzina-plakat-line-art\/#primaryimage"},"image":{"@id":"https:\/\/positiveprints.com\/pl\/produkt\/rodzina-plakat-line-art\/#primaryimage"},"thumbnailUrl":"https:\/\/positiveprints.com\/wp-content\/uploads\/2025\/02\/Rodzina-Plakat-Line-Art-1.webp","datePublished":"2023-11-23T07:49:28+00:00","dateModified":"2026-04-12T20:25:48+00:00","description":"Zam\u00f3w Rodzina Plakat Line Art ju\u017c teraz i upami\u0119tnij Wasz\u0105 wyj\u0105tkow\u0105 wi\u0119\u017a personalizowanym arcydzie\u0142em, kt\u00f3re uchwyci istot\u0119 Waszej rodziny.","breadcrumb":{"@id":"https:\/\/positiveprints.com\/pl\/produkt\/rodzina-plakat-line-art\/#breadcrumb"},"inLanguage":"pl-PL","potentialAction":[{"@type":"ReadAction","target":["https:\/\/positiveprints.com\/pl\/produkt\/rodzina-plakat-line-art\/"]}]},{"@type":"ImageObject","inLanguage":"pl-PL","@id":"https:\/\/positiveprints.com\/pl\/produkt\/rodzina-plakat-line-art\/#primaryimage","url":"https:\/\/positiveprints.com\/wp-content\/uploads\/2025\/02\/Rodzina-Plakat-Line-Art-1.webp","contentUrl":"https:\/\/positiveprints.com\/wp-content\/uploads\/2025\/02\/Rodzina-Plakat-Line-Art-1.webp","width":1450,"height":1450},{"@type":"BreadcrumbList","@id":"https:\/\/positiveprints.com\/pl\/produkt\/rodzina-plakat-line-art\/#breadcrumb","itemListElement":[{"@type":"ListItem","position":1,"name":"Home","item":"https:\/\/positiveprints.com\/pl\/"},{"@type":"ListItem","position":2,"name":"Produkty","item":"https:\/\/positiveprints.com\/pl\/shop\/"},{"@type":"ListItem","position":3,"name":"Rodzina Plakat Line Art"}]},{"@type":"WebSite","@id":"https:\/\/positiveprints.com\/pl\/#website","url":"https:\/\/positiveprints.com\/pl\/","name":"Positive Prints","description":"Amazing Custom Personalized Gifts","publisher":{"@id":"https:\/\/positiveprints.com\/pl\/#organization"},"potentialAction":[{"@type":"SearchAction","target":{"@type":"EntryPoint","urlTemplate":"https:\/\/positiveprints.com\/pl\/?s={search_term_string}"},"query-input":{"@type":"PropertyValueSpecification","valueRequired":true,"valueName":"search_term_string"}}],"inLanguage":"pl-PL"},{"@type":"Organization","@id":"https:\/\/positiveprints.com\/pl\/#organization","name":"Positive Prints","alternateName":"Positive Prints","url":"https:\/\/positiveprints.com\/pl\/","logo":{"@type":"ImageObject","inLanguage":"pl-PL","@id":"https:\/\/positiveprints.com\/pl\/#\/schema\/logo\/image\/","url":"https:\/\/positiveprints.com\/wp-content\/uploads\/2026\/03\/245815646_1337939713319158_5671353136411139666_n.png","contentUrl":"https:\/\/positiveprints.com\/wp-content\/uploads\/2026\/03\/245815646_1337939713319158_5671353136411139666_n.png","width":800,"height":800,"caption":"Positive Prints"},"image":{"@id":"https:\/\/positiveprints.com\/pl\/#\/schema\/logo\/image\/"},"sameAs":["https:\/\/www.facebook.com\/positiveprintscom","https:\/\/www.instagram.com\/positiveprintscom\/","https:\/\/www.tiktok.com\/@positiveprintscom","https:\/\/www.pinterest.com\/positiveprintscom\/"]}]}},"jetpack_sharing_enabled":true,"_links":{"self":[{"href":"https:\/\/positiveprints.com\/pl\/wp-json\/wp\/v2\/product\/1083199","targetHints":{"allow":["GET"]}}],"collection":[{"href":"https:\/\/positiveprints.com\/pl\/wp-json\/wp\/v2\/product"}],"about":[{"href":"https:\/\/positiveprints.com\/pl\/wp-json\/wp\/v2\/types\/product"}],"wp:featuredmedia":[{"embeddable":true,"href":"https:\/\/positiveprints.com\/pl\/wp-json\/wp\/v2\/media\/1359686"}],"wp:attachment":[{"href":"https:\/\/positiveprints.com\/pl\/wp-json\/wp\/v2\/media?parent=1083199"}],"wp:term":[{"taxonomy":"product_brand","embeddable":true,"href":"https:\/\/positiveprints.com\/pl\/wp-json\/wp\/v2\/product_brand?post=1083199"},{"taxonomy":"product_cat","embeddable":true,"href":"https:\/\/positiveprints.com\/pl\/wp-json\/wp\/v2\/product_cat?post=1083199"},{"taxonomy":"product_tag","embeddable":true,"href":"https:\/\/positiveprints.com\/pl\/wp-json\/wp\/v2\/product_tag?post=1083199"}],"curies":[{"name":"wp","href":"https:\/\/api.w.org\/{rel}","templated":true}]}}