{"id":1083130,"date":"2023-10-24T14:26:46","date_gmt":"2023-10-24T13:26:46","guid":{"rendered":"https:\/\/positiveprints.com\/?post_type=product&#038;p=1083130"},"modified":"2026-04-23T11:15:17","modified_gmt":"2026-04-23T10:15:17","slug":"nasza-gwiezdna-konstelacja-ze-zdjeciem","status":"publish","type":"product","link":"https:\/\/positiveprints.com\/pl\/produkt\/nasza-gwiezdna-konstelacja-ze-zdjeciem\/","title":{"rendered":"Nasza Gwiezdna Konstelacja ze Zdj\u0119ciem"},"content":{"rendered":"<p>Romans i podziwianie gwiazd \u0142\u0105cz\u0105 si\u0119 w &#8220;Naszej Gwiezdnej Konstelacji ze Zdj\u0119ciem&#8221;. Niezale\u017cnie od tego, czy jest to rocznica, Walentynki, Bo\u017ce Narodzenie czy urodziny ukochanej osoby, ten prezent rozpali iskry mi\u0142o\u015bci. Upami\u0119tnij magiczny dzie\u0144, podczas kt\u00f3rego si\u0119 poznali\u015bcie, za pomoc\u0105 mapy gwiazd i wsp\u00f3lnego zdj\u0119cia. &#8220;Nasza Gwiezdna Konstelacja&#8221; zdobi grafik\u0119 jako idealny tytu\u0142 g\u0142\u00f3wny.<\/p>\r\n\r\n<h2>Jak stworzy\u0107 map\u0119 &#8220;Nasza Gwiezdna Konstelacja ze Zdj\u0119ciem&#8221;<\/h2>\r\n\r\n<p>Nasz kreator online sprawia, \u017ce proces przekszta\u0142cania cennych chwil w dzie\u0142o sztuki jest niesamowicie prosty. Wybierz preferowany styl, do\u0142\u0105cz elementy mapy, takie jak konstelacje i Droga Mleczna, i spersonalizuj go specjalnym tytu\u0142em. Wprowad\u017a dat\u0119 i miejsce z tego niezapomnianego dnia i obserwuj, jak mapa nieba o\u017cywa w podgl\u0105dzie online. Dodaj wyj\u0105tkowe zdj\u0119cie i Twoje romantyczne arcydzie\u0142o jest ju\u017c gotowe.<\/p>\r\n\r\n<p>&#8220;Nasza Gwiezdna Konstelacja ze Zdj\u0119ciem&#8221; jest jak uj\u0119cie nieba w dzie\u0144, w kt\u00f3rym rozpocz\u0119\u0142a si\u0119 Wasza historia mi\u0142o\u015bci, uchwycone w dziele sztuki z Waszym zdj\u0119ciem. To pi\u0119kna wizualizacja gwiazd, kt\u00f3re zdobi\u0142y niebo, gdy dzielili\u015bcie ten magiczny moment.<\/p>\r\n\r\n<h2>Idealny romantyczny prezent i trwa\u0142e wspomnienie<\/h2>\r\n\r\n<p>Ten wyj\u0105tkowy prezent jest uosobieniem romantyzmu. Nie jest przeznaczony tylko na rocznice lub Walentynki. Nadaje si\u0119 na ka\u017cdy moment, w kt\u00f3rym chcesz uczci\u0107 \u0142\u0105cz\u0105c\u0105 Was mi\u0142o\u015b\u0107. G\u0142\u00f3wny tytu\u0142, &#8220;Nasza Gwiezdna Konstelacja&#8221;, oddaje czaruj\u0105c\u0105 aur\u0119 tego wyj\u0105tkowego dnia.<\/p>\r\n\r\n<p>&#8220;Nasza Gwiezdna Konstelacja ze Zdj\u0119ciem&#8221; to historia mi\u0142osna na wystawie. To \u015bwiadectwo Waszej mi\u0142o\u015bci i wspomnie\u0144, kt\u00f3re zbli\u017cy\u0142y Was do siebie. Ka\u017cde spojrzenie na t\u0119 map\u0119 gwiazd i zdj\u0119cie przywo\u0142uje uczucia tej magicznej nocy, czyni\u0105c j\u0105 trwa\u0142ym wspomnieniem Waszej historii mi\u0142o\u015bci. Spraw, aby Tw\u00f3j romantyczny prezent by\u0142 niezapomniany dzi\u0119ki temu personalizowanemu arcydzie\u0142u.<\/p>","protected":false},"excerpt":{"rendered":"<ul class=\"check-list\">\n<li>Upami\u0119tnij magiczny dzie\u0144, w kt\u00f3rym si\u0119 poznali\u015bcie za pomoc\u0105 mapy gwiazd i zdj\u0119cia<\/li>\n<li>Dodaj konstelacje do mapy i wybierz zdj\u0119cie<\/li>\n<li>Spersonalizuj w 3 prostych krokach<\/li>\n<li>Dodaj dedykacj\u0119 prosto z serca <\/li>\n<li>Interaktywny podgl\u0105d pozwoli dopracowa\u0107 ka\u017cdy szczeg\u00f3\u0142<\/li>\n<\/ul>\n","protected":false},"featured_media":1259200,"template":"","meta":[],"product_brand":[],"product_cat":[9105,8190,8206,99,7929,5271,11410,11411,11407,11403,11417,11412,8010,7675,7643,7690,7786,7753,7802,3120,11239,11240],"product_tag":[14975,15454,11756,11770,11817,11816,11815,11813],"class_list":{"0":"post-1083130","1":"product","2":"type-product","3":"status-publish","4":"has-post-thumbnail","6":"product_cat-duo-stars-pl","7":"product_cat-dla-niej","8":"product_cat-dla-niego","9":"product_cat-wszystkie-produkty","10":"product_cat-prezent-na-wieczor-panienski","11":"product_cat-prezent-na-boze-narodzenie","12":"product_cat-prezenty-pod-choinke-dla-niej","13":"product_cat-prezenty-pod-choinke-dla-niego","14":"product_cat-prezenty-pod-choinke-dla-dziewczyny","15":"product_cat-prezenty-pod-choinke-dla-chlopaka","16":"product_cat-prezenty-pod-choinke-dla-zony","17":"product_cat-prezenty-pod-choinke-dla-meza","18":"product_cat-prezent-dla-mezczyzny","19":"product_cat-prezent-dla-chlopaka","20":"product_cat-prezent-dla-meza","21":"product_cat-prezent-dla-kobiety","22":"product_cat-prezent-dla-dziewczyny","23":"product_cat-prezent-dla-zony","24":"product_cat-prezent-dla-pary","25":"product_cat-prezent-na-walentynki","26":"product_cat-prezenty-na-walentynki-dla-niej","27":"product_cat-prezenty-na-walentynki-dla-niego","28":"product_tag-anniversary-pl","29":"product_tag-niebo-w-dniu-pierwszego-spotkania","30":"product_tag-prezenty-pod-choinke-dla-chlopaka","31":"product_tag-prezenty-pod-choinke-dla-dziewczyny","32":"product_tag-prezenty-pod-choinke-dla-meza","33":"product_tag-prezenty-pod-choinke-dla-niego","34":"product_tag-prezenty-pod-choinke-dla-niej","35":"product_tag-prezenty-pod-choinke-dla-zony","37":"first","38":"instock","39":"sale","40":"taxable","41":"shipping-taxable","42":"purchasable","43":"product-type-variable"},"yoast_head":"<!-- This site is optimized with the Yoast SEO Premium plugin v27.2 (Yoast SEO v27.2) - https:\/\/yoast.com\/product\/yoast-seo-premium-wordpress\/ -->\n<title>Nasza Gwiezdna Konstelacja ze Zdj\u0119ciem - Positive Prints<\/title>\n<meta name=\"description\" content=\"Nasza Gwiezdna Konstelacja ze Zdj\u0119ciem to historia mi\u0142o\u015bci na wystawie. To \u015bwiadectwo Waszej mi\u0142o\u015bci i wspomnie\u0144, kt\u00f3re zbli\u017cy\u0142y Was do siebie.\" \/>\n<meta name=\"robots\" content=\"index, follow, max-snippet:-1, max-image-preview:large, max-video-preview:-1\" \/>\n<link rel=\"canonical\" href=\"https:\/\/positiveprints.com\/pl\/produkt\/nasza-gwiezdna-konstelacja-ze-zdjeciem\/\" \/>\n<meta property=\"og:locale\" content=\"pl_PL\" \/>\n<meta property=\"og:type\" content=\"article\" \/>\n<meta property=\"og:title\" content=\"Nasza Gwiezdna Konstelacja ze Zdj\u0119ciem\" \/>\n<meta property=\"og:description\" content=\"Upami\u0119tnij magiczny dzie\u0144, w kt\u00f3rym si\u0119 poznali\u015bcie za pomoc\u0105 mapy gwiazd i zdj\u0119cia Dodaj konstelacje do mapy i wybierz zdj\u0119cie Spersonalizuj w 3 prostych krokach Dodaj dedykacj\u0119 prosto z serca  Interaktywny podgl\u0105d pozwoli dopracowa\u0107 ka\u017cdy szczeg\u00f3\u0142\" \/>\n<meta property=\"og:url\" content=\"https:\/\/positiveprints.com\/pl\/produkt\/nasza-gwiezdna-konstelacja-ze-zdjeciem\/\" \/>\n<meta property=\"og:site_name\" content=\"Positive Prints\" \/>\n<meta property=\"article:publisher\" content=\"https:\/\/www.facebook.com\/positiveprintscom\" \/>\n<meta property=\"article:modified_time\" content=\"2026-04-23T10:15:17+00:00\" \/>\n<meta property=\"og:image\" content=\"https:\/\/positiveprints.com\/wp-content\/uploads\/2024\/11\/PL_PACKSHOT_Stars-the-Night-We-Met-with-Photo-product-image-.webp\" \/>\n\t<meta property=\"og:image:width\" content=\"1450\" \/>\n\t<meta property=\"og:image:height\" content=\"1450\" \/>\n\t<meta property=\"og:image:type\" content=\"image\/webp\" \/>\n<meta name=\"twitter:card\" content=\"summary_large_image\" \/>\n<!-- \/ Yoast SEO Premium plugin. -->","yoast_head_json":{"title":"Nasza Gwiezdna Konstelacja ze Zdj\u0119ciem - Positive Prints","description":"Nasza Gwiezdna Konstelacja ze Zdj\u0119ciem to historia mi\u0142o\u015bci na wystawie. To \u015bwiadectwo Waszej mi\u0142o\u015bci i wspomnie\u0144, kt\u00f3re zbli\u017cy\u0142y Was do siebie.","robots":{"index":"index","follow":"follow","max-snippet":"max-snippet:-1","max-image-preview":"max-image-preview:large","max-video-preview":"max-video-preview:-1"},"canonical":"https:\/\/positiveprints.com\/pl\/produkt\/nasza-gwiezdna-konstelacja-ze-zdjeciem\/","og_locale":"pl_PL","og_type":"article","og_title":"Nasza Gwiezdna Konstelacja ze Zdj\u0119ciem","og_description":"Upami\u0119tnij magiczny dzie\u0144, w kt\u00f3rym si\u0119 poznali\u015bcie za pomoc\u0105 mapy gwiazd i zdj\u0119cia Dodaj konstelacje do mapy i wybierz zdj\u0119cie Spersonalizuj w 3 prostych krokach Dodaj dedykacj\u0119 prosto z serca  Interaktywny podgl\u0105d pozwoli dopracowa\u0107 ka\u017cdy szczeg\u00f3\u0142","og_url":"https:\/\/positiveprints.com\/pl\/produkt\/nasza-gwiezdna-konstelacja-ze-zdjeciem\/","og_site_name":"Positive Prints","article_publisher":"https:\/\/www.facebook.com\/positiveprintscom","article_modified_time":"2026-04-23T10:15:17+00:00","og_image":[{"width":1450,"height":1450,"url":"https:\/\/positiveprints.com\/wp-content\/uploads\/2024\/11\/PL_PACKSHOT_Stars-the-Night-We-Met-with-Photo-product-image-.webp","type":"image\/webp"}],"twitter_card":"summary_large_image","schema":{"@context":"https:\/\/schema.org","@graph":[{"@type":["WebPage","ItemPage"],"@id":"https:\/\/positiveprints.com\/pl\/produkt\/nasza-gwiezdna-konstelacja-ze-zdjeciem\/","url":"https:\/\/positiveprints.com\/pl\/produkt\/nasza-gwiezdna-konstelacja-ze-zdjeciem\/","name":"Nasza Gwiezdna Konstelacja ze Zdj\u0119ciem - Positive Prints","isPartOf":{"@id":"https:\/\/positiveprints.com\/pl\/#website"},"primaryImageOfPage":{"@id":"https:\/\/positiveprints.com\/pl\/produkt\/nasza-gwiezdna-konstelacja-ze-zdjeciem\/#primaryimage"},"image":{"@id":"https:\/\/positiveprints.com\/pl\/produkt\/nasza-gwiezdna-konstelacja-ze-zdjeciem\/#primaryimage"},"thumbnailUrl":"https:\/\/positiveprints.com\/wp-content\/uploads\/2024\/11\/PL_PACKSHOT_Stars-the-Night-We-Met-with-Photo-product-image-.webp","datePublished":"2023-10-24T13:26:46+00:00","dateModified":"2026-04-23T10:15:17+00:00","description":"Nasza Gwiezdna Konstelacja ze Zdj\u0119ciem to historia mi\u0142o\u015bci na wystawie. To \u015bwiadectwo Waszej mi\u0142o\u015bci i wspomnie\u0144, kt\u00f3re zbli\u017cy\u0142y Was do siebie.","breadcrumb":{"@id":"https:\/\/positiveprints.com\/pl\/produkt\/nasza-gwiezdna-konstelacja-ze-zdjeciem\/#breadcrumb"},"inLanguage":"pl-PL","potentialAction":[{"@type":"ReadAction","target":["https:\/\/positiveprints.com\/pl\/produkt\/nasza-gwiezdna-konstelacja-ze-zdjeciem\/"]}]},{"@type":"ImageObject","inLanguage":"pl-PL","@id":"https:\/\/positiveprints.com\/pl\/produkt\/nasza-gwiezdna-konstelacja-ze-zdjeciem\/#primaryimage","url":"https:\/\/positiveprints.com\/wp-content\/uploads\/2024\/11\/PL_PACKSHOT_Stars-the-Night-We-Met-with-Photo-product-image-.webp","contentUrl":"https:\/\/positiveprints.com\/wp-content\/uploads\/2024\/11\/PL_PACKSHOT_Stars-the-Night-We-Met-with-Photo-product-image-.webp","width":1450,"height":1450},{"@type":"BreadcrumbList","@id":"https:\/\/positiveprints.com\/pl\/produkt\/nasza-gwiezdna-konstelacja-ze-zdjeciem\/#breadcrumb","itemListElement":[{"@type":"ListItem","position":1,"name":"Home","item":"https:\/\/positiveprints.com\/pl\/"},{"@type":"ListItem","position":2,"name":"Produkty","item":"https:\/\/positiveprints.com\/pl\/shop\/"},{"@type":"ListItem","position":3,"name":"Nasza Gwiezdna Konstelacja ze Zdj\u0119ciem"}]},{"@type":"WebSite","@id":"https:\/\/positiveprints.com\/pl\/#website","url":"https:\/\/positiveprints.com\/pl\/","name":"Positive Prints","description":"Amazing Custom Personalized Gifts","publisher":{"@id":"https:\/\/positiveprints.com\/pl\/#organization"},"potentialAction":[{"@type":"SearchAction","target":{"@type":"EntryPoint","urlTemplate":"https:\/\/positiveprints.com\/pl\/?s={search_term_string}"},"query-input":{"@type":"PropertyValueSpecification","valueRequired":true,"valueName":"search_term_string"}}],"inLanguage":"pl-PL"},{"@type":"Organization","@id":"https:\/\/positiveprints.com\/pl\/#organization","name":"Positive Prints","alternateName":"Positive Prints","url":"https:\/\/positiveprints.com\/pl\/","logo":{"@type":"ImageObject","inLanguage":"pl-PL","@id":"https:\/\/positiveprints.com\/pl\/#\/schema\/logo\/image\/","url":"https:\/\/positiveprints.com\/wp-content\/uploads\/2026\/03\/245815646_1337939713319158_5671353136411139666_n.png","contentUrl":"https:\/\/positiveprints.com\/wp-content\/uploads\/2026\/03\/245815646_1337939713319158_5671353136411139666_n.png","width":800,"height":800,"caption":"Positive Prints"},"image":{"@id":"https:\/\/positiveprints.com\/pl\/#\/schema\/logo\/image\/"},"sameAs":["https:\/\/www.facebook.com\/positiveprintscom","https:\/\/www.instagram.com\/positiveprintscom\/","https:\/\/www.tiktok.com\/@positiveprintscom","https:\/\/www.pinterest.com\/positiveprintscom\/"]}]}},"jetpack_sharing_enabled":true,"_links":{"self":[{"href":"https:\/\/positiveprints.com\/pl\/wp-json\/wp\/v2\/product\/1083130","targetHints":{"allow":["GET"]}}],"collection":[{"href":"https:\/\/positiveprints.com\/pl\/wp-json\/wp\/v2\/product"}],"about":[{"href":"https:\/\/positiveprints.com\/pl\/wp-json\/wp\/v2\/types\/product"}],"wp:featuredmedia":[{"embeddable":true,"href":"https:\/\/positiveprints.com\/pl\/wp-json\/wp\/v2\/media\/1259200"}],"wp:attachment":[{"href":"https:\/\/positiveprints.com\/pl\/wp-json\/wp\/v2\/media?parent=1083130"}],"wp:term":[{"taxonomy":"product_brand","embeddable":true,"href":"https:\/\/positiveprints.com\/pl\/wp-json\/wp\/v2\/product_brand?post=1083130"},{"taxonomy":"product_cat","embeddable":true,"href":"https:\/\/positiveprints.com\/pl\/wp-json\/wp\/v2\/product_cat?post=1083130"},{"taxonomy":"product_tag","embeddable":true,"href":"https:\/\/positiveprints.com\/pl\/wp-json\/wp\/v2\/product_tag?post=1083130"}],"curies":[{"name":"wp","href":"https:\/\/api.w.org\/{rel}","templated":true}]}}