{"id":1083122,"date":"2023-10-25T09:23:42","date_gmt":"2023-10-25T08:23:42","guid":{"rendered":"https:\/\/positiveprints.com\/?post_type=product&#038;p=1083122"},"modified":"2026-04-28T14:05:39","modified_gmt":"2026-04-28T13:05:39","slug":"mapa-nieba-ze-zdjeciem-na-rocznice","status":"publish","type":"product","link":"https:\/\/positiveprints.com\/pl\/produkt\/mapa-nieba-ze-zdjeciem-na-rocznice\/","title":{"rendered":"Mapa Nieba ze Zdj\u0119ciem na Rocznic\u0119"},"content":{"rendered":"<p>\u015awi\u0119tuj swoj\u0105 histori\u0119 mi\u0142o\u015bci z &#8220;Map\u0105 Nieba ze Zdj\u0119ciem na Rocznic\u0119&#8221;. Niezale\u017cnie od tego, czy jest to rocznica \u015blubu, czy dzie\u0144, w kt\u00f3rym oficjalnie zostali\u015bcie par\u0105, ten prezent jest ponadczasowym symbolem Waszej podr\u00f3\u017cy. Upami\u0119tnij ten wa\u017cny dzie\u0144 za pomoc\u0105 <a href=\"https:\/\/positiveprints.com\/pl\/produkt\/mapa-nieba\/\">mapy gwiazd<\/a> i wyj\u0105tkowego zdj\u0119cia Was obojga. To idealny prezent <a href=\"https:\/\/positiveprints.com\/pl\/prezenty-na-rocznice\/\">prezent na rocznic\u0119<\/a>, aby uczci\u0107 Wasz\u0105 mi\u0142o\u015b\u0107.<\/p>\r\n\r\n<h2>Tworzenie wspomnie\u0144 z Map\u0105 Nieba ze Zdj\u0119ciem na Rocznic\u0119<\/h2>\r\n\r\n<p>Nasz kreator online sprawia, \u017ce proces przekszta\u0142cania cennych chwil w dzie\u0142o sztuki jest niesamowicie prosty. Wybierz preferowany styl, do\u0142\u0105cz elementy mapy, takie jak konstelacje i Droga Mleczna, i spersonalizuj go specjalnym tytu\u0142em. Wprowad\u017a dat\u0119 i miejsce tego wa\u017cnego dnia i obserwuj, jak mapa nieba o\u017cywa w podgl\u0105dzie online. Dodaj swoje zdj\u0119cie i personalizowane arcydzie\u0142o jest gotowe.<\/p>\r\n\r\n<p>&#8220;Mapa Nieba ze Zdj\u0119ciem na Rocznic\u0119&#8221; to osza\u0142amiaj\u0105ce odwzorowanie nocnego nieba w dniu, w kt\u00f3rym zostali\u015bcie par\u0105 lub wymienili\u015bcie przysi\u0119gi. Jest to szczeg\u00f3\u0142owe przedstawienie gwiazd, kt\u00f3re roz\u015bwietla\u0142y niebo podczas tej pami\u0119tnej chwili.<\/p>\r\n\r\n<h2>Idealny prezent na rocznic\u0119 i trwa\u0142e wspomnienie<\/h2>\r\n\r\n<p>Ten wyj\u0105tkowy prezent zosta\u0142 zaprojektowany, aby uczci\u0107 Wasz\u0105 wsp\u00f3ln\u0105 podr\u00f3\u017c. Jest on przeznaczony nie tylko na rocznic\u0119 \u015blubu, ale tak\u017ce na dzie\u0144, w kt\u00f3rym oficjalnie stali\u015bcie si\u0119 par\u0105. Personalizowany tytu\u0142 dodaje odrobin\u0119 nostalgii i ciep\u0142a do \u015bwi\u0119towania rocznicy.<\/p>\r\n\r\n<p>&#8220;Mapa Nieba ze Zdj\u0119ciem na Rocznic\u0119&#8221; to co\u015b wi\u0119cej ni\u017c prezent. To pami\u0105tka waszej historii mi\u0142o\u015bci. To \u015bwiadectwo wspomnie\u0144 i chwil, kt\u00f3re zbli\u017cy\u0142y Was do siebie. Za ka\u017cdym razem, gdy spojrzysz na t\u0119 map\u0119 nieba ze zdj\u0119cie, przeniesiesz si\u0119 z powrotem do tego wa\u017cnego dnia, o\u017cywiaj\u0105c emocje i mi\u0142o\u015b\u0107, kt\u00f3r\u0105 czu\u0142e\u015b. Uczy\u0144 swoj\u0105 rocznic\u0119 niezapomnian\u0105 dzi\u0119ki temu personalizowanemu arcydzie\u0142u.<\/p>","protected":false},"excerpt":{"rendered":"<ul class=\"check-list\">\n<li>\u015awi\u0119tuj rocznic\u0119 z map\u0105 nieba i Waszym zdj\u0119ciem<\/li>\n<li>Dodaj konstelacje do mapy i wybierz zdj\u0119cie<\/li>\n<li>Spersonalizuj w 3 prostych krokach<\/li>\n<li>Dodaj dedykacj\u0119 prosto z serca <\/li>\n<li>Interaktywny podgl\u0105d pozwoli dopracowa\u0107 ka\u017cdy szczeg\u00f3\u0142<\/li>\n<\/ul>\n","protected":false},"featured_media":1253984,"template":"","meta":[],"product_brand":[],"product_cat":[9105,11185,11184,11186,5333,99],"product_tag":[14975,8375],"class_list":{"0":"post-1083122","1":"product","2":"type-product","3":"status-publish","4":"has-post-thumbnail","6":"product_cat-duo-stars-pl","7":"product_cat-prezenty-na-rocznice-dla-niego","8":"product_cat-prezenty-na-rocznice-dla-niej","9":"product_cat-prezenty-na-rocznice-dla-pary","10":"product_cat-prezent-na-rocznice","11":"product_cat-wszystkie-produkty","12":"product_tag-anniversary-pl","13":"product_tag-rocznica","15":"first","16":"instock","17":"sale","18":"taxable","19":"shipping-taxable","20":"purchasable","21":"product-type-variable"},"yoast_head":"<!-- This site is optimized with the Yoast SEO Premium plugin v27.2 (Yoast SEO v27.2) - https:\/\/yoast.com\/product\/yoast-seo-premium-wordpress\/ -->\n<title>Mapa Nieba ze Zdj\u0119ciem na Rocznic\u0119 - Positive Prints<\/title>\n<meta name=\"description\" content=\"\u015awi\u0119tuj swoj\u0105 histori\u0119 mi\u0142o\u015bci z Map\u0105 Nieba ze Zdj\u0119ciem na Rocznic\u0119. Uczy\u0144 swoj\u0105 rocznic\u0119 niezapomnian\u0105 dzi\u0119ki temu personalizowanemu arcydzie\u0142u.\" \/>\n<meta name=\"robots\" content=\"index, follow, max-snippet:-1, max-image-preview:large, max-video-preview:-1\" \/>\n<link rel=\"canonical\" href=\"https:\/\/positiveprints.com\/pl\/produkt\/mapa-nieba-ze-zdjeciem-na-rocznice\/\" \/>\n<meta property=\"og:locale\" content=\"pl_PL\" \/>\n<meta property=\"og:type\" content=\"article\" \/>\n<meta property=\"og:title\" content=\"Mapa Nieba ze Zdj\u0119ciem na Rocznic\u0119\" \/>\n<meta property=\"og:description\" content=\"\u015awi\u0119tuj rocznic\u0119 z map\u0105 nieba i Waszym zdj\u0119ciem Dodaj konstelacje do mapy i wybierz zdj\u0119cie Spersonalizuj w 3 prostych krokach Dodaj dedykacj\u0119 prosto z serca  Interaktywny podgl\u0105d pozwoli dopracowa\u0107 ka\u017cdy szczeg\u00f3\u0142\" \/>\n<meta property=\"og:url\" content=\"https:\/\/positiveprints.com\/pl\/produkt\/mapa-nieba-ze-zdjeciem-na-rocznice\/\" \/>\n<meta property=\"og:site_name\" content=\"Positive Prints\" \/>\n<meta property=\"article:publisher\" content=\"https:\/\/www.facebook.com\/positiveprintscom\" \/>\n<meta property=\"article:modified_time\" content=\"2026-04-28T13:05:39+00:00\" \/>\n<meta property=\"og:image\" content=\"https:\/\/positiveprints.com\/wp-content\/uploads\/2024\/11\/PL_PACKSHOT_Anniversary-Star-Map-with-Photo-product-image-.webp\" \/>\n\t<meta property=\"og:image:width\" content=\"1450\" \/>\n\t<meta property=\"og:image:height\" content=\"1450\" \/>\n\t<meta property=\"og:image:type\" content=\"image\/webp\" \/>\n<meta name=\"twitter:card\" content=\"summary_large_image\" \/>\n<!-- \/ Yoast SEO Premium plugin. -->","yoast_head_json":{"title":"Mapa Nieba ze Zdj\u0119ciem na Rocznic\u0119 - Positive Prints","description":"\u015awi\u0119tuj swoj\u0105 histori\u0119 mi\u0142o\u015bci z Map\u0105 Nieba ze Zdj\u0119ciem na Rocznic\u0119. Uczy\u0144 swoj\u0105 rocznic\u0119 niezapomnian\u0105 dzi\u0119ki temu personalizowanemu arcydzie\u0142u.","robots":{"index":"index","follow":"follow","max-snippet":"max-snippet:-1","max-image-preview":"max-image-preview:large","max-video-preview":"max-video-preview:-1"},"canonical":"https:\/\/positiveprints.com\/pl\/produkt\/mapa-nieba-ze-zdjeciem-na-rocznice\/","og_locale":"pl_PL","og_type":"article","og_title":"Mapa Nieba ze Zdj\u0119ciem na Rocznic\u0119","og_description":"\u015awi\u0119tuj rocznic\u0119 z map\u0105 nieba i Waszym zdj\u0119ciem Dodaj konstelacje do mapy i wybierz zdj\u0119cie Spersonalizuj w 3 prostych krokach Dodaj dedykacj\u0119 prosto z serca  Interaktywny podgl\u0105d pozwoli dopracowa\u0107 ka\u017cdy szczeg\u00f3\u0142","og_url":"https:\/\/positiveprints.com\/pl\/produkt\/mapa-nieba-ze-zdjeciem-na-rocznice\/","og_site_name":"Positive Prints","article_publisher":"https:\/\/www.facebook.com\/positiveprintscom","article_modified_time":"2026-04-28T13:05:39+00:00","og_image":[{"width":1450,"height":1450,"url":"https:\/\/positiveprints.com\/wp-content\/uploads\/2024\/11\/PL_PACKSHOT_Anniversary-Star-Map-with-Photo-product-image-.webp","type":"image\/webp"}],"twitter_card":"summary_large_image","schema":{"@context":"https:\/\/schema.org","@graph":[{"@type":["WebPage","ItemPage"],"@id":"https:\/\/positiveprints.com\/pl\/produkt\/mapa-nieba-ze-zdjeciem-na-rocznice\/","url":"https:\/\/positiveprints.com\/pl\/produkt\/mapa-nieba-ze-zdjeciem-na-rocznice\/","name":"Mapa Nieba ze Zdj\u0119ciem na Rocznic\u0119 - Positive Prints","isPartOf":{"@id":"https:\/\/positiveprints.com\/pl\/#website"},"primaryImageOfPage":{"@id":"https:\/\/positiveprints.com\/pl\/produkt\/mapa-nieba-ze-zdjeciem-na-rocznice\/#primaryimage"},"image":{"@id":"https:\/\/positiveprints.com\/pl\/produkt\/mapa-nieba-ze-zdjeciem-na-rocznice\/#primaryimage"},"thumbnailUrl":"https:\/\/positiveprints.com\/wp-content\/uploads\/2024\/11\/PL_PACKSHOT_Anniversary-Star-Map-with-Photo-product-image-.webp","datePublished":"2023-10-25T08:23:42+00:00","dateModified":"2026-04-28T13:05:39+00:00","description":"\u015awi\u0119tuj swoj\u0105 histori\u0119 mi\u0142o\u015bci z Map\u0105 Nieba ze Zdj\u0119ciem na Rocznic\u0119. Uczy\u0144 swoj\u0105 rocznic\u0119 niezapomnian\u0105 dzi\u0119ki temu personalizowanemu arcydzie\u0142u.","breadcrumb":{"@id":"https:\/\/positiveprints.com\/pl\/produkt\/mapa-nieba-ze-zdjeciem-na-rocznice\/#breadcrumb"},"inLanguage":"pl-PL","potentialAction":[{"@type":"ReadAction","target":["https:\/\/positiveprints.com\/pl\/produkt\/mapa-nieba-ze-zdjeciem-na-rocznice\/"]}]},{"@type":"ImageObject","inLanguage":"pl-PL","@id":"https:\/\/positiveprints.com\/pl\/produkt\/mapa-nieba-ze-zdjeciem-na-rocznice\/#primaryimage","url":"https:\/\/positiveprints.com\/wp-content\/uploads\/2024\/11\/PL_PACKSHOT_Anniversary-Star-Map-with-Photo-product-image-.webp","contentUrl":"https:\/\/positiveprints.com\/wp-content\/uploads\/2024\/11\/PL_PACKSHOT_Anniversary-Star-Map-with-Photo-product-image-.webp","width":1450,"height":1450},{"@type":"BreadcrumbList","@id":"https:\/\/positiveprints.com\/pl\/produkt\/mapa-nieba-ze-zdjeciem-na-rocznice\/#breadcrumb","itemListElement":[{"@type":"ListItem","position":1,"name":"Home","item":"https:\/\/positiveprints.com\/pl\/"},{"@type":"ListItem","position":2,"name":"Produkty","item":"https:\/\/positiveprints.com\/pl\/shop\/"},{"@type":"ListItem","position":3,"name":"Mapa Nieba ze Zdj\u0119ciem na Rocznic\u0119"}]},{"@type":"WebSite","@id":"https:\/\/positiveprints.com\/pl\/#website","url":"https:\/\/positiveprints.com\/pl\/","name":"Positive Prints","description":"Amazing Custom Personalized Gifts","publisher":{"@id":"https:\/\/positiveprints.com\/pl\/#organization"},"potentialAction":[{"@type":"SearchAction","target":{"@type":"EntryPoint","urlTemplate":"https:\/\/positiveprints.com\/pl\/?s={search_term_string}"},"query-input":{"@type":"PropertyValueSpecification","valueRequired":true,"valueName":"search_term_string"}}],"inLanguage":"pl-PL"},{"@type":"Organization","@id":"https:\/\/positiveprints.com\/pl\/#organization","name":"Positive Prints","alternateName":"Positive Prints","url":"https:\/\/positiveprints.com\/pl\/","logo":{"@type":"ImageObject","inLanguage":"pl-PL","@id":"https:\/\/positiveprints.com\/pl\/#\/schema\/logo\/image\/","url":"https:\/\/positiveprints.com\/wp-content\/uploads\/2026\/03\/245815646_1337939713319158_5671353136411139666_n.png","contentUrl":"https:\/\/positiveprints.com\/wp-content\/uploads\/2026\/03\/245815646_1337939713319158_5671353136411139666_n.png","width":800,"height":800,"caption":"Positive Prints"},"image":{"@id":"https:\/\/positiveprints.com\/pl\/#\/schema\/logo\/image\/"},"sameAs":["https:\/\/www.facebook.com\/positiveprintscom","https:\/\/www.instagram.com\/positiveprintscom\/","https:\/\/www.tiktok.com\/@positiveprintscom","https:\/\/www.pinterest.com\/positiveprintscom\/"]}]}},"jetpack_sharing_enabled":true,"_links":{"self":[{"href":"https:\/\/positiveprints.com\/pl\/wp-json\/wp\/v2\/product\/1083122","targetHints":{"allow":["GET"]}}],"collection":[{"href":"https:\/\/positiveprints.com\/pl\/wp-json\/wp\/v2\/product"}],"about":[{"href":"https:\/\/positiveprints.com\/pl\/wp-json\/wp\/v2\/types\/product"}],"wp:featuredmedia":[{"embeddable":true,"href":"https:\/\/positiveprints.com\/pl\/wp-json\/wp\/v2\/media\/1253984"}],"wp:attachment":[{"href":"https:\/\/positiveprints.com\/pl\/wp-json\/wp\/v2\/media?parent=1083122"}],"wp:term":[{"taxonomy":"product_brand","embeddable":true,"href":"https:\/\/positiveprints.com\/pl\/wp-json\/wp\/v2\/product_brand?post=1083122"},{"taxonomy":"product_cat","embeddable":true,"href":"https:\/\/positiveprints.com\/pl\/wp-json\/wp\/v2\/product_cat?post=1083122"},{"taxonomy":"product_tag","embeddable":true,"href":"https:\/\/positiveprints.com\/pl\/wp-json\/wp\/v2\/product_tag?post=1083122"}],"curies":[{"name":"wp","href":"https:\/\/api.w.org\/{rel}","templated":true}]}}