{"id":1080700,"date":"2023-10-25T12:22:35","date_gmt":"2023-10-25T11:22:35","guid":{"rendered":"https:\/\/positiveprints.com\/?post_type=product&#038;p=1080700"},"modified":"2026-04-03T03:02:14","modified_gmt":"2026-04-03T02:02:14","slug":"mapa-nieba-w-dniu-zareczyn-ze-zdjeciem","status":"publish","type":"product","link":"https:\/\/positiveprints.com\/pl\/produkt\/mapa-nieba-w-dniu-zareczyn-ze-zdjeciem\/","title":{"rendered":"Mapa Nieba w Dniu Zar\u0119czyn ze Zdj\u0119ciem"},"content":{"rendered":"<p>\u015awi\u0119tuj cudown\u0105 mi\u0142osn\u0105 podr\u00f3\u017c z &#8220;Map\u0105 Nieba w Dniu Zar\u0119czyn ze Zdj\u0119ciem&#8221;. To wzruszaj\u0105ce arcydzie\u0142o przedstawia gwia\u017adziste niebo dok\u0142adnie w momencie <a href=\"https:\/\/positiveprints.com\/pl\/prezenty-na-zareczyny\/\">zar\u0119czyn<\/a>. Niezale\u017cnie od tego, czy jest to prezent dla przyjaci\u00f3\u0142, czy Twojego partnera, jest to idealny spos\u00f3b na upami\u0119tnienie pocz\u0105tku wieczno\u015bci. Po\u0142\u0105cz map\u0119 gwiazd z tej wyj\u0105tkowej nocy ze swoim ulubionym zdj\u0119ciem, tworz\u0105c cenn\u0105 pami\u0105tk\u0119.<\/p>\r\n\r\n<h2>Mapa Nieba w Dniu Zar\u0119czyn ze Zdj\u0119ciem: Tworzenie mi\u0142o\u015bci i wspomnie\u0144<\/h2>\r\n\r\n<p>Nasz kreator online sprawia, \u017ce proces przekszta\u0142cania cennych chwil w dzie\u0142o sztuki jest niesamowicie prosty. Wybierz preferowany styl, do\u0142\u0105cz elementy mapy, takie jak konstelacje i Droga Mleczna, i spersonalizuj go specjalnym tytu\u0142em. Wprowad\u017a dat\u0119 i miejsce zar\u0119czyn i obserwuj, jak <a href=\"https:\/\/positiveprints.com\/pl\/produkt\/mapa-nieba\/\">mapa nieba<\/a> o\u017cywa w podgl\u0105dzie online. Dodaj ulubione zdj\u0119cie z zar\u0119czyn,aby dope\u0142ni\u0107 to wzruszaj\u0105ce arcydzie\u0142o.<\/p>\r\n\r\n<p>\u201eMapa Nieba w Dniu Zar\u0119czyn ze Zdj\u0119ciem\u201d to zapieraj\u0105ce dech w piersiach odwzorowanie nieba w dniu, w kt\u00f3rym powiedzia\u0142a\u015b \u201eTak\u201d. To szczeg\u00f3\u0142owe przedstawienie gwiazd, kt\u00f3re zdobi\u0142y niebo podczas waszych cudownych zar\u0119czyn.<\/p>\r\n\r\n<h2>Idealny prezent zar\u0119czynowy i trwa\u0142e wspomnienie<\/h2>\r\n\r\n<p>Ten prezent wykracza poza bycie tylko prezentem. To celebracja Waszej mi\u0142o\u015bci i zaanga\u017cowania, jakie wobec siebie podj\u0119li\u015bcie. Jest idealny dla \u015bwie\u017co zar\u0119czonych przyjaci\u00f3\u0142 lub jako wzruszaj\u0105cy gest dla partnera. Tytu\u0142 \u201eDzie\u0144, w kt\u00f3rym si\u0119 zar\u0119czyli\u015bmy\u201d oddaje ciep\u0142o i emocje tej wyj\u0105tkowej chwili.<\/p>\r\n\r\n<p>\u201eMapa Nieba w Dniu Zar\u0119czyn ze Zdj\u0119ciem\u201d to skarb Waszej mi\u0142o\u015bci i wsp\u00f3lnych wspomnie\u0144. Ka\u017cde spojrzenie na t\u0119 kombinacj\u0119 mapy gwiazd i zdj\u0119cia przenosi z powrotem do tej wyj\u0105tkowej nocy, rozpalaj\u0105c na nowo emocje i rado\u015b\u0107, kt\u00f3re odczuwa\u0142a\u015b podczas zar\u0119czyn. Spraw, aby Tw\u00f3j prezent by\u0142 niezapomniany dzi\u0119ki temu personalizowanemu arcydzie\u0142u, celebruj\u0105c mi\u0142o\u015b\u0107, kt\u00f3ra Was po\u0142\u0105czy\u0142a.<\/p>","protected":false},"excerpt":{"rendered":"<ul class=\"check-list\">\n<li>Uchwy\u0107 gwia\u017adziste niebo w momencie zar\u0119czyn i dodaj pami\u0105tkowe zdj\u0119cie<\/li>\n<li>Dodaj konstelacje do mapy i wybierz zdj\u0119cie<\/li>\n<li>Spersonalizuj w 3 prostych krokach<\/li>\n<li>Dodaj dedykacj\u0119 prosto z serca <\/li>\n<li>Interaktywny podgl\u0105d pozwoli dopracowa\u0107 ka\u017cdy szczeg\u00f3\u0142<\/li>\n<\/ul>\n","protected":false},"featured_media":1249367,"template":"","meta":[],"product_brand":[],"product_cat":[9105,9765,99,5279],"product_tag":[8437],"class_list":{"0":"post-1080700","1":"product","2":"type-product","3":"status-publish","4":"has-post-thumbnail","6":"product_cat-duo-stars-pl","7":"product_cat-trending-label-pl","8":"product_cat-wszystkie-produkty","9":"product_cat-prezent-na-zareczyny","10":"product_tag-zareczyny","12":"first","13":"instock","14":"sale","15":"taxable","16":"shipping-taxable","17":"purchasable","18":"product-type-variable"},"yoast_head":"<!-- This site is optimized with the Yoast SEO Premium plugin v27.2 (Yoast SEO v27.2) - https:\/\/yoast.com\/product\/yoast-seo-premium-wordpress\/ -->\n<title>Mapa Nieba w Dniu Zar\u0119czyn ze Zdj\u0119ciem - Positive Prints<\/title>\n<meta name=\"description\" content=\"\u015awi\u0119tuj mi\u0142osn\u0105 podr\u00f3\u017c z Map\u0105 Nieba w Dniu Zar\u0119czyn ze Zdj\u0119ciem. To arcydzie\u0142o przedstawia rozgwie\u017cd\u017cone niebo dok\u0142adnie w momencie zar\u0119czyn\" \/>\n<meta name=\"robots\" content=\"index, follow, max-snippet:-1, max-image-preview:large, max-video-preview:-1\" \/>\n<link rel=\"canonical\" href=\"https:\/\/positiveprints.com\/pl\/produkt\/mapa-nieba-w-dniu-zareczyn-ze-zdjeciem\/\" \/>\n<meta property=\"og:locale\" content=\"pl_PL\" \/>\n<meta property=\"og:type\" content=\"article\" \/>\n<meta property=\"og:title\" content=\"Mapa Nieba w Dniu Zar\u0119czyn ze Zdj\u0119ciem\" \/>\n<meta property=\"og:description\" content=\"Uchwy\u0107 gwia\u017adziste niebo w momencie zar\u0119czyn i dodaj pami\u0105tkowe zdj\u0119cie Dodaj konstelacje do mapy i wybierz zdj\u0119cie Spersonalizuj w 3 prostych krokach Dodaj dedykacj\u0119 prosto z serca  Interaktywny podgl\u0105d pozwoli dopracowa\u0107 ka\u017cdy szczeg\u00f3\u0142\" \/>\n<meta property=\"og:url\" content=\"https:\/\/positiveprints.com\/pl\/produkt\/mapa-nieba-w-dniu-zareczyn-ze-zdjeciem\/\" \/>\n<meta property=\"og:site_name\" content=\"Positive Prints\" \/>\n<meta property=\"article:publisher\" content=\"https:\/\/www.facebook.com\/positiveprintscom\" \/>\n<meta property=\"article:modified_time\" content=\"2026-04-03T02:02:14+00:00\" \/>\n<meta property=\"og:image\" content=\"https:\/\/positiveprints.com\/wp-content\/uploads\/2024\/11\/PL_PACKSHOT_The-Night-We-Got-Engaged-with-Photo-product-image-.webp\" \/>\n\t<meta property=\"og:image:width\" content=\"1450\" \/>\n\t<meta property=\"og:image:height\" content=\"1450\" \/>\n\t<meta property=\"og:image:type\" content=\"image\/webp\" \/>\n<meta name=\"twitter:card\" content=\"summary_large_image\" \/>\n<!-- \/ Yoast SEO Premium plugin. -->","yoast_head_json":{"title":"Mapa Nieba w Dniu Zar\u0119czyn ze Zdj\u0119ciem - Positive Prints","description":"\u015awi\u0119tuj mi\u0142osn\u0105 podr\u00f3\u017c z Map\u0105 Nieba w Dniu Zar\u0119czyn ze Zdj\u0119ciem. To arcydzie\u0142o przedstawia rozgwie\u017cd\u017cone niebo dok\u0142adnie w momencie zar\u0119czyn","robots":{"index":"index","follow":"follow","max-snippet":"max-snippet:-1","max-image-preview":"max-image-preview:large","max-video-preview":"max-video-preview:-1"},"canonical":"https:\/\/positiveprints.com\/pl\/produkt\/mapa-nieba-w-dniu-zareczyn-ze-zdjeciem\/","og_locale":"pl_PL","og_type":"article","og_title":"Mapa Nieba w Dniu Zar\u0119czyn ze Zdj\u0119ciem","og_description":"Uchwy\u0107 gwia\u017adziste niebo w momencie zar\u0119czyn i dodaj pami\u0105tkowe zdj\u0119cie Dodaj konstelacje do mapy i wybierz zdj\u0119cie Spersonalizuj w 3 prostych krokach Dodaj dedykacj\u0119 prosto z serca  Interaktywny podgl\u0105d pozwoli dopracowa\u0107 ka\u017cdy szczeg\u00f3\u0142","og_url":"https:\/\/positiveprints.com\/pl\/produkt\/mapa-nieba-w-dniu-zareczyn-ze-zdjeciem\/","og_site_name":"Positive Prints","article_publisher":"https:\/\/www.facebook.com\/positiveprintscom","article_modified_time":"2026-04-03T02:02:14+00:00","og_image":[{"width":1450,"height":1450,"url":"https:\/\/positiveprints.com\/wp-content\/uploads\/2024\/11\/PL_PACKSHOT_The-Night-We-Got-Engaged-with-Photo-product-image-.webp","type":"image\/webp"}],"twitter_card":"summary_large_image","schema":{"@context":"https:\/\/schema.org","@graph":[{"@type":["WebPage","ItemPage"],"@id":"https:\/\/positiveprints.com\/pl\/produkt\/mapa-nieba-w-dniu-zareczyn-ze-zdjeciem\/","url":"https:\/\/positiveprints.com\/pl\/produkt\/mapa-nieba-w-dniu-zareczyn-ze-zdjeciem\/","name":"Mapa Nieba w Dniu Zar\u0119czyn ze Zdj\u0119ciem - Positive Prints","isPartOf":{"@id":"https:\/\/positiveprints.com\/pl\/#website"},"primaryImageOfPage":{"@id":"https:\/\/positiveprints.com\/pl\/produkt\/mapa-nieba-w-dniu-zareczyn-ze-zdjeciem\/#primaryimage"},"image":{"@id":"https:\/\/positiveprints.com\/pl\/produkt\/mapa-nieba-w-dniu-zareczyn-ze-zdjeciem\/#primaryimage"},"thumbnailUrl":"https:\/\/positiveprints.com\/wp-content\/uploads\/2024\/11\/PL_PACKSHOT_The-Night-We-Got-Engaged-with-Photo-product-image-.webp","datePublished":"2023-10-25T11:22:35+00:00","dateModified":"2026-04-03T02:02:14+00:00","description":"\u015awi\u0119tuj mi\u0142osn\u0105 podr\u00f3\u017c z Map\u0105 Nieba w Dniu Zar\u0119czyn ze Zdj\u0119ciem. To arcydzie\u0142o przedstawia rozgwie\u017cd\u017cone niebo dok\u0142adnie w momencie zar\u0119czyn","breadcrumb":{"@id":"https:\/\/positiveprints.com\/pl\/produkt\/mapa-nieba-w-dniu-zareczyn-ze-zdjeciem\/#breadcrumb"},"inLanguage":"pl-PL","potentialAction":[{"@type":"ReadAction","target":["https:\/\/positiveprints.com\/pl\/produkt\/mapa-nieba-w-dniu-zareczyn-ze-zdjeciem\/"]}]},{"@type":"ImageObject","inLanguage":"pl-PL","@id":"https:\/\/positiveprints.com\/pl\/produkt\/mapa-nieba-w-dniu-zareczyn-ze-zdjeciem\/#primaryimage","url":"https:\/\/positiveprints.com\/wp-content\/uploads\/2024\/11\/PL_PACKSHOT_The-Night-We-Got-Engaged-with-Photo-product-image-.webp","contentUrl":"https:\/\/positiveprints.com\/wp-content\/uploads\/2024\/11\/PL_PACKSHOT_The-Night-We-Got-Engaged-with-Photo-product-image-.webp","width":1450,"height":1450},{"@type":"BreadcrumbList","@id":"https:\/\/positiveprints.com\/pl\/produkt\/mapa-nieba-w-dniu-zareczyn-ze-zdjeciem\/#breadcrumb","itemListElement":[{"@type":"ListItem","position":1,"name":"Home","item":"https:\/\/positiveprints.com\/pl\/"},{"@type":"ListItem","position":2,"name":"Produkty","item":"https:\/\/positiveprints.com\/pl\/shop\/"},{"@type":"ListItem","position":3,"name":"Mapa Nieba w Dniu Zar\u0119czyn ze Zdj\u0119ciem"}]},{"@type":"WebSite","@id":"https:\/\/positiveprints.com\/pl\/#website","url":"https:\/\/positiveprints.com\/pl\/","name":"Positive Prints","description":"Amazing Custom Personalized Gifts","publisher":{"@id":"https:\/\/positiveprints.com\/pl\/#organization"},"potentialAction":[{"@type":"SearchAction","target":{"@type":"EntryPoint","urlTemplate":"https:\/\/positiveprints.com\/pl\/?s={search_term_string}"},"query-input":{"@type":"PropertyValueSpecification","valueRequired":true,"valueName":"search_term_string"}}],"inLanguage":"pl-PL"},{"@type":"Organization","@id":"https:\/\/positiveprints.com\/pl\/#organization","name":"Positive Prints","alternateName":"Positive Prints","url":"https:\/\/positiveprints.com\/pl\/","logo":{"@type":"ImageObject","inLanguage":"pl-PL","@id":"https:\/\/positiveprints.com\/pl\/#\/schema\/logo\/image\/","url":"https:\/\/positiveprints.com\/wp-content\/uploads\/2026\/03\/245815646_1337939713319158_5671353136411139666_n.png","contentUrl":"https:\/\/positiveprints.com\/wp-content\/uploads\/2026\/03\/245815646_1337939713319158_5671353136411139666_n.png","width":800,"height":800,"caption":"Positive Prints"},"image":{"@id":"https:\/\/positiveprints.com\/pl\/#\/schema\/logo\/image\/"},"sameAs":["https:\/\/www.facebook.com\/positiveprintscom","https:\/\/www.instagram.com\/positiveprintscom\/","https:\/\/www.tiktok.com\/@positiveprintscom","https:\/\/www.pinterest.com\/positiveprintscom\/"]}]}},"jetpack_sharing_enabled":true,"_links":{"self":[{"href":"https:\/\/positiveprints.com\/pl\/wp-json\/wp\/v2\/product\/1080700","targetHints":{"allow":["GET"]}}],"collection":[{"href":"https:\/\/positiveprints.com\/pl\/wp-json\/wp\/v2\/product"}],"about":[{"href":"https:\/\/positiveprints.com\/pl\/wp-json\/wp\/v2\/types\/product"}],"wp:featuredmedia":[{"embeddable":true,"href":"https:\/\/positiveprints.com\/pl\/wp-json\/wp\/v2\/media\/1249367"}],"wp:attachment":[{"href":"https:\/\/positiveprints.com\/pl\/wp-json\/wp\/v2\/media?parent=1080700"}],"wp:term":[{"taxonomy":"product_brand","embeddable":true,"href":"https:\/\/positiveprints.com\/pl\/wp-json\/wp\/v2\/product_brand?post=1080700"},{"taxonomy":"product_cat","embeddable":true,"href":"https:\/\/positiveprints.com\/pl\/wp-json\/wp\/v2\/product_cat?post=1080700"},{"taxonomy":"product_tag","embeddable":true,"href":"https:\/\/positiveprints.com\/pl\/wp-json\/wp\/v2\/product_tag?post=1080700"}],"curies":[{"name":"wp","href":"https:\/\/api.w.org\/{rel}","templated":true}]}}