{"id":1080690,"date":"2023-10-24T14:08:48","date_gmt":"2023-10-24T13:08:48","guid":{"rendered":"https:\/\/positiveprints.com\/?post_type=product&#038;p=1080690"},"modified":"2026-04-28T14:05:50","modified_gmt":"2026-04-28T13:05:50","slug":"mapa-nieba-w-dniu-urodzin-ze-zdjeciem","status":"publish","type":"product","link":"https:\/\/positiveprints.com\/pl\/produkt\/mapa-nieba-w-dniu-urodzin-ze-zdjeciem\/","title":{"rendered":"Mapa Nieba w Dniu Urodzin ze Zdj\u0119ciem"},"content":{"rendered":"<p>\u015awi\u0119tuj <a href=\"https:\/\/positiveprints.com\/pl\/prezenty-na-urodziny\/\">urodziny<\/a> jak nigdy dot\u0105d z &#8220;Map\u0105 Nieba w Dniu Urodzin ze Zdj\u0119ciem&#8221;. Niezale\u017cnie od tego, czy s\u0105 to pierwsze, dwudzieste, trzydzieste czy osiemdziesi\u0105te urodziny, ten prezent to ponadczasowy skarb. Dodaj czas i miejsce narodzin ukochanej osoby oraz jej zdj\u0119cie obok <a href=\"https:\/\/positiveprints.com\/pl\/produkt\/mapa-nieba\/\">mapy nieba<\/a>. &#8220;Dzie\u0144, w kt\u00f3rym si\u0119 urodzi\u0142e\u015b&#8221; jako g\u0142\u00f3wny tytu\u0142 oddaje istot\u0119 tego personalizowanego dzie\u0142a sztuki.<\/p>\r\n\r\n<h2>Personalizacja Mapy Nieba w Dniu Urodzin ze Zdj\u0119ciem<\/h2>\r\n\r\n<p>Nasz kreator online sprawia, \u017ce proces przekszta\u0142cania cennych chwil w dzie\u0142o sztuki jest niesamowicie prosty. Wybierz preferowany styl, do\u0142\u0105cz elementy mapy, takie jak konstelacje i Droga Mleczna, i spersonalizuj go specjalnym tytu\u0142em. Wprowad\u017a czaqs i miejsce narodzin i obserwuj, jak mapa nieba o\u017cywa w podgl\u0105dzie online. Natomiast dodanie zdj\u0119cia obok mapy nieba doda jej osobistego charakteru.<\/p>\r\n\r\n<p>&#8220;Mapa Nieba w Dniu Urodzin ze Zdj\u0119ciem&#8221; to urzekaj\u0105ce spojrzenie na gwie\u017adziste niebo dok\u0142adnie w dniu i miejscu narodzin ukochanej osoby. Jest to pi\u0119kna, szczeg\u00f3\u0142owa mapa gwiazd, kt\u00f3re zdobi\u0142y niebo w momencie przyj\u015bcia na \u015bwiat tej wyj\u0105tkowej osoby.<\/p>\r\n\r\n<h2>Idealny prezent urodzinowy i trwa\u0142e wspomnienie<\/h2>\r\n\r\n<p>To niezwyk\u0142y prezent nie tylko na urodziny. To emocjonalna podr\u00f3\u017c w czasie. Niezale\u017cnie od tego, czy s\u0105 to pierwsze urodziny, kamie\u0144 milowy, taki jak uko\u0144czenie 30 lat, czy te\u017c \u015bwi\u0119towanie 80 lat, to arcydzie\u0142o jest idealnym prezentem. G\u0142\u00f3wny tytu\u0142, &#8220;Dzie\u0144, w kt\u00f3rym si\u0119 urodzi\u0142e\u015b&#8221;, dodaje odrobin\u0119 nostalgii i cudowno\u015bci do klimatu tego dnia.<\/p>\r\n\r\n<p>&#8220;Mapa Nieba w Dniu Urodzin ze Zdj\u0119ciem&#8221; to skarb, kt\u00f3ry przetrwa pr\u00f3b\u0119 czasu. To wspania\u0142e przypomnienie tego wyj\u0105tkowego dnia, po\u0142\u0105czenia gwiazd nad g\u0142ow\u0105 z mi\u0142o\u015bci\u0105, kt\u00f3ra otacza solenizanta. Ka\u017cde spojrzenie na t\u0119 wyj\u0105tkow\u0105 map\u0119 nieba i kombinacj\u0119 zdj\u0119\u0107 przywo\u0142a cenne wspomnienia i ciep\u0142e emocje. Spraw, aby Tw\u00f3j prezent urodzinowy by\u0142 niezapomniany dzi\u0119ki temu personalizowanemu arcydzie\u0142u.<\/p>","protected":false},"excerpt":{"rendered":"<ul class=\"check-list\">\n<li>Stw\u00f3rz pi\u0119kn\u0105 i szczeg\u00f3\u0142ow\u0105 map\u0119 gwiazd ze zdj\u0119ciem<\/li>\n<li>Dodaj konstelacje do mapy i wybierz zdj\u0119cie<\/li>\n<li>Spersonalizuj w 3 prostych krokach<\/li>\n<li>Dodaj dedykacj\u0119 prosto z serca <\/li>\n<li>Interaktywny podgl\u0105d pozwoli dopracowa\u0107 ka\u017cdy szczeg\u00f3\u0142<\/li>\n<\/ul>\n","protected":false},"featured_media":1250087,"template":"","meta":[],"product_brand":[],"product_cat":[7770,7690,8010,7818,9105,5253,11210,11209,3126,99],"product_tag":[8468],"class_list":{"0":"post-1080690","1":"product","2":"type-product","3":"status-publish","4":"has-post-thumbnail","6":"product_cat-prezent-dla-corki","7":"product_cat-prezent-dla-kobiety","8":"product_cat-prezent-dla-mezczyzny","9":"product_cat-prezent-dla-mlodych-rodzicow","10":"product_cat-duo-stars-pl","11":"product_cat-prezent-na-narodziny-dziecka","12":"product_cat-prezenty-urodzinowe-dla-niego","13":"product_cat-prezenty-urodzinowe-dla-niej","14":"product_cat-prezent-na-urodziny","15":"product_cat-wszystkie-produkty","16":"product_tag-birthday-pl","18":"first","19":"instock","20":"sale","21":"taxable","22":"shipping-taxable","23":"purchasable","24":"product-type-variable"},"yoast_head":"<!-- This site is optimized with the Yoast SEO Premium plugin v27.2 (Yoast SEO v27.2) - https:\/\/yoast.com\/product\/yoast-seo-premium-wordpress\/ -->\n<title>Mapa Nieba w Dniu Urodzin ze Zdj\u0119ciem - Positive Prints<\/title>\n<meta name=\"description\" content=\"\u015awi\u0119tuj urodziny jak nigdy dot\u0105d z Map\u0105 Nieba w Dniu Urodzin ze Zdj\u0119ciem. Niezale\u017cnie od tego, czy s\u0105 to pierwsze, czy 80-te urodziny, ten prezent to ponadczasowy skarb.\" \/>\n<meta name=\"robots\" content=\"index, follow, max-snippet:-1, max-image-preview:large, max-video-preview:-1\" \/>\n<link rel=\"canonical\" href=\"https:\/\/positiveprints.com\/pl\/produkt\/mapa-nieba-w-dniu-urodzin-ze-zdjeciem\/\" \/>\n<meta property=\"og:locale\" content=\"pl_PL\" \/>\n<meta property=\"og:type\" content=\"article\" \/>\n<meta property=\"og:title\" content=\"Mapa Nieba w Dniu Urodzin ze Zdj\u0119ciem\" \/>\n<meta property=\"og:description\" content=\"Stw\u00f3rz pi\u0119kn\u0105 i szczeg\u00f3\u0142ow\u0105 map\u0119 gwiazd ze zdj\u0119ciem  Dodaj konstelacje do mapy i wybierz zdj\u0119cie  Spersonalizuj w 3 prostych krokach  Dodaj dedykacj\u0119 prosto z serca   Interaktywny podgl\u0105d pozwoli dopracowa\u0107 ka\u017cdy szczeg\u00f3\u0142\" \/>\n<meta property=\"og:url\" content=\"https:\/\/positiveprints.com\/pl\/produkt\/mapa-nieba-w-dniu-urodzin-ze-zdjeciem\/\" \/>\n<meta property=\"og:site_name\" content=\"Positive Prints\" \/>\n<meta property=\"article:publisher\" content=\"https:\/\/www.facebook.com\/positiveprintscom\" \/>\n<meta property=\"article:modified_time\" content=\"2026-04-28T13:05:50+00:00\" \/>\n<meta property=\"og:image\" content=\"https:\/\/positiveprints.com\/wp-content\/uploads\/2024\/11\/PL_PACKSHOT_The-Day-You-Were-Born-with-Photo-product-image-.webp\" \/>\n\t<meta property=\"og:image:width\" content=\"1450\" \/>\n\t<meta property=\"og:image:height\" content=\"1450\" \/>\n\t<meta property=\"og:image:type\" content=\"image\/webp\" \/>\n<meta name=\"twitter:card\" content=\"summary_large_image\" \/>\n<!-- \/ Yoast SEO Premium plugin. -->","yoast_head_json":{"title":"Mapa Nieba w Dniu Urodzin ze Zdj\u0119ciem - Positive Prints","description":"\u015awi\u0119tuj urodziny jak nigdy dot\u0105d z Map\u0105 Nieba w Dniu Urodzin ze Zdj\u0119ciem. Niezale\u017cnie od tego, czy s\u0105 to pierwsze, czy 80-te urodziny, ten prezent to ponadczasowy skarb.","robots":{"index":"index","follow":"follow","max-snippet":"max-snippet:-1","max-image-preview":"max-image-preview:large","max-video-preview":"max-video-preview:-1"},"canonical":"https:\/\/positiveprints.com\/pl\/produkt\/mapa-nieba-w-dniu-urodzin-ze-zdjeciem\/","og_locale":"pl_PL","og_type":"article","og_title":"Mapa Nieba w Dniu Urodzin ze Zdj\u0119ciem","og_description":"Stw\u00f3rz pi\u0119kn\u0105 i szczeg\u00f3\u0142ow\u0105 map\u0119 gwiazd ze zdj\u0119ciem  Dodaj konstelacje do mapy i wybierz zdj\u0119cie  Spersonalizuj w 3 prostych krokach  Dodaj dedykacj\u0119 prosto z serca   Interaktywny podgl\u0105d pozwoli dopracowa\u0107 ka\u017cdy szczeg\u00f3\u0142","og_url":"https:\/\/positiveprints.com\/pl\/produkt\/mapa-nieba-w-dniu-urodzin-ze-zdjeciem\/","og_site_name":"Positive Prints","article_publisher":"https:\/\/www.facebook.com\/positiveprintscom","article_modified_time":"2026-04-28T13:05:50+00:00","og_image":[{"width":1450,"height":1450,"url":"https:\/\/positiveprints.com\/wp-content\/uploads\/2024\/11\/PL_PACKSHOT_The-Day-You-Were-Born-with-Photo-product-image-.webp","type":"image\/webp"}],"twitter_card":"summary_large_image","schema":{"@context":"https:\/\/schema.org","@graph":[{"@type":["WebPage","ItemPage"],"@id":"https:\/\/positiveprints.com\/pl\/produkt\/mapa-nieba-w-dniu-urodzin-ze-zdjeciem\/","url":"https:\/\/positiveprints.com\/pl\/produkt\/mapa-nieba-w-dniu-urodzin-ze-zdjeciem\/","name":"Mapa Nieba w Dniu Urodzin ze Zdj\u0119ciem - Positive Prints","isPartOf":{"@id":"https:\/\/positiveprints.com\/pl\/#website"},"primaryImageOfPage":{"@id":"https:\/\/positiveprints.com\/pl\/produkt\/mapa-nieba-w-dniu-urodzin-ze-zdjeciem\/#primaryimage"},"image":{"@id":"https:\/\/positiveprints.com\/pl\/produkt\/mapa-nieba-w-dniu-urodzin-ze-zdjeciem\/#primaryimage"},"thumbnailUrl":"https:\/\/positiveprints.com\/wp-content\/uploads\/2024\/11\/PL_PACKSHOT_The-Day-You-Were-Born-with-Photo-product-image-.webp","datePublished":"2023-10-24T13:08:48+00:00","dateModified":"2026-04-28T13:05:50+00:00","description":"\u015awi\u0119tuj urodziny jak nigdy dot\u0105d z Map\u0105 Nieba w Dniu Urodzin ze Zdj\u0119ciem. Niezale\u017cnie od tego, czy s\u0105 to pierwsze, czy 80-te urodziny, ten prezent to ponadczasowy skarb.","breadcrumb":{"@id":"https:\/\/positiveprints.com\/pl\/produkt\/mapa-nieba-w-dniu-urodzin-ze-zdjeciem\/#breadcrumb"},"inLanguage":"pl-PL","potentialAction":[{"@type":"ReadAction","target":["https:\/\/positiveprints.com\/pl\/produkt\/mapa-nieba-w-dniu-urodzin-ze-zdjeciem\/"]}]},{"@type":"ImageObject","inLanguage":"pl-PL","@id":"https:\/\/positiveprints.com\/pl\/produkt\/mapa-nieba-w-dniu-urodzin-ze-zdjeciem\/#primaryimage","url":"https:\/\/positiveprints.com\/wp-content\/uploads\/2024\/11\/PL_PACKSHOT_The-Day-You-Were-Born-with-Photo-product-image-.webp","contentUrl":"https:\/\/positiveprints.com\/wp-content\/uploads\/2024\/11\/PL_PACKSHOT_The-Day-You-Were-Born-with-Photo-product-image-.webp","width":1450,"height":1450},{"@type":"BreadcrumbList","@id":"https:\/\/positiveprints.com\/pl\/produkt\/mapa-nieba-w-dniu-urodzin-ze-zdjeciem\/#breadcrumb","itemListElement":[{"@type":"ListItem","position":1,"name":"Home","item":"https:\/\/positiveprints.com\/pl\/"},{"@type":"ListItem","position":2,"name":"Produkty","item":"https:\/\/positiveprints.com\/pl\/shop\/"},{"@type":"ListItem","position":3,"name":"Mapa Nieba w Dniu Urodzin ze Zdj\u0119ciem"}]},{"@type":"WebSite","@id":"https:\/\/positiveprints.com\/pl\/#website","url":"https:\/\/positiveprints.com\/pl\/","name":"Positive Prints","description":"Amazing Custom Personalized Gifts","publisher":{"@id":"https:\/\/positiveprints.com\/pl\/#organization"},"potentialAction":[{"@type":"SearchAction","target":{"@type":"EntryPoint","urlTemplate":"https:\/\/positiveprints.com\/pl\/?s={search_term_string}"},"query-input":{"@type":"PropertyValueSpecification","valueRequired":true,"valueName":"search_term_string"}}],"inLanguage":"pl-PL"},{"@type":"Organization","@id":"https:\/\/positiveprints.com\/pl\/#organization","name":"Positive Prints","alternateName":"Positive Prints","url":"https:\/\/positiveprints.com\/pl\/","logo":{"@type":"ImageObject","inLanguage":"pl-PL","@id":"https:\/\/positiveprints.com\/pl\/#\/schema\/logo\/image\/","url":"https:\/\/positiveprints.com\/wp-content\/uploads\/2026\/03\/245815646_1337939713319158_5671353136411139666_n.png","contentUrl":"https:\/\/positiveprints.com\/wp-content\/uploads\/2026\/03\/245815646_1337939713319158_5671353136411139666_n.png","width":800,"height":800,"caption":"Positive Prints"},"image":{"@id":"https:\/\/positiveprints.com\/pl\/#\/schema\/logo\/image\/"},"sameAs":["https:\/\/www.facebook.com\/positiveprintscom","https:\/\/www.instagram.com\/positiveprintscom\/","https:\/\/www.tiktok.com\/@positiveprintscom","https:\/\/www.pinterest.com\/positiveprintscom\/"]}]}},"jetpack_sharing_enabled":true,"_links":{"self":[{"href":"https:\/\/positiveprints.com\/pl\/wp-json\/wp\/v2\/product\/1080690","targetHints":{"allow":["GET"]}}],"collection":[{"href":"https:\/\/positiveprints.com\/pl\/wp-json\/wp\/v2\/product"}],"about":[{"href":"https:\/\/positiveprints.com\/pl\/wp-json\/wp\/v2\/types\/product"}],"wp:featuredmedia":[{"embeddable":true,"href":"https:\/\/positiveprints.com\/pl\/wp-json\/wp\/v2\/media\/1250087"}],"wp:attachment":[{"href":"https:\/\/positiveprints.com\/pl\/wp-json\/wp\/v2\/media?parent=1080690"}],"wp:term":[{"taxonomy":"product_brand","embeddable":true,"href":"https:\/\/positiveprints.com\/pl\/wp-json\/wp\/v2\/product_brand?post=1080690"},{"taxonomy":"product_cat","embeddable":true,"href":"https:\/\/positiveprints.com\/pl\/wp-json\/wp\/v2\/product_cat?post=1080690"},{"taxonomy":"product_tag","embeddable":true,"href":"https:\/\/positiveprints.com\/pl\/wp-json\/wp\/v2\/product_tag?post=1080690"}],"curies":[{"name":"wp","href":"https:\/\/api.w.org\/{rel}","templated":true}]}}