{"id":1080654,"date":"2023-10-25T10:15:15","date_gmt":"2023-10-25T09:15:15","guid":{"rendered":"https:\/\/positiveprints.com\/?post_type=product&#038;p=1080654"},"modified":"2026-04-03T03:02:37","modified_gmt":"2026-04-03T02:02:37","slug":"mapa-nieba-ze-zdjeciem-dla-mamy","status":"publish","type":"product","link":"https:\/\/positiveprints.com\/pl\/produkt\/mapa-nieba-ze-zdjeciem-dla-mamy\/","title":{"rendered":"Mapa Nieba ze Zdj\u0119ciem dla Mamy"},"content":{"rendered":"<p>Podaruj w prezencie mi\u0142o\u015b\u0107 i wspomnienia z Map\u0105 Nieba ze Zdj\u0119ciem dla Mamy. Ta wzruszaj\u0105ca grafika przedstawia gwia\u017adziste niebo z dnia, w kt\u00f3rym Twoja Mama zosta\u0142a Mam\u0105. Niezale\u017cnie od tego, czy s\u0105 to jej urodziny, <a href=\"https:\/\/positiveprints.com\/pl\/prezenty-na-dzien-matki\/\">Dzie\u0144 Matki<\/a>, czy Bo\u017ce Narodzenie, jest to idealny spos\u00f3b na okazanie mi\u0142o\u015bci. Do\u0142\u0105cz Wasze wsp\u00f3lne zdj\u0119cie obok mapy nieba i obserwuj, jak p\u0142yn\u0105 \u0142zy wzruszenia.<\/p>\r\n\r\n<h2>Stw\u00f3rz Map\u0119 Nieba ze Zdj\u0119ciem dla Mamy<\/h2>\r\n\r\n<p>Nasz kreator online sprawia, \u017ce proces przekszta\u0142cania cennych chwil w dzie\u0142o sztuki jest niesamowicie prosty. Wybierz preferowany styl, do\u0142\u0105cz elementy mapy, takie jak konstelacje i Droga Mleczna, i spersonalizuj go specjalnym tytu\u0142em. Wprowad\u017a dat\u0119 i lokalizacj\u0119 z dnia, w kt\u00f3rym Twoja Mama zosta\u0142a Mam\u0105 i obserwuj, jak mapa nieba o\u017cywa w podgl\u0105dzie online. Dodanie Waszego wsp\u00f3lnego zdj\u0119cia dope\u0142ni to wzruszaj\u0105ce arcydzie\u0142o<\/p>\r\n\r\n<p>&#8220;Mapa Nieba ze Zdj\u0119ciem dla Mamy&#8221; to wzruszaj\u0105ce odwzorowanie nocnego nieba w dniu, w kt\u00f3rym Twoja Mama rozpocz\u0119\u0142a macierzy\u0144stwo. Jest to szczeg\u00f3\u0142owe przedstawienie gwiazd, kt\u00f3re roz\u015bwietla\u0142y niebo w tym wa\u017cnym momencie.<\/p>\r\n\r\n<h2>Doce\u0144 matczyn\u0105 mi\u0142o\u015b\u0107<\/h2>\r\n\r\n<p>Ten prezent to nie tylko zwyk\u0142y prezent. To celebracja mi\u0142o\u015bci Twojej Mamy i dnia, w kt\u00f3rym sta\u0142a si\u0119 Mam\u0105. Idealny na urodziny, Dzie\u0144 Matki lub Bo\u017ce Narodzenie. Tytu\u0142 &#8220;Dzie\u0144, w kt\u00f3rym zosta\u0142a\u015b moj\u0105 Mam\u0105&#8221; oddaje ciep\u0142o i emocje Waszej wyj\u0105tkowej wi\u0119zi.<\/p>\r\n\r\n<p>&#8220;Mapa Nieba ze Zdj\u0119ciem dla Mamy&#8221; to skarb Waszej mi\u0142o\u015bci i wspomnie\u0144, kt\u00f3re razem stworzyli\u015bcie. Ka\u017cde spojrzenie na t\u0119 map\u0119 nieba ze zdj\u0119ciem przeniesie Ci\u0119 z powrotem do tego pi\u0119knego dnia, wywo\u0142uj\u0105c \u0142zy wzruszenia, mi\u0142o\u015bci i wdzi\u0119czno\u015bci. Spraw, aby Tw\u00f3j <a href=\"https:\/\/positiveprints.com\/pl\/prezent-dla-mamy\/\">prezent dla Mamy<\/a> by\u0142 niezapomniany dzi\u0119ki temu wyj\u0105tkowemu i personalizowanemu arcydzie\u0142u.<\/p>","protected":false},"excerpt":{"rendered":"<ul class=\"check-list\">\n<li>Dodaj konstelacje do mapy i wybierz zdj\u0119cie<\/li>\n<li>Spersonalizuj w 3 prostych krokach<\/li>\n<li>Dodaj dedykacj\u0119 prosto z serca <\/li>\n<li>Interaktywny podgl\u0105d pozwoli dopracowa\u0107 ka\u017cdy szczeg\u00f3\u0142<\/li>\n<\/ul>\n","protected":false},"featured_media":1255626,"template":"","meta":[],"product_brand":[],"product_cat":[11414,7706,9105,7328,5271,9765,99],"product_tag":[13392,12618,13393,12619,8407,13394,13395,11819],"class_list":{"0":"post-1080654","1":"product","2":"type-product","3":"status-publish","4":"has-post-thumbnail","6":"product_cat-prezenty-pod-choinke-dla-mamy","7":"product_cat-prezent-dla-mamy","8":"product_cat-duo-stars-pl","9":"product_cat-prezenty-na-dzien-matki","10":"product_cat-prezent-na-boze-narodzenie","11":"product_cat-trending-label-pl","12":"product_cat-wszystkie-produkty","13":"product_tag-mam-pl","14":"product_tag-mama-pl","15":"product_tag-mammy-pl","16":"product_tag-mamusia","17":"product_tag-mother-pl","18":"product_tag-mum-pl","19":"product_tag-mummy-pl","20":"product_tag-prezenty-pod-choinke-dla-mamy","22":"first","23":"instock","24":"sale","25":"taxable","26":"shipping-taxable","27":"purchasable","28":"product-type-variable"},"yoast_head":"<!-- This site is optimized with the Yoast SEO Premium plugin v27.2 (Yoast SEO v27.2) - https:\/\/yoast.com\/product\/yoast-seo-premium-wordpress\/ -->\n<title>Mapa Nieba ze Zdj\u0119ciem dla Mamy - Positive Prints<\/title>\n<meta name=\"description\" content=\"Podaruj w prezencie mi\u0142o\u015b\u0107 z pami\u0105tk\u0105 &quot;Mapa Nieba ze Zdj\u0119ciem dla Mamy&quot;. To wzruszaj\u0105ce arcydzie\u0142o przedstawia gwia\u017adziste niebo z dnia, w kt\u00f3rym Twoja Mama zosta\u0142a Mam\u0105.\" \/>\n<meta name=\"robots\" content=\"index, follow, max-snippet:-1, max-image-preview:large, max-video-preview:-1\" \/>\n<link rel=\"canonical\" href=\"https:\/\/positiveprints.com\/pl\/produkt\/mapa-nieba-ze-zdjeciem-dla-mamy\/\" \/>\n<meta property=\"og:locale\" content=\"pl_PL\" \/>\n<meta property=\"og:type\" content=\"article\" \/>\n<meta property=\"og:title\" content=\"Mapa Nieba ze Zdj\u0119ciem dla Mamy\" \/>\n<meta property=\"og:description\" content=\"Dodaj konstelacje do mapy i wybierz zdj\u0119cie Spersonalizuj w 3 prostych krokach Dodaj dedykacj\u0119 prosto z serca  Interaktywny podgl\u0105d pozwoli dopracowa\u0107 ka\u017cdy szczeg\u00f3\u0142\" \/>\n<meta property=\"og:url\" content=\"https:\/\/positiveprints.com\/pl\/produkt\/mapa-nieba-ze-zdjeciem-dla-mamy\/\" \/>\n<meta property=\"og:site_name\" content=\"Positive Prints\" \/>\n<meta property=\"article:publisher\" content=\"https:\/\/www.facebook.com\/positiveprintscom\" \/>\n<meta property=\"article:modified_time\" content=\"2026-04-03T02:02:37+00:00\" \/>\n<meta property=\"og:image\" content=\"https:\/\/positiveprints.com\/wp-content\/uploads\/2024\/11\/PL_PACKSHOT_The-Day-You-Became-My-Mommy-with-Photo-product-image-.webp\" \/>\n\t<meta property=\"og:image:width\" content=\"1450\" \/>\n\t<meta property=\"og:image:height\" content=\"1450\" \/>\n\t<meta property=\"og:image:type\" content=\"image\/webp\" \/>\n<meta name=\"twitter:card\" content=\"summary_large_image\" \/>\n<meta name=\"twitter:label1\" content=\"Szacowany czas czytania\" \/>\n\t<meta name=\"twitter:data1\" content=\"2 minuty\" \/>\n<!-- \/ Yoast SEO Premium plugin. -->","yoast_head_json":{"title":"Mapa Nieba ze Zdj\u0119ciem dla Mamy - Positive Prints","description":"Podaruj w prezencie mi\u0142o\u015b\u0107 z pami\u0105tk\u0105 \"Mapa Nieba ze Zdj\u0119ciem dla Mamy\". To wzruszaj\u0105ce arcydzie\u0142o przedstawia gwia\u017adziste niebo z dnia, w kt\u00f3rym Twoja Mama zosta\u0142a Mam\u0105.","robots":{"index":"index","follow":"follow","max-snippet":"max-snippet:-1","max-image-preview":"max-image-preview:large","max-video-preview":"max-video-preview:-1"},"canonical":"https:\/\/positiveprints.com\/pl\/produkt\/mapa-nieba-ze-zdjeciem-dla-mamy\/","og_locale":"pl_PL","og_type":"article","og_title":"Mapa Nieba ze Zdj\u0119ciem dla Mamy","og_description":"Dodaj konstelacje do mapy i wybierz zdj\u0119cie Spersonalizuj w 3 prostych krokach Dodaj dedykacj\u0119 prosto z serca  Interaktywny podgl\u0105d pozwoli dopracowa\u0107 ka\u017cdy szczeg\u00f3\u0142","og_url":"https:\/\/positiveprints.com\/pl\/produkt\/mapa-nieba-ze-zdjeciem-dla-mamy\/","og_site_name":"Positive Prints","article_publisher":"https:\/\/www.facebook.com\/positiveprintscom","article_modified_time":"2026-04-03T02:02:37+00:00","og_image":[{"width":1450,"height":1450,"url":"https:\/\/positiveprints.com\/wp-content\/uploads\/2024\/11\/PL_PACKSHOT_The-Day-You-Became-My-Mommy-with-Photo-product-image-.webp","type":"image\/webp"}],"twitter_card":"summary_large_image","twitter_misc":{"Szacowany czas czytania":"2 minuty"},"schema":{"@context":"https:\/\/schema.org","@graph":[{"@type":["WebPage","ItemPage"],"@id":"https:\/\/positiveprints.com\/pl\/produkt\/mapa-nieba-ze-zdjeciem-dla-mamy\/","url":"https:\/\/positiveprints.com\/pl\/produkt\/mapa-nieba-ze-zdjeciem-dla-mamy\/","name":"Mapa Nieba ze Zdj\u0119ciem dla Mamy - Positive Prints","isPartOf":{"@id":"https:\/\/positiveprints.com\/pl\/#website"},"primaryImageOfPage":{"@id":"https:\/\/positiveprints.com\/pl\/produkt\/mapa-nieba-ze-zdjeciem-dla-mamy\/#primaryimage"},"image":{"@id":"https:\/\/positiveprints.com\/pl\/produkt\/mapa-nieba-ze-zdjeciem-dla-mamy\/#primaryimage"},"thumbnailUrl":"https:\/\/positiveprints.com\/wp-content\/uploads\/2024\/11\/PL_PACKSHOT_The-Day-You-Became-My-Mommy-with-Photo-product-image-.webp","datePublished":"2023-10-25T09:15:15+00:00","dateModified":"2026-04-03T02:02:37+00:00","description":"Podaruj w prezencie mi\u0142o\u015b\u0107 z pami\u0105tk\u0105 \"Mapa Nieba ze Zdj\u0119ciem dla Mamy\". To wzruszaj\u0105ce arcydzie\u0142o przedstawia gwia\u017adziste niebo z dnia, w kt\u00f3rym Twoja Mama zosta\u0142a Mam\u0105.","breadcrumb":{"@id":"https:\/\/positiveprints.com\/pl\/produkt\/mapa-nieba-ze-zdjeciem-dla-mamy\/#breadcrumb"},"inLanguage":"pl-PL","potentialAction":[{"@type":"ReadAction","target":["https:\/\/positiveprints.com\/pl\/produkt\/mapa-nieba-ze-zdjeciem-dla-mamy\/"]}]},{"@type":"ImageObject","inLanguage":"pl-PL","@id":"https:\/\/positiveprints.com\/pl\/produkt\/mapa-nieba-ze-zdjeciem-dla-mamy\/#primaryimage","url":"https:\/\/positiveprints.com\/wp-content\/uploads\/2024\/11\/PL_PACKSHOT_The-Day-You-Became-My-Mommy-with-Photo-product-image-.webp","contentUrl":"https:\/\/positiveprints.com\/wp-content\/uploads\/2024\/11\/PL_PACKSHOT_The-Day-You-Became-My-Mommy-with-Photo-product-image-.webp","width":1450,"height":1450},{"@type":"BreadcrumbList","@id":"https:\/\/positiveprints.com\/pl\/produkt\/mapa-nieba-ze-zdjeciem-dla-mamy\/#breadcrumb","itemListElement":[{"@type":"ListItem","position":1,"name":"Home","item":"https:\/\/positiveprints.com\/pl\/"},{"@type":"ListItem","position":2,"name":"Produkty","item":"https:\/\/positiveprints.com\/pl\/shop\/"},{"@type":"ListItem","position":3,"name":"Mapa Nieba ze Zdj\u0119ciem dla Mamy"}]},{"@type":"WebSite","@id":"https:\/\/positiveprints.com\/pl\/#website","url":"https:\/\/positiveprints.com\/pl\/","name":"Positive Prints","description":"Amazing Custom Personalized Gifts","publisher":{"@id":"https:\/\/positiveprints.com\/pl\/#organization"},"potentialAction":[{"@type":"SearchAction","target":{"@type":"EntryPoint","urlTemplate":"https:\/\/positiveprints.com\/pl\/?s={search_term_string}"},"query-input":{"@type":"PropertyValueSpecification","valueRequired":true,"valueName":"search_term_string"}}],"inLanguage":"pl-PL"},{"@type":"Organization","@id":"https:\/\/positiveprints.com\/pl\/#organization","name":"Positive Prints","alternateName":"Positive Prints","url":"https:\/\/positiveprints.com\/pl\/","logo":{"@type":"ImageObject","inLanguage":"pl-PL","@id":"https:\/\/positiveprints.com\/pl\/#\/schema\/logo\/image\/","url":"https:\/\/positiveprints.com\/wp-content\/uploads\/2026\/03\/245815646_1337939713319158_5671353136411139666_n.png","contentUrl":"https:\/\/positiveprints.com\/wp-content\/uploads\/2026\/03\/245815646_1337939713319158_5671353136411139666_n.png","width":800,"height":800,"caption":"Positive Prints"},"image":{"@id":"https:\/\/positiveprints.com\/pl\/#\/schema\/logo\/image\/"},"sameAs":["https:\/\/www.facebook.com\/positiveprintscom","https:\/\/www.instagram.com\/positiveprintscom\/","https:\/\/www.tiktok.com\/@positiveprintscom","https:\/\/www.pinterest.com\/positiveprintscom\/"]}]}},"jetpack_sharing_enabled":true,"_links":{"self":[{"href":"https:\/\/positiveprints.com\/pl\/wp-json\/wp\/v2\/product\/1080654","targetHints":{"allow":["GET"]}}],"collection":[{"href":"https:\/\/positiveprints.com\/pl\/wp-json\/wp\/v2\/product"}],"about":[{"href":"https:\/\/positiveprints.com\/pl\/wp-json\/wp\/v2\/types\/product"}],"wp:featuredmedia":[{"embeddable":true,"href":"https:\/\/positiveprints.com\/pl\/wp-json\/wp\/v2\/media\/1255626"}],"wp:attachment":[{"href":"https:\/\/positiveprints.com\/pl\/wp-json\/wp\/v2\/media?parent=1080654"}],"wp:term":[{"taxonomy":"product_brand","embeddable":true,"href":"https:\/\/positiveprints.com\/pl\/wp-json\/wp\/v2\/product_brand?post=1080654"},{"taxonomy":"product_cat","embeddable":true,"href":"https:\/\/positiveprints.com\/pl\/wp-json\/wp\/v2\/product_cat?post=1080654"},{"taxonomy":"product_tag","embeddable":true,"href":"https:\/\/positiveprints.com\/pl\/wp-json\/wp\/v2\/product_tag?post=1080654"}],"curies":[{"name":"wp","href":"https:\/\/api.w.org\/{rel}","templated":true}]}}