{"id":1080643,"date":"2023-10-25T10:40:22","date_gmt":"2023-10-25T09:40:22","guid":{"rendered":"https:\/\/positiveprints.com\/?post_type=product&#038;p=1080643"},"modified":"2026-04-03T03:02:32","modified_gmt":"2026-04-03T02:02:32","slug":"mapa-nieba-ze-zdjeciem-dla-taty","status":"publish","type":"product","link":"https:\/\/positiveprints.com\/pl\/produkt\/mapa-nieba-ze-zdjeciem-dla-taty\/","title":{"rendered":"Mapa Nieba ze Zdj\u0119ciem dla Taty"},"content":{"rendered":"<p>Uczcij mi\u0142o\u015b\u0107 swojego Taty i dzie\u0144, w kt\u00f3rym zosta\u0142 ojcem, dzi\u0119ki upominkowi &#8220;Mapa Nieba ze Zdj\u0119ciem dla Taty&#8221;. Ta cudowna grafika przedstawia gwia\u017adziste niebo z tego wa\u017cnego dnia. Niezale\u017cnie od tego, czy s\u0105 to jego urodziny, <a href=\"https:\/\/positiveprints.com\/pl\/prezenty-na-dzien-ojca\/\">Dzie\u0144 Ojca<\/a>, czy Bo\u017ce Narodzenie, jest to idealny spos\u00f3b na okazanie wdzi\u0119czno\u015bci. Do\u0142\u0105cz zdj\u0119cie waszej dw\u00f3jki obok <a href=\"https:\/\/positiveprints.com\/pl\/produkt\/mapa-nieba\/\">mapy nieba<\/a>, aby stworzy\u0107 wyj\u0105tkowy i personalizowany prezent.<\/p>\r\n\r\n<h2>Tworzenie mi\u0142o\u015bci i wspomnie\u0144 z &#8220;Map\u0105 Nieba ze Zdj\u0119ciem dla Taty&#8221;<\/h2>\r\n\r\n<p>Nasz kreator online sprawia, \u017ce proces przekszta\u0142cania cennych chwil w dzie\u0142o sztuki jest niesamowicie prosty. Wybierz preferowany styl, do\u0142\u0105cz elementy mapy, takie jak konstelacje i Droga Mleczna, i spersonalizuj go specjalnym tytu\u0142em. Wprowad\u017a dat\u0119 i lokalizacj\u0119 z dnia, w kt\u00f3rym Tw\u00f3j Tata zosta\u0142 ojcem i obserwuj, jak mapa nieba o\u017cywa w podgl\u0105dzie online. Natomiast dodanie Waszego wsp\u00f3lnego zdj\u0119cia dope\u0142ni to wzruszaj\u0105ce arcydzie\u0142o.<\/p>\r\n\r\n<p>&#8220;Mapa Nieba ze Zdj\u0119ciem dla Taty&#8221; to wzruszaj\u0105ce odwzorowanie nocnego nieba w dniu, w kt\u00f3rym Tw\u00f3j Tata przyj\u0105\u0142 odpowiedzialno\u015b\u0107 jak\u0105 jest bycie ojcem. Jest to szczeg\u00f3\u0142owe przedstawienie gwiazd, kt\u00f3re roz\u015bwietla\u0142y niebo w tym wa\u017cnym momencie.<\/p>\r\n\r\n<h2>Doce\u0144 mi\u0142o\u015b\u0107 swojego Taty<\/h2>\r\n\r\n<p>Ten prezent to nie tylko zwyk\u0142y prezent. To celebracja mi\u0142o\u015bci Twojego Taty i dnia, w kt\u00f3rym sta\u0142 si\u0119 Tat\u0105. Jest idealny na urodziny, Dzie\u0144 Ojca lub Bo\u017ce Narodzenie. Tytu\u0142 &#8220;Dzie\u0144, w kt\u00f3rym zosta\u0142e\u015b moim Tat\u0105&#8221; oddaje ciep\u0142o i emocje Waszej wyj\u0105tkowej wi\u0119zi.<\/p>\r\n\r\n<p>&#8220;Mapa Nieba ze Zdj\u0119ciem dla Taty&#8221; to skarb Twojej mi\u0142o\u015bci i wspomnie\u0144, kt\u00f3re dzielisz ze swoim Tat\u0105. Ka\u017cde spojrzenie na t\u0119 map\u0119 nieba ze zdj\u0119ciem przeniesie Ci\u0119 z powrotem do tego pi\u0119knego dnia, wywo\u0142uj\u0105c poczucie mi\u0142o\u015bci, uznania i wdzi\u0119czno\u015bci. Spraw, aby Tw\u00f3j <a href=\"https:\/\/positiveprints.com\/pl\/prezent-dla-taty\/\">prezent dla Taty<\/a> by\u0142 niezapomniany dzi\u0119ki temu wyj\u0105tkowemu i personalizowanemu arcydzie\u0142u.<\/p>","protected":false},"excerpt":{"rendered":"<ul class=\"check-list\">\n<li>Dodaj konstelacje do mapy i wybierz zdj\u0119cie<\/li>\n<li>Spersonalizuj w 3 prostych krokach<\/li>\n<li>Dodaj dedykacj\u0119 prosto z serca <\/li>\n<li>Interaktywny podgl\u0105d pozwoli dopracowa\u0107 ka\u017cdy szczeg\u00f3\u0142<\/li>\n<\/ul>\n","protected":false},"featured_media":1255085,"template":"","meta":[],"product_brand":[],"product_cat":[9279,7978,11406,9105,7339,5271,99],"product_tag":[12615,15572,8556,9286,13688,11763],"class_list":{"0":"post-1080643","1":"product","2":"type-product","3":"status-publish","4":"has-post-thumbnail","6":"product_cat-bestsellers-label-pl","7":"product_cat-prezent-dla-taty","8":"product_cat-prezenty-pod-choinke-dla-taty","9":"product_cat-duo-stars-pl","10":"product_cat-prezenty-na-dzien-ojca","11":"product_cat-prezent-na-boze-narodzenie","12":"product_cat-wszystkie-produkty","13":"product_tag-dzien-ojca","14":"product_tag-dzien-w-ktorym-zostales-tata","15":"product_tag-father-pl","16":"product_tag-najlepszy-tata-na-swiecie","17":"product_tag-prezent-na-dzien-ojca","18":"product_tag-prezenty-pod-choinke-dla-taty","20":"first","21":"instock","22":"sale","23":"taxable","24":"shipping-taxable","25":"purchasable","26":"product-type-variable"},"yoast_head":"<!-- This site is optimized with the Yoast SEO Premium plugin v27.2 (Yoast SEO v27.2) - https:\/\/yoast.com\/product\/yoast-seo-premium-wordpress\/ -->\n<title>Mapa Nieba ze Zdj\u0119ciem dla Taty - Positive Prints<\/title>\n<meta name=\"description\" content=\"Mapa Nieba ze Zdj\u0119ciem dla Taty to uwiecznienie Twojej mi\u0142o\u015bci i wspomnie\u0144, kt\u00f3re dzielisz ze swoim Tat\u0105.\" \/>\n<meta name=\"robots\" content=\"index, follow, max-snippet:-1, max-image-preview:large, max-video-preview:-1\" \/>\n<link rel=\"canonical\" href=\"https:\/\/positiveprints.com\/pl\/produkt\/mapa-nieba-ze-zdjeciem-dla-taty\/\" \/>\n<meta property=\"og:locale\" content=\"pl_PL\" \/>\n<meta property=\"og:type\" content=\"article\" \/>\n<meta property=\"og:title\" content=\"Mapa Nieba ze Zdj\u0119ciem dla Taty\" \/>\n<meta property=\"og:description\" content=\"Dodaj konstelacje do mapy i wybierz zdj\u0119cie Spersonalizuj w 3 prostych krokach Dodaj dedykacj\u0119 prosto z serca  Interaktywny podgl\u0105d pozwoli dopracowa\u0107 ka\u017cdy szczeg\u00f3\u0142\" \/>\n<meta property=\"og:url\" content=\"https:\/\/positiveprints.com\/pl\/produkt\/mapa-nieba-ze-zdjeciem-dla-taty\/\" \/>\n<meta property=\"og:site_name\" content=\"Positive Prints\" \/>\n<meta property=\"article:publisher\" content=\"https:\/\/www.facebook.com\/positiveprintscom\" \/>\n<meta property=\"article:modified_time\" content=\"2026-04-03T02:02:32+00:00\" \/>\n<meta property=\"og:image\" content=\"https:\/\/positiveprints.com\/wp-content\/uploads\/2024\/11\/PL_PACKSHOT_The-Day-You-Became-My-Daddy-with-Photo-product-image-.webp\" \/>\n\t<meta property=\"og:image:width\" content=\"1450\" \/>\n\t<meta property=\"og:image:height\" content=\"1450\" \/>\n\t<meta property=\"og:image:type\" content=\"image\/webp\" \/>\n<meta name=\"twitter:card\" content=\"summary_large_image\" \/>\n<meta name=\"twitter:label1\" content=\"Szacowany czas czytania\" \/>\n\t<meta name=\"twitter:data1\" content=\"2 minuty\" \/>\n<!-- \/ Yoast SEO Premium plugin. -->","yoast_head_json":{"title":"Mapa Nieba ze Zdj\u0119ciem dla Taty - Positive Prints","description":"Mapa Nieba ze Zdj\u0119ciem dla Taty to uwiecznienie Twojej mi\u0142o\u015bci i wspomnie\u0144, kt\u00f3re dzielisz ze swoim Tat\u0105.","robots":{"index":"index","follow":"follow","max-snippet":"max-snippet:-1","max-image-preview":"max-image-preview:large","max-video-preview":"max-video-preview:-1"},"canonical":"https:\/\/positiveprints.com\/pl\/produkt\/mapa-nieba-ze-zdjeciem-dla-taty\/","og_locale":"pl_PL","og_type":"article","og_title":"Mapa Nieba ze Zdj\u0119ciem dla Taty","og_description":"Dodaj konstelacje do mapy i wybierz zdj\u0119cie Spersonalizuj w 3 prostych krokach Dodaj dedykacj\u0119 prosto z serca  Interaktywny podgl\u0105d pozwoli dopracowa\u0107 ka\u017cdy szczeg\u00f3\u0142","og_url":"https:\/\/positiveprints.com\/pl\/produkt\/mapa-nieba-ze-zdjeciem-dla-taty\/","og_site_name":"Positive Prints","article_publisher":"https:\/\/www.facebook.com\/positiveprintscom","article_modified_time":"2026-04-03T02:02:32+00:00","og_image":[{"width":1450,"height":1450,"url":"https:\/\/positiveprints.com\/wp-content\/uploads\/2024\/11\/PL_PACKSHOT_The-Day-You-Became-My-Daddy-with-Photo-product-image-.webp","type":"image\/webp"}],"twitter_card":"summary_large_image","twitter_misc":{"Szacowany czas czytania":"2 minuty"},"schema":{"@context":"https:\/\/schema.org","@graph":[{"@type":["WebPage","ItemPage"],"@id":"https:\/\/positiveprints.com\/pl\/produkt\/mapa-nieba-ze-zdjeciem-dla-taty\/","url":"https:\/\/positiveprints.com\/pl\/produkt\/mapa-nieba-ze-zdjeciem-dla-taty\/","name":"Mapa Nieba ze Zdj\u0119ciem dla Taty - Positive Prints","isPartOf":{"@id":"https:\/\/positiveprints.com\/pl\/#website"},"primaryImageOfPage":{"@id":"https:\/\/positiveprints.com\/pl\/produkt\/mapa-nieba-ze-zdjeciem-dla-taty\/#primaryimage"},"image":{"@id":"https:\/\/positiveprints.com\/pl\/produkt\/mapa-nieba-ze-zdjeciem-dla-taty\/#primaryimage"},"thumbnailUrl":"https:\/\/positiveprints.com\/wp-content\/uploads\/2024\/11\/PL_PACKSHOT_The-Day-You-Became-My-Daddy-with-Photo-product-image-.webp","datePublished":"2023-10-25T09:40:22+00:00","dateModified":"2026-04-03T02:02:32+00:00","description":"Mapa Nieba ze Zdj\u0119ciem dla Taty to uwiecznienie Twojej mi\u0142o\u015bci i wspomnie\u0144, kt\u00f3re dzielisz ze swoim Tat\u0105.","breadcrumb":{"@id":"https:\/\/positiveprints.com\/pl\/produkt\/mapa-nieba-ze-zdjeciem-dla-taty\/#breadcrumb"},"inLanguage":"pl-PL","potentialAction":[{"@type":"ReadAction","target":["https:\/\/positiveprints.com\/pl\/produkt\/mapa-nieba-ze-zdjeciem-dla-taty\/"]}]},{"@type":"ImageObject","inLanguage":"pl-PL","@id":"https:\/\/positiveprints.com\/pl\/produkt\/mapa-nieba-ze-zdjeciem-dla-taty\/#primaryimage","url":"https:\/\/positiveprints.com\/wp-content\/uploads\/2024\/11\/PL_PACKSHOT_The-Day-You-Became-My-Daddy-with-Photo-product-image-.webp","contentUrl":"https:\/\/positiveprints.com\/wp-content\/uploads\/2024\/11\/PL_PACKSHOT_The-Day-You-Became-My-Daddy-with-Photo-product-image-.webp","width":1450,"height":1450},{"@type":"BreadcrumbList","@id":"https:\/\/positiveprints.com\/pl\/produkt\/mapa-nieba-ze-zdjeciem-dla-taty\/#breadcrumb","itemListElement":[{"@type":"ListItem","position":1,"name":"Home","item":"https:\/\/positiveprints.com\/pl\/"},{"@type":"ListItem","position":2,"name":"Produkty","item":"https:\/\/positiveprints.com\/pl\/shop\/"},{"@type":"ListItem","position":3,"name":"Mapa Nieba ze Zdj\u0119ciem dla Taty"}]},{"@type":"WebSite","@id":"https:\/\/positiveprints.com\/pl\/#website","url":"https:\/\/positiveprints.com\/pl\/","name":"Positive Prints","description":"Amazing Custom Personalized Gifts","publisher":{"@id":"https:\/\/positiveprints.com\/pl\/#organization"},"potentialAction":[{"@type":"SearchAction","target":{"@type":"EntryPoint","urlTemplate":"https:\/\/positiveprints.com\/pl\/?s={search_term_string}"},"query-input":{"@type":"PropertyValueSpecification","valueRequired":true,"valueName":"search_term_string"}}],"inLanguage":"pl-PL"},{"@type":"Organization","@id":"https:\/\/positiveprints.com\/pl\/#organization","name":"Positive Prints","alternateName":"Positive Prints","url":"https:\/\/positiveprints.com\/pl\/","logo":{"@type":"ImageObject","inLanguage":"pl-PL","@id":"https:\/\/positiveprints.com\/pl\/#\/schema\/logo\/image\/","url":"https:\/\/positiveprints.com\/wp-content\/uploads\/2026\/03\/245815646_1337939713319158_5671353136411139666_n.png","contentUrl":"https:\/\/positiveprints.com\/wp-content\/uploads\/2026\/03\/245815646_1337939713319158_5671353136411139666_n.png","width":800,"height":800,"caption":"Positive Prints"},"image":{"@id":"https:\/\/positiveprints.com\/pl\/#\/schema\/logo\/image\/"},"sameAs":["https:\/\/www.facebook.com\/positiveprintscom","https:\/\/www.instagram.com\/positiveprintscom\/","https:\/\/www.tiktok.com\/@positiveprintscom","https:\/\/www.pinterest.com\/positiveprintscom\/"]}]}},"jetpack_sharing_enabled":true,"_links":{"self":[{"href":"https:\/\/positiveprints.com\/pl\/wp-json\/wp\/v2\/product\/1080643","targetHints":{"allow":["GET"]}}],"collection":[{"href":"https:\/\/positiveprints.com\/pl\/wp-json\/wp\/v2\/product"}],"about":[{"href":"https:\/\/positiveprints.com\/pl\/wp-json\/wp\/v2\/types\/product"}],"wp:featuredmedia":[{"embeddable":true,"href":"https:\/\/positiveprints.com\/pl\/wp-json\/wp\/v2\/media\/1255085"}],"wp:attachment":[{"href":"https:\/\/positiveprints.com\/pl\/wp-json\/wp\/v2\/media?parent=1080643"}],"wp:term":[{"taxonomy":"product_brand","embeddable":true,"href":"https:\/\/positiveprints.com\/pl\/wp-json\/wp\/v2\/product_brand?post=1080643"},{"taxonomy":"product_cat","embeddable":true,"href":"https:\/\/positiveprints.com\/pl\/wp-json\/wp\/v2\/product_cat?post=1080643"},{"taxonomy":"product_tag","embeddable":true,"href":"https:\/\/positiveprints.com\/pl\/wp-json\/wp\/v2\/product_tag?post=1080643"}],"curies":[{"name":"wp","href":"https:\/\/api.w.org\/{rel}","templated":true}]}}