{"id":10652,"date":"2019-10-02T17:05:56","date_gmt":"2019-10-02T16:05:56","guid":{"rendered":"https:\/\/positiveprints.com\/product\/grafika-z-faza-ksiezyca\/"},"modified":"2026-04-18T09:19:58","modified_gmt":"2026-04-18T08:19:58","slug":"plakat-ksiezyc","status":"publish","type":"product","link":"https:\/\/positiveprints.com\/pl\/produkt\/plakat-ksiezyc\/","title":{"rendered":"Personalizowana Faza Ksi\u0119\u017cyca"},"content":{"rendered":"<p>Plakat ksi\u0119\u017cyc pozwoli upami\u0119tni\u0107 wyj\u0105tkowe momenty w \u017cyciu. Momenty takie jak narodzin dziecka, zar\u0119czyny czy \u015blub. Wystarczy, \u017ce podasz dat\u0119 i miejsce, aby odtworzy\u0107 widok ksi\u0119\u017cyca tej w\u0142a\u015bnie nocy. <\/p>\r\n\r\n\r\n<h2 class=\"grenB f24 cblue\" style=\"margin-top: 3rem\">Spersonalizowany plakat Ksi\u0119\u017cyc z dowolnie wybranej nocy<\/h2>\r\n\r\n<p style=\"margin-top: 1rem\">Podkre\u015bl najszcz\u0119\u015bliwszy moment swojego \u017cycia\u200b\u200bna, spersonalizowanym plakatem z faz\u0105 Ksi\u0119\u017cyca z tego dnia! <a href=\"https:\/\/pl.wikipedia.org\/wiki\/Galileusz\">Galileusz<\/a>, patrz\u0105c przez teleskop, powiedzia\u0142: \u201eWidok Ksi\u0119\u017cyca jest pi\u0119kny i zachwycaj\u0105cy\u201d. Teraz mo\u017cesz dzieli\u0107 si\u0119 pi\u0119knem ksi\u0119\u017cycowego krajobrazu dzi\u0119ki w\u0142asnej grafice fazy Ksi\u0119\u017cyca. <\/p>\r\n\r\n<p style=\"margin-top: 1rem\">Ksi\u0119\u017cyc odgrywa ogromn\u0105 rol\u0119 w naszym \u017cyciu, od kontrolowania przyp\u0142yw\u00f3w po rozja\u015bnianie ciemno\u015bci. Korzystaj\u0105c z danych astronomicznych, mo\u017cesz stworzy\u0107 plakat przedstawiaj\u0105cy faz\u0119 ksi\u0119\u017cyca z dowolnej daty i lokalizacji. Chcesz przypomnie\u0107 sobie, jak wygl\u0105da\u0142o niebo podczas nocy po\u015blubnej? Albo <a href=\"https:\/\/positiveprints.com\/pl\/produkt\/ksiezyc-w-dniu-urodzin\/\">Ksi\u0119\u017cyc w dniu urodzin<\/a> Twojego dziecka? Spersonalizowany plakat Ksi\u0119\u017cyc to oryginalny prezent z indywidualnym akcentem. I do tego wygl\u0105da niesamowicie, gdy obok wisi <a href=\"https:\/\/positiveprints.com\/pl\/produkt\/mapa-nieba\/\">mapa nieba<\/a>.<\/p>\r\n\r\n<h2 class=\"grenB f24 cblue\" style=\"margin-top: 3rem\">Plakat z fazami Ksi\u0119\u017cyca &#8211; idealny pomys\u0142 na prezent dla zapominalskich<\/h2>\r\n \r\n<p style=\"margin-top: 1rem\">Chcesz w oryginalny spos\u00f3b powita\u0107 nowego cz\u0142onka rodziny? Stw\u00f3rz spersonalizowany plakat z faz\u0105 Ksi\u0119\u017cyca z chwili jego narodzin. Plakat b\u0119dzie gotowy do wysy\u0142ki zaledwie w kilka dni. Wybierz opcj\u0119 samodzielnego wydruku, je\u015bli potrzebujesz go jeszcze dzi\u015b. Mo\u017cesz wydrukowa\u0107 plakat w pobliskiej drukarni albo nawet na domowej drukarce.<\/p>\r\n\r\n<h2 class=\"grenB f24 cblue\" style=\"margin-top: 3rem\">Dostosuj plakat Ksi\u0119\u017cyc do swojego stylu i gustu<\/h2>\r\n\r\n<p style=\"margin-top: 1rem\">To, w jakiej fazie znajduje si\u0119 Ksi\u0119\u017cyc, ma spory wp\u0142yw na nasz\u0105 codzienno\u015b\u0107. Dzi\u0119ki bardzo dok\u0142adnym danym astronomicznym oraz naszemu kreatorowi stworzysz w\u0142asn\u0105 ksi\u0119\u017cycow\u0105 histori\u0119. Podaj dat\u0119 i miejsce, wybierz spomi\u0119dzy pi\u0119ciu wersji kolorystycznych (nocne niebo, czarny, bia\u0142y, granatowy, be\u017cowy) \u2013 mo\u017cesz nawet doda\u0107 spersonalizowan\u0105 wiadomo\u015b\u0107 lub ulubiony cytat. Ju\u017c nigdy nie zapomnisz, jak pi\u0119kny by\u0142 ksi\u0119\u017cyc tej wyj\u0105tkowej nocy!<\/p>\r\n \r\n\r\n<h2 class=\"grenB f24 cblue\" style=\"margin-top: 3rem\">Zam\u00f3w gotowy plakat, plik cyfrowy do samodzielnego druku lub plakat z ramk\u0105<\/h2>\r\n\r\n<ul style=\"margin-top: 1rem\">\r\n<li>Drukowane przez nas plakaty dost\u0119pne s\u0105 zar\u00f3wno w wersji poziomej, jak i pionowej. W swojej ofercie posiadamy najcz\u0119\u015bciej spotykane na rynku formaty: 100&#215;70 cm, 70&#215;50 cm, 40&#215;30 cm. Plakaty drukowane s\u0105 na grubym, matowym papierze o wysokiej jako\u015bci.<\/li>\r\n<li>Poduszki ozdobne dost\u0119pne s\u0105 w wielko\u015bci 45,72&#215;45,72 cm. Poszewka wykonana jest z wysokiej jako\u015bci, delikatnej w dotyku tkaniny poliestrowej, kt\u00f3r\u0105 mo\u017cna pra\u0107 w pralce. Wk\u0142ad do poduszki nadaje si\u0119 wy\u0142\u0105cznie do prania r\u0119cznego.<\/li>\r\n<li>Pliki do samodzielnego wydruku otrzymujesz na maila w formacie .png. Wi\u0119kszo\u015b\u0107 drukarni bez problemu dostosuje skal\u0119 pliku do wymiar\u00f3w, kt\u00f3re najbardziej Ci odpowiadaj\u0105. Zalecamy, aby plakaty drukowa\u0107 na matowym papierze o grubo\u015bci 180g.<\/li>\r\n<\/ul>\r\n\r\n<p style=\"margin-top: 1rem\">Szukasz plakatu do dzieci\u0119cego pokoju? <a href=\"https:\/\/positiveprints.com\/pl\/produkt\/plakat-narodziny-dziecka\/\">Plakat Narodziny Dziecka<\/a> zachwyci niejednego rodzica!<\/p>","protected":false},"excerpt":{"rendered":"<ul class=\"check-list\">\n<li>Odkryj faz\u0119 ksi\u0119\u017cyca dla dowolnej daty i lokalizacji<\/li>\n<li>Spersonalizuj w 3 prostych krokach<\/li>\n<li>Wybierz jedn\u0105 z efektownych wersji kolorystycznych<\/li>\n<li>Interaktywny podgl\u0105d pozwoli dopracowa\u0107 ka\u017cdy szczeg\u00f3\u0142<\/li>\n<\/ul>\n","protected":false},"featured_media":1688045,"template":"","meta":[],"product_brand":[],"product_cat":[9279,15114,262,8238,7207,15849,7929],"product_tag":[15726,14956,13732,17444,13633],"class_list":{"0":"post-10652","1":"product","2":"type-product","3":"status-publish","4":"has-post-thumbnail","6":"product_cat-bestsellers-label-pl","7":"product_cat-bestsellers-menu-pl","8":"product_cat-creators-pl","9":"product_cat-digital-products-pl","10":"product_cat-moon-pl","11":"product_cat-shop-bestsellers-pl","12":"product_cat-prezent-na-wieczor-panienski","13":"product_tag-christmas-present-pl","14":"product_tag-creators-pl-2","15":"product_tag-luna-pl","16":"product_tag-moon-pl","17":"product_tag-moon-phase-pl","19":"first","20":"instock","21":"sale","22":"taxable","23":"shipping-taxable","24":"purchasable","25":"product-type-variable"},"yoast_head":"<!-- This site is optimized with the Yoast SEO Premium plugin v27.2 (Yoast SEO v27.2) - https:\/\/yoast.com\/product\/yoast-seo-premium-wordpress\/ -->\n<title>Personalizowana Faza Ksi\u0119\u017cyca - Positive Prints<\/title>\n<meta name=\"description\" content=\"Zobacz jak wygl\u0105da\u0142 ksi\u0119\u017cyc w dniu Twoich urodzin, \u015blubu, narodzin dzieka. Plakat Ksi\u0119\u017cyc to idealny pomys\u0142 na dekoracj\u0119 domy lub prezent.\" \/>\n<meta name=\"robots\" content=\"index, follow, max-snippet:-1, max-image-preview:large, max-video-preview:-1\" \/>\n<link rel=\"canonical\" href=\"https:\/\/positiveprints.com\/pl\/produkt\/plakat-ksiezyc\/\" \/>\n<meta property=\"og:locale\" content=\"pl_PL\" \/>\n<meta property=\"og:type\" content=\"article\" \/>\n<meta property=\"og:title\" content=\"Personalizowana Faza Ksi\u0119\u017cyca\" \/>\n<meta property=\"og:description\" content=\"Odkryj faz\u0119 ksi\u0119\u017cyca dla dowolnej daty i lokalizacji  Spersonalizuj w 3 prostych krokach  Wybierz jedn\u0105 z efektownych wersji kolorystycznych  Interaktywny podgl\u0105d pozwoli dopracowa\u0107 ka\u017cdy szczeg\u00f3\u0142\" \/>\n<meta property=\"og:url\" content=\"https:\/\/positiveprints.com\/pl\/produkt\/plakat-ksiezyc\/\" \/>\n<meta property=\"og:site_name\" content=\"Positive Prints\" \/>\n<meta property=\"article:publisher\" content=\"https:\/\/www.facebook.com\/positiveprintscom\" \/>\n<meta property=\"article:modified_time\" content=\"2026-04-18T08:19:58+00:00\" \/>\n<meta property=\"og:image\" content=\"https:\/\/positiveprints.com\/wp-content\/uploads\/2024\/10\/Packshot_PL_Personalized-Moon-Phase-product-image.webp\" \/>\n\t<meta property=\"og:image:width\" content=\"1450\" \/>\n\t<meta property=\"og:image:height\" content=\"1450\" \/>\n\t<meta property=\"og:image:type\" content=\"image\/webp\" \/>\n<meta name=\"twitter:card\" content=\"summary_large_image\" \/>\n<meta name=\"twitter:label1\" content=\"Szacowany czas czytania\" \/>\n\t<meta name=\"twitter:data1\" content=\"3 minuty\" \/>\n<!-- \/ Yoast SEO Premium plugin. -->","yoast_head_json":{"title":"Personalizowana Faza Ksi\u0119\u017cyca - Positive Prints","description":"Zobacz jak wygl\u0105da\u0142 ksi\u0119\u017cyc w dniu Twoich urodzin, \u015blubu, narodzin dzieka. Plakat Ksi\u0119\u017cyc to idealny pomys\u0142 na dekoracj\u0119 domy lub prezent.","robots":{"index":"index","follow":"follow","max-snippet":"max-snippet:-1","max-image-preview":"max-image-preview:large","max-video-preview":"max-video-preview:-1"},"canonical":"https:\/\/positiveprints.com\/pl\/produkt\/plakat-ksiezyc\/","og_locale":"pl_PL","og_type":"article","og_title":"Personalizowana Faza Ksi\u0119\u017cyca","og_description":"Odkryj faz\u0119 ksi\u0119\u017cyca dla dowolnej daty i lokalizacji  Spersonalizuj w 3 prostych krokach  Wybierz jedn\u0105 z efektownych wersji kolorystycznych  Interaktywny podgl\u0105d pozwoli dopracowa\u0107 ka\u017cdy szczeg\u00f3\u0142","og_url":"https:\/\/positiveprints.com\/pl\/produkt\/plakat-ksiezyc\/","og_site_name":"Positive Prints","article_publisher":"https:\/\/www.facebook.com\/positiveprintscom","article_modified_time":"2026-04-18T08:19:58+00:00","og_image":[{"width":1450,"height":1450,"url":"https:\/\/positiveprints.com\/wp-content\/uploads\/2024\/10\/Packshot_PL_Personalized-Moon-Phase-product-image.webp","type":"image\/webp"}],"twitter_card":"summary_large_image","twitter_misc":{"Szacowany czas czytania":"3 minuty"},"schema":{"@context":"https:\/\/schema.org","@graph":[{"@type":["WebPage","ItemPage"],"@id":"https:\/\/positiveprints.com\/pl\/produkt\/plakat-ksiezyc\/","url":"https:\/\/positiveprints.com\/pl\/produkt\/plakat-ksiezyc\/","name":"Personalizowana Faza Ksi\u0119\u017cyca - Positive Prints","isPartOf":{"@id":"https:\/\/positiveprints.com\/pl\/#website"},"primaryImageOfPage":{"@id":"https:\/\/positiveprints.com\/pl\/produkt\/plakat-ksiezyc\/#primaryimage"},"image":{"@id":"https:\/\/positiveprints.com\/pl\/produkt\/plakat-ksiezyc\/#primaryimage"},"thumbnailUrl":"https:\/\/positiveprints.com\/wp-content\/uploads\/2026\/03\/Packshot_PL_XX-personalizowana-faza-ksiezyca.webp","datePublished":"2019-10-02T16:05:56+00:00","dateModified":"2026-04-18T08:19:58+00:00","description":"Zobacz jak wygl\u0105da\u0142 ksi\u0119\u017cyc w dniu Twoich urodzin, \u015blubu, narodzin dzieka. Plakat Ksi\u0119\u017cyc to idealny pomys\u0142 na dekoracj\u0119 domy lub prezent.","breadcrumb":{"@id":"https:\/\/positiveprints.com\/pl\/produkt\/plakat-ksiezyc\/#breadcrumb"},"inLanguage":"pl-PL","potentialAction":[{"@type":"ReadAction","target":["https:\/\/positiveprints.com\/pl\/produkt\/plakat-ksiezyc\/"]}]},{"@type":"ImageObject","inLanguage":"pl-PL","@id":"https:\/\/positiveprints.com\/pl\/produkt\/plakat-ksiezyc\/#primaryimage","url":"https:\/\/positiveprints.com\/wp-content\/uploads\/2026\/03\/Packshot_PL_XX-personalizowana-faza-ksiezyca.webp","contentUrl":"https:\/\/positiveprints.com\/wp-content\/uploads\/2026\/03\/Packshot_PL_XX-personalizowana-faza-ksiezyca.webp","width":1450,"height":1450},{"@type":"BreadcrumbList","@id":"https:\/\/positiveprints.com\/pl\/produkt\/plakat-ksiezyc\/#breadcrumb","itemListElement":[{"@type":"ListItem","position":1,"name":"Home","item":"https:\/\/positiveprints.com\/pl\/"},{"@type":"ListItem","position":2,"name":"Produkty","item":"https:\/\/positiveprints.com\/pl\/shop\/"},{"@type":"ListItem","position":3,"name":"Personalizowana Faza Ksi\u0119\u017cyca"}]},{"@type":"WebSite","@id":"https:\/\/positiveprints.com\/pl\/#website","url":"https:\/\/positiveprints.com\/pl\/","name":"Positive Prints","description":"Amazing Custom Personalized Gifts","publisher":{"@id":"https:\/\/positiveprints.com\/pl\/#organization"},"potentialAction":[{"@type":"SearchAction","target":{"@type":"EntryPoint","urlTemplate":"https:\/\/positiveprints.com\/pl\/?s={search_term_string}"},"query-input":{"@type":"PropertyValueSpecification","valueRequired":true,"valueName":"search_term_string"}}],"inLanguage":"pl-PL"},{"@type":"Organization","@id":"https:\/\/positiveprints.com\/pl\/#organization","name":"Positive Prints","alternateName":"Positive Prints","url":"https:\/\/positiveprints.com\/pl\/","logo":{"@type":"ImageObject","inLanguage":"pl-PL","@id":"https:\/\/positiveprints.com\/pl\/#\/schema\/logo\/image\/","url":"https:\/\/positiveprints.com\/wp-content\/uploads\/2026\/03\/245815646_1337939713319158_5671353136411139666_n.png","contentUrl":"https:\/\/positiveprints.com\/wp-content\/uploads\/2026\/03\/245815646_1337939713319158_5671353136411139666_n.png","width":800,"height":800,"caption":"Positive Prints"},"image":{"@id":"https:\/\/positiveprints.com\/pl\/#\/schema\/logo\/image\/"},"sameAs":["https:\/\/www.facebook.com\/positiveprintscom","https:\/\/www.instagram.com\/positiveprintscom\/","https:\/\/www.tiktok.com\/@positiveprintscom","https:\/\/www.pinterest.com\/positiveprintscom\/"]}]}},"jetpack_sharing_enabled":true,"_links":{"self":[{"href":"https:\/\/positiveprints.com\/pl\/wp-json\/wp\/v2\/product\/10652","targetHints":{"allow":["GET"]}}],"collection":[{"href":"https:\/\/positiveprints.com\/pl\/wp-json\/wp\/v2\/product"}],"about":[{"href":"https:\/\/positiveprints.com\/pl\/wp-json\/wp\/v2\/types\/product"}],"wp:featuredmedia":[{"embeddable":true,"href":"https:\/\/positiveprints.com\/pl\/wp-json\/wp\/v2\/media\/1688045"}],"wp:attachment":[{"href":"https:\/\/positiveprints.com\/pl\/wp-json\/wp\/v2\/media?parent=10652"}],"wp:term":[{"taxonomy":"product_brand","embeddable":true,"href":"https:\/\/positiveprints.com\/pl\/wp-json\/wp\/v2\/product_brand?post=10652"},{"taxonomy":"product_cat","embeddable":true,"href":"https:\/\/positiveprints.com\/pl\/wp-json\/wp\/v2\/product_cat?post=10652"},{"taxonomy":"product_tag","embeddable":true,"href":"https:\/\/positiveprints.com\/pl\/wp-json\/wp\/v2\/product_tag?post=10652"}],"curies":[{"name":"wp","href":"https:\/\/api.w.org\/{rel}","templated":true}]}}