{"id":1048373,"date":"2024-01-22T12:53:02","date_gmt":"2024-01-22T11:53:02","guid":{"rendered":"https:\/\/positiveprints.com\/?post_type=product&#038;p=1048373"},"modified":"2026-04-03T02:58:17","modified_gmt":"2026-04-03T01:58:17","slug":"nasze-zareczyny-bizuteria","status":"publish","type":"product","link":"https:\/\/positiveprints.com\/pl\/produkt\/nasze-zareczyny-bizuteria\/","title":{"rendered":"Nasze Zar\u0119czyny &#8211; personalizowana bi\u017cuteria"},"content":{"rendered":"<p>Czy kiedykolwiek marzy\u0142e\u015b o uwiecznieniu magii swoich zar\u0119czyn w naprawd\u0119 wyj\u0105tkowy spos\u00f3b? Nie szukaj dalej! Personalizowana bi\u017cuteria Nasze Zar\u0119czyny to wyj\u0105tkowy prezent zaprojektowany, aby upami\u0119tni\u0107 Twoj\u0105 histori\u0119 mi\u0142osn\u0105. To co\u015b wi\u0119cej ni\u017c tylko bi\u017cuteria. Jest to wyj\u0105tkowa pami\u0105tka, idealna do \u015bwi\u0119towania Twoich zar\u0119czyn lub podarowania na specjalne okazje.<\/p>\n\n\n\n<h2>Stw\u00f3rz w\u0142asn\u0105 pami\u0105tk\u0119 na zar\u0119czyny<\/h2>\n\n\n\n<p>Stw\u00f3rz w\u0142asn\u0105 pami\u0105tk\u0119, wybieraj\u0105c lokalizacj\u0119 i tekst, kt\u00f3re maj\u0105 warto\u015b\u0107 sentymentaln\u0105. Dodaj odrobin\u0119 magii, umieszczaj\u0105c symboliczny element oznaczaj\u0105cy miejsce, w kt\u00f3rym powiedzia\u0142a\u015b &#8220;Tak&#8221;. Proces personalizacji jest bardzo prosty, umo\u017cliwiaj\u0105c podgl\u0105d projektu na ka\u017cdym etapie, aby upewni\u0107 si\u0119, \u017ce idealnie oddaje on istot\u0119 Twoich zar\u0119czyn.<\/p>\n\n\n\n<h2>Elegancja w srebrze<\/h2>\n\n\n\n<p>Nasz wisiorek jest starannie wykonany, aby wygl\u0105da\u0142 pi\u0119knie przez d\u0142ugi czas. Wykonany z szlachetnego metalu, srebra pr\u00f3by 925 aby podkre\u015bli\u0107 znaczenie Twojego zwi\u0105zku.<\/p>\n\n\n\n<p>Ka\u017cda zawieszka, zar\u00f3wno sama, jak i z 45-centymetrowym \u0142a\u0144cuszkiem, jest grawerowana laserowo. Niewielki znak pr\u00f3by metalu na zawieszce i \u0142a\u0144cuszku zapewnia unikatowo\u015b\u0107 i wysok\u0105 jako\u015b\u0107, przekszta\u0142caj\u0105c Twoje cenne wspomnienia z zar\u0119czyn w wyj\u0105tkowe dzie\u0142o sztuki, kt\u00f3re b\u0119dzie zawsze przy Tobie.<\/p>\n\n\n\n<h2>Zapakowane z mi\u0142o\u015bci\u0105 &#8211; pude\u0142ko pe\u0142ne wspomnie\u0144<\/h2>\n\n\n\n<p>Tw\u00f3j wisiorek umie\u015bcimy w \u0142adnym pude\u0142ku jubilerskim z instrukcj\u0105 piel\u0119gnacji i specjaln\u0105 \u015bciereczk\u0105 do czyszczenia. Bardzo zale\u017cy nam na zapewnieniu Ci wyj\u0105tkowego do\u015bwiadczenia, kt\u00f3re b\u0142yszczy tak samo, jak Twoja historia zar\u0119czyn. \u015awi\u0119tuj pocz\u0105tek wieczno\u015bci z personalizowan\u0105 bi\u017cuteri\u0105 Nasze Zar\u0119czyny &#8211; to ponadczasowy spos\u00f3b, aby zabra\u0107 ze sob\u0105 esencj\u0119 zar\u0119czyn! <\/p>","protected":false},"excerpt":{"rendered":"<ul class=\"check-list\">\n<li>Upami\u0119tnij t\u0119 wyj\u0105tkow\u0105 chwil\u0119, i stw\u00f3rz symbol mi\u0142o\u015bci, kt\u00f3ry b\u0119dzie zawsze przy Tobie<\/li>\n<li>Zawieszka o \u015brednicy 20 mm wykonana z najwy\u017cszej jako\u015bci srebra pr\u00f3by 925, grawerowana laserowo i wyka\u0144czana r\u0119cznie<\/li>\n<li>Wybierz wzruszaj\u0105cy tekst w zale\u017cno\u015bci od okazji<\/li>\n<li>Zaprojektuj w zaledwie 2 minuty<\/li>\n<li>Podgl\u0105d projektu na ka\u017cdym etapie<\/li>\n<\/ul>\n","protected":false},"featured_media":1541555,"template":"","meta":[],"product_brand":[],"product_cat":[9255,9233,99,5279],"product_tag":[9316,9331,9339,9356,8437],"class_list":{"0":"post-1048373","1":"product","2":"type-product","3":"status-publish","4":"has-post-thumbnail","6":"product_cat-jewelry-pl","7":"product_cat-zarys-mapy-bizuteria","8":"product_cat-wszystkie-produkty","9":"product_cat-prezent-na-zareczyny","10":"product_tag-lancuszek","11":"product_tag-medalion","12":"product_tag-naszyjnik","13":"product_tag-wisiorek","14":"product_tag-zareczyny","16":"first","17":"instock","18":"sale","19":"taxable","20":"shipping-taxable","21":"purchasable","22":"product-type-variable"},"yoast_head":"<!-- This site is optimized with the Yoast SEO Premium plugin v27.2 (Yoast SEO v27.2) - https:\/\/yoast.com\/product\/yoast-seo-premium-wordpress\/ -->\n<title>Nasze Zar\u0119czyny -Personalizowana Bi\u017cuteria - Positive Prints<\/title>\n<meta name=\"description\" content=\"Personalizowana bi\u017cuteria Nasze Zar\u0119czyny - wyj\u0105tkowy prezent zaprojektowany, aby upami\u0119tni\u0107 pocz\u0105tek Waszej wiecznej podr\u00f3\u017cy.\" \/>\n<meta name=\"robots\" content=\"index, follow, max-snippet:-1, max-image-preview:large, max-video-preview:-1\" \/>\n<link rel=\"canonical\" href=\"https:\/\/positiveprints.com\/pl\/produkt\/nasze-zareczyny-bizuteria\/\" \/>\n<meta property=\"og:locale\" content=\"pl_PL\" \/>\n<meta property=\"og:type\" content=\"article\" \/>\n<meta property=\"og:title\" content=\"Nasze Zar\u0119czyny - personalizowana bi\u017cuteria\" \/>\n<meta property=\"og:description\" content=\"Upami\u0119tnij t\u0119 wyj\u0105tkow\u0105 chwil\u0119, i stw\u00f3rz symbol mi\u0142o\u015bci, kt\u00f3ry b\u0119dzie zawsze przy Tobie  Zawieszka o \u015brednicy 20 mm wykonana z najwy\u017cszej jako\u015bci srebra pr\u00f3by 925, grawerowana laserowo i wyka\u0144czana r\u0119cznie  Wybierz wzruszaj\u0105cy tekst w zale\u017cno\u015bci od okazji  Zaprojektuj w zaledwie 2 minuty   Podgl\u0105d projektu na ka\u017cdym etapie\" \/>\n<meta property=\"og:url\" content=\"https:\/\/positiveprints.com\/pl\/produkt\/nasze-zareczyny-bizuteria\/\" \/>\n<meta property=\"og:site_name\" content=\"Positive Prints\" \/>\n<meta property=\"article:publisher\" content=\"https:\/\/www.facebook.com\/positiveprintscom\" \/>\n<meta property=\"article:modified_time\" content=\"2026-04-03T01:58:17+00:00\" \/>\n<meta property=\"og:image\" content=\"https:\/\/positiveprints.com\/wp-content\/uploads\/2025\/10\/MAIN_PL_Nasze-Zare\u0328czyny-personalizowana-biz\u0307uteria.webp\" \/>\n\t<meta property=\"og:image:width\" content=\"2500\" \/>\n\t<meta property=\"og:image:height\" content=\"2500\" \/>\n\t<meta property=\"og:image:type\" content=\"image\/webp\" \/>\n<meta name=\"twitter:card\" content=\"summary_large_image\" \/>\n<meta name=\"twitter:label1\" content=\"Szacowany czas czytania\" \/>\n\t<meta name=\"twitter:data1\" content=\"2 minuty\" \/>\n<!-- \/ Yoast SEO Premium plugin. -->","yoast_head_json":{"title":"Nasze Zar\u0119czyny -Personalizowana Bi\u017cuteria - Positive Prints","description":"Personalizowana bi\u017cuteria Nasze Zar\u0119czyny - wyj\u0105tkowy prezent zaprojektowany, aby upami\u0119tni\u0107 pocz\u0105tek Waszej wiecznej podr\u00f3\u017cy.","robots":{"index":"index","follow":"follow","max-snippet":"max-snippet:-1","max-image-preview":"max-image-preview:large","max-video-preview":"max-video-preview:-1"},"canonical":"https:\/\/positiveprints.com\/pl\/produkt\/nasze-zareczyny-bizuteria\/","og_locale":"pl_PL","og_type":"article","og_title":"Nasze Zar\u0119czyny - personalizowana bi\u017cuteria","og_description":"Upami\u0119tnij t\u0119 wyj\u0105tkow\u0105 chwil\u0119, i stw\u00f3rz symbol mi\u0142o\u015bci, kt\u00f3ry b\u0119dzie zawsze przy Tobie  Zawieszka o \u015brednicy 20 mm wykonana z najwy\u017cszej jako\u015bci srebra pr\u00f3by 925, grawerowana laserowo i wyka\u0144czana r\u0119cznie  Wybierz wzruszaj\u0105cy tekst w zale\u017cno\u015bci od okazji  Zaprojektuj w zaledwie 2 minuty   Podgl\u0105d projektu na ka\u017cdym etapie","og_url":"https:\/\/positiveprints.com\/pl\/produkt\/nasze-zareczyny-bizuteria\/","og_site_name":"Positive Prints","article_publisher":"https:\/\/www.facebook.com\/positiveprintscom","article_modified_time":"2026-04-03T01:58:17+00:00","og_image":[{"width":2500,"height":2500,"url":"https:\/\/positiveprints.com\/wp-content\/uploads\/2025\/10\/MAIN_PL_Nasze-Zare\u0328czyny-personalizowana-biz\u0307uteria.webp","type":"image\/webp"}],"twitter_card":"summary_large_image","twitter_misc":{"Szacowany czas czytania":"2 minuty"},"schema":{"@context":"https:\/\/schema.org","@graph":[{"@type":["WebPage","ItemPage"],"@id":"https:\/\/positiveprints.com\/pl\/produkt\/nasze-zareczyny-bizuteria\/","url":"https:\/\/positiveprints.com\/pl\/produkt\/nasze-zareczyny-bizuteria\/","name":"Nasze Zar\u0119czyny -Personalizowana Bi\u017cuteria - Positive Prints","isPartOf":{"@id":"https:\/\/positiveprints.com\/pl\/#website"},"primaryImageOfPage":{"@id":"https:\/\/positiveprints.com\/pl\/produkt\/nasze-zareczyny-bizuteria\/#primaryimage"},"image":{"@id":"https:\/\/positiveprints.com\/pl\/produkt\/nasze-zareczyny-bizuteria\/#primaryimage"},"thumbnailUrl":"https:\/\/positiveprints.com\/wp-content\/uploads\/2025\/10\/MAIN_PL_Nasze-Zare\u0328czyny-personalizowana-biz\u0307uteria.webp","datePublished":"2024-01-22T11:53:02+00:00","dateModified":"2026-04-03T01:58:17+00:00","description":"Personalizowana bi\u017cuteria Nasze Zar\u0119czyny - wyj\u0105tkowy prezent zaprojektowany, aby upami\u0119tni\u0107 pocz\u0105tek Waszej wiecznej podr\u00f3\u017cy.","breadcrumb":{"@id":"https:\/\/positiveprints.com\/pl\/produkt\/nasze-zareczyny-bizuteria\/#breadcrumb"},"inLanguage":"pl-PL","potentialAction":[{"@type":"ReadAction","target":["https:\/\/positiveprints.com\/pl\/produkt\/nasze-zareczyny-bizuteria\/"]}]},{"@type":"ImageObject","inLanguage":"pl-PL","@id":"https:\/\/positiveprints.com\/pl\/produkt\/nasze-zareczyny-bizuteria\/#primaryimage","url":"https:\/\/positiveprints.com\/wp-content\/uploads\/2025\/10\/MAIN_PL_Nasze-Zare\u0328czyny-personalizowana-biz\u0307uteria.webp","contentUrl":"https:\/\/positiveprints.com\/wp-content\/uploads\/2025\/10\/MAIN_PL_Nasze-Zare\u0328czyny-personalizowana-biz\u0307uteria.webp","width":2500,"height":2500},{"@type":"BreadcrumbList","@id":"https:\/\/positiveprints.com\/pl\/produkt\/nasze-zareczyny-bizuteria\/#breadcrumb","itemListElement":[{"@type":"ListItem","position":1,"name":"Home","item":"https:\/\/positiveprints.com\/pl\/"},{"@type":"ListItem","position":2,"name":"Produkty","item":"https:\/\/positiveprints.com\/pl\/shop\/"},{"@type":"ListItem","position":3,"name":"Nasze Zar\u0119czyny &#8211; personalizowana bi\u017cuteria"}]},{"@type":"WebSite","@id":"https:\/\/positiveprints.com\/pl\/#website","url":"https:\/\/positiveprints.com\/pl\/","name":"Positive Prints","description":"Amazing Custom Personalized Gifts","publisher":{"@id":"https:\/\/positiveprints.com\/pl\/#organization"},"potentialAction":[{"@type":"SearchAction","target":{"@type":"EntryPoint","urlTemplate":"https:\/\/positiveprints.com\/pl\/?s={search_term_string}"},"query-input":{"@type":"PropertyValueSpecification","valueRequired":true,"valueName":"search_term_string"}}],"inLanguage":"pl-PL"},{"@type":"Organization","@id":"https:\/\/positiveprints.com\/pl\/#organization","name":"Positive Prints","alternateName":"Positive Prints","url":"https:\/\/positiveprints.com\/pl\/","logo":{"@type":"ImageObject","inLanguage":"pl-PL","@id":"https:\/\/positiveprints.com\/pl\/#\/schema\/logo\/image\/","url":"https:\/\/positiveprints.com\/wp-content\/uploads\/2026\/03\/245815646_1337939713319158_5671353136411139666_n.png","contentUrl":"https:\/\/positiveprints.com\/wp-content\/uploads\/2026\/03\/245815646_1337939713319158_5671353136411139666_n.png","width":800,"height":800,"caption":"Positive Prints"},"image":{"@id":"https:\/\/positiveprints.com\/pl\/#\/schema\/logo\/image\/"},"sameAs":["https:\/\/www.facebook.com\/positiveprintscom","https:\/\/www.instagram.com\/positiveprintscom\/","https:\/\/www.tiktok.com\/@positiveprintscom","https:\/\/www.pinterest.com\/positiveprintscom\/"]}]}},"jetpack_sharing_enabled":true,"_links":{"self":[{"href":"https:\/\/positiveprints.com\/pl\/wp-json\/wp\/v2\/product\/1048373","targetHints":{"allow":["GET"]}}],"collection":[{"href":"https:\/\/positiveprints.com\/pl\/wp-json\/wp\/v2\/product"}],"about":[{"href":"https:\/\/positiveprints.com\/pl\/wp-json\/wp\/v2\/types\/product"}],"wp:featuredmedia":[{"embeddable":true,"href":"https:\/\/positiveprints.com\/pl\/wp-json\/wp\/v2\/media\/1541555"}],"wp:attachment":[{"href":"https:\/\/positiveprints.com\/pl\/wp-json\/wp\/v2\/media?parent=1048373"}],"wp:term":[{"taxonomy":"product_brand","embeddable":true,"href":"https:\/\/positiveprints.com\/pl\/wp-json\/wp\/v2\/product_brand?post=1048373"},{"taxonomy":"product_cat","embeddable":true,"href":"https:\/\/positiveprints.com\/pl\/wp-json\/wp\/v2\/product_cat?post=1048373"},{"taxonomy":"product_tag","embeddable":true,"href":"https:\/\/positiveprints.com\/pl\/wp-json\/wp\/v2\/product_tag?post=1048373"}],"curies":[{"name":"wp","href":"https:\/\/api.w.org\/{rel}","templated":true}]}}