{"id":1048360,"date":"2024-01-22T12:02:46","date_gmt":"2024-01-22T11:02:46","guid":{"rendered":"https:\/\/positiveprints.com\/?post_type=product&#038;p=1048360"},"modified":"2026-04-03T02:58:56","modified_gmt":"2026-04-03T01:58:56","slug":"dzien-w-ktorym-zostalas-mama-bizuteria","status":"publish","type":"product","link":"https:\/\/positiveprints.com\/pl\/produkt\/dzien-w-ktorym-zostalas-mama-bizuteria\/","title":{"rendered":"Dzie\u0144, w kt\u00f3rym zosta\u0142a\u015b Mam\u0105 &#8211; personalizowana bi\u017cuteria"},"content":{"rendered":"<p>Uczcij niezwyk\u0142\u0105 wi\u0119\u017a mi\u0119dzy Tob\u0105 a Twoj\u0105 Mam\u0105 dzi\u0119ki naszej personalizowanej bi\u017cuterii &#8220;Dzie\u0144, w kt\u00f3rym zosta\u0142a\u015b Mam\u0105&#8221; &#8211; kt\u00f3ra uchwyci ten wyj\u0105tkowy moment, w kt\u00f3rym Wasze \u017cycia na zawsze si\u0119 splot\u0142y.<\/p>\n\n\n\n<h2>Wyj\u0105tkowy prezent dla Mamy<\/h2>\n\n\n\n<p>Wyra\u017a swoj\u0105 g\u0142\u0119bok\u0105 mi\u0142o\u015b\u0107 i wdzi\u0119czno\u015b\u0107 dla kobiety, kt\u00f3ra znaczy dla Ciebie wyj\u0105tkowa za pomoc\u0105 tej niesamowitej, personalizowanej bi\u017cuterii. Nasza personalizowana bi\u017cuteria &#8220;Dzie\u0144, w kt\u00f3rym zosta\u0142a\u015b Mam\u0105&#8221; to pi\u0119kne przypomnienie dnia, w kt\u00f3rym zosta\u0142a\u015b obdarzona wyj\u0105tkow\u0105 Mam\u0105.<\/p>\n\n\n\n<p>Spraw, aby ten prezent na Dzie\u0144 Matki by\u0142 naprawd\u0119 jedyny w swoim rodzaju, wybieraj\u0105c dat\u0119, kiedy oficjalnie sta\u0142e\u015b si\u0119 jej dzieckiem. Nasza najnowocze\u015bniejsza technologia stworzy wizualn\u0105 reprezentacj\u0119 nocnego nieba z tego niezapomnianego dnia, tworz\u0105c wyj\u0105tkowy i sentymentalny element, kt\u00f3ry pozostanie pami\u0105tk\u0105 ju\u017c na zawsze.<\/p>\n\n\n\n<h2>Prz\u00f3d i ty\u0142, historia mi\u0142o\u015bci matki<\/h2>\n\n\n\n<p><p>Awers zawieszki przedstawia gwiazdy z Waszej wyj\u0105tkowej nocy, a na rewersie mo\u017cesz zapisa\u0107 dat\u0119 i miejsce. Uczy\u0144 prezent jeszcze bardziej wyj\u0105tkowym dzi\u0119ki uroczej wiadomo\u015bci, takiej jak &#8220;Dzie\u0144, w kt\u00f3rym zosta\u0142a\u015b Mam\u0105&#8221; lub &#8220;Najlepsza Mama na \u015bwiecie&#8221;.<\/p>\n\n\n\n<p>Nasz wisiorek jest starannie wykonany, aby wygl\u0105da\u0142 pi\u0119knie przez d\u0142ugi czas. Wykonany z szlachetnego metalu, srebra pr\u00f3by 925, aby podkre\u015bli\u0107 znaczenie twojego zwi\u0105zku.<\/p>\n\n\n\n<p>Ka\u017cda zawieszka, zar\u00f3wno sama, jak i z 45-centymetrowym \u0142a\u0144cuszkiem, jest grawerowana laserowo, aby przeku\u0107 nocne niebo w bi\u017cuteri\u0119 specjalnie dla Ciebie. Niewielki znak pr\u00f3by metalu na zawieszce i \u0142a\u0144cuszku zapewnia unikatowo\u015b\u0107 i wysok\u0105 jako\u015b\u0107.<\/p>\n\n\n\n<h2>Ponadczasowy symbol matczynej mi\u0142o\u015bci<\/h2>\n\n\n\n<p>Tw\u00f3j wisiorek umie\u015bcimy w \u0142adnym pude\u0142ku jubilerskim z instrukcj\u0105 piel\u0119gnacji i specjaln\u0105 \u015bciereczk\u0105 do czyszczenia. Bardzo zale\u017cy nam na zapewnieniu Ci wyj\u0105tkowego do\u015bwiadczenia, kt\u00f3re b\u0142yszczy tak samo jak mi\u0142o\u015b\u0107 Twojej Mamy.<\/p>\n\n\n\n<p>Ta personalizowana bi\u017cuteria jest ponadczasowym symbolem wyj\u0105tkowej wi\u0119zi, kt\u00f3r\u0105 dzielisz ze swoj\u0105 Mam\u0105. Nie przegap szansy na stworzenie prezentu na Dzie\u0144 Matki, kt\u00f3ry b\u0119dzie pami\u0105tk\u0105 przez ca\u0142e \u017cycie &#8211; zam\u00f3w personalizowan\u0105 bi\u017cuteri\u0119 &#8220;Dzie\u0144, w kt\u00f3rym zosta\u0142a\u015b Mam\u0105&#8221; ju\u017c teraz i podaruj kawa\u0142ek nieba niezwyk\u0142ej kobiecie, kt\u00f3ra ukszta\u0142towa\u0142a Tw\u00f3j \u015bwiat.<\/p>","protected":false},"excerpt":{"rendered":"<ul class=\"check-list\">\n<li>Ten naszyjnik to wi\u0119cej ni\u017c bi\u017cuteria \u2014 to symbol Twojej relacji z Mam\u0105<\/li>\n<li>Zawieszka o \u015brednicy 20 mm, wykonana z najwy\u017cszej jako\u015bci srebra pr\u00f3by 925, precyzyjnie grawerowana laserowo i wyko\u0144czona z najwy\u017csz\u0105 precyzj\u0105<\/li>\n<li>Dodaj dedykacj\u0119 prosto z serca<\/li>\n<li>Zaprojektuj w 2 minuty<\/li>\n<li>Podgl\u0105d projektu na ka\u017cdym etapie pozwoli Ci dopracowa\u0107 ka\u017cdy detal<\/li>\n<\/ul>\n","protected":false},"featured_media":1542999,"template":"","meta":[],"product_brand":[],"product_cat":[9222,11414,7706,7328,9255,3114,5271,9765,99],"product_tag":[9316,13392,12618,13393,12619,9331,8407,13394,13395,9339,11819,9356],"class_list":{"0":"post-1048360","1":"product","2":"type-product","3":"status-publish","4":"has-post-thumbnail","6":"product_cat-bizuteria-z-gwiezdna-mapa","7":"product_cat-prezenty-pod-choinke-dla-mamy","8":"product_cat-prezent-dla-mamy","9":"product_cat-prezenty-na-dzien-matki","10":"product_cat-jewelry-pl","11":"product_cat-star-pl-2","12":"product_cat-prezent-na-boze-narodzenie","13":"product_cat-trending-label-pl","14":"product_cat-wszystkie-produkty","15":"product_tag-lancuszek","16":"product_tag-mam-pl","17":"product_tag-mama-pl","18":"product_tag-mammy-pl","19":"product_tag-mamusia","20":"product_tag-medalion","21":"product_tag-mother-pl","22":"product_tag-mum-pl","23":"product_tag-mummy-pl","24":"product_tag-naszyjnik","25":"product_tag-prezenty-pod-choinke-dla-mamy","26":"product_tag-wisiorek","28":"first","29":"instock","30":"sale","31":"taxable","32":"shipping-taxable","33":"purchasable","34":"product-type-variable"},"yoast_head":"<!-- This site is optimized with the Yoast SEO Premium plugin v27.2 (Yoast SEO v27.2) - https:\/\/yoast.com\/product\/yoast-seo-premium-wordpress\/ -->\n<title>Dzie\u0144, w kt\u00f3rym zosta\u0142a\u015b Mam\u0105 - Bi\u017cuteria - Positive Prints<\/title>\n<meta name=\"description\" content=\"Pe\u0142en emocji i mi\u0142o\u015bci prezent. Wyj\u0105tkowy spos\u00f3b, by podzi\u0119kowa\u0107 mamie za wszystko i przypomnie\u0107 jej o dniu, kt\u00f3ry wszystko zmieni\u0142.\" \/>\n<meta name=\"robots\" content=\"index, follow, max-snippet:-1, max-image-preview:large, max-video-preview:-1\" \/>\n<link rel=\"canonical\" href=\"https:\/\/positiveprints.com\/pl\/produkt\/dzien-w-ktorym-zostalas-mama-bizuteria\/\" \/>\n<meta property=\"og:locale\" content=\"pl_PL\" \/>\n<meta property=\"og:type\" content=\"article\" \/>\n<meta property=\"og:title\" content=\"Dzie\u0144, w kt\u00f3rym zosta\u0142a\u015b Mam\u0105 - personalizowana bi\u017cuteria\" \/>\n<meta property=\"og:description\" content=\"Ten naszyjnik to wi\u0119cej ni\u017c bi\u017cuteria \u2014 to symbol Twojej relacji z Mam\u0105  Zawieszka o \u015brednicy 20 mm, wykonana z najwy\u017cszej jako\u015bci srebra pr\u00f3by 925, precyzyjnie grawerowana laserowo i wyko\u0144czona z najwy\u017csz\u0105 precyzj\u0105  Dodaj dedykacj\u0119 prosto z serca  Zaprojektuj w 2 minuty  Podgl\u0105d projektu na ka\u017cdym etapie pozwoli Ci dopracowa\u0107 ka\u017cdy detal\" \/>\n<meta property=\"og:url\" content=\"https:\/\/positiveprints.com\/pl\/produkt\/dzien-w-ktorym-zostalas-mama-bizuteria\/\" \/>\n<meta property=\"og:site_name\" content=\"Positive Prints\" \/>\n<meta property=\"article:publisher\" content=\"https:\/\/www.facebook.com\/positiveprintscom\" \/>\n<meta property=\"article:modified_time\" content=\"2026-04-03T01:58:56+00:00\" \/>\n<meta property=\"og:image\" content=\"https:\/\/positiveprints.com\/wp-content\/uploads\/2025\/10\/PACKSHOT_PL_Dzien\u0301-w-kto\u0301rym-zostalas\u0301-Mama\u0328-personalizowana-biz\u0307uteria.webp\" \/>\n\t<meta property=\"og:image:width\" content=\"2280\" \/>\n\t<meta property=\"og:image:height\" content=\"2280\" \/>\n\t<meta property=\"og:image:type\" content=\"image\/webp\" \/>\n<meta name=\"twitter:card\" content=\"summary_large_image\" \/>\n<meta name=\"twitter:label1\" content=\"Szacowany czas czytania\" \/>\n\t<meta name=\"twitter:data1\" content=\"2 minuty\" \/>\n<!-- \/ Yoast SEO Premium plugin. -->","yoast_head_json":{"title":"Dzie\u0144, w kt\u00f3rym zosta\u0142a\u015b Mam\u0105 - Bi\u017cuteria - Positive Prints","description":"Pe\u0142en emocji i mi\u0142o\u015bci prezent. Wyj\u0105tkowy spos\u00f3b, by podzi\u0119kowa\u0107 mamie za wszystko i przypomnie\u0107 jej o dniu, kt\u00f3ry wszystko zmieni\u0142.","robots":{"index":"index","follow":"follow","max-snippet":"max-snippet:-1","max-image-preview":"max-image-preview:large","max-video-preview":"max-video-preview:-1"},"canonical":"https:\/\/positiveprints.com\/pl\/produkt\/dzien-w-ktorym-zostalas-mama-bizuteria\/","og_locale":"pl_PL","og_type":"article","og_title":"Dzie\u0144, w kt\u00f3rym zosta\u0142a\u015b Mam\u0105 - personalizowana bi\u017cuteria","og_description":"Ten naszyjnik to wi\u0119cej ni\u017c bi\u017cuteria \u2014 to symbol Twojej relacji z Mam\u0105  Zawieszka o \u015brednicy 20 mm, wykonana z najwy\u017cszej jako\u015bci srebra pr\u00f3by 925, precyzyjnie grawerowana laserowo i wyko\u0144czona z najwy\u017csz\u0105 precyzj\u0105  Dodaj dedykacj\u0119 prosto z serca  Zaprojektuj w 2 minuty  Podgl\u0105d projektu na ka\u017cdym etapie pozwoli Ci dopracowa\u0107 ka\u017cdy detal","og_url":"https:\/\/positiveprints.com\/pl\/produkt\/dzien-w-ktorym-zostalas-mama-bizuteria\/","og_site_name":"Positive Prints","article_publisher":"https:\/\/www.facebook.com\/positiveprintscom","article_modified_time":"2026-04-03T01:58:56+00:00","og_image":[{"width":2280,"height":2280,"url":"https:\/\/positiveprints.com\/wp-content\/uploads\/2025\/10\/PACKSHOT_PL_Dzien\u0301-w-kto\u0301rym-zostalas\u0301-Mama\u0328-personalizowana-biz\u0307uteria.webp","type":"image\/webp"}],"twitter_card":"summary_large_image","twitter_misc":{"Szacowany czas czytania":"2 minuty"},"schema":{"@context":"https:\/\/schema.org","@graph":[{"@type":["WebPage","ItemPage"],"@id":"https:\/\/positiveprints.com\/pl\/produkt\/dzien-w-ktorym-zostalas-mama-bizuteria\/","url":"https:\/\/positiveprints.com\/pl\/produkt\/dzien-w-ktorym-zostalas-mama-bizuteria\/","name":"Dzie\u0144, w kt\u00f3rym zosta\u0142a\u015b Mam\u0105 - Bi\u017cuteria - Positive Prints","isPartOf":{"@id":"https:\/\/positiveprints.com\/pl\/#website"},"primaryImageOfPage":{"@id":"https:\/\/positiveprints.com\/pl\/produkt\/dzien-w-ktorym-zostalas-mama-bizuteria\/#primaryimage"},"image":{"@id":"https:\/\/positiveprints.com\/pl\/produkt\/dzien-w-ktorym-zostalas-mama-bizuteria\/#primaryimage"},"thumbnailUrl":"https:\/\/positiveprints.com\/wp-content\/uploads\/2025\/10\/PACKSHOT_PL_Dzien\u0301-w-kto\u0301rym-zostalas\u0301-Mama\u0328-personalizowana-biz\u0307uteria.webp","datePublished":"2024-01-22T11:02:46+00:00","dateModified":"2026-04-03T01:58:56+00:00","description":"Pe\u0142en emocji i mi\u0142o\u015bci prezent. Wyj\u0105tkowy spos\u00f3b, by podzi\u0119kowa\u0107 mamie za wszystko i przypomnie\u0107 jej o dniu, kt\u00f3ry wszystko zmieni\u0142.","breadcrumb":{"@id":"https:\/\/positiveprints.com\/pl\/produkt\/dzien-w-ktorym-zostalas-mama-bizuteria\/#breadcrumb"},"inLanguage":"pl-PL","potentialAction":[{"@type":"ReadAction","target":["https:\/\/positiveprints.com\/pl\/produkt\/dzien-w-ktorym-zostalas-mama-bizuteria\/"]}]},{"@type":"ImageObject","inLanguage":"pl-PL","@id":"https:\/\/positiveprints.com\/pl\/produkt\/dzien-w-ktorym-zostalas-mama-bizuteria\/#primaryimage","url":"https:\/\/positiveprints.com\/wp-content\/uploads\/2025\/10\/PACKSHOT_PL_Dzien\u0301-w-kto\u0301rym-zostalas\u0301-Mama\u0328-personalizowana-biz\u0307uteria.webp","contentUrl":"https:\/\/positiveprints.com\/wp-content\/uploads\/2025\/10\/PACKSHOT_PL_Dzien\u0301-w-kto\u0301rym-zostalas\u0301-Mama\u0328-personalizowana-biz\u0307uteria.webp","width":2280,"height":2280},{"@type":"BreadcrumbList","@id":"https:\/\/positiveprints.com\/pl\/produkt\/dzien-w-ktorym-zostalas-mama-bizuteria\/#breadcrumb","itemListElement":[{"@type":"ListItem","position":1,"name":"Home","item":"https:\/\/positiveprints.com\/pl\/"},{"@type":"ListItem","position":2,"name":"Produkty","item":"https:\/\/positiveprints.com\/pl\/shop\/"},{"@type":"ListItem","position":3,"name":"Dzie\u0144, w kt\u00f3rym zosta\u0142a\u015b Mam\u0105 &#8211; personalizowana bi\u017cuteria"}]},{"@type":"WebSite","@id":"https:\/\/positiveprints.com\/pl\/#website","url":"https:\/\/positiveprints.com\/pl\/","name":"Positive Prints","description":"Amazing Custom Personalized Gifts","publisher":{"@id":"https:\/\/positiveprints.com\/pl\/#organization"},"potentialAction":[{"@type":"SearchAction","target":{"@type":"EntryPoint","urlTemplate":"https:\/\/positiveprints.com\/pl\/?s={search_term_string}"},"query-input":{"@type":"PropertyValueSpecification","valueRequired":true,"valueName":"search_term_string"}}],"inLanguage":"pl-PL"},{"@type":"Organization","@id":"https:\/\/positiveprints.com\/pl\/#organization","name":"Positive Prints","alternateName":"Positive Prints","url":"https:\/\/positiveprints.com\/pl\/","logo":{"@type":"ImageObject","inLanguage":"pl-PL","@id":"https:\/\/positiveprints.com\/pl\/#\/schema\/logo\/image\/","url":"https:\/\/positiveprints.com\/wp-content\/uploads\/2026\/03\/245815646_1337939713319158_5671353136411139666_n.png","contentUrl":"https:\/\/positiveprints.com\/wp-content\/uploads\/2026\/03\/245815646_1337939713319158_5671353136411139666_n.png","width":800,"height":800,"caption":"Positive Prints"},"image":{"@id":"https:\/\/positiveprints.com\/pl\/#\/schema\/logo\/image\/"},"sameAs":["https:\/\/www.facebook.com\/positiveprintscom","https:\/\/www.instagram.com\/positiveprintscom\/","https:\/\/www.tiktok.com\/@positiveprintscom","https:\/\/www.pinterest.com\/positiveprintscom\/"]}]}},"jetpack_sharing_enabled":true,"_links":{"self":[{"href":"https:\/\/positiveprints.com\/pl\/wp-json\/wp\/v2\/product\/1048360","targetHints":{"allow":["GET"]}}],"collection":[{"href":"https:\/\/positiveprints.com\/pl\/wp-json\/wp\/v2\/product"}],"about":[{"href":"https:\/\/positiveprints.com\/pl\/wp-json\/wp\/v2\/types\/product"}],"wp:featuredmedia":[{"embeddable":true,"href":"https:\/\/positiveprints.com\/pl\/wp-json\/wp\/v2\/media\/1542999"}],"wp:attachment":[{"href":"https:\/\/positiveprints.com\/pl\/wp-json\/wp\/v2\/media?parent=1048360"}],"wp:term":[{"taxonomy":"product_brand","embeddable":true,"href":"https:\/\/positiveprints.com\/pl\/wp-json\/wp\/v2\/product_brand?post=1048360"},{"taxonomy":"product_cat","embeddable":true,"href":"https:\/\/positiveprints.com\/pl\/wp-json\/wp\/v2\/product_cat?post=1048360"},{"taxonomy":"product_tag","embeddable":true,"href":"https:\/\/positiveprints.com\/pl\/wp-json\/wp\/v2\/product_tag?post=1048360"}],"curies":[{"name":"wp","href":"https:\/\/api.w.org\/{rel}","templated":true}]}}