{"id":1048357,"date":"2024-01-22T11:36:21","date_gmt":"2024-01-22T10:36:21","guid":{"rendered":"https:\/\/positiveprints.com\/?post_type=product&#038;p=1048357"},"modified":"2026-04-03T02:59:02","modified_gmt":"2026-04-03T01:59:02","slug":"mapa-nieba-w-dniu-zareczyn-bizuteria","status":"publish","type":"product","link":"https:\/\/positiveprints.com\/pl\/produkt\/mapa-nieba-w-dniu-zareczyn-bizuteria\/","title":{"rendered":"Mapa Nieba w dniu Zar\u0119czyn &#8211; personalizowana bi\u017cuteria"},"content":{"rendered":"<p>Uchwy\u0107 pi\u0119kno swoich zar\u0119czyn w wyj\u0105tkowy spos\u00f3b dzi\u0119ki naszej bi\u017cuterii &#8220;Mapa Nieba w dniu Zar\u0119czyn&#8221;. Ten wyj\u0105tkowy wisiorek s\u0142u\u017cy jako noszone na sobie przypomnienie czaruj\u0105cego momentu, w kt\u00f3rym oboje zrobili\u015bcie krok w kierunku wieczno\u015bci.<\/p>\n\n\n\n<h2>Spersonalizuj swoj\u0105 gwiezdn\u0105 opowie\u015b\u0107 zar\u0119czynow\u0105<\/h2>\n\n\n\n<p>Spersonalizuj sw\u00f3j naszyjnik, wybieraj\u0105c dok\u0142adny czas i miejsce zar\u0119czyn. Nasza zaawansowana technologia w artystyczny spos\u00f3b odtworzy niebia\u0144sk\u0105 panoram\u0119 tej niezapomnianej nocy, uwieczniaj\u0105c gwiazdy, kt\u00f3re zdobi\u0142y niebo, gdy powiedzia\u0142a\u015b &#8220;Tak&#8221;.<\/p>\n\n\n\n<p>Awers zawieszki przedstawia gwiazdy z Waszej wyj\u0105tkowej nocy, a na rewersie mo\u017cesz zapisa\u0107 dat\u0119 i miejsce. Uczy\u0144 prezent jeszcze bardziej wyj\u0105tkowym dzi\u0119ki uroczej wiadomo\u015bci, takiej jak &#8220;Niebo w dniu Zar\u0119czyn&#8221; lub &#8220;Na zawsze razem&#8221;.<\/p>\n\n\n\n<h2>Jako\u015b\u0107 wykonania dla trwa\u0142ego pi\u0119kna<\/h2>\n\n\n\n<p>Nasz wisiorek jest starannie wykonany, aby wygl\u0105da\u0142 pi\u0119knie przez d\u0142ugi czas. Wykonany z szlachetnego metalu, srebra pr\u00f3by 925, aby podkre\u015bli\u0107 znaczenie twojego zwi\u0105zku.<\/p>\n\n\n\n<p>Ka\u017cda zawieszka, zar\u00f3wno sama, jak i z 45-centymetrowym \u0142a\u0144cuszkiem, jest grawerowana laserowo, aby przeku\u0107 nocne niebo w bi\u017cuteri\u0119 specjalnie dla Ciebie. Niewielki znak pr\u00f3by metalu na zawieszce i \u0142a\u0144cuszku zapewnia unikatowo\u015b\u0107 i wysok\u0105 jako\u015b\u0107.<\/p>\n\n\n\n<p>Tw\u00f3j wisiorek umie\u015bcimy w \u0142adnym pude\u0142ku jubilerskim z instrukcj\u0105 piel\u0119gnacji i specjaln\u0105 \u015bciereczk\u0105 do czyszczenia. Bardzo zale\u017cy nam na zapewnieniu Ci wyj\u0105tkowego do\u015bwiadczenia, kt\u00f3re odzwierciedla magi\u0119 Waszych zar\u0119czyn.<\/p>\n\n\n\n<h2>Bi\u017cuteria z okazji Zar\u0119czyn &#8211; trwa\u0142y symbol Waszej mi\u0142o\u015bci<\/h2>\n\n\n\n<p>Spraw, aby Tw\u00f3j prezent by\u0142 wyj\u0105tkowy dzi\u0119ki bi\u017cuterii Mapa Nieba w dniu Zar\u0119czyn. Wybierz metal, kt\u00f3ry Ci si\u0119 podoba, dodaj sw\u00f3j w\u0142asny akcent do nocnego nieba i odkryj kunsztowne grawerowanie, kt\u00f3ra zamienia wspomnienia w pi\u0119kny naszyjnik.<\/p>\n\n\n\n<p>Nasza niestandardowa bi\u017cuteria s\u0142u\u017cy jako ponadczasowy symbol Waszej historii mi\u0142osnej, od nocy zar\u0119czyn. Skorzystaj z okazji, aby stworzy\u0107 wspomnienie, kt\u00f3re przetrwa na zawsze &#8211; zam\u00f3w bi\u017cuteri\u0119 &#8220;Mapa Nieba w dniu Zar\u0119czyn&#8221; ju\u017c teraz i podziel si\u0119 kawa\u0142kiem gwiazd z kim\u015b, kogo kochasz.<\/p>","protected":false},"excerpt":{"rendered":"<ul class=\"check-list\">\n<li>Zawieszka o \u015brednicy 20 mm, wykonana z najwy\u017cszej jako\u015bci srebra pr\u00f3by 925, precyzyjnie grawerowana laserowo i wyko\u0144czona z najwy\u017csz\u0105 precyzj\u0105<\/li>\n<li>Dodaj dedykacj\u0119 prosto z serca<\/li>\n<li>Zaprojektuj w 2 minuty<\/li>\n<li>Podgl\u0105d projektu na ka\u017cdym etapie pozwoli Ci dopracowa\u0107 ka\u017cdy detal<\/li>\n<\/ul>\n","protected":false},"featured_media":1542678,"template":"","meta":[],"product_brand":[],"product_cat":[9222,9255,3114,99,5279],"product_tag":[9316,9331,9339,9356,8437],"class_list":{"0":"post-1048357","1":"product","2":"type-product","3":"status-publish","4":"has-post-thumbnail","6":"product_cat-bizuteria-z-gwiezdna-mapa","7":"product_cat-jewelry-pl","8":"product_cat-star-pl-2","9":"product_cat-wszystkie-produkty","10":"product_cat-prezent-na-zareczyny","11":"product_tag-lancuszek","12":"product_tag-medalion","13":"product_tag-naszyjnik","14":"product_tag-wisiorek","15":"product_tag-zareczyny","17":"first","18":"instock","19":"sale","20":"taxable","21":"shipping-taxable","22":"purchasable","23":"product-type-variable"},"yoast_head":"<!-- This site is optimized with the Yoast SEO Premium plugin v27.2 (Yoast SEO v27.2) - https:\/\/yoast.com\/product\/yoast-seo-premium-wordpress\/ -->\n<title>Mapa Nieba w dniu Zar\u0119czyn - Bi\u017cuteria - Positive Prints<\/title>\n<meta name=\"description\" content=\"Uchwy\u0107 magi\u0119 wieczoru zar\u0119czyn w wyj\u0105tkowy spos\u00f3b. Wybierz dat\u0119, lokalizacj\u0119 lub s\u0142owa, kt\u00f3re przypomn\u0105 o pocz\u0105tku Waszej historii.\" \/>\n<meta name=\"robots\" content=\"index, follow, max-snippet:-1, max-image-preview:large, max-video-preview:-1\" \/>\n<link rel=\"canonical\" href=\"https:\/\/positiveprints.com\/pl\/produkt\/mapa-nieba-w-dniu-zareczyn-bizuteria\/\" \/>\n<meta property=\"og:locale\" content=\"pl_PL\" \/>\n<meta property=\"og:type\" content=\"article\" \/>\n<meta property=\"og:title\" content=\"Mapa Nieba w dniu Zar\u0119czyn - personalizowana bi\u017cuteria\" \/>\n<meta property=\"og:description\" content=\"Zawieszka o \u015brednicy 20 mm, wykonana z najwy\u017cszej jako\u015bci srebra pr\u00f3by 925, precyzyjnie grawerowana laserowo i wyko\u0144czona z najwy\u017csz\u0105 precyzj\u0105 Dodaj dedykacj\u0119 prosto z serca Zaprojektuj w 2 minuty Podgl\u0105d projektu na ka\u017cdym etapie pozwoli Ci dopracowa\u0107 ka\u017cdy detal\" \/>\n<meta property=\"og:url\" content=\"https:\/\/positiveprints.com\/pl\/produkt\/mapa-nieba-w-dniu-zareczyn-bizuteria\/\" \/>\n<meta property=\"og:site_name\" content=\"Positive Prints\" \/>\n<meta property=\"article:publisher\" content=\"https:\/\/www.facebook.com\/positiveprintscom\" \/>\n<meta property=\"article:modified_time\" content=\"2026-04-03T01:59:02+00:00\" \/>\n<meta property=\"og:image\" content=\"https:\/\/positiveprints.com\/wp-content\/uploads\/2025\/10\/PACKSHOT_PL_Mapa-Nieba-w-dniu-Zare\u0328czyn-personalizowana-biz\u0307uteria.webp\" \/>\n\t<meta property=\"og:image:width\" content=\"2280\" \/>\n\t<meta property=\"og:image:height\" content=\"2280\" \/>\n\t<meta property=\"og:image:type\" content=\"image\/webp\" \/>\n<meta name=\"twitter:card\" content=\"summary_large_image\" \/>\n<meta name=\"twitter:label1\" content=\"Szacowany czas czytania\" \/>\n\t<meta name=\"twitter:data1\" content=\"2 minuty\" \/>\n<!-- \/ Yoast SEO Premium plugin. -->","yoast_head_json":{"title":"Mapa Nieba w dniu Zar\u0119czyn - Bi\u017cuteria - Positive Prints","description":"Uchwy\u0107 magi\u0119 wieczoru zar\u0119czyn w wyj\u0105tkowy spos\u00f3b. Wybierz dat\u0119, lokalizacj\u0119 lub s\u0142owa, kt\u00f3re przypomn\u0105 o pocz\u0105tku Waszej historii.","robots":{"index":"index","follow":"follow","max-snippet":"max-snippet:-1","max-image-preview":"max-image-preview:large","max-video-preview":"max-video-preview:-1"},"canonical":"https:\/\/positiveprints.com\/pl\/produkt\/mapa-nieba-w-dniu-zareczyn-bizuteria\/","og_locale":"pl_PL","og_type":"article","og_title":"Mapa Nieba w dniu Zar\u0119czyn - personalizowana bi\u017cuteria","og_description":"Zawieszka o \u015brednicy 20 mm, wykonana z najwy\u017cszej jako\u015bci srebra pr\u00f3by 925, precyzyjnie grawerowana laserowo i wyko\u0144czona z najwy\u017csz\u0105 precyzj\u0105 Dodaj dedykacj\u0119 prosto z serca Zaprojektuj w 2 minuty Podgl\u0105d projektu na ka\u017cdym etapie pozwoli Ci dopracowa\u0107 ka\u017cdy detal","og_url":"https:\/\/positiveprints.com\/pl\/produkt\/mapa-nieba-w-dniu-zareczyn-bizuteria\/","og_site_name":"Positive Prints","article_publisher":"https:\/\/www.facebook.com\/positiveprintscom","article_modified_time":"2026-04-03T01:59:02+00:00","og_image":[{"width":2280,"height":2280,"url":"https:\/\/positiveprints.com\/wp-content\/uploads\/2025\/10\/PACKSHOT_PL_Mapa-Nieba-w-dniu-Zare\u0328czyn-personalizowana-biz\u0307uteria.webp","type":"image\/webp"}],"twitter_card":"summary_large_image","twitter_misc":{"Szacowany czas czytania":"2 minuty"},"schema":{"@context":"https:\/\/schema.org","@graph":[{"@type":["WebPage","ItemPage"],"@id":"https:\/\/positiveprints.com\/pl\/produkt\/mapa-nieba-w-dniu-zareczyn-bizuteria\/","url":"https:\/\/positiveprints.com\/pl\/produkt\/mapa-nieba-w-dniu-zareczyn-bizuteria\/","name":"Mapa Nieba w dniu Zar\u0119czyn - Bi\u017cuteria - Positive Prints","isPartOf":{"@id":"https:\/\/positiveprints.com\/pl\/#website"},"primaryImageOfPage":{"@id":"https:\/\/positiveprints.com\/pl\/produkt\/mapa-nieba-w-dniu-zareczyn-bizuteria\/#primaryimage"},"image":{"@id":"https:\/\/positiveprints.com\/pl\/produkt\/mapa-nieba-w-dniu-zareczyn-bizuteria\/#primaryimage"},"thumbnailUrl":"https:\/\/positiveprints.com\/wp-content\/uploads\/2025\/10\/PACKSHOT_PL_Mapa-Nieba-w-dniu-Zare\u0328czyn-personalizowana-biz\u0307uteria.webp","datePublished":"2024-01-22T10:36:21+00:00","dateModified":"2026-04-03T01:59:02+00:00","description":"Uchwy\u0107 magi\u0119 wieczoru zar\u0119czyn w wyj\u0105tkowy spos\u00f3b. Wybierz dat\u0119, lokalizacj\u0119 lub s\u0142owa, kt\u00f3re przypomn\u0105 o pocz\u0105tku Waszej historii.","breadcrumb":{"@id":"https:\/\/positiveprints.com\/pl\/produkt\/mapa-nieba-w-dniu-zareczyn-bizuteria\/#breadcrumb"},"inLanguage":"pl-PL","potentialAction":[{"@type":"ReadAction","target":["https:\/\/positiveprints.com\/pl\/produkt\/mapa-nieba-w-dniu-zareczyn-bizuteria\/"]}]},{"@type":"ImageObject","inLanguage":"pl-PL","@id":"https:\/\/positiveprints.com\/pl\/produkt\/mapa-nieba-w-dniu-zareczyn-bizuteria\/#primaryimage","url":"https:\/\/positiveprints.com\/wp-content\/uploads\/2025\/10\/PACKSHOT_PL_Mapa-Nieba-w-dniu-Zare\u0328czyn-personalizowana-biz\u0307uteria.webp","contentUrl":"https:\/\/positiveprints.com\/wp-content\/uploads\/2025\/10\/PACKSHOT_PL_Mapa-Nieba-w-dniu-Zare\u0328czyn-personalizowana-biz\u0307uteria.webp","width":2280,"height":2280},{"@type":"BreadcrumbList","@id":"https:\/\/positiveprints.com\/pl\/produkt\/mapa-nieba-w-dniu-zareczyn-bizuteria\/#breadcrumb","itemListElement":[{"@type":"ListItem","position":1,"name":"Home","item":"https:\/\/positiveprints.com\/pl\/"},{"@type":"ListItem","position":2,"name":"Produkty","item":"https:\/\/positiveprints.com\/pl\/shop\/"},{"@type":"ListItem","position":3,"name":"Mapa Nieba w dniu Zar\u0119czyn &#8211; personalizowana bi\u017cuteria"}]},{"@type":"WebSite","@id":"https:\/\/positiveprints.com\/pl\/#website","url":"https:\/\/positiveprints.com\/pl\/","name":"Positive Prints","description":"Amazing Custom Personalized Gifts","publisher":{"@id":"https:\/\/positiveprints.com\/pl\/#organization"},"potentialAction":[{"@type":"SearchAction","target":{"@type":"EntryPoint","urlTemplate":"https:\/\/positiveprints.com\/pl\/?s={search_term_string}"},"query-input":{"@type":"PropertyValueSpecification","valueRequired":true,"valueName":"search_term_string"}}],"inLanguage":"pl-PL"},{"@type":"Organization","@id":"https:\/\/positiveprints.com\/pl\/#organization","name":"Positive Prints","alternateName":"Positive Prints","url":"https:\/\/positiveprints.com\/pl\/","logo":{"@type":"ImageObject","inLanguage":"pl-PL","@id":"https:\/\/positiveprints.com\/pl\/#\/schema\/logo\/image\/","url":"https:\/\/positiveprints.com\/wp-content\/uploads\/2026\/03\/245815646_1337939713319158_5671353136411139666_n.png","contentUrl":"https:\/\/positiveprints.com\/wp-content\/uploads\/2026\/03\/245815646_1337939713319158_5671353136411139666_n.png","width":800,"height":800,"caption":"Positive Prints"},"image":{"@id":"https:\/\/positiveprints.com\/pl\/#\/schema\/logo\/image\/"},"sameAs":["https:\/\/www.facebook.com\/positiveprintscom","https:\/\/www.instagram.com\/positiveprintscom\/","https:\/\/www.tiktok.com\/@positiveprintscom","https:\/\/www.pinterest.com\/positiveprintscom\/"]}]}},"jetpack_sharing_enabled":true,"_links":{"self":[{"href":"https:\/\/positiveprints.com\/pl\/wp-json\/wp\/v2\/product\/1048357","targetHints":{"allow":["GET"]}}],"collection":[{"href":"https:\/\/positiveprints.com\/pl\/wp-json\/wp\/v2\/product"}],"about":[{"href":"https:\/\/positiveprints.com\/pl\/wp-json\/wp\/v2\/types\/product"}],"wp:featuredmedia":[{"embeddable":true,"href":"https:\/\/positiveprints.com\/pl\/wp-json\/wp\/v2\/media\/1542678"}],"wp:attachment":[{"href":"https:\/\/positiveprints.com\/pl\/wp-json\/wp\/v2\/media?parent=1048357"}],"wp:term":[{"taxonomy":"product_brand","embeddable":true,"href":"https:\/\/positiveprints.com\/pl\/wp-json\/wp\/v2\/product_brand?post=1048357"},{"taxonomy":"product_cat","embeddable":true,"href":"https:\/\/positiveprints.com\/pl\/wp-json\/wp\/v2\/product_cat?post=1048357"},{"taxonomy":"product_tag","embeddable":true,"href":"https:\/\/positiveprints.com\/pl\/wp-json\/wp\/v2\/product_tag?post=1048357"}],"curies":[{"name":"wp","href":"https:\/\/api.w.org\/{rel}","templated":true}]}}