{"id":1046974,"date":"2024-01-22T11:13:42","date_gmt":"2024-01-22T10:13:42","guid":{"rendered":"https:\/\/positiveprints.com\/?post_type=product&#038;p=1046974"},"modified":"2026-04-03T02:59:07","modified_gmt":"2026-04-03T01:59:07","slug":"nasza-gwiezdna-konstelacja-bizuteria","status":"publish","type":"product","link":"https:\/\/positiveprints.com\/pl\/produkt\/nasza-gwiezdna-konstelacja-bizuteria\/","title":{"rendered":"Nasza Gwiezdna Konstelacja &#8211; personalizowana bi\u017cuteria"},"content":{"rendered":"<p>Szukasz wyj\u0105tkowego prezentu? Zapoznaj si\u0119 z nasz\u0105 bi\u017cuteri\u0105 Nasza Gwiezdna Konstelacja, celebruj\u0105c\u0105 Twoj\u0105 wyj\u0105tkow\u0105 histori\u0119 mi\u0142osn\u0105.<\/p>\n\n\n\n<h2>Stw\u00f3rz w\u0142asn\u0105 bi\u017cuteri\u0119 Nasza Gwiezdna Konstelacja<\/h2>\n\n\n\n<p>Odkryj bi\u017cuteri\u0119, kt\u00f3ra uwiecznia wyj\u0105tkowe chwile, symbolizuje wieczn\u0105 mi\u0142o\u015b\u0107 i przynosi rado\u015b\u0107. Ten wisiorek jest idealnym wyborem, aby doda\u0107 osobisty akcent do twoich wspomnie\u0144.<\/p>\n\n\n\n<p>Stw\u00f3rz sw\u00f3j w\u0142asny wyj\u0105tkowy naszyjnik z nasz\u0105 bi\u017cuteri\u0105 Nasza Gwiezdna Konstelacja. Wybierz czas i miejsce, w kt\u00f3rym po raz pierwszy si\u0119 spotkali\u015bcie, a nasz kreator przedstawi obraz nocnego nieba z tego momentu.<\/p>\n\n\n\n<p>Awers zawieszki przedstawia gwiazdy z Waszej wyj\u0105tkowej nocy, a na rewersie mo\u017cesz zapisa\u0107 dat\u0119 i miejsce. Uczy\u0144 prezent jeszcze bardziej wyj\u0105tkowym dzi\u0119ki uroczej wiadomo\u015bci, takiej jak &#8220;Nasza Gwiezdna Konstelacja&#8221; lub &#8220;Na zawsze razem&#8221;.<\/p>\n\n\n\n<h2>Jako\u015b\u0107 wykonania dla trwa\u0142ego pi\u0119kna<\/h2>\n\n\n\n<p>Nasz wisiorek jest starannie wykonany, aby wygl\u0105da\u0142 pi\u0119knie przez d\u0142ugi czas. Wykonany z szlachetnego metalu, srebra pr\u00f3by 925, aby podkre\u015bli\u0107 znaczenie twojego zwi\u0105zku.<\/p>\n\n\n\n<p>Ka\u017cdy zawieszka, zar\u00f3wno sama, jak i z 45-centymetrowym \u0142a\u0144cuszkiem, jest grawerowana laserowo, aby przeku\u0107 nocne niebo w bi\u017cuteri\u0119 specjalnie dla Ciebie. Niewielki znak pr\u00f3by metalu na zawieszce i \u0142a\u0144cuszku zapewnia unikatowo\u015b\u0107 i wysok\u0105 jako\u015b\u0107.<\/p>\n\n\n\n<p>Tw\u00f3j wisiorek umie\u015bcimy w \u0142adnym pude\u0142ku jubilerskim z instrukcj\u0105 piel\u0119gnacji i specjaln\u0105 \u015bciereczk\u0105 do czyszczenia. Bardzo zale\u017cy nam na zapewnieniu Ci wyj\u0105tkowego do\u015bwiadczenia, kt\u00f3re b\u0142yszczy tak samo, jak Twoja historia mi\u0142osna.<\/p>\n\n\n\n<h2>Spraw, by ka\u017cda chwila l\u015bni\u0142a<\/h2>\n\n\n\n<p>Spraw, aby Tw\u00f3j prezent by\u0142 wyj\u0105tkowy dzi\u0119ki bi\u017cuterii Nasza Gwiezdna Konstelacja. Wybierz metal, kt\u00f3ry Ci si\u0119 podoba, dodaj sw\u00f3j w\u0142asny akcent do nocnego nieba i odkryj kunsztowne grawerowanie, kt\u00f3ra zamienia wspomnienia w pi\u0119kny naszyjnik.<\/p>\n\n\n\n\n\n<p>Nasza personalizowana bi\u017cuteria jest trwa\u0142ym symbolem Twojej mi\u0142o\u015bci. Nie przegap szansy na stworzenie chwili, kt\u00f3ra zostanie zapami\u0119tana na zawsze &#8211; kup swoj\u0105 bi\u017cuteri\u0119 Nasza Gwiezdna Konstelacja ju\u017c teraz i podaruj kawa\u0142ek gwiazd komu\u015b, na kim Ci zale\u017cy.<\/p>","protected":false},"excerpt":{"rendered":"<ul class=\"check-list\">\n<li>Uwiecznij magi\u0119 Waszej wyj\u0105tkowej nocy, aby \u015bwi\u0119towa\u0107 Wasz\u0105 kosmiczn\u0105 wi\u0119\u017a<\/li>\n<li>Zawieszka o \u015brednicy 20 mm wykonana z najwy\u017cszej jako\u015bci srebra pr\u00f3by 925, grawerowana laserowo i wyka\u0144czana r\u0119cznie<\/li>\n<li>Wybierz wzruszaj\u0105cy tekst w zale\u017cno\u015bci od okazji<\/li>\n<li>Zaprojektuj w zaledwie 2 minuty<\/li>\n<li>Podgl\u0105d projektu na ka\u017cdym etapie<\/li>\n<\/ul>\n","protected":false},"featured_media":1542281,"template":"","meta":[],"product_brand":[],"product_cat":[9222,7786,11407,7690,8190,11410,7753,11417,9255,12256,11184,11239,5333,3114,5271,9765,3120,99],"product_tag":[14975,9316,9331,9339,15454,11770,11813,9356],"class_list":{"0":"post-1046974","1":"product","2":"type-product","3":"status-publish","4":"has-post-thumbnail","6":"product_cat-bizuteria-z-gwiezdna-mapa","7":"product_cat-prezent-dla-dziewczyny","8":"product_cat-prezenty-pod-choinke-dla-dziewczyny","9":"product_cat-prezent-dla-kobiety","10":"product_cat-dla-niej","11":"product_cat-prezenty-pod-choinke-dla-niej","12":"product_cat-prezent-dla-zony","13":"product_cat-prezenty-pod-choinke-dla-zony","14":"product_cat-jewelry-pl","15":"product_cat-jewelry-basic-pl","16":"product_cat-prezenty-na-rocznice-dla-niej","17":"product_cat-prezenty-na-walentynki-dla-niej","18":"product_cat-prezent-na-rocznice","19":"product_cat-star-pl-2","20":"product_cat-prezent-na-boze-narodzenie","21":"product_cat-trending-label-pl","22":"product_cat-prezent-na-walentynki","23":"product_cat-wszystkie-produkty","24":"product_tag-anniversary-pl","25":"product_tag-lancuszek","26":"product_tag-medalion","27":"product_tag-naszyjnik","28":"product_tag-niebo-w-dniu-pierwszego-spotkania","29":"product_tag-prezenty-pod-choinke-dla-dziewczyny","30":"product_tag-prezenty-pod-choinke-dla-zony","31":"product_tag-wisiorek","33":"first","34":"instock","35":"sale","36":"taxable","37":"shipping-taxable","38":"purchasable","39":"product-type-variable"},"yoast_head":"<!-- This site is optimized with the Yoast SEO Premium plugin v27.2 (Yoast SEO v27.2) - https:\/\/yoast.com\/product\/yoast-seo-premium-wordpress\/ -->\n<title>Nasza Gwiezdna Konstelacja Bi\u017cuteria - Positive Prints<\/title>\n<meta name=\"description\" content=\"Szukasz wyj\u0105tkowego prezentu? Zapoznaj si\u0119 z nasz\u0105 bi\u017cuteri\u0105 Nasza Gwiezdna Konstelacja, kt\u00f3r\u0105 mo\u017cna nosi\u0107, aby uczci\u0107 swoj\u0105 wyj\u0105tkow\u0105 histori\u0119 mi\u0142osn\u0105.\" \/>\n<meta name=\"robots\" content=\"index, follow, max-snippet:-1, max-image-preview:large, max-video-preview:-1\" \/>\n<link rel=\"canonical\" href=\"https:\/\/positiveprints.com\/pl\/produkt\/nasza-gwiezdna-konstelacja-bizuteria\/\" \/>\n<meta property=\"og:locale\" content=\"pl_PL\" \/>\n<meta property=\"og:type\" content=\"article\" \/>\n<meta property=\"og:title\" content=\"Nasza Gwiezdna Konstelacja - personalizowana bi\u017cuteria\" \/>\n<meta property=\"og:description\" content=\"Uwiecznij magi\u0119 Waszej wyj\u0105tkowej nocy, aby \u015bwi\u0119towa\u0107 Wasz\u0105 kosmiczn\u0105 wi\u0119\u017a  Zawieszka o \u015brednicy 20 mm wykonana z najwy\u017cszej jako\u015bci srebra pr\u00f3by 925, grawerowana laserowo i wyka\u0144czana r\u0119cznie  Wybierz wzruszaj\u0105cy tekst w zale\u017cno\u015bci od okazji  Zaprojektuj w zaledwie 2 minuty   Podgl\u0105d projektu na ka\u017cdym etapie\" \/>\n<meta property=\"og:url\" content=\"https:\/\/positiveprints.com\/pl\/produkt\/nasza-gwiezdna-konstelacja-bizuteria\/\" \/>\n<meta property=\"og:site_name\" content=\"Positive Prints\" \/>\n<meta property=\"article:publisher\" content=\"https:\/\/www.facebook.com\/positiveprintscom\" \/>\n<meta property=\"article:modified_time\" content=\"2026-04-03T01:59:07+00:00\" \/>\n<meta property=\"og:image\" content=\"https:\/\/positiveprints.com\/wp-content\/uploads\/2025\/10\/PACKSHOT_PL_Nasza-Gwiezdna-Konstelacja-personalizowana-biz\u0307uteria.webp\" \/>\n\t<meta property=\"og:image:width\" content=\"2280\" \/>\n\t<meta property=\"og:image:height\" content=\"2280\" \/>\n\t<meta property=\"og:image:type\" content=\"image\/webp\" \/>\n<meta name=\"twitter:card\" content=\"summary_large_image\" \/>\n<meta name=\"twitter:label1\" content=\"Szacowany czas czytania\" \/>\n\t<meta name=\"twitter:data1\" content=\"2 minuty\" \/>\n<!-- \/ Yoast SEO Premium plugin. -->","yoast_head_json":{"title":"Nasza Gwiezdna Konstelacja Bi\u017cuteria - Positive Prints","description":"Szukasz wyj\u0105tkowego prezentu? Zapoznaj si\u0119 z nasz\u0105 bi\u017cuteri\u0105 Nasza Gwiezdna Konstelacja, kt\u00f3r\u0105 mo\u017cna nosi\u0107, aby uczci\u0107 swoj\u0105 wyj\u0105tkow\u0105 histori\u0119 mi\u0142osn\u0105.","robots":{"index":"index","follow":"follow","max-snippet":"max-snippet:-1","max-image-preview":"max-image-preview:large","max-video-preview":"max-video-preview:-1"},"canonical":"https:\/\/positiveprints.com\/pl\/produkt\/nasza-gwiezdna-konstelacja-bizuteria\/","og_locale":"pl_PL","og_type":"article","og_title":"Nasza Gwiezdna Konstelacja - personalizowana bi\u017cuteria","og_description":"Uwiecznij magi\u0119 Waszej wyj\u0105tkowej nocy, aby \u015bwi\u0119towa\u0107 Wasz\u0105 kosmiczn\u0105 wi\u0119\u017a  Zawieszka o \u015brednicy 20 mm wykonana z najwy\u017cszej jako\u015bci srebra pr\u00f3by 925, grawerowana laserowo i wyka\u0144czana r\u0119cznie  Wybierz wzruszaj\u0105cy tekst w zale\u017cno\u015bci od okazji  Zaprojektuj w zaledwie 2 minuty   Podgl\u0105d projektu na ka\u017cdym etapie","og_url":"https:\/\/positiveprints.com\/pl\/produkt\/nasza-gwiezdna-konstelacja-bizuteria\/","og_site_name":"Positive Prints","article_publisher":"https:\/\/www.facebook.com\/positiveprintscom","article_modified_time":"2026-04-03T01:59:07+00:00","og_image":[{"width":2280,"height":2280,"url":"https:\/\/positiveprints.com\/wp-content\/uploads\/2025\/10\/PACKSHOT_PL_Nasza-Gwiezdna-Konstelacja-personalizowana-biz\u0307uteria.webp","type":"image\/webp"}],"twitter_card":"summary_large_image","twitter_misc":{"Szacowany czas czytania":"2 minuty"},"schema":{"@context":"https:\/\/schema.org","@graph":[{"@type":["WebPage","ItemPage"],"@id":"https:\/\/positiveprints.com\/pl\/produkt\/nasza-gwiezdna-konstelacja-bizuteria\/","url":"https:\/\/positiveprints.com\/pl\/produkt\/nasza-gwiezdna-konstelacja-bizuteria\/","name":"Nasza Gwiezdna Konstelacja Bi\u017cuteria - Positive Prints","isPartOf":{"@id":"https:\/\/positiveprints.com\/pl\/#website"},"primaryImageOfPage":{"@id":"https:\/\/positiveprints.com\/pl\/produkt\/nasza-gwiezdna-konstelacja-bizuteria\/#primaryimage"},"image":{"@id":"https:\/\/positiveprints.com\/pl\/produkt\/nasza-gwiezdna-konstelacja-bizuteria\/#primaryimage"},"thumbnailUrl":"https:\/\/positiveprints.com\/wp-content\/uploads\/2025\/10\/PACKSHOT_PL_Nasza-Gwiezdna-Konstelacja-personalizowana-biz\u0307uteria.webp","datePublished":"2024-01-22T10:13:42+00:00","dateModified":"2026-04-03T01:59:07+00:00","description":"Szukasz wyj\u0105tkowego prezentu? Zapoznaj si\u0119 z nasz\u0105 bi\u017cuteri\u0105 Nasza Gwiezdna Konstelacja, kt\u00f3r\u0105 mo\u017cna nosi\u0107, aby uczci\u0107 swoj\u0105 wyj\u0105tkow\u0105 histori\u0119 mi\u0142osn\u0105.","breadcrumb":{"@id":"https:\/\/positiveprints.com\/pl\/produkt\/nasza-gwiezdna-konstelacja-bizuteria\/#breadcrumb"},"inLanguage":"pl-PL","potentialAction":[{"@type":"ReadAction","target":["https:\/\/positiveprints.com\/pl\/produkt\/nasza-gwiezdna-konstelacja-bizuteria\/"]}]},{"@type":"ImageObject","inLanguage":"pl-PL","@id":"https:\/\/positiveprints.com\/pl\/produkt\/nasza-gwiezdna-konstelacja-bizuteria\/#primaryimage","url":"https:\/\/positiveprints.com\/wp-content\/uploads\/2025\/10\/PACKSHOT_PL_Nasza-Gwiezdna-Konstelacja-personalizowana-biz\u0307uteria.webp","contentUrl":"https:\/\/positiveprints.com\/wp-content\/uploads\/2025\/10\/PACKSHOT_PL_Nasza-Gwiezdna-Konstelacja-personalizowana-biz\u0307uteria.webp","width":2280,"height":2280},{"@type":"BreadcrumbList","@id":"https:\/\/positiveprints.com\/pl\/produkt\/nasza-gwiezdna-konstelacja-bizuteria\/#breadcrumb","itemListElement":[{"@type":"ListItem","position":1,"name":"Home","item":"https:\/\/positiveprints.com\/pl\/"},{"@type":"ListItem","position":2,"name":"Produkty","item":"https:\/\/positiveprints.com\/pl\/shop\/"},{"@type":"ListItem","position":3,"name":"Nasza Gwiezdna Konstelacja &#8211; personalizowana bi\u017cuteria"}]},{"@type":"WebSite","@id":"https:\/\/positiveprints.com\/pl\/#website","url":"https:\/\/positiveprints.com\/pl\/","name":"Positive Prints","description":"Amazing Custom Personalized Gifts","publisher":{"@id":"https:\/\/positiveprints.com\/pl\/#organization"},"potentialAction":[{"@type":"SearchAction","target":{"@type":"EntryPoint","urlTemplate":"https:\/\/positiveprints.com\/pl\/?s={search_term_string}"},"query-input":{"@type":"PropertyValueSpecification","valueRequired":true,"valueName":"search_term_string"}}],"inLanguage":"pl-PL"},{"@type":"Organization","@id":"https:\/\/positiveprints.com\/pl\/#organization","name":"Positive Prints","alternateName":"Positive Prints","url":"https:\/\/positiveprints.com\/pl\/","logo":{"@type":"ImageObject","inLanguage":"pl-PL","@id":"https:\/\/positiveprints.com\/pl\/#\/schema\/logo\/image\/","url":"https:\/\/positiveprints.com\/wp-content\/uploads\/2026\/03\/245815646_1337939713319158_5671353136411139666_n.png","contentUrl":"https:\/\/positiveprints.com\/wp-content\/uploads\/2026\/03\/245815646_1337939713319158_5671353136411139666_n.png","width":800,"height":800,"caption":"Positive Prints"},"image":{"@id":"https:\/\/positiveprints.com\/pl\/#\/schema\/logo\/image\/"},"sameAs":["https:\/\/www.facebook.com\/positiveprintscom","https:\/\/www.instagram.com\/positiveprintscom\/","https:\/\/www.tiktok.com\/@positiveprintscom","https:\/\/www.pinterest.com\/positiveprintscom\/"]}]}},"jetpack_sharing_enabled":true,"_links":{"self":[{"href":"https:\/\/positiveprints.com\/pl\/wp-json\/wp\/v2\/product\/1046974","targetHints":{"allow":["GET"]}}],"collection":[{"href":"https:\/\/positiveprints.com\/pl\/wp-json\/wp\/v2\/product"}],"about":[{"href":"https:\/\/positiveprints.com\/pl\/wp-json\/wp\/v2\/types\/product"}],"wp:featuredmedia":[{"embeddable":true,"href":"https:\/\/positiveprints.com\/pl\/wp-json\/wp\/v2\/media\/1542281"}],"wp:attachment":[{"href":"https:\/\/positiveprints.com\/pl\/wp-json\/wp\/v2\/media?parent=1046974"}],"wp:term":[{"taxonomy":"product_brand","embeddable":true,"href":"https:\/\/positiveprints.com\/pl\/wp-json\/wp\/v2\/product_brand?post=1046974"},{"taxonomy":"product_cat","embeddable":true,"href":"https:\/\/positiveprints.com\/pl\/wp-json\/wp\/v2\/product_cat?post=1046974"},{"taxonomy":"product_tag","embeddable":true,"href":"https:\/\/positiveprints.com\/pl\/wp-json\/wp\/v2\/product_tag?post=1046974"}],"curies":[{"name":"wp","href":"https:\/\/api.w.org\/{rel}","templated":true}]}}