{"id":1037748,"date":"2024-01-11T14:33:08","date_gmt":"2024-01-11T13:33:08","guid":{"rendered":"https:\/\/positiveprints.com\/?post_type=product&#038;p=1037748"},"modified":"2026-04-28T14:01:45","modified_gmt":"2026-04-28T13:01:45","slug":"personalizowana-mapa-do-wydruku-akwarela","status":"publish","type":"product","link":"https:\/\/positiveprints.com\/pl\/produkt\/personalizowana-mapa-do-wydruku-akwarela\/","title":{"rendered":"Personalizowana Mapa do Wydruku &#8211; Akwarela"},"content":{"rendered":"","protected":false},"excerpt":{"rendered":"<ul class=\"check-list\">\n<li>Ozd\u00f3b sw\u00f3j dom pi\u0119kn\u0105 akwarelow\u0105 map\u0105 ulubionego kraju, wyspy lub zbiornika wodnego<\/li>\n<li>Pobierz plik od razu po z\u0142o\u017ceniu i op\u0142aceniu zam\u00f3wienia<\/li>\n<li>Wydrukuj w dowolnym formacie<\/li>\n<li>Otrzymaj wysokiej jako\u015bci plik JPEG (300dpi)<\/li>\n<li>Interaktywny podgl\u0105d pozwoli dopracowa\u0107 ka\u017cdy szczeg\u00f3\u0142<\/li>\n<\/ul>\n","protected":false},"featured_media":984373,"template":"","meta":[],"product_brand":[],"product_cat":[9707,8238,99,7578],"product_tag":[15827,8724],"class_list":{"0":"post-1037748","1":"product","2":"type-product","3":"status-publish","4":"has-post-thumbnail","6":"product_cat-contour-pl","7":"product_cat-digital-products-pl","8":"product_cat-wszystkie-produkty","9":"product_cat-prezenty-na-ostatnia-chwile","10":"product_tag-last-minute-pl-2","11":"product_tag-last-minute-pl","13":"first","14":"instock","15":"sale","16":"taxable","17":"shipping-taxable","18":"purchasable","19":"product-type-variable"},"yoast_head":"<!-- This site is optimized with the Yoast SEO Premium plugin v27.2 (Yoast SEO v27.2) - https:\/\/yoast.com\/product\/yoast-seo-premium-wordpress\/ -->\n<title>Personalizowana Mapa do Wydruku - Akwarela - Positive Prints<\/title>\n<meta name=\"robots\" content=\"index, follow, max-snippet:-1, max-image-preview:large, max-video-preview:-1\" \/>\n<link rel=\"canonical\" href=\"https:\/\/positiveprints.com\/pl\/produkt\/personalizowana-mapa-do-wydruku-akwarela\/\" \/>\n<meta property=\"og:locale\" content=\"pl_PL\" \/>\n<meta property=\"og:type\" content=\"article\" \/>\n<meta property=\"og:title\" content=\"Personalizowana Mapa do Wydruku - Akwarela\" \/>\n<meta property=\"og:description\" content=\"Ozd\u00f3b sw\u00f3j dom pi\u0119kn\u0105 akwarelow\u0105 map\u0105 ulubionego kraju, wyspy lub zbiornika wodnego Pobierz plik od razu po z\u0142o\u017ceniu i op\u0142aceniu zam\u00f3wienia Wydrukuj w dowolnym formacie Otrzymaj wysokiej jako\u015bci plik JPEG (300dpi) Interaktywny podgl\u0105d pozwoli dopracowa\u0107 ka\u017cdy szczeg\u00f3\u0142\" \/>\n<meta property=\"og:url\" content=\"https:\/\/positiveprints.com\/pl\/produkt\/personalizowana-mapa-do-wydruku-akwarela\/\" \/>\n<meta property=\"og:site_name\" content=\"Positive Prints\" \/>\n<meta property=\"article:publisher\" content=\"https:\/\/www.facebook.com\/positiveprintscom\" \/>\n<meta property=\"article:modified_time\" content=\"2026-04-28T13:01:45+00:00\" \/>\n<meta property=\"og:image\" content=\"https:\/\/positiveprints.com\/wp-content\/uploads\/2023\/10\/Personalizowana-Mapa-Akwarela.jpg\" \/>\n\t<meta property=\"og:image:width\" content=\"1080\" \/>\n\t<meta property=\"og:image:height\" content=\"1080\" \/>\n\t<meta property=\"og:image:type\" content=\"image\/jpeg\" \/>\n<meta name=\"twitter:card\" content=\"summary_large_image\" \/>\n<!-- \/ Yoast SEO Premium plugin. -->","yoast_head_json":{"title":"Personalizowana Mapa do Wydruku - Akwarela - Positive Prints","robots":{"index":"index","follow":"follow","max-snippet":"max-snippet:-1","max-image-preview":"max-image-preview:large","max-video-preview":"max-video-preview:-1"},"canonical":"https:\/\/positiveprints.com\/pl\/produkt\/personalizowana-mapa-do-wydruku-akwarela\/","og_locale":"pl_PL","og_type":"article","og_title":"Personalizowana Mapa do Wydruku - Akwarela","og_description":"Ozd\u00f3b sw\u00f3j dom pi\u0119kn\u0105 akwarelow\u0105 map\u0105 ulubionego kraju, wyspy lub zbiornika wodnego Pobierz plik od razu po z\u0142o\u017ceniu i op\u0142aceniu zam\u00f3wienia Wydrukuj w dowolnym formacie Otrzymaj wysokiej jako\u015bci plik JPEG (300dpi) Interaktywny podgl\u0105d pozwoli dopracowa\u0107 ka\u017cdy szczeg\u00f3\u0142","og_url":"https:\/\/positiveprints.com\/pl\/produkt\/personalizowana-mapa-do-wydruku-akwarela\/","og_site_name":"Positive Prints","article_publisher":"https:\/\/www.facebook.com\/positiveprintscom","article_modified_time":"2026-04-28T13:01:45+00:00","og_image":[{"width":1080,"height":1080,"url":"https:\/\/positiveprints.com\/wp-content\/uploads\/2023\/10\/Personalizowana-Mapa-Akwarela.jpg","type":"image\/jpeg"}],"twitter_card":"summary_large_image","schema":{"@context":"https:\/\/schema.org","@graph":[{"@type":["WebPage","ItemPage"],"@id":"https:\/\/positiveprints.com\/pl\/produkt\/personalizowana-mapa-do-wydruku-akwarela\/","url":"https:\/\/positiveprints.com\/pl\/produkt\/personalizowana-mapa-do-wydruku-akwarela\/","name":"Personalizowana Mapa do Wydruku - Akwarela - Positive Prints","isPartOf":{"@id":"https:\/\/positiveprints.com\/pl\/#website"},"primaryImageOfPage":{"@id":"https:\/\/positiveprints.com\/pl\/produkt\/personalizowana-mapa-do-wydruku-akwarela\/#primaryimage"},"image":{"@id":"https:\/\/positiveprints.com\/pl\/produkt\/personalizowana-mapa-do-wydruku-akwarela\/#primaryimage"},"thumbnailUrl":"https:\/\/positiveprints.com\/wp-content\/uploads\/2023\/10\/Personalizowana-Mapa-Akwarela.jpg","datePublished":"2024-01-11T13:33:08+00:00","dateModified":"2026-04-28T13:01:45+00:00","breadcrumb":{"@id":"https:\/\/positiveprints.com\/pl\/produkt\/personalizowana-mapa-do-wydruku-akwarela\/#breadcrumb"},"inLanguage":"pl-PL","potentialAction":[{"@type":"ReadAction","target":["https:\/\/positiveprints.com\/pl\/produkt\/personalizowana-mapa-do-wydruku-akwarela\/"]}]},{"@type":"ImageObject","inLanguage":"pl-PL","@id":"https:\/\/positiveprints.com\/pl\/produkt\/personalizowana-mapa-do-wydruku-akwarela\/#primaryimage","url":"https:\/\/positiveprints.com\/wp-content\/uploads\/2023\/10\/Personalizowana-Mapa-Akwarela.jpg","contentUrl":"https:\/\/positiveprints.com\/wp-content\/uploads\/2023\/10\/Personalizowana-Mapa-Akwarela.jpg","width":1080,"height":1080,"caption":"Personalizowana Mapa - Akwarela"},{"@type":"BreadcrumbList","@id":"https:\/\/positiveprints.com\/pl\/produkt\/personalizowana-mapa-do-wydruku-akwarela\/#breadcrumb","itemListElement":[{"@type":"ListItem","position":1,"name":"Home","item":"https:\/\/positiveprints.com\/pl\/"},{"@type":"ListItem","position":2,"name":"Produkty","item":"https:\/\/positiveprints.com\/pl\/shop\/"},{"@type":"ListItem","position":3,"name":"Personalizowana Mapa do Wydruku &#8211; Akwarela"}]},{"@type":"WebSite","@id":"https:\/\/positiveprints.com\/pl\/#website","url":"https:\/\/positiveprints.com\/pl\/","name":"Positive Prints","description":"Amazing Custom Personalized Gifts","publisher":{"@id":"https:\/\/positiveprints.com\/pl\/#organization"},"potentialAction":[{"@type":"SearchAction","target":{"@type":"EntryPoint","urlTemplate":"https:\/\/positiveprints.com\/pl\/?s={search_term_string}"},"query-input":{"@type":"PropertyValueSpecification","valueRequired":true,"valueName":"search_term_string"}}],"inLanguage":"pl-PL"},{"@type":"Organization","@id":"https:\/\/positiveprints.com\/pl\/#organization","name":"Positive Prints","alternateName":"Positive Prints","url":"https:\/\/positiveprints.com\/pl\/","logo":{"@type":"ImageObject","inLanguage":"pl-PL","@id":"https:\/\/positiveprints.com\/pl\/#\/schema\/logo\/image\/","url":"https:\/\/positiveprints.com\/wp-content\/uploads\/2026\/03\/245815646_1337939713319158_5671353136411139666_n.png","contentUrl":"https:\/\/positiveprints.com\/wp-content\/uploads\/2026\/03\/245815646_1337939713319158_5671353136411139666_n.png","width":800,"height":800,"caption":"Positive Prints"},"image":{"@id":"https:\/\/positiveprints.com\/pl\/#\/schema\/logo\/image\/"},"sameAs":["https:\/\/www.facebook.com\/positiveprintscom","https:\/\/www.instagram.com\/positiveprintscom\/","https:\/\/www.tiktok.com\/@positiveprintscom","https:\/\/www.pinterest.com\/positiveprintscom\/"]}]}},"jetpack_sharing_enabled":true,"_links":{"self":[{"href":"https:\/\/positiveprints.com\/pl\/wp-json\/wp\/v2\/product\/1037748","targetHints":{"allow":["GET"]}}],"collection":[{"href":"https:\/\/positiveprints.com\/pl\/wp-json\/wp\/v2\/product"}],"about":[{"href":"https:\/\/positiveprints.com\/pl\/wp-json\/wp\/v2\/types\/product"}],"wp:featuredmedia":[{"embeddable":true,"href":"https:\/\/positiveprints.com\/pl\/wp-json\/wp\/v2\/media\/984373"}],"wp:attachment":[{"href":"https:\/\/positiveprints.com\/pl\/wp-json\/wp\/v2\/media?parent=1037748"}],"wp:term":[{"taxonomy":"product_brand","embeddable":true,"href":"https:\/\/positiveprints.com\/pl\/wp-json\/wp\/v2\/product_brand?post=1037748"},{"taxonomy":"product_cat","embeddable":true,"href":"https:\/\/positiveprints.com\/pl\/wp-json\/wp\/v2\/product_cat?post=1037748"},{"taxonomy":"product_tag","embeddable":true,"href":"https:\/\/positiveprints.com\/pl\/wp-json\/wp\/v2\/product_tag?post=1037748"}],"curies":[{"name":"wp","href":"https:\/\/api.w.org\/{rel}","templated":true}]}}