{"id":10333,"date":"2019-11-26T23:42:16","date_gmt":"2019-11-26T22:42:16","guid":{"rendered":"https:\/\/positiveprints.com\/product\/personalizowana-mapa\/"},"modified":"2026-04-18T09:19:50","modified_gmt":"2026-04-18T08:19:50","slug":"mapa-plakat","status":"publish","type":"product","link":"https:\/\/positiveprints.com\/pl\/produkt\/mapa-plakat\/","title":{"rendered":"Mapa Plakat"},"content":{"rendered":"<p>Twoje miejsce na ziemi oprawione w ramk\u0119? Mapa plakat przypomni Ci o rodzinnej miejscowo\u015bci, niesamowitej podr\u00f3\u017cy, prze\u0142omowym momencie w Twoim \u017cyciu.<\/p>\r\n\r\n\r\n\r\n\r\n<h2 class=\"grenB f24 cblue\" style=\"margin-top: 3rem\">Mapa plakat wa\u017cnego dla Ciebie miejsca na ziemi<\/h2>\r\n\r\n<p style=\"margin-top: 1rem\">W naszym \u017cyciu maj\u0105 miejsce wydarzenia, kt\u00f3re zas\u0142uguj\u0105 na wyj\u0105tkowe miejsce w pami\u0119ci. Mo\u017cemy r\u00f3wnie\u017c ozdabia\u0107 nimi wn\u0119trze naszego mieszkania lub domu. Te wyj\u0105tkowe momenty maj\u0105 swoje daty i lokalizacje. I to w\u0142a\u015bnie miejsca tych szczeg\u00f3lnych wydarze\u0144 mog\u0105 fantastycznie udekorowa\u0107 Twoj\u0105 \u015bcian\u0119. Mapa plakat to oryginalny i efektowny pomys\u0142 na zagospodarowanie wolnej \u015bciany w mieszkaniu. Siatka ulic przeci\u0119ta rzek\u0105 wpadaj\u0105c\u0105 do morza tworz\u0105 wyj\u0105tkowy obraz. Sprawd\u017a jak Twoje ulubione miejsce wygl\u0105da z lotu ptaka. <\/p>\r\n\r\n\r\n<h2 class=\"grenB f24 cblue\" style=\"margin-top: 3rem\">Plakaty miasta &#8211; Wyj\u0105tkowe prezenty dla bliskiej osoby<\/h2>\r\n\r\n<p style=\"margin-top: 1rem\">Od zawsze masz problem z pomys\u0142em na prezent dla bliskiej Ci osoby, zakochanej w podr\u00f3\u017cach? Nie musisz dalej szuka\u0107! Spersonalizowana mapa plakat upami\u0119tni wasz\u0105 najbardziej szalon\u0105 podr\u00f3\u017c. <a href=\"https:\/\/positiveprints.com\/pl\/plakat-mapa\/\">Plakat z map\u0105<\/a> miejsca bliskiego sercu z pewno\u015bci\u0105 wzbudzi wiele pozytywnych emocji. U\u015bmiech na twarzy obdarowywanego gwarantowany!<\/p>\r\n\r\n\r\n<h2 class=\"grenB f24 cblue\" style=\"margin-top: 3rem\">Plakaty mapy do stworzenia w prostym edytorze<\/h2>\r\n\r\n\r\n<p style=\"margin-top: 1rem\">Ju\u017c nie raz Tw\u00f3j wzrok przyku\u0142a mapa plakat na Instagramowych zdj\u0119ciach? Teraz mo\u017cesz zaprojektowa\u0107 w\u0142asn\u0105, z dowolnie wybran\u0105 lokalizacj\u0105! Dzi\u0119ki dok\u0142adnym danym z <a rel=\"nofollow\" href=\"https:\/\/www.openstreetmap.org\/\">OpenStreetMap<\/a> mo\u017ce to by\u0107 nawet malutka rodzinna miejscowo\u015b\u0107. W edytorze dost\u0119pnym na naszej stronie znajdziesz wszystkie potrzebne narz\u0119dzia do personalizacji plakatu. Wyb\u00f3r odcieni i wersji kolorystycznych jest naprawd\u0119 imponuj\u0105cy! Dostosuj kszta\u0142t, wybierz format, dobierz lokalizacj\u0119 i dodaj znacznik na mapie. Pobaw si\u0119 troch\u0119 kreatorem, aby wyeksponowa\u0107 najwa\u017cniejsze wybrze\u017ca, punkty widokowe, ulice i inne ciekawe miejsca.  W ten spos\u00f3b zaprojektujesz plik do samodzielnego wydruku lub gotowy plakat albo poduszk\u0119, kt\u00f3re dostarczymy wprost do Twoich drzwi.<\/p>\r\n\r\n\r\n\r\n\r\n<h2 class=\"grenB f24 cblue\" style=\"margin-top: 3rem\">Plakat mapa miasta &#8211; Modny element wystroju wn\u0119trza<\/h2>\r\n\r\n<p style=\"margin-top: 1rem\">Personalizowane mapy uzupe\u0142ni\u0105 Twoje domowe aran\u017cacje. To idealny pomys\u0142 na udekorowanie mieszkania przeznaczanego na Airbnb \u2013 przygotuj mapy z poszczeg\u00f3lnymi dzielnicami miasta, aby podpowiedzie\u0107 swoim go\u015bciom, co warto zobaczy\u0107. Wydrukuj map\u0119 na poduszce i udekoruj za jej pomoc\u0105 strefy relaksu.<\/p>\r\n\r\n<ul>\r\n<li>Drukowane przez nas plakaty dost\u0119pne s\u0105 zar\u00f3wno w wersji poziomej, jak i pionowej. W swojej ofercie posiadamy najcz\u0119\u015bciej spotykane na rynku formaty: 100&#215;70 cm, 70&#215;50 cm, 40&#215;30 cm. Plakaty drukowane s\u0105 na grubym, matowym papierze o wysokiej jako\u015bci.<\/li>\r\n<li>Pliki do samodzielnego wydruku otrzymujesz na maila w formacie .png. Wi\u0119kszo\u015b\u0107 drukarni bez problemu dostosuje skal\u0119 pliku do wymiar\u00f3w, kt\u00f3re najbardziej Ci odpowiadaj\u0105. Zalecamy, aby plakaty mapy drukowa\u0107 na matowym papierze o grubo\u015bci 180g.<\/li>\r\n<\/ul>","protected":false},"excerpt":{"rendered":"<ul class=\"check-list\">\n<li>Podkre\u015bl wa\u017cne miejsce za pomoc\u0105 wybranego symbolu<\/li>\n<li>Spersonalizuj w 3 prostych krokach<\/li>\n<li>U\u017cyj jednego z naszych szablon\u00f3w lub daj popis swojej wyobra\u017ani<\/li>\n<li>Interaktywny podgl\u0105d pozwoli dopracowa\u0107 ka\u017cdy szczeg\u00f3\u0142<\/li>\n<\/ul>\n","protected":false},"featured_media":1604461,"template":"","meta":[],"product_brand":[],"product_cat":[15114,8238,262,7188,11545,11546,11547,11548,11636,11637,11638,11639],"product_tag":[14956,13658],"class_list":{"0":"post-10333","1":"product","2":"type-product","3":"status-publish","4":"has-post-thumbnail","6":"product_cat-bestsellers-menu-pl","7":"product_cat-digital-products-pl","8":"product_cat-creators-pl","9":"product_cat-map-pl","10":"product_cat-18-urodziny","11":"product_cat-21-urodziny","12":"product_cat-30-urodziny","13":"product_cat-40-urodziny","14":"product_cat-50-urodziny","15":"product_cat-60-urodziny","16":"product_cat-70-urodziny","17":"product_cat-80-urodziny","18":"product_tag-creators-pl-2","19":"product_tag-mapa-ze-wspolrzednymi","21":"first","22":"instock","23":"sale","24":"taxable","25":"shipping-taxable","26":"purchasable","27":"product-type-variable"},"yoast_head":"<!-- This site is optimized with the Yoast SEO Premium plugin v27.2 (Yoast SEO v27.2) - https:\/\/yoast.com\/product\/yoast-seo-premium-wordpress\/ -->\n<title>Mapa Plakat - Plakat Mapa Miasta - Positive Prints<\/title>\n<meta name=\"description\" content=\"Personalizowana mapa plakat dowolnego miejsca. Wybierz kolor i dodaj w\u0142asny tekst. Plakat mapa miasta to wyj\u0105tkowy prezent na ka\u017cd\u0105 okazj\u0119\" \/>\n<meta name=\"robots\" content=\"index, follow, max-snippet:-1, max-image-preview:large, max-video-preview:-1\" \/>\n<link rel=\"canonical\" href=\"https:\/\/positiveprints.com\/pl\/produkt\/mapa-plakat\/\" \/>\n<meta property=\"og:locale\" content=\"pl_PL\" \/>\n<meta property=\"og:type\" content=\"article\" \/>\n<meta property=\"og:title\" content=\"Mapa Plakat\" \/>\n<meta property=\"og:description\" content=\"Podkre\u015bl wa\u017cne miejsce za pomoc\u0105 wybranego symbolu  Spersonalizuj w 3 prostych krokach  U\u017cyj jednego z naszych szablon\u00f3w lub daj popis swojej wyobra\u017ani  Interaktywny podgl\u0105d pozwoli dopracowa\u0107 ka\u017cdy szczeg\u00f3\u0142\" \/>\n<meta property=\"og:url\" content=\"https:\/\/positiveprints.com\/pl\/produkt\/mapa-plakat\/\" \/>\n<meta property=\"og:site_name\" content=\"Positive Prints\" \/>\n<meta property=\"article:publisher\" content=\"https:\/\/www.facebook.com\/positiveprintscom\" \/>\n<meta property=\"article:modified_time\" content=\"2026-04-18T08:19:50+00:00\" \/>\n<meta property=\"og:image\" content=\"https:\/\/positiveprints.com\/wp-content\/uploads\/2024\/10\/Packshot_PL_our-first-date-product-image.webp\" \/>\n\t<meta property=\"og:image:width\" content=\"1450\" \/>\n\t<meta property=\"og:image:height\" content=\"1450\" \/>\n\t<meta property=\"og:image:type\" content=\"image\/webp\" \/>\n<meta name=\"twitter:card\" content=\"summary_large_image\" \/>\n<meta name=\"twitter:label1\" content=\"Szacowany czas czytania\" \/>\n\t<meta name=\"twitter:data1\" content=\"2 minuty\" \/>\n<!-- \/ Yoast SEO Premium plugin. -->","yoast_head_json":{"title":"Mapa Plakat - Plakat Mapa Miasta - Positive Prints","description":"Personalizowana mapa plakat dowolnego miejsca. Wybierz kolor i dodaj w\u0142asny tekst. Plakat mapa miasta to wyj\u0105tkowy prezent na ka\u017cd\u0105 okazj\u0119","robots":{"index":"index","follow":"follow","max-snippet":"max-snippet:-1","max-image-preview":"max-image-preview:large","max-video-preview":"max-video-preview:-1"},"canonical":"https:\/\/positiveprints.com\/pl\/produkt\/mapa-plakat\/","og_locale":"pl_PL","og_type":"article","og_title":"Mapa Plakat","og_description":"Podkre\u015bl wa\u017cne miejsce za pomoc\u0105 wybranego symbolu  Spersonalizuj w 3 prostych krokach  U\u017cyj jednego z naszych szablon\u00f3w lub daj popis swojej wyobra\u017ani  Interaktywny podgl\u0105d pozwoli dopracowa\u0107 ka\u017cdy szczeg\u00f3\u0142","og_url":"https:\/\/positiveprints.com\/pl\/produkt\/mapa-plakat\/","og_site_name":"Positive Prints","article_publisher":"https:\/\/www.facebook.com\/positiveprintscom","article_modified_time":"2026-04-18T08:19:50+00:00","og_image":[{"width":1450,"height":1450,"url":"https:\/\/positiveprints.com\/wp-content\/uploads\/2024\/10\/Packshot_PL_our-first-date-product-image.webp","type":"image\/webp"}],"twitter_card":"summary_large_image","twitter_misc":{"Szacowany czas czytania":"2 minuty"},"schema":{"@context":"https:\/\/schema.org","@graph":[{"@type":["WebPage","ItemPage"],"@id":"https:\/\/positiveprints.com\/pl\/produkt\/mapa-plakat\/","url":"https:\/\/positiveprints.com\/pl\/produkt\/mapa-plakat\/","name":"Mapa Plakat - Plakat Mapa Miasta - Positive Prints","isPartOf":{"@id":"https:\/\/positiveprints.com\/pl\/#website"},"primaryImageOfPage":{"@id":"https:\/\/positiveprints.com\/pl\/produkt\/mapa-plakat\/#primaryimage"},"image":{"@id":"https:\/\/positiveprints.com\/pl\/produkt\/mapa-plakat\/#primaryimage"},"thumbnailUrl":"https:\/\/positiveprints.com\/wp-content\/uploads\/2026\/01\/Packshot_PL_Mapa-Plakat.webp","datePublished":"2019-11-26T22:42:16+00:00","dateModified":"2026-04-18T08:19:50+00:00","description":"Personalizowana mapa plakat dowolnego miejsca. Wybierz kolor i dodaj w\u0142asny tekst. Plakat mapa miasta to wyj\u0105tkowy prezent na ka\u017cd\u0105 okazj\u0119","breadcrumb":{"@id":"https:\/\/positiveprints.com\/pl\/produkt\/mapa-plakat\/#breadcrumb"},"inLanguage":"pl-PL","potentialAction":[{"@type":"ReadAction","target":["https:\/\/positiveprints.com\/pl\/produkt\/mapa-plakat\/"]}]},{"@type":"ImageObject","inLanguage":"pl-PL","@id":"https:\/\/positiveprints.com\/pl\/produkt\/mapa-plakat\/#primaryimage","url":"https:\/\/positiveprints.com\/wp-content\/uploads\/2026\/01\/Packshot_PL_Mapa-Plakat.webp","contentUrl":"https:\/\/positiveprints.com\/wp-content\/uploads\/2026\/01\/Packshot_PL_Mapa-Plakat.webp","width":1450,"height":1450},{"@type":"BreadcrumbList","@id":"https:\/\/positiveprints.com\/pl\/produkt\/mapa-plakat\/#breadcrumb","itemListElement":[{"@type":"ListItem","position":1,"name":"Home","item":"https:\/\/positiveprints.com\/pl\/"},{"@type":"ListItem","position":2,"name":"Produkty","item":"https:\/\/positiveprints.com\/pl\/shop\/"},{"@type":"ListItem","position":3,"name":"Mapa Plakat"}]},{"@type":"WebSite","@id":"https:\/\/positiveprints.com\/pl\/#website","url":"https:\/\/positiveprints.com\/pl\/","name":"Positive Prints","description":"Amazing Custom Personalized Gifts","publisher":{"@id":"https:\/\/positiveprints.com\/pl\/#organization"},"potentialAction":[{"@type":"SearchAction","target":{"@type":"EntryPoint","urlTemplate":"https:\/\/positiveprints.com\/pl\/?s={search_term_string}"},"query-input":{"@type":"PropertyValueSpecification","valueRequired":true,"valueName":"search_term_string"}}],"inLanguage":"pl-PL"},{"@type":"Organization","@id":"https:\/\/positiveprints.com\/pl\/#organization","name":"Positive Prints","alternateName":"Positive Prints","url":"https:\/\/positiveprints.com\/pl\/","logo":{"@type":"ImageObject","inLanguage":"pl-PL","@id":"https:\/\/positiveprints.com\/pl\/#\/schema\/logo\/image\/","url":"https:\/\/positiveprints.com\/wp-content\/uploads\/2026\/03\/245815646_1337939713319158_5671353136411139666_n.png","contentUrl":"https:\/\/positiveprints.com\/wp-content\/uploads\/2026\/03\/245815646_1337939713319158_5671353136411139666_n.png","width":800,"height":800,"caption":"Positive Prints"},"image":{"@id":"https:\/\/positiveprints.com\/pl\/#\/schema\/logo\/image\/"},"sameAs":["https:\/\/www.facebook.com\/positiveprintscom","https:\/\/www.instagram.com\/positiveprintscom\/","https:\/\/www.tiktok.com\/@positiveprintscom","https:\/\/www.pinterest.com\/positiveprintscom\/"]}]}},"jetpack_sharing_enabled":true,"_links":{"self":[{"href":"https:\/\/positiveprints.com\/pl\/wp-json\/wp\/v2\/product\/10333","targetHints":{"allow":["GET"]}}],"collection":[{"href":"https:\/\/positiveprints.com\/pl\/wp-json\/wp\/v2\/product"}],"about":[{"href":"https:\/\/positiveprints.com\/pl\/wp-json\/wp\/v2\/types\/product"}],"wp:featuredmedia":[{"embeddable":true,"href":"https:\/\/positiveprints.com\/pl\/wp-json\/wp\/v2\/media\/1604461"}],"wp:attachment":[{"href":"https:\/\/positiveprints.com\/pl\/wp-json\/wp\/v2\/media?parent=10333"}],"wp:term":[{"taxonomy":"product_brand","embeddable":true,"href":"https:\/\/positiveprints.com\/pl\/wp-json\/wp\/v2\/product_brand?post=10333"},{"taxonomy":"product_cat","embeddable":true,"href":"https:\/\/positiveprints.com\/pl\/wp-json\/wp\/v2\/product_cat?post=10333"},{"taxonomy":"product_tag","embeddable":true,"href":"https:\/\/positiveprints.com\/pl\/wp-json\/wp\/v2\/product_tag?post=10333"}],"curies":[{"name":"wp","href":"https:\/\/api.w.org\/{rel}","templated":true}]}}