{"id":1025944,"date":"2023-10-21T19:23:51","date_gmt":"2023-10-21T18:23:51","guid":{"rendered":"https:\/\/positiveprints.com\/?post_type=product&#038;p=1025944"},"modified":"2026-04-03T03:03:22","modified_gmt":"2026-04-03T02:03:22","slug":"poczatek-naszej-przygody-akwarela","status":"publish","type":"product","link":"https:\/\/positiveprints.com\/pl\/produkt\/poczatek-naszej-przygody-akwarela\/","title":{"rendered":"Pocz\u0105tek Naszej Przygody &#8211; Akwarela"},"content":{"rendered":"<p>Odkryj idealny prezent, kt\u00f3ry wykracza poza czas i oddaje istot\u0119 cennych chwil. Mapa Pocz\u0105tek Naszej Przygody \u2013 Akwarela jest uciele\u015bnieniem mi\u0142o\u015bci, nowych pocz\u0105tk\u00f3w i wspomnie\u0144 na ca\u0142e \u017cycie. Niezale\u017cnie od tego, czy s\u0105 to <a href=\"https:\/\/positiveprints.com\/pl\/prezenty-na-urodziny\/\">urodziny<\/a>, <a href=\"https:\/\/positiveprints.com\/pl\/prezenty-na-rocznice\/\">rocznica<\/a>, <a href=\"https:\/\/positiveprints.com\/pl\/prezenty-na-slub\/\">\u015blub<\/a>, czy jakikolwiek inny kamie\u0144 milowy, temu spersonalizowanemu arcydzie\u0142u nie mo\u017cna si\u0119 oprze\u0107. Po co wi\u0119c czeka\u0107? Podaruj ukochanej osobie pami\u0105tk\u0119, kt\u00f3r\u0105 b\u0119dzie ceni\u0107 na zawsze.<\/p>\r\n\r\n<h2>Niezapomniane wspomnienia z map\u0105 Pocz\u0105tek Naszej Przygody \u2013 Akwarela<\/h2>\r\n\r\n<p>Z map\u0105 Pocz\u0105tek Naszej Przygody \u2013 Akwarela trzymasz p\u0119dzel, aby namalowa\u0107 swoj\u0105 wyj\u0105tkow\u0105 histori\u0119. Zacznij od wybrania palety kolor\u00f3w, kt\u00f3ra rezonuje z Twoimi emocjami, spo\u015br\u00f3d naszych osza\u0142amiaj\u0105cych predefiniowanych styl\u00f3w lub tworz\u0105c w\u0142asn\u0105. Wybierz kraj, stan lub miasto, w kt\u00f3rym rozpocz\u0119\u0142a si\u0119 Twoja wyj\u0105tkowa podr\u00f3\u017c i zaznacz dok\u0142adne miejsce naszym markerem w kszta\u0142cie serca, dost\u0119pnym w Twoim ulubionym kolorze. Nadaj mu jeszcze bardziej osobisty akcent, dodaj\u0105c szczer\u0105 wiadomo\u015b\u0107, wa\u017cny cytat, tekst piosenki lub imiona, kt\u00f3re maj\u0105 dla Ciebie znaczenie. Nasz edytor online zapewnia podgl\u0105d w czasie rzeczywistym na ka\u017cdym kroku, zapewniaj\u0105c, \u017ce Twoje dzie\u0142o jest prawdziwym odzwierciedleniem Twoich emocji i wspomnie\u0144. Na koniec wybierz format, kt\u00f3ry pasuje do Twojego stylu: plakat w ramce, drukowany plakat, wydruk na p\u0142\u00f3tnie lub plik cyfrowy do natychmiastowego pobrania. Ka\u017cdy  projekt jest dzie\u0142em sztuki, skrupulatnie zaprojektowanym, aby zachowa\u0107 esencj\u0119 wyj\u0105tkowej chwili.<\/p>\r\n\r\n<h2>Podnie\u015b jako\u015b\u0107 swoich prezent\u00f3w<\/h2>\r\n\r\n<p>Mapa Pocz\u0105tek Naszej Przygody \u2013 Akwarela to g\u0142\u0119boki spos\u00f3b na wyra\u017cenie mi\u0142o\u015bci i uznania. To nie tylko mapa. To trwa\u0142e wspomnienie, kt\u00f3re b\u0119dzie cenione przez ca\u0142e \u017cycie. Ta mapa jest przewodnikiem g\u0142\u0119bokich emocji, reprezentuj\u0105c rado\u015b\u0107 nowych pocz\u0105tk\u00f3w i ciep\u0142o wsp\u00f3lnych do\u015bwiadcze\u0144.<\/p>\r\n\r\n<p>Ka\u017cde spojrzenie na ni\u0105 staje si\u0119 pocz\u0105tkiem rozmowy, wyzwalaczem emocji i cennym przypomnieniem, gdzie zacz\u0119\u0142a si\u0119 Wasza podr\u00f3\u017c. Wykonana z mi\u0142o\u015bci\u0105 i spersonalizowana dla duszy, jest wyrazem uznania i \u015bwi\u0119towania, s\u0142u\u017c\u0105c jako \u015bwiadectwo chwil, kt\u00f3re ukszta\u0142towa\u0142y Wasze \u017cycie. Stw\u00f3rz swoje arcydzie\u0142o ju\u017c dzi\u015b i \u015bwi\u0119tuj &#8220;Pocz\u0105tek Waszej Przygody&#8221;.<\/p>","protected":false},"excerpt":{"rendered":"<ul class=\"check-list\">\n<li>Zachowaj esencj\u0119 tej wyj\u0105tkowej chwili<\/li>\n<li> Oznacz wyj\u0105tkowe miejsce wybranym symbolem<\/li>\n<li> Spersonalizuj w 3 prostych krokach<\/li>\n<li> U\u017cyj jednego z naszych szablon\u00f3w lub daj popis swojej wyobra\u017ani<\/li>\n<li> Interaktywny podgl\u0105d pozwoli dopracowa\u0107 ka\u017cdy szczeg\u00f3\u0142<\/li>\n<\/ul>\n","protected":false},"featured_media":1555981,"template":"","meta":[],"product_brand":[],"product_cat":[9707,99,3126,11209,11210,8010,7690],"product_tag":[9125],"class_list":{"0":"post-1025944","1":"product","2":"type-product","3":"status-publish","4":"has-post-thumbnail","6":"product_cat-contour-pl","7":"product_cat-wszystkie-produkty","8":"product_cat-prezent-na-urodziny","9":"product_cat-prezenty-urodzinowe-dla-niej","10":"product_cat-prezenty-urodzinowe-dla-niego","11":"product_cat-prezent-dla-mezczyzny","12":"product_cat-prezent-dla-kobiety","13":"product_tag-couples-pl-2","15":"first","16":"instock","17":"sale","18":"taxable","19":"shipping-taxable","20":"purchasable","21":"product-type-variable"},"yoast_head":"<!-- This site is optimized with the Yoast SEO Premium plugin v27.2 (Yoast SEO v27.2) - https:\/\/yoast.com\/product\/yoast-seo-premium-wordpress\/ -->\n<title>Pocz\u0105tek Naszej Przygody - Akwarela - Positive Prints<\/title>\n<meta name=\"description\" content=\"Mapa Pocz\u0105tek Naszej Przygody \u2013 Akwarela to g\u0142\u0119boki spos\u00f3b na wyra\u017cenie mi\u0142o\u015bci i uznania. To trwa\u0142e wspomnienie, kt\u00f3re b\u0119dzie cenione przez ca\u0142e \u017cycie.\" \/>\n<meta name=\"robots\" content=\"index, follow, max-snippet:-1, max-image-preview:large, max-video-preview:-1\" \/>\n<link rel=\"canonical\" href=\"https:\/\/positiveprints.com\/pl\/produkt\/poczatek-naszej-przygody-akwarela\/\" \/>\n<meta property=\"og:locale\" content=\"pl_PL\" \/>\n<meta property=\"og:type\" content=\"article\" \/>\n<meta property=\"og:title\" content=\"Pocz\u0105tek Naszej Przygody - Akwarela\" \/>\n<meta property=\"og:description\" content=\"Zachowaj esencj\u0119 tej wyj\u0105tkowej chwili  Oznacz wyj\u0105tkowe miejsce wybranym symbolem  Spersonalizuj w 3 prostych krokach  U\u017cyj jednego z naszych szablon\u00f3w lub daj popis swojej wyobra\u017ani  Interaktywny podgl\u0105d pozwoli dopracowa\u0107 ka\u017cdy szczeg\u00f3\u0142\" \/>\n<meta property=\"og:url\" content=\"https:\/\/positiveprints.com\/pl\/produkt\/poczatek-naszej-przygody-akwarela\/\" \/>\n<meta property=\"og:site_name\" content=\"Positive Prints\" \/>\n<meta property=\"article:publisher\" content=\"https:\/\/www.facebook.com\/positiveprintscom\" \/>\n<meta property=\"article:modified_time\" content=\"2026-04-03T02:03:22+00:00\" \/>\n<meta property=\"og:image\" content=\"https:\/\/positiveprints.com\/wp-content\/uploads\/2025\/10\/Poczatek-Naszej-Przygody-Akwarela-2.webp\" \/>\n\t<meta property=\"og:image:width\" content=\"1450\" \/>\n\t<meta property=\"og:image:height\" content=\"1450\" \/>\n\t<meta property=\"og:image:type\" content=\"image\/webp\" \/>\n<meta name=\"twitter:card\" content=\"summary_large_image\" \/>\n<!-- \/ Yoast SEO Premium plugin. -->","yoast_head_json":{"title":"Pocz\u0105tek Naszej Przygody - Akwarela - Positive Prints","description":"Mapa Pocz\u0105tek Naszej Przygody \u2013 Akwarela to g\u0142\u0119boki spos\u00f3b na wyra\u017cenie mi\u0142o\u015bci i uznania. To trwa\u0142e wspomnienie, kt\u00f3re b\u0119dzie cenione przez ca\u0142e \u017cycie.","robots":{"index":"index","follow":"follow","max-snippet":"max-snippet:-1","max-image-preview":"max-image-preview:large","max-video-preview":"max-video-preview:-1"},"canonical":"https:\/\/positiveprints.com\/pl\/produkt\/poczatek-naszej-przygody-akwarela\/","og_locale":"pl_PL","og_type":"article","og_title":"Pocz\u0105tek Naszej Przygody - Akwarela","og_description":"Zachowaj esencj\u0119 tej wyj\u0105tkowej chwili  Oznacz wyj\u0105tkowe miejsce wybranym symbolem  Spersonalizuj w 3 prostych krokach  U\u017cyj jednego z naszych szablon\u00f3w lub daj popis swojej wyobra\u017ani  Interaktywny podgl\u0105d pozwoli dopracowa\u0107 ka\u017cdy szczeg\u00f3\u0142","og_url":"https:\/\/positiveprints.com\/pl\/produkt\/poczatek-naszej-przygody-akwarela\/","og_site_name":"Positive Prints","article_publisher":"https:\/\/www.facebook.com\/positiveprintscom","article_modified_time":"2026-04-03T02:03:22+00:00","og_image":[{"width":1450,"height":1450,"url":"https:\/\/positiveprints.com\/wp-content\/uploads\/2025\/10\/Poczatek-Naszej-Przygody-Akwarela-2.webp","type":"image\/webp"}],"twitter_card":"summary_large_image","schema":{"@context":"https:\/\/schema.org","@graph":[{"@type":["WebPage","ItemPage"],"@id":"https:\/\/positiveprints.com\/pl\/produkt\/poczatek-naszej-przygody-akwarela\/","url":"https:\/\/positiveprints.com\/pl\/produkt\/poczatek-naszej-przygody-akwarela\/","name":"Pocz\u0105tek Naszej Przygody - Akwarela - Positive Prints","isPartOf":{"@id":"https:\/\/positiveprints.com\/pl\/#website"},"primaryImageOfPage":{"@id":"https:\/\/positiveprints.com\/pl\/produkt\/poczatek-naszej-przygody-akwarela\/#primaryimage"},"image":{"@id":"https:\/\/positiveprints.com\/pl\/produkt\/poczatek-naszej-przygody-akwarela\/#primaryimage"},"thumbnailUrl":"https:\/\/positiveprints.com\/wp-content\/uploads\/2025\/10\/Poczatek-Naszej-Przygody-Akwarela-2.webp","datePublished":"2023-10-21T18:23:51+00:00","dateModified":"2026-04-03T02:03:22+00:00","description":"Mapa Pocz\u0105tek Naszej Przygody \u2013 Akwarela to g\u0142\u0119boki spos\u00f3b na wyra\u017cenie mi\u0142o\u015bci i uznania. To trwa\u0142e wspomnienie, kt\u00f3re b\u0119dzie cenione przez ca\u0142e \u017cycie.","breadcrumb":{"@id":"https:\/\/positiveprints.com\/pl\/produkt\/poczatek-naszej-przygody-akwarela\/#breadcrumb"},"inLanguage":"pl-PL","potentialAction":[{"@type":"ReadAction","target":["https:\/\/positiveprints.com\/pl\/produkt\/poczatek-naszej-przygody-akwarela\/"]}]},{"@type":"ImageObject","inLanguage":"pl-PL","@id":"https:\/\/positiveprints.com\/pl\/produkt\/poczatek-naszej-przygody-akwarela\/#primaryimage","url":"https:\/\/positiveprints.com\/wp-content\/uploads\/2025\/10\/Poczatek-Naszej-Przygody-Akwarela-2.webp","contentUrl":"https:\/\/positiveprints.com\/wp-content\/uploads\/2025\/10\/Poczatek-Naszej-Przygody-Akwarela-2.webp","width":1450,"height":1450},{"@type":"BreadcrumbList","@id":"https:\/\/positiveprints.com\/pl\/produkt\/poczatek-naszej-przygody-akwarela\/#breadcrumb","itemListElement":[{"@type":"ListItem","position":1,"name":"Home","item":"https:\/\/positiveprints.com\/pl\/"},{"@type":"ListItem","position":2,"name":"Produkty","item":"https:\/\/positiveprints.com\/pl\/shop\/"},{"@type":"ListItem","position":3,"name":"Pocz\u0105tek Naszej Przygody &#8211; Akwarela"}]},{"@type":"WebSite","@id":"https:\/\/positiveprints.com\/pl\/#website","url":"https:\/\/positiveprints.com\/pl\/","name":"Positive Prints","description":"Amazing Custom Personalized Gifts","publisher":{"@id":"https:\/\/positiveprints.com\/pl\/#organization"},"potentialAction":[{"@type":"SearchAction","target":{"@type":"EntryPoint","urlTemplate":"https:\/\/positiveprints.com\/pl\/?s={search_term_string}"},"query-input":{"@type":"PropertyValueSpecification","valueRequired":true,"valueName":"search_term_string"}}],"inLanguage":"pl-PL"},{"@type":"Organization","@id":"https:\/\/positiveprints.com\/pl\/#organization","name":"Positive Prints","alternateName":"Positive Prints","url":"https:\/\/positiveprints.com\/pl\/","logo":{"@type":"ImageObject","inLanguage":"pl-PL","@id":"https:\/\/positiveprints.com\/pl\/#\/schema\/logo\/image\/","url":"https:\/\/positiveprints.com\/wp-content\/uploads\/2026\/03\/245815646_1337939713319158_5671353136411139666_n.png","contentUrl":"https:\/\/positiveprints.com\/wp-content\/uploads\/2026\/03\/245815646_1337939713319158_5671353136411139666_n.png","width":800,"height":800,"caption":"Positive Prints"},"image":{"@id":"https:\/\/positiveprints.com\/pl\/#\/schema\/logo\/image\/"},"sameAs":["https:\/\/www.facebook.com\/positiveprintscom","https:\/\/www.instagram.com\/positiveprintscom\/","https:\/\/www.tiktok.com\/@positiveprintscom","https:\/\/www.pinterest.com\/positiveprintscom\/"]}]}},"jetpack_sharing_enabled":true,"_links":{"self":[{"href":"https:\/\/positiveprints.com\/pl\/wp-json\/wp\/v2\/product\/1025944","targetHints":{"allow":["GET"]}}],"collection":[{"href":"https:\/\/positiveprints.com\/pl\/wp-json\/wp\/v2\/product"}],"about":[{"href":"https:\/\/positiveprints.com\/pl\/wp-json\/wp\/v2\/types\/product"}],"wp:featuredmedia":[{"embeddable":true,"href":"https:\/\/positiveprints.com\/pl\/wp-json\/wp\/v2\/media\/1555981"}],"wp:attachment":[{"href":"https:\/\/positiveprints.com\/pl\/wp-json\/wp\/v2\/media?parent=1025944"}],"wp:term":[{"taxonomy":"product_brand","embeddable":true,"href":"https:\/\/positiveprints.com\/pl\/wp-json\/wp\/v2\/product_brand?post=1025944"},{"taxonomy":"product_cat","embeddable":true,"href":"https:\/\/positiveprints.com\/pl\/wp-json\/wp\/v2\/product_cat?post=1025944"},{"taxonomy":"product_tag","embeddable":true,"href":"https:\/\/positiveprints.com\/pl\/wp-json\/wp\/v2\/product_tag?post=1025944"}],"curies":[{"name":"wp","href":"https:\/\/api.w.org\/{rel}","templated":true}]}}