{"id":1025936,"date":"2023-12-28T11:55:09","date_gmt":"2023-12-28T10:55:09","guid":{"rendered":"https:\/\/positiveprints.com\/?post_type=product&#038;p=1025936"},"modified":"2026-04-23T11:12:11","modified_gmt":"2026-04-23T10:12:11","slug":"nasza-pierwsza-randka-akwarela","status":"publish","type":"product","link":"https:\/\/positiveprints.com\/pl\/produkt\/nasza-pierwsza-randka-akwarela\/","title":{"rendered":"Nasza Pierwsza Randka &#8211; Akwarela"},"content":{"rendered":"<p>Podnie\u015b rang\u0119 swojego prezentu dzi\u0119ki mapie Nasza Pierwsza Randka &#8211; Akwarela. To wyj\u0105tkowy spos\u00f3b na uczczenie miejsca, w kt\u00f3rym rozpocz\u0119\u0142a si\u0119 Wasza historia mi\u0142osna &#8211; pierwszej randki. Ten spersonalizowany prezent jest idealny na <a href=\"https:\/\/positiveprints.com\/pl\/prezenty-na-urodziny\/\">urodziny<\/a>, <a href=\"https:\/\/positiveprints.com\/pl\/prezenty-na-rocznice\/\">rocznic\u0119<\/a>, <a href=\"https:\/\/positiveprints.com\/pl\/prezenty-na-slub\/\">\u015blub<\/a>, lub inn\u0105 specjaln\u0105 okazj\u0119, oferuj\u0105c trwa\u0142\u0105 pami\u0105tk\u0119, kt\u00f3ra pi\u0119knie upami\u0119tnia Wasz\u0105 wyj\u0105tkow\u0105 wi\u0119\u017a.<\/p>\r\n\r\n<h2>Pocz\u0105tki wyj\u0105tkowej historii mi\u0142osnej<\/h2>\r\n\r\n<p>Uchwy\u0107 esencj\u0119 swojej wyj\u0105tkowej historii mi\u0142osnej za pomoc\u0105 mapy Nasza Pierwsza Randka \u2013 Akwarela. Dzi\u0119ki kreatywnej swobodzie wyboru spo\u015br\u00f3d predefiniowanych styl\u00f3w akwareli lub dostosowania wersji kolorystycznej, mo\u017cesz sprawi\u0107, \u017ce mapa b\u0119dzie naprawd\u0119 wyj\u0105tkowa. Dodaj odrobin\u0119 nostalgii, umieszczaj\u0105c pod map\u0105 dat\u0119 pierwszego spotkania. Poka\u017c kraj, stan lub miasto, w kt\u00f3rym odby\u0142a si\u0119 Wasza pierwsza randka i wska\u017c je markerem w kszta\u0142cie serca.<\/p>\r\n\r\n<p>Dodaj osobisty akcent, umieszczaj\u0105c szczer\u0105 wiadomo\u015b\u0107 pod map\u0105, gdzie elegancko pojawia si\u0119 napis &#8220;Nasza pierwsza randka&#8221;. Ta przemy\u015blana personalizacja jest idealna do do\u0142\u0105czania cytat\u00f3w. Popularne jest r\u00f3wnie\u017c drukowanie tekst\u00f3w piosenek, imion lub innych osobistych szczeg\u00f3\u0142\u00f3w. Przyjazny dla u\u017cytkownika edytor online umo\u017cliwia wizualizacj\u0119 zmian w czasie rzeczywistym, zapewniaj\u0105c, \u017ce mapa oddaje istot\u0119 tego pami\u0119tnego dnia.<\/p>\r\n\r\n<h2>Nasza Pierwsza Randka \u2013 Akwarela: Idealny prezent dla wiecznych wspomnie\u0144<\/h2>\r\n\r\n<p>Podaruj prezent na ca\u0142e \u017cycie w postaci mapy Nasza Pierwsza Randka \u2013 Akwarela. Ka\u017cde spojrzenie na t\u0119 pi\u0119knie zaprojektowan\u0105 map\u0119 przeniesie Ci\u0119 z powrotem do tej magicznej pierwszej randki, rozpalaj\u0105c emocje, kt\u00f3rymi si\u0119 dzielili\u015bcie. Niezale\u017cnie od tego, czy jest to rocznica, urodziny, \u015blub czy inne specjalne wydarzenie, ta spersonalizowana mapa sprawi, \u017ce wasze po\u0142\u0105czenie b\u0119dzie naprawd\u0119 niezapomniane.<\/p>\r\n\r\n<p>Poka\u017c swoim bliskim, jak wiele dla Ciebie znacz\u0105, podarowuj\u0105c im ten namacalny kawa\u0142ek Waszej historii. Wykonana z mi\u0142o\u015bci\u0105 pami\u0105tka przetrwa pr\u00f3b\u0119 czasu. Zachowuje Wasz\u0105 mi\u0142o\u015b\u0107 i emocje zwi\u0105zane z t\u0105 donios\u0142\u0105 pierwsz\u0105 randk\u0105. Stw\u00f3rz niezapomniane wspomnienia ju\u017c dzi\u015b z map\u0105 Nasza Pierwsza Randka \u2013 Akwarela.- prezentem, kt\u00f3ry nie przestaje zachwyca\u0107.<\/p>","protected":false},"excerpt":{"rendered":"<ul class=\"check-list\">\n<li>Przywr\u00f3\u0107 wyj\u0105tkowe uczucie z pierwszej randki<\/li>\n<li> Oznacz wyj\u0105tkowe miejsce wybranym symbolem<\/li>\n<li> Spersonalizuj w 3 prostych krokach<\/li>\n<li> U\u017cyj jednego z naszych szablon\u00f3w lub daj popis swojej wyobra\u017ani<\/li>\n<li> Interaktywny podgl\u0105d pozwoli dopracowa\u0107 ka\u017cdy szczeg\u00f3\u0142<\/li>\n<\/ul>\n","protected":false},"featured_media":1030394,"template":"","meta":[],"product_brand":[],"product_cat":[9707,7690,8010,99],"product_tag":[9730],"class_list":{"0":"post-1025936","1":"product","2":"type-product","3":"status-publish","4":"has-post-thumbnail","6":"product_cat-contour-pl","7":"product_cat-prezent-dla-kobiety","8":"product_cat-prezent-dla-mezczyzny","9":"product_cat-wszystkie-produkty","10":"product_tag-pary","12":"first","13":"instock","14":"sale","15":"taxable","16":"shipping-taxable","17":"purchasable","18":"product-type-variable"},"yoast_head":"<!-- This site is optimized with the Yoast SEO Premium plugin v27.2 (Yoast SEO v27.2) - https:\/\/yoast.com\/product\/yoast-seo-premium-wordpress\/ -->\n<title>Nasza Pierwsza Randka - Akwarela - Positive Prints<\/title>\n<meta name=\"description\" content=\"Stw\u00f3rz niezapomniane wspomnienia ju\u017c dzi\u015b dzi\u0119ki mapie Nasza Pierwsza Randka - Akwarela - prezentowi, kt\u00f3ry nie przestaje zachwyca\u0107.\" \/>\n<meta name=\"robots\" content=\"index, follow, max-snippet:-1, max-image-preview:large, max-video-preview:-1\" \/>\n<link rel=\"canonical\" href=\"https:\/\/positiveprints.com\/pl\/produkt\/nasza-pierwsza-randka-akwarela\/\" \/>\n<meta property=\"og:locale\" content=\"pl_PL\" \/>\n<meta property=\"og:type\" content=\"article\" \/>\n<meta property=\"og:title\" content=\"Nasza Pierwsza Randka - Akwarela\" \/>\n<meta property=\"og:description\" content=\"Przywr\u00f3\u0107 wyj\u0105tkowe uczucie z pierwszej randki  Oznacz wyj\u0105tkowe miejsce wybranym symbolem  Spersonalizuj w 3 prostych krokach  U\u017cyj jednego z naszych szablon\u00f3w lub daj popis swojej wyobra\u017ani  Interaktywny podgl\u0105d pozwoli dopracowa\u0107 ka\u017cdy szczeg\u00f3\u0142\" \/>\n<meta property=\"og:url\" content=\"https:\/\/positiveprints.com\/pl\/produkt\/nasza-pierwsza-randka-akwarela\/\" \/>\n<meta property=\"og:site_name\" content=\"Positive Prints\" \/>\n<meta property=\"article:publisher\" content=\"https:\/\/www.facebook.com\/positiveprintscom\" \/>\n<meta property=\"article:modified_time\" content=\"2026-04-23T10:12:11+00:00\" \/>\n<meta property=\"og:image\" content=\"https:\/\/positiveprints.com\/wp-content\/uploads\/2024\/01\/Nasza-Pierwsza-Randka-Akwarela.jpg\" \/>\n\t<meta property=\"og:image:width\" content=\"1080\" \/>\n\t<meta property=\"og:image:height\" content=\"1080\" \/>\n\t<meta property=\"og:image:type\" content=\"image\/jpeg\" \/>\n<meta name=\"twitter:card\" content=\"summary_large_image\" \/>\n<!-- \/ Yoast SEO Premium plugin. -->","yoast_head_json":{"title":"Nasza Pierwsza Randka - Akwarela - Positive Prints","description":"Stw\u00f3rz niezapomniane wspomnienia ju\u017c dzi\u015b dzi\u0119ki mapie Nasza Pierwsza Randka - Akwarela - prezentowi, kt\u00f3ry nie przestaje zachwyca\u0107.","robots":{"index":"index","follow":"follow","max-snippet":"max-snippet:-1","max-image-preview":"max-image-preview:large","max-video-preview":"max-video-preview:-1"},"canonical":"https:\/\/positiveprints.com\/pl\/produkt\/nasza-pierwsza-randka-akwarela\/","og_locale":"pl_PL","og_type":"article","og_title":"Nasza Pierwsza Randka - Akwarela","og_description":"Przywr\u00f3\u0107 wyj\u0105tkowe uczucie z pierwszej randki  Oznacz wyj\u0105tkowe miejsce wybranym symbolem  Spersonalizuj w 3 prostych krokach  U\u017cyj jednego z naszych szablon\u00f3w lub daj popis swojej wyobra\u017ani  Interaktywny podgl\u0105d pozwoli dopracowa\u0107 ka\u017cdy szczeg\u00f3\u0142","og_url":"https:\/\/positiveprints.com\/pl\/produkt\/nasza-pierwsza-randka-akwarela\/","og_site_name":"Positive Prints","article_publisher":"https:\/\/www.facebook.com\/positiveprintscom","article_modified_time":"2026-04-23T10:12:11+00:00","og_image":[{"width":1080,"height":1080,"url":"https:\/\/positiveprints.com\/wp-content\/uploads\/2024\/01\/Nasza-Pierwsza-Randka-Akwarela.jpg","type":"image\/jpeg"}],"twitter_card":"summary_large_image","schema":{"@context":"https:\/\/schema.org","@graph":[{"@type":["WebPage","ItemPage"],"@id":"https:\/\/positiveprints.com\/pl\/produkt\/nasza-pierwsza-randka-akwarela\/","url":"https:\/\/positiveprints.com\/pl\/produkt\/nasza-pierwsza-randka-akwarela\/","name":"Nasza Pierwsza Randka - Akwarela - Positive Prints","isPartOf":{"@id":"https:\/\/positiveprints.com\/pl\/#website"},"primaryImageOfPage":{"@id":"https:\/\/positiveprints.com\/pl\/produkt\/nasza-pierwsza-randka-akwarela\/#primaryimage"},"image":{"@id":"https:\/\/positiveprints.com\/pl\/produkt\/nasza-pierwsza-randka-akwarela\/#primaryimage"},"thumbnailUrl":"https:\/\/positiveprints.com\/wp-content\/uploads\/2024\/01\/Nasza-Pierwsza-Randka-Akwarela.jpg","datePublished":"2023-12-28T10:55:09+00:00","dateModified":"2026-04-23T10:12:11+00:00","description":"Stw\u00f3rz niezapomniane wspomnienia ju\u017c dzi\u015b dzi\u0119ki mapie Nasza Pierwsza Randka - Akwarela - prezentowi, kt\u00f3ry nie przestaje zachwyca\u0107.","breadcrumb":{"@id":"https:\/\/positiveprints.com\/pl\/produkt\/nasza-pierwsza-randka-akwarela\/#breadcrumb"},"inLanguage":"pl-PL","potentialAction":[{"@type":"ReadAction","target":["https:\/\/positiveprints.com\/pl\/produkt\/nasza-pierwsza-randka-akwarela\/"]}]},{"@type":"ImageObject","inLanguage":"pl-PL","@id":"https:\/\/positiveprints.com\/pl\/produkt\/nasza-pierwsza-randka-akwarela\/#primaryimage","url":"https:\/\/positiveprints.com\/wp-content\/uploads\/2024\/01\/Nasza-Pierwsza-Randka-Akwarela.jpg","contentUrl":"https:\/\/positiveprints.com\/wp-content\/uploads\/2024\/01\/Nasza-Pierwsza-Randka-Akwarela.jpg","width":1080,"height":1080,"caption":"Nasza Pierwsza Randka - Akwarela"},{"@type":"BreadcrumbList","@id":"https:\/\/positiveprints.com\/pl\/produkt\/nasza-pierwsza-randka-akwarela\/#breadcrumb","itemListElement":[{"@type":"ListItem","position":1,"name":"Home","item":"https:\/\/positiveprints.com\/pl\/"},{"@type":"ListItem","position":2,"name":"Produkty","item":"https:\/\/positiveprints.com\/pl\/shop\/"},{"@type":"ListItem","position":3,"name":"Nasza Pierwsza Randka &#8211; Akwarela"}]},{"@type":"WebSite","@id":"https:\/\/positiveprints.com\/pl\/#website","url":"https:\/\/positiveprints.com\/pl\/","name":"Positive Prints","description":"Amazing Custom Personalized Gifts","publisher":{"@id":"https:\/\/positiveprints.com\/pl\/#organization"},"potentialAction":[{"@type":"SearchAction","target":{"@type":"EntryPoint","urlTemplate":"https:\/\/positiveprints.com\/pl\/?s={search_term_string}"},"query-input":{"@type":"PropertyValueSpecification","valueRequired":true,"valueName":"search_term_string"}}],"inLanguage":"pl-PL"},{"@type":"Organization","@id":"https:\/\/positiveprints.com\/pl\/#organization","name":"Positive Prints","alternateName":"Positive Prints","url":"https:\/\/positiveprints.com\/pl\/","logo":{"@type":"ImageObject","inLanguage":"pl-PL","@id":"https:\/\/positiveprints.com\/pl\/#\/schema\/logo\/image\/","url":"https:\/\/positiveprints.com\/wp-content\/uploads\/2026\/03\/245815646_1337939713319158_5671353136411139666_n.png","contentUrl":"https:\/\/positiveprints.com\/wp-content\/uploads\/2026\/03\/245815646_1337939713319158_5671353136411139666_n.png","width":800,"height":800,"caption":"Positive Prints"},"image":{"@id":"https:\/\/positiveprints.com\/pl\/#\/schema\/logo\/image\/"},"sameAs":["https:\/\/www.facebook.com\/positiveprintscom","https:\/\/www.instagram.com\/positiveprintscom\/","https:\/\/www.tiktok.com\/@positiveprintscom","https:\/\/www.pinterest.com\/positiveprintscom\/"]}]}},"jetpack_sharing_enabled":true,"_links":{"self":[{"href":"https:\/\/positiveprints.com\/pl\/wp-json\/wp\/v2\/product\/1025936","targetHints":{"allow":["GET"]}}],"collection":[{"href":"https:\/\/positiveprints.com\/pl\/wp-json\/wp\/v2\/product"}],"about":[{"href":"https:\/\/positiveprints.com\/pl\/wp-json\/wp\/v2\/types\/product"}],"wp:featuredmedia":[{"embeddable":true,"href":"https:\/\/positiveprints.com\/pl\/wp-json\/wp\/v2\/media\/1030394"}],"wp:attachment":[{"href":"https:\/\/positiveprints.com\/pl\/wp-json\/wp\/v2\/media?parent=1025936"}],"wp:term":[{"taxonomy":"product_brand","embeddable":true,"href":"https:\/\/positiveprints.com\/pl\/wp-json\/wp\/v2\/product_brand?post=1025936"},{"taxonomy":"product_cat","embeddable":true,"href":"https:\/\/positiveprints.com\/pl\/wp-json\/wp\/v2\/product_cat?post=1025936"},{"taxonomy":"product_tag","embeddable":true,"href":"https:\/\/positiveprints.com\/pl\/wp-json\/wp\/v2\/product_tag?post=1025936"}],"curies":[{"name":"wp","href":"https:\/\/api.w.org\/{rel}","templated":true}]}}