{"id":1025929,"date":"2023-10-20T19:44:52","date_gmt":"2023-10-20T18:44:52","guid":{"rendered":"https:\/\/positiveprints.com\/?post_type=product&#038;p=1025929"},"modified":"2026-04-03T03:03:37","modified_gmt":"2026-04-03T02:03:37","slug":"nasze-pierwsze-spotkanie-akwarela","status":"publish","type":"product","link":"https:\/\/positiveprints.com\/pl\/produkt\/nasze-pierwsze-spotkanie-akwarela\/","title":{"rendered":"Nasze Pierwsze Spotkanie &#8211; Akwarela"},"content":{"rendered":"<p>Szukasz prawdziwie wzruszaj\u0105cego i spersonalizowanego prezentu? Odkryj map\u0119 Nasze Pierwsze Spotkanie \u2013 Akwarela. Poznaj sztuk\u0119 dawania prezent\u00f3w dzi\u0119ki temu wyj\u0105tkowemu, akwarelowemu arcydzie\u0142u, kt\u00f3re uchwyci dok\u0142adne miejsce, w kt\u00f3rym po raz pierwszy si\u0119 spotkali\u015bcie, uwiecznione na pi\u0119knie zaprojektowanej mapie. Niezale\u017cnie od tego, czy s\u0105 to <a href=\"https:\/\/positiveprints.com\/pl\/prezenty-na-urodziny\/\/\">urodziny<\/a>, <a href=\"https:\/\/positiveprints.com\/pl\/prezenty-na-rocznice\/\">rocznica<\/a>, <a href=\"https:\/\/positiveprints.com\/pl\/prezenty-na-slub\/\">\u015blub<\/a> czy inna specjalna okazja, jest to idealny spos\u00f3b na uczczenie Waszego zwi\u0105zku. Stw\u00f3rz cenne wspomnienia i trwa\u0142e emocje dzi\u0119ki temu wyj\u0105tkowemu znakowi mi\u0142o\u015bci.<\/p>\r\n\r\n<h2>Idealna reprezentacja Waszej historii mi\u0142osnej<\/h2>\r\n\r\n<p>Podnie\u015b jako\u015b\u0107 swoich prezent\u00f3w dzi\u0119ki mapie Nasze Pierwsze Spotkanie &#8211; Akwarela. Masz swobod\u0119 tw\u00f3rcz\u0105, aby zaprojektowa\u0107 map\u0119, kt\u00f3ra rezonuje z Twoj\u0105 osobist\u0105 podr\u00f3\u017c\u0105. Zacznij od wybrania jednego z naszych osza\u0142amiaj\u0105cych styl\u00f3w akwareli lub stw\u00f3rz sw\u00f3j unikaln\u0105 wersj\u0119 kolorystyczn\u0105, kt\u00f3ra b\u0119dzie pasowa\u0142a do Twojego gustu. Nast\u0119pnie wybierz kraj, stan lub miasto, w kt\u00f3rym po raz pierwszy skrzy\u017cowa\u0142y si\u0119 Wasze \u015bcie\u017cki i oznacz je pinezk\u0105 w kszta\u0142cie serca.<\/p>\r\n\r\n<p>Spersonalizuj swoj\u0105 map\u0119 jeszcze bardziej, dodaj\u0105c tekst, specjaln\u0105 wiadomo\u015b\u0107 lub znacz\u0105ce szczeg\u00f3\u0142y w stopce. Mo\u017cesz sprawi\u0107, \u017ce b\u0119dzie jeszcze bardziej wyj\u0105tkowa, dodaj\u0105c cytaty, teksty piosenek lub swoje imiona. Nasz \u0142atwy w u\u017cyciu edytor online pozwala zobaczy\u0107 zmiany w czasie rzeczywistym, zapewniaj\u0105c idealne odwzorowanie historii mi\u0142osnej.<\/p>\r\n\r\n<h2>Nasze Pierwsze Spotkanie &#8211; Akwarela: Idealny prezent dla trwa\u0142ych wspomnie\u0144<\/h2>\r\n\r\n<p>Podaruj prezent, kt\u00f3ry przemawia do serca &#8211; Nasze Pierwsze Spotkanie &#8211; Akwarela. To co\u015b wi\u0119cej ni\u017c tylko mapa. To cenne wspomnienie, \u015bwiadectwo Waszej historii mi\u0142osnej. Ka\u017cde spojrzenie na t\u0119 pi\u0119knie zaprojektowan\u0105 map\u0119 rozpali emocje tego wyj\u0105tkowego dnia, w kt\u00f3rym si\u0119 poznali\u015bcie. To idealny spos\u00f3b na uczczenie i uhonorowanie wyj\u0105tkowej wi\u0119zi, kt\u00f3r\u0105 dzielicie. Niezale\u017cnie od tego, czy jest to rocznica, urodziny, \u015blub czy jakakolwiek inna okazja, ta spersonalizowana mapa sprawi, \u017ce Wasz zwi\u0105zek b\u0119dzie naprawd\u0119 niezapomniany. <\/p>\r\n\r\n<p>Poka\u017c swoim bliskim, jak wiele dla Ciebie znacz\u0105, podarowuj\u0105c im ten namacalny kawa\u0142ek Waszej historii. Wykonana z mi\u0142o\u015bci\u0105 pami\u0105tka przetrwa pr\u00f3b\u0119 czasu, zachowuj\u0105c Wasz\u0105 mi\u0142o\u015b\u0107 i emocje zwi\u0105zane z t\u0105 magiczn\u0105 chwil\u0105. Uczy\u0144 swoje wspomnienia niezapomnianymi ju\u017c dzi\u015b z map\u0105 Nasze Pierwsze Spotkanie &#8211; Akwarela &#8211; prezentem, kt\u00f3ry nie przestaje cieszy\u0107.<\/p>","protected":false},"excerpt":{"rendered":"<ul class=\"check-list\">\n<li>Uczcij wyj\u0105tkow\u0105 wi\u0119\u017a, kt\u00f3ra Was \u0142\u0105czy<\/li>\n<li> Oznacz wyj\u0105tkowe miejsce wybranym symbolem<\/li>\n<li> Spersonalizuj w 3 prostych krokach<\/li>\n<li> U\u017cyj jednego z naszych szablon\u00f3w lub daj popis swojej wyobra\u017ani<\/li>\n<li> Interaktywny podgl\u0105d pozwoli dopracowa\u0107 ka\u017cdy szczeg\u00f3\u0142<\/li>\n<\/ul>\n","protected":false},"featured_media":1032237,"template":"","meta":[],"product_brand":[],"product_cat":[9707,7675,11403,7786,11407,7690,7643,11412,8010,11411,8206,8190,11410,7802,11417,7753,11185,11184,11186,11240,11239,5333,5271,3120,99],"product_tag":[14975,11756,11770,11817,11816,11815,11813],"class_list":{"0":"post-1025929","1":"product","2":"type-product","3":"status-publish","4":"has-post-thumbnail","6":"product_cat-contour-pl","7":"product_cat-prezent-dla-chlopaka","8":"product_cat-prezenty-pod-choinke-dla-chlopaka","9":"product_cat-prezent-dla-dziewczyny","10":"product_cat-prezenty-pod-choinke-dla-dziewczyny","11":"product_cat-prezent-dla-kobiety","12":"product_cat-prezent-dla-meza","13":"product_cat-prezenty-pod-choinke-dla-meza","14":"product_cat-prezent-dla-mezczyzny","15":"product_cat-prezenty-pod-choinke-dla-niego","16":"product_cat-dla-niego","17":"product_cat-dla-niej","18":"product_cat-prezenty-pod-choinke-dla-niej","19":"product_cat-prezent-dla-pary","20":"product_cat-prezenty-pod-choinke-dla-zony","21":"product_cat-prezent-dla-zony","22":"product_cat-prezenty-na-rocznice-dla-niego","23":"product_cat-prezenty-na-rocznice-dla-niej","24":"product_cat-prezenty-na-rocznice-dla-pary","25":"product_cat-prezenty-na-walentynki-dla-niego","26":"product_cat-prezenty-na-walentynki-dla-niej","27":"product_cat-prezent-na-rocznice","28":"product_cat-prezent-na-boze-narodzenie","29":"product_cat-prezent-na-walentynki","30":"product_cat-wszystkie-produkty","31":"product_tag-anniversary-pl","32":"product_tag-prezenty-pod-choinke-dla-chlopaka","33":"product_tag-prezenty-pod-choinke-dla-dziewczyny","34":"product_tag-prezenty-pod-choinke-dla-meza","35":"product_tag-prezenty-pod-choinke-dla-niego","36":"product_tag-prezenty-pod-choinke-dla-niej","37":"product_tag-prezenty-pod-choinke-dla-zony","39":"first","40":"instock","41":"sale","42":"taxable","43":"shipping-taxable","44":"purchasable","45":"product-type-variable"},"yoast_head":"<!-- This site is optimized with the Yoast SEO Premium plugin v27.2 (Yoast SEO v27.2) - https:\/\/yoast.com\/product\/yoast-seo-premium-wordpress\/ -->\n<title>Nasze Pierwsze Spotkanie - Akwarela - Positive Prints<\/title>\n<meta name=\"description\" content=\"Odkryj map\u0119 Nasze Pierwsze Spotkanie - Akwarela. Poznaj sztuk\u0119 dawania prezent\u00f3w dzi\u0119ki temu wyj\u0105tkowemu arcydzie\u0142u, kt\u00f3re oddaje dok\u0142adne miejsce, w kt\u00f3rym po raz pierwszy si\u0119 spotkali\u015bcie\" \/>\n<meta name=\"robots\" content=\"index, follow, max-snippet:-1, max-image-preview:large, max-video-preview:-1\" \/>\n<link rel=\"canonical\" href=\"https:\/\/positiveprints.com\/pl\/produkt\/nasze-pierwsze-spotkanie-akwarela\/\" \/>\n<meta property=\"og:locale\" content=\"pl_PL\" \/>\n<meta property=\"og:type\" content=\"article\" \/>\n<meta property=\"og:title\" content=\"Nasze Pierwsze Spotkanie - Akwarela\" \/>\n<meta property=\"og:description\" content=\"Uczcij wyj\u0105tkow\u0105 wi\u0119\u017a, kt\u00f3ra Was \u0142\u0105czy  Oznacz wyj\u0105tkowe miejsce wybranym symbolem  Spersonalizuj w 3 prostych krokach  U\u017cyj jednego z naszych szablon\u00f3w lub daj popis swojej wyobra\u017ani  Interaktywny podgl\u0105d pozwoli dopracowa\u0107 ka\u017cdy szczeg\u00f3\u0142\" \/>\n<meta property=\"og:url\" content=\"https:\/\/positiveprints.com\/pl\/produkt\/nasze-pierwsze-spotkanie-akwarela\/\" \/>\n<meta property=\"og:site_name\" content=\"Positive Prints\" \/>\n<meta property=\"article:publisher\" content=\"https:\/\/www.facebook.com\/positiveprintscom\" \/>\n<meta property=\"article:modified_time\" content=\"2026-04-03T02:03:37+00:00\" \/>\n<meta property=\"og:image\" content=\"https:\/\/positiveprints.com\/wp-content\/uploads\/2024\/01\/Nasze-Pierwsze-Spotkanie-Akwarela.jpg\" \/>\n\t<meta property=\"og:image:width\" content=\"1080\" \/>\n\t<meta property=\"og:image:height\" content=\"1080\" \/>\n\t<meta property=\"og:image:type\" content=\"image\/jpeg\" \/>\n<meta name=\"twitter:card\" content=\"summary_large_image\" \/>\n<meta name=\"twitter:label1\" content=\"Szacowany czas czytania\" \/>\n\t<meta name=\"twitter:data1\" content=\"2 minuty\" \/>\n<!-- \/ Yoast SEO Premium plugin. -->","yoast_head_json":{"title":"Nasze Pierwsze Spotkanie - Akwarela - Positive Prints","description":"Odkryj map\u0119 Nasze Pierwsze Spotkanie - Akwarela. Poznaj sztuk\u0119 dawania prezent\u00f3w dzi\u0119ki temu wyj\u0105tkowemu arcydzie\u0142u, kt\u00f3re oddaje dok\u0142adne miejsce, w kt\u00f3rym po raz pierwszy si\u0119 spotkali\u015bcie","robots":{"index":"index","follow":"follow","max-snippet":"max-snippet:-1","max-image-preview":"max-image-preview:large","max-video-preview":"max-video-preview:-1"},"canonical":"https:\/\/positiveprints.com\/pl\/produkt\/nasze-pierwsze-spotkanie-akwarela\/","og_locale":"pl_PL","og_type":"article","og_title":"Nasze Pierwsze Spotkanie - Akwarela","og_description":"Uczcij wyj\u0105tkow\u0105 wi\u0119\u017a, kt\u00f3ra Was \u0142\u0105czy  Oznacz wyj\u0105tkowe miejsce wybranym symbolem  Spersonalizuj w 3 prostych krokach  U\u017cyj jednego z naszych szablon\u00f3w lub daj popis swojej wyobra\u017ani  Interaktywny podgl\u0105d pozwoli dopracowa\u0107 ka\u017cdy szczeg\u00f3\u0142","og_url":"https:\/\/positiveprints.com\/pl\/produkt\/nasze-pierwsze-spotkanie-akwarela\/","og_site_name":"Positive Prints","article_publisher":"https:\/\/www.facebook.com\/positiveprintscom","article_modified_time":"2026-04-03T02:03:37+00:00","og_image":[{"width":1080,"height":1080,"url":"https:\/\/positiveprints.com\/wp-content\/uploads\/2024\/01\/Nasze-Pierwsze-Spotkanie-Akwarela.jpg","type":"image\/jpeg"}],"twitter_card":"summary_large_image","twitter_misc":{"Szacowany czas czytania":"2 minuty"},"schema":{"@context":"https:\/\/schema.org","@graph":[{"@type":["WebPage","ItemPage"],"@id":"https:\/\/positiveprints.com\/pl\/produkt\/nasze-pierwsze-spotkanie-akwarela\/","url":"https:\/\/positiveprints.com\/pl\/produkt\/nasze-pierwsze-spotkanie-akwarela\/","name":"Nasze Pierwsze Spotkanie - Akwarela - Positive Prints","isPartOf":{"@id":"https:\/\/positiveprints.com\/pl\/#website"},"primaryImageOfPage":{"@id":"https:\/\/positiveprints.com\/pl\/produkt\/nasze-pierwsze-spotkanie-akwarela\/#primaryimage"},"image":{"@id":"https:\/\/positiveprints.com\/pl\/produkt\/nasze-pierwsze-spotkanie-akwarela\/#primaryimage"},"thumbnailUrl":"https:\/\/positiveprints.com\/wp-content\/uploads\/2024\/01\/Nasze-Pierwsze-Spotkanie-Akwarela.jpg","datePublished":"2023-10-20T18:44:52+00:00","dateModified":"2026-04-03T02:03:37+00:00","description":"Odkryj map\u0119 Nasze Pierwsze Spotkanie - Akwarela. Poznaj sztuk\u0119 dawania prezent\u00f3w dzi\u0119ki temu wyj\u0105tkowemu arcydzie\u0142u, kt\u00f3re oddaje dok\u0142adne miejsce, w kt\u00f3rym po raz pierwszy si\u0119 spotkali\u015bcie","breadcrumb":{"@id":"https:\/\/positiveprints.com\/pl\/produkt\/nasze-pierwsze-spotkanie-akwarela\/#breadcrumb"},"inLanguage":"pl-PL","potentialAction":[{"@type":"ReadAction","target":["https:\/\/positiveprints.com\/pl\/produkt\/nasze-pierwsze-spotkanie-akwarela\/"]}]},{"@type":"ImageObject","inLanguage":"pl-PL","@id":"https:\/\/positiveprints.com\/pl\/produkt\/nasze-pierwsze-spotkanie-akwarela\/#primaryimage","url":"https:\/\/positiveprints.com\/wp-content\/uploads\/2024\/01\/Nasze-Pierwsze-Spotkanie-Akwarela.jpg","contentUrl":"https:\/\/positiveprints.com\/wp-content\/uploads\/2024\/01\/Nasze-Pierwsze-Spotkanie-Akwarela.jpg","width":1080,"height":1080,"caption":"Nasze Pierwsze Spotkanie - Akwarela"},{"@type":"BreadcrumbList","@id":"https:\/\/positiveprints.com\/pl\/produkt\/nasze-pierwsze-spotkanie-akwarela\/#breadcrumb","itemListElement":[{"@type":"ListItem","position":1,"name":"Home","item":"https:\/\/positiveprints.com\/pl\/"},{"@type":"ListItem","position":2,"name":"Produkty","item":"https:\/\/positiveprints.com\/pl\/shop\/"},{"@type":"ListItem","position":3,"name":"Nasze Pierwsze Spotkanie &#8211; Akwarela"}]},{"@type":"WebSite","@id":"https:\/\/positiveprints.com\/pl\/#website","url":"https:\/\/positiveprints.com\/pl\/","name":"Positive Prints","description":"Amazing Custom Personalized Gifts","publisher":{"@id":"https:\/\/positiveprints.com\/pl\/#organization"},"potentialAction":[{"@type":"SearchAction","target":{"@type":"EntryPoint","urlTemplate":"https:\/\/positiveprints.com\/pl\/?s={search_term_string}"},"query-input":{"@type":"PropertyValueSpecification","valueRequired":true,"valueName":"search_term_string"}}],"inLanguage":"pl-PL"},{"@type":"Organization","@id":"https:\/\/positiveprints.com\/pl\/#organization","name":"Positive Prints","alternateName":"Positive Prints","url":"https:\/\/positiveprints.com\/pl\/","logo":{"@type":"ImageObject","inLanguage":"pl-PL","@id":"https:\/\/positiveprints.com\/pl\/#\/schema\/logo\/image\/","url":"https:\/\/positiveprints.com\/wp-content\/uploads\/2026\/03\/245815646_1337939713319158_5671353136411139666_n.png","contentUrl":"https:\/\/positiveprints.com\/wp-content\/uploads\/2026\/03\/245815646_1337939713319158_5671353136411139666_n.png","width":800,"height":800,"caption":"Positive Prints"},"image":{"@id":"https:\/\/positiveprints.com\/pl\/#\/schema\/logo\/image\/"},"sameAs":["https:\/\/www.facebook.com\/positiveprintscom","https:\/\/www.instagram.com\/positiveprintscom\/","https:\/\/www.tiktok.com\/@positiveprintscom","https:\/\/www.pinterest.com\/positiveprintscom\/"]}]}},"jetpack_sharing_enabled":true,"_links":{"self":[{"href":"https:\/\/positiveprints.com\/pl\/wp-json\/wp\/v2\/product\/1025929","targetHints":{"allow":["GET"]}}],"collection":[{"href":"https:\/\/positiveprints.com\/pl\/wp-json\/wp\/v2\/product"}],"about":[{"href":"https:\/\/positiveprints.com\/pl\/wp-json\/wp\/v2\/types\/product"}],"wp:featuredmedia":[{"embeddable":true,"href":"https:\/\/positiveprints.com\/pl\/wp-json\/wp\/v2\/media\/1032237"}],"wp:attachment":[{"href":"https:\/\/positiveprints.com\/pl\/wp-json\/wp\/v2\/media?parent=1025929"}],"wp:term":[{"taxonomy":"product_brand","embeddable":true,"href":"https:\/\/positiveprints.com\/pl\/wp-json\/wp\/v2\/product_brand?post=1025929"},{"taxonomy":"product_cat","embeddable":true,"href":"https:\/\/positiveprints.com\/pl\/wp-json\/wp\/v2\/product_cat?post=1025929"},{"taxonomy":"product_tag","embeddable":true,"href":"https:\/\/positiveprints.com\/pl\/wp-json\/wp\/v2\/product_tag?post=1025929"}],"curies":[{"name":"wp","href":"https:\/\/api.w.org\/{rel}","templated":true}]}}