{"id":100784,"date":"2021-07-05T12:33:17","date_gmt":"2021-07-05T11:33:17","guid":{"rendered":"https:\/\/positiveprints.com\/?post_type=product&#038;p=100784"},"modified":"2026-04-18T08:41:51","modified_gmt":"2026-04-18T07:41:51","slug":"plakat-nasz-dom","status":"publish","type":"product","link":"https:\/\/positiveprints.com\/pl\/produkt\/plakat-nasz-dom\/","title":{"rendered":"Plakat Nasz Dom"},"content":{"rendered":"<p>Pierwsze wsp\u00f3lne mieszkanie to powa\u017cy krok dla dwojga zakochanych. Plakat Nasz Dom to idealny pomys\u0142 na to, by upami\u0119tni\u0107 to wyj\u0105tkowe dla Was wydarzenie.<\/p>\r\n\r\n\r\n<h2 class=\"grenB f24 cblue\" style=\"margin-top: 3rem\">Plakat Nasz Dom \u2013 co to takiego?<\/h2>\r\n\r\n<p style=\"margin-top: 1rem\">Ka\u017cda mapa kryje w sobie histori\u0119. Historia plakatu Nasz Dom to poniek\u0105d historia Waszej mi\u0142o\u015bci. Ta mapa eksponuje adres, pod kt\u00f3rym Ty i Tw\u00f3j partner postanowili\u015bcie zamieszka\u0107 razem po raz pierwszy. <\/p>\r\n\r\n<p style=\"margin-top: 1rem\">\u017bycie p\u0142ynie w szybkim tempie, a my chcemy i\u015b\u0107 dalej i przekracza\u0107 kolejne granice. Jednym z najwa\u017cniejszych moment\u00f3w w ka\u017cdym zwi\u0105zku jest decyzja o wsp\u00f3lnym zamieszkaniu. Dla cz\u0119\u015bci par b\u0119dzie to wsp\u00f3lne wynaj\u0119cie mieszkania, dla innych kupno wsp\u00f3lnego lokum, a dla jeszcze innych nowe miejsce, w kt\u00f3rym powi\u0119ksz\u0105 swoj\u0105 rodzin\u0119. Bez w\u0105tpienia pierwszy wsp\u00f3lny dom, to miejsce wzbudzaj\u0105ce wiele emocji. <\/p>\r\n\r\n<p style=\"margin-top: 1rem\">Plakat Nasz Dom to cudowny spos\u00f3b na uwiecznienie wzruszaj\u0105cych moment\u00f3w, jakie przynosi nam wsp\u00f3lne dzielenie \u017cycia na jednej powierzchni.<\/p>\r\n\r\n\r\n<h2 class=\"grenB f24 cblue\" style=\"margin-top: 3rem\">Jak spersonalizowa\u0107 plakat Nasz Dom? <\/h2>\r\n\r\n<p style=\"margin-top: 1rem\">Przeprowadzka do w\u0142asnego mieszkania to wyj\u0105tkowe prze\u017cycie. Wtedy wszystko jest dla Ciebie nowe: od nowej lokalizacji, a\u017c do wszystkich mebli i przedmiot\u00f3w, kt\u00f3re si\u0119 tam znajd\u0105. Warto inwestowa\u0107 w ozdoby i dekoracje z dusz\u0105. Takim w\u0142a\u015bnie przedmiotem jest plakat od Positive Prints. To Ty decydujesz o jego kszta\u0142cie, kolorze oraz miejscu, kt\u00f3re b\u0119dzie przedstawia\u0142a Twoja mapa. <\/p>\r\n\r\n<p style=\"margin-top: 1rem\">Specjalnie dla Ciebie zaprojektowali\u015bmy nasz kreator tak, aby by\u0142 mo\u017cliwie najprostszy w u\u017cyciu.\r\n\r\n<p style=\"margin-top: 1rem\"><em>Krok 1:<\/em> Wybierz wz\u00f3r mapy. To prawie niemo\u017cliwe, \u017ceby znale\u017a\u0107 2 takie same mapy Nasz Dom. Dzi\u0119ki r\u00f3\u017cnym opcjom personalizacji masz ogromny wp\u0142yw na to, jak Twoja mapa b\u0119dzie wygl\u0105da\u0142a. Zdecyduj o jej kszta\u0142cie i kolorystyce. Dla u\u0142atwienia nasz zesp\u00f3\u0142 wyselekcjonowa\u0142 dla Ciebie kilka najpopularniejszych preset\u00f3w. Pami\u0119taj, \u017ce w trakcie projektowania swojej mapy mo\u017cesz sprawdza\u0107 wprowadzane zmiany w podgl\u0105dzie na \u017cywo. <\/p>\r\n\r\n<p style=\"margin-top: 1rem\"><em>Krok 2:<\/em> Wprowad\u017a szczeg\u00f3\u0142y, kt\u00f3re wyr\u00f3\u017cni\u0105 tworzon\u0105 przez Ciebie map\u0119. Bezkonkurencyjny prezent na parapet\u00f3wk\u0119 to taki, kt\u00f3ry jest przemy\u015blany w najdrobniejszych szczeg\u00f3\u0142ach.  Wykorzystaj pola tekstowe, aby spersonalizowa\u0107 plakat jeszcze bardziej. Jako tytu\u0142 mapy podaj adres domu, dat\u0119, miasto lub cokolwiek innego, co kojarzy Ci si\u0119 z domem. <\/p>\r\n\r\n<p style=\"margin-top: 1rem\"><em>Krok 3:<\/em> Tw\u00f3j plakat wydrukujemy na wysokiej jako\u015bci papierze lub p\u0142\u00f3tnie w zaprzyja\u017anionej drukarni I wy\u015blemy dok\u0105dkolwiek zechcesz. Wybierz rozmiar odpowiedni do upatrzonej ramy. Je\u015bli zale\u017cy Ci na tym, aby otrzyma\u0107 plakat jak najszybciej, zdecyduj si\u0119 na plik cyfrowy. Wystarczy uda\u0107 si\u0119 do pobliskiego punktu druku, aby zam\u00f3wiony prezent by\u0142 gotowy w ekspresowym czasie. <\/p>\r\n\r\n\r\n\r\n<h2 class=\"grenB f24 cblue\" style=\"margin-top: 3rem\">Perfekcyjny pomys\u0142 na prezent<\/h2>\r\n\r\n<p style=\"margin-top: 1rem\">Nasi Klienci ch\u0119tnie wybieraj\u0105 plakat Nasz Dom na prezent dla ukochanej osoby. Taka mapa uszcz\u0119\u015bliwi r\u00f3wnie\u017c par\u0119 nowo\u017ce\u0144c\u00f3w, kt\u00f3rzy w\u0142a\u015bnie wprowadzaj\u0105 si\u0119 do swojego pierwszego wsp\u00f3lnego mieszkania. Twoje dziecko wyprowadza si\u0119 z domu? Podaruj mu map\u0119 z adresem domu rodzinnego, aby nigdy nie utraci\u0142o poczucia ciep\u0142a domowego ogniska. Pierwsze mieszkanie to wielkie wydarzenie w \u017cyciu ka\u017cdego cz\u0142owieka. Dlaczego by wi\u0119c nie uczci\u0107 go w oryginalny spos\u00f3b? <br><br>Plakat Nasz Dom to doskona\u0142y prezent na nast\u0119puj\u0105ce okazje: <\/p>\r\n\r\n<ul>\r\n<li>\u015alub<\/li>\r\n<li>Parapet\u00f3wka<\/li>\r\n<li>Rocznica<\/li>\r\n<li>Prezent bez okazji<\/li>\r\n<\/ul>\r\n\r\n<p>To wy\u015bmienity podarunek, kt\u00f3rego nikt si\u0119 nie spodziewa. To r\u00f3wnie\u017c prezent, kt\u00f3ry zawsze b\u0119dzie na czasie. Nawet po wyprowadzce z miejsca, kt\u00f3re oznacza mapa, plakat mo\u017cna zabra\u0107 ze sob\u0105 jako symbol zamkni\u0119tego rozdzia\u0142u i klucz do zgromadzonych wspomnie\u0144. <\/p>\r\n\r\n\r\n\r\n<h2 class=\"grenB f24 cblue\" style=\"margin-top: 3rem\">Zaprojektuj map\u0119 Nasz Dom!<\/h2>\r\n\r\n<p style=\"margin-top: 1rem\"><a href=\"https:\/\/positiveprints.com\/pl\/produkt\/mapa-plakat\/\">Personalizowana mapa<\/a> od Positive Prints zosta\u0142a zaprojektowana przez artystyczn\u0105 dusz\u0119. Nie musisz si\u0119 wi\u0119c martwi\u0107, \u017ce brak Ci kreatywno\u015bci \u2013 tworzenie w\u0142asnej mapy nie powinno przysporzy\u0107 Ci \u017cadnych k\u0142opot\u00f3w. Plakat spersonalizujesz w 3 \u0142atwych krokach, a wszelkie zmiany zobaczysz od razu w podgl\u0105dzie na \u017cywo. <\/p>\r\n\r\n<p style=\"margin-top: 1rem\">Wybierz odpowiedni dla Ciebie spos\u00f3b dostawy: zam\u00f3w cyfrowy plakat do samodzielnego wydruku, a je\u015bli po spersonalizowaniu plakatu chcesz otrzyma\u0107 profesjonalny wydruk, postaw na drukowany plakat, a wszystkim zajmiemy si\u0119 my. Dbamy o najwy\u017csz\u0105 jako\u015b\u0107 wykorzystywanych materia\u0142\u00f3w, a sam\u0105 przesy\u0142k\u0119 oferujemy na ca\u0142y \u015bwiat. Plakat powinien dotrze\u0107 do Twojego domu gotowy do oprawienia lub podarowania wybranej osobie. <\/p>\r\n\r\n\r\n<p style=\"margin-top: 1rem\">Zacznij projektowa\u0107 ten niezwyk\u0142y prezent na parapet\u00f3wk\u0119 jeszcze dzi\u015b!<\/p>","protected":false},"excerpt":{"rendered":"<ul class=\"check-list\">\n<li>Podkre\u015bl wa\u017cne miejsce za pomoc\u0105 wybranego symbolu<\/li>\n<li>Spersonalizuj w 3 prostych krokach<\/li>\n<li>Dodaj dedykacj\u0119 prosto z serca<\/li>\n<li>Interaktywny podgl\u0105d pozwoli dopracowa\u0107 ka\u017cdy szczeg\u00f3\u0142<\/li>\n<\/ul>\n","protected":false},"featured_media":1694656,"template":"","meta":[],"product_brand":[],"product_cat":[7690,8010,8206,7188,5296,9765],"product_tag":[14955],"class_list":{"0":"post-100784","1":"product","2":"type-product","3":"status-publish","4":"has-post-thumbnail","6":"product_cat-prezent-dla-kobiety","7":"product_cat-prezent-dla-mezczyzny","8":"product_cat-dla-niego","9":"product_cat-map-pl","10":"product_cat-prezent-na-parapetowke","11":"product_cat-trending-label-pl","12":"product_tag-housewarming-pl-2","14":"first","15":"instock","16":"sale","17":"taxable","18":"shipping-taxable","19":"purchasable","20":"product-type-variable"},"yoast_head":"<!-- This site is optimized with the Yoast SEO Premium plugin v27.2 (Yoast SEO v27.2) - https:\/\/yoast.com\/product\/yoast-seo-premium-wordpress\/ -->\n<title>Plakat Nasz Dom - prezent na Parapet\u00f3wk\u0119 - Positive Prints<\/title>\n<meta name=\"description\" content=\"Pierwsze wsp\u00f3lne mieszkanie to powa\u017cy krok. Plakat Nasz Dom to idealny pomys\u0142 na to, by upami\u0119tni\u0107 to wyj\u0105tkowe dla Was wydarzenie.\" \/>\n<meta name=\"robots\" content=\"index, follow, max-snippet:-1, max-image-preview:large, max-video-preview:-1\" \/>\n<link rel=\"canonical\" href=\"https:\/\/positiveprints.com\/pl\/produkt\/plakat-nasz-dom\/\" \/>\n<meta property=\"og:locale\" content=\"pl_PL\" \/>\n<meta property=\"og:type\" content=\"article\" \/>\n<meta property=\"og:title\" content=\"Plakat Nasz Dom\" \/>\n<meta property=\"og:description\" content=\"Podkre\u015bl wa\u017cne miejsce za pomoc\u0105 wybranego symbolu  Spersonalizuj w 3 prostych krokach  Dodaj dedykacj\u0119 prosto z serca  Interaktywny podgl\u0105d pozwoli dopracowa\u0107 ka\u017cdy szczeg\u00f3\u0142\" \/>\n<meta property=\"og:url\" content=\"https:\/\/positiveprints.com\/pl\/produkt\/plakat-nasz-dom\/\" \/>\n<meta property=\"og:site_name\" content=\"Positive Prints\" \/>\n<meta property=\"article:publisher\" content=\"https:\/\/www.facebook.com\/positiveprintscom\" \/>\n<meta property=\"article:modified_time\" content=\"2026-04-18T07:41:51+00:00\" \/>\n<meta property=\"og:image\" content=\"https:\/\/positiveprints.com\/wp-content\/uploads\/2024\/10\/Packshot_PL_our-first-home-map-product-image.webp\" \/>\n\t<meta property=\"og:image:width\" content=\"1450\" \/>\n\t<meta property=\"og:image:height\" content=\"1450\" \/>\n\t<meta property=\"og:image:type\" content=\"image\/webp\" \/>\n<meta name=\"twitter:card\" content=\"summary_large_image\" \/>\n<meta name=\"twitter:label1\" content=\"Szacowany czas czytania\" \/>\n\t<meta name=\"twitter:data1\" content=\"3 minuty\" \/>\n<!-- \/ Yoast SEO Premium plugin. -->","yoast_head_json":{"title":"Plakat Nasz Dom - prezent na Parapet\u00f3wk\u0119 - Positive Prints","description":"Pierwsze wsp\u00f3lne mieszkanie to powa\u017cy krok. Plakat Nasz Dom to idealny pomys\u0142 na to, by upami\u0119tni\u0107 to wyj\u0105tkowe dla Was wydarzenie.","robots":{"index":"index","follow":"follow","max-snippet":"max-snippet:-1","max-image-preview":"max-image-preview:large","max-video-preview":"max-video-preview:-1"},"canonical":"https:\/\/positiveprints.com\/pl\/produkt\/plakat-nasz-dom\/","og_locale":"pl_PL","og_type":"article","og_title":"Plakat Nasz Dom","og_description":"Podkre\u015bl wa\u017cne miejsce za pomoc\u0105 wybranego symbolu  Spersonalizuj w 3 prostych krokach  Dodaj dedykacj\u0119 prosto z serca  Interaktywny podgl\u0105d pozwoli dopracowa\u0107 ka\u017cdy szczeg\u00f3\u0142","og_url":"https:\/\/positiveprints.com\/pl\/produkt\/plakat-nasz-dom\/","og_site_name":"Positive Prints","article_publisher":"https:\/\/www.facebook.com\/positiveprintscom","article_modified_time":"2026-04-18T07:41:51+00:00","og_image":[{"width":1450,"height":1450,"url":"https:\/\/positiveprints.com\/wp-content\/uploads\/2024\/10\/Packshot_PL_our-first-home-map-product-image.webp","type":"image\/webp"}],"twitter_card":"summary_large_image","twitter_misc":{"Szacowany czas czytania":"3 minuty"},"schema":{"@context":"https:\/\/schema.org","@graph":[{"@type":["WebPage","ItemPage"],"@id":"https:\/\/positiveprints.com\/pl\/produkt\/plakat-nasz-dom\/","url":"https:\/\/positiveprints.com\/pl\/produkt\/plakat-nasz-dom\/","name":"Plakat Nasz Dom - prezent na Parapet\u00f3wk\u0119 - Positive Prints","isPartOf":{"@id":"https:\/\/positiveprints.com\/pl\/#website"},"primaryImageOfPage":{"@id":"https:\/\/positiveprints.com\/pl\/produkt\/plakat-nasz-dom\/#primaryimage"},"image":{"@id":"https:\/\/positiveprints.com\/pl\/produkt\/plakat-nasz-dom\/#primaryimage"},"thumbnailUrl":"https:\/\/positiveprints.com\/wp-content\/uploads\/2026\/04\/Packshot_PL_XX-nasz-pierwszy-dom.webp","datePublished":"2021-07-05T11:33:17+00:00","dateModified":"2026-04-18T07:41:51+00:00","description":"Pierwsze wsp\u00f3lne mieszkanie to powa\u017cy krok. Plakat Nasz Dom to idealny pomys\u0142 na to, by upami\u0119tni\u0107 to wyj\u0105tkowe dla Was wydarzenie.","breadcrumb":{"@id":"https:\/\/positiveprints.com\/pl\/produkt\/plakat-nasz-dom\/#breadcrumb"},"inLanguage":"pl-PL","potentialAction":[{"@type":"ReadAction","target":["https:\/\/positiveprints.com\/pl\/produkt\/plakat-nasz-dom\/"]}]},{"@type":"ImageObject","inLanguage":"pl-PL","@id":"https:\/\/positiveprints.com\/pl\/produkt\/plakat-nasz-dom\/#primaryimage","url":"https:\/\/positiveprints.com\/wp-content\/uploads\/2026\/04\/Packshot_PL_XX-nasz-pierwszy-dom.webp","contentUrl":"https:\/\/positiveprints.com\/wp-content\/uploads\/2026\/04\/Packshot_PL_XX-nasz-pierwszy-dom.webp","width":1450,"height":1450},{"@type":"BreadcrumbList","@id":"https:\/\/positiveprints.com\/pl\/produkt\/plakat-nasz-dom\/#breadcrumb","itemListElement":[{"@type":"ListItem","position":1,"name":"Home","item":"https:\/\/positiveprints.com\/pl\/"},{"@type":"ListItem","position":2,"name":"Produkty","item":"https:\/\/positiveprints.com\/pl\/shop\/"},{"@type":"ListItem","position":3,"name":"Plakat Nasz Dom"}]},{"@type":"WebSite","@id":"https:\/\/positiveprints.com\/pl\/#website","url":"https:\/\/positiveprints.com\/pl\/","name":"Positive Prints","description":"Amazing Custom Personalized Gifts","publisher":{"@id":"https:\/\/positiveprints.com\/pl\/#organization"},"potentialAction":[{"@type":"SearchAction","target":{"@type":"EntryPoint","urlTemplate":"https:\/\/positiveprints.com\/pl\/?s={search_term_string}"},"query-input":{"@type":"PropertyValueSpecification","valueRequired":true,"valueName":"search_term_string"}}],"inLanguage":"pl-PL"},{"@type":"Organization","@id":"https:\/\/positiveprints.com\/pl\/#organization","name":"Positive Prints","alternateName":"Positive Prints","url":"https:\/\/positiveprints.com\/pl\/","logo":{"@type":"ImageObject","inLanguage":"pl-PL","@id":"https:\/\/positiveprints.com\/pl\/#\/schema\/logo\/image\/","url":"https:\/\/positiveprints.com\/wp-content\/uploads\/2026\/03\/245815646_1337939713319158_5671353136411139666_n.png","contentUrl":"https:\/\/positiveprints.com\/wp-content\/uploads\/2026\/03\/245815646_1337939713319158_5671353136411139666_n.png","width":800,"height":800,"caption":"Positive Prints"},"image":{"@id":"https:\/\/positiveprints.com\/pl\/#\/schema\/logo\/image\/"},"sameAs":["https:\/\/www.facebook.com\/positiveprintscom","https:\/\/www.instagram.com\/positiveprintscom\/","https:\/\/www.tiktok.com\/@positiveprintscom","https:\/\/www.pinterest.com\/positiveprintscom\/"]}]}},"jetpack_sharing_enabled":true,"_links":{"self":[{"href":"https:\/\/positiveprints.com\/pl\/wp-json\/wp\/v2\/product\/100784","targetHints":{"allow":["GET"]}}],"collection":[{"href":"https:\/\/positiveprints.com\/pl\/wp-json\/wp\/v2\/product"}],"about":[{"href":"https:\/\/positiveprints.com\/pl\/wp-json\/wp\/v2\/types\/product"}],"wp:featuredmedia":[{"embeddable":true,"href":"https:\/\/positiveprints.com\/pl\/wp-json\/wp\/v2\/media\/1694656"}],"wp:attachment":[{"href":"https:\/\/positiveprints.com\/pl\/wp-json\/wp\/v2\/media?parent=100784"}],"wp:term":[{"taxonomy":"product_brand","embeddable":true,"href":"https:\/\/positiveprints.com\/pl\/wp-json\/wp\/v2\/product_brand?post=100784"},{"taxonomy":"product_cat","embeddable":true,"href":"https:\/\/positiveprints.com\/pl\/wp-json\/wp\/v2\/product_cat?post=100784"},{"taxonomy":"product_tag","embeddable":true,"href":"https:\/\/positiveprints.com\/pl\/wp-json\/wp\/v2\/product_tag?post=100784"}],"curies":[{"name":"wp","href":"https:\/\/api.w.org\/{rel}","templated":true}]}}