{"id":1006923,"date":"2023-06-15T11:33:16","date_gmt":"2023-06-15T10:33:16","guid":{"rendered":"https:\/\/positiveprints.com\/?post_type=product&#038;p=1006923"},"modified":"2026-04-12T22:10:03","modified_gmt":"2026-04-12T21:10:03","slug":"mapa-nieba-w-dniu-zareczyn","status":"publish","type":"product","link":"https:\/\/positiveprints.com\/pl\/produkt\/mapa-nieba-w-dniu-zareczyn\/","title":{"rendered":"Mapa Nieba w Dniu Zar\u0119czyn"},"content":{"rendered":"<h2 class=\"grenB f24 cblue\" style=\"margin-top: 3rem;\">Mapa Nieba w Dniu Zar\u0119czyn: Ponadczasowa pami\u0105tka dla wyj\u0105tkowej chwili<\/h2>\r\n\r\n<p style=\"margin-top: 1rem;\">Mapa Nieba w Dniu Zar\u0119czyn to niezwyk\u0142y <a href=\"https:\/\/positiveprints.com\/pl\/prezenty-na-zareczyny\/\">personalizowany prezent zar\u0119czynowy<\/a>, kt\u00f3ry uchwyci magi\u0119 Waszej wyj\u0105tkowej chwili. Ten pi\u0119knie wykonany wydruk lub p\u0142\u00f3tno przedstawia dok\u0142adny widok rozgwie\u017cd\u017conego nieba z okre\u015blonego czasu i miejsca, co czyni go idealnym prezentem dla narzeczonego lub narzeczonej. Dzi\u0119ki tej niezwyk\u0142ej pami\u0105tce mo\u017cna ponownie prze\u017cywa\u0107 emocje i wspomnienia z tej niezapomnianej nocy przez wiele lat.<\/p>\r\n\r\n<h2 class=\"grenB f24 cblue\" style=\"margin-top: 3rem;\">Zaprojektuj w\u0142asny plakat Mapy Nieba w Dniu Zar\u0119czyn<\/h2>\r\n\r\n<p style=\"margin-top: 1rem;\">Korzystaj\u0105c z naszego przyjaznego dla u\u017cytkownika edytora online, projektowanie Mapy Nieba w Dniu Zar\u0119czyn jest \u0142atwe. Zacznij od wybrania stylu i element\u00f3w, kt\u00f3re b\u0119d\u0105 zdobi\u0107 Twoj\u0105 gwiezdn\u0105 map\u0119. Mo\u017cesz wybiera\u0107 spo\u015br\u00f3d naszych predefiniowanych styl\u00f3w lub eksperymentowa\u0107 z niestandardowymi kolorami, aby dopasowa\u0107 je do w\u0142asnego gustu. Wzboga\u0107 swoje niebia\u0144skie arcydzie\u0142o, wybieraj\u0105c elementy mapy gwiazd, takie jak planety, nazwy planet, konstelacje, nazwy konstelacji, drog\u0119 mleczn\u0105 i linie siatki.<\/p>\r\n\r\n<p style=\"margin-top: 1rem;\">Aby stworzy\u0107 prawdziwie spersonalizowany plakat Mapy Nieba w Dniu Zar\u0119czyn, wprowad\u017a dok\u0142adn\u0105 lokalizacj\u0119, w kt\u00f3rej odby\u0142y si\u0119 zar\u0119czyny, wraz z dat\u0105. Dodaj tytu\u0142 i podtytu\u0142, kt\u00f3re b\u0119d\u0105 mia\u0142y szczeg\u00f3lne znaczenie dla Ciebie i Twojej ukochanej osoby. Ale to nie wszystko &#8211; aby uczyni\u0107 ten prezent naprawd\u0119 wyj\u0105tkowym i osobistym, do\u0142\u0105cz kr\u00f3tk\u0105 wiadomo\u015b\u0107, kt\u00f3ra zostanie w projekcie na zawsze. Niezale\u017cnie od tego, czy s\u0105 to s\u0142odkie s\u0142owa, kt\u00f3re wymienili\u015bcie, czy wzruszaj\u0105cy cytat, te dodatkowe akcenty przekszta\u0142c\u0105 Twoj\u0105 gwiezdn\u0105 map\u0119 w cenn\u0105 pami\u0105tk\u0119.<\/p>\r\n\r\n<p style=\"margin-top: 1rem;\">Po zako\u0144czeniu projektowania Mapy Nieba w Dniu Zar\u0119czyn, nadszed\u0142 czas, aby wybra\u0107 format i rozmiar, kt\u00f3ry odpowiada Twoim preferencjom. Nasza gama opcji obejmuje oprawione lub drukowane plakaty, p\u0142\u00f3tna lub pliki cyfrowe do natychmiastowego pobrania. Niezale\u017cnie od wybranego formatu, mo\u017cesz mie\u0107 pewno\u015b\u0107, \u017ce jako\u015b\u0107 i wykonanie Twojej grafiki b\u0119d\u0105 na najwy\u017cszym poziomie.<\/p>\r\n\r\n<h2 class=\"grenB f24 cblue\" style=\"margin-top: 3rem;\">Idealny prezent zar\u0119czynowy<\/h2>\r\n\r\n<p style=\"margin-top: 1rem;\">Je\u015bli chodzi o znalezienie najlepszego personalizowanego prezentu zar\u0119czynowego, nie szukaj dalej! Mapa Nieba w Dniu Zar\u0119czyn to osza\u0142amiaj\u0105ca niestandardowa gwiezdna mapa uwieczniaj\u0105ca gwiazdy, kt\u00f3re \u015bwieci\u0142y w tym jedynym momencie w \u017cyciu. W przeciwie\u0144stwie do zwyk\u0142ych prezent\u00f3w, kt\u00f3re mo\u017cna znale\u017a\u0107 na sklepowych p\u00f3\u0142kach, ten jedyny w swoim rodzaju skarb jest \u015bwiadectwem \u0142\u0105cz\u0105cej was mi\u0142o\u015bci i wi\u0119zi. Zam\u00f3w spersonalizowan\u0105 map\u0119 gwiazd ju\u017c dzi\u015b i pozw\u00f3l, aby magia tej czaruj\u0105cej nocy roz\u015bwietli\u0142a Wasze \u017cycie na zawsze.<\/p>","protected":false},"excerpt":{"rendered":"<ul class=\"check-list\">\n<li>Dodaj planety, konstelacje i Drog\u0119 Mleczn\u0105<\/li>\n<li>Spersonalizuj w 3 prostych krokach<\/li>\n<li>Dodaj dedykacj\u0119 prosto z serca<\/li>\n<li>Interaktywny podgl\u0105d pozwoli dopracowa\u0107 ka\u017cdy szczeg\u00f3\u0142<\/li>\n<\/ul>\n","protected":false},"featured_media":1229870,"template":"","meta":[],"product_brand":[],"product_cat":[9279,3114,99,5279],"product_tag":[8437],"class_list":{"0":"post-1006923","1":"product","2":"type-product","3":"status-publish","4":"has-post-thumbnail","6":"product_cat-bestsellers-label-pl","7":"product_cat-star-pl-2","8":"product_cat-wszystkie-produkty","9":"product_cat-prezent-na-zareczyny","10":"product_tag-zareczyny","12":"first","13":"instock","14":"sale","15":"taxable","16":"shipping-taxable","17":"purchasable","18":"product-type-variable"},"yoast_head":"<!-- This site is optimized with the Yoast SEO Premium plugin v27.2 (Yoast SEO v27.2) - https:\/\/yoast.com\/product\/yoast-seo-premium-wordpress\/ -->\n<title>Mapa Nieba w Dniu Zar\u0119czyn - Positive Prints<\/title>\n<meta name=\"description\" content=\"Stw\u00f3rz sw\u00f3j personalizowany plakat z Map\u0105 Nieba w Dniu Zar\u0119czyn ju\u017c dzi\u015b i pozw\u00f3l, aby magia tej czaruj\u0105cej nocy roz\u015bwietli\u0142a Wasze \u017cycie na zawsze.\" \/>\n<meta name=\"robots\" content=\"index, follow, max-snippet:-1, max-image-preview:large, max-video-preview:-1\" \/>\n<link rel=\"canonical\" href=\"https:\/\/positiveprints.com\/pl\/produkt\/mapa-nieba-w-dniu-zareczyn\/\" \/>\n<meta property=\"og:locale\" content=\"pl_PL\" \/>\n<meta property=\"og:type\" content=\"article\" \/>\n<meta property=\"og:title\" content=\"Mapa Nieba w Dniu Zar\u0119czyn\" \/>\n<meta property=\"og:description\" content=\"Dodaj planety, konstelacje i Drog\u0119 Mleczn\u0105  Spersonalizuj w 3 prostych krokach  Dodaj dedykacj\u0119 prosto z serca  Interaktywny podgl\u0105d pozwoli dopracowa\u0107 ka\u017cdy szczeg\u00f3\u0142\" \/>\n<meta property=\"og:url\" content=\"https:\/\/positiveprints.com\/pl\/produkt\/mapa-nieba-w-dniu-zareczyn\/\" \/>\n<meta property=\"og:site_name\" content=\"Positive Prints\" \/>\n<meta property=\"article:publisher\" content=\"https:\/\/www.facebook.com\/positiveprintscom\" \/>\n<meta property=\"article:modified_time\" content=\"2026-04-12T21:10:03+00:00\" \/>\n<meta property=\"og:image\" content=\"https:\/\/positiveprints.com\/wp-content\/uploads\/2024\/10\/Packshot_PL_The-Night-We-Got-Engagedproduct-image.webp\" \/>\n\t<meta property=\"og:image:width\" content=\"1450\" \/>\n\t<meta property=\"og:image:height\" content=\"1450\" \/>\n\t<meta property=\"og:image:type\" content=\"image\/webp\" \/>\n<meta name=\"twitter:card\" content=\"summary_large_image\" \/>\n<meta name=\"twitter:label1\" content=\"Szacowany czas czytania\" \/>\n\t<meta name=\"twitter:data1\" content=\"2 minuty\" \/>\n<!-- \/ Yoast SEO Premium plugin. -->","yoast_head_json":{"title":"Mapa Nieba w Dniu Zar\u0119czyn - Positive Prints","description":"Stw\u00f3rz sw\u00f3j personalizowany plakat z Map\u0105 Nieba w Dniu Zar\u0119czyn ju\u017c dzi\u015b i pozw\u00f3l, aby magia tej czaruj\u0105cej nocy roz\u015bwietli\u0142a Wasze \u017cycie na zawsze.","robots":{"index":"index","follow":"follow","max-snippet":"max-snippet:-1","max-image-preview":"max-image-preview:large","max-video-preview":"max-video-preview:-1"},"canonical":"https:\/\/positiveprints.com\/pl\/produkt\/mapa-nieba-w-dniu-zareczyn\/","og_locale":"pl_PL","og_type":"article","og_title":"Mapa Nieba w Dniu Zar\u0119czyn","og_description":"Dodaj planety, konstelacje i Drog\u0119 Mleczn\u0105  Spersonalizuj w 3 prostych krokach  Dodaj dedykacj\u0119 prosto z serca  Interaktywny podgl\u0105d pozwoli dopracowa\u0107 ka\u017cdy szczeg\u00f3\u0142","og_url":"https:\/\/positiveprints.com\/pl\/produkt\/mapa-nieba-w-dniu-zareczyn\/","og_site_name":"Positive Prints","article_publisher":"https:\/\/www.facebook.com\/positiveprintscom","article_modified_time":"2026-04-12T21:10:03+00:00","og_image":[{"width":1450,"height":1450,"url":"https:\/\/positiveprints.com\/wp-content\/uploads\/2024\/10\/Packshot_PL_The-Night-We-Got-Engagedproduct-image.webp","type":"image\/webp"}],"twitter_card":"summary_large_image","twitter_misc":{"Szacowany czas czytania":"2 minuty"},"schema":{"@context":"https:\/\/schema.org","@graph":[{"@type":["WebPage","ItemPage"],"@id":"https:\/\/positiveprints.com\/pl\/produkt\/mapa-nieba-w-dniu-zareczyn\/","url":"https:\/\/positiveprints.com\/pl\/produkt\/mapa-nieba-w-dniu-zareczyn\/","name":"Mapa Nieba w Dniu Zar\u0119czyn - Positive Prints","isPartOf":{"@id":"https:\/\/positiveprints.com\/pl\/#website"},"primaryImageOfPage":{"@id":"https:\/\/positiveprints.com\/pl\/produkt\/mapa-nieba-w-dniu-zareczyn\/#primaryimage"},"image":{"@id":"https:\/\/positiveprints.com\/pl\/produkt\/mapa-nieba-w-dniu-zareczyn\/#primaryimage"},"thumbnailUrl":"https:\/\/positiveprints.com\/wp-content\/uploads\/2024\/10\/Packshot_PL_The-Night-We-Got-Engagedproduct-image.webp","datePublished":"2023-06-15T10:33:16+00:00","dateModified":"2026-04-12T21:10:03+00:00","description":"Stw\u00f3rz sw\u00f3j personalizowany plakat z Map\u0105 Nieba w Dniu Zar\u0119czyn ju\u017c dzi\u015b i pozw\u00f3l, aby magia tej czaruj\u0105cej nocy roz\u015bwietli\u0142a Wasze \u017cycie na zawsze.","breadcrumb":{"@id":"https:\/\/positiveprints.com\/pl\/produkt\/mapa-nieba-w-dniu-zareczyn\/#breadcrumb"},"inLanguage":"pl-PL","potentialAction":[{"@type":"ReadAction","target":["https:\/\/positiveprints.com\/pl\/produkt\/mapa-nieba-w-dniu-zareczyn\/"]}]},{"@type":"ImageObject","inLanguage":"pl-PL","@id":"https:\/\/positiveprints.com\/pl\/produkt\/mapa-nieba-w-dniu-zareczyn\/#primaryimage","url":"https:\/\/positiveprints.com\/wp-content\/uploads\/2024\/10\/Packshot_PL_The-Night-We-Got-Engagedproduct-image.webp","contentUrl":"https:\/\/positiveprints.com\/wp-content\/uploads\/2024\/10\/Packshot_PL_The-Night-We-Got-Engagedproduct-image.webp","width":1450,"height":1450,"caption":"Packshot_PL_The Night We Got Engaged product image"},{"@type":"BreadcrumbList","@id":"https:\/\/positiveprints.com\/pl\/produkt\/mapa-nieba-w-dniu-zareczyn\/#breadcrumb","itemListElement":[{"@type":"ListItem","position":1,"name":"Home","item":"https:\/\/positiveprints.com\/pl\/"},{"@type":"ListItem","position":2,"name":"Produkty","item":"https:\/\/positiveprints.com\/pl\/shop\/"},{"@type":"ListItem","position":3,"name":"Mapa Nieba w Dniu Zar\u0119czyn"}]},{"@type":"WebSite","@id":"https:\/\/positiveprints.com\/pl\/#website","url":"https:\/\/positiveprints.com\/pl\/","name":"Positive Prints","description":"Amazing Custom Personalized Gifts","publisher":{"@id":"https:\/\/positiveprints.com\/pl\/#organization"},"potentialAction":[{"@type":"SearchAction","target":{"@type":"EntryPoint","urlTemplate":"https:\/\/positiveprints.com\/pl\/?s={search_term_string}"},"query-input":{"@type":"PropertyValueSpecification","valueRequired":true,"valueName":"search_term_string"}}],"inLanguage":"pl-PL"},{"@type":"Organization","@id":"https:\/\/positiveprints.com\/pl\/#organization","name":"Positive Prints","alternateName":"Positive Prints","url":"https:\/\/positiveprints.com\/pl\/","logo":{"@type":"ImageObject","inLanguage":"pl-PL","@id":"https:\/\/positiveprints.com\/pl\/#\/schema\/logo\/image\/","url":"https:\/\/positiveprints.com\/wp-content\/uploads\/2026\/03\/245815646_1337939713319158_5671353136411139666_n.png","contentUrl":"https:\/\/positiveprints.com\/wp-content\/uploads\/2026\/03\/245815646_1337939713319158_5671353136411139666_n.png","width":800,"height":800,"caption":"Positive Prints"},"image":{"@id":"https:\/\/positiveprints.com\/pl\/#\/schema\/logo\/image\/"},"sameAs":["https:\/\/www.facebook.com\/positiveprintscom","https:\/\/www.instagram.com\/positiveprintscom\/","https:\/\/www.tiktok.com\/@positiveprintscom","https:\/\/www.pinterest.com\/positiveprintscom\/"]}]}},"jetpack_sharing_enabled":true,"_links":{"self":[{"href":"https:\/\/positiveprints.com\/pl\/wp-json\/wp\/v2\/product\/1006923","targetHints":{"allow":["GET"]}}],"collection":[{"href":"https:\/\/positiveprints.com\/pl\/wp-json\/wp\/v2\/product"}],"about":[{"href":"https:\/\/positiveprints.com\/pl\/wp-json\/wp\/v2\/types\/product"}],"wp:featuredmedia":[{"embeddable":true,"href":"https:\/\/positiveprints.com\/pl\/wp-json\/wp\/v2\/media\/1229870"}],"wp:attachment":[{"href":"https:\/\/positiveprints.com\/pl\/wp-json\/wp\/v2\/media?parent=1006923"}],"wp:term":[{"taxonomy":"product_brand","embeddable":true,"href":"https:\/\/positiveprints.com\/pl\/wp-json\/wp\/v2\/product_brand?post=1006923"},{"taxonomy":"product_cat","embeddable":true,"href":"https:\/\/positiveprints.com\/pl\/wp-json\/wp\/v2\/product_cat?post=1006923"},{"taxonomy":"product_tag","embeddable":true,"href":"https:\/\/positiveprints.com\/pl\/wp-json\/wp\/v2\/product_tag?post=1006923"}],"curies":[{"name":"wp","href":"https:\/\/api.w.org\/{rel}","templated":true}]}}