{"id":1005744,"date":"2023-11-20T11:45:21","date_gmt":"2023-11-20T10:45:21","guid":{"rendered":"https:\/\/positiveprints.com\/?post_type=product&#038;p=1005744"},"modified":"2026-04-18T04:49:35","modified_gmt":"2026-04-18T03:49:35","slug":"plakat-line-art","status":"publish","type":"product","link":"https:\/\/positiveprints.com\/pl\/produkt\/plakat-line-art\/","title":{"rendered":"Plakat Line Art"},"content":{"rendered":"<p>Szukasz idealnego i wyj\u0105tkowego prezentu? Nie szukaj dalej! Nasz Plakat Line Art oferuje prosty, trzyetapowy proces tworzenia unikalnego arcydzie\u0142a wype\u0142nionego emocjami i wspomnieniami. Podziel si\u0119 swoj\u0105 mi\u0142o\u015bci\u0105 i piel\u0119gnuj chwile, przekszta\u0142caj\u0105c ulubione zdj\u0119cie w spersonalizowane dzie\u0142o sztuki. To pi\u0119kny spos\u00f3b na okazanie uznania, sprawienie komu\u015b rado\u015bci i stworzenie trwa\u0142ych wspomnie\u0144 na r\u00f3\u017cne okazje, takie jak rocznice, urodziny czy \u015bluby.<\/p>\r\n\r\n<h2>3 kroki do stworzenia unikalnego, personalizowanego Plakatu Line Art<\/h2>\r\n\r\n<ol>\r\n\r\n<li><strong>Wybierz sw\u00f3j styl i kolory<\/strong><\/li>\r\n<p>Zacznij od wybrania stylu i kolor\u00f3w, kt\u00f3re wsp\u00f3\u0142graj\u0105 z Twoimi uczuciami i preferencjami. Nasi wykwalifikowani arty\u015bci wykorzystaj\u0105 Twoje wybory do stworzenia unikalnego dzie\u0142a, kt\u00f3re odzwierciedla Twoj\u0105 wizj\u0119.<\/p>\r\n\r\n<li><strong>Prze\u015blij swoje wyj\u0105tkowe zdj\u0119cie<\/strong><\/li>\r\n\r\n<p>Udost\u0119pnij zdj\u0119cie, z kt\u00f3rym wi\u0105\u017c\u0105 si\u0119 drogie wspomnienia i kt\u00f3re oddaje istot\u0119 Twoich uczu\u0107, niezale\u017cnie od tego, czy jest to parapet\u00f3wka, ukochane zwierz\u0119, wyj\u0105tkowy moment pary, czy spotkanie rodzinne. Nasi arty\u015bci starannie r\u0119cznie narysuj\u0105 grafik\u0119 na podstawie Twojego zdj\u0119cia.<\/p>\r\n\r\n<li><strong>Dodaj osobist\u0105 wiadomo\u015b\u0107 i sfinalizuj<\/strong><\/li>\r\n\r\n<p>Wzboga\u0107 swoj\u0105 grafik\u0119, dodaj\u0105c serdeczn\u0105 wiadomo\u015b\u0107 lub znacz\u0105ce s\u0142owa, dzi\u0119ki czemu stanie si\u0119 ona prawdziwie spersonalizowanym prezentem. Po dokonaniu p\u0142atno\u015bci nasz zesp\u00f3\u0142 Positive Prints skontaktuje si\u0119 z Tob\u0105, aby potwierdzi\u0107 zam\u00f3wienie i zainicjowa\u0107 proces tworzenia. Gdy grafika b\u0119dzie gotowa, otrzymasz wiadomo\u015b\u0107 e-mail, aby przejrze\u0107 i zaakceptowa\u0107 ostateczny projekt. Je\u015bli chcesz, masz prawo za\u017c\u0105da\u0107 dw\u00f3ch poprawek. Po ostatecznym zatwierdzeniu grafika zostanie wys\u0142ana do druku i dostawy.<\/p>\r\n\r\n<\/ol>\r\n\r\n<p>Post\u0119puj\u0105c zgodnie z tymi prostymi krokami, mo\u017cesz stworzy\u0107 jedyne w swoim rodzaju dzie\u0142o Plakat Line Art, kt\u00f3re wzbudzi emocje i sprawi, \u017ce ka\u017cda okazja b\u0119dzie wyj\u0105tkowa.<\/p>\r\n\r\n<h2>Idealny prezent, kt\u00f3ry wywo\u0142uje emocje<\/h2>\r\n\r\n<p>Dlaczego Plakat Line Art jest idealnym prezentem? Poniewa\u017c jest to wyj\u0105tkowe, personalizowane dzie\u0142o, kt\u00f3re uwiecznia szczeg\u00f3lne wspomnienia. Ta grafika to pot\u0119\u017cny spos\u00f3b na wyra\u017cenie mi\u0142o\u015bci, wdzi\u0119czno\u015bci lub podziwu. To trwa\u0142e wspomnienie, kt\u00f3re zawsze wywo\u0142a u\u015bmiech na twarzy ukochanej osoby. Emocje, kt\u00f3re wywo\u0142uje, s\u0105 bezcenne. Niezale\u017cnie od tego, czy jest to parapet\u00f3wka, wspomnienie ukochanego zwierzaka, wyj\u0105tkowa chwila pary, czy spotkanie rodzinne, Plakat Line Art m\u00f3wi wiele.<\/p>\r\n<p>Spraw, aby ka\u017cda okazja by\u0142a wyj\u0105tkowa &#8211; urodziny, rocznice lub po prostu bez okazji. Zam\u00f3w sw\u00f3j Plakat Line Art ju\u017c teraz i obserwuj, jak rozwija si\u0119 szcz\u0119\u015bcie. To co\u015b wi\u0119cej ni\u017c tylko sztuka; to cenne wspomnienie, kt\u00f3re przetrwa ca\u0142e \u017cycie. Nie przegap okazji, aby wywrze\u0107 trwa\u0142e wra\u017cenie. Spraw, aby Twoi bliscy poczuli si\u0119 naprawd\u0119 wyj\u0105tkowo.<\/p>","protected":false},"excerpt":{"rendered":"<ul class=\"check-list\">\n<li>Narysowany i wys\u0142any do Twojej akceptacji w ci\u0105gu 2-3 dni roboczych<\/li>\n<li>Personalizacja w 3 prostych krokach<\/li>\n<li>Dost\u0119pny w wielu wariantach kolorystycznych<\/li>\n<li>2 poprawki wliczone w cen\u0119<\/li>\n<\/ul>\n","protected":false},"featured_media":1318707,"template":"","meta":[],"product_brand":[],"product_cat":[15114,8238,9182,99,262,11542,11604,11543,11539,11544,11540,11541],"product_tag":[14956,14958,15510,13814],"class_list":{"0":"post-1005744","1":"product","2":"type-product","3":"status-publish","4":"has-post-thumbnail","6":"product_cat-bestsellers-menu-pl","7":"product_cat-digital-products-pl","8":"product_cat-line-art-pl","9":"product_cat-wszystkie-produkty","10":"product_cat-creators-pl","11":"product_cat-10-rocznica","12":"product_cat-50-rocznica","13":"product_cat-15-rocznica","14":"product_cat-1-rocznica","15":"product_cat-20-rocznica","16":"product_cat-2-rocznica","17":"product_cat-5-rocznica","18":"product_tag-creators-pl-2","19":"product_tag-custom-photo-pl","20":"product_tag-one-line-pl","21":"product_tag-personalizowany-plakat-ze-zdjeciem","23":"first","24":"instock","25":"sale","26":"taxable","27":"shipping-taxable","28":"purchasable","29":"product-type-variable"},"yoast_head":"<!-- This site is optimized with the Yoast SEO Premium plugin v27.2 (Yoast SEO v27.2) - https:\/\/yoast.com\/product\/yoast-seo-premium-wordpress\/ -->\n<title>Plakat Line Art - Positive Prints<\/title>\n<meta name=\"description\" content=\"Stw\u00f3rz unikalny Plakat Line Art ze swoim zdj\u0119ciem. R\u0119cznie rysowane przez wykwalifikowanych artyst\u00f3w, dodaj osobist\u0105 wiadomo\u015b\u0107. Idealne na ka\u017cd\u0105 okazj\u0119. Zam\u00f3w teraz!\" \/>\n<meta name=\"robots\" content=\"index, follow, max-snippet:-1, max-image-preview:large, max-video-preview:-1\" \/>\n<link rel=\"canonical\" href=\"https:\/\/positiveprints.com\/pl\/produkt\/plakat-line-art\/\" \/>\n<meta property=\"og:locale\" content=\"pl_PL\" \/>\n<meta property=\"og:type\" content=\"article\" \/>\n<meta property=\"og:title\" content=\"Plakat Line Art\" \/>\n<meta property=\"og:description\" content=\"Narysowany i wys\u0142any do Twojej akceptacji w ci\u0105gu 2-3 dni roboczych   Personalizacja w 3 prostych krokach   Dost\u0119pny w wielu wariantach kolorystycznych   2 poprawki wliczone w cen\u0119\" \/>\n<meta property=\"og:url\" content=\"https:\/\/positiveprints.com\/pl\/produkt\/plakat-line-art\/\" \/>\n<meta property=\"og:site_name\" content=\"Positive Prints\" \/>\n<meta property=\"article:publisher\" content=\"https:\/\/www.facebook.com\/positiveprintscom\" \/>\n<meta property=\"article:modified_time\" content=\"2026-04-18T03:49:35+00:00\" \/>\n<meta property=\"og:image\" content=\"https:\/\/positiveprints.com\/wp-content\/uploads\/2025\/01\/Plakat-Line-Art-1.webp\" \/>\n\t<meta property=\"og:image:width\" content=\"1450\" \/>\n\t<meta property=\"og:image:height\" content=\"1450\" \/>\n\t<meta property=\"og:image:type\" content=\"image\/webp\" \/>\n<meta name=\"twitter:card\" content=\"summary_large_image\" \/>\n<meta name=\"twitter:label1\" content=\"Szacowany czas czytania\" \/>\n\t<meta name=\"twitter:data1\" content=\"2 minuty\" \/>\n<!-- \/ Yoast SEO Premium plugin. -->","yoast_head_json":{"title":"Plakat Line Art - Positive Prints","description":"Stw\u00f3rz unikalny Plakat Line Art ze swoim zdj\u0119ciem. R\u0119cznie rysowane przez wykwalifikowanych artyst\u00f3w, dodaj osobist\u0105 wiadomo\u015b\u0107. Idealne na ka\u017cd\u0105 okazj\u0119. Zam\u00f3w teraz!","robots":{"index":"index","follow":"follow","max-snippet":"max-snippet:-1","max-image-preview":"max-image-preview:large","max-video-preview":"max-video-preview:-1"},"canonical":"https:\/\/positiveprints.com\/pl\/produkt\/plakat-line-art\/","og_locale":"pl_PL","og_type":"article","og_title":"Plakat Line Art","og_description":"Narysowany i wys\u0142any do Twojej akceptacji w ci\u0105gu 2-3 dni roboczych   Personalizacja w 3 prostych krokach   Dost\u0119pny w wielu wariantach kolorystycznych   2 poprawki wliczone w cen\u0119","og_url":"https:\/\/positiveprints.com\/pl\/produkt\/plakat-line-art\/","og_site_name":"Positive Prints","article_publisher":"https:\/\/www.facebook.com\/positiveprintscom","article_modified_time":"2026-04-18T03:49:35+00:00","og_image":[{"width":1450,"height":1450,"url":"https:\/\/positiveprints.com\/wp-content\/uploads\/2025\/01\/Plakat-Line-Art-1.webp","type":"image\/webp"}],"twitter_card":"summary_large_image","twitter_misc":{"Szacowany czas czytania":"2 minuty"},"schema":{"@context":"https:\/\/schema.org","@graph":[{"@type":["WebPage","ItemPage"],"@id":"https:\/\/positiveprints.com\/pl\/produkt\/plakat-line-art\/","url":"https:\/\/positiveprints.com\/pl\/produkt\/plakat-line-art\/","name":"Plakat Line Art - Positive Prints","isPartOf":{"@id":"https:\/\/positiveprints.com\/pl\/#website"},"primaryImageOfPage":{"@id":"https:\/\/positiveprints.com\/pl\/produkt\/plakat-line-art\/#primaryimage"},"image":{"@id":"https:\/\/positiveprints.com\/pl\/produkt\/plakat-line-art\/#primaryimage"},"thumbnailUrl":"https:\/\/positiveprints.com\/wp-content\/uploads\/2025\/01\/Plakat-Line-Art-1.webp","datePublished":"2023-11-20T10:45:21+00:00","dateModified":"2026-04-18T03:49:35+00:00","description":"Stw\u00f3rz unikalny Plakat Line Art ze swoim zdj\u0119ciem. R\u0119cznie rysowane przez wykwalifikowanych artyst\u00f3w, dodaj osobist\u0105 wiadomo\u015b\u0107. Idealne na ka\u017cd\u0105 okazj\u0119. Zam\u00f3w teraz!","breadcrumb":{"@id":"https:\/\/positiveprints.com\/pl\/produkt\/plakat-line-art\/#breadcrumb"},"inLanguage":"pl-PL","potentialAction":[{"@type":"ReadAction","target":["https:\/\/positiveprints.com\/pl\/produkt\/plakat-line-art\/"]}]},{"@type":"ImageObject","inLanguage":"pl-PL","@id":"https:\/\/positiveprints.com\/pl\/produkt\/plakat-line-art\/#primaryimage","url":"https:\/\/positiveprints.com\/wp-content\/uploads\/2025\/01\/Plakat-Line-Art-1.webp","contentUrl":"https:\/\/positiveprints.com\/wp-content\/uploads\/2025\/01\/Plakat-Line-Art-1.webp","width":1450,"height":1450},{"@type":"BreadcrumbList","@id":"https:\/\/positiveprints.com\/pl\/produkt\/plakat-line-art\/#breadcrumb","itemListElement":[{"@type":"ListItem","position":1,"name":"Home","item":"https:\/\/positiveprints.com\/pl\/"},{"@type":"ListItem","position":2,"name":"Produkty","item":"https:\/\/positiveprints.com\/pl\/shop\/"},{"@type":"ListItem","position":3,"name":"Plakat Line Art"}]},{"@type":"WebSite","@id":"https:\/\/positiveprints.com\/pl\/#website","url":"https:\/\/positiveprints.com\/pl\/","name":"Positive Prints","description":"Amazing Custom Personalized Gifts","publisher":{"@id":"https:\/\/positiveprints.com\/pl\/#organization"},"potentialAction":[{"@type":"SearchAction","target":{"@type":"EntryPoint","urlTemplate":"https:\/\/positiveprints.com\/pl\/?s={search_term_string}"},"query-input":{"@type":"PropertyValueSpecification","valueRequired":true,"valueName":"search_term_string"}}],"inLanguage":"pl-PL"},{"@type":"Organization","@id":"https:\/\/positiveprints.com\/pl\/#organization","name":"Positive Prints","alternateName":"Positive Prints","url":"https:\/\/positiveprints.com\/pl\/","logo":{"@type":"ImageObject","inLanguage":"pl-PL","@id":"https:\/\/positiveprints.com\/pl\/#\/schema\/logo\/image\/","url":"https:\/\/positiveprints.com\/wp-content\/uploads\/2026\/03\/245815646_1337939713319158_5671353136411139666_n.png","contentUrl":"https:\/\/positiveprints.com\/wp-content\/uploads\/2026\/03\/245815646_1337939713319158_5671353136411139666_n.png","width":800,"height":800,"caption":"Positive Prints"},"image":{"@id":"https:\/\/positiveprints.com\/pl\/#\/schema\/logo\/image\/"},"sameAs":["https:\/\/www.facebook.com\/positiveprintscom","https:\/\/www.instagram.com\/positiveprintscom\/","https:\/\/www.tiktok.com\/@positiveprintscom","https:\/\/www.pinterest.com\/positiveprintscom\/"]}]}},"jetpack_sharing_enabled":true,"_links":{"self":[{"href":"https:\/\/positiveprints.com\/pl\/wp-json\/wp\/v2\/product\/1005744","targetHints":{"allow":["GET"]}}],"collection":[{"href":"https:\/\/positiveprints.com\/pl\/wp-json\/wp\/v2\/product"}],"about":[{"href":"https:\/\/positiveprints.com\/pl\/wp-json\/wp\/v2\/types\/product"}],"wp:featuredmedia":[{"embeddable":true,"href":"https:\/\/positiveprints.com\/pl\/wp-json\/wp\/v2\/media\/1318707"}],"wp:attachment":[{"href":"https:\/\/positiveprints.com\/pl\/wp-json\/wp\/v2\/media?parent=1005744"}],"wp:term":[{"taxonomy":"product_brand","embeddable":true,"href":"https:\/\/positiveprints.com\/pl\/wp-json\/wp\/v2\/product_brand?post=1005744"},{"taxonomy":"product_cat","embeddable":true,"href":"https:\/\/positiveprints.com\/pl\/wp-json\/wp\/v2\/product_cat?post=1005744"},{"taxonomy":"product_tag","embeddable":true,"href":"https:\/\/positiveprints.com\/pl\/wp-json\/wp\/v2\/product_tag?post=1005744"}],"curies":[{"name":"wp","href":"https:\/\/api.w.org\/{rel}","templated":true}]}}