{"id":361053,"date":"2022-10-26T14:19:32","date_gmt":"2022-10-26T12:19:32","guid":{"rendered":"https:\/\/positiveprints.com\/?page_id=361053"},"modified":"2023-09-19T14:56:45","modified_gmt":"2023-09-19T12:56:45","slug":"dane-firmy","status":"publish","type":"page","link":"https:\/\/positiveprints.com\/pl\/dane-firmy\/","title":{"rendered":"DANE FIRMY"},"content":{"rendered":"<h1 class=\"grenB\">Dane Firmy<\/h1><br>\n\nPositive Prints sp. z o.o.<br>\n\nPu\u0142awska 145<br>\n\n02-715 Warszawa<br>\n\nPolska<br>\n\nPL9512500986<br>\n\nREGON 385977110<br>\n\nWarszawa (WA), XIII wydzia\u0142<br>\n\nKapita\u0142 zak\u0142adowy 5000z\u0142<br>\n\n<a href=\"mailto:hello@positiveprints.com\"><b>hello@positiveprints.com<\/b><\/a>","protected":false},"excerpt":{"rendered":"<p>Dane Firmy Positive Prints sp. z o.o. Pu\u0142awska 145 02-715 Warszawa Polska PL9512500986 REGON 385977110 Warszawa (WA), XIII wydzia\u0142 Kapita\u0142 zak\u0142adowy 5000z\u0142 hello@positiveprints.com<\/p>\n","protected":false},"author":22,"featured_media":0,"parent":0,"menu_order":0,"comment_status":"closed","ping_status":"closed","template":"informational-page.php","meta":{"footnotes":""},"class_list":["post-361053","page","type-page","status-publish","hentry"],"yoast_head":"<!-- This site is optimized with the Yoast SEO Premium plugin v27.2 (Yoast SEO v27.2) - https:\/\/yoast.com\/product\/yoast-seo-premium-wordpress\/ -->\n<title>Dane Firmy - Positive Prints<\/title>\n<meta name=\"description\" content=\"Dane Firmy: Positive Prints sp. z o.o., Pu\u0142awska 145, 02-715 Warszawa, Polska. PL9512500986. hello@positiveprints.com\" \/>\n<meta name=\"robots\" content=\"index, follow, max-snippet:-1, max-image-preview:large, max-video-preview:-1\" \/>\n<link rel=\"canonical\" href=\"https:\/\/positiveprints.com\/pl\/dane-firmy\/\" \/>\n<meta property=\"og:locale\" content=\"pl_PL\" \/>\n<meta property=\"og:type\" content=\"article\" \/>\n<meta property=\"og:title\" content=\"DANE FIRMY\" \/>\n<meta property=\"og:description\" content=\"Dane Firmy Positive Prints sp. z o.o. Pu\u0142awska 145 02-715 Warszawa Polska PL9512500986 REGON 385977110 Warszawa (WA), XIII wydzia\u0142 Kapita\u0142 zak\u0142adowy\" \/>\n<meta property=\"og:url\" content=\"https:\/\/positiveprints.com\/pl\/dane-firmy\/\" \/>\n<meta property=\"og:site_name\" content=\"Positive Prints\" \/>\n<meta property=\"article:publisher\" content=\"https:\/\/www.facebook.com\/positiveprintscom\" \/>\n<meta property=\"article:modified_time\" content=\"2023-09-19T12:56:45+00:00\" \/>\n<meta property=\"og:image\" content=\"https:\/\/positiveprints.com\/wp-content\/uploads\/2026\/03\/Open-graph-2026-1200x630-1.jpg\" \/>\n\t<meta property=\"og:image:width\" content=\"1200\" \/>\n\t<meta property=\"og:image:height\" content=\"630\" \/>\n\t<meta property=\"og:image:type\" content=\"image\/jpeg\" \/>\n<meta name=\"twitter:card\" content=\"summary_large_image\" \/>\n<meta name=\"twitter:label1\" content=\"Szacowany czas czytania\" \/>\n\t<meta name=\"twitter:data1\" content=\"1 minuta\" \/>\n<!-- \/ Yoast SEO Premium plugin. -->","yoast_head_json":{"title":"Dane Firmy - Positive Prints","description":"Dane Firmy: Positive Prints sp. z o.o., Pu\u0142awska 145, 02-715 Warszawa, Polska. PL9512500986. hello@positiveprints.com","robots":{"index":"index","follow":"follow","max-snippet":"max-snippet:-1","max-image-preview":"max-image-preview:large","max-video-preview":"max-video-preview:-1"},"canonical":"https:\/\/positiveprints.com\/pl\/dane-firmy\/","og_locale":"pl_PL","og_type":"article","og_title":"DANE FIRMY","og_description":"Dane Firmy Positive Prints sp. z o.o. Pu\u0142awska 145 02-715 Warszawa Polska PL9512500986 REGON 385977110 Warszawa (WA), XIII wydzia\u0142 Kapita\u0142 zak\u0142adowy","og_url":"https:\/\/positiveprints.com\/pl\/dane-firmy\/","og_site_name":"Positive Prints","article_publisher":"https:\/\/www.facebook.com\/positiveprintscom","article_modified_time":"2023-09-19T12:56:45+00:00","og_image":[{"width":1200,"height":630,"url":"https:\/\/positiveprints.com\/wp-content\/uploads\/2026\/03\/Open-graph-2026-1200x630-1.jpg","type":"image\/jpeg"}],"twitter_card":"summary_large_image","twitter_misc":{"Szacowany czas czytania":"1 minuta"},"schema":{"@context":"https:\/\/schema.org","@graph":[{"@type":"WebPage","@id":"https:\/\/positiveprints.com\/pl\/dane-firmy\/","url":"https:\/\/positiveprints.com\/pl\/dane-firmy\/","name":"Dane Firmy - Positive Prints","isPartOf":{"@id":"https:\/\/positiveprints.com\/pl\/#website"},"datePublished":"2022-10-26T12:19:32+00:00","dateModified":"2023-09-19T12:56:45+00:00","description":"Dane Firmy: Positive Prints sp. z o.o., Pu\u0142awska 145, 02-715 Warszawa, Polska. PL9512500986. hello@positiveprints.com","breadcrumb":{"@id":"https:\/\/positiveprints.com\/pl\/dane-firmy\/#breadcrumb"},"inLanguage":"pl-PL","potentialAction":[{"@type":"ReadAction","target":["https:\/\/positiveprints.com\/pl\/dane-firmy\/"]}]},{"@type":"BreadcrumbList","@id":"https:\/\/positiveprints.com\/pl\/dane-firmy\/#breadcrumb","itemListElement":[{"@type":"ListItem","position":1,"name":"Home","item":"https:\/\/positiveprints.com\/pl\/"},{"@type":"ListItem","position":2,"name":"DANE FIRMY"}]},{"@type":"WebSite","@id":"https:\/\/positiveprints.com\/pl\/#website","url":"https:\/\/positiveprints.com\/pl\/","name":"Positive Prints","description":"Amazing Custom Personalized Gifts","publisher":{"@id":"https:\/\/positiveprints.com\/pl\/#organization"},"potentialAction":[{"@type":"SearchAction","target":{"@type":"EntryPoint","urlTemplate":"https:\/\/positiveprints.com\/pl\/?s={search_term_string}"},"query-input":{"@type":"PropertyValueSpecification","valueRequired":true,"valueName":"search_term_string"}}],"inLanguage":"pl-PL"},{"@type":"Organization","@id":"https:\/\/positiveprints.com\/pl\/#organization","name":"Positive Prints","alternateName":"Positive Prints","url":"https:\/\/positiveprints.com\/pl\/","logo":{"@type":"ImageObject","inLanguage":"pl-PL","@id":"https:\/\/positiveprints.com\/pl\/#\/schema\/logo\/image\/","url":"https:\/\/positiveprints.com\/wp-content\/uploads\/2026\/03\/245815646_1337939713319158_5671353136411139666_n.png","contentUrl":"https:\/\/positiveprints.com\/wp-content\/uploads\/2026\/03\/245815646_1337939713319158_5671353136411139666_n.png","width":800,"height":800,"caption":"Positive Prints"},"image":{"@id":"https:\/\/positiveprints.com\/pl\/#\/schema\/logo\/image\/"},"sameAs":["https:\/\/www.facebook.com\/positiveprintscom","https:\/\/www.instagram.com\/positiveprintscom\/","https:\/\/www.tiktok.com\/@positiveprintscom","https:\/\/www.pinterest.com\/positiveprintscom\/"]}]}},"jetpack_sharing_enabled":true,"_links":{"self":[{"href":"https:\/\/positiveprints.com\/pl\/wp-json\/wp\/v2\/pages\/361053","targetHints":{"allow":["GET"]}}],"collection":[{"href":"https:\/\/positiveprints.com\/pl\/wp-json\/wp\/v2\/pages"}],"about":[{"href":"https:\/\/positiveprints.com\/pl\/wp-json\/wp\/v2\/types\/page"}],"author":[{"embeddable":true,"href":"https:\/\/positiveprints.com\/pl\/wp-json\/wp\/v2\/users\/22"}],"replies":[{"embeddable":true,"href":"https:\/\/positiveprints.com\/pl\/wp-json\/wp\/v2\/comments?post=361053"}],"version-history":[{"count":0,"href":"https:\/\/positiveprints.com\/pl\/wp-json\/wp\/v2\/pages\/361053\/revisions"}],"wp:attachment":[{"href":"https:\/\/positiveprints.com\/pl\/wp-json\/wp\/v2\/media?parent=361053"}],"curies":[{"name":"wp","href":"https:\/\/api.w.org\/{rel}","templated":true}]}}