{"id":315670,"date":"2022-07-08T18:22:20","date_gmt":"2022-07-08T16:22:20","guid":{"rendered":"https:\/\/positiveprints.com\/wytyczne-dot-przesylanych-tresci\/"},"modified":"2025-07-23T11:23:40","modified_gmt":"2025-07-23T09:23:40","slug":"wytyczne-dot-przesylanych-tresci","status":"publish","type":"page","link":"https:\/\/positiveprints.com\/pl\/wytyczne-dot-przesylanych-tresci\/","title":{"rendered":"Wytyczne dot. przesy\u0142anych plik\u00f3w (zdj\u0119cia i audio)"},"content":{"rendered":"<h1 class=\"grenB\" id=\"h-wytyczne-dot-przesylanych-tresci\">Wytyczne dot. przesy\u0142anych plik\u00f3w (zdj\u0119cia i audio)<\/h1><p><\/p><p><br><br><\/p><p>1. Akceptujesz nasz\u0105 <a href=\"https:\/\/positiveprints.com\/pl\/polityka-prywatnosci\/\">Polityk\u0119 Prywatno\u015bci.<\/a><\/p><p>2. Masz pe\u0142ne prawa do dystrybucji i komercyjnego wykorzystania pliku.<\/p><p>3. Plik nie narusza \u017cadnych d\u00f3br osobistych ani praw autorskich.<\/p><p>4. Plik nie zawiera kontrowersyjnych tre\u015bci, takich jak przemoc, nago\u015b\u0107 ani \u017cadnych innych nielegalnych tre\u015bci.<\/p><p>5. Zobowi\u0105zujesz si\u0119 do ochrony Positive Prints przed wszelkimi roszczeniami wynikaj\u0105cymi z naruszenia praw do przes\u0142anego pliku.<\/p><p>6.\u00a0Positive Prints zastrzega sobie prawo do oceny przes\u0142anego pliku i usuni\u0119cia go i je\u015bli to konieczne, do anulowania zam\u00f3wienia.<\/p><p><\/p><p><\/p><div style=\"height:30px\" aria-hidden=\"true\" class=\"wp-block-spacer\"><\/div><p><strong>Wymagania do plik\u00f3w d\u017awi\u0119kowych:<\/strong><\/p><p>1. Wybierz plik w formacie MP3, AAC lub M4A<\/p><p>2. Maksymalny rozmiar pliku: 5 MB<\/p><p>3. Maksymalny czas trwania: 6 min<\/p><p>4. Je\u015bli przes\u0142any plik audio jest d\u0142u\u017cszy ni\u017c 6 minut, jego fala d\u017awi\u0119kowa zostanie przyci\u0119ta do 6 minut<\/p><p><\/p><div style=\"height:30px\" aria-hidden=\"true\" class=\"wp-block-spacer\"><\/div><p><strong><strong>Czas przechowywania plik\u00f3w d\u017awi\u0119kowych:<\/strong><\/strong><\/p><p>1. Po klikni\u0119ciu przycisku \u201cZachowaj projekt\u201d \u2013 30 dni<\/p><p>2. Po z\u0142o\u017ceniu zam\u00f3wienia bez QR kodu &#8211; 30 dni<\/p><p>3. Po z\u0142o\u017ceniu zam\u00f3wienia z QR kodem \u2013\u00a0 dop\u00f3ki istniejemy ;)<\/p><div style=\"height:30px\" aria-hidden=\"true\" class=\"wp-block-spacer\"><\/div><p><strong>Wymagania do plik\u00f3w graficznych:<\/strong><\/p><p>1. Obs\u0142ugiwane formaty plik\u00f3w: JPEG, JPG,  PNG<\/p><p>2. Maksymalny rozmiar pliku: 10 MB<\/p><p>3. Rekomendowana rozdzielczo\u015b\u0107 zdj\u0119cia: 120-300 DPI<\/p><p><\/p><p><\/p><div style=\"height:30px\" aria-hidden=\"true\" class=\"wp-block-spacer\"><\/div><p><strong>Czas przechowywania plik\u00f3w graficznych:<\/strong><\/p><p>1. Po klikni\u0119ciu przycisku \u201cZachowaj projekt\u201d \u2013 30 dni<\/p><p>2. Po z\u0142o\u017ceniu zam\u00f3wienia &#8211; 30 dni<br><br><br><\/p>","protected":false},"excerpt":{"rendered":"<p>Wytyczne dot. przesy\u0142anych plik\u00f3w (zdj\u0119cia i audio)1. Akceptujesz nasz\u0105 Polityk\u0119 Prywatno\u015bci.2. Masz pe\u0142ne prawa do dystrybucji i komercyjnego wykorzystania pliku.3. Plik nie narusza \u017cadnych d\u00f3br osobistych ani praw autorskich.4. Plik nie zawiera kontrowersyjnych tre\u015bci, takich jak przemoc, nago\u015b\u0107 ani \u017cadnych innych nielegalnych tre\u015bci.5. Zobowi\u0105zujesz si\u0119 do ochrony Positive Prints przed wszelkimi roszczeniami wynikaj\u0105cymi z naruszenia [&hellip;]<\/p>\n","protected":false},"author":1,"featured_media":0,"parent":0,"menu_order":0,"comment_status":"closed","ping_status":"closed","template":"informational-page.php","meta":{"footnotes":""},"class_list":["post-315670","page","type-page","status-publish","hentry"],"yoast_head":"<!-- This site is optimized with the Yoast SEO Premium plugin v27.2 (Yoast SEO v27.2) - https:\/\/yoast.com\/product\/yoast-seo-premium-wordpress\/ -->\n<title>Wytyczne dot. przesy\u0142anych plik\u00f3w (zdj\u0119cia i audio) - Positive Prints<\/title>\n<meta name=\"robots\" content=\"index, follow, max-snippet:-1, max-image-preview:large, max-video-preview:-1\" \/>\n<link rel=\"canonical\" href=\"https:\/\/positiveprints.com\/pl\/wytyczne-dot-przesylanych-tresci\/\" \/>\n<meta property=\"og:locale\" content=\"pl_PL\" \/>\n<meta property=\"og:type\" content=\"article\" \/>\n<meta property=\"og:title\" content=\"Wytyczne dot. przesy\u0142anych plik\u00f3w (zdj\u0119cia i audio)\" \/>\n<meta property=\"og:description\" content=\"Wytyczne dot. przesy\u0142anych plik\u00f3w (zdj\u0119cia i audio) 1. Akceptujesz nasz\u0105 Polityk\u0119 Prywatno\u015bci. 2. Masz pe\u0142ne prawa do dystrybucji i komercyjnego\" \/>\n<meta property=\"og:url\" content=\"https:\/\/positiveprints.com\/pl\/wytyczne-dot-przesylanych-tresci\/\" \/>\n<meta property=\"og:site_name\" content=\"Positive Prints\" \/>\n<meta property=\"article:publisher\" content=\"https:\/\/www.facebook.com\/positiveprintscom\" \/>\n<meta property=\"article:modified_time\" content=\"2025-07-23T09:23:40+00:00\" \/>\n<meta property=\"og:image\" content=\"https:\/\/positiveprints.com\/wp-content\/uploads\/2026\/03\/Open-graph-2026-1200x630-1.jpg\" \/>\n\t<meta property=\"og:image:width\" content=\"1200\" \/>\n\t<meta property=\"og:image:height\" content=\"630\" \/>\n\t<meta property=\"og:image:type\" content=\"image\/jpeg\" \/>\n<meta name=\"twitter:card\" content=\"summary_large_image\" \/>\n<meta name=\"twitter:label1\" content=\"Szacowany czas czytania\" \/>\n\t<meta name=\"twitter:data1\" content=\"1 minuta\" \/>\n<!-- \/ Yoast SEO Premium plugin. -->","yoast_head_json":{"title":"Wytyczne dot. przesy\u0142anych plik\u00f3w (zdj\u0119cia i audio) - Positive Prints","robots":{"index":"index","follow":"follow","max-snippet":"max-snippet:-1","max-image-preview":"max-image-preview:large","max-video-preview":"max-video-preview:-1"},"canonical":"https:\/\/positiveprints.com\/pl\/wytyczne-dot-przesylanych-tresci\/","og_locale":"pl_PL","og_type":"article","og_title":"Wytyczne dot. przesy\u0142anych plik\u00f3w (zdj\u0119cia i audio)","og_description":"Wytyczne dot. przesy\u0142anych plik\u00f3w (zdj\u0119cia i audio) 1. Akceptujesz nasz\u0105 Polityk\u0119 Prywatno\u015bci. 2. Masz pe\u0142ne prawa do dystrybucji i komercyjnego","og_url":"https:\/\/positiveprints.com\/pl\/wytyczne-dot-przesylanych-tresci\/","og_site_name":"Positive Prints","article_publisher":"https:\/\/www.facebook.com\/positiveprintscom","article_modified_time":"2025-07-23T09:23:40+00:00","og_image":[{"width":1200,"height":630,"url":"https:\/\/positiveprints.com\/wp-content\/uploads\/2026\/03\/Open-graph-2026-1200x630-1.jpg","type":"image\/jpeg"}],"twitter_card":"summary_large_image","twitter_misc":{"Szacowany czas czytania":"1 minuta"},"schema":{"@context":"https:\/\/schema.org","@graph":[{"@type":"WebPage","@id":"https:\/\/positiveprints.com\/pl\/wytyczne-dot-przesylanych-tresci\/","url":"https:\/\/positiveprints.com\/pl\/wytyczne-dot-przesylanych-tresci\/","name":"Wytyczne dot. przesy\u0142anych plik\u00f3w (zdj\u0119cia i audio) - Positive Prints","isPartOf":{"@id":"https:\/\/positiveprints.com\/pl\/#website"},"datePublished":"2022-07-08T16:22:20+00:00","dateModified":"2025-07-23T09:23:40+00:00","breadcrumb":{"@id":"https:\/\/positiveprints.com\/pl\/wytyczne-dot-przesylanych-tresci\/#breadcrumb"},"inLanguage":"pl-PL","potentialAction":[{"@type":"ReadAction","target":["https:\/\/positiveprints.com\/pl\/wytyczne-dot-przesylanych-tresci\/"]}]},{"@type":"BreadcrumbList","@id":"https:\/\/positiveprints.com\/pl\/wytyczne-dot-przesylanych-tresci\/#breadcrumb","itemListElement":[{"@type":"ListItem","position":1,"name":"Home","item":"https:\/\/positiveprints.com\/pl\/"},{"@type":"ListItem","position":2,"name":"Wytyczne dot. przesy\u0142anych plik\u00f3w (zdj\u0119cia i audio)"}]},{"@type":"WebSite","@id":"https:\/\/positiveprints.com\/pl\/#website","url":"https:\/\/positiveprints.com\/pl\/","name":"Positive Prints","description":"Amazing Custom Personalized Gifts","publisher":{"@id":"https:\/\/positiveprints.com\/pl\/#organization"},"potentialAction":[{"@type":"SearchAction","target":{"@type":"EntryPoint","urlTemplate":"https:\/\/positiveprints.com\/pl\/?s={search_term_string}"},"query-input":{"@type":"PropertyValueSpecification","valueRequired":true,"valueName":"search_term_string"}}],"inLanguage":"pl-PL"},{"@type":"Organization","@id":"https:\/\/positiveprints.com\/pl\/#organization","name":"Positive Prints","alternateName":"Positive Prints","url":"https:\/\/positiveprints.com\/pl\/","logo":{"@type":"ImageObject","inLanguage":"pl-PL","@id":"https:\/\/positiveprints.com\/pl\/#\/schema\/logo\/image\/","url":"https:\/\/positiveprints.com\/wp-content\/uploads\/2026\/03\/245815646_1337939713319158_5671353136411139666_n.png","contentUrl":"https:\/\/positiveprints.com\/wp-content\/uploads\/2026\/03\/245815646_1337939713319158_5671353136411139666_n.png","width":800,"height":800,"caption":"Positive Prints"},"image":{"@id":"https:\/\/positiveprints.com\/pl\/#\/schema\/logo\/image\/"},"sameAs":["https:\/\/www.facebook.com\/positiveprintscom","https:\/\/www.instagram.com\/positiveprintscom\/","https:\/\/www.tiktok.com\/@positiveprintscom","https:\/\/www.pinterest.com\/positiveprintscom\/"]}]}},"jetpack_sharing_enabled":true,"_links":{"self":[{"href":"https:\/\/positiveprints.com\/pl\/wp-json\/wp\/v2\/pages\/315670","targetHints":{"allow":["GET"]}}],"collection":[{"href":"https:\/\/positiveprints.com\/pl\/wp-json\/wp\/v2\/pages"}],"about":[{"href":"https:\/\/positiveprints.com\/pl\/wp-json\/wp\/v2\/types\/page"}],"author":[{"embeddable":true,"href":"https:\/\/positiveprints.com\/pl\/wp-json\/wp\/v2\/users\/1"}],"replies":[{"embeddable":true,"href":"https:\/\/positiveprints.com\/pl\/wp-json\/wp\/v2\/comments?post=315670"}],"version-history":[{"count":0,"href":"https:\/\/positiveprints.com\/pl\/wp-json\/wp\/v2\/pages\/315670\/revisions"}],"wp:attachment":[{"href":"https:\/\/positiveprints.com\/pl\/wp-json\/wp\/v2\/media?parent=315670"}],"curies":[{"name":"wp","href":"https:\/\/api.w.org\/{rel}","templated":true}]}}