{"id":15155,"date":"2020-06-12T11:11:20","date_gmt":"2020-06-12T11:11:20","guid":{"rendered":"https:\/\/positiveprints.com\/?page_id=15155"},"modified":"2023-09-19T15:01:44","modified_gmt":"2023-09-19T13:01:44","slug":"edytory","status":"publish","type":"page","link":"https:\/\/positiveprints.com\/pl\/edytory\/","title":{"rendered":"Stw\u00f3rz w\u0142asny plakat online"},"content":{"rendered":"[et_pb_section fb_built=&#8221;1&#8243; _builder_version=&#8221;4.4.2&#8243; background_color=&#8221;#F8F6F1&#8243; hover_enabled=&#8221;0&#8243; admin_label=&#8221;ProductCreators&#8221;][et_pb_row _builder_version=&#8221;4.4.2&#8243; custom_padding=&#8221;||0px||false|false&#8221;][et_pb_column type=&#8221;4_4&#8243; _builder_version=&#8221;4.4.2&#8243;][et_pb_text _builder_version=&#8221;4.4.2&#8243;]<h2>STW\u00d3RZ, SPERSONALIZUJ I ZAM\u00d3W<\/h2>[\/et_pb_text][\/et_pb_column][\/et_pb_row][et_pb_row _builder_version=&#8221;4.4.2&#8243;][et_pb_column type=&#8221;4_4&#8243; _builder_version=&#8221;4.4.2&#8243;][et_pb_text _builder_version=&#8221;4.4.2&#8243;]<h3>Bezp\u0142atna i szybka dostawa na terenie Polski<\/h3>[\/et_pb_text][\/et_pb_column][\/et_pb_row][et_pb_row _builder_version=&#8221;4.4.2&#8243;][et_pb_column type=&#8221;4_4&#8243; _builder_version=&#8221;4.0&#8243;][et_pb_text _builder_version=&#8221;4.4.2&#8243;]<div style=\"display:flex; flex-wrap:wrap;width:100%;text-align:center;\"><div class=\"creatorDiv\" onclick=\"location.href='https:\/\/positiveprints.com\/pl\/letter-portrait-editor?editorTab=design-tab'\"><div>\r\n<img decoding=\"async\" class=\"creatorImg\" style=\"margin-left:auto;margin-right:auto\" src=\"https:\/\/positiveprints.com\/wp-content\/uploads\/2026\/03\/Packshot_PL_Fotokolaz-z-Twoim-wlasnym-tekstem-1.webp\"\/>\r\n<label class=\"productTitleCategory\">Fotokola\u017c z Twoim w\u0142asnym tekstem<\/label><a href=\"https:\/\/positiveprints.com\/pl\/letter-portrait-editor?editorTab=design-tab\" class=\"addAnotherButton\">STW\u00d3RZ TERAZ<\/a><\/div>\r\n<\/div><div class=\"creatorDiv\" onclick=\"location.href=''\"><div>\r\n<img decoding=\"async\" class=\"creatorImg\" style=\"margin-left:auto;margin-right:auto\" src=\"https:\/\/positiveprints.com\/wp-content\/uploads\/2026\/02\/Packshot_PL_Portret-Rodzinny-z-Kilku-Zdjec.webp\"\/>\r\n<label class=\"productTitleCategory\">Portret Rodzinny z Kilku Zdj\u0119\u0107<\/label><a href=\"\" class=\"addAnotherButton\">STW\u00d3RZ TERAZ<\/a><\/div>\r\n<\/div><div class=\"creatorDiv\" onclick=\"location.href='https:\/\/positiveprints.com\/pl\/gpx-editor?editorTab=design-tab'\"><div>\r\n<img decoding=\"async\" class=\"creatorImg\" style=\"margin-left:auto;margin-right:auto\" src=\"https:\/\/positiveprints.com\/wp-content\/uploads\/2026\/02\/Packshot_PL_Mapa-Twojej-trasy-plakat-personalizowany.webp\"\/>\r\n<label class=\"productTitleCategory\">Mapa Twojej trasy - plakat personalizowany<\/label><a href=\"https:\/\/positiveprints.com\/pl\/gpx-editor?editorTab=design-tab\" class=\"addAnotherButton\">STW\u00d3RZ TERAZ<\/a><\/div>\r\n<\/div><div class=\"creatorDiv\" onclick=\"location.href=''\"><div>\r\n<img decoding=\"async\" class=\"creatorImg\" style=\"margin-left:auto;margin-right:auto\" src=\"\"\/>\r\n<label class=\"productTitleCategory\">Personalizowany portret ze zdj\u0119cia<\/label><a href=\"\" class=\"addAnotherButton\">STW\u00d3RZ TERAZ<\/a><\/div>\r\n<\/div><div class=\"creatorDiv\" onclick=\"location.href='https:\/\/positiveprints.com\/pl\/place-editor?editorTab=design-tab'\"><div>\r\n<img decoding=\"async\" class=\"creatorImg\" style=\"margin-left:auto;margin-right:auto\" src=\"https:\/\/positiveprints.com\/wp-content\/uploads\/2025\/09\/Dom-personalizowany-obraz-akwarela-Packshot_PL_XX.webp\"\/>\r\n<label class=\"productTitleCategory\">Dom - personalizowany obraz ze zdj\u0119cia - akwarela<\/label><a href=\"https:\/\/positiveprints.com\/pl\/place-editor?editorTab=design-tab\" class=\"addAnotherButton\">STW\u00d3RZ TERAZ<\/a><\/div>\r\n<\/div><div class=\"creatorDiv\" onclick=\"location.href='https:\/\/positiveprints.com\/pl\/dog-editor?editorTab=design-tab'\"><div>\r\n<img decoding=\"async\" class=\"creatorImg\" style=\"margin-left:auto;margin-right:auto\" src=\"https:\/\/positiveprints.com\/wp-content\/uploads\/2025\/08\/Packshot_PL_Personalizowany-portret-zwierzaka.webp\"\/>\r\n<label class=\"productTitleCategory\">Personalizowany portret zwierzaka<\/label><a href=\"https:\/\/positiveprints.com\/pl\/dog-editor?editorTab=design-tab\" class=\"addAnotherButton\">STW\u00d3RZ TERAZ<\/a><\/div>\r\n<\/div><\/div>[\/et_pb_text][\/et_pb_column][\/et_pb_row][\/et_pb_section]","protected":false},"excerpt":{"rendered":"<p>[et_pb_section fb_built=&#8221;1&#8243; _builder_version=&#8221;4.4.2&#8243; background_color=&#8221;#F8F6F1&#8243; hover_enabled=&#8221;0&#8243; admin_label=&#8221;ProductCreators&#8221;][et_pb_row _builder_version=&#8221;4.4.2&#8243; custom_padding=&#8221;||0px||false|false&#8221;][et_pb_column type=&#8221;4_4&#8243; _builder_version=&#8221;4.4.2&#8243;][et_pb_text _builder_version=&#8221;4.4.2&#8243;]STW\u00d3RZ, SPERSONALIZUJ I ZAM\u00d3W[\/et_pb_text][\/et_pb_column][\/et_pb_row][et_pb_row _builder_version=&#8221;4.4.2&#8243;][et_pb_column type=&#8221;4_4&#8243; _builder_version=&#8221;4.4.2&#8243;][et_pb_text _builder_version=&#8221;4.4.2&#8243;]Bezp\u0142atna i szybka dostawa na terenie Polski[\/et_pb_text][\/et_pb_column][\/et_pb_row][et_pb_row _builder_version=&#8221;4.4.2&#8243;][et_pb_column type=&#8221;4_4&#8243; _builder_version=&#8221;4.0&#8243;][et_pb_text _builder_version=&#8221;4.4.2&#8243;][\/et_pb_text][\/et_pb_column][\/et_pb_row][\/et_pb_section]<\/p>\n","protected":false},"author":1,"featured_media":0,"parent":0,"menu_order":0,"comment_status":"closed","ping_status":"closed","template":"PRODUCT_CREATORS.php","meta":{"footnotes":""},"class_list":["post-15155","page","type-page","status-publish","hentry"],"yoast_head":"<!-- This site is optimized with the Yoast SEO Premium plugin v27.2 (Yoast SEO v27.2) - https:\/\/yoast.com\/product\/yoast-seo-premium-wordpress\/ -->\n<title>Stw\u00f3rz personalizowany plakat z map\u0105 Twojego ukochanego miejsca - Positive Prints<\/title>\n<meta name=\"description\" content=\"Personalizowane prezenty na ka\u017cd\u0105 okazj\u0119. Konfigurator plakat\u00f3w z map\u0105 miasta, grafiki z Krain\u0105 Wielkich Jezior Mazurskich, edytor faz ksi\u0119\u017cyca dla danej daty.\" \/>\n<meta name=\"robots\" content=\"index, follow, max-snippet:-1, max-image-preview:large, max-video-preview:-1\" \/>\n<link rel=\"canonical\" href=\"https:\/\/positiveprints.com\/pl\/edytory\/\" \/>\n<meta property=\"og:locale\" content=\"pl_PL\" \/>\n<meta property=\"og:type\" content=\"article\" \/>\n<meta property=\"og:title\" content=\"Stw\u00f3rz w\u0142asny plakat online\" \/>\n<meta property=\"og:description\" content=\"STW\u00d3RZ, SPERSONALIZUJ I ZAM\u00d3WBezp\u0142atna i szybka dostawa na terenie Polski\" \/>\n<meta property=\"og:url\" content=\"https:\/\/positiveprints.com\/pl\/edytory\/\" \/>\n<meta property=\"og:site_name\" content=\"Positive Prints\" \/>\n<meta property=\"article:publisher\" content=\"https:\/\/www.facebook.com\/positiveprintscom\" \/>\n<meta property=\"article:modified_time\" content=\"2023-09-19T13:01:44+00:00\" \/>\n<meta property=\"og:image\" content=\"https:\/\/positiveprints.com\/wp-content\/uploads\/2026\/03\/Open-graph-2026-1200x630-1.jpg\" \/>\n\t<meta property=\"og:image:width\" content=\"1200\" \/>\n\t<meta property=\"og:image:height\" content=\"630\" \/>\n\t<meta property=\"og:image:type\" content=\"image\/jpeg\" \/>\n<meta name=\"twitter:card\" content=\"summary_large_image\" \/>\n<meta name=\"twitter:label1\" content=\"Szacowany czas czytania\" \/>\n\t<meta name=\"twitter:data1\" content=\"1 minuta\" \/>\n<!-- \/ Yoast SEO Premium plugin. -->","yoast_head_json":{"title":"Stw\u00f3rz personalizowany plakat z map\u0105 Twojego ukochanego miejsca - Positive Prints","description":"Personalizowane prezenty na ka\u017cd\u0105 okazj\u0119. Konfigurator plakat\u00f3w z map\u0105 miasta, grafiki z Krain\u0105 Wielkich Jezior Mazurskich, edytor faz ksi\u0119\u017cyca dla danej daty.","robots":{"index":"index","follow":"follow","max-snippet":"max-snippet:-1","max-image-preview":"max-image-preview:large","max-video-preview":"max-video-preview:-1"},"canonical":"https:\/\/positiveprints.com\/pl\/edytory\/","og_locale":"pl_PL","og_type":"article","og_title":"Stw\u00f3rz w\u0142asny plakat online","og_description":"STW\u00d3RZ, SPERSONALIZUJ I ZAM\u00d3WBezp\u0142atna i szybka dostawa na terenie Polski","og_url":"https:\/\/positiveprints.com\/pl\/edytory\/","og_site_name":"Positive Prints","article_publisher":"https:\/\/www.facebook.com\/positiveprintscom","article_modified_time":"2023-09-19T13:01:44+00:00","og_image":[{"width":1200,"height":630,"url":"https:\/\/positiveprints.com\/wp-content\/uploads\/2026\/03\/Open-graph-2026-1200x630-1.jpg","type":"image\/jpeg"}],"twitter_card":"summary_large_image","twitter_misc":{"Szacowany czas czytania":"1 minuta"},"schema":{"@context":"https:\/\/schema.org","@graph":[{"@type":"WebPage","@id":"https:\/\/positiveprints.com\/pl\/edytory\/","url":"https:\/\/positiveprints.com\/pl\/edytory\/","name":"Stw\u00f3rz personalizowany plakat z map\u0105 Twojego ukochanego miejsca - Positive Prints","isPartOf":{"@id":"https:\/\/positiveprints.com\/pl\/#website"},"datePublished":"2020-06-12T11:11:20+00:00","dateModified":"2023-09-19T13:01:44+00:00","description":"Personalizowane prezenty na ka\u017cd\u0105 okazj\u0119. Konfigurator plakat\u00f3w z map\u0105 miasta, grafiki z Krain\u0105 Wielkich Jezior Mazurskich, edytor faz ksi\u0119\u017cyca dla danej daty.","breadcrumb":{"@id":"https:\/\/positiveprints.com\/pl\/edytory\/#breadcrumb"},"inLanguage":"pl-PL","potentialAction":[{"@type":"ReadAction","target":["https:\/\/positiveprints.com\/pl\/edytory\/"]}]},{"@type":"BreadcrumbList","@id":"https:\/\/positiveprints.com\/pl\/edytory\/#breadcrumb","itemListElement":[{"@type":"ListItem","position":1,"name":"Home","item":"https:\/\/positiveprints.com\/pl\/"},{"@type":"ListItem","position":2,"name":"Stw\u00f3rz w\u0142asny plakat online"}]},{"@type":"WebSite","@id":"https:\/\/positiveprints.com\/pl\/#website","url":"https:\/\/positiveprints.com\/pl\/","name":"Positive Prints","description":"Amazing Custom Personalized Gifts","publisher":{"@id":"https:\/\/positiveprints.com\/pl\/#organization"},"potentialAction":[{"@type":"SearchAction","target":{"@type":"EntryPoint","urlTemplate":"https:\/\/positiveprints.com\/pl\/?s={search_term_string}"},"query-input":{"@type":"PropertyValueSpecification","valueRequired":true,"valueName":"search_term_string"}}],"inLanguage":"pl-PL"},{"@type":"Organization","@id":"https:\/\/positiveprints.com\/pl\/#organization","name":"Positive Prints","alternateName":"Positive Prints","url":"https:\/\/positiveprints.com\/pl\/","logo":{"@type":"ImageObject","inLanguage":"pl-PL","@id":"https:\/\/positiveprints.com\/pl\/#\/schema\/logo\/image\/","url":"https:\/\/positiveprints.com\/wp-content\/uploads\/2026\/03\/245815646_1337939713319158_5671353136411139666_n.png","contentUrl":"https:\/\/positiveprints.com\/wp-content\/uploads\/2026\/03\/245815646_1337939713319158_5671353136411139666_n.png","width":800,"height":800,"caption":"Positive Prints"},"image":{"@id":"https:\/\/positiveprints.com\/pl\/#\/schema\/logo\/image\/"},"sameAs":["https:\/\/www.facebook.com\/positiveprintscom","https:\/\/www.instagram.com\/positiveprintscom\/","https:\/\/www.tiktok.com\/@positiveprintscom","https:\/\/www.pinterest.com\/positiveprintscom\/"]}]}},"jetpack_sharing_enabled":true,"_links":{"self":[{"href":"https:\/\/positiveprints.com\/pl\/wp-json\/wp\/v2\/pages\/15155","targetHints":{"allow":["GET"]}}],"collection":[{"href":"https:\/\/positiveprints.com\/pl\/wp-json\/wp\/v2\/pages"}],"about":[{"href":"https:\/\/positiveprints.com\/pl\/wp-json\/wp\/v2\/types\/page"}],"author":[{"embeddable":true,"href":"https:\/\/positiveprints.com\/pl\/wp-json\/wp\/v2\/users\/1"}],"replies":[{"embeddable":true,"href":"https:\/\/positiveprints.com\/pl\/wp-json\/wp\/v2\/comments?post=15155"}],"version-history":[{"count":0,"href":"https:\/\/positiveprints.com\/pl\/wp-json\/wp\/v2\/pages\/15155\/revisions"}],"wp:attachment":[{"href":"https:\/\/positiveprints.com\/pl\/wp-json\/wp\/v2\/media?parent=15155"}],"curies":[{"name":"wp","href":"https:\/\/api.w.org\/{rel}","templated":true}]}}