{"id":15054,"date":"2020-04-28T18:17:56","date_gmt":"2020-04-28T18:17:56","guid":{"rendered":"https:\/\/positiveprints.com\/main-page\/"},"modified":"2026-03-27T22:01:04","modified_gmt":"2026-03-27T21:01:04","slug":"main-page","status":"publish","type":"page","link":"https:\/\/positiveprints.com\/pl\/","title":{"rendered":"Main Page"},"content":{"rendered":"[et_pb_section fb_built=&#8221;1&#8243; _builder_version=&#8221;3.29.3&#8243; use_background_color_gradient=&#8221;on&#8221; background_color_gradient_start=&#8221;rgba(247,247,247,0)&#8221; background_color_gradient_end=&#8221;rgba(12,12,12,0.74)&#8221; background_color_gradient_type=&#8221;radial&#8221; background_color_gradient_start_position=&#8221;16%&#8221; background_color_gradient_end_position=&#8221;76%&#8221; background_color_gradient_overlays_image=&#8221;on&#8221; background_image=&#8221;http:\/\/thepositiveprints.pl\/wp-content\/uploads\/2019\/10\/MainImage.jpg&#8221; custom_padding=&#8221;|||3px||&#8221; custom_css_main_element=&#8221;min-height:88vh&#8221;][et_pb_row _builder_version=&#8221;3.29.3&#8243; width=&#8221;100%&#8221; module_alignment=&#8221;center&#8221; custom_margin=&#8221;5%||||false|false&#8221;][et_pb_column type=&#8221;4_4&#8243; _builder_version=&#8221;3.29.3&#8243;][et_pb_text _builder_version=&#8221;3.29.3&#8243; text_font=&#8221;Josefin Sans|700|||||||&#8221; text_text_color=&#8221;#ffffff&#8221; text_font_size=&#8221;50px&#8221; header_font=&#8221;Josefin Sans|700|||||||&#8221; header_text_align=&#8221;center&#8221; header_text_color=&#8221;#ffffff&#8221; header_font_size=&#8221;50px&#8221; text_orientation=&#8221;center&#8221; width=&#8221;100%&#8221; custom_margin=&#8221;||3%||false|true&#8221; custom_padding=&#8221;||1.5%||false|false&#8221; border_width_bottom=&#8221;3px&#8221; border_color_bottom=&#8221;rgba(255,255,255,0.7)&#8221;]<h1>MAKE YOUR CUSTOM PRINT<\/h1>[\/et_pb_text][et_pb_text _builder_version=&#8221;3.29.3&#8243; text_font=&#8221;Open Sans|600|||||||&#8221; text_text_color=&#8221;#ffffff&#8221; text_font_size=&#8221;21px&#8221; text_orientation=&#8221;center&#8221; width=&#8221;80%&#8221; custom_margin=&#8221;|10%||10%|false|true&#8221;]<p>Your content goes here. Edit or remove this text inline or in the module Content settings. You can also style every aspect of this content in the module Design settings and even apply custom CSS to this text in the module Advanced settings.<\/p>[\/et_pb_text][et_pb_button button_text=&#8221;LET&#8217;S DO IT&#8221; button_alignment=&#8221;center&#8221; _builder_version=&#8221;3.29.3&#8243; custom_button=&#8221;on&#8221; button_text_color=&#8221;#ffffff&#8221; button_bg_color=&#8221;#E36C68&#8243; button_border_width=&#8221;7px&#8221; button_border_color=&#8221;#E36C68&#8243; custom_margin=&#8221;5%||||false|false&#8221; custom_padding=&#8221;|10%||10%|false|false&#8221;][\/et_pb_button][\/et_pb_column][\/et_pb_row][\/et_pb_section][et_pb_section fb_built=&#8221;1&#8243; _builder_version=&#8221;3.29.3&#8243;][et_pb_row column_structure=&#8221;1_4,1_4,1_4,1_4&#8243; _builder_version=&#8221;3.29.3&#8243; width=&#8221;100%&#8221;][et_pb_column type=&#8221;1_4&#8243; _builder_version=&#8221;3.29.3&#8243;][et_pb_image src=&#8221;http:\/\/thepositiveprints.pl\/wp-content\/uploads\/2019\/10\/k\u0142\u00f3dka.png&#8221; align=&#8221;center&#8221; _builder_version=&#8221;3.29.3&#8243;][\/et_pb_image][et_pb_text _builder_version=&#8221;3.29.3&#8243; text_font_size=&#8221;15px&#8221; header_4_font=&#8221;Josefin Sans|700|||||||&#8221; header_4_text_color=&#8221;#000000&#8243; header_4_font_size=&#8221;15px&#8221; text_orientation=&#8221;center&#8221; custom_margin=&#8221;||5%||false|false&#8221; border_width_bottom=&#8221;2px&#8221; border_color_bottom=&#8221;#85CCCD&#8221;]<h4>SAFE &amp; SECURE PAYMENTS<\/h4>[\/et_pb_text][et_pb_text _builder_version=&#8221;3.29.3&#8243; text_font=&#8221;Josefin Sans||||||||&#8221; text_text_color=&#8221;#000000&#8243; text_orientation=&#8221;center&#8221;]<p>Lorem ipsum dolor sit amet, consectetur adipiscing elit, sed do eiusmod tempor<\/p>[\/et_pb_text][\/et_pb_column][et_pb_column type=&#8221;1_4&#8243; _builder_version=&#8221;3.29.3&#8243;][et_pb_image src=&#8221;http:\/\/thepositiveprints.pl\/wp-content\/uploads\/2019\/10\/globus.png&#8221; align=&#8221;center&#8221; _builder_version=&#8221;3.29.3&#8243;][\/et_pb_image][et_pb_text _builder_version=&#8221;3.29.3&#8243; text_font_size=&#8221;15px&#8221; header_4_font=&#8221;Josefin Sans|700|||||||&#8221; header_4_text_color=&#8221;#000000&#8243; header_4_font_size=&#8221;15px&#8221; text_orientation=&#8221;center&#8221; custom_margin=&#8221;||5%||false|false&#8221; border_width_bottom=&#8221;2px&#8221; border_color_bottom=&#8221;#85CCCD&#8221;]<h4>FREE WORLDWIDE SHIPPING<\/h4>[\/et_pb_text][et_pb_text _builder_version=&#8221;3.29.3&#8243; text_font=&#8221;Josefin Sans||||||||&#8221; text_text_color=&#8221;#000000&#8243; text_orientation=&#8221;center&#8221;]<p>Lorem ipsum dolor sit amet, consectetur adipiscing elit, sed do eiusmod tempor<\/p>[\/et_pb_text][\/et_pb_column][et_pb_column type=&#8221;1_4&#8243; _builder_version=&#8221;3.29.3&#8243;][et_pb_image src=&#8221;http:\/\/thepositiveprints.pl\/wp-content\/uploads\/2019\/10\/certyfikat.png&#8221; align=&#8221;center&#8221; _builder_version=&#8221;3.29.3&#8243;][\/et_pb_image][et_pb_text _builder_version=&#8221;3.29.3&#8243; text_font_size=&#8221;15px&#8221; header_4_font=&#8221;Josefin Sans|700|||||||&#8221; header_4_text_color=&#8221;#000000&#8243; header_4_font_size=&#8221;15px&#8221; text_orientation=&#8221;center&#8221; custom_margin=&#8221;||5%||false|false&#8221; border_width_bottom=&#8221;2px&#8221; border_color_bottom=&#8221;#85CCCD&#8221;]<h4>5 STARS RATING<\/h4>[\/et_pb_text][et_pb_text _builder_version=&#8221;3.29.3&#8243; text_font=&#8221;Josefin Sans||||||||&#8221; text_text_color=&#8221;#000000&#8243; text_orientation=&#8221;center&#8221;]<p>Lorem ipsum dolor sit amet, consectetur adipiscing elit, sed do eiusmod tempor<\/p>[\/et_pb_text][\/et_pb_column][et_pb_column type=&#8221;1_4&#8243; _builder_version=&#8221;3.29.3&#8243;][et_pb_image src=&#8221;http:\/\/thepositiveprints.pl\/wp-content\/uploads\/2019\/10\/prezent.png&#8221; align=&#8221;center&#8221; _builder_version=&#8221;3.29.3&#8243;][\/et_pb_image][et_pb_text _builder_version=&#8221;3.29.3&#8243; text_font_size=&#8221;15px&#8221; header_4_font=&#8221;Josefin Sans|700|||||||&#8221; header_4_text_color=&#8221;#000000&#8243; header_4_font_size=&#8221;15px&#8221; text_orientation=&#8221;center&#8221; custom_margin=&#8221;||5%||false|false&#8221; border_width_bottom=&#8221;2px&#8221; border_color_bottom=&#8221;#85CCCD&#8221;]<h4>THE PERFECT GIFT<\/h4>[\/et_pb_text][et_pb_text _builder_version=&#8221;3.29.3&#8243; text_font=&#8221;Josefin Sans||||||||&#8221; text_text_color=&#8221;#000000&#8243; text_orientation=&#8221;center&#8221;]<p>Lorem ipsum dolor sit amet, consectetur adipiscing elit, sed do eiusmod tempor<\/p>[\/et_pb_text][\/et_pb_column][\/et_pb_row][\/et_pb_section][et_pb_section fb_built=&#8221;1&#8243; _builder_version=&#8221;3.29.3&#8243; background_color=&#8221;#000000&#8243;][et_pb_row _builder_version=&#8221;3.29.3&#8243; custom_padding=&#8221;||1.5%||false|false&#8221;][et_pb_column type=&#8221;4_4&#8243; _builder_version=&#8221;3.29.3&#8243;][et_pb_text module_id=&#8221;discountDiv&#8221; _builder_version=&#8221;3.29.3&#8243; text_font=&#8221;Open Sans|700|||||||&#8221; text_text_color=&#8221;#ffffff&#8221; text_orientation=&#8221;center&#8221;]<p id=\"get\" style=\"display:inline;font-size:20px\"> RABAT <\/p>\n<p style=\"display:inline;\" id=\"bigDiscount\">-20% <\/p>\n<p id=\"threeItems\" style=\"display:inline;font-size:20px\">przy zakupie 3 produkt\u00f3w lub <\/p>\n<p style=\"display:inline;\" id=\"smallDiscount\">-25% <\/p>\n<p id=\"secondItem\" style=\"display:inline;font-size:20px\">na drugi produkt<\/p>[\/et_pb_text][\/et_pb_column][\/et_pb_row][\/et_pb_section][et_pb_section fb_built=&#8221;1&#8243; _builder_version=&#8221;3.29.3&#8243;][et_pb_row _builder_version=&#8221;3.29.3&#8243;][et_pb_column type=&#8221;4_4&#8243; _builder_version=&#8221;3.29.3&#8243;][et_pb_text _builder_version=&#8221;3.29.3&#8243; header_2_font=&#8221;Josefin Sans|700|||||||&#8221; header_2_font_size=&#8221;31px&#8221; text_orientation=&#8221;center&#8221;]<h2>WHAT&#8217;S HOT<\/h2>[\/et_pb_text][\/et_pb_column][\/et_pb_row][et_pb_row column_structure=&#8221;1_4,1_4,1_4,1_4&#8243; _builder_version=&#8221;3.29.3&#8243; width=&#8221;100%&#8221;][et_pb_column type=&#8221;1_4&#8243; _builder_version=&#8221;3.29.3&#8243; background_color=&#8221;#ffffff&#8221; custom_padding=&#8221;||||false|false&#8221; border_radii=&#8221;on|5px|5px|5px|5px&#8221; box_shadow_style=&#8221;preset1&#8243; box_shadow_blur=&#8221;35px&#8221; box_shadow_color=&#8221;#85CCCD&#8221;][et_pb_image src=&#8221;http:\/\/thepositiveprints.pl\/wp-content\/uploads\/woocommerce-placeholder.png&#8221; _builder_version=&#8221;3.29.3&#8243;][\/et_pb_image][et_pb_text _builder_version=&#8221;3.29.3&#8243; text_font_size=&#8221;15px&#8221; header_4_font=&#8221;Josefin Sans|700|||||||&#8221; header_4_text_color=&#8221;#000000&#8243; header_4_font_size=&#8221;15px&#8221; text_orientation=&#8221;center&#8221; custom_margin=&#8221;|10%|5%|10%|false|true&#8221; custom_padding=&#8221;15px||||false|false&#8221; border_width_bottom=&#8221;1px&#8221; border_color_bottom=&#8221;#000000&#8243;]<h4>SAFE &amp; SECURE PAYMENTS<\/h4>[\/et_pb_text][et_pb_text _builder_version=&#8221;3.29.3&#8243; text_font=&#8221;Josefin Sans||||||||&#8221; text_text_color=&#8221;#000000&#8243; custom_padding=&#8221;|10%||10%|false|true&#8221;]<p>Lorem ipsum dolor sit amet, consectetur adipiscing elit, sed do eiusmod tempor<\/p>[\/et_pb_text][et_pb_button button_text=&#8221;CREATE YOURS&#8221; button_alignment=&#8221;center&#8221; _builder_version=&#8221;3.29.3&#8243; custom_button=&#8221;on&#8221; button_text_size=&#8221;14px&#8221; button_text_color=&#8221;#ffffff&#8221; button_bg_color=&#8221;#E36C68&#8243; button_border_width=&#8221;3px&#8221; button_border_color=&#8221;#E36C68&#8243; custom_margin=&#8221;-6%||11%||false|false&#8221; custom_padding=&#8221;||||false|false&#8221;][\/et_pb_button][\/et_pb_column][et_pb_column type=&#8221;1_4&#8243; _builder_version=&#8221;3.29.3&#8243; background_color=&#8221;#ffffff&#8221; custom_padding=&#8221;||||false|false&#8221; border_radii=&#8221;on|5px|5px|5px|5px&#8221; box_shadow_style=&#8221;preset1&#8243; box_shadow_blur=&#8221;35px&#8221; box_shadow_color=&#8221;#85CCCD&#8221;][et_pb_image src=&#8221;http:\/\/thepositiveprints.pl\/wp-content\/uploads\/woocommerce-placeholder.png&#8221; _builder_version=&#8221;3.29.3&#8243;][\/et_pb_image][et_pb_text _builder_version=&#8221;3.29.3&#8243; text_font_size=&#8221;15px&#8221; header_4_font=&#8221;Josefin Sans|700|||||||&#8221; header_4_text_color=&#8221;#000000&#8243; header_4_font_size=&#8221;15px&#8221; text_orientation=&#8221;center&#8221; custom_margin=&#8221;|10%|5%|10%|false|true&#8221; custom_padding=&#8221;15px||||false|false&#8221; border_width_bottom=&#8221;1px&#8221; border_color_bottom=&#8221;#000000&#8243;]<h4>SAFE &amp; SECURE PAYMENTS<\/h4>[\/et_pb_text][et_pb_text _builder_version=&#8221;3.29.3&#8243; text_font=&#8221;Josefin Sans||||||||&#8221; text_text_color=&#8221;#000000&#8243; custom_padding=&#8221;|10%||10%|false|true&#8221;]<p>Lorem ipsum dolor sit amet, consectetur adipiscing elit, sed do eiusmod tempor<\/p>[\/et_pb_text][et_pb_button button_text=&#8221;CREATE YOURS&#8221; button_alignment=&#8221;center&#8221; _builder_version=&#8221;3.29.3&#8243; custom_button=&#8221;on&#8221; button_text_size=&#8221;14px&#8221; button_text_color=&#8221;#ffffff&#8221; button_bg_color=&#8221;#E36C68&#8243; button_border_width=&#8221;3px&#8221; button_border_color=&#8221;#E36C68&#8243; custom_margin=&#8221;-6%||11%||false|false&#8221; custom_padding=&#8221;||||false|false&#8221;][\/et_pb_button][\/et_pb_column][et_pb_column type=&#8221;1_4&#8243; _builder_version=&#8221;3.29.3&#8243; background_color=&#8221;#ffffff&#8221; custom_padding=&#8221;||||false|false&#8221; border_radii=&#8221;on|5px|5px|5px|5px&#8221; box_shadow_style=&#8221;preset1&#8243; box_shadow_blur=&#8221;35px&#8221; box_shadow_color=&#8221;#85CCCD&#8221;][et_pb_image src=&#8221;http:\/\/thepositiveprints.pl\/wp-content\/uploads\/woocommerce-placeholder.png&#8221; _builder_version=&#8221;3.29.3&#8243;][\/et_pb_image][et_pb_text _builder_version=&#8221;3.29.3&#8243; text_font_size=&#8221;15px&#8221; header_4_font=&#8221;Josefin Sans|700|||||||&#8221; header_4_text_color=&#8221;#000000&#8243; header_4_font_size=&#8221;15px&#8221; text_orientation=&#8221;center&#8221; custom_margin=&#8221;|10%|5%|10%|false|true&#8221; custom_padding=&#8221;15px||||false|false&#8221; border_width_bottom=&#8221;1px&#8221; border_color_bottom=&#8221;#000000&#8243;]<h4>SAFE &amp; SECURE PAYMENTS<\/h4>[\/et_pb_text][et_pb_text _builder_version=&#8221;3.29.3&#8243; text_font=&#8221;Josefin Sans||||||||&#8221; text_text_color=&#8221;#000000&#8243; custom_padding=&#8221;|10%||10%|false|true&#8221;]<p>Lorem ipsum dolor sit amet, consectetur adipiscing elit, sed do eiusmod tempor<\/p>[\/et_pb_text][et_pb_button button_text=&#8221;CREATE YOURS&#8221; button_alignment=&#8221;center&#8221; _builder_version=&#8221;3.29.3&#8243; custom_button=&#8221;on&#8221; button_text_size=&#8221;14px&#8221; button_text_color=&#8221;#ffffff&#8221; button_bg_color=&#8221;#E36C68&#8243; button_border_width=&#8221;3px&#8221; button_border_color=&#8221;#E36C68&#8243; custom_margin=&#8221;-6%||11%||false|false&#8221; custom_padding=&#8221;||||false|false&#8221;][\/et_pb_button][\/et_pb_column][et_pb_column type=&#8221;1_4&#8243; _builder_version=&#8221;3.29.3&#8243; background_color=&#8221;#ffffff&#8221; custom_padding=&#8221;||||false|false&#8221; border_radii=&#8221;on|5px|5px|5px|5px&#8221; box_shadow_style=&#8221;preset1&#8243; box_shadow_blur=&#8221;35px&#8221; box_shadow_color=&#8221;#85CCCD&#8221;][et_pb_image src=&#8221;http:\/\/thepositiveprints.pl\/wp-content\/uploads\/woocommerce-placeholder.png&#8221; _builder_version=&#8221;3.29.3&#8243;][\/et_pb_image][et_pb_text _builder_version=&#8221;3.29.3&#8243; text_font_size=&#8221;15px&#8221; header_4_font=&#8221;Josefin Sans|700|||||||&#8221; header_4_text_color=&#8221;#000000&#8243; header_4_font_size=&#8221;15px&#8221; text_orientation=&#8221;center&#8221; custom_margin=&#8221;|10%|5%|10%|false|true&#8221; custom_padding=&#8221;15px||||false|false&#8221; border_width_bottom=&#8221;1px&#8221; border_color_bottom=&#8221;#000000&#8243;]<h4>SAFE &amp; SECURE PAYMENTS<\/h4>[\/et_pb_text][et_pb_text _builder_version=&#8221;3.29.3&#8243; text_font=&#8221;Josefin Sans||||||||&#8221; text_text_color=&#8221;#000000&#8243; custom_padding=&#8221;|10%||10%|false|true&#8221;]<p>Lorem ipsum dolor sit amet, consectetur adipiscing elit, sed do eiusmod tempor<\/p>[\/et_pb_text][et_pb_button button_text=&#8221;CREATE YOURS&#8221; button_alignment=&#8221;center&#8221; _builder_version=&#8221;3.29.3&#8243; custom_button=&#8221;on&#8221; button_text_size=&#8221;14px&#8221; button_text_color=&#8221;#ffffff&#8221; button_bg_color=&#8221;#E36C68&#8243; button_border_width=&#8221;3px&#8221; button_border_color=&#8221;#E36C68&#8243; custom_margin=&#8221;-6%||11%||false|false&#8221; custom_padding=&#8221;||||false|false&#8221;][\/et_pb_button][\/et_pb_column][\/et_pb_row][\/et_pb_section][et_pb_section fb_built=&#8221;1&#8243; _builder_version=&#8221;3.29.3&#8243; background_color=&#8221;#FCFAF7&#8243;][et_pb_row _builder_version=&#8221;3.29.3&#8243;][et_pb_column type=&#8221;4_4&#8243; _builder_version=&#8221;3.29.3&#8243;][et_pb_text _builder_version=&#8221;3.29.3&#8243; header_2_font=&#8221;Josefin Sans|700|||||||&#8221; header_2_font_size=&#8221;31px&#8221; text_orientation=&#8221;center&#8221;]<h2 style=\"display:inline\">OUR INSTAGRAM<\/h2><p style=\"display:inline; font-family:'Josefin Sans'; font-size:21px; margin-left: 10px\"><u>Follow us<\/u><\/p>[\/et_pb_text][et_pb_text _builder_version=&#8221;3.29.3&#8243;]\t[iscwp-slider username=&#8221;instagram&#8221;][\/et_pb_text][\/et_pb_column][\/et_pb_row][\/et_pb_section][et_pb_section fb_built=&#8221;1&#8243; _builder_version=&#8221;3.29.3&#8243; background_color=&#8221;#FCFAF7&#8243; background_image=&#8221;http:\/\/thepositiveprints.pl\/wp-content\/uploads\/2019\/10\/71847833_2417858421662489_6142891685366988800_n.png&#8221; custom_margin=&#8221;||||false|false&#8221; custom_padding=&#8221;10%||||false|false&#8221;][et_pb_row _builder_version=&#8221;3.29.3&#8243; custom_margin=&#8221;-6%||||false|false&#8221;][et_pb_column type=&#8221;4_4&#8243; _builder_version=&#8221;3.29.3&#8243;][et_pb_text _builder_version=&#8221;3.29.3&#8243; text_orientation=&#8221;center&#8221;]<p id=\"beTheFirst\">Be the first to know<\/p>\n<p id=\"beTheFirstDiscount\">about our discounts and sales<\/p>[\/et_pb_text][\/et_pb_column][\/et_pb_row][\/et_pb_section][et_pb_section fb_built=&#8221;1&#8243; _builder_version=&#8221;4.0&#8243;][et_pb_row _builder_version=&#8221;4.0&#8243; hover_enabled=&#8221;0&#8243;][et_pb_column _builder_version=&#8221;4.0&#8243; type=&#8221;4_4&#8243;][et_pb_shop _builder_version=&#8221;4.0&#8243; hover_enabled=&#8221;0&#8243; type=&#8221;product_category&#8221; include_categories=&#8221;all&#8221;][\/et_pb_shop][\/et_pb_column][\/et_pb_row][\/et_pb_section][et_pb_section fb_built=&#8221;1&#8243; _builder_version=&#8221;3.29.3&#8243; background_color=&#8221;#FCFAF7&#8243;][et_pb_row _builder_version=&#8221;3.29.3&#8243;][et_pb_column type=&#8221;4_4&#8243; _builder_version=&#8221;3.29.3&#8243;][et_pb_signup mailchimp_list=&#8221;sebbs121|c6066e4304&#8243; layout=&#8221;bottom_top&#8221; first_name_field=&#8221;off&#8221; last_name_field=&#8221;off&#8221; button_text=&#8221;SUBSCRIBE&#8221; _builder_version=&#8221;3.29.3&#8243; background_color=&#8221;rgba(0,0,0,0)&#8221; custom_button=&#8221;on&#8221; button_text_size=&#8221;21px&#8221; button_bg_color=&#8221;#E36C68&#8243; button_border_width=&#8221;10px&#8221; button_border_color=&#8221;#E36C68&#8243; button_border_radius=&#8221;5px&#8221; button_font=&#8221;Open Sans|700|||||||&#8221; button_custom_padding=&#8221;5px|5px|5px|5px|true|true&#8221; button_text__hover_enabled=&#8221;on|desktop&#8221;][\/et_pb_signup][\/et_pb_column][\/et_pb_row][\/et_pb_section]","protected":false},"excerpt":{"rendered":"","protected":false},"author":1,"featured_media":0,"parent":0,"menu_order":0,"comment_status":"closed","ping_status":"closed","template":"index.php","meta":{"footnotes":""},"class_list":["post-15054","page","type-page","status-publish","hentry"],"yoast_head":"<!-- This site is optimized with the Yoast SEO Premium plugin v27.2 (Yoast SEO v27.2) - https:\/\/yoast.com\/product\/yoast-seo-premium-wordpress\/ -->\n<title>Positive Prints - Podaruj wyj\u0105tkowy prezent<\/title>\n<meta name=\"description\" content=\"Podaruj wyj\u0105tkowy prezent z Positive Prints. Personalizowane prezenty najwy\u017cszej jako\u015bci \u2013 mapa gwiazd, mapy personalizowane i plakaty faz ksi\u0119\u017cyca.\" \/>\n<meta name=\"robots\" content=\"index, follow, max-snippet:-1, max-image-preview:large, max-video-preview:-1\" \/>\n<link rel=\"canonical\" href=\"https:\/\/positiveprints.com\/pl\/\" \/>\n<meta property=\"og:locale\" content=\"pl_PL\" \/>\n<meta property=\"og:type\" content=\"article\" \/>\n<meta property=\"og:title\" content=\"Positive Prints - Podaruj wyj\u0105tkowy prezent\" \/>\n<meta property=\"og:description\" content=\"Podaruj wyj\u0105tkowy prezent z Positive Prints. Personalizowane prezenty najwy\u017cszej jako\u015bci \u2013 mapa gwiazd, mapy personalizowane i plakaty faz ksi\u0119\u017cyca.\" \/>\n<meta property=\"og:url\" content=\"https:\/\/positiveprints.com\/pl\/\" \/>\n<meta property=\"og:site_name\" content=\"Positive Prints\" \/>\n<meta property=\"article:publisher\" content=\"https:\/\/www.facebook.com\/positiveprintscom\" \/>\n<meta property=\"article:modified_time\" content=\"2026-03-27T21:01:04+00:00\" \/>\n<meta property=\"og:image\" content=\"https:\/\/positiveprints.com\/wp-content\/uploads\/2026\/03\/Open-graph-2026-1200x630-1.jpg\" \/>\n\t<meta property=\"og:image:width\" content=\"1200\" \/>\n\t<meta property=\"og:image:height\" content=\"630\" \/>\n\t<meta property=\"og:image:type\" content=\"image\/jpeg\" \/>\n<meta name=\"twitter:card\" content=\"summary_large_image\" \/>\n<meta name=\"twitter:title\" content=\"Main Page\" \/>\n<meta name=\"twitter:description\" content=\"MAKE YOUR CUSTOM PRINTYour content goes here. Edit or remove this text inline or in the module Content settings. You can also style every aspect of this\" \/>\n<meta name=\"twitter:label1\" content=\"Szacowany czas czytania\" \/>\n\t<meta name=\"twitter:data1\" content=\"3 minuty\" \/>\n<!-- \/ Yoast SEO Premium plugin. -->","yoast_head_json":{"title":"Positive Prints - Podaruj wyj\u0105tkowy prezent","description":"Podaruj wyj\u0105tkowy prezent z Positive Prints. Personalizowane prezenty najwy\u017cszej jako\u015bci \u2013 mapa gwiazd, mapy personalizowane i plakaty faz ksi\u0119\u017cyca.","robots":{"index":"index","follow":"follow","max-snippet":"max-snippet:-1","max-image-preview":"max-image-preview:large","max-video-preview":"max-video-preview:-1"},"canonical":"https:\/\/positiveprints.com\/pl\/","og_locale":"pl_PL","og_type":"article","og_title":"Positive Prints - Podaruj wyj\u0105tkowy prezent","og_description":"Podaruj wyj\u0105tkowy prezent z Positive Prints. Personalizowane prezenty najwy\u017cszej jako\u015bci \u2013 mapa gwiazd, mapy personalizowane i plakaty faz ksi\u0119\u017cyca.","og_url":"https:\/\/positiveprints.com\/pl\/","og_site_name":"Positive Prints","article_publisher":"https:\/\/www.facebook.com\/positiveprintscom","article_modified_time":"2026-03-27T21:01:04+00:00","og_image":[{"width":1200,"height":630,"url":"https:\/\/positiveprints.com\/wp-content\/uploads\/2026\/03\/Open-graph-2026-1200x630-1.jpg","type":"image\/jpeg"}],"twitter_card":"summary_large_image","twitter_title":"Main Page","twitter_description":"MAKE YOUR CUSTOM PRINTYour content goes here. Edit or remove this text inline or in the module Content settings. You can also style every aspect of this","twitter_misc":{"Szacowany czas czytania":"3 minuty"},"schema":{"@context":"https:\/\/schema.org","@graph":[{"@type":"WebPage","@id":"https:\/\/positiveprints.com\/pl\/","url":"https:\/\/positiveprints.com\/pl\/","name":"Positive Prints - Podaruj wyj\u0105tkowy prezent","isPartOf":{"@id":"https:\/\/positiveprints.com\/pl\/#website"},"datePublished":"2020-04-28T18:17:56+00:00","dateModified":"2026-03-27T21:01:04+00:00","description":"Podaruj wyj\u0105tkowy prezent z Positive Prints. Personalizowane prezenty najwy\u017cszej jako\u015bci \u2013 mapa gwiazd, mapy personalizowane i plakaty faz ksi\u0119\u017cyca.","breadcrumb":{"@id":"https:\/\/positiveprints.com\/pl\/#breadcrumb"},"inLanguage":"pl-PL","potentialAction":[{"@type":"ReadAction","target":["https:\/\/positiveprints.com\/pl\/"]}]},{"@type":"BreadcrumbList","@id":"https:\/\/positiveprints.com\/pl\/#breadcrumb","itemListElement":[{"@type":"ListItem","position":1,"name":"Home","item":"https:\/\/positiveprints.com\/pl\/"},{"@type":"ListItem","position":2,"name":"Main Page"}]},{"@type":"WebSite","@id":"https:\/\/positiveprints.com\/pl\/#website","url":"https:\/\/positiveprints.com\/pl\/","name":"Positive Prints","description":"Amazing Custom Personalized Gifts","publisher":{"@id":"https:\/\/positiveprints.com\/pl\/#organization"},"potentialAction":[{"@type":"SearchAction","target":{"@type":"EntryPoint","urlTemplate":"https:\/\/positiveprints.com\/pl\/?s={search_term_string}"},"query-input":{"@type":"PropertyValueSpecification","valueRequired":true,"valueName":"search_term_string"}}],"inLanguage":"pl-PL"},{"@type":"Organization","@id":"https:\/\/positiveprints.com\/pl\/#organization","name":"Positive Prints","alternateName":"Positive Prints","url":"https:\/\/positiveprints.com\/pl\/","logo":{"@type":"ImageObject","inLanguage":"pl-PL","@id":"https:\/\/positiveprints.com\/pl\/#\/schema\/logo\/image\/","url":"https:\/\/positiveprints.com\/wp-content\/uploads\/2026\/03\/245815646_1337939713319158_5671353136411139666_n.png","contentUrl":"https:\/\/positiveprints.com\/wp-content\/uploads\/2026\/03\/245815646_1337939713319158_5671353136411139666_n.png","width":800,"height":800,"caption":"Positive Prints"},"image":{"@id":"https:\/\/positiveprints.com\/pl\/#\/schema\/logo\/image\/"},"sameAs":["https:\/\/www.facebook.com\/positiveprintscom","https:\/\/www.instagram.com\/positiveprintscom\/","https:\/\/www.tiktok.com\/@positiveprintscom","https:\/\/www.pinterest.com\/positiveprintscom\/"]}]}},"jetpack_sharing_enabled":true,"_links":{"self":[{"href":"https:\/\/positiveprints.com\/pl\/wp-json\/wp\/v2\/pages\/15054","targetHints":{"allow":["GET"]}}],"collection":[{"href":"https:\/\/positiveprints.com\/pl\/wp-json\/wp\/v2\/pages"}],"about":[{"href":"https:\/\/positiveprints.com\/pl\/wp-json\/wp\/v2\/types\/page"}],"author":[{"embeddable":true,"href":"https:\/\/positiveprints.com\/pl\/wp-json\/wp\/v2\/users\/1"}],"replies":[{"embeddable":true,"href":"https:\/\/positiveprints.com\/pl\/wp-json\/wp\/v2\/comments?post=15054"}],"version-history":[{"count":0,"href":"https:\/\/positiveprints.com\/pl\/wp-json\/wp\/v2\/pages\/15054\/revisions"}],"wp:attachment":[{"href":"https:\/\/positiveprints.com\/pl\/wp-json\/wp\/v2\/media?parent=15054"}],"curies":[{"name":"wp","href":"https:\/\/api.w.org\/{rel}","templated":true}]}}