{"id":1480885,"date":"2023-11-16T07:14:54","date_gmt":"2023-11-16T06:14:54","guid":{"rendered":"https:\/\/positiveprints.com\/jewelry-care\/"},"modified":"2025-07-30T23:33:29","modified_gmt":"2025-07-30T21:33:29","slug":"pielegnacja-bizuterii","status":"publish","type":"page","link":"https:\/\/positiveprints.com\/pl\/pielegnacja-bizuterii\/","title":{"rendered":"Jewelry Care"},"content":{"rendered":"<h2 class=\"wp-block-heading grenB\" id=\"h-jak-dbac-o-bizuterie-positive-prints\"><strong>Jak dba\u0107 o bi\u017cuteri\u0119 Positive Prints?<\/strong><\/h2><div style=\"height:20px\" aria-hidden=\"true\" class=\"wp-block-spacer\"><\/div><h3 class=\"wp-block-heading grenB\" id=\"h-unikaj-wody-i-wilgoci\"><strong>Unikaj wody<\/strong> <strong>i wilgoci<\/strong><\/h3><div style=\"height:10px\" aria-hidden=\"true\" class=\"wp-block-spacer\"><\/div><div class=\"wp-block-columns is-layout-flex wp-container-core-columns-is-layout-9d6595d7 wp-block-columns-is-layout-flex\"><div class=\"wp-block-column is-layout-flow wp-block-column-is-layout-flow\"><figure class=\"wp-block-image size-full is-resized\"><img loading=\"lazy\" decoding=\"async\" width=\"191\" height=\"168\" src=\"https:\/\/positiveprints.com\/wp-content\/uploads\/2024\/03\/avoid-water-and-humidity-icon.png\" alt=\"\" class=\"wp-image-1083131\" style=\"width:106px;height:auto\"\/><\/figure><\/div>\n\n<div class=\"wp-block-column is-vertically-aligned-center is-layout-flow wp-block-column-is-layout-flow\"><p>Nasza bi\u017cuteria jest grawerowana na srebrnych lub z\u0142otych komponentach, dlatego wymaga odpowiedniej piel\u0119gnacji i konserwacji. Bezpo\u015bredni kontakt z wod\u0105 &#8211; zar\u00f3wno z kranu, jak i z basenu czy morza &#8211; pogarsza jej wygl\u0105d. Bi\u017cuteria mo\u017ce wtedy straci\u0107 blask, zmieni\u0107 kolor lub zmatowie\u0107. Zawsze zdejmuj bi\u017cuteri\u0119 przed k\u0105piel\u0105, a szczeg\u00f3lnie przed wej\u015bciem do morza lub chlorowanej wody.<\/p><\/div><\/div><div style=\"height:25px\" aria-hidden=\"true\" class=\"wp-block-spacer\"><\/div><h3 class=\"wp-block-heading grenB\" id=\"h-chro\u0144-przed-chemikaliami\"><strong>Chro\u0144 przed chemikaliami<\/strong><\/h3><div style=\"height:10px\" aria-hidden=\"true\" class=\"wp-block-spacer\"><\/div><div class=\"wp-block-columns is-layout-flex wp-container-core-columns-is-layout-9d6595d7 wp-block-columns-is-layout-flex\"><div class=\"wp-block-column is-layout-flow wp-block-column-is-layout-flow\"><figure class=\"wp-block-image size-full is-resized\"><img loading=\"lazy\" decoding=\"async\" width=\"169\" height=\"168\" src=\"https:\/\/positiveprints.com\/wp-content\/uploads\/2024\/03\/protect-against-chemicals-icon.png\" alt=\"\" class=\"wp-image-1083146\" style=\"width:107px;height:auto\" srcset=\"https:\/\/positiveprints.com\/wp-content\/uploads\/2024\/03\/protect-against-chemicals-icon.png 169w, https:\/\/positiveprints.com\/wp-content\/uploads\/2024\/03\/protect-against-chemicals-icon-150x150.png 150w, https:\/\/positiveprints.com\/wp-content\/uploads\/2024\/03\/protect-against-chemicals-icon-100x100.png 100w\" sizes=\"auto, (max-width: 169px) 100vw, 169px\" \/><\/figure><\/div>\n\n<div class=\"wp-block-column is-vertically-aligned-center is-layout-flow wp-block-column-is-layout-flow\"><p>Detergenty i \u015brodki chemiczne u\u017cywane w kuchni, \u0142azience, a tak\u017ce kosmetyki (lakier do w\u0142os\u00f3w, dezodoranty, perfumy) mog\u0105 powodowa\u0107 odbarwienia bi\u017cuterii. Szczeg\u00f3lnie srebro intensywnie reaguje z substancjami chemicznymi, zmieniaj\u0105c kolor.<\/p>\n\n<p>Unikaj spryskiwania bi\u017cuterii perfumami i nak\u0142adania krem\u00f3w bezpo\u015brednio na bi\u017cuteri\u0119.<\/p><\/div><\/div><div style=\"height:25px\" aria-hidden=\"true\" class=\"wp-block-spacer\"><\/div><h3 class=\"wp-block-heading grenB\" id=\"h-przechowuj-bizuterie-w-czystym-i-suchym-miejscu\"><strong>Przechowuj bi\u017cuteri\u0119 w czystym i suchym miejscu<\/strong><\/h3><div style=\"height:10px\" aria-hidden=\"true\" class=\"wp-block-spacer\"><\/div><div class=\"wp-block-columns is-layout-flex wp-container-core-columns-is-layout-9d6595d7 wp-block-columns-is-layout-flex\"><div class=\"wp-block-column is-vertically-aligned-top is-layout-flow wp-block-column-is-layout-flow\"><figure class=\"wp-block-image size-full is-resized\"><img loading=\"lazy\" decoding=\"async\" width=\"167\" height=\"168\" src=\"https:\/\/positiveprints.com\/wp-content\/uploads\/2024\/03\/store-your-jewelry-in-a-clean-dry-space-icon.png\" alt=\"\" class=\"wp-image-1083162\" style=\"width:96px;height:auto\" srcset=\"https:\/\/positiveprints.com\/wp-content\/uploads\/2024\/03\/store-your-jewelry-in-a-clean-dry-space-icon.png 167w, https:\/\/positiveprints.com\/wp-content\/uploads\/2024\/03\/store-your-jewelry-in-a-clean-dry-space-icon-150x150.png 150w, https:\/\/positiveprints.com\/wp-content\/uploads\/2024\/03\/store-your-jewelry-in-a-clean-dry-space-icon-100x100.png 100w\" sizes=\"auto, (max-width: 167px) 100vw, 167px\" \/><\/figure><\/div>\n\n<div class=\"wp-block-column is-vertically-aligned-center is-layout-flow wp-block-column-is-layout-flow\"><p>W\u0142a\u015bciwe przechowywanie bi\u017cuterii ze z\u0142ota i srebra pozwoli zachowa\u0107 j\u0105 w idealnym stanie. Bi\u017cuteri\u0119 najlepiej owin\u0105\u0107 w mi\u0119kk\u0105 \u015bciereczk\u0119 i przechowywa\u0107 w oddzielnym woreczku lub pude\u0142ku. Ograniczy to dost\u0119p powietrza i uchroni bi\u017cuteri\u0119 przed ciemnieniem, zarysowaniami i uszkodzeniami.<\/p>\n\n<p>Podczas przechowywania, nie zginaj ani nie zwijaj \u0142a\u0144cuszk\u00f3w zbyt ciasno, poniewa\u017c mo\u017ce to prowadzi\u0107 do ich trwa\u0142ej deformacji lub zerwania.<\/p>\n\n<p>Pude\u0142eczko z bi\u017cuteri\u0105 przechowuj z dala od \u017ar\u00f3de\u0142 wilgoci.<\/p><\/div><\/div><div style=\"height:25px\" aria-hidden=\"true\" class=\"wp-block-spacer\"><\/div><h3 class=\"wp-block-heading grenB\" id=\"h-czyszczenie\"><strong>Czyszczenie<\/strong><\/h3><div style=\"height:10px\" aria-hidden=\"true\" class=\"wp-block-spacer\"><\/div><div class=\"wp-block-columns is-layout-flex wp-container-core-columns-is-layout-9d6595d7 wp-block-columns-is-layout-flex\"><div class=\"wp-block-column is-vertically-aligned-top is-layout-flow wp-block-column-is-layout-flow\"><figure class=\"wp-block-image size-full is-resized\"><img loading=\"lazy\" decoding=\"async\" width=\"195\" height=\"168\" src=\"https:\/\/positiveprints.com\/wp-content\/uploads\/2024\/03\/clean-to-bring-back-its-shine-icon.png\" alt=\"\" class=\"wp-image-1083179\" style=\"width:104px;height:auto\"\/><\/figure><\/div>\n\n<div class=\"wp-block-column is-vertically-aligned-center is-layout-flow wp-block-column-is-layout-flow\"><p>Je\u015bli bi\u017cuteria lekko si\u0119 zabrudzi lub \u015bciemnieje, wyczy\u015b\u0107 j\u0105 przy pomocy specjalnej \u015bciereczki do polerowania bi\u017cuterii.<\/p><\/div><\/div>","protected":false},"excerpt":{"rendered":"<p>Jak dba\u0107 o bi\u017cuteri\u0119 Positive Prints?Unikaj wody i wilgociNasza bi\u017cuteria jest grawerowana na srebrnych lub z\u0142otych komponentach, dlatego wymaga odpowiedniej piel\u0119gnacji i konserwacji. Bezpo\u015bredni kontakt z wod\u0105 &#8211; zar\u00f3wno z kranu, jak i z basenu czy morza &#8211; pogarsza jej wygl\u0105d. Bi\u017cuteria mo\u017ce wtedy straci\u0107 blask, zmieni\u0107 kolor lub zmatowie\u0107. Zawsze zdejmuj bi\u017cuteri\u0119 przed k\u0105piel\u0105, [&hellip;]<\/p>\n","protected":false},"author":1,"featured_media":0,"parent":0,"menu_order":0,"comment_status":"closed","ping_status":"closed","template":"","meta":{"footnotes":""},"class_list":["post-1480885","page","type-page","status-publish","hentry"],"yoast_head":"<!-- This site is optimized with the Yoast SEO Premium plugin v27.2 (Yoast SEO v27.2) - https:\/\/yoast.com\/product\/yoast-seo-premium-wordpress\/ -->\n<title>Jewelry Care - Positive Prints<\/title>\n<meta name=\"description\" content=\"Jewelry is a precious possession that deserves proper care and maintenance. Ensure the lasting beauty of your treasures.\" \/>\n<meta name=\"robots\" content=\"index, follow, max-snippet:-1, max-image-preview:large, max-video-preview:-1\" \/>\n<link rel=\"canonical\" href=\"https:\/\/positiveprints.com\/pl\/pielegnacja-bizuterii\/\" \/>\n<meta property=\"og:locale\" content=\"pl_PL\" \/>\n<meta property=\"og:type\" content=\"article\" \/>\n<meta property=\"og:title\" content=\"Jewelry Care\" \/>\n<meta property=\"og:description\" content=\"Jak dba\u0107 o bi\u017cuteri\u0119 Positive Prints? Unikaj wody i wilgoci Nasza bi\u017cuteria jest grawerowana na srebrnych lub z\u0142otych komponentach, dlatego wymaga\" \/>\n<meta property=\"og:url\" content=\"https:\/\/positiveprints.com\/pl\/pielegnacja-bizuterii\/\" \/>\n<meta property=\"og:site_name\" content=\"Positive Prints\" \/>\n<meta property=\"article:publisher\" content=\"https:\/\/www.facebook.com\/positiveprintscom\" \/>\n<meta property=\"article:modified_time\" content=\"2025-07-30T21:33:29+00:00\" \/>\n<meta property=\"og:image\" content=\"https:\/\/positiveprints.com\/wp-content\/uploads\/2024\/03\/avoid-water-and-humidity-icon.png\" \/>\n<meta name=\"twitter:card\" content=\"summary_large_image\" \/>\n<meta name=\"twitter:label1\" content=\"Szacowany czas czytania\" \/>\n\t<meta name=\"twitter:data1\" content=\"2 minuty\" \/>\n<!-- \/ Yoast SEO Premium plugin. -->","yoast_head_json":{"title":"Jewelry Care - Positive Prints","description":"Jewelry is a precious possession that deserves proper care and maintenance. Ensure the lasting beauty of your treasures.","robots":{"index":"index","follow":"follow","max-snippet":"max-snippet:-1","max-image-preview":"max-image-preview:large","max-video-preview":"max-video-preview:-1"},"canonical":"https:\/\/positiveprints.com\/pl\/pielegnacja-bizuterii\/","og_locale":"pl_PL","og_type":"article","og_title":"Jewelry Care","og_description":"Jak dba\u0107 o bi\u017cuteri\u0119 Positive Prints? Unikaj wody i wilgoci Nasza bi\u017cuteria jest grawerowana na srebrnych lub z\u0142otych komponentach, dlatego wymaga","og_url":"https:\/\/positiveprints.com\/pl\/pielegnacja-bizuterii\/","og_site_name":"Positive Prints","article_publisher":"https:\/\/www.facebook.com\/positiveprintscom","article_modified_time":"2025-07-30T21:33:29+00:00","og_image":[{"url":"https:\/\/positiveprints.com\/wp-content\/uploads\/2024\/03\/avoid-water-and-humidity-icon.png","type":"","width":"","height":""}],"twitter_card":"summary_large_image","twitter_misc":{"Szacowany czas czytania":"2 minuty"},"schema":{"@context":"https:\/\/schema.org","@graph":[{"@type":"WebPage","@id":"https:\/\/positiveprints.com\/pl\/pielegnacja-bizuterii\/","url":"https:\/\/positiveprints.com\/pl\/pielegnacja-bizuterii\/","name":"Jewelry Care - Positive Prints","isPartOf":{"@id":"https:\/\/positiveprints.com\/pl\/#website"},"primaryImageOfPage":{"@id":"https:\/\/positiveprints.com\/pl\/pielegnacja-bizuterii\/#primaryimage"},"image":{"@id":"https:\/\/positiveprints.com\/pl\/pielegnacja-bizuterii\/#primaryimage"},"thumbnailUrl":"https:\/\/positiveprints.com\/wp-content\/uploads\/2024\/03\/avoid-water-and-humidity-icon.png","datePublished":"2023-11-16T06:14:54+00:00","dateModified":"2025-07-30T21:33:29+00:00","description":"Jewelry is a precious possession that deserves proper care and maintenance. Ensure the lasting beauty of your treasures.","breadcrumb":{"@id":"https:\/\/positiveprints.com\/pl\/pielegnacja-bizuterii\/#breadcrumb"},"inLanguage":"pl-PL","potentialAction":[{"@type":"ReadAction","target":["https:\/\/positiveprints.com\/pl\/pielegnacja-bizuterii\/"]}]},{"@type":"ImageObject","inLanguage":"pl-PL","@id":"https:\/\/positiveprints.com\/pl\/pielegnacja-bizuterii\/#primaryimage","url":"https:\/\/positiveprints.com\/wp-content\/uploads\/2024\/03\/avoid-water-and-humidity-icon.png","contentUrl":"https:\/\/positiveprints.com\/wp-content\/uploads\/2024\/03\/avoid-water-and-humidity-icon.png"},{"@type":"BreadcrumbList","@id":"https:\/\/positiveprints.com\/pl\/pielegnacja-bizuterii\/#breadcrumb","itemListElement":[{"@type":"ListItem","position":1,"name":"Home","item":"https:\/\/positiveprints.com\/pl\/"},{"@type":"ListItem","position":2,"name":"Jewelry Care"}]},{"@type":"WebSite","@id":"https:\/\/positiveprints.com\/pl\/#website","url":"https:\/\/positiveprints.com\/pl\/","name":"Positive Prints","description":"Amazing Custom Personalized Gifts","publisher":{"@id":"https:\/\/positiveprints.com\/pl\/#organization"},"potentialAction":[{"@type":"SearchAction","target":{"@type":"EntryPoint","urlTemplate":"https:\/\/positiveprints.com\/pl\/?s={search_term_string}"},"query-input":{"@type":"PropertyValueSpecification","valueRequired":true,"valueName":"search_term_string"}}],"inLanguage":"pl-PL"},{"@type":"Organization","@id":"https:\/\/positiveprints.com\/pl\/#organization","name":"Positive Prints","alternateName":"Positive Prints","url":"https:\/\/positiveprints.com\/pl\/","logo":{"@type":"ImageObject","inLanguage":"pl-PL","@id":"https:\/\/positiveprints.com\/pl\/#\/schema\/logo\/image\/","url":"https:\/\/positiveprints.com\/wp-content\/uploads\/2026\/03\/245815646_1337939713319158_5671353136411139666_n.png","contentUrl":"https:\/\/positiveprints.com\/wp-content\/uploads\/2026\/03\/245815646_1337939713319158_5671353136411139666_n.png","width":800,"height":800,"caption":"Positive Prints"},"image":{"@id":"https:\/\/positiveprints.com\/pl\/#\/schema\/logo\/image\/"},"sameAs":["https:\/\/www.facebook.com\/positiveprintscom","https:\/\/www.instagram.com\/positiveprintscom\/","https:\/\/www.tiktok.com\/@positiveprintscom","https:\/\/www.pinterest.com\/positiveprintscom\/"]}]}},"jetpack_sharing_enabled":true,"_links":{"self":[{"href":"https:\/\/positiveprints.com\/pl\/wp-json\/wp\/v2\/pages\/1480885","targetHints":{"allow":["GET"]}}],"collection":[{"href":"https:\/\/positiveprints.com\/pl\/wp-json\/wp\/v2\/pages"}],"about":[{"href":"https:\/\/positiveprints.com\/pl\/wp-json\/wp\/v2\/types\/page"}],"author":[{"embeddable":true,"href":"https:\/\/positiveprints.com\/pl\/wp-json\/wp\/v2\/users\/1"}],"replies":[{"embeddable":true,"href":"https:\/\/positiveprints.com\/pl\/wp-json\/wp\/v2\/comments?post=1480885"}],"version-history":[{"count":0,"href":"https:\/\/positiveprints.com\/pl\/wp-json\/wp\/v2\/pages\/1480885\/revisions"}],"wp:attachment":[{"href":"https:\/\/positiveprints.com\/pl\/wp-json\/wp\/v2\/media?parent=1480885"}],"curies":[{"name":"wp","href":"https:\/\/api.w.org\/{rel}","templated":true}]}}