{"id":1205468,"date":"2024-10-09T19:24:59","date_gmt":"2024-10-09T17:24:59","guid":{"rendered":"https:\/\/positiveprints.com\/prezenty-pod-choinke-dla-wspolpracownikow\/"},"modified":"2024-10-09T19:24:59","modified_gmt":"2024-10-09T17:24:59","slug":"prezenty-pod-choinke-dla-wspolpracownikow","status":"publish","type":"page","link":"https:\/\/positiveprints.com\/pl\/prezenty-pod-choinke-dla-wspolpracownikow\/","title":{"rendered":"Prezenty pod Choink\u0119 dla Wsp\u00f3\u0142pracownik\u00f3w"},"content":{"rendered":"","protected":false},"excerpt":{"rendered":"","protected":false},"author":1,"featured_media":0,"parent":0,"menu_order":0,"comment_status":"closed","ping_status":"closed","template":"SINGLE_OCCASION_TEMPLATE.php","meta":{"footnotes":""},"class_list":["post-1205468","page","type-page","status-publish","hentry"],"yoast_head":"<!-- This site is optimized with the Yoast SEO Premium plugin v27.2 (Yoast SEO v27.2) - https:\/\/yoast.com\/product\/yoast-seo-premium-wordpress\/ -->\n<title>Prezenty pod Choink\u0119 dla Wsp\u00f3\u0142pracownik\u00f3w - Positive Prints<\/title>\n<meta name=\"description\" content=\"Znajd\u017a idealny akcent ciep\u0142a i rado\u015bci w tym sezonie \u015bwi\u0105tecznym dzi\u0119ki naszej kolekcji personalizowanych prezent\u00f3w na Bo\u017ce Narodzenie. W Positive Prints wierzymy, \u017ce te niesamowite prezenty maj\u0105 moc tworzenia trwa\u0142ych wspomnie\u0144.\" \/>\n<meta name=\"robots\" content=\"index, follow, max-snippet:-1, max-image-preview:large, max-video-preview:-1\" \/>\n<link rel=\"canonical\" href=\"https:\/\/positiveprints.com\/pl\/prezenty-pod-choinke-dla-wspolpracownikow\/\" \/>\n<meta property=\"og:locale\" content=\"pl_PL\" \/>\n<meta property=\"og:type\" content=\"article\" \/>\n<meta property=\"og:title\" content=\"Prezenty pod Choink\u0119 dla Wsp\u00f3\u0142pracownik\u00f3w\" \/>\n<meta property=\"og:url\" content=\"https:\/\/positiveprints.com\/pl\/prezenty-pod-choinke-dla-wspolpracownikow\/\" \/>\n<meta property=\"og:site_name\" content=\"Positive Prints\" \/>\n<meta property=\"article:publisher\" content=\"https:\/\/www.facebook.com\/positiveprintscom\" \/>\n<meta property=\"og:image\" content=\"https:\/\/positiveprints.com\/wp-content\/uploads\/2026\/03\/Open-graph-2026-1200x630-1.jpg\" \/>\n\t<meta property=\"og:image:width\" content=\"1200\" \/>\n\t<meta property=\"og:image:height\" content=\"630\" \/>\n\t<meta property=\"og:image:type\" content=\"image\/jpeg\" \/>\n<meta name=\"twitter:card\" content=\"summary_large_image\" \/>\n<!-- \/ Yoast SEO Premium plugin. -->","yoast_head_json":{"title":"Prezenty pod Choink\u0119 dla Wsp\u00f3\u0142pracownik\u00f3w - Positive Prints","description":"Znajd\u017a idealny akcent ciep\u0142a i rado\u015bci w tym sezonie \u015bwi\u0105tecznym dzi\u0119ki naszej kolekcji personalizowanych prezent\u00f3w na Bo\u017ce Narodzenie. W Positive Prints wierzymy, \u017ce te niesamowite prezenty maj\u0105 moc tworzenia trwa\u0142ych wspomnie\u0144.","robots":{"index":"index","follow":"follow","max-snippet":"max-snippet:-1","max-image-preview":"max-image-preview:large","max-video-preview":"max-video-preview:-1"},"canonical":"https:\/\/positiveprints.com\/pl\/prezenty-pod-choinke-dla-wspolpracownikow\/","og_locale":"pl_PL","og_type":"article","og_title":"Prezenty pod Choink\u0119 dla Wsp\u00f3\u0142pracownik\u00f3w","og_url":"https:\/\/positiveprints.com\/pl\/prezenty-pod-choinke-dla-wspolpracownikow\/","og_site_name":"Positive Prints","article_publisher":"https:\/\/www.facebook.com\/positiveprintscom","og_image":[{"width":1200,"height":630,"url":"https:\/\/positiveprints.com\/wp-content\/uploads\/2026\/03\/Open-graph-2026-1200x630-1.jpg","type":"image\/jpeg"}],"twitter_card":"summary_large_image","schema":{"@context":"https:\/\/schema.org","@graph":[{"@type":"WebPage","@id":"https:\/\/positiveprints.com\/pl\/prezenty-pod-choinke-dla-wspolpracownikow\/","url":"https:\/\/positiveprints.com\/pl\/prezenty-pod-choinke-dla-wspolpracownikow\/","name":"Prezenty pod Choink\u0119 dla Wsp\u00f3\u0142pracownik\u00f3w - Positive Prints","isPartOf":{"@id":"https:\/\/positiveprints.com\/pl\/#website"},"datePublished":"2024-10-09T17:24:59+00:00","description":"Znajd\u017a idealny akcent ciep\u0142a i rado\u015bci w tym sezonie \u015bwi\u0105tecznym dzi\u0119ki naszej kolekcji personalizowanych prezent\u00f3w na Bo\u017ce Narodzenie. W Positive Prints wierzymy, \u017ce te niesamowite prezenty maj\u0105 moc tworzenia trwa\u0142ych wspomnie\u0144.","breadcrumb":{"@id":"https:\/\/positiveprints.com\/pl\/prezenty-pod-choinke-dla-wspolpracownikow\/#breadcrumb"},"inLanguage":"pl-PL","potentialAction":[{"@type":"ReadAction","target":["https:\/\/positiveprints.com\/pl\/prezenty-pod-choinke-dla-wspolpracownikow\/"]}]},{"@type":"BreadcrumbList","@id":"https:\/\/positiveprints.com\/pl\/prezenty-pod-choinke-dla-wspolpracownikow\/#breadcrumb","itemListElement":[{"@type":"ListItem","position":1,"name":"Home","item":"https:\/\/positiveprints.com\/pl\/"},{"@type":"ListItem","position":2,"name":"Prezenty pod Choink\u0119 dla Wsp\u00f3\u0142pracownik\u00f3w"}]},{"@type":"WebSite","@id":"https:\/\/positiveprints.com\/pl\/#website","url":"https:\/\/positiveprints.com\/pl\/","name":"Positive Prints","description":"Amazing Custom Personalized Gifts","publisher":{"@id":"https:\/\/positiveprints.com\/pl\/#organization"},"potentialAction":[{"@type":"SearchAction","target":{"@type":"EntryPoint","urlTemplate":"https:\/\/positiveprints.com\/pl\/?s={search_term_string}"},"query-input":{"@type":"PropertyValueSpecification","valueRequired":true,"valueName":"search_term_string"}}],"inLanguage":"pl-PL"},{"@type":"Organization","@id":"https:\/\/positiveprints.com\/pl\/#organization","name":"Positive Prints","alternateName":"Positive Prints","url":"https:\/\/positiveprints.com\/pl\/","logo":{"@type":"ImageObject","inLanguage":"pl-PL","@id":"https:\/\/positiveprints.com\/pl\/#\/schema\/logo\/image\/","url":"https:\/\/positiveprints.com\/wp-content\/uploads\/2026\/03\/245815646_1337939713319158_5671353136411139666_n.png","contentUrl":"https:\/\/positiveprints.com\/wp-content\/uploads\/2026\/03\/245815646_1337939713319158_5671353136411139666_n.png","width":800,"height":800,"caption":"Positive Prints"},"image":{"@id":"https:\/\/positiveprints.com\/pl\/#\/schema\/logo\/image\/"},"sameAs":["https:\/\/www.facebook.com\/positiveprintscom","https:\/\/www.instagram.com\/positiveprintscom\/","https:\/\/www.tiktok.com\/@positiveprintscom","https:\/\/www.pinterest.com\/positiveprintscom\/"]}]}},"jetpack_sharing_enabled":true,"_links":{"self":[{"href":"https:\/\/positiveprints.com\/pl\/wp-json\/wp\/v2\/pages\/1205468","targetHints":{"allow":["GET"]}}],"collection":[{"href":"https:\/\/positiveprints.com\/pl\/wp-json\/wp\/v2\/pages"}],"about":[{"href":"https:\/\/positiveprints.com\/pl\/wp-json\/wp\/v2\/types\/page"}],"author":[{"embeddable":true,"href":"https:\/\/positiveprints.com\/pl\/wp-json\/wp\/v2\/users\/1"}],"replies":[{"embeddable":true,"href":"https:\/\/positiveprints.com\/pl\/wp-json\/wp\/v2\/comments?post=1205468"}],"version-history":[{"count":0,"href":"https:\/\/positiveprints.com\/pl\/wp-json\/wp\/v2\/pages\/1205468\/revisions"}],"wp:attachment":[{"href":"https:\/\/positiveprints.com\/pl\/wp-json\/wp\/v2\/media?parent=1205468"}],"curies":[{"name":"wp","href":"https:\/\/api.w.org\/{rel}","templated":true}]}}