{"id":1198854,"date":"2024-10-01T13:47:40","date_gmt":"2024-10-01T11:47:40","guid":{"rendered":"https:\/\/positiveprints.com\/prezenty-na-rocznice-dla-niego\/"},"modified":"2024-10-01T13:47:40","modified_gmt":"2024-10-01T11:47:40","slug":"prezenty-na-rocznice-dla-niego","status":"publish","type":"page","link":"https:\/\/positiveprints.com\/pl\/prezenty-na-rocznice-dla-niego\/","title":{"rendered":"Prezenty na Rocznic\u0119 dla Niego"},"content":{"rendered":"","protected":false},"excerpt":{"rendered":"","protected":false},"author":1,"featured_media":0,"parent":0,"menu_order":0,"comment_status":"closed","ping_status":"closed","template":"SINGLE_OCCASION_TEMPLATE.php","meta":{"footnotes":""},"class_list":["post-1198854","page","type-page","status-publish","hentry"],"yoast_head":"<!-- This site is optimized with the Yoast SEO Premium plugin v27.2 (Yoast SEO v27.2) - https:\/\/yoast.com\/product\/yoast-seo-premium-wordpress\/ -->\n<title>Prezenty na Rocznic\u0119 dla Niego - Positive Prints<\/title>\n<meta name=\"description\" content=\"Znajd\u017a idealne personalizowane prezenty na rocznic\u0119 dla niego, kt\u00f3re uchwyc\u0105 Wasze wyj\u0105tkowe chwile dzi\u0119ki Positive Prints. \u015awi\u0119tuj swoj\u0105 histori\u0119 mi\u0142osn\u0105 za pomoc\u0105 unikalnych dzie\u0142 sztuki, kt\u00f3re b\u0119d\u0105 przypomina\u0107 o Waszej wsp\u00f3lnej podr\u00f3\u017cy. Zaskocz swoj\u0105 ukochan\u0105 osob\u0119 personalizowanym dzie\u0142em sztuki, kt\u00f3re b\u0119dzie wnosi\u0107 rado\u015b\u0107 do Waszego domu ka\u017cdego dnia. Stworzenie takiego wyj\u0105tkowego dzie\u0142a jest banalnie proste dzi\u0119ki Positive Prints. Zachowajcie Wasze wspomnienia dzi\u0119ki personalizowanemu prezentowi na rocznic\u0119, kt\u00f3ry b\u0119dzie Wam towarzyszy\u0142 przez ca\u0142e \u017cycie.\" \/>\n<meta name=\"robots\" content=\"index, follow, max-snippet:-1, max-image-preview:large, max-video-preview:-1\" \/>\n<link rel=\"canonical\" href=\"https:\/\/positiveprints.com\/pl\/prezenty-na-rocznice-dla-niego\/\" \/>\n<meta property=\"og:locale\" content=\"pl_PL\" \/>\n<meta property=\"og:type\" content=\"article\" \/>\n<meta property=\"og:title\" content=\"Prezenty na Rocznic\u0119 dla Niego\" \/>\n<meta property=\"og:url\" content=\"https:\/\/positiveprints.com\/pl\/prezenty-na-rocznice-dla-niego\/\" \/>\n<meta property=\"og:site_name\" content=\"Positive Prints\" \/>\n<meta property=\"article:publisher\" content=\"https:\/\/www.facebook.com\/positiveprintscom\" \/>\n<meta property=\"og:image\" content=\"https:\/\/positiveprints.com\/wp-content\/uploads\/2026\/03\/Open-graph-2026-1200x630-1.jpg\" \/>\n\t<meta property=\"og:image:width\" content=\"1200\" \/>\n\t<meta property=\"og:image:height\" content=\"630\" \/>\n\t<meta property=\"og:image:type\" content=\"image\/jpeg\" \/>\n<meta name=\"twitter:card\" content=\"summary_large_image\" \/>\n<!-- \/ Yoast SEO Premium plugin. -->","yoast_head_json":{"title":"Prezenty na Rocznic\u0119 dla Niego - Positive Prints","description":"Znajd\u017a idealne personalizowane prezenty na rocznic\u0119 dla niego, kt\u00f3re uchwyc\u0105 Wasze wyj\u0105tkowe chwile dzi\u0119ki Positive Prints. \u015awi\u0119tuj swoj\u0105 histori\u0119 mi\u0142osn\u0105 za pomoc\u0105 unikalnych dzie\u0142 sztuki, kt\u00f3re b\u0119d\u0105 przypomina\u0107 o Waszej wsp\u00f3lnej podr\u00f3\u017cy. Zaskocz swoj\u0105 ukochan\u0105 osob\u0119 personalizowanym dzie\u0142em sztuki, kt\u00f3re b\u0119dzie wnosi\u0107 rado\u015b\u0107 do Waszego domu ka\u017cdego dnia. Stworzenie takiego wyj\u0105tkowego dzie\u0142a jest banalnie proste dzi\u0119ki Positive Prints. Zachowajcie Wasze wspomnienia dzi\u0119ki personalizowanemu prezentowi na rocznic\u0119, kt\u00f3ry b\u0119dzie Wam towarzyszy\u0142 przez ca\u0142e \u017cycie.","robots":{"index":"index","follow":"follow","max-snippet":"max-snippet:-1","max-image-preview":"max-image-preview:large","max-video-preview":"max-video-preview:-1"},"canonical":"https:\/\/positiveprints.com\/pl\/prezenty-na-rocznice-dla-niego\/","og_locale":"pl_PL","og_type":"article","og_title":"Prezenty na Rocznic\u0119 dla Niego","og_url":"https:\/\/positiveprints.com\/pl\/prezenty-na-rocznice-dla-niego\/","og_site_name":"Positive Prints","article_publisher":"https:\/\/www.facebook.com\/positiveprintscom","og_image":[{"width":1200,"height":630,"url":"https:\/\/positiveprints.com\/wp-content\/uploads\/2026\/03\/Open-graph-2026-1200x630-1.jpg","type":"image\/jpeg"}],"twitter_card":"summary_large_image","schema":{"@context":"https:\/\/schema.org","@graph":[{"@type":"WebPage","@id":"https:\/\/positiveprints.com\/pl\/prezenty-na-rocznice-dla-niego\/","url":"https:\/\/positiveprints.com\/pl\/prezenty-na-rocznice-dla-niego\/","name":"Prezenty na Rocznic\u0119 dla Niego - Positive Prints","isPartOf":{"@id":"https:\/\/positiveprints.com\/pl\/#website"},"datePublished":"2024-10-01T11:47:40+00:00","description":"Znajd\u017a idealne personalizowane prezenty na rocznic\u0119 dla niego, kt\u00f3re uchwyc\u0105 Wasze wyj\u0105tkowe chwile dzi\u0119ki Positive Prints. \u015awi\u0119tuj swoj\u0105 histori\u0119 mi\u0142osn\u0105 za pomoc\u0105 unikalnych dzie\u0142 sztuki, kt\u00f3re b\u0119d\u0105 przypomina\u0107 o Waszej wsp\u00f3lnej podr\u00f3\u017cy. Zaskocz swoj\u0105 ukochan\u0105 osob\u0119 personalizowanym dzie\u0142em sztuki, kt\u00f3re b\u0119dzie wnosi\u0107 rado\u015b\u0107 do Waszego domu ka\u017cdego dnia. Stworzenie takiego wyj\u0105tkowego dzie\u0142a jest banalnie proste dzi\u0119ki Positive Prints. Zachowajcie Wasze wspomnienia dzi\u0119ki personalizowanemu prezentowi na rocznic\u0119, kt\u00f3ry b\u0119dzie Wam towarzyszy\u0142 przez ca\u0142e \u017cycie.","breadcrumb":{"@id":"https:\/\/positiveprints.com\/pl\/prezenty-na-rocznice-dla-niego\/#breadcrumb"},"inLanguage":"pl-PL","potentialAction":[{"@type":"ReadAction","target":["https:\/\/positiveprints.com\/pl\/prezenty-na-rocznice-dla-niego\/"]}]},{"@type":"BreadcrumbList","@id":"https:\/\/positiveprints.com\/pl\/prezenty-na-rocznice-dla-niego\/#breadcrumb","itemListElement":[{"@type":"ListItem","position":1,"name":"Home","item":"https:\/\/positiveprints.com\/pl\/"},{"@type":"ListItem","position":2,"name":"Prezenty na Rocznic\u0119 dla Niego"}]},{"@type":"WebSite","@id":"https:\/\/positiveprints.com\/pl\/#website","url":"https:\/\/positiveprints.com\/pl\/","name":"Positive Prints","description":"Amazing Custom Personalized Gifts","publisher":{"@id":"https:\/\/positiveprints.com\/pl\/#organization"},"potentialAction":[{"@type":"SearchAction","target":{"@type":"EntryPoint","urlTemplate":"https:\/\/positiveprints.com\/pl\/?s={search_term_string}"},"query-input":{"@type":"PropertyValueSpecification","valueRequired":true,"valueName":"search_term_string"}}],"inLanguage":"pl-PL"},{"@type":"Organization","@id":"https:\/\/positiveprints.com\/pl\/#organization","name":"Positive Prints","alternateName":"Positive Prints","url":"https:\/\/positiveprints.com\/pl\/","logo":{"@type":"ImageObject","inLanguage":"pl-PL","@id":"https:\/\/positiveprints.com\/pl\/#\/schema\/logo\/image\/","url":"https:\/\/positiveprints.com\/wp-content\/uploads\/2026\/03\/245815646_1337939713319158_5671353136411139666_n.png","contentUrl":"https:\/\/positiveprints.com\/wp-content\/uploads\/2026\/03\/245815646_1337939713319158_5671353136411139666_n.png","width":800,"height":800,"caption":"Positive Prints"},"image":{"@id":"https:\/\/positiveprints.com\/pl\/#\/schema\/logo\/image\/"},"sameAs":["https:\/\/www.facebook.com\/positiveprintscom","https:\/\/www.instagram.com\/positiveprintscom\/","https:\/\/www.tiktok.com\/@positiveprintscom","https:\/\/www.pinterest.com\/positiveprintscom\/"]}]}},"jetpack_sharing_enabled":true,"_links":{"self":[{"href":"https:\/\/positiveprints.com\/pl\/wp-json\/wp\/v2\/pages\/1198854","targetHints":{"allow":["GET"]}}],"collection":[{"href":"https:\/\/positiveprints.com\/pl\/wp-json\/wp\/v2\/pages"}],"about":[{"href":"https:\/\/positiveprints.com\/pl\/wp-json\/wp\/v2\/types\/page"}],"author":[{"embeddable":true,"href":"https:\/\/positiveprints.com\/pl\/wp-json\/wp\/v2\/users\/1"}],"replies":[{"embeddable":true,"href":"https:\/\/positiveprints.com\/pl\/wp-json\/wp\/v2\/comments?post=1198854"}],"version-history":[{"count":0,"href":"https:\/\/positiveprints.com\/pl\/wp-json\/wp\/v2\/pages\/1198854\/revisions"}],"wp:attachment":[{"href":"https:\/\/positiveprints.com\/pl\/wp-json\/wp\/v2\/media?parent=1198854"}],"curies":[{"name":"wp","href":"https:\/\/api.w.org\/{rel}","templated":true}]}}