{"id":10298,"date":"2020-03-24T22:16:05","date_gmt":"2020-03-24T22:16:05","guid":{"rendered":"https:\/\/positiveprints.com\/polityka-prywatnosci\/"},"modified":"2023-03-10T15:45:19","modified_gmt":"2023-03-10T14:45:19","slug":"polityka-prywatnosci","status":"publish","type":"page","link":"https:\/\/positiveprints.com\/pl\/polityka-prywatnosci\/","title":{"rendered":"Polityka prywatno\u015bci"},"content":{"rendered":"<h1 class=\"grenB\" style=\"text-align: center;\" id=\"h-polityka-prywatnosci-i-plikow-cookies\">Polityka prywatno\u015bci i plik\u00f3w cookies<\/h1><p><\/p><p> <\/p><div style=\"height:30px\" aria-hidden=\"true\" class=\"wp-block-spacer\"><\/div><p><strong>Informacje og\u00f3lne<\/strong><\/p><p>Niniejsza Polityka prywatno\u015bci i plik\u00f3w cookies okre\u015bla zasady przetwarzania i ochrony danych osobowych oraz wykorzystania plik\u00f3w cookies oraz innych technologii takich jak np.:  Google Analytics, Facebook Pixel w zwi\u0105zku z korzystaniem przez U\u017cytkownik\u00f3w ze Strony internetowej, Sklepu oraz profili w mediach spo\u0142eczno\u015bciowych prowadzonych przez Administratora.<\/p><div style=\"height:30px\" aria-hidden=\"true\" class=\"wp-block-spacer\"><\/div><p><strong>\u00a71. Definicje<\/strong><\/p><p> Na potrzeby niniejszej polityki prywatno\u015bci przyjmuje si\u0119 nast\u0119puj\u0105ce znaczenie poni\u017cszych poj\u0119\u0107: <\/p><p>1. Administrator &#8211; Positive Prints Sp. z o.o. z siedzib\u0105 w Warszawie, przy ul. Pu\u0142awskiej 145, (kod pocztowy 02-715), wpisan\u0105 do Rejestru Przedsi\u0119biorc\u00f3w prowadzonego przez S\u0105d Rejonowy dla m.st. Warszawy w Warszawie, XIII Wydzia\u0142 Gospodarczy Krajowego Rejestru S\u0105dowego, pod numerem KRS 0000839033, nr NIP 9512500986, Regon 38597711 <\/p><p>2. Strona internetowa &#8211; serwis dost\u0119pny pod adresem http:\/\/positiveprints.com, pod kt\u00f3rym dost\u0119pny jest Sklep internetowy. <\/p><p>3. U\u017cytkownik \u2013 ka\u017cda osoba, kt\u00f3ra przegl\u0105da zawarto\u015b\u0107 Strony internetowej. <\/p><p>4. RODO &#8211; Rozporz\u0105dzenie Parlamentu Europejskiego i Rady (UE) 2016\/679 z dnia 27 kwietnia 2016 r. w sprawie ochrony os\u00f3b fizycznych w zwi\u0105zku z przetwarzaniem danych osobowych i w sprawie swobodnego przep\u0142ywu takich danych oraz uchylenia dyrektywy 95\/46\/WE <\/p><p><\/p><div style=\"height:30px\" aria-hidden=\"true\" class=\"wp-block-spacer\"><\/div><p><strong>\u00a72. Dane osobowe<\/strong><\/p><ol class=\"wp-block-list\"><li>Administratorem danych osobowych U\u017cytkownika w rozumieniu RODO jest Administrator.&nbsp;<\/li>\n\n<li>U\u017cytkownik mo\u017ce przekazywa\u0107 swoje dane osobowe Administratorowi mi\u0119dzy innymi za pomoc\u0105 formularzy dost\u0119pnych na Stronie internetowej oraz Sklepie, a tak\u017ce takich rozwi\u0105za\u0144, jak komunikatory internetowe i profile w mediach spo\u0142eczno\u015bciowych.&nbsp;&nbsp;<\/li>\n\n<li>Podstaw\u0105 prawn\u0105 przetwarzania danych osobowych U\u017cytkownik\u00f3w mo\u017ce by\u0107 dobrowolna, konkretna, \u015bwiadoma i jednoznaczna zgoda U\u017cytkownika wyra\u017cona za pomoc\u0105 odpowiedniego formularza na Stronie internetowej. Dane osobowe mog\u0105 by\u0107 przetwarzane tak\u017ce w przypadkach, w kt\u00f3rych Administrator jest upowa\u017cniony do przetwarzania danych osobowych na podstawie przepis\u00f3w prawa lub w celu realizacji zawartej pomi\u0119dzy stronami umowy, a tak\u017ce na podstawie prawnie uzasadnionego interesu realizowanego przez administratora.&nbsp; W szczeg\u00f3lno\u015bci:&nbsp;<br><ul class=\"wp-block-list\"><li>[<strong>FORMULARZ ZAM\u00d3WIENIA<\/strong>]<br>Dane osobowe przekazywane Administratorowi przez U\u017cytkownika w ramach formularza zam\u00f3wienia dost\u0119pnego w Sklepie internetowym przetwarzane s\u0105 w celu wykonania umowy zawartej za po\u015brednictwem Sklepu. Podstaw\u0105 prawn\u0105 przetwarzania jest umowa oraz dzia\u0142ania podj\u0119te na \u017c\u0105danie osoby, kt\u00f3rej dane dotycz\u0105, przed zawarciem umowy (art.6 ust.1 lit. b RODO). Podanie danych osobowych przez U\u017cytkownika jest dobrowolne, ale&nbsp;niezb\u0119dne, by U\u017cytkownik m\u00f3g\u0142 zawrze\u0107 umow\u0119 z Administratorem. Dane te b\u0119d\u0105 przetwarzane przez czas realizacji zam\u00f3wienia. Po zrealizowaniu zam\u00f3wienia Administrator b\u0119dzie przetwarza\u0142 dane osobowe w celu realizacji ustawowych obowi\u0105zk\u00f3w ci\u0105\u017c\u0105cych na Administratorze np. podatkowo-ksi\u0119gowych lub obowi\u0105zku rozpatrzenia reklamacji (podstawa prawna art.6 ust.1 lit. c RODO). Administrator b\u0119dzie je przetwarza\u0142 przez okres 5 lat od zako\u0144czenia roku podatkowego, w kt\u00f3rym nast\u0105pi\u0142a sprzeda\u017c. Administrator ww. dane osobowe b\u0119dzie&nbsp; przetwarza\u0142 tak\u017ce na wypadek ewentualnych roszcze\u0144, na podstawie prawnie uzasadnionego interesu Administratora (art.6 ust.1 lit. f RODO), do chwili up\u0142ywu terminu przedawnienia roszcze\u0144 cywilnoprawnych. <em>&nbsp;<\/em><\/li><\/ul><\/li><\/ol><ul class=\"wp-block-list\" start=\"2\"><li>[<strong>FORMULARZ ZAPISU NA NEWSLETTER<\/strong>]<br>Dane osobowe przekazywane Administratorowi przez U\u017cytkownika w ramach formularza zapisu na newsletter przetwarzane s\u0105 w celu przesy\u0142ania U\u017cytkownikowi newslettera zawieraj\u0105cego m.in. informacje o produktach, nowo\u015bciach i promocjach<em>.<\/em> Podanie danych osobowych przez U\u017cytkownika jest dobrowolne, ale&nbsp;niezb\u0119dne, by U\u017cytkownik m\u00f3g\u0142 zapisa\u0107 si\u0119 i otrzymywa\u0107 newsletter. Przetwarzanie danych w tym celu odbywa si\u0119 tylko i&nbsp;wy\u0142\u0105cznie za zgod\u0105 U\u017cytkownika (podstawa prawna art.6 ust.1 lit. a RODO), kt\u00f3r\u0105 U\u017cytkownik mo\u017ce wyrazi\u0107 w formularzu zapisu na newsletter i mo\u017ce j\u0105 cofn\u0105\u0107 w&nbsp;dowolnym momencie. Dane te b\u0119d\u0105 przetwarzane do czasu zaprzestania wysy\u0142ki newslettera przez Administratora lub wcze\u015bniejszego wycofania zgody przez U\u017cytkownika.<\/li>\n\n<li>[<strong>FORMULARZ KONTAKTOWY<\/strong>]<br>Dane osobowe przekazywane Administratorowi przez U\u017cytkownika w ramach formularza kontaktowego lub w wiadomo\u015bci email wys\u0142anej na adres Administratora podany na Stronie internetowej przetwarzane s\u0105 w celu udzielenia odpowiedzi na wys\u0142ane zapytanie. Podanie danych osobowych przez U\u017cytkownika jest dobrowolne, ale niezb\u0119dne, by U\u017cytkownik otrzyma\u0142 odpowied\u017a. Przetwarzanie danych w tym celu odbywa si\u0119 na podstawie prawnie uzasadnionego interesu realizowanego przez administratora (Art.6 ust.1 lit. f RODO). Dane te b\u0119d\u0105 przetwarzane do czasu zako\u0144czenia korespondencji a tak\u017ce do chwili up\u0142ywu terminu przedawnienia roszcze\u0144 cywilnoprawnych.&nbsp;<\/li>\n\n<li><strong>[FORMULARZ DODAWANIA OPINII<\/strong>]<br>Dane osobowe przekazywane Administratorowi przez U\u017cytkownika w ramach formularza opinii przetwarzane s\u0105 w celu wy\u015bwietlenia opinii U\u017cytkownika na Stronie internetowej. Podanie danych osobowych przez U\u017cytkownika jest dobrowolne, ale niezb\u0119dne, by U\u017cytkownik m\u00f3g\u0142 umie\u015bci\u0107 opini\u0119. Przetwarzanie danych w tym celu odbywa si\u0119 na podstawie zgody u\u017cytkownika (art.6 ust.1 lit. a RODO). Dane te b\u0119d\u0105 przetwarzane tak d\u0142ugo, jak d\u0142ugo b\u0119dzie istnia\u0142a Strona internetowa lub do czasu cofni\u0119cia zgody przez U\u017cytkownika.<\/li>\n\n<li><strong>[FORMULARZ ZG\u0141OSZENIA DO KONKURSU]<br><\/strong>Dane osobowe przekazywane Administratorowi przez U\u017cytkownika w ramach zg\u0142oszenia do konkursu przetwarzane s\u0105 w celu zapewnienia mo\u017cliwo\u015bci wzi\u0119cia udzia\u0142u w konkursie, oraz wype\u0142nienia obowi\u0105zk\u00f3w wynikaj\u0105cych z przyrzeczenia publicznego, jakim jest konkurs i okre\u015blonych w regulaminie konkursu. Podanie danych osobowych jest dobrowolne, ale niezb\u0119dne, by U\u017cytkownik m\u00f3g\u0142 wzi\u0105\u0107 udzia\u0142 w konkursie. Przetwarzanie danych w tym celu odbywa si\u0119 na podstawie prawnie uzasadnionych interes\u00f3w administratora (art.6 ust.1 lit. f RODO). Dane te b\u0119d\u0105 przetwarzane przez czas niezb\u0119dny do przeprowadzenia konkursu oraz wy\u0142onienia zwyci\u0119zc\u00f3w a tak\u017ce do chwili przedawnienia ew. roszcze\u0144<strong>.<\/strong><\/li>\n\n<li>[<strong>SAVE MY DESIGN<\/strong>]<br>Dane osobowe przekazywane Administratorowi przez U\u017cytkownika w ramach us\u0142ugi SAVE MY DESIGN przetwarzane s\u0105 w celu umo\u017cliwienia U\u017cytkownikowi dost\u0119pu do projektu stworzonego przez niego z wykorzystaniem dost\u0119pnego na Stronie internetowej kreatora. Dost\u0119p b\u0119dzie mo\u017cliwy przez 30 dni od chwili skorzystania z us\u0142ugi. Podanie danych osobowych przez U\u017cytkownika jest dobrowolne, ale niezb\u0119dne, by U\u017cytkownik m\u00f3g\u0142 skorzysta\u0107 z us\u0142ugi. Przetwarzanie danych w tym celu odbywa si\u0119 na podstawie zgody u\u017cytkownika (podstawa prawna art.6 ust.1 lit. a RODO). Dane te b\u0119d\u0105 przetwarzane przez 30 dni lub do czasu cofni\u0119cia zgody przez U\u017cytkownika.<\/li><\/ul><ol class=\"wp-block-list\" start=\"4\"><li>Administrator mo\u017ce powierzy\u0107 dane osobowe innym podmiotom, z pomoc\u0105 kt\u00f3rych realizuje wskazane&nbsp; w poprzednich punktach cele (np. firmom dostarczaj\u0105cym us\u0142ug\u0119 hostingu, operatorom p\u0142atno\u015bci, drukarniom wykonuj\u0105cym wydruki zam\u00f3wionych przez U\u017cytkownika produkt\u00f3w, firmie call center, zewn\u0119trznym portalom \u201emarketplace\u201d, firmie ksi\u0119gowej, firmom kurierskim, firmie dostarczaj\u0105cej aplikacj\u0119 do emailingu).<\/li>\n\n<li>Dane osobowe U\u017cytkownika mog\u0105 zosta\u0107 udost\u0119pnione w\u0142a\u015bciwym organom w\u0142adzy publicznej, je\u017celi wymagaj\u0105 tego obowi\u0105zuj\u0105ce przepisy prawa.<\/li>\n\n<li>Dane osobowe U\u017cytkownika nie b\u0119d\u0105 przekazywane do odbiorc\u00f3w z pa\u0144stw trzecich ani organizacji mi\u0119dzynarodowych, kt\u00f3re nie zapewniaj\u0105 odpowiedniego stopnia ochrony. Odpowiedni stopie\u0144 ochrony musi by\u0107 potwierdzony odpowiedni\u0105 decyzj\u0105 Komisji Europejskiej lub innym wi\u0105\u017c\u0105cym instrumentem prawnym.<\/li>\n\n<li>Administrator gwarantuje poufno\u015b\u0107 wszelkich przekazanych mu danych osobowych.&nbsp;<\/li>\n\n<li>Dane osobowe s\u0105 gromadzone z nale\u017cyt\u0105 staranno\u015bci\u0105 i odpowiednio chronione przed dost\u0119pem przez osoby do tego nieupowa\u017cnione, a ich przetwarzanie odbywa si\u0119 zgodnie oraz na warunkach okre\u015blonych szczeg\u00f3\u0142owo w:&nbsp;<\/li><\/ol><ul class=\"wp-block-list\"><li>Rozporz\u0105dzeniu Parlamentu Europejskiego i&nbsp;Rady (UE) 2016\/679 z&nbsp;dnia 27 kwietnia 2016 r. w&nbsp;sprawie ochrony os\u00f3b fizycznych w&nbsp;zwi\u0105zku z&nbsp;przetwarzaniem danych osobowych i&nbsp;w sprawie swobodnego przep\u0142ywu takich danych oraz uchylenia dyrektywy 95\/46\/WE,<\/li>\n\n<li>ustawie z dnia 18 lipca 2002 o \u015bwiadczenie us\u0142ug drog\u0105 elektroniczn\u0105,<\/li>\n\n<li>ustawie z dnia 10 maja 2018 o ochronie danych osobowych.<\/li><\/ul><div style=\"height:30px\" aria-hidden=\"true\" class=\"wp-block-spacer\"><\/div><p><strong>\u00a73. Prawa U\u017cytkownika<\/strong><\/p><ol class=\"wp-block-list\"><li>U\u017cytkownikowi przys\u0142uguj\u0105 prawa zwi\u0105zane z przetwarzaniem jego danych osobowych, w&nbsp;tym:&nbsp;<\/li><\/ol><ul class=\"wp-block-list\"><li>prawo dost\u0119pu do danych&nbsp;<\/li>\n\n<li>prawo do poprawienia danych<\/li>\n\n<li>prawo do ograniczenia przetwarzania danych<\/li>\n\n<li>prawo do sprzeciwu&nbsp; wobec przetwarzania danych<\/li>\n\n<li>prawo do usuni\u0119cia danych (tzw. prawo do bycia zapomnianym)<\/li>\n\n<li>prawo do przenoszenia danych<\/li>\n\n<li>prawo do wniesienia skargi do organu nadzorczego w zwi\u0105zku z przetwarzaniem danych osobowych przez Administratora<\/li><\/ul><ol class=\"wp-block-list\" start=\"2\"><li>U\u017cytkownik ma prawo do cofni\u0119cia swojej zgody w ka\u017cdej chwili, je\u015bli U\u017cytkownik uprzednio j\u0105 wyrazi\u0142.&nbsp;&nbsp;&nbsp;<\/li>\n\n<li>W celu realizacji swoich praw U\u017cytkownik powinien skierowa\u0107 odpowiednie \u017c\u0105danie na adres: <em>hello@positiveprints.com<\/em><\/li><\/ol><div style=\"height:30px\" aria-hidden=\"true\" class=\"wp-block-spacer\"><\/div><p><strong>\u00a74. Pliki cookies i inne informacje<\/strong><\/p><ol class=\"wp-block-list\"><li>Podczas korzystania przez U\u017cytkownika ze Strony internetowej automatycznie zbierane s\u0105&nbsp;dane dotycz\u0105ce U\u017cytkownika. Do tych danych zalicza si\u0119 m.in.: adres IP, nazwa domeny, typ przegl\u0105darki, typ systemu operacyjnego. Dane te mog\u0105 by\u0107 zbierane przez pliki cookies (tzw.&nbsp;ciasteczka), a tak\u017ce mog\u0105 by\u0107 zapisywane w logach serwera.<\/li>\n\n<li>Pliki cookies (tzw. ciasteczka) to pliki wysy\u0142ane do komputera lub innego urz\u0105dzenia (np.&nbsp;laptop, smartfon, tablet) U\u017cytkownika i tam zapisywane podczas przegl\u0105dania Strony internetowej. Pliki&nbsp;cookie zapami\u0119tuj\u0105 preferencje i zachowania U\u017cytkownika, co umo\u017cliwia podnoszenie jako\u015bci \u015bwiadczonych us\u0142ug, poprawianie wynik\u00f3w wyszukiwania i trafno\u015bci wy\u015bwietlanych informacji, w tym reklam, oraz anonimowe \u015bledzenie preferencji U\u017cytkownika. Aktualna lista stosowanych na Stronie internetowej plik\u00f3w cookies dost\u0119pna jest za po\u015brednictwem paska cookie udost\u0119pnionego na Stronie internetowej.&nbsp;&nbsp;<\/li>\n\n<li>U\u017cytkownik zgod\u0119 na stosowanie plik\u00f3w cookies na jego urz\u0105dzeniu ko\u0144cowym mo\u017ce wyrazi\u0107 za pomoc\u0105 paska cookie udost\u0119pnionego na Stronie internetowej. Mo\u017ce to zrobi\u0107 tak\u017ce za pomoc\u0105 ustawie\u0144 przegl\u0105darki zainstalowanej na urz\u0105dzeniu U\u017cytkownika. W taki sam spos\u00f3b U\u017cytkownik mo\u017ce w ka\u017cdej chwili swoj\u0105 zgod\u0119 cofn\u0105\u0107 lub zmieni\u0107 jej zakres.&nbsp;<\/li>\n\n<li>U\u017cytkownik mo\u017ce r\u00f3wnie\u017c usun\u0105\u0107 istniej\u0105ce pliki cookies ze swojego urz\u0105dzenia, korzystaj\u0105c z&nbsp;odpowiednich funkcji przegl\u0105darki internetowej, program\u00f3w s\u0142u\u017c\u0105cych w tym celu lub narz\u0119dzi dost\u0119pnych w ramach systemu operacyjnego, z kt\u00f3rego korzysta U\u017cytkownik.&nbsp;<\/li>\n\n<li>Dane zapisane w logach serwera lub za pomoc\u0105 cookies nie s\u0105 \u0142\u0105czone przez Administratora w \u017caden spos\u00f3b z&nbsp;konkretnymi U\u017cytkownikami Strony internetowej i nie s\u0105 wykorzystywane przez niego w celu identyfikacji U\u017cytkownika. Logi serwera s\u0142u\u017c\u0105 do administrowania Stron\u0105 internetow\u0105, a ich zawarto\u015b\u0107 nie jest ujawniana nikomu poza osobami upowa\u017cnionymi do administrowania serwerem.&nbsp;<\/li>\n\n<li>Na Stronie internetowej s\u0105 stosowane technologie rejestruj\u0105ce anonimowo dzia\u0142ania podejmowane przez U\u017cytkownika podczas korzystania ze Strony internetowej. S\u0105 to m.in.:<ul class=\"wp-block-list\"><li>Google Analytics &#8211; stosowana w celu analizowania statystyk Strony internetowej,<\/li>\n\n<li>Facebook Pixel &#8211; stosowana w celu zarz\u0105dzania i optymalizacji reklamy na Facebooku.<\/li><\/ul><\/li>\n\n<li>Pe\u0142na lista plik\u00f3w cookies podmiot\u00f3w trzecich dost\u0119pna jest w ustawieniach cookies.&nbsp;<\/li>\n\n<li>Dane uzyskane przez te narz\u0119dzia w \u017caden spos\u00f3b nie b\u0119d\u0105 \u0142\u0105czone przez Administratora z konkretnymi U\u017cytkownikami Strony internetowej i nie s\u0105 wykorzystywane przez niego w celu identyfikacji U\u017cytkownika bez jego wyra\u017anej zgody. Nale\u017cy jednak mie\u0107 na uwadze, \u017ce dane te s\u0105 przetwarzane przez podmioty dostarczaj\u0105ce ww. technologie i mog\u0105 je \u0142\u0105czy\u0107 z danymi o U\u017cytkowniku, kt\u00f3re podmioty te zebra\u0142y z innych \u017ar\u00f3de\u0142.&nbsp;<\/li><\/ol><div style=\"height:30px\" aria-hidden=\"true\" class=\"wp-block-spacer\"><\/div><p><strong>\u00a75. Cel wykorzystania danych<\/strong><\/p><ol class=\"wp-block-list\"><li>Konsekwencj\u0105 zastosowania plik\u00f3w cookies, a tak\u017ce technologii wymienionych w \u00a7 4 pkt. 6 b\u0119dzie zoptymalizowanie Strony internetowej, jej tre\u015bci oraz oferty Produkt\u00f3w do potrzeb U\u017cytkownika.&nbsp;<\/li>\n\n<li>Dane wymienione w poprzednim punkcie Administrator wykorzystuje w celu:<\/li><\/ol><ul class=\"wp-block-list\"><li>prawid\u0142owego funkcjonowania, konfiguracji, bezpiecze\u0144stwa Strony internetowej,<\/li>\n\n<li>uwierzytelniania U\u017cytkownika w zwi\u0105zku z korzystaniem przez niego z us\u0142ug Sklepu oraz utrzymania sesji U\u017cytkownika po zalogowaniu,&nbsp;<\/li>\n\n<li>analiz, bada\u0144&nbsp;i audytu wy\u015bwietle\u0144 Strony internetowej,&nbsp;<\/li>\n\n<li>a tak\u017ce w celach statystycznych i marketingowych.<\/li><\/ul><div style=\"height:30px\" aria-hidden=\"true\" class=\"wp-block-spacer\"><\/div><p><strong>\u00a76. Postanowienia ko\u0144cowe<\/strong><\/p><ol class=\"wp-block-list\"><li>W niniejszym dokumencie mog\u0105 nast\u0105pi\u0107 zmiany, na kt\u00f3re mo\u017ce wp\u0142yn\u0105\u0107 rozw\u00f3j technologii internetowej, zmiany prawa w zakresie ochrony danych osobowych oraz rozw\u00f3j naszej Strony internetowej i Sklepu. Wszelkie zmiany b\u0119d\u0105 komunikowane U\u017cytkownikom niezw\u0142ocznie w spos\u00f3b widoczny i zrozumia\u0142y.&nbsp;<\/li>\n\n<li>Wszelkie pytania lub uwagi dotycz\u0105ce Polityki prywatno\u015bci i plik\u00f3w cookies prosimy kierowa\u0107 na adres:&nbsp; info@positiveprints.com<\/li><\/ol>","protected":false},"excerpt":{"rendered":"<p>Polityka prywatno\u015bci i plik\u00f3w cookies Informacje og\u00f3lneNiniejsza Polityka prywatno\u015bci i plik\u00f3w cookies okre\u015bla zasady przetwarzania i ochrony danych osobowych oraz wykorzystania plik\u00f3w cookies oraz innych technologii takich jak np.: Google Analytics, Facebook Pixel w zwi\u0105zku z korzystaniem przez U\u017cytkownik\u00f3w ze Strony internetowej, Sklepu oraz profili w mediach spo\u0142eczno\u015bciowych prowadzonych przez Administratora.\u00a71. Definicje Na potrzeby niniejszej [&hellip;]<\/p>\n","protected":false},"author":1,"featured_media":0,"parent":0,"menu_order":0,"comment_status":"closed","ping_status":"closed","template":"informational-page.php","meta":{"footnotes":""},"class_list":["post-10298","page","type-page","status-publish","hentry"],"yoast_head":"<!-- This site is optimized with the Yoast SEO Premium plugin v27.2 (Yoast SEO v27.2) - https:\/\/yoast.com\/product\/yoast-seo-premium-wordpress\/ -->\n<title>Polityka Prywatno\u015bci - Positive Prints<\/title>\n<meta name=\"description\" content=\"Cieszymy si\u0119, \u017ce odwiedzili Pa\u0144stwo nasz\u0105 stron\u0119 internetow\u0105 i dzi\u0119kujemy za zainteresowanie. Poni\u017cej poinformujemy Pa\u0144stwa o zasadach post\u0119powania przy przetwarzaniu danych osobowych podczas korzystania z naszej strony internetowej. Za dane osobo\" \/>\n<meta name=\"robots\" content=\"noindex, follow\" \/>\n<meta property=\"og:locale\" content=\"pl_PL\" \/>\n<meta property=\"og:type\" content=\"article\" \/>\n<meta property=\"og:title\" content=\"Polityka prywatno\u015bci\" \/>\n<meta property=\"og:description\" content=\"Polityka prywatno\u015bci i plik\u00f3w cookies Informacje og\u00f3lne Niniejsza Polityka prywatno\u015bci i plik\u00f3w cookies okre\u015bla zasady przetwarzania i ochrony danych\" \/>\n<meta property=\"og:url\" content=\"https:\/\/positiveprints.com\/pl\/polityka-prywatnosci\/\" \/>\n<meta property=\"og:site_name\" content=\"Positive Prints\" \/>\n<meta property=\"article:publisher\" content=\"https:\/\/www.facebook.com\/positiveprintscom\" \/>\n<meta property=\"article:modified_time\" content=\"2023-03-10T14:45:19+00:00\" \/>\n<meta property=\"og:image\" content=\"https:\/\/positiveprints.com\/wp-content\/uploads\/2026\/03\/Open-graph-2026-1200x630-1.jpg\" \/>\n\t<meta property=\"og:image:width\" content=\"1200\" \/>\n\t<meta property=\"og:image:height\" content=\"630\" \/>\n\t<meta property=\"og:image:type\" content=\"image\/jpeg\" \/>\n<meta name=\"twitter:card\" content=\"summary_large_image\" \/>\n<meta name=\"twitter:label1\" content=\"Szacowany czas czytania\" \/>\n\t<meta name=\"twitter:data1\" content=\"8 minut\" \/>\n<!-- \/ Yoast SEO Premium plugin. -->","yoast_head_json":{"title":"Polityka Prywatno\u015bci - Positive Prints","description":"Cieszymy si\u0119, \u017ce odwiedzili Pa\u0144stwo nasz\u0105 stron\u0119 internetow\u0105 i dzi\u0119kujemy za zainteresowanie. Poni\u017cej poinformujemy Pa\u0144stwa o zasadach post\u0119powania przy przetwarzaniu danych osobowych podczas korzystania z naszej strony internetowej. Za dane osobo","robots":{"index":"noindex","follow":"follow"},"og_locale":"pl_PL","og_type":"article","og_title":"Polityka prywatno\u015bci","og_description":"Polityka prywatno\u015bci i plik\u00f3w cookies Informacje og\u00f3lne Niniejsza Polityka prywatno\u015bci i plik\u00f3w cookies okre\u015bla zasady przetwarzania i ochrony danych","og_url":"https:\/\/positiveprints.com\/pl\/polityka-prywatnosci\/","og_site_name":"Positive Prints","article_publisher":"https:\/\/www.facebook.com\/positiveprintscom","article_modified_time":"2023-03-10T14:45:19+00:00","og_image":[{"width":1200,"height":630,"url":"https:\/\/positiveprints.com\/wp-content\/uploads\/2026\/03\/Open-graph-2026-1200x630-1.jpg","type":"image\/jpeg"}],"twitter_card":"summary_large_image","twitter_misc":{"Szacowany czas czytania":"8 minut"},"schema":{"@context":"https:\/\/schema.org","@graph":[{"@type":"WebPage","@id":"https:\/\/positiveprints.com\/pl\/polityka-prywatnosci\/","url":"https:\/\/positiveprints.com\/pl\/polityka-prywatnosci\/","name":"Polityka Prywatno\u015bci - Positive Prints","isPartOf":{"@id":"https:\/\/positiveprints.com\/pl\/#website"},"datePublished":"2020-03-24T22:16:05+00:00","dateModified":"2023-03-10T14:45:19+00:00","description":"Cieszymy si\u0119, \u017ce odwiedzili Pa\u0144stwo nasz\u0105 stron\u0119 internetow\u0105 i dzi\u0119kujemy za zainteresowanie. Poni\u017cej poinformujemy Pa\u0144stwa o zasadach post\u0119powania przy przetwarzaniu danych osobowych podczas korzystania z naszej strony internetowej. Za dane osobo","breadcrumb":{"@id":"https:\/\/positiveprints.com\/pl\/polityka-prywatnosci\/#breadcrumb"},"inLanguage":"pl-PL","potentialAction":[{"@type":"ReadAction","target":["https:\/\/positiveprints.com\/pl\/polityka-prywatnosci\/"]}]},{"@type":"BreadcrumbList","@id":"https:\/\/positiveprints.com\/pl\/polityka-prywatnosci\/#breadcrumb","itemListElement":[{"@type":"ListItem","position":1,"name":"Home","item":"https:\/\/positiveprints.com\/pl\/"},{"@type":"ListItem","position":2,"name":"Polityka prywatno\u015bci"}]},{"@type":"WebSite","@id":"https:\/\/positiveprints.com\/pl\/#website","url":"https:\/\/positiveprints.com\/pl\/","name":"Positive Prints","description":"Amazing Custom Personalized Gifts","publisher":{"@id":"https:\/\/positiveprints.com\/pl\/#organization"},"potentialAction":[{"@type":"SearchAction","target":{"@type":"EntryPoint","urlTemplate":"https:\/\/positiveprints.com\/pl\/?s={search_term_string}"},"query-input":{"@type":"PropertyValueSpecification","valueRequired":true,"valueName":"search_term_string"}}],"inLanguage":"pl-PL"},{"@type":"Organization","@id":"https:\/\/positiveprints.com\/pl\/#organization","name":"Positive Prints","alternateName":"Positive Prints","url":"https:\/\/positiveprints.com\/pl\/","logo":{"@type":"ImageObject","inLanguage":"pl-PL","@id":"https:\/\/positiveprints.com\/pl\/#\/schema\/logo\/image\/","url":"https:\/\/positiveprints.com\/wp-content\/uploads\/2026\/03\/245815646_1337939713319158_5671353136411139666_n.png","contentUrl":"https:\/\/positiveprints.com\/wp-content\/uploads\/2026\/03\/245815646_1337939713319158_5671353136411139666_n.png","width":800,"height":800,"caption":"Positive Prints"},"image":{"@id":"https:\/\/positiveprints.com\/pl\/#\/schema\/logo\/image\/"},"sameAs":["https:\/\/www.facebook.com\/positiveprintscom","https:\/\/www.instagram.com\/positiveprintscom\/","https:\/\/www.tiktok.com\/@positiveprintscom","https:\/\/www.pinterest.com\/positiveprintscom\/"]}]}},"jetpack_sharing_enabled":true,"_links":{"self":[{"href":"https:\/\/positiveprints.com\/pl\/wp-json\/wp\/v2\/pages\/10298","targetHints":{"allow":["GET"]}}],"collection":[{"href":"https:\/\/positiveprints.com\/pl\/wp-json\/wp\/v2\/pages"}],"about":[{"href":"https:\/\/positiveprints.com\/pl\/wp-json\/wp\/v2\/types\/page"}],"author":[{"embeddable":true,"href":"https:\/\/positiveprints.com\/pl\/wp-json\/wp\/v2\/users\/1"}],"replies":[{"embeddable":true,"href":"https:\/\/positiveprints.com\/pl\/wp-json\/wp\/v2\/comments?post=10298"}],"version-history":[{"count":0,"href":"https:\/\/positiveprints.com\/pl\/wp-json\/wp\/v2\/pages\/10298\/revisions"}],"wp:attachment":[{"href":"https:\/\/positiveprints.com\/pl\/wp-json\/wp\/v2\/media?parent=10298"}],"curies":[{"name":"wp","href":"https:\/\/api.w.org\/{rel}","templated":true}]}}