{"id":10292,"date":"2020-03-24T21:37:51","date_gmt":"2020-03-24T21:37:51","guid":{"rendered":"https:\/\/positiveprints.com\/reklamacje-i-zwroty\/"},"modified":"2024-09-12T11:15:10","modified_gmt":"2024-09-12T09:15:10","slug":"reklamacje-i-zwroty","status":"publish","type":"page","link":"https:\/\/positiveprints.com\/pl\/reklamacje-i-zwroty\/","title":{"rendered":"Reklamacje i zwroty"},"content":{"rendered":"<h1 class=\"grenB\" style=\"text-align: center;\">Reklamacje i zwroty<\/h1><br>\n\nWszystkim naszym klientom staramy si\u0119 zapewnia\u0107 doskona\u0142\u0105 obs\u0142ug\u0119 pod wzgl\u0119dem: jako\u015bci wydruk\u00f3w, terminowo\u015bci dostaw, obs\u0142ugi klienta i stosunku jako\u015bci do ceny.<br><br>\n\nJe\u015bli odkryjesz w swoim zam\u00f3wieniu liter\u00f3wk\u0119 lub chcesz zmieni\u0107 tre\u015b\u0107 dedykacji, skontaktuj si\u0119 z nami jak najszybciej wysy\u0142aj\u0105c mail na adres: hello@positiveprints.com. Wszelkich zmian nale\u017cy dokona\u0107 w przeci\u0105gu<b> 2 godzin od momentu z\u0142o\u017cenia zam\u00f3wienia.<\/b> Po tym czasie, produkt b\u0119dzie ju\u017c najprawdopodobniej w druku i b\u0119dzie za p\u00f3\u017ano na edycj\u0119.<br><br>\n\nWszystkie nasze produkty s\u0105 spersonalizowane i wykonane na zam\u00f3wienie, co ogranicza nasze mo\u017cliwo\u015bci zwrotu.<br><br>\n\nZale\u017cy nam, aby\u015b  w 100% by\u0142 zadowolony z zam\u00f3wionego produktu, je\u015bli wi\u0119c:\n<ul>\n \t<li>Tw\u00f3j plakat dotar\u0142 powa\u017cnie uszkodzony,<\/li>\n \t<li>lub omy\u0142kowo otrzyma\u0142e\u015b inny wydruk ni\u017c zam\u00f3wiony<\/li>\n \t<li>lub otrzymany wydruk znacznie r\u00f3\u017cni si\u0119 od tego, co jest reklamowane na naszej stronie<\/li>\n<\/ul>\nPo prostu skontaktuj si\u0119 z nami pod adresem hello@positiveprints.com, wysy\u0142aj\u0105c zdj\u0119cie swojego plakatu z kr\u00f3tkim opisem. Zwr\u00f3cimy Ci koszt zam\u00f3wienia lub w ci\u0105gu 7 dni roboczych wy\u015blemy nowy wydruk. Nie musisz zwraca\u0107 wadliwego produktu.<br><br>\n\nPro\u015bby dotycz\u0105ce wymiany lub zwrotu akceptujemy do 30 dni po zakupie. Produkty cyfrowe nie podlegaj\u0105 zwrotom.\n\nWi\u0119cej o reklamacji i zwrotach piszemy w naszym regulaminie.","protected":false},"excerpt":{"rendered":"<p>Reklamacje i zwroty Wszystkim naszym klientom staramy si\u0119 zapewnia\u0107 doskona\u0142\u0105 obs\u0142ug\u0119 pod wzgl\u0119dem: jako\u015bci wydruk\u00f3w, terminowo\u015bci dostaw, obs\u0142ugi klienta i stosunku jako\u015bci do ceny. Je\u015bli odkryjesz w swoim zam\u00f3wieniu liter\u00f3wk\u0119 lub chcesz zmieni\u0107 tre\u015b\u0107 dedykacji, skontaktuj si\u0119 z nami jak najszybciej wysy\u0142aj\u0105c mail na adres: hello@positiveprints.com. Wszelkich zmian nale\u017cy dokona\u0107 w przeci\u0105gu 2 godzin od [&hellip;]<\/p>\n","protected":false},"author":1,"featured_media":0,"parent":0,"menu_order":0,"comment_status":"closed","ping_status":"closed","template":"informational-page.php","meta":{"footnotes":""},"class_list":["post-10292","page","type-page","status-publish","hentry"],"yoast_head":"<!-- This site is optimized with the Yoast SEO Premium plugin v27.2 (Yoast SEO v27.2) - https:\/\/yoast.com\/product\/yoast-seo-premium-wordpress\/ -->\n<title>Reklamacje i zwroty - Positive Prints<\/title>\n<meta name=\"robots\" content=\"noindex, follow\" \/>\n<meta property=\"og:locale\" content=\"pl_PL\" \/>\n<meta property=\"og:type\" content=\"article\" \/>\n<meta property=\"og:title\" content=\"Reklamacje i zwroty\" \/>\n<meta property=\"og:description\" content=\"Reklamacje i zwroty Wszystkim naszym klientom staramy si\u0119 zapewnia\u0107 doskona\u0142\u0105 obs\u0142ug\u0119 pod wzgl\u0119dem: jako\u015bci wydruk\u00f3w, terminowo\u015bci dostaw, obs\u0142ugi klienta\" \/>\n<meta property=\"og:url\" content=\"https:\/\/positiveprints.com\/pl\/reklamacje-i-zwroty\/\" \/>\n<meta property=\"og:site_name\" content=\"Positive Prints\" \/>\n<meta property=\"article:publisher\" content=\"https:\/\/www.facebook.com\/positiveprintscom\" \/>\n<meta property=\"article:modified_time\" content=\"2024-09-12T09:15:10+00:00\" \/>\n<meta property=\"og:image\" content=\"https:\/\/positiveprints.com\/wp-content\/uploads\/2026\/03\/Open-graph-2026-1200x630-1.jpg\" \/>\n\t<meta property=\"og:image:width\" content=\"1200\" \/>\n\t<meta property=\"og:image:height\" content=\"630\" \/>\n\t<meta property=\"og:image:type\" content=\"image\/jpeg\" \/>\n<meta name=\"twitter:card\" content=\"summary_large_image\" \/>\n<meta name=\"twitter:label1\" content=\"Szacowany czas czytania\" \/>\n\t<meta name=\"twitter:data1\" content=\"1 minuta\" \/>\n<!-- \/ Yoast SEO Premium plugin. -->","yoast_head_json":{"title":"Reklamacje i zwroty - Positive Prints","robots":{"index":"noindex","follow":"follow"},"og_locale":"pl_PL","og_type":"article","og_title":"Reklamacje i zwroty","og_description":"Reklamacje i zwroty Wszystkim naszym klientom staramy si\u0119 zapewnia\u0107 doskona\u0142\u0105 obs\u0142ug\u0119 pod wzgl\u0119dem: jako\u015bci wydruk\u00f3w, terminowo\u015bci dostaw, obs\u0142ugi klienta","og_url":"https:\/\/positiveprints.com\/pl\/reklamacje-i-zwroty\/","og_site_name":"Positive Prints","article_publisher":"https:\/\/www.facebook.com\/positiveprintscom","article_modified_time":"2024-09-12T09:15:10+00:00","og_image":[{"width":1200,"height":630,"url":"https:\/\/positiveprints.com\/wp-content\/uploads\/2026\/03\/Open-graph-2026-1200x630-1.jpg","type":"image\/jpeg"}],"twitter_card":"summary_large_image","twitter_misc":{"Szacowany czas czytania":"1 minuta"},"schema":{"@context":"https:\/\/schema.org","@graph":[{"@type":"WebPage","@id":"https:\/\/positiveprints.com\/pl\/reklamacje-i-zwroty\/","url":"https:\/\/positiveprints.com\/pl\/reklamacje-i-zwroty\/","name":"Reklamacje i zwroty - Positive Prints","isPartOf":{"@id":"https:\/\/positiveprints.com\/pl\/#website"},"datePublished":"2020-03-24T21:37:51+00:00","dateModified":"2024-09-12T09:15:10+00:00","breadcrumb":{"@id":"https:\/\/positiveprints.com\/pl\/reklamacje-i-zwroty\/#breadcrumb"},"inLanguage":"pl-PL","potentialAction":[{"@type":"ReadAction","target":["https:\/\/positiveprints.com\/pl\/reklamacje-i-zwroty\/"]}]},{"@type":"BreadcrumbList","@id":"https:\/\/positiveprints.com\/pl\/reklamacje-i-zwroty\/#breadcrumb","itemListElement":[{"@type":"ListItem","position":1,"name":"Home","item":"https:\/\/positiveprints.com\/pl\/"},{"@type":"ListItem","position":2,"name":"Reklamacje i zwroty"}]},{"@type":"WebSite","@id":"https:\/\/positiveprints.com\/pl\/#website","url":"https:\/\/positiveprints.com\/pl\/","name":"Positive Prints","description":"Amazing Custom Personalized Gifts","publisher":{"@id":"https:\/\/positiveprints.com\/pl\/#organization"},"potentialAction":[{"@type":"SearchAction","target":{"@type":"EntryPoint","urlTemplate":"https:\/\/positiveprints.com\/pl\/?s={search_term_string}"},"query-input":{"@type":"PropertyValueSpecification","valueRequired":true,"valueName":"search_term_string"}}],"inLanguage":"pl-PL"},{"@type":"Organization","@id":"https:\/\/positiveprints.com\/pl\/#organization","name":"Positive Prints","alternateName":"Positive Prints","url":"https:\/\/positiveprints.com\/pl\/","logo":{"@type":"ImageObject","inLanguage":"pl-PL","@id":"https:\/\/positiveprints.com\/pl\/#\/schema\/logo\/image\/","url":"https:\/\/positiveprints.com\/wp-content\/uploads\/2026\/03\/245815646_1337939713319158_5671353136411139666_n.png","contentUrl":"https:\/\/positiveprints.com\/wp-content\/uploads\/2026\/03\/245815646_1337939713319158_5671353136411139666_n.png","width":800,"height":800,"caption":"Positive Prints"},"image":{"@id":"https:\/\/positiveprints.com\/pl\/#\/schema\/logo\/image\/"},"sameAs":["https:\/\/www.facebook.com\/positiveprintscom","https:\/\/www.instagram.com\/positiveprintscom\/","https:\/\/www.tiktok.com\/@positiveprintscom","https:\/\/www.pinterest.com\/positiveprintscom\/"]}]}},"jetpack_sharing_enabled":true,"_links":{"self":[{"href":"https:\/\/positiveprints.com\/pl\/wp-json\/wp\/v2\/pages\/10292","targetHints":{"allow":["GET"]}}],"collection":[{"href":"https:\/\/positiveprints.com\/pl\/wp-json\/wp\/v2\/pages"}],"about":[{"href":"https:\/\/positiveprints.com\/pl\/wp-json\/wp\/v2\/types\/page"}],"author":[{"embeddable":true,"href":"https:\/\/positiveprints.com\/pl\/wp-json\/wp\/v2\/users\/1"}],"replies":[{"embeddable":true,"href":"https:\/\/positiveprints.com\/pl\/wp-json\/wp\/v2\/comments?post=10292"}],"version-history":[{"count":0,"href":"https:\/\/positiveprints.com\/pl\/wp-json\/wp\/v2\/pages\/10292\/revisions"}],"wp:attachment":[{"href":"https:\/\/positiveprints.com\/pl\/wp-json\/wp\/v2\/media?parent=10292"}],"curies":[{"name":"wp","href":"https:\/\/api.w.org\/{rel}","templated":true}]}}