{"id":10288,"date":"2020-03-24T20:17:19","date_gmt":"2020-03-24T20:17:19","guid":{"rendered":"https:\/\/positiveprints.com\/pobieranie-plikow\/"},"modified":"2023-03-10T15:42:24","modified_gmt":"2023-03-10T14:42:24","slug":"pobieranie-plikow","status":"publish","type":"page","link":"https:\/\/positiveprints.com\/pl\/pobieranie-plikow\/","title":{"rendered":"Pobieranie plik\u00f3w"},"content":{"rendered":"","protected":false},"excerpt":{"rendered":"","protected":false},"author":1,"featured_media":0,"parent":0,"menu_order":0,"comment_status":"closed","ping_status":"closed","template":"downloadPage.php","meta":{"footnotes":""},"class_list":["post-10288","page","type-page","status-publish","hentry"],"yoast_head":"<!-- This site is optimized with the Yoast SEO Premium plugin v27.2 (Yoast SEO v27.2) - https:\/\/yoast.com\/product\/yoast-seo-premium-wordpress\/ -->\n<title>Plakaty do samodzielnego wydruku, niebanalne prezenty na ostatni\u0105 chwil\u0119 - Positive Prints<\/title>\n<meta name=\"description\" content=\"Zapomnia\u0142e\u015b o urodzinach, Walentynkach, Dniu Kobiet? Szukasz pomys\u0142u na ostatni\u0105 chwil\u0119? Z naszym kreatoram utworzysz i od r\u0119ki pobierzesz spersonalizowany Plakat Map\u0119 lub Plakat z Faz\u0105 Ksi\u0119\u017cyca do samodzielnego wydruku!\" \/>\n<meta name=\"robots\" content=\"index, follow, max-snippet:-1, max-image-preview:large, max-video-preview:-1\" \/>\n<link rel=\"canonical\" href=\"https:\/\/positiveprints.com\/pl\/pobieranie-plikow\/\" \/>\n<meta property=\"og:locale\" content=\"pl_PL\" \/>\n<meta property=\"og:type\" content=\"article\" \/>\n<meta property=\"og:title\" content=\"Pobieranie plik\u00f3w\" \/>\n<meta property=\"og:url\" content=\"https:\/\/positiveprints.com\/pl\/pobieranie-plikow\/\" \/>\n<meta property=\"og:site_name\" content=\"Positive Prints\" \/>\n<meta property=\"article:publisher\" content=\"https:\/\/www.facebook.com\/positiveprintscom\" \/>\n<meta property=\"article:modified_time\" content=\"2023-03-10T14:42:24+00:00\" \/>\n<meta property=\"og:image\" content=\"https:\/\/positiveprints.com\/wp-content\/uploads\/2026\/03\/Open-graph-2026-1200x630-1.jpg\" \/>\n\t<meta property=\"og:image:width\" content=\"1200\" \/>\n\t<meta property=\"og:image:height\" content=\"630\" \/>\n\t<meta property=\"og:image:type\" content=\"image\/jpeg\" \/>\n<meta name=\"twitter:card\" content=\"summary_large_image\" \/>\n<!-- \/ Yoast SEO Premium plugin. -->","yoast_head_json":{"title":"Plakaty do samodzielnego wydruku, niebanalne prezenty na ostatni\u0105 chwil\u0119 - Positive Prints","description":"Zapomnia\u0142e\u015b o urodzinach, Walentynkach, Dniu Kobiet? Szukasz pomys\u0142u na ostatni\u0105 chwil\u0119? Z naszym kreatoram utworzysz i od r\u0119ki pobierzesz spersonalizowany Plakat Map\u0119 lub Plakat z Faz\u0105 Ksi\u0119\u017cyca do samodzielnego wydruku!","robots":{"index":"index","follow":"follow","max-snippet":"max-snippet:-1","max-image-preview":"max-image-preview:large","max-video-preview":"max-video-preview:-1"},"canonical":"https:\/\/positiveprints.com\/pl\/pobieranie-plikow\/","og_locale":"pl_PL","og_type":"article","og_title":"Pobieranie plik\u00f3w","og_url":"https:\/\/positiveprints.com\/pl\/pobieranie-plikow\/","og_site_name":"Positive Prints","article_publisher":"https:\/\/www.facebook.com\/positiveprintscom","article_modified_time":"2023-03-10T14:42:24+00:00","og_image":[{"width":1200,"height":630,"url":"https:\/\/positiveprints.com\/wp-content\/uploads\/2026\/03\/Open-graph-2026-1200x630-1.jpg","type":"image\/jpeg"}],"twitter_card":"summary_large_image","schema":{"@context":"https:\/\/schema.org","@graph":[{"@type":"WebPage","@id":"https:\/\/positiveprints.com\/pl\/pobieranie-plikow\/","url":"https:\/\/positiveprints.com\/pl\/pobieranie-plikow\/","name":"Plakaty do samodzielnego wydruku, niebanalne prezenty na ostatni\u0105 chwil\u0119 - Positive Prints","isPartOf":{"@id":"https:\/\/positiveprints.com\/pl\/#website"},"datePublished":"2020-03-24T20:17:19+00:00","dateModified":"2023-03-10T14:42:24+00:00","description":"Zapomnia\u0142e\u015b o urodzinach, Walentynkach, Dniu Kobiet? Szukasz pomys\u0142u na ostatni\u0105 chwil\u0119? Z naszym kreatoram utworzysz i od r\u0119ki pobierzesz spersonalizowany Plakat Map\u0119 lub Plakat z Faz\u0105 Ksi\u0119\u017cyca do samodzielnego wydruku!","breadcrumb":{"@id":"https:\/\/positiveprints.com\/pl\/pobieranie-plikow\/#breadcrumb"},"inLanguage":"pl-PL","potentialAction":[{"@type":"ReadAction","target":["https:\/\/positiveprints.com\/pl\/pobieranie-plikow\/"]}]},{"@type":"BreadcrumbList","@id":"https:\/\/positiveprints.com\/pl\/pobieranie-plikow\/#breadcrumb","itemListElement":[{"@type":"ListItem","position":1,"name":"Home","item":"https:\/\/positiveprints.com\/pl\/"},{"@type":"ListItem","position":2,"name":"Pobieranie plik\u00f3w"}]},{"@type":"WebSite","@id":"https:\/\/positiveprints.com\/pl\/#website","url":"https:\/\/positiveprints.com\/pl\/","name":"Positive Prints","description":"Amazing Custom Personalized Gifts","publisher":{"@id":"https:\/\/positiveprints.com\/pl\/#organization"},"potentialAction":[{"@type":"SearchAction","target":{"@type":"EntryPoint","urlTemplate":"https:\/\/positiveprints.com\/pl\/?s={search_term_string}"},"query-input":{"@type":"PropertyValueSpecification","valueRequired":true,"valueName":"search_term_string"}}],"inLanguage":"pl-PL"},{"@type":"Organization","@id":"https:\/\/positiveprints.com\/pl\/#organization","name":"Positive Prints","alternateName":"Positive Prints","url":"https:\/\/positiveprints.com\/pl\/","logo":{"@type":"ImageObject","inLanguage":"pl-PL","@id":"https:\/\/positiveprints.com\/pl\/#\/schema\/logo\/image\/","url":"https:\/\/positiveprints.com\/wp-content\/uploads\/2026\/03\/245815646_1337939713319158_5671353136411139666_n.png","contentUrl":"https:\/\/positiveprints.com\/wp-content\/uploads\/2026\/03\/245815646_1337939713319158_5671353136411139666_n.png","width":800,"height":800,"caption":"Positive Prints"},"image":{"@id":"https:\/\/positiveprints.com\/pl\/#\/schema\/logo\/image\/"},"sameAs":["https:\/\/www.facebook.com\/positiveprintscom","https:\/\/www.instagram.com\/positiveprintscom\/","https:\/\/www.tiktok.com\/@positiveprintscom","https:\/\/www.pinterest.com\/positiveprintscom\/"]}]}},"jetpack_sharing_enabled":true,"_links":{"self":[{"href":"https:\/\/positiveprints.com\/pl\/wp-json\/wp\/v2\/pages\/10288","targetHints":{"allow":["GET"]}}],"collection":[{"href":"https:\/\/positiveprints.com\/pl\/wp-json\/wp\/v2\/pages"}],"about":[{"href":"https:\/\/positiveprints.com\/pl\/wp-json\/wp\/v2\/types\/page"}],"author":[{"embeddable":true,"href":"https:\/\/positiveprints.com\/pl\/wp-json\/wp\/v2\/users\/1"}],"replies":[{"embeddable":true,"href":"https:\/\/positiveprints.com\/pl\/wp-json\/wp\/v2\/comments?post=10288"}],"version-history":[{"count":0,"href":"https:\/\/positiveprints.com\/pl\/wp-json\/wp\/v2\/pages\/10288\/revisions"}],"wp:attachment":[{"href":"https:\/\/positiveprints.com\/pl\/wp-json\/wp\/v2\/media?parent=10288"}],"curies":[{"name":"wp","href":"https:\/\/api.w.org\/{rel}","templated":true}]}}