{"id":469619,"date":"2023-04-19T16:09:12","date_gmt":"2023-04-19T15:09:12","guid":{"rendered":"https:\/\/positiveprints.com\/product\/home-coordinaten-bord\/"},"modified":"2026-04-18T05:56:23","modified_gmt":"2026-04-18T04:56:23","slug":"thuis-coordinaten-teken","status":"publish","type":"product","link":"https:\/\/positiveprints.com\/nl\/product\/thuis-coordinaten-teken\/","title":{"rendered":"Home Co\u00f6rdinaten Bord"},"content":{"rendered":"<h2 class=\"grenB f24 cblue\">Waarom een bord met huisco\u00f6rdinaten maken?<\/h2>\n\n<p style=\"margin-top: 1rem\">Wat voor dag je ook hebt gehad of wat het leven je ook toewerpt, er gaat niets boven thuis om alles weer goed te maken. Thuis is een speciale plek, die voor ieder mens iets unieks betekent. Daarom zijn onze aangepaste Home Coordinates borden een favoriet onderdeel van onze collectie <a href=\"https:\/\/positiveprints.com\/product\/coordinates-art\/\">co\u00f6rdinaatgeschenken<\/a>.\n<\/p>\n\n<p style=\"margin-top: 1rem\">Een huisco\u00f6rdinatenbord gebruikt de <a href=\"https:\/\/en.wikipedia.org\/wiki\/Global_Positioning_System\">GPS-co\u00f6rdinaten<\/a> van je huis en maakt er een kunstwerk van. Elk bord is uniek omdat geen twee huizen waar ook ter wereld dezelfde co\u00f6rdinaten hebben. Het is een bijzonder soort kunst, niet alleen voor jou maar ook voor je huis. Zelfs als je verhuist, kun je een klein stukje van je vroegere huis meenemen en al die herinneringen die je hebt gemaakt vasthouden.\n<\/p>\n\n\n<h2 class=\"grenB f24 cblue\" style=\"margin-top: 3rem\">GPS Thuis Co\u00f6rdinaten Bord Cadeau Idee\u00ebn\n<\/h2>\n\n<p style=\"margin-top: 1rem\">Net als de andere soorten kunst in onze collectie is ons GPS co\u00f6rdinaten bord een uitstekend geschenk voor vele gelegenheden. Onze klanten kunnen in de rol van professionele kunstenaar stappen met onze interactieve ontwerp-editor en in slechts enkele minuten een unieke muurkunst maken.  <br><br>Onze huisco\u00f6rdinaten print is perfect voor <a href=\"https:\/\/positiveprints.com\/housewarming-gifts\/\">housewarming cadeaus<\/a><\/p>\n\n<p style=\"margin-top: 1rem\">Elk kunstwerk bevat door jou gekozen details. We hebben het basisontwerp ontwikkeld en er GPS-technologie in verwerkt &#8211; je hoeft het alleen nog maar af te maken!\n<\/p>\n\n<h2 class=\"grenB f24 cblue\" style=\"margin-top: 3rem\">Maak een Home Coordinates Sign met Positive Prints\n<\/h2>\n\n<p style=\"margin-top: 1rem\">Wij leggen onze kunsttechnologie in jouw handen om je huisco\u00f6rdinatenbord te maken. Dit is hoe het werkt:<\/p>\n\n<h3 class=\"grenB f18 cblue\" style=\"margin-top: 3rem\">Stap 1: Kies je basisontwerp.<\/h3>\n\n<p style=\"margin-top: 1rem\">Onze interactieve editor heeft twee prachtige ontwerpen waaruit je kunt kiezen, afhankelijk van je persoonlijke smaak. Combineer je ontwerp met een van onze vakkundig vervaardigde kleurenschema&#8217;s, of maak je eigen kleurenschema dat bij je interieur past.\n<\/p>\n\n<h3 class=\"grenB f18 cblue\" style=\"margin-top: 3rem\">Stap 2: Voer het adres van je huis en andere gegevens in.<\/h3>\n\n<p style=\"margin-top: 1rem\">We gebruiken GPS-technologie om de co\u00f6rdinaten van je huis te verifi\u00ebren op basis van je adres. Je kunt ook tot twee regels tekst invoeren om je afdruk nog betekenisvoller te maken.  <\/p>\n\n<h3 class=\"grenB f18 cblue\" style=\"margin-top: 3rem\">Stap 3: Selecteer levering en afdrukformaat.<\/h3>\n\n<p style=\"margin-top: 1rem\">We kunnen je drukwerk overal ter wereld bezorgen. Je kunt ook kiezen uit meerdere afdrukformaten, formaten en ori\u00ebntaties.\n<\/p>\n\n<p style=\"margin-top: 1rem\">Binnen enkele minuten kun je het ontwerp van je huisco\u00f6rdinatenkunst tot leven zien komen, het bestellen, en je cadeauwinkelen als gedaan beschouwen!<\/p>\n\n<h2 class=\"grenB f24 cblue\" style=\"margin-top: 3rem\">Thuis is waar het hart is\n<\/h2>\n\n<p style=\"margin-top: 1rem\">Het huis dat je hebt gebouwd is een bijzondere plek, \u00e9\u00e9n vol herinneringen, liefde en gelach. Vier dit essenti\u00eble stuk van je leven met een op maat gemaakt bord voor thuisco\u00f6rdinaten. Elke prent is uniek en het waard om te delen met iedereen die je huis binnenkomt. Begin met het maken van je hier.\n<\/p>","protected":false},"excerpt":{"rendered":"\n<ul class=\"check-list\">\n<li>Geef een persoonlijk tintje aan je interieur met ons Home Coordinates bord.<\/li>\n<li>Voeg een betekenisvolle persoonlijke tekst toe<\/li>\n<li>Aanpassen in 3 eenvoudige stappen<\/li>\n<li>Kies een sjabloon of word creatief<\/li>\n<li>Zie het resultaat direct \u2013 de interactieve preview stelt je in staat om elk detail te verfijnen<\/li>\n<\/ul>\n","protected":false},"featured_media":204760,"template":"","meta":[],"product_brand":[],"product_cat":[7174],"product_tag":[8502],"class_list":{"0":"post-469619","1":"product","2":"type-product","3":"status-publish","4":"has-post-thumbnail","6":"product_cat-coordinates-nl","7":"product_tag-housewarming-nl","9":"first","10":"instock","11":"sale","12":"taxable","13":"shipping-taxable","14":"purchasable","15":"product-type-variable"},"yoast_head":"<!-- This site is optimized with the Yoast SEO Premium plugin v27.2 (Yoast SEO v27.2) - https:\/\/yoast.com\/product\/yoast-seo-premium-wordpress\/ -->\n<title>Home Coordinates Sign - Custom Home Sign - Positive Prints<\/title>\n<meta name=\"description\" content=\"Er gaat werkelijk niets boven thuis. Waar je ook rondzwerft, laat je herinneren aan de plek die van jou is met een bord voor thuisco\u00f6rdinaten.\" \/>\n<meta name=\"robots\" content=\"index, follow, max-snippet:-1, max-image-preview:large, max-video-preview:-1\" \/>\n<link rel=\"canonical\" href=\"https:\/\/positiveprints.com\/nl\/product\/thuis-coordinaten-teken\/\" \/>\n<meta property=\"og:locale\" content=\"nl_NL\" \/>\n<meta property=\"og:type\" content=\"article\" \/>\n<meta property=\"og:title\" content=\"Home Co\u00f6rdinaten Bord\" \/>\n<meta property=\"og:description\" content=\"Geef een persoonlijk tintje aan je interieur met ons Home Coordinates bord.               Voeg een betekenisvolle persoonlijke tekst toe               Aanpassen in 3 eenvoudige stappen               Kies een sjabloon of word creatief               Zie het resultaat direct \u2013 de interactieve preview stelt je in staat om elk detail te verfijnen\" \/>\n<meta property=\"og:url\" content=\"https:\/\/positiveprints.com\/nl\/product\/thuis-coordinaten-teken\/\" \/>\n<meta property=\"og:site_name\" content=\"Positive Prints\" \/>\n<meta property=\"article:publisher\" content=\"https:\/\/www.facebook.com\/positiveprintscom\" \/>\n<meta property=\"article:modified_time\" content=\"2026-04-18T04:56:23+00:00\" \/>\n<meta property=\"og:image\" content=\"https:\/\/positiveprints.com\/wp-content\/uploads\/2021\/11\/home-coordinates-sign.jpg\" \/>\n\t<meta property=\"og:image:width\" content=\"1080\" \/>\n\t<meta property=\"og:image:height\" content=\"1080\" \/>\n\t<meta property=\"og:image:type\" content=\"image\/jpeg\" \/>\n<meta name=\"twitter:card\" content=\"summary_large_image\" \/>\n<meta name=\"twitter:label1\" content=\"Geschatte leestijd\" \/>\n\t<meta name=\"twitter:data1\" content=\"2 minuut\" \/>\n<!-- \/ Yoast SEO Premium plugin. -->","yoast_head_json":{"title":"Home Coordinates Sign - Custom Home Sign - Positive Prints","description":"Er gaat werkelijk niets boven thuis. Waar je ook rondzwerft, laat je herinneren aan de plek die van jou is met een bord voor thuisco\u00f6rdinaten.","robots":{"index":"index","follow":"follow","max-snippet":"max-snippet:-1","max-image-preview":"max-image-preview:large","max-video-preview":"max-video-preview:-1"},"canonical":"https:\/\/positiveprints.com\/nl\/product\/thuis-coordinaten-teken\/","og_locale":"nl_NL","og_type":"article","og_title":"Home Co\u00f6rdinaten Bord","og_description":"Geef een persoonlijk tintje aan je interieur met ons Home Coordinates bord.               Voeg een betekenisvolle persoonlijke tekst toe               Aanpassen in 3 eenvoudige stappen               Kies een sjabloon of word creatief               Zie het resultaat direct \u2013 de interactieve preview stelt je in staat om elk detail te verfijnen","og_url":"https:\/\/positiveprints.com\/nl\/product\/thuis-coordinaten-teken\/","og_site_name":"Positive Prints","article_publisher":"https:\/\/www.facebook.com\/positiveprintscom","article_modified_time":"2026-04-18T04:56:23+00:00","og_image":[{"width":1080,"height":1080,"url":"https:\/\/positiveprints.com\/wp-content\/uploads\/2021\/11\/home-coordinates-sign.jpg","type":"image\/jpeg"}],"twitter_card":"summary_large_image","twitter_misc":{"Geschatte leestijd":"2 minuut"},"schema":{"@context":"https:\/\/schema.org","@graph":[{"@type":["WebPage","ItemPage"],"@id":"https:\/\/positiveprints.com\/nl\/product\/thuis-coordinaten-teken\/","url":"https:\/\/positiveprints.com\/nl\/product\/thuis-coordinaten-teken\/","name":"Home Coordinates Sign - Custom Home Sign - Positive Prints","isPartOf":{"@id":"https:\/\/positiveprints.com\/nl\/#website"},"primaryImageOfPage":{"@id":"https:\/\/positiveprints.com\/nl\/product\/thuis-coordinaten-teken\/#primaryimage"},"image":{"@id":"https:\/\/positiveprints.com\/nl\/product\/thuis-coordinaten-teken\/#primaryimage"},"thumbnailUrl":"https:\/\/positiveprints.com\/wp-content\/uploads\/2021\/11\/home-coordinates-sign.jpg","datePublished":"2023-04-19T15:09:12+00:00","dateModified":"2026-04-18T04:56:23+00:00","description":"Er gaat werkelijk niets boven thuis. Waar je ook rondzwerft, laat je herinneren aan de plek die van jou is met een bord voor thuisco\u00f6rdinaten.","breadcrumb":{"@id":"https:\/\/positiveprints.com\/nl\/product\/thuis-coordinaten-teken\/#breadcrumb"},"inLanguage":"nl-NL","potentialAction":[{"@type":"ReadAction","target":["https:\/\/positiveprints.com\/nl\/product\/thuis-coordinaten-teken\/"]}]},{"@type":"ImageObject","inLanguage":"nl-NL","@id":"https:\/\/positiveprints.com\/nl\/product\/thuis-coordinaten-teken\/#primaryimage","url":"https:\/\/positiveprints.com\/wp-content\/uploads\/2021\/11\/home-coordinates-sign.jpg","contentUrl":"https:\/\/positiveprints.com\/wp-content\/uploads\/2021\/11\/home-coordinates-sign.jpg","width":1080,"height":1080,"caption":"Het huisco\u00f6rdinatenbord toont de exacte GPS-co\u00f6rdinaten van je huis"},{"@type":"BreadcrumbList","@id":"https:\/\/positiveprints.com\/nl\/product\/thuis-coordinaten-teken\/#breadcrumb","itemListElement":[{"@type":"ListItem","position":1,"name":"Home","item":"https:\/\/positiveprints.com\/nl\/"},{"@type":"ListItem","position":2,"name":"Producten","item":"https:\/\/positiveprints.com\/nl\/shop\/"},{"@type":"ListItem","position":3,"name":"Home Co\u00f6rdinaten Bord"}]},{"@type":"WebSite","@id":"https:\/\/positiveprints.com\/nl\/#website","url":"https:\/\/positiveprints.com\/nl\/","name":"Positive Prints","description":"Amazing Custom Personalized Gifts","publisher":{"@id":"https:\/\/positiveprints.com\/nl\/#organization"},"potentialAction":[{"@type":"SearchAction","target":{"@type":"EntryPoint","urlTemplate":"https:\/\/positiveprints.com\/nl\/?s={search_term_string}"},"query-input":{"@type":"PropertyValueSpecification","valueRequired":true,"valueName":"search_term_string"}}],"inLanguage":"nl-NL"},{"@type":"Organization","@id":"https:\/\/positiveprints.com\/nl\/#organization","name":"Positive Prints","alternateName":"Positive Prints","url":"https:\/\/positiveprints.com\/nl\/","logo":{"@type":"ImageObject","inLanguage":"nl-NL","@id":"https:\/\/positiveprints.com\/nl\/#\/schema\/logo\/image\/","url":"https:\/\/positiveprints.com\/wp-content\/uploads\/2026\/03\/245815646_1337939713319158_5671353136411139666_n.png","contentUrl":"https:\/\/positiveprints.com\/wp-content\/uploads\/2026\/03\/245815646_1337939713319158_5671353136411139666_n.png","width":800,"height":800,"caption":"Positive Prints"},"image":{"@id":"https:\/\/positiveprints.com\/nl\/#\/schema\/logo\/image\/"},"sameAs":["https:\/\/www.facebook.com\/positiveprintscom","https:\/\/www.instagram.com\/positiveprintscom\/","https:\/\/www.tiktok.com\/@positiveprintscom","https:\/\/www.pinterest.com\/positiveprintscom\/"]}]}},"jetpack_sharing_enabled":true,"_links":{"self":[{"href":"https:\/\/positiveprints.com\/nl\/wp-json\/wp\/v2\/product\/469619","targetHints":{"allow":["GET"]}}],"collection":[{"href":"https:\/\/positiveprints.com\/nl\/wp-json\/wp\/v2\/product"}],"about":[{"href":"https:\/\/positiveprints.com\/nl\/wp-json\/wp\/v2\/types\/product"}],"wp:featuredmedia":[{"embeddable":true,"href":"https:\/\/positiveprints.com\/nl\/wp-json\/wp\/v2\/media\/204760"}],"wp:attachment":[{"href":"https:\/\/positiveprints.com\/nl\/wp-json\/wp\/v2\/media?parent=469619"}],"wp:term":[{"taxonomy":"product_brand","embeddable":true,"href":"https:\/\/positiveprints.com\/nl\/wp-json\/wp\/v2\/product_brand?post=469619"},{"taxonomy":"product_cat","embeddable":true,"href":"https:\/\/positiveprints.com\/nl\/wp-json\/wp\/v2\/product_cat?post=469619"},{"taxonomy":"product_tag","embeddable":true,"href":"https:\/\/positiveprints.com\/nl\/wp-json\/wp\/v2\/product_tag?post=469619"}],"curies":[{"name":"wp","href":"https:\/\/api.w.org\/{rel}","templated":true}]}}