{"id":1106486,"date":"2024-04-26T10:19:49","date_gmt":"2024-04-26T09:19:49","guid":{"rendered":"https:\/\/positiveprints.com\/product\/italie-kaart-kunst\/"},"modified":"2026-04-23T11:03:59","modified_gmt":"2026-04-23T10:03:59","slug":"italie-kaart","status":"publish","type":"product","link":"https:\/\/positiveprints.com\/nl\/product\/italie-kaart\/","title":{"rendered":"Itali\u00eb Kaart Kunst"},"content":{"rendered":"<p>Maak van je herinneringen aan Itali\u00eb een prachtig kunstwerk met onze Itali\u00eb Kaart Kunst. Maar wat maakt deze persoonlijke print zo bijzonder?<\/p>\r\n\r\n<h2>Maak je eigen Itali\u00eb-kaartkunst<\/h2>\r\n\r\n<p>Met onze Itali\u00eb Kaart Kunst kun je de omtrek van Itali\u00eb aanpassen met kleuren naar keuze, waardoor je een uniek en visueel boeiend kunstwerk cre\u00ebert. Kies uit verschillende stijlen en kleuren die passen bij je inrichting en persoonlijke smaak.<\/p>\r\n\r\n<p>Kies Itali\u00eb uit onze landenlijst en personaliseer je afdruk verder door een hartmarkering toe te voegen om de exacte plek te markeren waar iets speciaals is gebeurd. Of het nu gaat om de locatie van een gedenkwaardige vakantie, een romantisch uitje of een dierbaar moment, de hartmarker voegt een extra laag betekenis toe aan je afdruk.<\/p>\r\n\r\n<p>Voeg een eigen boodschap of titel toe om je Itali\u00eb Kaart Kunst nog persoonlijker en betekenisvoller te maken. Of het nu een titel is die een speciale gelegenheid herdenkt of een hartelijke boodschap die je liefde voor Itali\u00eb uitdrukt, de aanpassingsmogelijkheden zijn eindeloos.<\/p>\r\n\r\n<h2>Itali\u00eb Kaart Kunst als Cadeau<\/h2>\r\n\r\n<p>Op zoek naar het perfecte cadeau voor iemand die van Itali\u00eb houdt? Onze Itali\u00eb Kaart Kunst is een doordachte en unieke manier om hun band met dit prachtige land te vieren. Stel je de vreugde op hun gezicht voor als ze een persoonlijke afdruk ontvangen die hun favoriete plek in Itali\u00eb vastlegt, gevuld met kleuren die herinneringen en emoties oproepen.<\/p>\r\n\r\n<p>Of je het nu thuis, op kantoor of als cadeau ophangt, onze Itali\u00eb Kaart Kunst roept zeker dierbare herinneringen op en cre\u00ebert een gevoel van verbondenheid met deze geliefde bestemming. Dus waarom wachten? Maak vandaag nog je persoonlijke stukje Itali\u00eb en laat je herinneringen tot leven komen in levendige kleuren!<\/p>","protected":false},"excerpt":{"rendered":"<ul class=\"check-list\">\n<li>Versier je huis met een prachtige kaart van je favoriete land<\/li>\n<li>Markeer een speciale plek met een gekozen symbool<\/li>\n<li>Aanpassen in 3 eenvoudige stappen<\/li>\n<li>Kies een sjabloon of word creatief<\/li>\n<li>Zie het resultaat direct \u2013 de interactieve preview stelt je in staat om elk detail te verfijnen<\/li>\n<\/ul>\n","protected":false},"featured_media":1104913,"template":"","meta":[],"product_brand":[],"product_cat":[5443,9166,10591],"product_tag":[9709],"class_list":{"0":"post-1106486","1":"product","2":"type-product","3":"status-publish","4":"has-post-thumbnail","6":"product_cat-alle-producten-nl","7":"product_cat-contour-nl","8":"product_cat-plaatsen","9":"product_tag-italie-nl","11":"first","12":"instock","13":"sale","14":"taxable","15":"shipping-taxable","16":"purchasable","17":"product-type-variable"},"yoast_head":"<!-- This site is optimized with the Yoast SEO Premium plugin v27.2 (Yoast SEO v27.2) - https:\/\/yoast.com\/product\/yoast-seo-premium-wordpress\/ -->\n<title>Itali\u00eb Kaart Kunst - Positieve Prints<\/title>\n<meta name=\"description\" content=\"Op zoek naar het perfecte cadeau voor iemand die van Itali\u00eb houdt? Onze Itali\u00eb Kaart Kunst is een doordachte en unieke manier om hun band met dit land te vieren.\" \/>\n<meta name=\"robots\" content=\"index, follow, max-snippet:-1, max-image-preview:large, max-video-preview:-1\" \/>\n<link rel=\"canonical\" href=\"https:\/\/positiveprints.com\/nl\/product\/italie-kaart\/\" \/>\n<meta property=\"og:locale\" content=\"nl_NL\" \/>\n<meta property=\"og:type\" content=\"article\" \/>\n<meta property=\"og:title\" content=\"Itali\u00eb Kaart Kunst\" \/>\n<meta property=\"og:description\" content=\"Versier je huis met een prachtige kaart van je favoriete land Markeer een speciale plek met een gekozen symbool Aanpassen in 3 eenvoudige stappen Kies een sjabloon of word creatief Zie het resultaat direct \u2013 de interactieve preview stelt je in staat om elk detail te verfijnen\" \/>\n<meta property=\"og:url\" content=\"https:\/\/positiveprints.com\/nl\/product\/italie-kaart\/\" \/>\n<meta property=\"og:site_name\" content=\"Positive Prints\" \/>\n<meta property=\"article:publisher\" content=\"https:\/\/www.facebook.com\/positiveprintscom\" \/>\n<meta property=\"article:modified_time\" content=\"2026-04-23T10:03:59+00:00\" \/>\n<meta property=\"og:image\" content=\"https:\/\/positiveprints.com\/wp-content\/uploads\/2024\/04\/italy-map-print.jpg\" \/>\n\t<meta property=\"og:image:width\" content=\"1080\" \/>\n\t<meta property=\"og:image:height\" content=\"1080\" \/>\n\t<meta property=\"og:image:type\" content=\"image\/jpeg\" \/>\n<meta name=\"twitter:card\" content=\"summary_large_image\" \/>\n<!-- \/ Yoast SEO Premium plugin. -->","yoast_head_json":{"title":"Itali\u00eb Kaart Kunst - Positieve Prints","description":"Op zoek naar het perfecte cadeau voor iemand die van Itali\u00eb houdt? Onze Itali\u00eb Kaart Kunst is een doordachte en unieke manier om hun band met dit land te vieren.","robots":{"index":"index","follow":"follow","max-snippet":"max-snippet:-1","max-image-preview":"max-image-preview:large","max-video-preview":"max-video-preview:-1"},"canonical":"https:\/\/positiveprints.com\/nl\/product\/italie-kaart\/","og_locale":"nl_NL","og_type":"article","og_title":"Itali\u00eb Kaart Kunst","og_description":"Versier je huis met een prachtige kaart van je favoriete land Markeer een speciale plek met een gekozen symbool Aanpassen in 3 eenvoudige stappen Kies een sjabloon of word creatief Zie het resultaat direct \u2013 de interactieve preview stelt je in staat om elk detail te verfijnen","og_url":"https:\/\/positiveprints.com\/nl\/product\/italie-kaart\/","og_site_name":"Positive Prints","article_publisher":"https:\/\/www.facebook.com\/positiveprintscom","article_modified_time":"2026-04-23T10:03:59+00:00","og_image":[{"width":1080,"height":1080,"url":"https:\/\/positiveprints.com\/wp-content\/uploads\/2024\/04\/italy-map-print.jpg","type":"image\/jpeg"}],"twitter_card":"summary_large_image","schema":{"@context":"https:\/\/schema.org","@graph":[{"@type":["WebPage","ItemPage"],"@id":"https:\/\/positiveprints.com\/nl\/product\/italie-kaart\/","url":"https:\/\/positiveprints.com\/nl\/product\/italie-kaart\/","name":"Itali\u00eb Kaart Kunst - Positieve Prints","isPartOf":{"@id":"https:\/\/positiveprints.com\/nl\/#website"},"primaryImageOfPage":{"@id":"https:\/\/positiveprints.com\/nl\/product\/italie-kaart\/#primaryimage"},"image":{"@id":"https:\/\/positiveprints.com\/nl\/product\/italie-kaart\/#primaryimage"},"thumbnailUrl":"https:\/\/positiveprints.com\/wp-content\/uploads\/2024\/04\/italy-map-print.jpg","datePublished":"2024-04-26T09:19:49+00:00","dateModified":"2026-04-23T10:03:59+00:00","description":"Op zoek naar het perfecte cadeau voor iemand die van Itali\u00eb houdt? Onze Itali\u00eb Kaart Kunst is een doordachte en unieke manier om hun band met dit land te vieren.","breadcrumb":{"@id":"https:\/\/positiveprints.com\/nl\/product\/italie-kaart\/#breadcrumb"},"inLanguage":"nl-NL","potentialAction":[{"@type":"ReadAction","target":["https:\/\/positiveprints.com\/nl\/product\/italie-kaart\/"]}]},{"@type":"ImageObject","inLanguage":"nl-NL","@id":"https:\/\/positiveprints.com\/nl\/product\/italie-kaart\/#primaryimage","url":"https:\/\/positiveprints.com\/wp-content\/uploads\/2024\/04\/italy-map-print.jpg","contentUrl":"https:\/\/positiveprints.com\/wp-content\/uploads\/2024\/04\/italy-map-print.jpg","width":1080,"height":1080,"caption":"itali\u00eb kaart print"},{"@type":"BreadcrumbList","@id":"https:\/\/positiveprints.com\/nl\/product\/italie-kaart\/#breadcrumb","itemListElement":[{"@type":"ListItem","position":1,"name":"Home","item":"https:\/\/positiveprints.com\/nl\/"},{"@type":"ListItem","position":2,"name":"Producten","item":"https:\/\/positiveprints.com\/nl\/shop\/"},{"@type":"ListItem","position":3,"name":"Itali\u00eb Kaart Kunst"}]},{"@type":"WebSite","@id":"https:\/\/positiveprints.com\/nl\/#website","url":"https:\/\/positiveprints.com\/nl\/","name":"Positive Prints","description":"Amazing Custom Personalized Gifts","publisher":{"@id":"https:\/\/positiveprints.com\/nl\/#organization"},"potentialAction":[{"@type":"SearchAction","target":{"@type":"EntryPoint","urlTemplate":"https:\/\/positiveprints.com\/nl\/?s={search_term_string}"},"query-input":{"@type":"PropertyValueSpecification","valueRequired":true,"valueName":"search_term_string"}}],"inLanguage":"nl-NL"},{"@type":"Organization","@id":"https:\/\/positiveprints.com\/nl\/#organization","name":"Positive Prints","alternateName":"Positive Prints","url":"https:\/\/positiveprints.com\/nl\/","logo":{"@type":"ImageObject","inLanguage":"nl-NL","@id":"https:\/\/positiveprints.com\/nl\/#\/schema\/logo\/image\/","url":"https:\/\/positiveprints.com\/wp-content\/uploads\/2026\/03\/245815646_1337939713319158_5671353136411139666_n.png","contentUrl":"https:\/\/positiveprints.com\/wp-content\/uploads\/2026\/03\/245815646_1337939713319158_5671353136411139666_n.png","width":800,"height":800,"caption":"Positive Prints"},"image":{"@id":"https:\/\/positiveprints.com\/nl\/#\/schema\/logo\/image\/"},"sameAs":["https:\/\/www.facebook.com\/positiveprintscom","https:\/\/www.instagram.com\/positiveprintscom\/","https:\/\/www.tiktok.com\/@positiveprintscom","https:\/\/www.pinterest.com\/positiveprintscom\/"]}]}},"jetpack_sharing_enabled":true,"_links":{"self":[{"href":"https:\/\/positiveprints.com\/nl\/wp-json\/wp\/v2\/product\/1106486","targetHints":{"allow":["GET"]}}],"collection":[{"href":"https:\/\/positiveprints.com\/nl\/wp-json\/wp\/v2\/product"}],"about":[{"href":"https:\/\/positiveprints.com\/nl\/wp-json\/wp\/v2\/types\/product"}],"wp:featuredmedia":[{"embeddable":true,"href":"https:\/\/positiveprints.com\/nl\/wp-json\/wp\/v2\/media\/1104913"}],"wp:attachment":[{"href":"https:\/\/positiveprints.com\/nl\/wp-json\/wp\/v2\/media?parent=1106486"}],"wp:term":[{"taxonomy":"product_brand","embeddable":true,"href":"https:\/\/positiveprints.com\/nl\/wp-json\/wp\/v2\/product_brand?post=1106486"},{"taxonomy":"product_cat","embeddable":true,"href":"https:\/\/positiveprints.com\/nl\/wp-json\/wp\/v2\/product_cat?post=1106486"},{"taxonomy":"product_tag","embeddable":true,"href":"https:\/\/positiveprints.com\/nl\/wp-json\/wp\/v2\/product_tag?post=1106486"}],"curies":[{"name":"wp","href":"https:\/\/api.w.org\/{rel}","templated":true}]}}