{"id":978388,"date":"2023-10-08T21:53:59","date_gmt":"2023-10-08T20:53:59","guid":{"rendered":"https:\/\/positiveprints.com\/?post_type=product&#038;p=978388"},"modified":"2026-04-18T05:01:30","modified_gmt":"2026-04-18T04:01:30","slug":"mappa-personalizzata-effetto-acquerello","status":"publish","type":"product","link":"https:\/\/positiveprints.com\/it\/prodotto\/mappa-personalizzata-effetto-acquerello\/","title":{"rendered":"Mappa Personalizzata Effetto Acquerello"},"content":{"rendered":"<p style=\"margin-top: 1rem;\">Se sei alla ricerca di un regalo autentico e senza eguali, non cercare oltre: la nostra Mappa Personalizzata Effetto Acquerello \u00e8 quello che fa per te. Questo regalo personalizzato \u00e8 il modo migliore per celebrare eventi speciali, come anniversari, matrimoni, fidanzamenti e inaugurazioni. Grazie al nostro editor online, puoi personalizzare la tua opera d\u2019arte in pochi semplici passaggi.<\/p>\r\n\r\n<h2 class=\"grenB f24 cblue\" style=\"margin-top: 3rem;\">Dai Vita ai Tuoi Ricordi con la Mappa Personalizzata Effetto Acquerello<\/h2>\r\n<p style=\"margin-top: 1rem;\">La nostra Mappa Personalizzata Effetto Acquerello ti permette di creare una stampa originale, catturando l&#8217;essenza di un luogo speciale o gli attimi di un momento indimenticabile. Inizia selezionando lo stile che preferisci e scegli tra una vasta gamma di palette colori per dar vita a una mappa incredibilmente suggestiva in stile acquerello. Se in te si nasconde un animo artistico, hai anche la possibilit\u00e0 di esprimere la tua creativit\u00e0 selezionando uno sfondo e un colore per riempire la superficie del luogo che hai scelto.<\/p>\r\n<p style=\"margin-top: 1rem;\">Dopodich\u00e9, personalizza ancora di pi\u00f9 la tua mappa aggiungendo un indicatore di posizione a forma di cuore per ricordare il punto esatto in cui la tua magia \u00e8 diventata realt\u00e0, come il luogo in cui vi siete conosciuti, fidanzati o sposati. Infine, aggiungi un messaggio che viene dal cuore o una citazione profonda sotto la mappa per riempire d\u2019amore il cuore di chi la ricever\u00e0. Infine, scegli il tuo formato preferito: una mappa incorniciata, un poster stampato, una tela o un file digitale.<\/p>\r\n\r\n<h2 class=\"grenB f24 cblue\" style=\"margin-top: 3rem;\">Perch\u00e9 Scegliere una Mappa Personalizzata Effetto Acquerello?<\/h2>\r\n<p style=\"margin-top: 1rem;\">Una Mappa Personalizzata Effetto Acquerello unisce arte, sentimenti e personalizzazione. Infatti, \u00e8 molto pi\u00f9 di una semplice mappa; \u00e8 un prezioso ricordo immortalato su carta. Che tu voglia celebrare anni d\u2019amore, un nuovo capitolo della vostra vita insieme o l&#8217;inizio di una nuova avventura in una nuova casa, questo regalo personalizzato \u00e8 un segno tangibile dell\u2019affetto che provi e dell\u2019impegno che vuoi metterci. Con l\u2019indicatore di posizione, i colori sgargianti e un messaggio pieno di significato, \u00e8 un gesto autentico destinato a rimanere inciso nei cuori per sempre. Rendi il tuo prossimo dono indimenticabile con la nostra Mappa Personalizzata Effetto Acquerello: \u00e8 un modo veramente speciale per dire \u201cTi amo\u201d o \u201cCongratulazioni!\u201d<\/p>","protected":false},"excerpt":{"rendered":"<ul class=\"check-list\">\n<li>Decora le pareti della tua casa con una bellissima mappa in stile acquerello per rappresentare il tuo Paese preferito, un\u2019isola o un lago<\/li>\n<li>Scegli un simbolo per mettere in risalto un luogo speciale<\/li>\n<li>Personalizzala in 3 semplici passaggi<\/li>\n<li>Seleziona un template o scatena la tua creativit\u00e0<\/li>\n<li>Tieni d\u2019occhio l\u2019anteprima a ogni modifica<\/li>\n<\/ul>\n","protected":false},"featured_media":1554617,"template":"","meta":[],"product_brand":[],"product_cat":[15112,9705,8246,4449,4428],"product_tag":[14884],"class_list":{"0":"post-978388","1":"product","2":"type-product","3":"status-publish","4":"has-post-thumbnail","6":"product_cat-bestsellers-menu-it","7":"product_cat-contour-it","8":"product_cat-digital-products-it","9":"product_cat-tutti-i-prodotti","10":"product_cat-creators-it-2","11":"product_tag-creators-it-2","13":"first","14":"instock","15":"sale","16":"taxable","17":"shipping-taxable","18":"purchasable","19":"product-type-variable"},"yoast_head":"<!-- This site is optimized with the Yoast SEO Premium plugin v27.2 (Yoast SEO v27.2) - https:\/\/yoast.com\/product\/yoast-seo-premium-wordpress\/ -->\n<title>Mappa Personalizzata Effetto Acquerello - Positive Prints<\/title>\n<meta name=\"description\" content=\"Celebra l\u2019amore, i traguardi importanti e i ricordi pi\u00f9 preziosi con una Mappa Personalizzata Effetto Acquerello. Comincia subito a personalizzarla.\" \/>\n<meta name=\"robots\" content=\"index, follow, max-snippet:-1, max-image-preview:large, max-video-preview:-1\" \/>\n<link rel=\"canonical\" href=\"https:\/\/positiveprints.com\/it\/prodotto\/mappa-personalizzata-effetto-acquerello\/\" \/>\n<meta property=\"og:locale\" content=\"it_IT\" \/>\n<meta property=\"og:type\" content=\"article\" \/>\n<meta property=\"og:title\" content=\"Mappa Personalizzata Effetto Acquerello\" \/>\n<meta property=\"og:description\" content=\"Decora le pareti della tua casa con una bellissima mappa in stile acquerello per rappresentare il tuo Paese preferito, un\u2019isola o un lago   Scegli un simbolo per mettere in risalto un luogo speciale   Personalizzala in 3 semplici passaggi   Seleziona un template o scatena la tua creativit\u00e0   Tieni d\u2019occhio l\u2019anteprima a ogni modifica\" \/>\n<meta property=\"og:url\" content=\"https:\/\/positiveprints.com\/it\/prodotto\/mappa-personalizzata-effetto-acquerello\/\" \/>\n<meta property=\"og:site_name\" content=\"Positive Prints\" \/>\n<meta property=\"article:publisher\" content=\"https:\/\/www.facebook.com\/positiveprintscom\" \/>\n<meta property=\"article:modified_time\" content=\"2026-04-18T04:01:30+00:00\" \/>\n<meta property=\"og:image\" content=\"https:\/\/positiveprints.com\/wp-content\/uploads\/2023\/10\/Mappa-Personalizzata-Effetto-Acquerello.jpg\" \/>\n\t<meta property=\"og:image:width\" content=\"1080\" \/>\n\t<meta property=\"og:image:height\" content=\"1080\" \/>\n\t<meta property=\"og:image:type\" content=\"image\/jpeg\" \/>\n<meta name=\"twitter:card\" content=\"summary_large_image\" \/>\n<meta name=\"twitter:label1\" content=\"Tempo di lettura stimato\" \/>\n\t<meta name=\"twitter:data1\" content=\"2 minuti\" \/>\n<!-- \/ Yoast SEO Premium plugin. -->","yoast_head_json":{"title":"Mappa Personalizzata Effetto Acquerello - Positive Prints","description":"Celebra l\u2019amore, i traguardi importanti e i ricordi pi\u00f9 preziosi con una Mappa Personalizzata Effetto Acquerello. Comincia subito a personalizzarla.","robots":{"index":"index","follow":"follow","max-snippet":"max-snippet:-1","max-image-preview":"max-image-preview:large","max-video-preview":"max-video-preview:-1"},"canonical":"https:\/\/positiveprints.com\/it\/prodotto\/mappa-personalizzata-effetto-acquerello\/","og_locale":"it_IT","og_type":"article","og_title":"Mappa Personalizzata Effetto Acquerello","og_description":"Decora le pareti della tua casa con una bellissima mappa in stile acquerello per rappresentare il tuo Paese preferito, un\u2019isola o un lago   Scegli un simbolo per mettere in risalto un luogo speciale   Personalizzala in 3 semplici passaggi   Seleziona un template o scatena la tua creativit\u00e0   Tieni d\u2019occhio l\u2019anteprima a ogni modifica","og_url":"https:\/\/positiveprints.com\/it\/prodotto\/mappa-personalizzata-effetto-acquerello\/","og_site_name":"Positive Prints","article_publisher":"https:\/\/www.facebook.com\/positiveprintscom","article_modified_time":"2026-04-18T04:01:30+00:00","og_image":[{"width":1080,"height":1080,"url":"https:\/\/positiveprints.com\/wp-content\/uploads\/2023\/10\/Mappa-Personalizzata-Effetto-Acquerello.jpg","type":"image\/jpeg"}],"twitter_card":"summary_large_image","twitter_misc":{"Tempo di lettura stimato":"2 minuti"},"schema":{"@context":"https:\/\/schema.org","@graph":[{"@type":["WebPage","ItemPage"],"@id":"https:\/\/positiveprints.com\/it\/prodotto\/mappa-personalizzata-effetto-acquerello\/","url":"https:\/\/positiveprints.com\/it\/prodotto\/mappa-personalizzata-effetto-acquerello\/","name":"Mappa Personalizzata Effetto Acquerello - Positive Prints","isPartOf":{"@id":"https:\/\/positiveprints.com\/it\/#website"},"primaryImageOfPage":{"@id":"https:\/\/positiveprints.com\/it\/prodotto\/mappa-personalizzata-effetto-acquerello\/#primaryimage"},"image":{"@id":"https:\/\/positiveprints.com\/it\/prodotto\/mappa-personalizzata-effetto-acquerello\/#primaryimage"},"thumbnailUrl":"https:\/\/positiveprints.com\/wp-content\/uploads\/2025\/10\/Mappa-Personalizzata-Effetto-Acquerello-9.webp","datePublished":"2023-10-08T20:53:59+00:00","dateModified":"2026-04-18T04:01:30+00:00","description":"Celebra l\u2019amore, i traguardi importanti e i ricordi pi\u00f9 preziosi con una Mappa Personalizzata Effetto Acquerello. Comincia subito a personalizzarla.","breadcrumb":{"@id":"https:\/\/positiveprints.com\/it\/prodotto\/mappa-personalizzata-effetto-acquerello\/#breadcrumb"},"inLanguage":"it-IT","potentialAction":[{"@type":"ReadAction","target":["https:\/\/positiveprints.com\/it\/prodotto\/mappa-personalizzata-effetto-acquerello\/"]}]},{"@type":"ImageObject","inLanguage":"it-IT","@id":"https:\/\/positiveprints.com\/it\/prodotto\/mappa-personalizzata-effetto-acquerello\/#primaryimage","url":"https:\/\/positiveprints.com\/wp-content\/uploads\/2025\/10\/Mappa-Personalizzata-Effetto-Acquerello-9.webp","contentUrl":"https:\/\/positiveprints.com\/wp-content\/uploads\/2025\/10\/Mappa-Personalizzata-Effetto-Acquerello-9.webp","width":1450,"height":1450},{"@type":"BreadcrumbList","@id":"https:\/\/positiveprints.com\/it\/prodotto\/mappa-personalizzata-effetto-acquerello\/#breadcrumb","itemListElement":[{"@type":"ListItem","position":1,"name":"Home","item":"https:\/\/positiveprints.com\/it\/"},{"@type":"ListItem","position":2,"name":"Prodotti","item":"https:\/\/positiveprints.com\/it\/shop\/"},{"@type":"ListItem","position":3,"name":"Mappa Personalizzata Effetto Acquerello"}]},{"@type":"WebSite","@id":"https:\/\/positiveprints.com\/it\/#website","url":"https:\/\/positiveprints.com\/it\/","name":"Positive Prints","description":"Amazing Custom Personalized Gifts","publisher":{"@id":"https:\/\/positiveprints.com\/it\/#organization"},"potentialAction":[{"@type":"SearchAction","target":{"@type":"EntryPoint","urlTemplate":"https:\/\/positiveprints.com\/it\/?s={search_term_string}"},"query-input":{"@type":"PropertyValueSpecification","valueRequired":true,"valueName":"search_term_string"}}],"inLanguage":"it-IT"},{"@type":"Organization","@id":"https:\/\/positiveprints.com\/it\/#organization","name":"Positive Prints","alternateName":"Positive Prints","url":"https:\/\/positiveprints.com\/it\/","logo":{"@type":"ImageObject","inLanguage":"it-IT","@id":"https:\/\/positiveprints.com\/it\/#\/schema\/logo\/image\/","url":"https:\/\/positiveprints.com\/wp-content\/uploads\/2026\/03\/245815646_1337939713319158_5671353136411139666_n.png","contentUrl":"https:\/\/positiveprints.com\/wp-content\/uploads\/2026\/03\/245815646_1337939713319158_5671353136411139666_n.png","width":800,"height":800,"caption":"Positive Prints"},"image":{"@id":"https:\/\/positiveprints.com\/it\/#\/schema\/logo\/image\/"},"sameAs":["https:\/\/www.facebook.com\/positiveprintscom","https:\/\/www.instagram.com\/positiveprintscom\/","https:\/\/www.tiktok.com\/@positiveprintscom","https:\/\/www.pinterest.com\/positiveprintscom\/"]}]}},"jetpack_sharing_enabled":true,"_links":{"self":[{"href":"https:\/\/positiveprints.com\/it\/wp-json\/wp\/v2\/product\/978388","targetHints":{"allow":["GET"]}}],"collection":[{"href":"https:\/\/positiveprints.com\/it\/wp-json\/wp\/v2\/product"}],"about":[{"href":"https:\/\/positiveprints.com\/it\/wp-json\/wp\/v2\/types\/product"}],"wp:featuredmedia":[{"embeddable":true,"href":"https:\/\/positiveprints.com\/it\/wp-json\/wp\/v2\/media\/1554617"}],"wp:attachment":[{"href":"https:\/\/positiveprints.com\/it\/wp-json\/wp\/v2\/media?parent=978388"}],"wp:term":[{"taxonomy":"product_brand","embeddable":true,"href":"https:\/\/positiveprints.com\/it\/wp-json\/wp\/v2\/product_brand?post=978388"},{"taxonomy":"product_cat","embeddable":true,"href":"https:\/\/positiveprints.com\/it\/wp-json\/wp\/v2\/product_cat?post=978388"},{"taxonomy":"product_tag","embeddable":true,"href":"https:\/\/positiveprints.com\/it\/wp-json\/wp\/v2\/product_tag?post=978388"}],"curies":[{"name":"wp","href":"https:\/\/api.w.org\/{rel}","templated":true}]}}