{"id":974117,"date":"2023-03-08T10:21:24","date_gmt":"2023-03-08T09:21:24","guid":{"rendered":"https:\/\/positiveprints.com\/?post_type=product&#038;p=974117"},"modified":"2026-04-28T14:27:32","modified_gmt":"2026-04-28T13:27:32","slug":"mappa-doppia-del-nostro-incontro","status":"publish","type":"product","link":"https:\/\/positiveprints.com\/it\/prodotto\/mappa-doppia-del-nostro-incontro\/","title":{"rendered":"Mappa Doppia del Nostro Incontro"},"content":{"rendered":"<p style=\"margin-top: 1rem\">Nel mondo frenetico di oggi, pu\u00f2 essere difficile rallentare e apprezzare i momenti speciali che condividiamo con le persone che amiamo di pi\u00f9. Che si tratti di un incontro fortuito che porta a un\u2019amicizia duratura o di un incontro romantico che sboccia in una relazione, sono questi i momenti che rendono la vita degna di essere vissuta. Una Mappa Doppia del Nostro Incontro \u00e8 un modo unico e personalizzato per catturare quei ricordi e celebrare il legame unico che condividi con una persona speciale.<\/p>\r\n\r\n\r\n\r\n<h2 class=\"grenB f24 cblue\" style=\"margin-top: 3rem\">Cos\u2019\u00e8 Una Mappa Doppia del Nostro Incontro?<\/h2>\r\n\r\n\r\n<p style=\"margin-top: 1rem\">Una Mappa Doppia del Nostro Incontro \u00e8 una mappa personalizzata che mostra le posizioni esatte in cui due persone si sono incontrate o dove hanno costruito un ricordo speciale insieme. Caratterizzata da due mappe, una di fianco all\u2019altra, e due indicatori di posizione, uno su ogni mappa. Grazie all\u2019editor di Positive Prints hai la possibilit\u00e0 di personalizzare colori e stili per abbinarli alle preferenze della coppia. Ideale per anniversari, matrimoni e qualsiasi altra occasione speciale, la nostra mappa \u00e8 un regalo romantico e ricco di significato.<\/p>\r\n\r\n<p style=\"margin-top: 1rem\">La differenza principale tra una Mappa del Nostro Incontro e una Mappa Doppia del Nostro Incontro \u00e8 il numero di luoghi che puoi inserire. La prima opzione presenta una mappa singola in cui puoi inserire il luogo in cui hai conosciuto la tua anima gemella o quello in cui vi siete dati il primo appuntamento. Al contrario, una Mappa Doppia del Nostro Incontro ti consente di includerle entrambe nella stessa stampa, rendendola ideale per le coppie che hanno gi\u00e0 condiviso numerosi momenti significativi.<\/p>\r\n\r\n\r\n\r\n<h2 class=\"grenB f24 cblue\" style=\"margin-top: 3rem\">Come Creare Una Mappa Doppia del Nostro Incontro<\/h2>\r\n\r\n\r\n<p style=\"margin-top: 1rem\">Una Mappa Doppia del Nostro Incontro pu\u00f2 essere realizzata in tre semplici passaggi. Prima di tutto, seleziona lo stile di stampa e i colori che preferisci tra le opzioni disponibili. Puoi scegliere una palette di colori predefinita o personalizzarli cos\u00ec da aggiungere un tuo tocco personale.<\/p>\r\n\r\n\r\n\r\n<p style=\"margin-top: 1rem\">Subito dopo, puoi inserire due posizioni \u2013 per esempio, quella del luogo in cui vi siete incontrati e quella di un posto che avete entrambi nel cuore. Scegli un indicatore di posizione che rappresenti al meglio la vostra storia. La scelta pi\u00f9 popolare \u00e8 il cuoricino! In questo passaggio hai anche la possibilit\u00e0 di aggiungere un messaggio personale che verr\u00e0 posizionato sotto ogni mappa.<\/p>\r\n\r\n\r\n\r\n<p style=\"margin-top: 1rem\">Infine, scegli come desideri stampare la tua mappa \u2013 con o senza cornice, su tela o riceverlo come file digitale da far stampare in una copisteria della tua zona. Seguendo questi semplici passaggi, riuscirai a personalizzare la tua Mappa Doppia del Nostro Incontro e a catturare l\u2019essenza del vero amore.<\/p>\r\n\r\n\r\n\r\n<h2 class=\"grenB f24 cblue\" style=\"margin-top: 3rem\">Un Regalo Originale e Ricco di Significato<\/h2>\r\n\r\n\r\n<p style=\"margin-top: 1rem\">Una Mappa Doppia del Nostro Incontro \u00e8 un regalo ricco di amore e significato. Ti permette di catturare in modo unico e personalizzato i ricordi e i momenti speciali che hai condiviso con la persona pi\u00f9 importante della tua vita. La possibilit\u00e0 di personalizzare la mappa doppia con colori, indicatori e messaggi la rende ancora pi\u00f9 bella, poich\u00e9 dimostra che hai tutto l\u2019impegno che hai messo nel creare qualcosa di davvero unico.<\/p>\r\n\r\n\r\n\r\n<p style=\"margin-top: 1rem\">Che venga regalata per un anniversario, un matrimonio o semplicemente per sorprendere la tua dolce met\u00e0, una Mappa Doppia del Nostro Incontro \u00e8 destinata a essere apprezzata e custodita come un vero e proprio tesoro.<\/p>","protected":false},"excerpt":{"rendered":"<ul class=\"check-list\">\n<li>Cattura i momenti pi\u00f9 memorabili della vostra storia d\u2019amore in una mappa personalizzata che indica due posizioni esatte<\/li>\n<li>Indica due luoghi speciali con un simbolo a scelta<\/li>\n<li>Personalizzala in 3 semplici passaggi<\/li>\n<li>Aggiungi un testo personalizzato<\/li>\n<li>Guarda subito il risultato \u2013 l&#8217;anteprima interattiva ti permette di perfezionare ogni dettaglio<\/li>\n<\/ul>\n","protected":false},"featured_media":1611145,"template":"","meta":[],"product_brand":[],"product_cat":[7688,8008,9115,4449],"product_tag":[8770],"class_list":{"0":"post-974117","1":"product","2":"type-product","3":"status-publish","4":"has-post-thumbnail","6":"product_cat-regali-da-donna","7":"product_cat-regali-da-uomo","8":"product_cat-double-maps-it","9":"product_cat-tutti-i-prodotti","10":"product_tag-where-we-met-it","12":"first","13":"instock","14":"sale","15":"taxable","16":"shipping-taxable","17":"purchasable","18":"product-type-variable"},"yoast_head":"<!-- This site is optimized with the Yoast SEO Premium plugin v27.2 (Yoast SEO v27.2) - https:\/\/yoast.com\/product\/yoast-seo-premium-wordpress\/ -->\n<title>Mappa Doppia del Nostro Incontro - Positive Prints<\/title>\n<meta name=\"robots\" content=\"index, follow, max-snippet:-1, max-image-preview:large, max-video-preview:-1\" \/>\n<link rel=\"canonical\" href=\"https:\/\/positiveprints.com\/it\/prodotto\/mappa-doppia-del-nostro-incontro\/\" \/>\n<meta property=\"og:locale\" content=\"it_IT\" \/>\n<meta property=\"og:type\" content=\"article\" \/>\n<meta property=\"og:title\" content=\"Mappa Doppia del Nostro Incontro\" \/>\n<meta property=\"og:description\" content=\"Cattura i momenti pi\u00f9 memorabili della vostra storia d\u2019amore in una mappa personalizzata che indica due posizioni esatte Indica due luoghi speciali con un simbolo a scelta Personalizzala in 3 semplici passaggi Aggiungi un testo personalizzato Guarda subito il risultato \u2013 l&#039;anteprima interattiva ti permette di perfezionare ogni dettaglio\" \/>\n<meta property=\"og:url\" content=\"https:\/\/positiveprints.com\/it\/prodotto\/mappa-doppia-del-nostro-incontro\/\" \/>\n<meta property=\"og:site_name\" content=\"Positive Prints\" \/>\n<meta property=\"article:publisher\" content=\"https:\/\/www.facebook.com\/positiveprintscom\" \/>\n<meta property=\"article:modified_time\" content=\"2026-04-28T13:27:32+00:00\" \/>\n<meta property=\"og:image\" content=\"https:\/\/positiveprints.com\/wp-content\/uploads\/2026\/01\/Packshot_IT_Mappa-Doppia-del-Nostro-Incontro.webp\" \/>\n\t<meta property=\"og:image:width\" content=\"1450\" \/>\n\t<meta property=\"og:image:height\" content=\"1450\" \/>\n\t<meta property=\"og:image:type\" content=\"image\/webp\" \/>\n<meta name=\"twitter:card\" content=\"summary_large_image\" \/>\n<!-- \/ Yoast SEO Premium plugin. -->","yoast_head_json":{"title":"Mappa Doppia del Nostro Incontro - Positive Prints","robots":{"index":"index","follow":"follow","max-snippet":"max-snippet:-1","max-image-preview":"max-image-preview:large","max-video-preview":"max-video-preview:-1"},"canonical":"https:\/\/positiveprints.com\/it\/prodotto\/mappa-doppia-del-nostro-incontro\/","og_locale":"it_IT","og_type":"article","og_title":"Mappa Doppia del Nostro Incontro","og_description":"Cattura i momenti pi\u00f9 memorabili della vostra storia d\u2019amore in una mappa personalizzata che indica due posizioni esatte Indica due luoghi speciali con un simbolo a scelta Personalizzala in 3 semplici passaggi Aggiungi un testo personalizzato Guarda subito il risultato \u2013 l'anteprima interattiva ti permette di perfezionare ogni dettaglio","og_url":"https:\/\/positiveprints.com\/it\/prodotto\/mappa-doppia-del-nostro-incontro\/","og_site_name":"Positive Prints","article_publisher":"https:\/\/www.facebook.com\/positiveprintscom","article_modified_time":"2026-04-28T13:27:32+00:00","og_image":[{"width":1450,"height":1450,"url":"https:\/\/positiveprints.com\/wp-content\/uploads\/2026\/01\/Packshot_IT_Mappa-Doppia-del-Nostro-Incontro.webp","type":"image\/webp"}],"twitter_card":"summary_large_image","schema":{"@context":"https:\/\/schema.org","@graph":[{"@type":["WebPage","ItemPage"],"@id":"https:\/\/positiveprints.com\/it\/prodotto\/mappa-doppia-del-nostro-incontro\/","url":"https:\/\/positiveprints.com\/it\/prodotto\/mappa-doppia-del-nostro-incontro\/","name":"Mappa Doppia del Nostro Incontro - Positive Prints","isPartOf":{"@id":"https:\/\/positiveprints.com\/it\/#website"},"primaryImageOfPage":{"@id":"https:\/\/positiveprints.com\/it\/prodotto\/mappa-doppia-del-nostro-incontro\/#primaryimage"},"image":{"@id":"https:\/\/positiveprints.com\/it\/prodotto\/mappa-doppia-del-nostro-incontro\/#primaryimage"},"thumbnailUrl":"https:\/\/positiveprints.com\/wp-content\/uploads\/2026\/01\/Packshot_IT_Mappa-Doppia-del-Nostro-Incontro.webp","datePublished":"2023-03-08T09:21:24+00:00","dateModified":"2026-04-28T13:27:32+00:00","breadcrumb":{"@id":"https:\/\/positiveprints.com\/it\/prodotto\/mappa-doppia-del-nostro-incontro\/#breadcrumb"},"inLanguage":"it-IT","potentialAction":[{"@type":"ReadAction","target":["https:\/\/positiveprints.com\/it\/prodotto\/mappa-doppia-del-nostro-incontro\/"]}]},{"@type":"ImageObject","inLanguage":"it-IT","@id":"https:\/\/positiveprints.com\/it\/prodotto\/mappa-doppia-del-nostro-incontro\/#primaryimage","url":"https:\/\/positiveprints.com\/wp-content\/uploads\/2026\/01\/Packshot_IT_Mappa-Doppia-del-Nostro-Incontro.webp","contentUrl":"https:\/\/positiveprints.com\/wp-content\/uploads\/2026\/01\/Packshot_IT_Mappa-Doppia-del-Nostro-Incontro.webp","width":1450,"height":1450},{"@type":"BreadcrumbList","@id":"https:\/\/positiveprints.com\/it\/prodotto\/mappa-doppia-del-nostro-incontro\/#breadcrumb","itemListElement":[{"@type":"ListItem","position":1,"name":"Home","item":"https:\/\/positiveprints.com\/it\/"},{"@type":"ListItem","position":2,"name":"Prodotti","item":"https:\/\/positiveprints.com\/it\/shop\/"},{"@type":"ListItem","position":3,"name":"Mappa Doppia del Nostro Incontro"}]},{"@type":"WebSite","@id":"https:\/\/positiveprints.com\/it\/#website","url":"https:\/\/positiveprints.com\/it\/","name":"Positive Prints","description":"Amazing Custom Personalized Gifts","publisher":{"@id":"https:\/\/positiveprints.com\/it\/#organization"},"potentialAction":[{"@type":"SearchAction","target":{"@type":"EntryPoint","urlTemplate":"https:\/\/positiveprints.com\/it\/?s={search_term_string}"},"query-input":{"@type":"PropertyValueSpecification","valueRequired":true,"valueName":"search_term_string"}}],"inLanguage":"it-IT"},{"@type":"Organization","@id":"https:\/\/positiveprints.com\/it\/#organization","name":"Positive Prints","alternateName":"Positive Prints","url":"https:\/\/positiveprints.com\/it\/","logo":{"@type":"ImageObject","inLanguage":"it-IT","@id":"https:\/\/positiveprints.com\/it\/#\/schema\/logo\/image\/","url":"https:\/\/positiveprints.com\/wp-content\/uploads\/2026\/03\/245815646_1337939713319158_5671353136411139666_n.png","contentUrl":"https:\/\/positiveprints.com\/wp-content\/uploads\/2026\/03\/245815646_1337939713319158_5671353136411139666_n.png","width":800,"height":800,"caption":"Positive Prints"},"image":{"@id":"https:\/\/positiveprints.com\/it\/#\/schema\/logo\/image\/"},"sameAs":["https:\/\/www.facebook.com\/positiveprintscom","https:\/\/www.instagram.com\/positiveprintscom\/","https:\/\/www.tiktok.com\/@positiveprintscom","https:\/\/www.pinterest.com\/positiveprintscom\/"]}]}},"jetpack_sharing_enabled":true,"_links":{"self":[{"href":"https:\/\/positiveprints.com\/it\/wp-json\/wp\/v2\/product\/974117","targetHints":{"allow":["GET"]}}],"collection":[{"href":"https:\/\/positiveprints.com\/it\/wp-json\/wp\/v2\/product"}],"about":[{"href":"https:\/\/positiveprints.com\/it\/wp-json\/wp\/v2\/types\/product"}],"wp:featuredmedia":[{"embeddable":true,"href":"https:\/\/positiveprints.com\/it\/wp-json\/wp\/v2\/media\/1611145"}],"wp:attachment":[{"href":"https:\/\/positiveprints.com\/it\/wp-json\/wp\/v2\/media?parent=974117"}],"wp:term":[{"taxonomy":"product_brand","embeddable":true,"href":"https:\/\/positiveprints.com\/it\/wp-json\/wp\/v2\/product_brand?post=974117"},{"taxonomy":"product_cat","embeddable":true,"href":"https:\/\/positiveprints.com\/it\/wp-json\/wp\/v2\/product_cat?post=974117"},{"taxonomy":"product_tag","embeddable":true,"href":"https:\/\/positiveprints.com\/it\/wp-json\/wp\/v2\/product_tag?post=974117"}],"curies":[{"name":"wp","href":"https:\/\/api.w.org\/{rel}","templated":true}]}}