{"id":954565,"date":"2023-06-07T21:37:46","date_gmt":"2023-06-07T20:37:46","guid":{"rendered":"https:\/\/positiveprints.com\/?post_type=product&#038;p=954565"},"modified":"2026-04-03T03:13:42","modified_gmt":"2026-04-03T02:13:42","slug":"collage-di-foto-a-forma-di-lettere-del-cane","status":"publish","type":"product","link":"https:\/\/positiveprints.com\/it\/prodotto\/collage-di-foto-a-forma-di-lettere-del-cane\/","title":{"rendered":"Collage di Foto a Forma di Lettere del Cane"},"content":{"rendered":"<h2 class=\"grenB f24 cblue\" style=\"margin-top: 3rem;\">Collage di Foto a Forma di Lettere: Un Regalo Personalizzato per gli Amanti dei Cani<\/h2>\r\n\r\n<p style=\"margin-top: 1rem;\">Se stai cercando il regalo perfetto per gli amanti dei cani, non cercare oltre: il Collage di Foto del Tuo Cane a Forma di Lettere \u00e8 la scelta migliore che potresti fare! Questa stampa o tela personalizzata \u00e8 un modo speciale e unico per celebrare il legame tra te e il tuo amico a quattro zampe. Con questo collage unico nel suo genere, puoi disporre le tue foto in modo da formare il nome del tuo cucciolo o qualsiasi altra parola che abbia un significato speciale per il vostro legame.<\/p>\r\n\r\n<h2 class=\"grenB f24 cblue\" style=\"margin-top: 3rem;\">Come Creare un Collage di Foto del Tuo Cane a Forma di Lettere Personalizzato<\/h2>\r\n\r\n<p style=\"margin-top: 1rem;\">Grazie all\u2019intuitivit\u00e0 del nostro editor online, creare un Collage di Foto del Tuo Cane a Forma di Lettere \u00e8 facilissimo. In soli 3 passaggi, puoi progettare un regalo personalizzato che porter\u00e0 gioia a tutti gli amanti dei cani. In pi\u00f9, la nostra piattaforma \u00e8 progettata per essere mobile-friendly, consentendoti di creare il collage perfetto ovunque tu sia.<\/p>\r\n\r\n<p style=\"margin-top: 1rem;\">Per cominciare, non devi far altro che inserire il nome del tuo cane o qualsiasi altra parola che abbia un significato speciale per voi. Che si tratti di \u201camore\u201d, \u201camico mio\u201d o qualsiasi altra parola che rappresenti il legame che hai con il tuo amico pelosetto, hai la piena libert\u00e0 di scegliere. Inoltre, hai la possibilit\u00e0 di selezionare il colore del contorno delle lettere o, se preferisci, puoi optare per un elegante e sobrio contorno bianco.<\/p>\r\n\r\n<p style=\"margin-top: 1rem;\">Dopodich\u00e9, \u00e8 il momento di trasformare il tuo Collage di Foto del Tuo Cane a Forma di Lettere in una creazione unica, caricando le tue foto preferite. Ti servir\u00e0 una foto per ogni lettera della parola scelta. Il nostro editor super intuitivo ti consente di ingrandire le foto, regolare la loro posizione all&#8217;interno del collage e assicurarti che si adattino in modo impeccabile. Per aggiungere un pizzico di tenerezza in pi\u00f9, hai anche la possibilit\u00e0 di inserire un messaggio sotto al collage.<\/p>\r\n\r\n<p style=\"margin-top: 1rem;\">Infine, nell&#8217;ultimo passaggio, hai la possibilit\u00e0 di decidere come desideri che il tuo Collage di Foto del Tuo Cane a Forma di Lettere personalizzato venga presentato. Abbiamo diverse opzioni tra cui puoi scegliere, come le stampe incorniciate, i poster stampati, le tele e persino i file digitali da scaricare in una manciata di secondi. Seleziona la dimensione e il formato che meglio si adattano alle tue preferenze, e lascia fare a noi tutto il resto.<\/p>\r\n\r\n<h2 class=\"grenB f24 cblue\" style=\"margin-top: 3rem;\">Un Regalo Personale e Fuori dal Comune<\/h2>\r\n\r\n<p style=\"margin-top: 1rem;\">Il Collage di Foto del Tuo Cane a Forma di Lettere va oltre il concetto di semplice regalo; \u00e8 un prezioso ricordo trasformato in un&#8217;opera d&#8217;arte personalizzata. Questo collage su misura \u00e8 unico nel suo genere, progettato per catturare il legame speciale tra te e il tuo adorato cagnolino. Che sia per un&#8217;occasione speciale o come affettuoso omaggio al tuo amico pi\u00f9 fedele, il collage porter\u00e0 sicuramente gioia e affetto in qualsiasi casa.<\/p>\r\n\r\n<p style=\"margin-top: 1rem;\">Perci\u00f2, non aspettare, ordina oggi stesso il tuo Collage di Foto del Tuo Cane a Forma di Lettere e regala a un amante dei cani un regalo destinato a diventare un tesoro eterno. Abbraccia la bellezza di un regalo personalizzato che celebra l&#8217;amore incondizionato e la compagnia insostituibile che solo un cane sa dare.<\/p>","protected":false},"excerpt":{"rendered":"<ul class=\"check-list\">\n<li> Condivi l\u2019amore per gli amici a quattro zampe con tutti coloro che inviti a casa o in ufficio<\/li>\n<li>Includi un testo personalizzato e carico di significato<\/li>\n<li>Personalizzalo in 3 semplici passaggi<\/li>\n<li>Scegli un template pronto da utilizzare o scatena la tua fantasia<\/li>\n<li>Tieni d\u2019occhio l\u2019anteprima istantanea a ogni modifica<\/li>\n<\/ul>\n","protected":false},"featured_media":1671654,"template":"","meta":[],"product_brand":[],"product_cat":[8830,4449,7896],"product_tag":[15621,8692,13910,13908,13909,13906,13911,13905],"class_list":{"0":"post-954565","1":"product","2":"type-product","3":"status-publish","4":"has-post-thumbnail","6":"product_cat-collage-di-foto","7":"product_cat-tutti-i-prodotti","8":"product_cat-regali-per-amanti-dei-cani","9":"product_tag-animals-it","10":"product_tag-dog-lovers-it","11":"product_tag-proprietario-di-cane","12":"product_tag-regali-per-amanti-dei-cani","13":"product_tag-regali-per-mamma-di-cane","14":"product_tag-regali-per-papa-di-cane","15":"product_tag-regali-per-proprietari-di-cani","16":"product_tag-regali-personalizzati-per-cani","18":"first","19":"instock","20":"sale","21":"taxable","22":"shipping-taxable","23":"purchasable","24":"product-type-variable"},"yoast_head":"<!-- This site is optimized with the Yoast SEO Premium plugin v27.2 (Yoast SEO v27.2) - https:\/\/yoast.com\/product\/yoast-seo-premium-wordpress\/ -->\n<title>Collage di Foto a Forma di Lettere del Cane - Positive Prints<\/title>\n<meta name=\"description\" content=\"Il Collage di Foto del Tuo Cane a Forma di Lettere \u00e8 una stampa speciale per celebrare il legame tra te e il tuo amico a quattro zampe. Creala subito!\" \/>\n<meta name=\"robots\" content=\"index, follow, max-snippet:-1, max-image-preview:large, max-video-preview:-1\" \/>\n<link rel=\"canonical\" href=\"https:\/\/positiveprints.com\/it\/prodotto\/collage-di-foto-a-forma-di-lettere-del-cane\/\" \/>\n<meta property=\"og:locale\" content=\"it_IT\" \/>\n<meta property=\"og:type\" content=\"article\" \/>\n<meta property=\"og:title\" content=\"Collage di Foto a Forma di Lettere del Cane\" \/>\n<meta property=\"og:description\" content=\"Condivi l\u2019amore per gli amici a quattro zampe con tutti coloro che inviti a casa o in ufficio  Includi un testo personalizzato e carico di significato  Personalizzalo in 3 semplici passaggi  Scegli un template pronto da utilizzare o scatena la tua fantasia  Tieni d\u2019occhio l\u2019anteprima istantanea a ogni modifica\" \/>\n<meta property=\"og:url\" content=\"https:\/\/positiveprints.com\/it\/prodotto\/collage-di-foto-a-forma-di-lettere-del-cane\/\" \/>\n<meta property=\"og:site_name\" content=\"Positive Prints\" \/>\n<meta property=\"article:publisher\" content=\"https:\/\/www.facebook.com\/positiveprintscom\" \/>\n<meta property=\"article:modified_time\" content=\"2026-04-03T02:13:42+00:00\" \/>\n<meta property=\"og:image\" content=\"https:\/\/positiveprints.com\/wp-content\/uploads\/2024\/11\/Packshot_IT_Dog-Letter-Photo-Collage-product-image-.webp\" \/>\n\t<meta property=\"og:image:width\" content=\"1450\" \/>\n\t<meta property=\"og:image:height\" content=\"1450\" \/>\n\t<meta property=\"og:image:type\" content=\"image\/webp\" \/>\n<meta name=\"twitter:card\" content=\"summary_large_image\" \/>\n<!-- \/ Yoast SEO Premium plugin. -->","yoast_head_json":{"title":"Collage di Foto a Forma di Lettere del Cane - Positive Prints","description":"Il Collage di Foto del Tuo Cane a Forma di Lettere \u00e8 una stampa speciale per celebrare il legame tra te e il tuo amico a quattro zampe. Creala subito!","robots":{"index":"index","follow":"follow","max-snippet":"max-snippet:-1","max-image-preview":"max-image-preview:large","max-video-preview":"max-video-preview:-1"},"canonical":"https:\/\/positiveprints.com\/it\/prodotto\/collage-di-foto-a-forma-di-lettere-del-cane\/","og_locale":"it_IT","og_type":"article","og_title":"Collage di Foto a Forma di Lettere del Cane","og_description":"Condivi l\u2019amore per gli amici a quattro zampe con tutti coloro che inviti a casa o in ufficio  Includi un testo personalizzato e carico di significato  Personalizzalo in 3 semplici passaggi  Scegli un template pronto da utilizzare o scatena la tua fantasia  Tieni d\u2019occhio l\u2019anteprima istantanea a ogni modifica","og_url":"https:\/\/positiveprints.com\/it\/prodotto\/collage-di-foto-a-forma-di-lettere-del-cane\/","og_site_name":"Positive Prints","article_publisher":"https:\/\/www.facebook.com\/positiveprintscom","article_modified_time":"2026-04-03T02:13:42+00:00","og_image":[{"width":1450,"height":1450,"url":"https:\/\/positiveprints.com\/wp-content\/uploads\/2024\/11\/Packshot_IT_Dog-Letter-Photo-Collage-product-image-.webp","type":"image\/webp"}],"twitter_card":"summary_large_image","schema":{"@context":"https:\/\/schema.org","@graph":[{"@type":["WebPage","ItemPage"],"@id":"https:\/\/positiveprints.com\/it\/prodotto\/collage-di-foto-a-forma-di-lettere-del-cane\/","url":"https:\/\/positiveprints.com\/it\/prodotto\/collage-di-foto-a-forma-di-lettere-del-cane\/","name":"Collage di Foto a Forma di Lettere del Cane - Positive Prints","isPartOf":{"@id":"https:\/\/positiveprints.com\/it\/#website"},"primaryImageOfPage":{"@id":"https:\/\/positiveprints.com\/it\/prodotto\/collage-di-foto-a-forma-di-lettere-del-cane\/#primaryimage"},"image":{"@id":"https:\/\/positiveprints.com\/it\/prodotto\/collage-di-foto-a-forma-di-lettere-del-cane\/#primaryimage"},"thumbnailUrl":"https:\/\/positiveprints.com\/wp-content\/uploads\/2026\/03\/cane_IT.webp","datePublished":"2023-06-07T20:37:46+00:00","dateModified":"2026-04-03T02:13:42+00:00","description":"Il Collage di Foto del Tuo Cane a Forma di Lettere \u00e8 una stampa speciale per celebrare il legame tra te e il tuo amico a quattro zampe. Creala subito!","breadcrumb":{"@id":"https:\/\/positiveprints.com\/it\/prodotto\/collage-di-foto-a-forma-di-lettere-del-cane\/#breadcrumb"},"inLanguage":"it-IT","potentialAction":[{"@type":"ReadAction","target":["https:\/\/positiveprints.com\/it\/prodotto\/collage-di-foto-a-forma-di-lettere-del-cane\/"]}]},{"@type":"ImageObject","inLanguage":"it-IT","@id":"https:\/\/positiveprints.com\/it\/prodotto\/collage-di-foto-a-forma-di-lettere-del-cane\/#primaryimage","url":"https:\/\/positiveprints.com\/wp-content\/uploads\/2026\/03\/cane_IT.webp","contentUrl":"https:\/\/positiveprints.com\/wp-content\/uploads\/2026\/03\/cane_IT.webp","width":1450,"height":1450},{"@type":"BreadcrumbList","@id":"https:\/\/positiveprints.com\/it\/prodotto\/collage-di-foto-a-forma-di-lettere-del-cane\/#breadcrumb","itemListElement":[{"@type":"ListItem","position":1,"name":"Home","item":"https:\/\/positiveprints.com\/it\/"},{"@type":"ListItem","position":2,"name":"Prodotti","item":"https:\/\/positiveprints.com\/it\/shop\/"},{"@type":"ListItem","position":3,"name":"Collage di Foto a Forma di Lettere del Cane"}]},{"@type":"WebSite","@id":"https:\/\/positiveprints.com\/it\/#website","url":"https:\/\/positiveprints.com\/it\/","name":"Positive Prints","description":"Amazing Custom Personalized Gifts","publisher":{"@id":"https:\/\/positiveprints.com\/it\/#organization"},"potentialAction":[{"@type":"SearchAction","target":{"@type":"EntryPoint","urlTemplate":"https:\/\/positiveprints.com\/it\/?s={search_term_string}"},"query-input":{"@type":"PropertyValueSpecification","valueRequired":true,"valueName":"search_term_string"}}],"inLanguage":"it-IT"},{"@type":"Organization","@id":"https:\/\/positiveprints.com\/it\/#organization","name":"Positive Prints","alternateName":"Positive Prints","url":"https:\/\/positiveprints.com\/it\/","logo":{"@type":"ImageObject","inLanguage":"it-IT","@id":"https:\/\/positiveprints.com\/it\/#\/schema\/logo\/image\/","url":"https:\/\/positiveprints.com\/wp-content\/uploads\/2026\/03\/245815646_1337939713319158_5671353136411139666_n.png","contentUrl":"https:\/\/positiveprints.com\/wp-content\/uploads\/2026\/03\/245815646_1337939713319158_5671353136411139666_n.png","width":800,"height":800,"caption":"Positive Prints"},"image":{"@id":"https:\/\/positiveprints.com\/it\/#\/schema\/logo\/image\/"},"sameAs":["https:\/\/www.facebook.com\/positiveprintscom","https:\/\/www.instagram.com\/positiveprintscom\/","https:\/\/www.tiktok.com\/@positiveprintscom","https:\/\/www.pinterest.com\/positiveprintscom\/"]}]}},"jetpack_sharing_enabled":true,"_links":{"self":[{"href":"https:\/\/positiveprints.com\/it\/wp-json\/wp\/v2\/product\/954565","targetHints":{"allow":["GET"]}}],"collection":[{"href":"https:\/\/positiveprints.com\/it\/wp-json\/wp\/v2\/product"}],"about":[{"href":"https:\/\/positiveprints.com\/it\/wp-json\/wp\/v2\/types\/product"}],"wp:featuredmedia":[{"embeddable":true,"href":"https:\/\/positiveprints.com\/it\/wp-json\/wp\/v2\/media\/1671654"}],"wp:attachment":[{"href":"https:\/\/positiveprints.com\/it\/wp-json\/wp\/v2\/media?parent=954565"}],"wp:term":[{"taxonomy":"product_brand","embeddable":true,"href":"https:\/\/positiveprints.com\/it\/wp-json\/wp\/v2\/product_brand?post=954565"},{"taxonomy":"product_cat","embeddable":true,"href":"https:\/\/positiveprints.com\/it\/wp-json\/wp\/v2\/product_cat?post=954565"},{"taxonomy":"product_tag","embeddable":true,"href":"https:\/\/positiveprints.com\/it\/wp-json\/wp\/v2\/product_tag?post=954565"}],"curies":[{"name":"wp","href":"https:\/\/api.w.org\/{rel}","templated":true}]}}