{"id":954563,"date":"2023-06-07T12:25:32","date_gmt":"2023-06-07T11:25:32","guid":{"rendered":"https:\/\/positiveprints.com\/?post_type=product&#038;p=954563"},"modified":"2026-04-07T14:52:22","modified_gmt":"2026-04-07T13:52:22","slug":"collage-fotografico-con-il-nome-della-famiglia","status":"publish","type":"product","link":"https:\/\/positiveprints.com\/it\/prodotto\/collage-fotografico-con-il-nome-della-famiglia\/","title":{"rendered":"Collage Fotografico con il Nome della Famiglia"},"content":{"rendered":"<h2 class=\"grenB f24 cblue\" style=\"margin-top: 3rem;\">Unico e Personale: Collage di Foto del Cognome di Famiglia<\/h2>\r\n<p style=\"margin-top: 1rem;\">Con il Collage di Foto del Cognome di Famiglia hai l\u2019opportunit\u00e0 di creare un regalo unico e speciale. Infatti, con questa stampa o tela personalizzata puoi disporre le foto dei tuoi preziosi ricordi in modo da prendere la forma del tuo cognome di famiglia. Che si tratti di un regalo di Natale, un pensiero per l\u2019acquisto di una nuova casa o un gesto d\u2019amore per i tuoi genitori, questo collage personalizzato \u00e8 la scelta migliore.<\/p>\r\n\r\n<h2 class=\"grenB f24 cblue\" style=\"margin-top: 3rem;\">Creare il Tuo Collage di Foto del Cognome di Famiglia \u00e8 Facile e Intuitivo<\/h2>\r\n<p style=\"margin-top: 1rem;\">Grazie al nostro editor online, creare il tuo Collage di Foto del Cognome di Famiglia \u00e8 un gioco da ragazzi. In soli 3 semplici passaggi, puoi dare vita a un regalo indimenticabile. Il nostro editor online \u00e8 progettato per poter essere utilizzato da chiunque e senza difficolt\u00e0, sia da computer che su dispositivi mobili. La prima cosa da fare \u00e8 inserire il tuo cognome di famiglia e scegliere se colorare i contorni delle lettere o lasciarli bianchi. Successivamente, potrai cominciare a caricare una foto per ogni lettera del tuo cognome. Grazie alla possibilit\u00e0 di ingrandire, regolare la posizione di ogni foto e addirittura aggiungere un messaggio personalizzato subito sotto, hai davvero il massimo del controllo. Infine, tra stampa con cornice, tela o download digitale, scegli il formato che si adatta di pi\u00f9 alle tue preferenze.<\/p>\r\n\r\n<h2 class=\"grenB f24 cblue\" style=\"margin-top: 3rem;\">Bello e Ricco di Significato<\/h2>\r\n<p style=\"margin-top: 1rem;\">Se sei alla ricerca di un regalo che catturi davvero l\u2019essenza della tua famiglia, il Collage di Foto del Cognome di Famiglia \u00e8 quello giusta. Questa piccola opera d\u2019arte personalizzata, non \u00e8 solo un regalo capace di emozionare, ma anche visivamente sorprendente. Si distingue dai classici regali acquistati in un negozio qualsiasi perch\u00e9 rappresenta il legame unico che unisce tutta la tua famiglia sotto una miriade di ricordi condivisi. Appena i tuoi cari lo vedranno saranno commossi dall&#8217;impegno e dall&#8217;amore che hai dedicato alla creazione di un regalo cos\u00ec straordinario. Preparati a vedere il loro viso scoppiare di gioia quando scopriranno che hai utilizzato il vostro cognome per esporre le foto dei momenti pi\u00f9 preziosi trascorsi insieme.<\/p>\r\n\r\n<h2 class=\"grenB f24 cblue\" style=\"margin-top: 3rem;\">Libera Tutta la Tua Creativit\u00e0 con il Collage di Foto del Cognome di Famiglia<\/h2>\r\n<p style=\"margin-top: 1rem;\">Esprimi la tua creativit\u00e0 e manifesta l&#8217;affetto che nutri per la tua famiglia tramite questo collage eccezionale. Ogni foto racconta una storia e rappresenta un ricordo unico, trasformando il Collage di Foto del Cognome di Famiglia in una vera opera d&#8217;arte. Con il nostro editor, hai la libert\u00e0 di selezionare e organizzare le foto in modo da rispecchiare la personalit\u00e0 e la storia della tua famiglia. Il risultato finale sar\u00e0 un capolavoro sorprendente e personalizzato destinato a diventare un oggetto di grande valore per tutta la famiglia, celebrando i legami che tengono unita la vostra storia familiare.<\/p>\r\n\r\n<p style=\"margin-top: 1rem;\">Ordina subito il tuo Collage di Foto del Cognome di Famiglia e sorprendi i tuoi cari con un regalo bello e ricco di significato. Lascia che questa creazione unica sia il filo conduttore di affetto, gioia e risate che unisce la tua famiglia, e crea un ricordo indelebile per le generazioni future.<\/p>","protected":false},"excerpt":{"rendered":"<ul class=\"check-list\">\n<li> Racconta la storia della tua famiglia creando un cimelio destinato a passare di mano in mano attraverso le generazioni<\/li>\n<li>Includi un testo personalizzato e carico di significato<\/li>\n<li>Personalizzalo in 3 semplici passaggi<\/li>\n<li>Scegli un template pronto da utilizzare o scatena la tua fantasia<\/li>\n<li>Tieni d\u2019occhio l\u2019anteprima istantanea a ogni modifica<\/li>\n<\/ul>\n","protected":false},"featured_media":1282760,"template":"","meta":[],"product_brand":[],"product_cat":[8830,4449,5269,15057,11430,7848],"product_tag":[16084,16083,8536,13466],"class_list":{"0":"post-954563","1":"product","2":"type-product","3":"status-publish","4":"has-post-thumbnail","6":"product_cat-collage-di-foto","7":"product_cat-tutti-i-prodotti","8":"product_cat-regali-di-natale","9":"product_cat-regali-di-natale-per-la-famiglia","10":"product_cat-regali-di-natale-per-i-genitori","11":"product_cat-regali-per-la-famiglia","12":"product_tag-christmas-gifts-for-family-it","13":"product_tag-family-en-gb-it","14":"product_tag-family-it","15":"product_tag-regali-di-natale-per-la-famiglia","17":"first","18":"instock","19":"sale","20":"taxable","21":"shipping-taxable","22":"purchasable","23":"product-type-variable"},"yoast_head":"<!-- This site is optimized with the Yoast SEO Premium plugin v27.2 (Yoast SEO v27.2) - https:\/\/yoast.com\/product\/yoast-seo-premium-wordpress\/ -->\n<title>Collage Fotografico con il Nome della Famiglia - Positive Prints<\/title>\n<meta name=\"description\" content=\"Il Collage di Foto del Nome di Famiglia \u00e8 una stampa che trasforma le tue foto di famiglia in un collage a forma del vostro cognome.\" \/>\n<meta name=\"robots\" content=\"index, follow, max-snippet:-1, max-image-preview:large, max-video-preview:-1\" \/>\n<link rel=\"canonical\" href=\"https:\/\/positiveprints.com\/it\/prodotto\/collage-fotografico-con-il-nome-della-famiglia\/\" \/>\n<meta property=\"og:locale\" content=\"it_IT\" \/>\n<meta property=\"og:type\" content=\"article\" \/>\n<meta property=\"og:title\" content=\"Collage Fotografico con il Nome della Famiglia\" \/>\n<meta property=\"og:description\" content=\"Racconta la storia della tua famiglia creando un cimelio destinato a passare di mano in mano attraverso le generazioni  Includi un testo personalizzato e carico di significato  Personalizzalo in 3 semplici passaggi  Scegli un template pronto da utilizzare o scatena la tua fantasia  Tieni d\u2019occhio l\u2019anteprima istantanea a ogni modifica\" \/>\n<meta property=\"og:url\" content=\"https:\/\/positiveprints.com\/it\/prodotto\/collage-fotografico-con-il-nome-della-famiglia\/\" \/>\n<meta property=\"og:site_name\" content=\"Positive Prints\" \/>\n<meta property=\"article:publisher\" content=\"https:\/\/www.facebook.com\/positiveprintscom\" \/>\n<meta property=\"article:modified_time\" content=\"2026-04-07T13:52:22+00:00\" \/>\n<meta property=\"og:image\" content=\"https:\/\/positiveprints.com\/wp-content\/uploads\/2024\/11\/Packshot_IT_Family-Name-Photo-Collage-product-image-1.webp\" \/>\n\t<meta property=\"og:image:width\" content=\"1450\" \/>\n\t<meta property=\"og:image:height\" content=\"1450\" \/>\n\t<meta property=\"og:image:type\" content=\"image\/webp\" \/>\n<meta name=\"twitter:card\" content=\"summary_large_image\" \/>\n<!-- \/ Yoast SEO Premium plugin. -->","yoast_head_json":{"title":"Collage Fotografico con il Nome della Famiglia - Positive Prints","description":"Il Collage di Foto del Nome di Famiglia \u00e8 una stampa che trasforma le tue foto di famiglia in un collage a forma del vostro cognome.","robots":{"index":"index","follow":"follow","max-snippet":"max-snippet:-1","max-image-preview":"max-image-preview:large","max-video-preview":"max-video-preview:-1"},"canonical":"https:\/\/positiveprints.com\/it\/prodotto\/collage-fotografico-con-il-nome-della-famiglia\/","og_locale":"it_IT","og_type":"article","og_title":"Collage Fotografico con il Nome della Famiglia","og_description":"Racconta la storia della tua famiglia creando un cimelio destinato a passare di mano in mano attraverso le generazioni  Includi un testo personalizzato e carico di significato  Personalizzalo in 3 semplici passaggi  Scegli un template pronto da utilizzare o scatena la tua fantasia  Tieni d\u2019occhio l\u2019anteprima istantanea a ogni modifica","og_url":"https:\/\/positiveprints.com\/it\/prodotto\/collage-fotografico-con-il-nome-della-famiglia\/","og_site_name":"Positive Prints","article_publisher":"https:\/\/www.facebook.com\/positiveprintscom","article_modified_time":"2026-04-07T13:52:22+00:00","og_image":[{"width":1450,"height":1450,"url":"https:\/\/positiveprints.com\/wp-content\/uploads\/2024\/11\/Packshot_IT_Family-Name-Photo-Collage-product-image-1.webp","type":"image\/webp"}],"twitter_card":"summary_large_image","schema":{"@context":"https:\/\/schema.org","@graph":[{"@type":["WebPage","ItemPage"],"@id":"https:\/\/positiveprints.com\/it\/prodotto\/collage-fotografico-con-il-nome-della-famiglia\/","url":"https:\/\/positiveprints.com\/it\/prodotto\/collage-fotografico-con-il-nome-della-famiglia\/","name":"Collage Fotografico con il Nome della Famiglia - Positive Prints","isPartOf":{"@id":"https:\/\/positiveprints.com\/it\/#website"},"primaryImageOfPage":{"@id":"https:\/\/positiveprints.com\/it\/prodotto\/collage-fotografico-con-il-nome-della-famiglia\/#primaryimage"},"image":{"@id":"https:\/\/positiveprints.com\/it\/prodotto\/collage-fotografico-con-il-nome-della-famiglia\/#primaryimage"},"thumbnailUrl":"https:\/\/positiveprints.com\/wp-content\/uploads\/2024\/11\/Packshot_IT_Family-Name-Photo-Collage-product-image-1.webp","datePublished":"2023-06-07T11:25:32+00:00","dateModified":"2026-04-07T13:52:22+00:00","description":"Il Collage di Foto del Nome di Famiglia \u00e8 una stampa che trasforma le tue foto di famiglia in un collage a forma del vostro cognome.","breadcrumb":{"@id":"https:\/\/positiveprints.com\/it\/prodotto\/collage-fotografico-con-il-nome-della-famiglia\/#breadcrumb"},"inLanguage":"it-IT","potentialAction":[{"@type":"ReadAction","target":["https:\/\/positiveprints.com\/it\/prodotto\/collage-fotografico-con-il-nome-della-famiglia\/"]}]},{"@type":"ImageObject","inLanguage":"it-IT","@id":"https:\/\/positiveprints.com\/it\/prodotto\/collage-fotografico-con-il-nome-della-famiglia\/#primaryimage","url":"https:\/\/positiveprints.com\/wp-content\/uploads\/2024\/11\/Packshot_IT_Family-Name-Photo-Collage-product-image-1.webp","contentUrl":"https:\/\/positiveprints.com\/wp-content\/uploads\/2024\/11\/Packshot_IT_Family-Name-Photo-Collage-product-image-1.webp","width":1450,"height":1450},{"@type":"BreadcrumbList","@id":"https:\/\/positiveprints.com\/it\/prodotto\/collage-fotografico-con-il-nome-della-famiglia\/#breadcrumb","itemListElement":[{"@type":"ListItem","position":1,"name":"Home","item":"https:\/\/positiveprints.com\/it\/"},{"@type":"ListItem","position":2,"name":"Prodotti","item":"https:\/\/positiveprints.com\/it\/shop\/"},{"@type":"ListItem","position":3,"name":"Collage Fotografico con il Nome della Famiglia"}]},{"@type":"WebSite","@id":"https:\/\/positiveprints.com\/it\/#website","url":"https:\/\/positiveprints.com\/it\/","name":"Positive Prints","description":"Amazing Custom Personalized Gifts","publisher":{"@id":"https:\/\/positiveprints.com\/it\/#organization"},"potentialAction":[{"@type":"SearchAction","target":{"@type":"EntryPoint","urlTemplate":"https:\/\/positiveprints.com\/it\/?s={search_term_string}"},"query-input":{"@type":"PropertyValueSpecification","valueRequired":true,"valueName":"search_term_string"}}],"inLanguage":"it-IT"},{"@type":"Organization","@id":"https:\/\/positiveprints.com\/it\/#organization","name":"Positive Prints","alternateName":"Positive Prints","url":"https:\/\/positiveprints.com\/it\/","logo":{"@type":"ImageObject","inLanguage":"it-IT","@id":"https:\/\/positiveprints.com\/it\/#\/schema\/logo\/image\/","url":"https:\/\/positiveprints.com\/wp-content\/uploads\/2026\/03\/245815646_1337939713319158_5671353136411139666_n.png","contentUrl":"https:\/\/positiveprints.com\/wp-content\/uploads\/2026\/03\/245815646_1337939713319158_5671353136411139666_n.png","width":800,"height":800,"caption":"Positive Prints"},"image":{"@id":"https:\/\/positiveprints.com\/it\/#\/schema\/logo\/image\/"},"sameAs":["https:\/\/www.facebook.com\/positiveprintscom","https:\/\/www.instagram.com\/positiveprintscom\/","https:\/\/www.tiktok.com\/@positiveprintscom","https:\/\/www.pinterest.com\/positiveprintscom\/"]}]}},"jetpack_sharing_enabled":true,"_links":{"self":[{"href":"https:\/\/positiveprints.com\/it\/wp-json\/wp\/v2\/product\/954563","targetHints":{"allow":["GET"]}}],"collection":[{"href":"https:\/\/positiveprints.com\/it\/wp-json\/wp\/v2\/product"}],"about":[{"href":"https:\/\/positiveprints.com\/it\/wp-json\/wp\/v2\/types\/product"}],"wp:featuredmedia":[{"embeddable":true,"href":"https:\/\/positiveprints.com\/it\/wp-json\/wp\/v2\/media\/1282760"}],"wp:attachment":[{"href":"https:\/\/positiveprints.com\/it\/wp-json\/wp\/v2\/media?parent=954563"}],"wp:term":[{"taxonomy":"product_brand","embeddable":true,"href":"https:\/\/positiveprints.com\/it\/wp-json\/wp\/v2\/product_brand?post=954563"},{"taxonomy":"product_cat","embeddable":true,"href":"https:\/\/positiveprints.com\/it\/wp-json\/wp\/v2\/product_cat?post=954563"},{"taxonomy":"product_tag","embeddable":true,"href":"https:\/\/positiveprints.com\/it\/wp-json\/wp\/v2\/product_tag?post=954563"}],"curies":[{"name":"wp","href":"https:\/\/api.w.org\/{rel}","templated":true}]}}