{"id":954544,"date":"2023-06-07T11:04:30","date_gmt":"2023-06-07T10:04:30","guid":{"rendered":"https:\/\/positiveprints.com\/?post_type=product&#038;p=954544"},"modified":"2026-04-12T22:13:09","modified_gmt":"2026-04-12T21:13:09","slug":"collage-di-foto-a-forma-di-lettere-per-la-famiglia","status":"publish","type":"product","link":"https:\/\/positiveprints.com\/it\/prodotto\/collage-di-foto-a-forma-di-lettere-per-la-famiglia\/","title":{"rendered":"Collage Fotografico con Lettere Famiglia"},"content":{"rendered":"<h2 class=\"grenB f24 cblue\" style=\"margin-top: 3rem;\">Collage di Foto di Famiglia a Forma di Lettere: Un Tributo ai Ricordi di Famiglia<\/h2>\r\n<p style=\"margin-top: 1rem;\">Catturare l\u2019essenza dei momenti pi\u00f9 belli trascorsi in famiglia non \u00e8 mai stato cos\u00ec facile. Con il Collage di Foto di Famiglia a Forma di Lettere puoi trasformare le tue foto preferite in una splendida stampa o in una romantica tela e disporle in modo da formare la parola \u201cfamiglia\u201d. Che si tratti di un regalo di Natale, un pensiero per l\u2019acquisto di una nuova casa o un gesto d\u2019amore per i tuoi genitori, questo collage personalizzato \u00e8 la scelta migliore.<\/p>\r\n\r\n<h2 class=\"grenB f24 cblue\" style=\"margin-top: 3rem;\">Facile Processo di Creazione<\/h2>\r\n<p style=\"margin-top: 1rem;\">Grazie al nostro editor online, creare il tuo Collage di Foto di Famiglia a Forma di Lettere \u00e8 un gioco da ragazzi. In un batter d\u2019occhio, ti guideremo nella creazione della tua stampa e avrai il regalo ideale in soli 3 semplici passaggi. La nostra piattaforma user-friendly \u00e8 compatibile anche con i dispositivi mobili, cos\u00ec puoi aggiungere tutti i dettagli che vuoi anche da smartphone o tablet.<\/p>\r\n<p style=\"margin-top: 1rem;\">A differenza di un regalo qualsiasi, il Collage di Foto di Famiglia a Forma di Lettere \u00e8 un tripudio d\u2019amore e gratitudine verso la tua famiglia. Grazie alla possibilit\u00e0 di personalizzarlo nei minimi dettagli, sar\u00e0 un regalo che verr\u00e0 apprezzato anno dopo anno, fungendo da costante ricordo di momenti speciali e legami indissolubili.<\/p>\r\n<p style=\"margin-top: 1rem;\">Per prima cosa, non devi far altro che inserire semplicemente la parola \u201cfamiglia\u201d nel nostro editor. Se vuoi rappresentare una parola diversa, come il cognome della tua famiglia o una data importante per tutti voi, puoi usarla senza alcun problema. Le possibilit\u00e0 sono davvero infinite, perci\u00f2 prenditi tutta la libert\u00e0 di adattare il collage alle tue preferenze. Puoi anche selezionare un colore per il contorno di simboli e lettere, oppure optare per un look pulito e scegliere un bianco semplice.<\/p>\r\n<p style=\"margin-top: 1rem;\">Dopodich\u00e9 comincia a caricare le tue foto, una per ogni lettera della parola scelta. Grazie alla possibilit\u00e0 di ingrandire e regolare la posizione di ogni foto, hai davvero il massimo del controllo. Inoltre, per rendere questo regalo ancora pi\u00f9 emozionante, puoi aggiungere un messaggio subito sotto il collage.<\/p>\r\n<p style=\"margin-top: 1rem;\">Infine, non ti rimane che selezionare la dimensione e il formato di stampa che pi\u00f9 si adatta alle tue esigenze. Tra stampa, poster incorniciato, tela o file digitale per il download istantaneo, siamo pronti a venire incontro alle tue preferenze. In qualsiasi caso, il Collage di Foto di Famiglia a Forma di Lettere non ti deluder\u00e0.<\/p>\r\n\r\n<h2 class=\"grenB f24 cblue\" style=\"margin-top: 3rem;\">Collage di Foto di Famiglia a Forma di Lettere: Un Regalo Ricco di Significato<\/h2>\r\n<p style=\"margin-top: 1rem;\">Se stai cercando un regalo denso di significato da dedicare alla tua famiglia, non cercare oltre: il Collage di Foto di Famiglia a Forma di Lettere \u00e8 la scelta giusta. Questo piccolo capolavoro personalizzato pu\u00f2 davvero essere trasformato in un\u2019opera d\u2019arte unica e catturare l\u2019amore e l\u2019unione che c\u2019\u00e8 nella tua famiglia.<\/p>\r\n<p style=\"margin-top: 1rem;\">Ogni Collage di Foto di Famiglia a Forma di Lettere cattura i ricordi pi\u00f9 preziosi della tua famiglia in modo straordinario per renderli davvero indelebili. \u00c8 come se fosse una piccola capsula del tempo che raccoglie tutta la gioia, le risate e l\u2019amore che definiscono la tua famiglia.<\/p>\r\n<p style=\"margin-top: 1rem;\">Con il Collage di Foto di Famiglia a Forma di Lettere hai il completo controllo sul risultato finale. Dalla scelta della parola che rappresenta di pi\u00f9 la tua famiglia alla personalizzazione dei colori, passando per il messaggio personale, puoi davvero adattare qualsiasi dettaglio ai tuoi gusti e preferenze.<\/p>\r\n<p style=\"margin-top: 1rem;\">In conclusione, il Collage di Foto di Famiglia a Forma di Lettere \u00e8 il modo migliore per celebrare la tua famiglia e creare un ricordo che duri nel tempo. Grazie all\u2019editor user-friendly, il tocco personalizzato che puoi aggiungere e il suo bellissimo design, si distingue da tutte le altre idee regalo come qualcosa di davvero speciale. Conserva i tuoi ricordi preziosi e condividi ci\u00f2 che rende unica la tua famiglia con questo collage personalizzato.<\/p>","protected":false},"excerpt":{"rendered":"<ul class=\"check-list\">\n<li>Aggiungi un messaggio personale<\/li>\n<li>Personalizza in 3 semplici passaggi<\/li>\n<li>Scegli un template preimpostato o libera la tua creativit\u00e0<\/li>\n<li>Guarda subito il risultato \u2013 l&#8217;anteprima interattiva ti permette di perfezionare ogni dettaglio<\/li>\n<\/ul>\n","protected":false},"featured_media":1671224,"template":"","meta":[],"product_brand":[],"product_cat":[8830,7688,8008,8999,5269,11430,7848,15057,4449],"product_tag":[16084,16032,16033,16083,16034,16035,16036],"class_list":{"0":"post-954544","1":"product","2":"type-product","3":"status-publish","4":"has-post-thumbnail","6":"product_cat-collage-di-foto","7":"product_cat-regali-da-donna","8":"product_cat-regali-da-uomo","9":"product_cat-festa-dei-nonni","10":"product_cat-regali-di-natale","11":"product_cat-regali-di-natale-per-i-genitori","12":"product_cat-regali-per-la-famiglia","13":"product_cat-regali-di-natale-per-la-famiglia","14":"product_cat-tutti-i-prodotti","15":"product_tag-christmas-gifts-for-family-it","16":"product_tag-family-gift-ideas-it","17":"product_tag-family-gifts-it","18":"product_tag-family-en-gb-it","19":"product_tag-gift-for-family-it","20":"product_tag-gifts-for-family-it","21":"product_tag-personalized-family-gifts-it","23":"first","24":"instock","25":"sale","26":"taxable","27":"shipping-taxable","28":"purchasable","29":"product-type-variable"},"yoast_head":"<!-- This site is optimized with the Yoast SEO Premium plugin v27.2 (Yoast SEO v27.2) - https:\/\/yoast.com\/product\/yoast-seo-premium-wordpress\/ -->\n<title>Collage Fotografico con Lettere Famiglia - Positive Prints<\/title>\n<meta name=\"description\" content=\"Crea un regalo unico per la tua famiglia: un fotocollage che raccoglie foto e ricordi da tramandare di generazione in generazione.\" \/>\n<meta name=\"robots\" content=\"index, follow, max-snippet:-1, max-image-preview:large, max-video-preview:-1\" \/>\n<link rel=\"canonical\" href=\"https:\/\/positiveprints.com\/it\/prodotto\/collage-di-foto-a-forma-di-lettere-per-la-famiglia\/\" \/>\n<meta property=\"og:locale\" content=\"it_IT\" \/>\n<meta property=\"og:type\" content=\"article\" \/>\n<meta property=\"og:title\" content=\"Collage Fotografico con Lettere Famiglia\" \/>\n<meta property=\"og:description\" content=\"Aggiungi un messaggio personale  Personalizza in 3 semplici passaggi  Scegli un template preimpostato o libera la tua creativit\u00e0  Guarda subito il risultato \u2013 l&#039;anteprima interattiva ti permette di perfezionare ogni dettaglio\" \/>\n<meta property=\"og:url\" content=\"https:\/\/positiveprints.com\/it\/prodotto\/collage-di-foto-a-forma-di-lettere-per-la-famiglia\/\" \/>\n<meta property=\"og:site_name\" content=\"Positive Prints\" \/>\n<meta property=\"article:publisher\" content=\"https:\/\/www.facebook.com\/positiveprintscom\" \/>\n<meta property=\"article:modified_time\" content=\"2026-04-12T21:13:09+00:00\" \/>\n<meta property=\"og:image\" content=\"https:\/\/positiveprints.com\/wp-content\/uploads\/2025\/03\/Packshot_IT_FAMIGLIA.webp\" \/>\n\t<meta property=\"og:image:width\" content=\"1450\" \/>\n\t<meta property=\"og:image:height\" content=\"1450\" \/>\n\t<meta property=\"og:image:type\" content=\"image\/webp\" \/>\n<meta name=\"twitter:card\" content=\"summary_large_image\" \/>\n<meta name=\"twitter:label1\" content=\"Tempo di lettura stimato\" \/>\n\t<meta name=\"twitter:data1\" content=\"4 minuti\" \/>\n<!-- \/ Yoast SEO Premium plugin. -->","yoast_head_json":{"title":"Collage Fotografico con Lettere Famiglia - Positive Prints","description":"Crea un regalo unico per la tua famiglia: un fotocollage che raccoglie foto e ricordi da tramandare di generazione in generazione.","robots":{"index":"index","follow":"follow","max-snippet":"max-snippet:-1","max-image-preview":"max-image-preview:large","max-video-preview":"max-video-preview:-1"},"canonical":"https:\/\/positiveprints.com\/it\/prodotto\/collage-di-foto-a-forma-di-lettere-per-la-famiglia\/","og_locale":"it_IT","og_type":"article","og_title":"Collage Fotografico con Lettere Famiglia","og_description":"Aggiungi un messaggio personale  Personalizza in 3 semplici passaggi  Scegli un template preimpostato o libera la tua creativit\u00e0  Guarda subito il risultato \u2013 l'anteprima interattiva ti permette di perfezionare ogni dettaglio","og_url":"https:\/\/positiveprints.com\/it\/prodotto\/collage-di-foto-a-forma-di-lettere-per-la-famiglia\/","og_site_name":"Positive Prints","article_publisher":"https:\/\/www.facebook.com\/positiveprintscom","article_modified_time":"2026-04-12T21:13:09+00:00","og_image":[{"width":1450,"height":1450,"url":"https:\/\/positiveprints.com\/wp-content\/uploads\/2025\/03\/Packshot_IT_FAMIGLIA.webp","type":"image\/webp"}],"twitter_card":"summary_large_image","twitter_misc":{"Tempo di lettura stimato":"4 minuti"},"schema":{"@context":"https:\/\/schema.org","@graph":[{"@type":["WebPage","ItemPage"],"@id":"https:\/\/positiveprints.com\/it\/prodotto\/collage-di-foto-a-forma-di-lettere-per-la-famiglia\/","url":"https:\/\/positiveprints.com\/it\/prodotto\/collage-di-foto-a-forma-di-lettere-per-la-famiglia\/","name":"Collage Fotografico con Lettere Famiglia - Positive Prints","isPartOf":{"@id":"https:\/\/positiveprints.com\/it\/#website"},"primaryImageOfPage":{"@id":"https:\/\/positiveprints.com\/it\/prodotto\/collage-di-foto-a-forma-di-lettere-per-la-famiglia\/#primaryimage"},"image":{"@id":"https:\/\/positiveprints.com\/it\/prodotto\/collage-di-foto-a-forma-di-lettere-per-la-famiglia\/#primaryimage"},"thumbnailUrl":"https:\/\/positiveprints.com\/wp-content\/uploads\/2026\/03\/Famiglia_IT.webp","datePublished":"2023-06-07T10:04:30+00:00","dateModified":"2026-04-12T21:13:09+00:00","description":"Crea un regalo unico per la tua famiglia: un fotocollage che raccoglie foto e ricordi da tramandare di generazione in generazione.","breadcrumb":{"@id":"https:\/\/positiveprints.com\/it\/prodotto\/collage-di-foto-a-forma-di-lettere-per-la-famiglia\/#breadcrumb"},"inLanguage":"it-IT","potentialAction":[{"@type":"ReadAction","target":["https:\/\/positiveprints.com\/it\/prodotto\/collage-di-foto-a-forma-di-lettere-per-la-famiglia\/"]}]},{"@type":"ImageObject","inLanguage":"it-IT","@id":"https:\/\/positiveprints.com\/it\/prodotto\/collage-di-foto-a-forma-di-lettere-per-la-famiglia\/#primaryimage","url":"https:\/\/positiveprints.com\/wp-content\/uploads\/2026\/03\/Famiglia_IT.webp","contentUrl":"https:\/\/positiveprints.com\/wp-content\/uploads\/2026\/03\/Famiglia_IT.webp","width":1450,"height":1450,"caption":"Famiglia_IT"},{"@type":"BreadcrumbList","@id":"https:\/\/positiveprints.com\/it\/prodotto\/collage-di-foto-a-forma-di-lettere-per-la-famiglia\/#breadcrumb","itemListElement":[{"@type":"ListItem","position":1,"name":"Home","item":"https:\/\/positiveprints.com\/it\/"},{"@type":"ListItem","position":2,"name":"Prodotti","item":"https:\/\/positiveprints.com\/it\/shop\/"},{"@type":"ListItem","position":3,"name":"Collage Fotografico con Lettere Famiglia"}]},{"@type":"WebSite","@id":"https:\/\/positiveprints.com\/it\/#website","url":"https:\/\/positiveprints.com\/it\/","name":"Positive Prints","description":"Amazing Custom Personalized Gifts","publisher":{"@id":"https:\/\/positiveprints.com\/it\/#organization"},"potentialAction":[{"@type":"SearchAction","target":{"@type":"EntryPoint","urlTemplate":"https:\/\/positiveprints.com\/it\/?s={search_term_string}"},"query-input":{"@type":"PropertyValueSpecification","valueRequired":true,"valueName":"search_term_string"}}],"inLanguage":"it-IT"},{"@type":"Organization","@id":"https:\/\/positiveprints.com\/it\/#organization","name":"Positive Prints","alternateName":"Positive Prints","url":"https:\/\/positiveprints.com\/it\/","logo":{"@type":"ImageObject","inLanguage":"it-IT","@id":"https:\/\/positiveprints.com\/it\/#\/schema\/logo\/image\/","url":"https:\/\/positiveprints.com\/wp-content\/uploads\/2026\/03\/245815646_1337939713319158_5671353136411139666_n.png","contentUrl":"https:\/\/positiveprints.com\/wp-content\/uploads\/2026\/03\/245815646_1337939713319158_5671353136411139666_n.png","width":800,"height":800,"caption":"Positive Prints"},"image":{"@id":"https:\/\/positiveprints.com\/it\/#\/schema\/logo\/image\/"},"sameAs":["https:\/\/www.facebook.com\/positiveprintscom","https:\/\/www.instagram.com\/positiveprintscom\/","https:\/\/www.tiktok.com\/@positiveprintscom","https:\/\/www.pinterest.com\/positiveprintscom\/"]}]}},"jetpack_sharing_enabled":true,"_links":{"self":[{"href":"https:\/\/positiveprints.com\/it\/wp-json\/wp\/v2\/product\/954544","targetHints":{"allow":["GET"]}}],"collection":[{"href":"https:\/\/positiveprints.com\/it\/wp-json\/wp\/v2\/product"}],"about":[{"href":"https:\/\/positiveprints.com\/it\/wp-json\/wp\/v2\/types\/product"}],"wp:featuredmedia":[{"embeddable":true,"href":"https:\/\/positiveprints.com\/it\/wp-json\/wp\/v2\/media\/1671224"}],"wp:attachment":[{"href":"https:\/\/positiveprints.com\/it\/wp-json\/wp\/v2\/media?parent=954544"}],"wp:term":[{"taxonomy":"product_brand","embeddable":true,"href":"https:\/\/positiveprints.com\/it\/wp-json\/wp\/v2\/product_brand?post=954544"},{"taxonomy":"product_cat","embeddable":true,"href":"https:\/\/positiveprints.com\/it\/wp-json\/wp\/v2\/product_cat?post=954544"},{"taxonomy":"product_tag","embeddable":true,"href":"https:\/\/positiveprints.com\/it\/wp-json\/wp\/v2\/product_tag?post=954544"}],"curies":[{"name":"wp","href":"https:\/\/api.w.org\/{rel}","templated":true}]}}