{"id":954540,"date":"2023-09-22T09:38:05","date_gmt":"2023-09-22T08:38:05","guid":{"rendered":"https:\/\/positiveprints.com\/?post_type=product&#038;p=954540"},"modified":"2026-04-12T21:40:44","modified_gmt":"2026-04-12T20:40:44","slug":"collage-di-foto-a-forma-di-lettere-per-i-neo-sposi","status":"publish","type":"product","link":"https:\/\/positiveprints.com\/it\/prodotto\/collage-di-foto-a-forma-di-lettere-per-i-neo-sposi\/","title":{"rendered":"Collage di Foto a Forma di Lettere per i Neo Sposi"},"content":{"rendered":"<h2 class=\"grenB f24 cblue\" style=\"margin-top: 3rem;\">Cattura l\u2019Amore Vero con un Collage di Foto a Forma di Lettere per Sposini<\/h2>\r\n<p style=\"margin-top: 1rem;\">Il Collage di Foto a Forma di Lettere per Sposini \u00e8 una stampa o tela personalizzata che puoi creare con le tue foto. Questo collage eccezionale ti consente di dare disporre le tue foto in modo da creare una parola, dando vita a un regalo davvero speciale.<\/p>\r\n\r\n<h2 class=\"grenB f24 cblue\" style=\"margin-top: 3rem;\">Crea il Tuo Collage di Foto a Forma di Lettere per Sposini in 3 Semplici Passaggi<\/h2>\r\n<p style=\"margin-top: 1rem;\">Creare un Collage di Foto a Forma di Lettere per Sposini \u00e8 pi\u00f9 facile che mai con il nostro editor online. In soli 3 semplici passaggi puoi progettare il regalo perfetto con estrema semplicit\u00e0. L\u2019editor presente sul nostro sito \u00e8 super intuitivo e compatibile anche con i dispositivi mobili, consentendoti di creare il tuo capolavoro ovunque tu sia. Di\u2019 addio alla frustrazione del \u201cnon so cosa regalare\u201d, d\u00e0 il benvenuto a regali senza stress!<\/p>\r\n\r\n<p style=\"margin-top: 1rem;\">Per iniziare, basta scegliere una parola importante per la tua coppia speciale. Potrebbe essere il loro cognome, le iniziali dei loro nomi, la data di matrimonio o parole come \u201camore\u201d e \u201csempre\u201d &#8211; le possibilit\u00e0 sono infinite! Una volta scelta la tua parola, puoi personalizzarla ulteriormente scegliendo un colore da mettere sui bordi, oppure optare per un contorno bianco e pulito.<\/p>\r\n\r\n<p style=\"margin-top: 1rem;\">Il passo successivo prevede l&#8217;upload delle tue foto. Avrai bisogno di una foto per ogni lettera della parola scelta. Grazie alla possibilit\u00e0 di ingrandire e regolare la posizione di ogni foto, hai davvero il massimo del controllo. Inoltre, per rendere questo regalo ancora pi\u00f9 emozionante, puoi aggiungere un messaggio subito sotto il collage.<\/p>\r\n\r\n<p style=\"margin-top: 1rem;\">Una volta che il risultato ti soddisfa, \u00e8 il momento di scegliere la dimensione e il formato che si adatta di pi\u00f9 alle tue esigenze. Puoi ordinare una stampa incorniciata, un poster stampato, una tela romantica o persino un file digitale da scaricare immediatamente &#8211; la scelta \u00e8 solo tua!<\/p>\r\n\r\n<h2 class=\"grenB f24 cblue\" style=\"margin-top: 3rem;\">L\u2019Aggiunta Ideale al Soggiorno degli Sposini<\/h2>\r\n<p style=\"margin-top: 1rem;\">Se stai cercando un regalo ricco di significato per una coppia appena sposata, il Collage di Foto a Forma di Lettere per Sposini \u00e8 la scelta giusta. Mostrando i loro momenti pi\u00f9 preziosi trascorsi insieme, siamo certi che sar\u00e0 un\u2019aggiunta personale e straordinaria alle pareti del loro soggiorno. A differenza di qualsiasi altro regalo che potresti trovare sugli scaffali di un negozio, questo collage cattura l\u2019essenza dell\u2019amore e della dedizione in un bellissimo modo.<\/p>\r\n\r\n<p style=\"margin-top: 1rem;\">Sorprendi la tua coppia speciale con il Collage di Foto a Forma di Lettere per Sposini e guarda i loro visi illuminarsi di felicit\u00e0. Celebra la loro unione con un regalo straordinario e pieno di emozioni. Ordina subito il tuo collage e lascia che l\u2019amore brilli attraverso le sue foto!<\/p>","protected":false},"excerpt":{"rendered":"<ul class=\"check-list\">\n<li>Crea un ricordo indelebile ricco di amore e dedizione per la tua coppia speciale di sposini<\/li>\n<li>Includi un testo personalizzato e carico di significato<\/li>\n<li>Personalizzalo in 3 semplici passaggi<\/li>\n<li>Scegli un template pronto da utilizzare o scatena la tua fantasia<\/li>\n<li>Tieni d\u2019occhio l\u2019anteprima istantanea a ogni modifica<\/li>\n<\/ul>\n","protected":false},"featured_media":1288089,"template":"","meta":[],"product_brand":[],"product_cat":[8830,4449],"product_tag":[],"class_list":{"0":"post-954540","1":"product","2":"type-product","3":"status-publish","4":"has-post-thumbnail","6":"product_cat-collage-di-foto","7":"product_cat-tutti-i-prodotti","9":"first","10":"instock","11":"sale","12":"taxable","13":"shipping-taxable","14":"purchasable","15":"product-type-variable"},"yoast_head":"<!-- This site is optimized with the Yoast SEO Premium plugin v27.2 (Yoast SEO v27.2) - https:\/\/yoast.com\/product\/yoast-seo-premium-wordpress\/ -->\n<title>Collage di Foto a Forma di Lettere per i Neo Sposi - Positive Prints<\/title>\n<meta name=\"description\" content=\"Sorprendi la tua coppia speciale con il Collage di Foto a Forma di Lettere per Sposini e guarda i loro visi illuminarsi di felicit\u00e0.\" \/>\n<meta name=\"robots\" content=\"index, follow, max-snippet:-1, max-image-preview:large, max-video-preview:-1\" \/>\n<link rel=\"canonical\" href=\"https:\/\/positiveprints.com\/it\/prodotto\/collage-di-foto-a-forma-di-lettere-per-i-neo-sposi\/\" \/>\n<meta property=\"og:locale\" content=\"it_IT\" \/>\n<meta property=\"og:type\" content=\"article\" \/>\n<meta property=\"og:title\" content=\"Collage di Foto a Forma di Lettere per i Neo Sposi\" \/>\n<meta property=\"og:description\" content=\"Crea un ricordo indelebile ricco di amore e dedizione per la tua coppia speciale di sposini  Includi un testo personalizzato e carico di significato  Personalizzalo in 3 semplici passaggi  Scegli un template pronto da utilizzare o scatena la tua fantasia  Tieni d\u2019occhio l\u2019anteprima istantanea a ogni modifica\" \/>\n<meta property=\"og:url\" content=\"https:\/\/positiveprints.com\/it\/prodotto\/collage-di-foto-a-forma-di-lettere-per-i-neo-sposi\/\" \/>\n<meta property=\"og:site_name\" content=\"Positive Prints\" \/>\n<meta property=\"article:publisher\" content=\"https:\/\/www.facebook.com\/positiveprintscom\" \/>\n<meta property=\"article:modified_time\" content=\"2026-04-12T20:40:44+00:00\" \/>\n<meta property=\"og:image\" content=\"https:\/\/positiveprints.com\/wp-content\/uploads\/2024\/11\/Packshot_IT_Newlyweds-Letter-Photo-Collage-product-image.webp\" \/>\n\t<meta property=\"og:image:width\" content=\"1450\" \/>\n\t<meta property=\"og:image:height\" content=\"1450\" \/>\n\t<meta property=\"og:image:type\" content=\"image\/webp\" \/>\n<meta name=\"twitter:card\" content=\"summary_large_image\" \/>\n<!-- \/ Yoast SEO Premium plugin. -->","yoast_head_json":{"title":"Collage di Foto a Forma di Lettere per i Neo Sposi - Positive Prints","description":"Sorprendi la tua coppia speciale con il Collage di Foto a Forma di Lettere per Sposini e guarda i loro visi illuminarsi di felicit\u00e0.","robots":{"index":"index","follow":"follow","max-snippet":"max-snippet:-1","max-image-preview":"max-image-preview:large","max-video-preview":"max-video-preview:-1"},"canonical":"https:\/\/positiveprints.com\/it\/prodotto\/collage-di-foto-a-forma-di-lettere-per-i-neo-sposi\/","og_locale":"it_IT","og_type":"article","og_title":"Collage di Foto a Forma di Lettere per i Neo Sposi","og_description":"Crea un ricordo indelebile ricco di amore e dedizione per la tua coppia speciale di sposini  Includi un testo personalizzato e carico di significato  Personalizzalo in 3 semplici passaggi  Scegli un template pronto da utilizzare o scatena la tua fantasia  Tieni d\u2019occhio l\u2019anteprima istantanea a ogni modifica","og_url":"https:\/\/positiveprints.com\/it\/prodotto\/collage-di-foto-a-forma-di-lettere-per-i-neo-sposi\/","og_site_name":"Positive Prints","article_publisher":"https:\/\/www.facebook.com\/positiveprintscom","article_modified_time":"2026-04-12T20:40:44+00:00","og_image":[{"width":1450,"height":1450,"url":"https:\/\/positiveprints.com\/wp-content\/uploads\/2024\/11\/Packshot_IT_Newlyweds-Letter-Photo-Collage-product-image.webp","type":"image\/webp"}],"twitter_card":"summary_large_image","schema":{"@context":"https:\/\/schema.org","@graph":[{"@type":["WebPage","ItemPage"],"@id":"https:\/\/positiveprints.com\/it\/prodotto\/collage-di-foto-a-forma-di-lettere-per-i-neo-sposi\/","url":"https:\/\/positiveprints.com\/it\/prodotto\/collage-di-foto-a-forma-di-lettere-per-i-neo-sposi\/","name":"Collage di Foto a Forma di Lettere per i Neo Sposi - Positive Prints","isPartOf":{"@id":"https:\/\/positiveprints.com\/it\/#website"},"primaryImageOfPage":{"@id":"https:\/\/positiveprints.com\/it\/prodotto\/collage-di-foto-a-forma-di-lettere-per-i-neo-sposi\/#primaryimage"},"image":{"@id":"https:\/\/positiveprints.com\/it\/prodotto\/collage-di-foto-a-forma-di-lettere-per-i-neo-sposi\/#primaryimage"},"thumbnailUrl":"https:\/\/positiveprints.com\/wp-content\/uploads\/2024\/11\/Packshot_IT_Newlyweds-Letter-Photo-Collage-product-image.webp","datePublished":"2023-09-22T08:38:05+00:00","dateModified":"2026-04-12T20:40:44+00:00","description":"Sorprendi la tua coppia speciale con il Collage di Foto a Forma di Lettere per Sposini e guarda i loro visi illuminarsi di felicit\u00e0.","breadcrumb":{"@id":"https:\/\/positiveprints.com\/it\/prodotto\/collage-di-foto-a-forma-di-lettere-per-i-neo-sposi\/#breadcrumb"},"inLanguage":"it-IT","potentialAction":[{"@type":"ReadAction","target":["https:\/\/positiveprints.com\/it\/prodotto\/collage-di-foto-a-forma-di-lettere-per-i-neo-sposi\/"]}]},{"@type":"ImageObject","inLanguage":"it-IT","@id":"https:\/\/positiveprints.com\/it\/prodotto\/collage-di-foto-a-forma-di-lettere-per-i-neo-sposi\/#primaryimage","url":"https:\/\/positiveprints.com\/wp-content\/uploads\/2024\/11\/Packshot_IT_Newlyweds-Letter-Photo-Collage-product-image.webp","contentUrl":"https:\/\/positiveprints.com\/wp-content\/uploads\/2024\/11\/Packshot_IT_Newlyweds-Letter-Photo-Collage-product-image.webp","width":1450,"height":1450},{"@type":"BreadcrumbList","@id":"https:\/\/positiveprints.com\/it\/prodotto\/collage-di-foto-a-forma-di-lettere-per-i-neo-sposi\/#breadcrumb","itemListElement":[{"@type":"ListItem","position":1,"name":"Home","item":"https:\/\/positiveprints.com\/it\/"},{"@type":"ListItem","position":2,"name":"Prodotti","item":"https:\/\/positiveprints.com\/it\/shop\/"},{"@type":"ListItem","position":3,"name":"Collage di Foto a Forma di Lettere per i Neo Sposi"}]},{"@type":"WebSite","@id":"https:\/\/positiveprints.com\/it\/#website","url":"https:\/\/positiveprints.com\/it\/","name":"Positive Prints","description":"Amazing Custom Personalized Gifts","publisher":{"@id":"https:\/\/positiveprints.com\/it\/#organization"},"potentialAction":[{"@type":"SearchAction","target":{"@type":"EntryPoint","urlTemplate":"https:\/\/positiveprints.com\/it\/?s={search_term_string}"},"query-input":{"@type":"PropertyValueSpecification","valueRequired":true,"valueName":"search_term_string"}}],"inLanguage":"it-IT"},{"@type":"Organization","@id":"https:\/\/positiveprints.com\/it\/#organization","name":"Positive Prints","alternateName":"Positive Prints","url":"https:\/\/positiveprints.com\/it\/","logo":{"@type":"ImageObject","inLanguage":"it-IT","@id":"https:\/\/positiveprints.com\/it\/#\/schema\/logo\/image\/","url":"https:\/\/positiveprints.com\/wp-content\/uploads\/2026\/03\/245815646_1337939713319158_5671353136411139666_n.png","contentUrl":"https:\/\/positiveprints.com\/wp-content\/uploads\/2026\/03\/245815646_1337939713319158_5671353136411139666_n.png","width":800,"height":800,"caption":"Positive Prints"},"image":{"@id":"https:\/\/positiveprints.com\/it\/#\/schema\/logo\/image\/"},"sameAs":["https:\/\/www.facebook.com\/positiveprintscom","https:\/\/www.instagram.com\/positiveprintscom\/","https:\/\/www.tiktok.com\/@positiveprintscom","https:\/\/www.pinterest.com\/positiveprintscom\/"]}]}},"jetpack_sharing_enabled":true,"_links":{"self":[{"href":"https:\/\/positiveprints.com\/it\/wp-json\/wp\/v2\/product\/954540","targetHints":{"allow":["GET"]}}],"collection":[{"href":"https:\/\/positiveprints.com\/it\/wp-json\/wp\/v2\/product"}],"about":[{"href":"https:\/\/positiveprints.com\/it\/wp-json\/wp\/v2\/types\/product"}],"wp:featuredmedia":[{"embeddable":true,"href":"https:\/\/positiveprints.com\/it\/wp-json\/wp\/v2\/media\/1288089"}],"wp:attachment":[{"href":"https:\/\/positiveprints.com\/it\/wp-json\/wp\/v2\/media?parent=954540"}],"wp:term":[{"taxonomy":"product_brand","embeddable":true,"href":"https:\/\/positiveprints.com\/it\/wp-json\/wp\/v2\/product_brand?post=954540"},{"taxonomy":"product_cat","embeddable":true,"href":"https:\/\/positiveprints.com\/it\/wp-json\/wp\/v2\/product_cat?post=954540"},{"taxonomy":"product_tag","embeddable":true,"href":"https:\/\/positiveprints.com\/it\/wp-json\/wp\/v2\/product_tag?post=954540"}],"curies":[{"name":"wp","href":"https:\/\/api.w.org\/{rel}","templated":true}]}}