{"id":954536,"date":"2023-09-22T09:33:53","date_gmt":"2023-09-22T08:33:53","guid":{"rendered":"https:\/\/positiveprints.com\/?post_type=product&#038;p=954536"},"modified":"2026-04-23T11:18:06","modified_gmt":"2026-04-23T10:18:06","slug":"collage-fotografico-del-bambino","status":"publish","type":"product","link":"https:\/\/positiveprints.com\/it\/prodotto\/collage-fotografico-del-bambino\/","title":{"rendered":"Collage Fotografico del Bambino"},"content":{"rendered":"<h2 class=\"grenB f24 cblue\" style=\"margin-top: 3rem;\">Personalizza i Tuoi Ricordi con un Collage di Foto per un Beb\u00e8<\/h2>\r\n<p style=\"margin-top: 1rem;\">Un Collage di Foto per un Beb\u00e8 \u00e8 un modo dolce e simpatico per conservare i tuoi ricordi pi\u00f9 preziosi. Creando una stampa o una tela personalizzata, puoi dare forma alle tue foto e trasformarle in simboli, come le stelle, piedini, cuoricini o manine. E per renderlo ancora pi\u00f9 ricco di significato, puoi aggiungere anche numeri o lettere. Questa \u00e8 una straordinaria opportunit\u00e0 per creare non solo il regalo perfetto per un bambino, ma anche per decorare con tenerezza la sua cameretta.<\/p>\r\n\r\n<h2 class=\"grenB f24 cblue\" style=\"margin-top: 3rem;\">Come Creare uno Splendido Collage di Foto per un Beb\u00e8<\/h2>\r\n<p style=\"margin-top: 1rem;\">Creare un Collage di Foto per un Beb\u00e8 \u00e8 semplice e intuitivo con il nostro editor online. Il processo \u00e8 semplice come contare fino a 10. Che tu stia usando un computer o un dispositivo mobile, il nostro editor garantisce un&#8217;esperienza senza intoppi. La prima cosa da fare \u00e8 scegliere i simboli o le lettere da inserire nel tuo layout. Libera la tua creativit\u00e0 creando una sequenza unica di simboli, lettere e numeri. Per esempio, potresti inserire l\u2019iniziale del nome del tuo beb\u00e8 e aggiungere un simbolo come un palloncino o le impronte dei piedini. Le possibilit\u00e0 sono davvero infinite! Per aggiungere un tocco di stile, puoi selezionare un colore per il contorno dei simboli o lasciarli bianchi e semplici.<\/p>\r\n\r\n<p style=\"margin-top: 1rem;\">Una volta finalizzato il tuo layout, puoi cominciare a caricare le tue foto. Carica una foto per ogni simbolo e il nostro editor ti permetter\u00e0 di ingrandire e regolare la loro posizione. Dopodich\u00e9, per personalizzarlo al massimo, potrai anche aggiungere un tuo messaggio subito sotto le foto. Infine, scegli la dimensione e il formato che desideri. Che tu preferisca un poster incorniciato, una tela stampata o un file di download digitale istantaneo, il Collage di Foto per un Beb\u00e8 arriva come vuoi tu.<\/p>\r\n\r\n<h2 class=\"grenB f24 cblue\" style=\"margin-top: 3rem;\">Festeggia i Traguardi Pi\u00f9 Importanti del Tuo Bambino<\/h2>\r\n<p style=\"margin-top: 1rem;\">Stai cercando un regalo denso di significato per il primo, secondo o qualsiasi altro compleanno del tuo bambino? Non cercare oltre! Il Collage di Foto per un Beb\u00e8 \u00e8 una splendida creazione che catturer\u00e0 l\u2019attenzione di tutti e porter\u00e0 una ventata d\u2019amore nella cameretta dei tuoi bambini. A differenza di un classico regalo acquistato in negozio, il nostro collage \u00e8 un dono originale e dolcissimo. Conserva i ricordi migliori e celebra le gioie dell\u2019infanzia con il Collage di Foto per un Beb\u00e8.<\/p>","protected":false},"excerpt":{"rendered":"<ul class=\"check-list\">\n<li>Crea un collage che diventer\u00e0 un ricordo speciale sia per il bambino che per i suoi genitori<\/li>\n<li>Includi un testo personalizzato e carico di significato<\/li>\n<li>Personalizzalo in 3 semplici passaggi<\/li>\n<li>Scegli un template pronto da utilizzare o scatena la tua fantasia<\/li>\n<li>Tieni d\u2019occhio l\u2019anteprima istantanea a ogni modifica<\/li>\n<\/ul>\n","protected":false},"featured_media":1270415,"template":"","meta":[],"product_brand":[],"product_cat":[8830,5343,5257,7816,11215,11216,4449],"product_tag":[],"class_list":{"0":"post-954536","1":"product","2":"type-product","3":"status-publish","4":"has-post-thumbnail","6":"product_cat-collage-di-foto","7":"product_cat-regali-di-compleanno","8":"product_cat-regali-di-nascita-del-bambino","9":"product_cat-regali-per-neogenitori","10":"product_cat-regali-di-compleanno-per-lei","11":"product_cat-regali-di-compleanno-per-lui","12":"product_cat-tutti-i-prodotti","14":"first","15":"instock","16":"sale","17":"taxable","18":"shipping-taxable","19":"purchasable","20":"product-type-variable"},"yoast_head":"<!-- This site is optimized with the Yoast SEO Premium plugin v27.2 (Yoast SEO v27.2) - https:\/\/yoast.com\/product\/yoast-seo-premium-wordpress\/ -->\n<title>Collage Fotografico del Bambino - Positive Prints<\/title>\n<meta name=\"description\" content=\"Il Collage di Foto per un Beb\u00e8 non \u00e8 solo un regalo di compleanno perfetto, ma anche una dolcissima decorazione per la cameretta dei tuoi bimbi.\" \/>\n<meta name=\"robots\" content=\"index, follow, max-snippet:-1, max-image-preview:large, max-video-preview:-1\" \/>\n<link rel=\"canonical\" href=\"https:\/\/positiveprints.com\/it\/prodotto\/collage-fotografico-del-bambino\/\" \/>\n<meta property=\"og:locale\" content=\"it_IT\" \/>\n<meta property=\"og:type\" content=\"article\" \/>\n<meta property=\"og:title\" content=\"Collage Fotografico del Bambino\" \/>\n<meta property=\"og:description\" content=\"Crea un collage che diventer\u00e0 un ricordo speciale sia per il bambino che per i suoi genitori  Includi un testo personalizzato e carico di significato  Personalizzalo in 3 semplici passaggi  Scegli un template pronto da utilizzare o scatena la tua fantasia  Tieni d\u2019occhio l\u2019anteprima istantanea a ogni modifica\" \/>\n<meta property=\"og:url\" content=\"https:\/\/positiveprints.com\/it\/prodotto\/collage-fotografico-del-bambino\/\" \/>\n<meta property=\"og:site_name\" content=\"Positive Prints\" \/>\n<meta property=\"article:publisher\" content=\"https:\/\/www.facebook.com\/positiveprintscom\" \/>\n<meta property=\"article:modified_time\" content=\"2026-04-23T10:18:06+00:00\" \/>\n<meta property=\"og:image\" content=\"https:\/\/positiveprints.com\/wp-content\/uploads\/2024\/11\/Packshot_IT_Baby-Photo-Collage-product-image-.webp\" \/>\n\t<meta property=\"og:image:width\" content=\"1450\" \/>\n\t<meta property=\"og:image:height\" content=\"1450\" \/>\n\t<meta property=\"og:image:type\" content=\"image\/webp\" \/>\n<meta name=\"twitter:card\" content=\"summary_large_image\" \/>\n<!-- \/ Yoast SEO Premium plugin. -->","yoast_head_json":{"title":"Collage Fotografico del Bambino - Positive Prints","description":"Il Collage di Foto per un Beb\u00e8 non \u00e8 solo un regalo di compleanno perfetto, ma anche una dolcissima decorazione per la cameretta dei tuoi bimbi.","robots":{"index":"index","follow":"follow","max-snippet":"max-snippet:-1","max-image-preview":"max-image-preview:large","max-video-preview":"max-video-preview:-1"},"canonical":"https:\/\/positiveprints.com\/it\/prodotto\/collage-fotografico-del-bambino\/","og_locale":"it_IT","og_type":"article","og_title":"Collage Fotografico del Bambino","og_description":"Crea un collage che diventer\u00e0 un ricordo speciale sia per il bambino che per i suoi genitori  Includi un testo personalizzato e carico di significato  Personalizzalo in 3 semplici passaggi  Scegli un template pronto da utilizzare o scatena la tua fantasia  Tieni d\u2019occhio l\u2019anteprima istantanea a ogni modifica","og_url":"https:\/\/positiveprints.com\/it\/prodotto\/collage-fotografico-del-bambino\/","og_site_name":"Positive Prints","article_publisher":"https:\/\/www.facebook.com\/positiveprintscom","article_modified_time":"2026-04-23T10:18:06+00:00","og_image":[{"width":1450,"height":1450,"url":"https:\/\/positiveprints.com\/wp-content\/uploads\/2024\/11\/Packshot_IT_Baby-Photo-Collage-product-image-.webp","type":"image\/webp"}],"twitter_card":"summary_large_image","schema":{"@context":"https:\/\/schema.org","@graph":[{"@type":["WebPage","ItemPage"],"@id":"https:\/\/positiveprints.com\/it\/prodotto\/collage-fotografico-del-bambino\/","url":"https:\/\/positiveprints.com\/it\/prodotto\/collage-fotografico-del-bambino\/","name":"Collage Fotografico del Bambino - Positive Prints","isPartOf":{"@id":"https:\/\/positiveprints.com\/it\/#website"},"primaryImageOfPage":{"@id":"https:\/\/positiveprints.com\/it\/prodotto\/collage-fotografico-del-bambino\/#primaryimage"},"image":{"@id":"https:\/\/positiveprints.com\/it\/prodotto\/collage-fotografico-del-bambino\/#primaryimage"},"thumbnailUrl":"https:\/\/positiveprints.com\/wp-content\/uploads\/2024\/11\/Packshot_IT_Baby-Photo-Collage-product-image-.webp","datePublished":"2023-09-22T08:33:53+00:00","dateModified":"2026-04-23T10:18:06+00:00","description":"Il Collage di Foto per un Beb\u00e8 non \u00e8 solo un regalo di compleanno perfetto, ma anche una dolcissima decorazione per la cameretta dei tuoi bimbi.","breadcrumb":{"@id":"https:\/\/positiveprints.com\/it\/prodotto\/collage-fotografico-del-bambino\/#breadcrumb"},"inLanguage":"it-IT","potentialAction":[{"@type":"ReadAction","target":["https:\/\/positiveprints.com\/it\/prodotto\/collage-fotografico-del-bambino\/"]}]},{"@type":"ImageObject","inLanguage":"it-IT","@id":"https:\/\/positiveprints.com\/it\/prodotto\/collage-fotografico-del-bambino\/#primaryimage","url":"https:\/\/positiveprints.com\/wp-content\/uploads\/2024\/11\/Packshot_IT_Baby-Photo-Collage-product-image-.webp","contentUrl":"https:\/\/positiveprints.com\/wp-content\/uploads\/2024\/11\/Packshot_IT_Baby-Photo-Collage-product-image-.webp","width":1450,"height":1450,"caption":"Packshot_IT_Baby Photo Collage product image"},{"@type":"BreadcrumbList","@id":"https:\/\/positiveprints.com\/it\/prodotto\/collage-fotografico-del-bambino\/#breadcrumb","itemListElement":[{"@type":"ListItem","position":1,"name":"Home","item":"https:\/\/positiveprints.com\/it\/"},{"@type":"ListItem","position":2,"name":"Prodotti","item":"https:\/\/positiveprints.com\/it\/shop\/"},{"@type":"ListItem","position":3,"name":"Collage Fotografico del Bambino"}]},{"@type":"WebSite","@id":"https:\/\/positiveprints.com\/it\/#website","url":"https:\/\/positiveprints.com\/it\/","name":"Positive Prints","description":"Amazing Custom Personalized Gifts","publisher":{"@id":"https:\/\/positiveprints.com\/it\/#organization"},"potentialAction":[{"@type":"SearchAction","target":{"@type":"EntryPoint","urlTemplate":"https:\/\/positiveprints.com\/it\/?s={search_term_string}"},"query-input":{"@type":"PropertyValueSpecification","valueRequired":true,"valueName":"search_term_string"}}],"inLanguage":"it-IT"},{"@type":"Organization","@id":"https:\/\/positiveprints.com\/it\/#organization","name":"Positive Prints","alternateName":"Positive Prints","url":"https:\/\/positiveprints.com\/it\/","logo":{"@type":"ImageObject","inLanguage":"it-IT","@id":"https:\/\/positiveprints.com\/it\/#\/schema\/logo\/image\/","url":"https:\/\/positiveprints.com\/wp-content\/uploads\/2026\/03\/245815646_1337939713319158_5671353136411139666_n.png","contentUrl":"https:\/\/positiveprints.com\/wp-content\/uploads\/2026\/03\/245815646_1337939713319158_5671353136411139666_n.png","width":800,"height":800,"caption":"Positive Prints"},"image":{"@id":"https:\/\/positiveprints.com\/it\/#\/schema\/logo\/image\/"},"sameAs":["https:\/\/www.facebook.com\/positiveprintscom","https:\/\/www.instagram.com\/positiveprintscom\/","https:\/\/www.tiktok.com\/@positiveprintscom","https:\/\/www.pinterest.com\/positiveprintscom\/"]}]}},"jetpack_sharing_enabled":true,"_links":{"self":[{"href":"https:\/\/positiveprints.com\/it\/wp-json\/wp\/v2\/product\/954536","targetHints":{"allow":["GET"]}}],"collection":[{"href":"https:\/\/positiveprints.com\/it\/wp-json\/wp\/v2\/product"}],"about":[{"href":"https:\/\/positiveprints.com\/it\/wp-json\/wp\/v2\/types\/product"}],"wp:featuredmedia":[{"embeddable":true,"href":"https:\/\/positiveprints.com\/it\/wp-json\/wp\/v2\/media\/1270415"}],"wp:attachment":[{"href":"https:\/\/positiveprints.com\/it\/wp-json\/wp\/v2\/media?parent=954536"}],"wp:term":[{"taxonomy":"product_brand","embeddable":true,"href":"https:\/\/positiveprints.com\/it\/wp-json\/wp\/v2\/product_brand?post=954536"},{"taxonomy":"product_cat","embeddable":true,"href":"https:\/\/positiveprints.com\/it\/wp-json\/wp\/v2\/product_cat?post=954536"},{"taxonomy":"product_tag","embeddable":true,"href":"https:\/\/positiveprints.com\/it\/wp-json\/wp\/v2\/product_tag?post=954536"}],"curies":[{"name":"wp","href":"https:\/\/api.w.org\/{rel}","templated":true}]}}