{"id":954510,"date":"2023-05-29T11:07:07","date_gmt":"2023-09-22T08:20:13","guid":{"rendered":"https:\/\/positiveprints.com\/?post_type=product&#038;p=954510"},"modified":"2026-04-12T22:16:01","modified_gmt":"2026-04-12T21:16:01","slug":"collage-fotografico-per-il-40o-compleanno","status":"publish","type":"product","link":"https:\/\/positiveprints.com\/it\/prodotto\/collage-fotografico-per-il-40o-compleanno\/","title":{"rendered":"Collage Fotografico per il 40\u00ba Compleanno"},"content":{"rendered":"<h2 class=\"grenB f24 cblue\" style=\"margin-top: 3rem;\">Collage di Foto Personalizzato per i 40 Anni<\/h2>\r\n\r\n<p style=\"margin-top: 1rem;\">Il Collage di Foto per il 40\u00b0 Compleanno \u00e8 un regalo speciale che puoi personalizzare con le tue foto. Un dono unico per chi compie 40 anni! Il collage \u00e8 composto dalle tue foto disposte in modo da formare il numero 40. Puoi scegliere qualsiasi foto tu voglia, una per ogni cifra. Ma non sentirti in obbligo di dover per forza utilizzare il numero 40. Libera la fantasia e utilizza un altro numero, una parola o un simbolo. Potresti raffigurare il nome della persona che compie gli anni, l\u2019anno in cui \u00e8 nata o addirittura parole come \u201cTi voglio bene\u201d o \u201cauguri\u201d.<\/p>\r\n\r\n<h2 class=\"grenB f24 cblue\" style=\"margin-top: 3rem;\">Come Creare un Collage Originale<\/h2>\r\n<p style=\"margin-top: 1rem;\">Per creare un Collage di Foto per il 40\u00b0 Compleanno, basta visitare il nostro sito web. Cerca il nostro editor online e comincia inserendo un numero o una parola. Hai anche la possibilit\u00e0 di selezionare il colore delle cifre o il contorno delle lettere. Puoi persino aggiungere un messaggio personale subito sotto il collage.<\/p>\r\n\r\n<p style=\"margin-top: 1rem;\">Per questo collage fotografico personalizzabile sono disponibili diversi formati. Puoi scegliere di farlo stampare come un poster o incorniciarlo come un quadro, oppure, per i pi\u00f9 romantici, c\u2019\u00e8 anche la tela. Se preferisci, c\u2019\u00e8 anche l\u2019opzione digitale da scaricare immediatamente.<\/p>\r\n\r\n<h2 class=\"grenB f24 cblue\" style=\"margin-top: 3rem;\">Lascia il Segno con un Regalo Unico e Personale<\/h2>\r\n<p style=\"margin-top: 1rem;\">Il Collage di Foto per il 40\u00b0 Compleanno \u00e8 un regalo di compleanno speciale, impossibile da trovare in un negozio di articoli regalo. \u00c8 unico e personalizzato appositamente per la persona che compie gli anni. \u00c8 il modo migliore di dimostrare l\u2019importanza che ha questa persona nella tua vita. Invece di comprare qualcosa da uno scaffale, puoi regalare qualcosa di originale, creato appositamente per l\u2019occasione. \u00c8 un dono che guarderanno e ricorderanno a lungo. Perci\u00f2, festeggia i loro 40 anni con un regalo personalizzato unico nel suo genere e rendi il loro compleanno, una giornata ancora pi\u00f9 speciale.<\/p>","protected":false},"excerpt":{"rendered":"<ul class=\"check-list\">\n<li>Aggiungi un testo personalizzato<\/li>\n<li>Personalizzala in 3 semplici passaggi<\/li>\n<li>Scegli un template o dai sfogo alla fantasia<\/li>\n<li>Guarda subito il risultato \u2013 l&#8217;anteprima interattiva ti permette di perfezionare ogni dettaglio<\/li>\n<\/ul>\n","protected":false},"featured_media":1268965,"template":"","meta":[],"product_brand":[],"product_cat":[8830,4449,5343,11558,11215,11216],"product_tag":[13136,15085,8466,17435,17299,17355,17369],"class_list":{"0":"post-954510","1":"product","2":"type-product","3":"status-publish","4":"has-post-thumbnail","6":"product_cat-collage-di-foto","7":"product_cat-tutti-i-prodotti","8":"product_cat-regali-di-compleanno","9":"product_cat-compleanno-40-anni","10":"product_cat-regali-di-compleanno-per-lei","11":"product_cat-regali-di-compleanno-per-lui","12":"product_tag-40o-compleanno","13":"product_tag-birthday-de-it","14":"product_tag-birthday-it","15":"product_tag-regali-di-compleanno","16":"product_tag-regalo-di-compleanno","17":"product_tag-regalo-di-compleanno-per-lei","18":"product_tag-regalo-di-compleanno-per-lui","20":"first","21":"instock","22":"sale","23":"taxable","24":"shipping-taxable","25":"purchasable","26":"product-type-variable"},"yoast_head":"<!-- This site is optimized with the Yoast SEO Premium plugin v27.2 (Yoast SEO v27.2) - https:\/\/yoast.com\/product\/yoast-seo-premium-wordpress\/ -->\n<title>Collage Fotografico per il 40\u00ba Compleanno - Positive Prints<\/title>\n<meta name=\"description\" content=\"Il Collage di Foto per il 40\u00b0 Compleanno \u00e8 un regalo che non troverai in negozio. \u00c8 unico e personalizzato appositamente per la persona che compie gli anni.\" \/>\n<meta name=\"robots\" content=\"index, follow, max-snippet:-1, max-image-preview:large, max-video-preview:-1\" \/>\n<link rel=\"canonical\" href=\"https:\/\/positiveprints.com\/it\/prodotto\/collage-fotografico-per-il-40o-compleanno\/\" \/>\n<meta property=\"og:locale\" content=\"it_IT\" \/>\n<meta property=\"og:type\" content=\"article\" \/>\n<meta property=\"og:title\" content=\"Collage Fotografico per il 40\u00ba Compleanno\" \/>\n<meta property=\"og:description\" content=\"Aggiungi un testo personalizzato  Personalizzala in 3 semplici passaggi  Scegli un template o dai sfogo alla fantasia  Guarda subito il risultato \u2013 l&#039;anteprima interattiva ti permette di perfezionare ogni dettaglio\" \/>\n<meta property=\"og:url\" content=\"https:\/\/positiveprints.com\/it\/prodotto\/collage-fotografico-per-il-40o-compleanno\/\" \/>\n<meta property=\"og:site_name\" content=\"Positive Prints\" \/>\n<meta property=\"article:publisher\" content=\"https:\/\/www.facebook.com\/positiveprintscom\" \/>\n<meta property=\"article:modified_time\" content=\"2026-04-12T21:16:01+00:00\" \/>\n<meta property=\"og:image\" content=\"https:\/\/positiveprints.com\/wp-content\/uploads\/2024\/11\/Packshot_IT_40th-Birthday-Photo-Collage-product-image-.webp\" \/>\n\t<meta property=\"og:image:width\" content=\"1450\" \/>\n\t<meta property=\"og:image:height\" content=\"1450\" \/>\n\t<meta property=\"og:image:type\" content=\"image\/webp\" \/>\n<meta name=\"twitter:card\" content=\"summary_large_image\" \/>\n<meta name=\"twitter:label1\" content=\"Tempo di lettura stimato\" \/>\n\t<meta name=\"twitter:data1\" content=\"2 minuti\" \/>\n<!-- \/ Yoast SEO Premium plugin. -->","yoast_head_json":{"title":"Collage Fotografico per il 40\u00ba Compleanno - Positive Prints","description":"Il Collage di Foto per il 40\u00b0 Compleanno \u00e8 un regalo che non troverai in negozio. \u00c8 unico e personalizzato appositamente per la persona che compie gli anni.","robots":{"index":"index","follow":"follow","max-snippet":"max-snippet:-1","max-image-preview":"max-image-preview:large","max-video-preview":"max-video-preview:-1"},"canonical":"https:\/\/positiveprints.com\/it\/prodotto\/collage-fotografico-per-il-40o-compleanno\/","og_locale":"it_IT","og_type":"article","og_title":"Collage Fotografico per il 40\u00ba Compleanno","og_description":"Aggiungi un testo personalizzato  Personalizzala in 3 semplici passaggi  Scegli un template o dai sfogo alla fantasia  Guarda subito il risultato \u2013 l'anteprima interattiva ti permette di perfezionare ogni dettaglio","og_url":"https:\/\/positiveprints.com\/it\/prodotto\/collage-fotografico-per-il-40o-compleanno\/","og_site_name":"Positive Prints","article_publisher":"https:\/\/www.facebook.com\/positiveprintscom","article_modified_time":"2026-04-12T21:16:01+00:00","og_image":[{"width":1450,"height":1450,"url":"https:\/\/positiveprints.com\/wp-content\/uploads\/2024\/11\/Packshot_IT_40th-Birthday-Photo-Collage-product-image-.webp","type":"image\/webp"}],"twitter_card":"summary_large_image","twitter_misc":{"Tempo di lettura stimato":"2 minuti"},"schema":{"@context":"https:\/\/schema.org","@graph":[{"@type":["WebPage","ItemPage"],"@id":"https:\/\/positiveprints.com\/it\/prodotto\/collage-fotografico-per-il-40o-compleanno\/","url":"https:\/\/positiveprints.com\/it\/prodotto\/collage-fotografico-per-il-40o-compleanno\/","name":"Collage Fotografico per il 40\u00ba Compleanno - Positive Prints","isPartOf":{"@id":"https:\/\/positiveprints.com\/it\/#website"},"primaryImageOfPage":{"@id":"https:\/\/positiveprints.com\/it\/prodotto\/collage-fotografico-per-il-40o-compleanno\/#primaryimage"},"image":{"@id":"https:\/\/positiveprints.com\/it\/prodotto\/collage-fotografico-per-il-40o-compleanno\/#primaryimage"},"thumbnailUrl":"https:\/\/positiveprints.com\/wp-content\/uploads\/2024\/11\/Packshot_IT_40th-Birthday-Photo-Collage-product-image-.webp","datePublished":"2023-09-22T08:20:13+00:00","dateModified":"2026-04-12T21:16:01+00:00","description":"Il Collage di Foto per il 40\u00b0 Compleanno \u00e8 un regalo che non troverai in negozio. \u00c8 unico e personalizzato appositamente per la persona che compie gli anni.","breadcrumb":{"@id":"https:\/\/positiveprints.com\/it\/prodotto\/collage-fotografico-per-il-40o-compleanno\/#breadcrumb"},"inLanguage":"it-IT","potentialAction":[{"@type":"ReadAction","target":["https:\/\/positiveprints.com\/it\/prodotto\/collage-fotografico-per-il-40o-compleanno\/"]}]},{"@type":"ImageObject","inLanguage":"it-IT","@id":"https:\/\/positiveprints.com\/it\/prodotto\/collage-fotografico-per-il-40o-compleanno\/#primaryimage","url":"https:\/\/positiveprints.com\/wp-content\/uploads\/2024\/11\/Packshot_IT_40th-Birthday-Photo-Collage-product-image-.webp","contentUrl":"https:\/\/positiveprints.com\/wp-content\/uploads\/2024\/11\/Packshot_IT_40th-Birthday-Photo-Collage-product-image-.webp","width":1450,"height":1450,"caption":"Packshot_IT_40th Birthday Photo Collage product image"},{"@type":"BreadcrumbList","@id":"https:\/\/positiveprints.com\/it\/prodotto\/collage-fotografico-per-il-40o-compleanno\/#breadcrumb","itemListElement":[{"@type":"ListItem","position":1,"name":"Home","item":"https:\/\/positiveprints.com\/it\/"},{"@type":"ListItem","position":2,"name":"Prodotti","item":"https:\/\/positiveprints.com\/it\/shop\/"},{"@type":"ListItem","position":3,"name":"Collage Fotografico per il 40\u00ba Compleanno"}]},{"@type":"WebSite","@id":"https:\/\/positiveprints.com\/it\/#website","url":"https:\/\/positiveprints.com\/it\/","name":"Positive Prints","description":"Amazing Custom Personalized Gifts","publisher":{"@id":"https:\/\/positiveprints.com\/it\/#organization"},"potentialAction":[{"@type":"SearchAction","target":{"@type":"EntryPoint","urlTemplate":"https:\/\/positiveprints.com\/it\/?s={search_term_string}"},"query-input":{"@type":"PropertyValueSpecification","valueRequired":true,"valueName":"search_term_string"}}],"inLanguage":"it-IT"},{"@type":"Organization","@id":"https:\/\/positiveprints.com\/it\/#organization","name":"Positive Prints","alternateName":"Positive Prints","url":"https:\/\/positiveprints.com\/it\/","logo":{"@type":"ImageObject","inLanguage":"it-IT","@id":"https:\/\/positiveprints.com\/it\/#\/schema\/logo\/image\/","url":"https:\/\/positiveprints.com\/wp-content\/uploads\/2026\/03\/245815646_1337939713319158_5671353136411139666_n.png","contentUrl":"https:\/\/positiveprints.com\/wp-content\/uploads\/2026\/03\/245815646_1337939713319158_5671353136411139666_n.png","width":800,"height":800,"caption":"Positive Prints"},"image":{"@id":"https:\/\/positiveprints.com\/it\/#\/schema\/logo\/image\/"},"sameAs":["https:\/\/www.facebook.com\/positiveprintscom","https:\/\/www.instagram.com\/positiveprintscom\/","https:\/\/www.tiktok.com\/@positiveprintscom","https:\/\/www.pinterest.com\/positiveprintscom\/"]}]}},"jetpack_sharing_enabled":true,"_links":{"self":[{"href":"https:\/\/positiveprints.com\/it\/wp-json\/wp\/v2\/product\/954510","targetHints":{"allow":["GET"]}}],"collection":[{"href":"https:\/\/positiveprints.com\/it\/wp-json\/wp\/v2\/product"}],"about":[{"href":"https:\/\/positiveprints.com\/it\/wp-json\/wp\/v2\/types\/product"}],"wp:featuredmedia":[{"embeddable":true,"href":"https:\/\/positiveprints.com\/it\/wp-json\/wp\/v2\/media\/1268965"}],"wp:attachment":[{"href":"https:\/\/positiveprints.com\/it\/wp-json\/wp\/v2\/media?parent=954510"}],"wp:term":[{"taxonomy":"product_brand","embeddable":true,"href":"https:\/\/positiveprints.com\/it\/wp-json\/wp\/v2\/product_brand?post=954510"},{"taxonomy":"product_cat","embeddable":true,"href":"https:\/\/positiveprints.com\/it\/wp-json\/wp\/v2\/product_cat?post=954510"},{"taxonomy":"product_tag","embeddable":true,"href":"https:\/\/positiveprints.com\/it\/wp-json\/wp\/v2\/product_tag?post=954510"}],"curies":[{"name":"wp","href":"https:\/\/api.w.org\/{rel}","templated":true}]}}