{"id":954506,"date":"2023-05-29T09:58:20","date_gmt":"2023-05-29T08:58:20","guid":{"rendered":"https:\/\/positiveprints.com\/?post_type=product&#038;p=954506"},"modified":"2026-04-12T22:17:15","modified_gmt":"2026-04-12T21:17:15","slug":"collage-fotografico-con-lanno-di-nascita","status":"publish","type":"product","link":"https:\/\/positiveprints.com\/it\/prodotto\/collage-fotografico-con-lanno-di-nascita\/","title":{"rendered":"Collage Fotografico con l&#8217;anno di Nascita"},"content":{"rendered":"<h2 class=\"grenB f24 cblue\" style=\"margin-top: 3rem;\">Collage Fotografico con l\u2019anno di Nascita: Un Regalo Personalizzato Speciale<\/h2>\r\n\r\n<p style=\"margin-top: 1rem;\">Il Collage Fotografico con l\u2019anno di Nascita \u00e8 un regalo speciale e unico nel suo genere, ideale per festeggiare il compleanno di una persona a cui vuoi bene. Questo regalo straordinario \u00e8 una stampa o una tela personalizzata progettata appositamente per la persona che compie gli anni. Infatti, puoi comporre un collage utilizzando le tue foto in modo da formare un numero che corrisponde all&#8217;anno di nascita dei festeggiati. Non \u00e8 fantastico?<\/p>\r\n\r\n<h2 class=\"grenB f24 cblue\" style=\"margin-top: 3rem;\">Come Creare il tuo Collage Fotografico con l\u2019anno di Nascita<\/h2>\r\n\r\n<p style=\"margin-top: 1rem;\">Creare il tuo Collage Fotografico con l\u2019anno di Nascita \u00e8 pi\u00f9 facile che mai. Tutto quello che devi fare \u00e8 utilizzare il nostro editor online. Prima di tutto, inserisci l\u2019anno di nascita della persona a cui vuoi regalarlo. Poi, puoi scegliere il colore dei bordi delle cifre cos\u00ec da farle risaltare ancora di pi\u00f9. \u00c8 come se stessi scegliendo la cornice perfetta per una foto rarissima.<\/p>\r\n\r\n<p style=\"margin-top: 1rem;\">Dopo aver inserito l\u2019anno e il colore per i bordi, comincia la parte pi\u00f9 divertente: seleziona una foto per ciascuna cifra del collage. Scorri tra gli innumerevoli ricordi del passato e scegli un\u2019immagine per ogni numero dell\u2019anno.<\/p>\r\n\r\n<p style=\"margin-top: 1rem;\">Per rendere il collage davvero personale, puoi anche inserire un piccolo testo o un messaggio personalizzato subito sotto le foto. Questa \u00e8 la tua occasione per esprimere i tuoi sentimenti, condividere una battuta tra amici o, semplicemente, augurare il meglio per un felice compleanno. \u00c8 un po\u2019 come aggiungere una firma a un\u2019opera d\u2019arte.<\/p>\r\n\r\n<h2 class=\"grenB f24 cblue\" style=\"margin-top: 3rem;\">Scegli il Formato Migliore per un Regalo Perfetto<\/h2>\r\n\r\n<p style=\"margin-top: 1rem;\">Il Collage Fotografico con l\u2019anno di Nascita pu\u00f2 essere ordinato in formati e dimensioni diverse. Puoi scegliere tra una stampa semplice o un poster incorniciato. E per i pi\u00f9 romantici \u00e8 disponibile anche la stampa su tela. Se cerchi un regalo dell\u2019ultimo minuto, puoi richiedere il file digitale da scaricare in pochi secondi. La scelta \u00e8 solo tua!<\/p>\r\n\r\n<h2 class=\"grenB f24 cblue\" style=\"margin-top: 3rem;\">Un Regalo che si Distingue da Tutti gli Altri<\/h2>\r\n\r\n<p style=\"margin-top: 1rem;\">Questo regalo straordinario si distingue da qualsiasi altro dono che puoi acquistare in un negozio qualsiasi, con la certezza che non sar\u00e0 dimenticato facilmente. \u00c8 un regalo veramente unico e personale. Il Collage Fotografico con l\u2019anno di Nascita celebra il compleanno di una persona importante e mette in mostra i suoi ricordi pi\u00f9 preziosi. \u00c8 un regalo che verr\u00e0 custodito per sempre, come uno scrigno ricco dei momenti pi\u00f9 felici della vita.<\/p>","protected":false},"excerpt":{"rendered":"<ul class=\"check-list\">\n<li>Scegli le vostre foto pi\u00f9 belle per creare un poster davvero unico<\/li>\n<li>Aggiungi un messaggio personale per renderlo ancora pi\u00f9 significativo<\/li>\n<li>Crea il tuo poster in 3 semplici passaggi con il nostro editor intuitivo<\/li>\n<li>Guarda subito il risultato:  l&#8217;anteprima interattiva ti permette di perfezionare ogni dettaglio<\/li>\n<\/ul>\n","protected":false},"featured_media":1679415,"template":"","meta":[],"product_brand":[],"product_cat":[8830,5343,7688,8008,7656,7768,11215,11216,4449],"product_tag":[15085,17435,17299,17355,17369],"class_list":{"0":"post-954506","1":"product","2":"type-product","3":"status-publish","4":"has-post-thumbnail","6":"product_cat-collage-di-foto","7":"product_cat-regali-di-compleanno","8":"product_cat-regali-da-donna","9":"product_cat-regali-da-uomo","10":"product_cat-regali-per-un-figlio","11":"product_cat-regali-per-una-figlia","12":"product_cat-regali-di-compleanno-per-lei","13":"product_cat-regali-di-compleanno-per-lui","14":"product_cat-tutti-i-prodotti","15":"product_tag-birthday-de-it","16":"product_tag-regali-di-compleanno","17":"product_tag-regalo-di-compleanno","18":"product_tag-regalo-di-compleanno-per-lei","19":"product_tag-regalo-di-compleanno-per-lui","21":"first","22":"instock","23":"sale","24":"taxable","25":"shipping-taxable","26":"purchasable","27":"product-type-variable"},"yoast_head":"<!-- This site is optimized with the Yoast SEO Premium plugin v27.2 (Yoast SEO v27.2) - https:\/\/yoast.com\/product\/yoast-seo-premium-wordpress\/ -->\n<title>Collage Fotografico con l\u2019anno di Nascita - Positive Prints<\/title>\n<meta name=\"description\" content=\"Cerchi un regalo di compleanno unico? Crea un collage di foto personalizzato partendo dall\u2019anno di nascita e riempilo di ricordi speciali e grande commozione: un ricordo da custodire per sempre.\" \/>\n<meta name=\"robots\" content=\"index, follow, max-snippet:-1, max-image-preview:large, max-video-preview:-1\" \/>\n<link rel=\"canonical\" href=\"https:\/\/positiveprints.com\/it\/prodotto\/collage-fotografico-con-lanno-di-nascita\/\" \/>\n<meta property=\"og:locale\" content=\"it_IT\" \/>\n<meta property=\"og:type\" content=\"article\" \/>\n<meta property=\"og:title\" content=\"Collage Fotografico con l&#039;anno di Nascita\" \/>\n<meta property=\"og:description\" content=\"Scegli le vostre foto pi\u00f9 belle per creare un poster davvero unico  Aggiungi un messaggio personale per renderlo ancora pi\u00f9 significativo  Crea il tuo poster in 3 semplici passaggi con il nostro editor intuitivo  Guarda subito il risultato: l&#039;anteprima interattiva ti permette di perfezionare ogni dettaglio\" \/>\n<meta property=\"og:url\" content=\"https:\/\/positiveprints.com\/it\/prodotto\/collage-fotografico-con-lanno-di-nascita\/\" \/>\n<meta property=\"og:site_name\" content=\"Positive Prints\" \/>\n<meta property=\"article:publisher\" content=\"https:\/\/www.facebook.com\/positiveprintscom\" \/>\n<meta property=\"article:modified_time\" content=\"2026-04-12T21:17:15+00:00\" \/>\n<meta property=\"og:image\" content=\"https:\/\/positiveprints.com\/wp-content\/uploads\/2025\/06\/Packshot_IT_Collage-Fotografico-con-lanno-di-Nascita.webp\" \/>\n\t<meta property=\"og:image:width\" content=\"1450\" \/>\n\t<meta property=\"og:image:height\" content=\"1450\" \/>\n\t<meta property=\"og:image:type\" content=\"image\/webp\" \/>\n<meta name=\"twitter:card\" content=\"summary_large_image\" \/>\n<meta name=\"twitter:label1\" content=\"Tempo di lettura stimato\" \/>\n\t<meta name=\"twitter:data1\" content=\"2 minuti\" \/>\n<!-- \/ Yoast SEO Premium plugin. -->","yoast_head_json":{"title":"Collage Fotografico con l\u2019anno di Nascita - Positive Prints","description":"Cerchi un regalo di compleanno unico? Crea un collage di foto personalizzato partendo dall\u2019anno di nascita e riempilo di ricordi speciali e grande commozione: un ricordo da custodire per sempre.","robots":{"index":"index","follow":"follow","max-snippet":"max-snippet:-1","max-image-preview":"max-image-preview:large","max-video-preview":"max-video-preview:-1"},"canonical":"https:\/\/positiveprints.com\/it\/prodotto\/collage-fotografico-con-lanno-di-nascita\/","og_locale":"it_IT","og_type":"article","og_title":"Collage Fotografico con l'anno di Nascita","og_description":"Scegli le vostre foto pi\u00f9 belle per creare un poster davvero unico  Aggiungi un messaggio personale per renderlo ancora pi\u00f9 significativo  Crea il tuo poster in 3 semplici passaggi con il nostro editor intuitivo  Guarda subito il risultato: l'anteprima interattiva ti permette di perfezionare ogni dettaglio","og_url":"https:\/\/positiveprints.com\/it\/prodotto\/collage-fotografico-con-lanno-di-nascita\/","og_site_name":"Positive Prints","article_publisher":"https:\/\/www.facebook.com\/positiveprintscom","article_modified_time":"2026-04-12T21:17:15+00:00","og_image":[{"width":1450,"height":1450,"url":"https:\/\/positiveprints.com\/wp-content\/uploads\/2025\/06\/Packshot_IT_Collage-Fotografico-con-lanno-di-Nascita.webp","type":"image\/webp"}],"twitter_card":"summary_large_image","twitter_misc":{"Tempo di lettura stimato":"2 minuti"},"schema":{"@context":"https:\/\/schema.org","@graph":[{"@type":["WebPage","ItemPage"],"@id":"https:\/\/positiveprints.com\/it\/prodotto\/collage-fotografico-con-lanno-di-nascita\/","url":"https:\/\/positiveprints.com\/it\/prodotto\/collage-fotografico-con-lanno-di-nascita\/","name":"Collage Fotografico con l\u2019anno di Nascita - Positive Prints","isPartOf":{"@id":"https:\/\/positiveprints.com\/it\/#website"},"primaryImageOfPage":{"@id":"https:\/\/positiveprints.com\/it\/prodotto\/collage-fotografico-con-lanno-di-nascita\/#primaryimage"},"image":{"@id":"https:\/\/positiveprints.com\/it\/prodotto\/collage-fotografico-con-lanno-di-nascita\/#primaryimage"},"thumbnailUrl":"https:\/\/positiveprints.com\/wp-content\/uploads\/2026\/03\/anno_IT-Packshot.webp","datePublished":"2023-05-29T08:58:20+00:00","dateModified":"2026-04-12T21:17:15+00:00","description":"Cerchi un regalo di compleanno unico? Crea un collage di foto personalizzato partendo dall\u2019anno di nascita e riempilo di ricordi speciali e grande commozione: un ricordo da custodire per sempre.","breadcrumb":{"@id":"https:\/\/positiveprints.com\/it\/prodotto\/collage-fotografico-con-lanno-di-nascita\/#breadcrumb"},"inLanguage":"it-IT","potentialAction":[{"@type":"ReadAction","target":["https:\/\/positiveprints.com\/it\/prodotto\/collage-fotografico-con-lanno-di-nascita\/"]}]},{"@type":"ImageObject","inLanguage":"it-IT","@id":"https:\/\/positiveprints.com\/it\/prodotto\/collage-fotografico-con-lanno-di-nascita\/#primaryimage","url":"https:\/\/positiveprints.com\/wp-content\/uploads\/2026\/03\/anno_IT-Packshot.webp","contentUrl":"https:\/\/positiveprints.com\/wp-content\/uploads\/2026\/03\/anno_IT-Packshot.webp","width":1450,"height":1450},{"@type":"BreadcrumbList","@id":"https:\/\/positiveprints.com\/it\/prodotto\/collage-fotografico-con-lanno-di-nascita\/#breadcrumb","itemListElement":[{"@type":"ListItem","position":1,"name":"Home","item":"https:\/\/positiveprints.com\/it\/"},{"@type":"ListItem","position":2,"name":"Prodotti","item":"https:\/\/positiveprints.com\/it\/shop\/"},{"@type":"ListItem","position":3,"name":"Collage Fotografico con l\u2019anno di Nascita"}]},{"@type":"WebSite","@id":"https:\/\/positiveprints.com\/it\/#website","url":"https:\/\/positiveprints.com\/it\/","name":"Positive Prints","description":"Amazing Custom Personalized Gifts","publisher":{"@id":"https:\/\/positiveprints.com\/it\/#organization"},"potentialAction":[{"@type":"SearchAction","target":{"@type":"EntryPoint","urlTemplate":"https:\/\/positiveprints.com\/it\/?s={search_term_string}"},"query-input":{"@type":"PropertyValueSpecification","valueRequired":true,"valueName":"search_term_string"}}],"inLanguage":"it-IT"},{"@type":"Organization","@id":"https:\/\/positiveprints.com\/it\/#organization","name":"Positive Prints","alternateName":"Positive Prints","url":"https:\/\/positiveprints.com\/it\/","logo":{"@type":"ImageObject","inLanguage":"it-IT","@id":"https:\/\/positiveprints.com\/it\/#\/schema\/logo\/image\/","url":"https:\/\/positiveprints.com\/wp-content\/uploads\/2026\/03\/245815646_1337939713319158_5671353136411139666_n.png","contentUrl":"https:\/\/positiveprints.com\/wp-content\/uploads\/2026\/03\/245815646_1337939713319158_5671353136411139666_n.png","width":800,"height":800,"caption":"Positive Prints"},"image":{"@id":"https:\/\/positiveprints.com\/it\/#\/schema\/logo\/image\/"},"sameAs":["https:\/\/www.facebook.com\/positiveprintscom","https:\/\/www.instagram.com\/positiveprintscom\/","https:\/\/www.tiktok.com\/@positiveprintscom","https:\/\/www.pinterest.com\/positiveprintscom\/"]}]}},"jetpack_sharing_enabled":true,"_links":{"self":[{"href":"https:\/\/positiveprints.com\/it\/wp-json\/wp\/v2\/product\/954506","targetHints":{"allow":["GET"]}}],"collection":[{"href":"https:\/\/positiveprints.com\/it\/wp-json\/wp\/v2\/product"}],"about":[{"href":"https:\/\/positiveprints.com\/it\/wp-json\/wp\/v2\/types\/product"}],"wp:featuredmedia":[{"embeddable":true,"href":"https:\/\/positiveprints.com\/it\/wp-json\/wp\/v2\/media\/1679415"}],"wp:attachment":[{"href":"https:\/\/positiveprints.com\/it\/wp-json\/wp\/v2\/media?parent=954506"}],"wp:term":[{"taxonomy":"product_brand","embeddable":true,"href":"https:\/\/positiveprints.com\/it\/wp-json\/wp\/v2\/product_brand?post=954506"},{"taxonomy":"product_cat","embeddable":true,"href":"https:\/\/positiveprints.com\/it\/wp-json\/wp\/v2\/product_cat?post=954506"},{"taxonomy":"product_tag","embeddable":true,"href":"https:\/\/positiveprints.com\/it\/wp-json\/wp\/v2\/product_tag?post=954506"}],"curies":[{"name":"wp","href":"https:\/\/api.w.org\/{rel}","templated":true}]}}