{"id":954474,"date":"2023-09-22T09:12:31","date_gmt":"2023-09-22T08:12:31","guid":{"rendered":"https:\/\/positiveprints.com\/?post_type=product&#038;p=954474"},"modified":"2026-04-28T14:08:22","modified_gmt":"2026-04-28T13:08:22","slug":"collage-fotografico-di-fidanzamento","status":"publish","type":"product","link":"https:\/\/positiveprints.com\/it\/prodotto\/collage-fotografico-di-fidanzamento\/","title":{"rendered":"Collage Fotografico di Fidanzamento"},"content":{"rendered":"<p style=\"margin-top: 1rem\">Il Collage di Foto di Fidanzamento a Forma di Lettere \u00e8 un regalo originale per le coppie che hanno reso ufficiale la loro unione. Si tratta di una stampa fotografica o di una tela speciale che ruota tutta intorno alla vostra storia d\u2019amore. Con questo collage potrai trasformare le tue foto in una parola che per voi \u00e8 piena di significato. Potrebbe essere la data del vostro fidanzamento o parole come \u201cs\u00ec!\u201d, \u201cfidanzati\u201d o \u201cti amo\u201d. La scelta \u00e8 solo vostra!<\/p>\r\n\r\n<p style=\"margin-top: 1rem\">Creare un Collage di Foto di Fidanzamento a Forma di Lettere \u00e8 facilissimo. Vai sul nostro sito web e utilizza il nostro editor online. Scegli una parola tra quelle suggerite o scrivine una tua. Puoi anche selezionare il colore che preferisci per il bordo delle lettere. Subito dopo puoi cominciare a caricare le tue foto, una per ogni lettera. E non dimenticare che puoi aggiungere un messaggio o un testo personalizzato subito sotto il collage.<\/p>\r\n\r\n<p style=\"margin-top: 1rem\">E la cosa pi\u00f9 bella \u00e8 che puoi scegliere anche come la vuoi, la tua creazione personalizzata. Infatti, tra stampe, poster incorniciati, tele e download digitali istantanei, abbiamo dimensioni e formati diversi tra cui scegliere.<\/p>\r\n\r\n<p style=\"margin-top: 1rem\">Quello che rende cos\u00ec speciale il Collage di Foto di Fidanzamento a Forma di Lettere \u00e8 che si distingue da tutti gli altri regali che puoi comprare in un negozio qualunque. \u00c8 un collage unico e realizzato appositamente per te. \u00c8 un modo di dimostrare il tuo amore e catturare i ricordi per sempre. \u00c8 un regalo unico e personale, proprio come il legame che unisce te e la tua anima gemella.<\/p>\r\n\r\n<p style=\"margin-top: 1rem\">Perci\u00f2, festeggia il tuo fidanzamento con un Collage di Foto di Fidanzamento a Forma di Lettere. \u00c8 un regalo che ruota attorno alla vostra storia d\u2019amore e i preziosi momenti che avete condiviso insieme. \u00c8 una stampa da guardare ogni volta che avrete bisogno di supporto. Libera la tua creativit\u00e0, condividi la tua storia e crea un regalo che verr\u00e0 custodito per sempre.<\/p>","protected":false},"excerpt":{"rendered":"<ul class=\"check-list\">\n<li>Festeggiare l&#8217;indimenticabile momento del vostro fidanzamento esprimendo il vostro amore<\/li>\n<li>Aggiungi un testo personalizzato<\/li>\n<li>Personalizzala in 3 semplici passaggi<\/li>\n<li>Scegli un template o dai sfogo alla fantasia<\/li>\n<li>Guarda subito il risultato \u2013 l&#8217;anteprima interattiva ti permette di perfezionare ogni dettaglio<\/li>\n<\/ul>\n","protected":false},"featured_media":1280277,"template":"","meta":[],"product_brand":[],"product_cat":[7928,8830,5281,4449],"product_tag":[9745],"class_list":{"0":"post-954474","1":"product","2":"type-product","3":"status-publish","4":"has-post-thumbnail","6":"product_cat-regali-per-laddio-al-nubilato","7":"product_cat-collage-di-foto","8":"product_cat-regali-di-fidanzamento","9":"product_cat-tutti-i-prodotti","10":"product_tag-fidanzamento","12":"first","13":"instock","14":"sale","15":"taxable","16":"shipping-taxable","17":"purchasable","18":"product-type-variable"},"yoast_head":"<!-- This site is optimized with the Yoast SEO Premium plugin v27.2 (Yoast SEO v27.2) - https:\/\/yoast.com\/product\/yoast-seo-premium-wordpress\/ -->\n<title>Collage Fotografico di Fidanzamento - Positive Prints<\/title>\n<meta name=\"description\" content=\"Festeggia il tuo fidanzamento con un Collage di Foto di Fidanzamento a Forma di Lettere. \u00c8 un regalo che racchiude i preziosi momenti che avete condiviso insieme.\" \/>\n<meta name=\"robots\" content=\"index, follow, max-snippet:-1, max-image-preview:large, max-video-preview:-1\" \/>\n<link rel=\"canonical\" href=\"https:\/\/positiveprints.com\/it\/prodotto\/collage-fotografico-di-fidanzamento\/\" \/>\n<meta property=\"og:locale\" content=\"it_IT\" \/>\n<meta property=\"og:type\" content=\"article\" \/>\n<meta property=\"og:title\" content=\"Collage Fotografico di Fidanzamento\" \/>\n<meta property=\"og:description\" content=\"Festeggiare l&#039;indimenticabile momento del vostro fidanzamento esprimendo il vostro amore Aggiungi un testo personalizzato Personalizzala in 3 semplici passaggi Scegli un template o dai sfogo alla fantasia Guarda subito il risultato \u2013 l&#039;anteprima interattiva ti permette di perfezionare ogni dettaglio\" \/>\n<meta property=\"og:url\" content=\"https:\/\/positiveprints.com\/it\/prodotto\/collage-fotografico-di-fidanzamento\/\" \/>\n<meta property=\"og:site_name\" content=\"Positive Prints\" \/>\n<meta property=\"article:publisher\" content=\"https:\/\/www.facebook.com\/positiveprintscom\" \/>\n<meta property=\"article:modified_time\" content=\"2026-04-28T13:08:22+00:00\" \/>\n<meta property=\"og:image\" content=\"https:\/\/positiveprints.com\/wp-content\/uploads\/2024\/11\/Packshot_IT_Engagement-Letter-Photo-Collage-product-image.webp\" \/>\n\t<meta property=\"og:image:width\" content=\"1450\" \/>\n\t<meta property=\"og:image:height\" content=\"1450\" \/>\n\t<meta property=\"og:image:type\" content=\"image\/webp\" \/>\n<meta name=\"twitter:card\" content=\"summary_large_image\" \/>\n<!-- \/ Yoast SEO Premium plugin. -->","yoast_head_json":{"title":"Collage Fotografico di Fidanzamento - Positive Prints","description":"Festeggia il tuo fidanzamento con un Collage di Foto di Fidanzamento a Forma di Lettere. \u00c8 un regalo che racchiude i preziosi momenti che avete condiviso insieme.","robots":{"index":"index","follow":"follow","max-snippet":"max-snippet:-1","max-image-preview":"max-image-preview:large","max-video-preview":"max-video-preview:-1"},"canonical":"https:\/\/positiveprints.com\/it\/prodotto\/collage-fotografico-di-fidanzamento\/","og_locale":"it_IT","og_type":"article","og_title":"Collage Fotografico di Fidanzamento","og_description":"Festeggiare l'indimenticabile momento del vostro fidanzamento esprimendo il vostro amore Aggiungi un testo personalizzato Personalizzala in 3 semplici passaggi Scegli un template o dai sfogo alla fantasia Guarda subito il risultato \u2013 l'anteprima interattiva ti permette di perfezionare ogni dettaglio","og_url":"https:\/\/positiveprints.com\/it\/prodotto\/collage-fotografico-di-fidanzamento\/","og_site_name":"Positive Prints","article_publisher":"https:\/\/www.facebook.com\/positiveprintscom","article_modified_time":"2026-04-28T13:08:22+00:00","og_image":[{"width":1450,"height":1450,"url":"https:\/\/positiveprints.com\/wp-content\/uploads\/2024\/11\/Packshot_IT_Engagement-Letter-Photo-Collage-product-image.webp","type":"image\/webp"}],"twitter_card":"summary_large_image","schema":{"@context":"https:\/\/schema.org","@graph":[{"@type":["WebPage","ItemPage"],"@id":"https:\/\/positiveprints.com\/it\/prodotto\/collage-fotografico-di-fidanzamento\/","url":"https:\/\/positiveprints.com\/it\/prodotto\/collage-fotografico-di-fidanzamento\/","name":"Collage Fotografico di Fidanzamento - Positive Prints","isPartOf":{"@id":"https:\/\/positiveprints.com\/it\/#website"},"primaryImageOfPage":{"@id":"https:\/\/positiveprints.com\/it\/prodotto\/collage-fotografico-di-fidanzamento\/#primaryimage"},"image":{"@id":"https:\/\/positiveprints.com\/it\/prodotto\/collage-fotografico-di-fidanzamento\/#primaryimage"},"thumbnailUrl":"https:\/\/positiveprints.com\/wp-content\/uploads\/2024\/11\/Packshot_IT_Engagement-Letter-Photo-Collage-product-image.webp","datePublished":"2023-09-22T08:12:31+00:00","dateModified":"2026-04-28T13:08:22+00:00","description":"Festeggia il tuo fidanzamento con un Collage di Foto di Fidanzamento a Forma di Lettere. \u00c8 un regalo che racchiude i preziosi momenti che avete condiviso insieme.","breadcrumb":{"@id":"https:\/\/positiveprints.com\/it\/prodotto\/collage-fotografico-di-fidanzamento\/#breadcrumb"},"inLanguage":"it-IT","potentialAction":[{"@type":"ReadAction","target":["https:\/\/positiveprints.com\/it\/prodotto\/collage-fotografico-di-fidanzamento\/"]}]},{"@type":"ImageObject","inLanguage":"it-IT","@id":"https:\/\/positiveprints.com\/it\/prodotto\/collage-fotografico-di-fidanzamento\/#primaryimage","url":"https:\/\/positiveprints.com\/wp-content\/uploads\/2024\/11\/Packshot_IT_Engagement-Letter-Photo-Collage-product-image.webp","contentUrl":"https:\/\/positiveprints.com\/wp-content\/uploads\/2024\/11\/Packshot_IT_Engagement-Letter-Photo-Collage-product-image.webp","width":1450,"height":1450},{"@type":"BreadcrumbList","@id":"https:\/\/positiveprints.com\/it\/prodotto\/collage-fotografico-di-fidanzamento\/#breadcrumb","itemListElement":[{"@type":"ListItem","position":1,"name":"Home","item":"https:\/\/positiveprints.com\/it\/"},{"@type":"ListItem","position":2,"name":"Prodotti","item":"https:\/\/positiveprints.com\/it\/shop\/"},{"@type":"ListItem","position":3,"name":"Collage Fotografico di Fidanzamento"}]},{"@type":"WebSite","@id":"https:\/\/positiveprints.com\/it\/#website","url":"https:\/\/positiveprints.com\/it\/","name":"Positive Prints","description":"Amazing Custom Personalized Gifts","publisher":{"@id":"https:\/\/positiveprints.com\/it\/#organization"},"potentialAction":[{"@type":"SearchAction","target":{"@type":"EntryPoint","urlTemplate":"https:\/\/positiveprints.com\/it\/?s={search_term_string}"},"query-input":{"@type":"PropertyValueSpecification","valueRequired":true,"valueName":"search_term_string"}}],"inLanguage":"it-IT"},{"@type":"Organization","@id":"https:\/\/positiveprints.com\/it\/#organization","name":"Positive Prints","alternateName":"Positive Prints","url":"https:\/\/positiveprints.com\/it\/","logo":{"@type":"ImageObject","inLanguage":"it-IT","@id":"https:\/\/positiveprints.com\/it\/#\/schema\/logo\/image\/","url":"https:\/\/positiveprints.com\/wp-content\/uploads\/2026\/03\/245815646_1337939713319158_5671353136411139666_n.png","contentUrl":"https:\/\/positiveprints.com\/wp-content\/uploads\/2026\/03\/245815646_1337939713319158_5671353136411139666_n.png","width":800,"height":800,"caption":"Positive Prints"},"image":{"@id":"https:\/\/positiveprints.com\/it\/#\/schema\/logo\/image\/"},"sameAs":["https:\/\/www.facebook.com\/positiveprintscom","https:\/\/www.instagram.com\/positiveprintscom\/","https:\/\/www.tiktok.com\/@positiveprintscom","https:\/\/www.pinterest.com\/positiveprintscom\/"]}]}},"jetpack_sharing_enabled":true,"_links":{"self":[{"href":"https:\/\/positiveprints.com\/it\/wp-json\/wp\/v2\/product\/954474","targetHints":{"allow":["GET"]}}],"collection":[{"href":"https:\/\/positiveprints.com\/it\/wp-json\/wp\/v2\/product"}],"about":[{"href":"https:\/\/positiveprints.com\/it\/wp-json\/wp\/v2\/types\/product"}],"wp:featuredmedia":[{"embeddable":true,"href":"https:\/\/positiveprints.com\/it\/wp-json\/wp\/v2\/media\/1280277"}],"wp:attachment":[{"href":"https:\/\/positiveprints.com\/it\/wp-json\/wp\/v2\/media?parent=954474"}],"wp:term":[{"taxonomy":"product_brand","embeddable":true,"href":"https:\/\/positiveprints.com\/it\/wp-json\/wp\/v2\/product_brand?post=954474"},{"taxonomy":"product_cat","embeddable":true,"href":"https:\/\/positiveprints.com\/it\/wp-json\/wp\/v2\/product_cat?post=954474"},{"taxonomy":"product_tag","embeddable":true,"href":"https:\/\/positiveprints.com\/it\/wp-json\/wp\/v2\/product_tag?post=954474"}],"curies":[{"name":"wp","href":"https:\/\/api.w.org\/{rel}","templated":true}]}}