{"id":954200,"date":"2023-05-24T11:19:29","date_gmt":"2023-05-24T10:19:29","guid":{"rendered":"https:\/\/positiveprints.com\/?post_type=product&#038;p=954200"},"modified":"2026-04-12T22:17:26","modified_gmt":"2026-04-12T21:17:26","slug":"collage-fotografico-di-matrimonio","status":"publish","type":"product","link":"https:\/\/positiveprints.com\/it\/prodotto\/collage-fotografico-di-matrimonio\/","title":{"rendered":"Mr &#038; Mrs &#8211; Foto collage"},"content":{"rendered":"<p style=\"margin-top: 1rem;\">Il Collage di Foto di Matrimonio a Forma di Lettere \u00e8 una stampa straordinaria progettata appositamente per festeggiare le nozze. A renderla il regalo di matrimonio perfetto \u00e8 la possibilit\u00e0 di creare una stampa o una tela completamente personalizzabile. Questo collage, unico nel suo genere, ti permette di trasformare le tue foto pi\u00f9 belle in una parola o un simbolo. Le opzioni sono infinite: dalla data del matrimonio alle parole come \u201cti amo\u201d, \u201cs\u00ec!\u201d, \u201cmr&amp;mrs\u201d, o \u201cinsieme\u201d. Il Collage di Foto di Matrimonio a Forma di Lettere \u00e8 la tua occasione per esprimere creativit\u00e0 e catturare l\u2019essenza di un giorno cos\u00ec speciale.<\/p>\r\n<p style=\"margin-top: 1rem;\">Grazie al nostro editor online, creare il tuo Collage di Foto di Matrimonio a Forma di Lettere \u00e8 un gioco da ragazzi. Inizia selezionando una parola tra quelle disponibili o inseriscine una a tua scelta. Aggiungi un colore per i bordi delle lettere per far diventare il collage davvero tuo. Fatto? Adesso puoi cominciare a caricare una foto per ogni lettera. Questo \u00e8 il momento in cui dovrai selezionare i tuoi ricordi pi\u00f9 preziosi. Per un tocco ancora pi\u00f9 personale, puoi anche includere un testo o un messaggio che andr\u00e0 subito sotto il collage.<\/p>\r\n<p style=\"margin-top: 1rem;\">Per assecondare le tue necessit\u00e0, il Collage di Foto di Matrimonio a Forma di Lettere \u00e8 disponibile in vari formati e misure. Puoi ordinare una stampa semplice, un poster incorniciato, una tela o richiedere il download digitale cos\u00ec da poterlo stampare tutte le volte che vuoi. Qualunque opzione sceglierai, possiamo garantirti che la tua opera d\u2019arte si distinguer\u00e0 per il valore affettivo che racchiude.<\/p>\r\n<p style=\"margin-top: 1rem;\">A differenza di un regalo che puoi comprare in un negozio qualsiasi, il Collage di Foto di Matrimonio a Forma di Lettere \u00e8 unico nel suo genere. A renderlo un regalo cos\u00ec speciale \u00e8 il fatto di riuscire a racchiudere la vera essenza di una coppia e il giorno pi\u00f9 importante delle loro vite.<\/p>\r\n<p style=\"margin-top: 1rem;\">Questo collage \u00e8 la testimonianza del legame che unisce i due sposini e siamo sicuri che porter\u00e0 gioia e felicit\u00e0 per sempre. Sorprendi una coppia di amici con un Collage di Foto di Matrimonio a Forma di Lettere e trasforma le loro nozze in un giorno ancora pi\u00f9 bello.<\/p>","protected":false},"excerpt":{"rendered":"<ul class=\"check-list\">\n<li>Scegli le vostre foto pi\u00f9 belle per creare un poster davvero unico<\/li>\n<li>Aggiungi un messaggio personale per renderlo ancora pi\u00f9 significativo<\/li>\n<li>Crea il tuo poster in 3 semplici passaggi con il nostro editor intuitivo<\/li>\n<li>Guarda subito il risultato: l&#8217;anteprima interattiva ti permette di perfezionare ogni dettaglio<\/li>\n<\/ul>\n","protected":false},"featured_media":1672568,"template":"","meta":[],"product_brand":[],"product_cat":[8830,9763,4449,5311,7928,7641,7752],"product_tag":[14903,16309,16308,16522,15076],"class_list":{"0":"post-954200","1":"product","2":"type-product","3":"status-publish","4":"has-post-thumbnail","6":"product_cat-collage-di-foto","7":"product_cat-trending-label-it","8":"product_cat-tutti-i-prodotti","9":"product_cat-regali-di-matrimonio","10":"product_cat-regali-per-laddio-al-nubilato","11":"product_cat-regali-per-il-marito","12":"product_cat-regali-per-la-moglie","13":"product_tag-couple-gift-it","14":"product_tag-regali-di-matrimonio","15":"product_tag-regalo-di-matrimonio","16":"product_tag-regalo-per-neosposi","17":"product_tag-wedding-it-2","19":"first","20":"instock","21":"sale","22":"taxable","23":"shipping-taxable","24":"purchasable","25":"product-type-variable"},"yoast_head":"<!-- This site is optimized with the Yoast SEO Premium plugin v27.2 (Yoast SEO v27.2) - https:\/\/yoast.com\/product\/yoast-seo-premium-wordpress\/ -->\n<title>Mr &amp; Mrs - Foto collage - Positive Prints<\/title>\n<meta name=\"description\" content=\"Un regalo di nozze senza tempo! Personalizza il collage fotografico con la scritta \u201cSig. &amp; Sig.ra\u201d usando le immagini dei momenti che preferisci per creare un ricordo speciale.\" \/>\n<meta name=\"robots\" content=\"index, follow, max-snippet:-1, max-image-preview:large, max-video-preview:-1\" \/>\n<link rel=\"canonical\" href=\"https:\/\/positiveprints.com\/it\/prodotto\/collage-fotografico-di-matrimonio\/\" \/>\n<meta property=\"og:locale\" content=\"it_IT\" \/>\n<meta property=\"og:type\" content=\"article\" \/>\n<meta property=\"og:title\" content=\"Mr &amp; Mrs - Foto collage\" \/>\n<meta property=\"og:description\" content=\"Scegli le vostre foto pi\u00f9 belle per creare un poster davvero unico  Aggiungi un messaggio personale per renderlo ancora pi\u00f9 significativo  Crea il tuo poster in 3 semplici passaggi con il nostro editor intuitivo  Guarda subito il risultato: l&#039;anteprima interattiva ti permette di perfezionare ogni dettaglio\" \/>\n<meta property=\"og:url\" content=\"https:\/\/positiveprints.com\/it\/prodotto\/collage-fotografico-di-matrimonio\/\" \/>\n<meta property=\"og:site_name\" content=\"Positive Prints\" \/>\n<meta property=\"article:publisher\" content=\"https:\/\/www.facebook.com\/positiveprintscom\" \/>\n<meta property=\"article:modified_time\" content=\"2026-04-12T21:17:26+00:00\" \/>\n<meta property=\"og:image\" content=\"https:\/\/positiveprints.com\/wp-content\/uploads\/2025\/04\/Packshot_IT_MRMRS.webp\" \/>\n\t<meta property=\"og:image:width\" content=\"1450\" \/>\n\t<meta property=\"og:image:height\" content=\"1450\" \/>\n\t<meta property=\"og:image:type\" content=\"image\/webp\" \/>\n<meta name=\"twitter:card\" content=\"summary_large_image\" \/>\n<meta name=\"twitter:label1\" content=\"Tempo di lettura stimato\" \/>\n\t<meta name=\"twitter:data1\" content=\"2 minuti\" \/>\n<!-- \/ Yoast SEO Premium plugin. -->","yoast_head_json":{"title":"Mr & Mrs - Foto collage - Positive Prints","description":"Un regalo di nozze senza tempo! Personalizza il collage fotografico con la scritta \u201cSig. & Sig.ra\u201d usando le immagini dei momenti che preferisci per creare un ricordo speciale.","robots":{"index":"index","follow":"follow","max-snippet":"max-snippet:-1","max-image-preview":"max-image-preview:large","max-video-preview":"max-video-preview:-1"},"canonical":"https:\/\/positiveprints.com\/it\/prodotto\/collage-fotografico-di-matrimonio\/","og_locale":"it_IT","og_type":"article","og_title":"Mr & Mrs - Foto collage","og_description":"Scegli le vostre foto pi\u00f9 belle per creare un poster davvero unico  Aggiungi un messaggio personale per renderlo ancora pi\u00f9 significativo  Crea il tuo poster in 3 semplici passaggi con il nostro editor intuitivo  Guarda subito il risultato: l'anteprima interattiva ti permette di perfezionare ogni dettaglio","og_url":"https:\/\/positiveprints.com\/it\/prodotto\/collage-fotografico-di-matrimonio\/","og_site_name":"Positive Prints","article_publisher":"https:\/\/www.facebook.com\/positiveprintscom","article_modified_time":"2026-04-12T21:17:26+00:00","og_image":[{"width":1450,"height":1450,"url":"https:\/\/positiveprints.com\/wp-content\/uploads\/2025\/04\/Packshot_IT_MRMRS.webp","type":"image\/webp"}],"twitter_card":"summary_large_image","twitter_misc":{"Tempo di lettura stimato":"2 minuti"},"schema":{"@context":"https:\/\/schema.org","@graph":[{"@type":["WebPage","ItemPage"],"@id":"https:\/\/positiveprints.com\/it\/prodotto\/collage-fotografico-di-matrimonio\/","url":"https:\/\/positiveprints.com\/it\/prodotto\/collage-fotografico-di-matrimonio\/","name":"Mr & Mrs - Foto collage - Positive Prints","isPartOf":{"@id":"https:\/\/positiveprints.com\/it\/#website"},"primaryImageOfPage":{"@id":"https:\/\/positiveprints.com\/it\/prodotto\/collage-fotografico-di-matrimonio\/#primaryimage"},"image":{"@id":"https:\/\/positiveprints.com\/it\/prodotto\/collage-fotografico-di-matrimonio\/#primaryimage"},"thumbnailUrl":"https:\/\/positiveprints.com\/wp-content\/uploads\/2026\/03\/collage-fotografico-Mr-Mrs-IT.webp","datePublished":"2023-05-24T10:19:29+00:00","dateModified":"2026-04-12T21:17:26+00:00","description":"Un regalo di nozze senza tempo! Personalizza il collage fotografico con la scritta \u201cSig. & Sig.ra\u201d usando le immagini dei momenti che preferisci per creare un ricordo speciale.","breadcrumb":{"@id":"https:\/\/positiveprints.com\/it\/prodotto\/collage-fotografico-di-matrimonio\/#breadcrumb"},"inLanguage":"it-IT","potentialAction":[{"@type":"ReadAction","target":["https:\/\/positiveprints.com\/it\/prodotto\/collage-fotografico-di-matrimonio\/"]}]},{"@type":"ImageObject","inLanguage":"it-IT","@id":"https:\/\/positiveprints.com\/it\/prodotto\/collage-fotografico-di-matrimonio\/#primaryimage","url":"https:\/\/positiveprints.com\/wp-content\/uploads\/2026\/03\/collage-fotografico-Mr-Mrs-IT.webp","contentUrl":"https:\/\/positiveprints.com\/wp-content\/uploads\/2026\/03\/collage-fotografico-Mr-Mrs-IT.webp","width":1450,"height":1450},{"@type":"BreadcrumbList","@id":"https:\/\/positiveprints.com\/it\/prodotto\/collage-fotografico-di-matrimonio\/#breadcrumb","itemListElement":[{"@type":"ListItem","position":1,"name":"Home","item":"https:\/\/positiveprints.com\/it\/"},{"@type":"ListItem","position":2,"name":"Prodotti","item":"https:\/\/positiveprints.com\/it\/shop\/"},{"@type":"ListItem","position":3,"name":"Mr &#038; Mrs &#8211; Foto collage"}]},{"@type":"WebSite","@id":"https:\/\/positiveprints.com\/it\/#website","url":"https:\/\/positiveprints.com\/it\/","name":"Positive Prints","description":"Amazing Custom Personalized Gifts","publisher":{"@id":"https:\/\/positiveprints.com\/it\/#organization"},"potentialAction":[{"@type":"SearchAction","target":{"@type":"EntryPoint","urlTemplate":"https:\/\/positiveprints.com\/it\/?s={search_term_string}"},"query-input":{"@type":"PropertyValueSpecification","valueRequired":true,"valueName":"search_term_string"}}],"inLanguage":"it-IT"},{"@type":"Organization","@id":"https:\/\/positiveprints.com\/it\/#organization","name":"Positive Prints","alternateName":"Positive Prints","url":"https:\/\/positiveprints.com\/it\/","logo":{"@type":"ImageObject","inLanguage":"it-IT","@id":"https:\/\/positiveprints.com\/it\/#\/schema\/logo\/image\/","url":"https:\/\/positiveprints.com\/wp-content\/uploads\/2026\/03\/245815646_1337939713319158_5671353136411139666_n.png","contentUrl":"https:\/\/positiveprints.com\/wp-content\/uploads\/2026\/03\/245815646_1337939713319158_5671353136411139666_n.png","width":800,"height":800,"caption":"Positive Prints"},"image":{"@id":"https:\/\/positiveprints.com\/it\/#\/schema\/logo\/image\/"},"sameAs":["https:\/\/www.facebook.com\/positiveprintscom","https:\/\/www.instagram.com\/positiveprintscom\/","https:\/\/www.tiktok.com\/@positiveprintscom","https:\/\/www.pinterest.com\/positiveprintscom\/"]}]}},"jetpack_sharing_enabled":true,"_links":{"self":[{"href":"https:\/\/positiveprints.com\/it\/wp-json\/wp\/v2\/product\/954200","targetHints":{"allow":["GET"]}}],"collection":[{"href":"https:\/\/positiveprints.com\/it\/wp-json\/wp\/v2\/product"}],"about":[{"href":"https:\/\/positiveprints.com\/it\/wp-json\/wp\/v2\/types\/product"}],"wp:featuredmedia":[{"embeddable":true,"href":"https:\/\/positiveprints.com\/it\/wp-json\/wp\/v2\/media\/1672568"}],"wp:attachment":[{"href":"https:\/\/positiveprints.com\/it\/wp-json\/wp\/v2\/media?parent=954200"}],"wp:term":[{"taxonomy":"product_brand","embeddable":true,"href":"https:\/\/positiveprints.com\/it\/wp-json\/wp\/v2\/product_brand?post=954200"},{"taxonomy":"product_cat","embeddable":true,"href":"https:\/\/positiveprints.com\/it\/wp-json\/wp\/v2\/product_cat?post=954200"},{"taxonomy":"product_tag","embeddable":true,"href":"https:\/\/positiveprints.com\/it\/wp-json\/wp\/v2\/product_tag?post=954200"}],"curies":[{"name":"wp","href":"https:\/\/api.w.org\/{rel}","templated":true}]}}