{"id":954198,"date":"2023-05-24T09:36:42","date_gmt":"2023-05-24T08:36:42","guid":{"rendered":"https:\/\/positiveprints.com\/?post_type=product&#038;p=954198"},"modified":"2026-04-03T03:15:42","modified_gmt":"2026-04-03T02:15:42","slug":"collage-di-foto-a-forma-di-lettere-per-anniversario","status":"publish","type":"product","link":"https:\/\/positiveprints.com\/it\/prodotto\/collage-di-foto-a-forma-di-lettere-per-anniversario\/","title":{"rendered":"Anniversario &#8211; Foto collage"},"content":{"rendered":"<p>Il Collage di Foto dell\u2019Anniversario a Forma di Lettere \u00e8 un regalo straordinario progettato appositamente per il vostro giorno speciale. Scegliendo una stampa o una tela personalizzata puoi aggiungere un pizzico di romanticismo in pi\u00f9 ai festeggiamenti per il vostro anniversario. Grazie a questo collage hai la possibilit\u00e0 di disporre le tue foto in modo da formare una parola o un simbolo come, per esempio, la data del vostro matrimonio o una parola significativa come \u201cinsieme\u201d, \u201cper sempre\u201d o \u201camore\u201d. Le possibilit\u00e0 sono infinite per rendere il tuo collage davvero speciale. Non devi far altro che caricare una foto per ogni lettera che vuoi aggiungere.<\/p>\r\n\r\n<p>Creare un Collage di Foto dell\u2019Anniversario a Forma di Lettere \u00e8 facile e comodo. Vai sulla pagina del nostro editor online e segui i passaggi indicati. Per prima cosa, scegli una parola tra quelle suggerite o scrivine una tua per un tocco personalizzato. Puoi anche selezionare il colore che preferisci per il bordo delle lettere. Fatto? Subito dopo puoi cominciare a caricare le tue foto. Dato che ogni lettera avr\u00e0 la sua foto, hai la possibilit\u00e0 di aggiungere tutti i tuoi migliori ricordi. In pi\u00f9, puoi aggiungere un messaggio o un testo sottostante per rendere il collage ancora pi\u00f9 personale.<\/p>\r\n\r\n<p>Per assecondare le tue necessit\u00e0, il Collage di Foto dell\u2019Anniversario a Forma di Lettere \u00e8 disponibile in vari formati e misure. Puoi ordinare una stampa semplice, un poster incorniciato, una tela o richiedere il download digitale cos\u00ec da poterlo stampare tutte le volte che vuoi. Qualunque opzione sceglierai, possiamo garantirti che la qualit\u00e0 e la longevit\u00e0 dell\u2019articolo saranno sempre eccezionali, cos\u00ec da ottenere un regalo che durer\u00e0 per anni.<\/p>\r\n\r\n<p>Ci\u00f2 che rende il Collage di Foto dell\u2019Anniversario a Forma di Lettere diverso da un regalo comprato in un negozio qualsiasi, \u00e8 la sua unicit\u00e0 e personalit\u00e0. \u00c8 un dono che si distingue e riflette l\u2019impegno che ci hai messo nel trasformarlo in qualcosa di speciale. \u00c8 un simbolo d\u2019amore e un modo sincero per esprimere i tuoi sentimenti.<\/p>\r\n\r\n<p>Sorprendi la tua dolce met\u00e0 con un Collage di Foto dell\u2019Anniversario a Forma di Lettere e trasforma il vostro anniversario in una giornata indimenticabile. Con questo regalo potrai catturare l\u2019essenza della vostra storia d\u2019amore e creare un ricordo indelebile. Scopri il potere della personalizzazione e dimostra alla tua anima gemella quanto sia importante per te. Celebra il vostro anniversario con questo regalo che viene dal cuore. Una dichiarazione d\u2019amore che durer\u00e0 per sempre.<\/p>","protected":false},"excerpt":{"rendered":"<ul class=\"check-list\">\n<li>Scegli le vostre foto pi\u00f9 belle per creare un poster davvero unico<\/li>\n<li>Aggiungi un messaggio personale per renderlo ancora pi\u00f9 significativo<\/li>\n<li>Crea il tuo poster in 3 semplici passaggi con il nostro editor intuitivo<\/li>\n<li>Guarda subito il risultato: l&#8217;anteprima interattiva ti permette di perfezionare ogni dettaglio<\/li>\n<\/ul>\n","protected":false},"featured_media":1672471,"template":"","meta":[],"product_brand":[],"product_cat":[5331,8830,11182,11181,11183,9763,4449],"product_tag":[14889,14905,14894,14902,14903,14904,14886,14898,14906,14683,14897,14910,14890,14907,14911,14887],"class_list":{"0":"post-954198","1":"product","2":"type-product","3":"status-publish","4":"has-post-thumbnail","6":"product_cat-regali-di-anniversario","7":"product_cat-collage-di-foto","8":"product_cat-regali-di-anniversario-per-coppie","9":"product_cat-regali-di-anniversario-per-lei","10":"product_cat-regali-di-anniversario-per-lui","11":"product_cat-trending-label-it","12":"product_cat-tutti-i-prodotti","13":"product_tag-anniversary-it-2","14":"product_tag-anniversary-gift-it","15":"product_tag-anniversary-gifts-it","16":"product_tag-anniversary-present-it","17":"product_tag-couple-gift-it","18":"product_tag-gift-for-couple-it","19":"product_tag-love-it","20":"product_tag-love-gift-it","21":"product_tag-personalized-gift-it","22":"product_tag-regalo-romantico","23":"product_tag-romantic-gifts-it","24":"product_tag-sentimental-gift-it","25":"product_tag-special-occasion-it","26":"product_tag-thoughtful-gift-it","27":"product_tag-unique-gift-it","28":"product_tag-wedding-anniversary-it","30":"first","31":"instock","32":"sale","33":"taxable","34":"shipping-taxable","35":"purchasable","36":"product-type-variable"},"yoast_head":"<!-- This site is optimized with the Yoast SEO Premium plugin v27.2 (Yoast SEO v27.2) - https:\/\/yoast.com\/product\/yoast-seo-premium-wordpress\/ -->\n<title>Anniversario - Foto collage - Positive Prints<\/title>\n<meta name=\"description\" content=\"Festeggia il giorno del tuo amore con un perfetto regalo per l\u2019anniversario! Trasforma un appuntamento in un delizioso collage fotografico pieno di ricordi da custodire per sempre.\" \/>\n<meta name=\"robots\" content=\"index, follow, max-snippet:-1, max-image-preview:large, max-video-preview:-1\" \/>\n<link rel=\"canonical\" href=\"https:\/\/positiveprints.com\/it\/prodotto\/collage-di-foto-a-forma-di-lettere-per-anniversario\/\" \/>\n<meta property=\"og:locale\" content=\"it_IT\" \/>\n<meta property=\"og:type\" content=\"article\" \/>\n<meta property=\"og:title\" content=\"Anniversario - Foto collage\" \/>\n<meta property=\"og:description\" content=\"Scegli le vostre foto pi\u00f9 belle per creare un poster davvero unico  Aggiungi un messaggio personale per renderlo ancora pi\u00f9 significativo  Crea il tuo poster in 3 semplici passaggi con il nostro editor intuitivo  Guarda subito il risultato: l&#039;anteprima interattiva ti permette di perfezionare ogni dettaglio\" \/>\n<meta property=\"og:url\" content=\"https:\/\/positiveprints.com\/it\/prodotto\/collage-di-foto-a-forma-di-lettere-per-anniversario\/\" \/>\n<meta property=\"og:site_name\" content=\"Positive Prints\" \/>\n<meta property=\"article:publisher\" content=\"https:\/\/www.facebook.com\/positiveprintscom\" \/>\n<meta property=\"article:modified_time\" content=\"2026-04-03T02:15:42+00:00\" \/>\n<meta property=\"og:image\" content=\"https:\/\/positiveprints.com\/wp-content\/uploads\/2024\/11\/Packshot_IT_Anniversay-Letter-Photo-Collage-product-image-.webp\" \/>\n\t<meta property=\"og:image:width\" content=\"1450\" \/>\n\t<meta property=\"og:image:height\" content=\"1450\" \/>\n\t<meta property=\"og:image:type\" content=\"image\/webp\" \/>\n<meta name=\"twitter:card\" content=\"summary_large_image\" \/>\n<meta name=\"twitter:label1\" content=\"Tempo di lettura stimato\" \/>\n\t<meta name=\"twitter:data1\" content=\"2 minuti\" \/>\n<!-- \/ Yoast SEO Premium plugin. -->","yoast_head_json":{"title":"Anniversario - Foto collage - Positive Prints","description":"Festeggia il giorno del tuo amore con un perfetto regalo per l\u2019anniversario! Trasforma un appuntamento in un delizioso collage fotografico pieno di ricordi da custodire per sempre.","robots":{"index":"index","follow":"follow","max-snippet":"max-snippet:-1","max-image-preview":"max-image-preview:large","max-video-preview":"max-video-preview:-1"},"canonical":"https:\/\/positiveprints.com\/it\/prodotto\/collage-di-foto-a-forma-di-lettere-per-anniversario\/","og_locale":"it_IT","og_type":"article","og_title":"Anniversario - Foto collage","og_description":"Scegli le vostre foto pi\u00f9 belle per creare un poster davvero unico  Aggiungi un messaggio personale per renderlo ancora pi\u00f9 significativo  Crea il tuo poster in 3 semplici passaggi con il nostro editor intuitivo  Guarda subito il risultato: l'anteprima interattiva ti permette di perfezionare ogni dettaglio","og_url":"https:\/\/positiveprints.com\/it\/prodotto\/collage-di-foto-a-forma-di-lettere-per-anniversario\/","og_site_name":"Positive Prints","article_publisher":"https:\/\/www.facebook.com\/positiveprintscom","article_modified_time":"2026-04-03T02:15:42+00:00","og_image":[{"width":1450,"height":1450,"url":"https:\/\/positiveprints.com\/wp-content\/uploads\/2024\/11\/Packshot_IT_Anniversay-Letter-Photo-Collage-product-image-.webp","type":"image\/webp"}],"twitter_card":"summary_large_image","twitter_misc":{"Tempo di lettura stimato":"2 minuti"},"schema":{"@context":"https:\/\/schema.org","@graph":[{"@type":["WebPage","ItemPage"],"@id":"https:\/\/positiveprints.com\/it\/prodotto\/collage-di-foto-a-forma-di-lettere-per-anniversario\/","url":"https:\/\/positiveprints.com\/it\/prodotto\/collage-di-foto-a-forma-di-lettere-per-anniversario\/","name":"Anniversario - Foto collage - Positive Prints","isPartOf":{"@id":"https:\/\/positiveprints.com\/it\/#website"},"primaryImageOfPage":{"@id":"https:\/\/positiveprints.com\/it\/prodotto\/collage-di-foto-a-forma-di-lettere-per-anniversario\/#primaryimage"},"image":{"@id":"https:\/\/positiveprints.com\/it\/prodotto\/collage-di-foto-a-forma-di-lettere-per-anniversario\/#primaryimage"},"thumbnailUrl":"https:\/\/positiveprints.com\/wp-content\/uploads\/2026\/03\/collage-fotografico-per-anniversario_IT.webp","datePublished":"2023-05-24T08:36:42+00:00","dateModified":"2026-04-03T02:15:42+00:00","description":"Festeggia il giorno del tuo amore con un perfetto regalo per l\u2019anniversario! Trasforma un appuntamento in un delizioso collage fotografico pieno di ricordi da custodire per sempre.","breadcrumb":{"@id":"https:\/\/positiveprints.com\/it\/prodotto\/collage-di-foto-a-forma-di-lettere-per-anniversario\/#breadcrumb"},"inLanguage":"it-IT","potentialAction":[{"@type":"ReadAction","target":["https:\/\/positiveprints.com\/it\/prodotto\/collage-di-foto-a-forma-di-lettere-per-anniversario\/"]}]},{"@type":"ImageObject","inLanguage":"it-IT","@id":"https:\/\/positiveprints.com\/it\/prodotto\/collage-di-foto-a-forma-di-lettere-per-anniversario\/#primaryimage","url":"https:\/\/positiveprints.com\/wp-content\/uploads\/2026\/03\/collage-fotografico-per-anniversario_IT.webp","contentUrl":"https:\/\/positiveprints.com\/wp-content\/uploads\/2026\/03\/collage-fotografico-per-anniversario_IT.webp","width":1450,"height":1450},{"@type":"BreadcrumbList","@id":"https:\/\/positiveprints.com\/it\/prodotto\/collage-di-foto-a-forma-di-lettere-per-anniversario\/#breadcrumb","itemListElement":[{"@type":"ListItem","position":1,"name":"Home","item":"https:\/\/positiveprints.com\/it\/"},{"@type":"ListItem","position":2,"name":"Prodotti","item":"https:\/\/positiveprints.com\/it\/shop\/"},{"@type":"ListItem","position":3,"name":"Anniversario &#8211; Foto collage"}]},{"@type":"WebSite","@id":"https:\/\/positiveprints.com\/it\/#website","url":"https:\/\/positiveprints.com\/it\/","name":"Positive Prints","description":"Amazing Custom Personalized Gifts","publisher":{"@id":"https:\/\/positiveprints.com\/it\/#organization"},"potentialAction":[{"@type":"SearchAction","target":{"@type":"EntryPoint","urlTemplate":"https:\/\/positiveprints.com\/it\/?s={search_term_string}"},"query-input":{"@type":"PropertyValueSpecification","valueRequired":true,"valueName":"search_term_string"}}],"inLanguage":"it-IT"},{"@type":"Organization","@id":"https:\/\/positiveprints.com\/it\/#organization","name":"Positive Prints","alternateName":"Positive Prints","url":"https:\/\/positiveprints.com\/it\/","logo":{"@type":"ImageObject","inLanguage":"it-IT","@id":"https:\/\/positiveprints.com\/it\/#\/schema\/logo\/image\/","url":"https:\/\/positiveprints.com\/wp-content\/uploads\/2026\/03\/245815646_1337939713319158_5671353136411139666_n.png","contentUrl":"https:\/\/positiveprints.com\/wp-content\/uploads\/2026\/03\/245815646_1337939713319158_5671353136411139666_n.png","width":800,"height":800,"caption":"Positive Prints"},"image":{"@id":"https:\/\/positiveprints.com\/it\/#\/schema\/logo\/image\/"},"sameAs":["https:\/\/www.facebook.com\/positiveprintscom","https:\/\/www.instagram.com\/positiveprintscom\/","https:\/\/www.tiktok.com\/@positiveprintscom","https:\/\/www.pinterest.com\/positiveprintscom\/"]}]}},"jetpack_sharing_enabled":true,"_links":{"self":[{"href":"https:\/\/positiveprints.com\/it\/wp-json\/wp\/v2\/product\/954198","targetHints":{"allow":["GET"]}}],"collection":[{"href":"https:\/\/positiveprints.com\/it\/wp-json\/wp\/v2\/product"}],"about":[{"href":"https:\/\/positiveprints.com\/it\/wp-json\/wp\/v2\/types\/product"}],"wp:featuredmedia":[{"embeddable":true,"href":"https:\/\/positiveprints.com\/it\/wp-json\/wp\/v2\/media\/1672471"}],"wp:attachment":[{"href":"https:\/\/positiveprints.com\/it\/wp-json\/wp\/v2\/media?parent=954198"}],"wp:term":[{"taxonomy":"product_brand","embeddable":true,"href":"https:\/\/positiveprints.com\/it\/wp-json\/wp\/v2\/product_brand?post=954198"},{"taxonomy":"product_cat","embeddable":true,"href":"https:\/\/positiveprints.com\/it\/wp-json\/wp\/v2\/product_cat?post=954198"},{"taxonomy":"product_tag","embeddable":true,"href":"https:\/\/positiveprints.com\/it\/wp-json\/wp\/v2\/product_tag?post=954198"}],"curies":[{"name":"wp","href":"https:\/\/api.w.org\/{rel}","templated":true}]}}